{"id":10181,"date":"2025-07-03T09:32:45","date_gmt":"2025-07-03T07:32:45","guid":{"rendered":"https:\/\/koningdrone.be\/product\/dji-mavic-4-pro-dji-rc-2\/"},"modified":"2026-04-29T15:20:20","modified_gmt":"2026-04-29T13:20:20","slug":"dji-mavic-4-pro-including-rc331-smart-controller","status":"publish","type":"product","link":"https:\/\/koningdrone.be\/es\/producto\/dji-mavic-4-pro-including-rc331-smart-controller\/","title":{"rendered":"DJI Mavic 4 Pro - incluye controlador inteligente RC331"},"content":{"rendered":"<h3>DJI Mavic 4 Pro: el nuevo est\u00e1ndar en producci\u00f3n cinematogr\u00e1fica de alta gama<\/h3>\n<p><iframe loading=\"lazy\" title=\"Presentaci\u00f3n del DJI Mavic 4 Pro\" width=\"800\" height=\"450\" src=\"https:\/\/www.youtube.com\/embed\/BNEmDcQr6hk?feature=oembed&#038;enablejsapi=1&#038;origin=https:\/\/koningdrone.be\" frameborder=\"0\" allow=\"accelerometer; autoplay; clipboard-write; encrypted-media; gyroscope; picture-in-picture; web-share\" referrerpolicy=\"strict-origin-when-cross-origin\" allowfullscreen><\/iframe><\/p>\n<p style=\"margin: 20px 0\">En <strong>DJI Mavic 4 Pro con controlador inteligente RC331<\/strong> no es s\u00f3lo una actualizaci\u00f3n; es una redefinici\u00f3n de lo que es posible en el cielo. Por primera vez, este buque insignia combina un sistema de triple c\u00e1mara con un <strong>C\u00e1mara principal Hasselblad de 100 MP<\/strong>, para que cada p\u00edxel est\u00e9 impregnado de color y detalle. Tanto si se trata de rodar un largometraje de alta gama como de realizar complejas inspecciones industriales, el Mavic 4 Pro ofrece una calidad de imagen reservada hasta ahora a los pesados y poco manejables drones de cine. Combinado con el RC331 Smart Controller, ofrece un flujo de trabajo fluido y sin necesidad de smartphone para el profesional exigente que no se conforma con menos que la perfecci\u00f3n.<\/p>\n<p><a href=\"https:\/\/koningdrone.nl\/wp-content\/uploads\/2025\/07\/DJI-Mavic-4-Pro-\u2013-including-RC331-Smart-Controller.jpg\"><img loading=\"lazy\" decoding=\"async\" class=\"size-medium wp-image-472484 aligncenter\" src=\"https:\/\/koningdrone.nl\/wp-content\/uploads\/2025\/07\/DJI-Mavic-4-Pro-\u2013-including-RC331-Smart-Controller-300x300.jpg\" alt=\"DJI Mavic 4 Pro \u2013 including RC331 Smart Controller\" width=\"300\" height=\"300\" \/><\/a><\/p>\n<h4>\u00d3ptica y visi\u00f3n nocturna inigualables<\/h4>\n<p>El sistema de c\u00e1mara del Mavic 4 Pro ofrece una libertad creativa sin precedentes en esta clase:<\/p>\n<ul>\n<li><strong>Sistema Hasselblad de triple c\u00e1mara:<\/strong> En su n\u00facleo se encuentra un sensor CMOS 4\/3\u2033 de 100MP que ofrece impresionantes <strong>V\u00eddeo HDR 6K a 60 fps<\/strong> Est\u00e1 flanqueado por un teleobjetivo medio de 48 megap\u00edxeles (70 mm) y un teleobjetivo de 50 megap\u00edxeles (168 mm), lo que le permite hacer zoom suavemente entre vistas amplias y detalles \u00edntimos sin perder calidad.<\/li>\n<li><strong>Infinity Gimbal con rotaci\u00f3n de 360\u00b0:<\/strong> La revolucionaria arquitectura del card\u00e1n permite una rotaci\u00f3n completa de 360\u00b0. Esto abre la puerta a complejos movimientos de c\u00e1mara al estilo \u201cInception\u201d y tomas verticales sin tener que girar f\u00edsicamente el dron.<\/li>\n<li><strong>1 Lux Paisaje nocturno y LiDAR:<\/strong> Gracias a la avanzada tecnolog\u00eda Nightscape y a los sensores LiDAR omnidireccionales, el dron navega con seguridad en condiciones de oscuridad casi total. La detecci\u00f3n de obst\u00e1culos sigue siendo precisa a solo <strong>0,1 lux<\/strong>, haciendo que las tomas nocturnas sean m\u00e1s seguras que nunca.<\/li>\n<\/ul>\n<h4><a href=\"https:\/\/koningdrone.nl\/wp-content\/uploads\/2025\/07\/Product-DJI-Mavic-4-Pro-\u2013-including-RC331-Smart-Controller.jpg\"><img loading=\"lazy\" decoding=\"async\" class=\"size-medium wp-image-472483 aligncenter\" src=\"https:\/\/koningdrone.nl\/wp-content\/uploads\/2025\/07\/Product-DJI-Mavic-4-Pro-\u2013-including-RC331-Smart-Controller-300x225.jpg\" alt=\"Product DJI Mavic 4 Pro \u2013 including RC331 Smart Controller\" width=\"300\" height=\"225\" \/><\/a><\/h4>\n<h4>Rendimiento y control de vuelo superiores<\/h4>\n<p>El Mavic 4 Pro est\u00e1 dise\u00f1ado para ofrecer resistencia y precisi\u00f3n bajo presi\u00f3n:<\/p>\n<ul>\n<li><strong>Tiempo de vuelo excepcional de 51 minutos:<\/strong> Gracias a la potente bater\u00eda de 95 Wh y a un dise\u00f1o aerodin\u00e1mico optimizado, el dron se mantiene en el aire m\u00e1s tiempo que cualquier predecesor. Con una autonom\u00eda te\u00f3rica de <strong>41 km<\/strong> incluso los lugares m\u00e1s remotos son accesibles.<\/li>\n<li><strong>Controlador inteligente RC331:<\/strong> El mando incluido incorpora una pantalla ultrabrillante que se lee perfectamente incluso con luz solar directa. Se acabaron los l\u00edos de cables y los tel\u00e9fonos sobrecalentados; estar\u00e1 operativo a los pocos segundos de despegar.<\/li>\n<li><strong>ActiveTrack 360\u00b0:<\/strong> El sistema de seguimiento controlado por inteligencia artificial mantiene al sujeto a la vista desde todos los \u00e1ngulos, y el dron calcula de forma aut\u00f3noma complejas trayectorias de vuelo para evitar obst\u00e1culos y mantener una composici\u00f3n perfecta.<\/li>\n<\/ul>\n<h4><a href=\"https:\/\/koningdrone.nl\/wp-content\/uploads\/2025\/07\/DJI-Mavic-4-Pro-Product-\u2013-including-RC331-Smart-Controller.jpg\"><img loading=\"lazy\" decoding=\"async\" class=\"size-medium wp-image-472482 aligncenter\" src=\"https:\/\/koningdrone.nl\/wp-content\/uploads\/2025\/07\/DJI-Mavic-4-Pro-Product-\u2013-including-RC331-Smart-Controller-300x225.jpg\" alt=\"DJI Mavic 4 Pro Product \u2013 including RC331 Smart Controller\" width=\"300\" height=\"225\" \/><\/a><\/h4>\n<h4>Por qu\u00e9 el DJI Mavic 4 Pro es indispensable<\/h4>\n<p>Para cineastas, creadores de contenidos e inspectores, el Mavic 4 Pro es la herramienta definitiva. Elimina la necesidad de elegir entre portabilidad y calidad de imagen. Gracias a la enorme resoluci\u00f3n de su sensor y a la versatilidad de sus tres objetivos, este dron sustituye a toda una bolsa de equipo fotogr\u00e1fico. Con el Mavic 4 Pro, est\u00e1s invirtiendo en una plataforma preparada para el futuro que no solo ampl\u00eda los l\u00edmites de la fotograf\u00eda a\u00e9rea, sino que la lleva a un nivel de perfecci\u00f3n cinematogr\u00e1fica.<\/p>","protected":false},"excerpt":{"rendered":"<ul>\n<li>C\u00e1mara Hasselblad de 100 MP + teleobjetivo doble<\/li>\n<li>V\u00eddeo HDR 6K hasta 60 fps<\/li>\n<li>Hasta 51 minutos de vuelo<\/li>\n<li>Infinity Gimbal con rotaci\u00f3n de 360<\/li>\n<li>Detecci\u00f3n de obst\u00e1culos omnidireccional con visi\u00f3n nocturna<\/li>\n<li>Seguimiento inteligente ActiveTrack 360<\/li>\n<li>Controlador RC331 con pantalla integrada<\/li>\n<\/ul>","protected":false},"featured_media":18786,"template":"","meta":{"_acf_changed":false},"product_brand":[],"product_cat":[136,1415,58],"product_tag":[],"class_list":{"0":"post-10181","1":"product","2":"type-product","3":"status-publish","4":"has-post-thumbnail","6":"product_cat-consumer-drones","7":"product_cat-dji-mavic-4-pro","8":"product_cat-uncategorized","9":"product_shipping_class-outofstock","10":"pa_brand-dji","11":"pa_producttype-drone","12":"pa_series-mavic","14":"first","15":"outofstock","16":"taxable","17":"shipping-taxable","18":"purchasable","19":"product-type-simple"},"acf":[],"yoast_head":"<!-- This site is optimized with the Yoast SEO Premium plugin v27.2 (Yoast SEO v27.2) - https:\/\/yoast.com\/product\/yoast-seo-premium-wordpress\/ -->\n<title>DJI Mavic 4 Pro \u2013 including RC331 Smart Controller - koningdrone.be<\/title>\n<meta name=\"robots\" content=\"index, follow, max-snippet:-1, max-image-preview:large, max-video-preview:-1\" \/>\n<link rel=\"canonical\" href=\"https:\/\/koningdrone.be\/es\/producto\/dji-mavic-4-pro-including-rc331-smart-controller\/\" \/>\n<meta property=\"og:locale\" content=\"es_ES\" \/>\n<meta property=\"og:type\" content=\"article\" \/>\n<meta property=\"og:title\" content=\"DJI Mavic 4 Pro \u2013 including RC331 Smart Controller\" \/>\n<meta property=\"og:description\" content=\"100MP Hasselblad camera + dubbele telelenzen  6K HDR video tot 60 fps  Tot 51 minuten vliegtijd  Infinity Gimbal met 360\u00b0 rotatie  Omnidirectionele obstakeldetectie met night vision  ActiveTrack 360\u00b0 intelligente tracking  RC331 controller met ingebouwd scherm\" \/>\n<meta property=\"og:url\" content=\"https:\/\/koningdrone.be\/es\/producto\/dji-mavic-4-pro-including-rc331-smart-controller\/\" \/>\n<meta property=\"og:site_name\" content=\"koningdrone.be\" \/>\n<meta property=\"article:modified_time\" content=\"2026-04-29T13:20:20+00:00\" \/>\n<meta property=\"og:image\" content=\"https:\/\/koningdrone.be\/wp-content\/uploads\/sites\/13\/2026\/04\/DJI-Mavic-4-Pro-\u2013-including-RC331-Smart-Controller.jpg\" \/>\n\t<meta property=\"og:image:width\" content=\"2560\" \/>\n\t<meta property=\"og:image:height\" content=\"2560\" \/>\n\t<meta property=\"og:image:type\" content=\"image\/jpeg\" \/>\n<meta name=\"twitter:card\" content=\"summary_large_image\" \/>\n<meta name=\"twitter:label1\" content=\"Tiempo de lectura\" \/>\n\t<meta name=\"twitter:data1\" content=\"1 minuto\" \/>\n<script type=\"application\/ld+json\" class=\"yoast-schema-graph\">{\"@context\":\"https:\/\/schema.org\",\"@graph\":[{\"@type\":\"WebPage\",\"@id\":\"https:\/\/koningdrone.be\/product\/dji-mavic-4-pro-including-rc331-smart-controller\/\",\"url\":\"https:\/\/koningdrone.be\/product\/dji-mavic-4-pro-including-rc331-smart-controller\/\",\"name\":\"DJI Mavic 4 Pro \u2013 including RC331 Smart Controller - koningdrone.be\",\"isPartOf\":{\"@id\":\"https:\/\/koningdrone.be\/#website\"},\"primaryImageOfPage\":{\"@id\":\"https:\/\/koningdrone.be\/product\/dji-mavic-4-pro-including-rc331-smart-controller\/#primaryimage\"},\"image\":{\"@id\":\"https:\/\/koningdrone.be\/product\/dji-mavic-4-pro-including-rc331-smart-controller\/#primaryimage\"},\"thumbnailUrl\":\"https:\/\/koningdrone.be\/wp-content\/uploads\/sites\/13\/2026\/04\/DJI-Mavic-4-Pro-\u2013-including-RC331-Smart-Controller.jpg\",\"datePublished\":\"2025-07-03T07:32:45+00:00\",\"dateModified\":\"2026-04-29T13:20:20+00:00\",\"breadcrumb\":{\"@id\":\"https:\/\/koningdrone.be\/product\/dji-mavic-4-pro-including-rc331-smart-controller\/#breadcrumb\"},\"inLanguage\":\"es\",\"potentialAction\":[{\"@type\":\"ReadAction\",\"target\":[\"https:\/\/koningdrone.be\/product\/dji-mavic-4-pro-including-rc331-smart-controller\/\"]}]},{\"@type\":\"ImageObject\",\"inLanguage\":\"es\",\"@id\":\"https:\/\/koningdrone.be\/product\/dji-mavic-4-pro-including-rc331-smart-controller\/#primaryimage\",\"url\":\"https:\/\/koningdrone.be\/wp-content\/uploads\/sites\/13\/2026\/04\/DJI-Mavic-4-Pro-\u2013-including-RC331-Smart-Controller.jpg\",\"contentUrl\":\"https:\/\/koningdrone.be\/wp-content\/uploads\/sites\/13\/2026\/04\/DJI-Mavic-4-Pro-\u2013-including-RC331-Smart-Controller.jpg\",\"width\":2560,\"height\":2560},{\"@type\":\"BreadcrumbList\",\"@id\":\"https:\/\/koningdrone.be\/product\/dji-mavic-4-pro-including-rc331-smart-controller\/#breadcrumb\",\"itemListElement\":[{\"@type\":\"ListItem\",\"position\":1,\"name\":\"Home\",\"item\":\"https:\/\/koningdrone.be\/\"},{\"@type\":\"ListItem\",\"position\":2,\"name\":\"AVSS Parachute Recovery System for DJI Matrice 300\/350\",\"item\":\"https:\/\/koningdrone.be\/product\/avss-parachute-recovery-system-for-dji-matrice-300-350\/\"},{\"@type\":\"ListItem\",\"position\":3,\"name\":\"Consumer drones\",\"item\":\"https:\/\/koningdrone.be\/categorie\/consumer-drones\/\"},{\"@type\":\"ListItem\",\"position\":4,\"name\":\"DJI Mavic 4 Pro \u2013 including RC331 Smart Controller\"}]},{\"@type\":\"WebSite\",\"@id\":\"https:\/\/koningdrone.be\/#website\",\"url\":\"https:\/\/koningdrone.be\/\",\"name\":\"Koningdrone.be - Uw online specialist in drones, gimbals, camera's en power stations.\",\"description\":\"De webshop in drones en gimbals\",\"publisher\":{\"@id\":\"https:\/\/koningdrone.be\/#organization\"},\"potentialAction\":[{\"@type\":\"SearchAction\",\"target\":{\"@type\":\"EntryPoint\",\"urlTemplate\":\"https:\/\/koningdrone.be\/?s={search_term_string}\"},\"query-input\":{\"@type\":\"PropertyValueSpecification\",\"valueRequired\":true,\"valueName\":\"search_term_string\"}}],\"inLanguage\":\"es\"},{\"@type\":\"Organization\",\"@id\":\"https:\/\/koningdrone.be\/#organization\",\"name\":\"Koningdrone.be\",\"url\":\"https:\/\/koningdrone.be\/\",\"logo\":{\"@type\":\"ImageObject\",\"inLanguage\":\"es\",\"@id\":\"https:\/\/koningdrone.be\/#\/schema\/logo\/image\/\",\"url\":\"https:\/\/koningdrone.be\/wp-content\/uploads\/sites\/13\/2025\/04\/koningdrone-copyright-logo.svg\",\"contentUrl\":\"https:\/\/koningdrone.be\/wp-content\/uploads\/sites\/13\/2025\/04\/koningdrone-copyright-logo.svg\",\"width\":227,\"height\":38,\"caption\":\"Koningdrone.be\"},\"image\":{\"@id\":\"https:\/\/koningdrone.be\/#\/schema\/logo\/image\/\"}}]}<\/script>\n<!-- \/ Yoast SEO Premium plugin. -->","yoast_head_json":{"title":"DJI Mavic 4 Pro \u2013 including RC331 Smart Controller - koningdrone.be","robots":{"index":"index","follow":"follow","max-snippet":"max-snippet:-1","max-image-preview":"max-image-preview:large","max-video-preview":"max-video-preview:-1"},"canonical":"https:\/\/koningdrone.be\/es\/producto\/dji-mavic-4-pro-including-rc331-smart-controller\/","og_locale":"es_ES","og_type":"article","og_title":"DJI Mavic 4 Pro \u2013 including RC331 Smart Controller","og_description":"100MP Hasselblad camera + dubbele telelenzen  6K HDR video tot 60 fps  Tot 51 minuten vliegtijd  Infinity Gimbal met 360\u00b0 rotatie  Omnidirectionele obstakeldetectie met night vision  ActiveTrack 360\u00b0 intelligente tracking  RC331 controller met ingebouwd scherm","og_url":"https:\/\/koningdrone.be\/es\/producto\/dji-mavic-4-pro-including-rc331-smart-controller\/","og_site_name":"koningdrone.be","article_modified_time":"2026-04-29T13:20:20+00:00","og_image":[{"width":2560,"height":2560,"url":"https:\/\/koningdrone.be\/wp-content\/uploads\/sites\/13\/2026\/04\/DJI-Mavic-4-Pro-\u2013-including-RC331-Smart-Controller.jpg","type":"image\/jpeg"}],"twitter_card":"summary_large_image","twitter_misc":{"Tiempo de lectura":"1 minuto"},"schema":{"@context":"https:\/\/schema.org","@graph":[{"@type":"WebPage","@id":"https:\/\/koningdrone.be\/product\/dji-mavic-4-pro-including-rc331-smart-controller\/","url":"https:\/\/koningdrone.be\/product\/dji-mavic-4-pro-including-rc331-smart-controller\/","name":"DJI Mavic 4 Pro \u2013 including RC331 Smart Controller - koningdrone.be","isPartOf":{"@id":"https:\/\/koningdrone.be\/#website"},"primaryImageOfPage":{"@id":"https:\/\/koningdrone.be\/product\/dji-mavic-4-pro-including-rc331-smart-controller\/#primaryimage"},"image":{"@id":"https:\/\/koningdrone.be\/product\/dji-mavic-4-pro-including-rc331-smart-controller\/#primaryimage"},"thumbnailUrl":"https:\/\/koningdrone.be\/wp-content\/uploads\/sites\/13\/2026\/04\/DJI-Mavic-4-Pro-\u2013-including-RC331-Smart-Controller.jpg","datePublished":"2025-07-03T07:32:45+00:00","dateModified":"2026-04-29T13:20:20+00:00","breadcrumb":{"@id":"https:\/\/koningdrone.be\/product\/dji-mavic-4-pro-including-rc331-smart-controller\/#breadcrumb"},"inLanguage":"es","potentialAction":[{"@type":"ReadAction","target":["https:\/\/koningdrone.be\/product\/dji-mavic-4-pro-including-rc331-smart-controller\/"]}]},{"@type":"ImageObject","inLanguage":"es","@id":"https:\/\/koningdrone.be\/product\/dji-mavic-4-pro-including-rc331-smart-controller\/#primaryimage","url":"https:\/\/koningdrone.be\/wp-content\/uploads\/sites\/13\/2026\/04\/DJI-Mavic-4-Pro-\u2013-including-RC331-Smart-Controller.jpg","contentUrl":"https:\/\/koningdrone.be\/wp-content\/uploads\/sites\/13\/2026\/04\/DJI-Mavic-4-Pro-\u2013-including-RC331-Smart-Controller.jpg","width":2560,"height":2560},{"@type":"BreadcrumbList","@id":"https:\/\/koningdrone.be\/product\/dji-mavic-4-pro-including-rc331-smart-controller\/#breadcrumb","itemListElement":[{"@type":"ListItem","position":1,"name":"Home","item":"https:\/\/koningdrone.be\/"},{"@type":"ListItem","position":2,"name":"AVSS Parachute Recovery System for DJI Matrice 300\/350","item":"https:\/\/koningdrone.be\/product\/avss-parachute-recovery-system-for-dji-matrice-300-350\/"},{"@type":"ListItem","position":3,"name":"Consumer drones","item":"https:\/\/koningdrone.be\/categorie\/consumer-drones\/"},{"@type":"ListItem","position":4,"name":"DJI Mavic 4 Pro \u2013 including RC331 Smart Controller"}]},{"@type":"WebSite","@id":"https:\/\/koningdrone.be\/#website","url":"https:\/\/koningdrone.be\/","name":"Koningdrone.be - Su especialista en l\u00ednea en drones, cardanes, c\u00e1maras y centrales el\u00e9ctricas.","description":"La tienda virtual de drones y cardanes","publisher":{"@id":"https:\/\/koningdrone.be\/#organization"},"potentialAction":[{"@type":"SearchAction","target":{"@type":"EntryPoint","urlTemplate":"https:\/\/koningdrone.be\/?s={search_term_string}"},"query-input":{"@type":"PropertyValueSpecification","valueRequired":true,"valueName":"search_term_string"}}],"inLanguage":"es"},{"@type":"Organization","@id":"https:\/\/koningdrone.be\/#organization","name":"Kingdrone.es","url":"https:\/\/koningdrone.be\/","logo":{"@type":"ImageObject","inLanguage":"es","@id":"https:\/\/koningdrone.be\/#\/schema\/logo\/image\/","url":"https:\/\/koningdrone.be\/wp-content\/uploads\/sites\/13\/2025\/04\/koningdrone-copyright-logo.svg","contentUrl":"https:\/\/koningdrone.be\/wp-content\/uploads\/sites\/13\/2025\/04\/koningdrone-copyright-logo.svg","width":227,"height":38,"caption":"Koningdrone.be"},"image":{"@id":"https:\/\/koningdrone.be\/#\/schema\/logo\/image\/"}}]}},"df_price":1929,"df_sale_price":"","df_regular_price":1929,"df_image_link":"https:\/\/koningdrone.be\/wp-content\/uploads\/sites\/13\/2026\/04\/DJI-Mavic-4-Pro-\u2013-including-RC331-Smart-Controller-300x300.jpg","_links":{"self":[{"href":"https:\/\/koningdrone.be\/es\/wp-json\/wp\/v2\/product\/10181","targetHints":{"allow":["GET"]}}],"collection":[{"href":"https:\/\/koningdrone.be\/es\/wp-json\/wp\/v2\/product"}],"about":[{"href":"https:\/\/koningdrone.be\/es\/wp-json\/wp\/v2\/types\/product"}],"wp:featuredmedia":[{"embeddable":true,"href":"https:\/\/koningdrone.be\/es\/wp-json\/wp\/v2\/media\/18786"}],"wp:attachment":[{"href":"https:\/\/koningdrone.be\/es\/wp-json\/wp\/v2\/media?parent=10181"}],"wp:term":[{"taxonomy":"product_brand","embeddable":true,"href":"https:\/\/koningdrone.be\/es\/wp-json\/wp\/v2\/product_brand?post=10181"},{"taxonomy":"product_cat","embeddable":true,"href":"https:\/\/koningdrone.be\/es\/wp-json\/wp\/v2\/product_cat?post=10181"},{"taxonomy":"product_tag","embeddable":true,"href":"https:\/\/koningdrone.be\/es\/wp-json\/wp\/v2\/product_tag?post=10181"}],"curies":[{"name":"wp","href":"https:\/\/api.w.org\/{rel}","templated":true}]}}