{"id":10160,"date":"2025-07-03T09:32:52","date_gmt":"2025-07-03T07:32:52","guid":{"rendered":"https:\/\/koningdrone.be\/product\/dji-mavic-4-pro-fly-more-combo-dji-rc-2\/"},"modified":"2026-04-29T15:20:21","modified_gmt":"2026-04-29T13:20:21","slug":"dji-mavic-4-pro-fly-more-combo-including-dji-rc331-smart-controller","status":"publish","type":"product","link":"https:\/\/koningdrone.be\/es\/producto\/dji-mavic-4-pro-fly-more-combo-including-dji-rc331-smart-controller\/","title":{"rendered":"DJI Mavic 4 Pro Fly More Combo - incluye controlador inteligente DJI RC331"},"content":{"rendered":"<h3>DJI Mavic 4 Pro Fly More Combo: M\u00e1ximo tiempo de vuelo para el profesional exigente<\/h3>\n<p><iframe loading=\"lazy\" title=\"Unboxing DJI Mavic 4 Pro Fly More Combo\" width=\"800\" height=\"450\" src=\"https:\/\/www.youtube.com\/embed\/NoRMlDG6H74?feature=oembed&#038;enablejsapi=1&#038;origin=https:\/\/koningdrone.be\" frameborder=\"0\" allow=\"accelerometer; autoplay; clipboard-write; encrypted-media; gyroscope; picture-in-picture; web-share\" referrerpolicy=\"strict-origin-when-cross-origin\" allowfullscreen><\/iframe><\/p>\n<p style=\"margin: 20px 0\">En <strong>Combo DJI Mavic 4 Pro Fly More<\/strong> est\u00e1 pensado para el operador que no se conforma con un vuelo corto. Donde se detiene la versi\u00f3n est\u00e1ndar, el Fly More Combo va m\u00e1s all\u00e1 al proporcionar un ecosistema completo de bater\u00edas de vuelo inteligentes adicionales y accesorios esenciales. El elemento central de este kit es el <strong>C\u00e1mara Hasselblad de 100 MP<\/strong> y el revolucionario <strong>Card\u00e1n Infinito 360<\/strong>, con el apoyo del <strong>DJI RC 2 (RC331)<\/strong> controlador inteligente. Se trata de la configuraci\u00f3n definitiva para fot\u00f3grafos paisajistas, inspectores y cineastas que necesitan actuar durante horas en exteriores sin comprometer la calidad de imagen ni la seguridad.<\/p>\n<p><a href=\"https:\/\/koningdrone.nl\/wp-content\/uploads\/2025\/07\/DJI-Mavic-4-Pro-Fly-More-Combo-including-DJI-RC331-Smart-Controller.jpg\"><img loading=\"lazy\" decoding=\"async\" class=\"size-medium wp-image-472500 aligncenter\" src=\"https:\/\/koningdrone.nl\/wp-content\/uploads\/2025\/07\/DJI-Mavic-4-Pro-Fly-More-Combo-including-DJI-RC331-Smart-Controller-300x300.jpg\" alt=\"DJI Mavic 4 Pro Fly More Combo - including DJI RC331 Smart Controller\" width=\"300\" height=\"300\" \/><\/a><\/p>\n<h4>\u00d3ptica sin l\u00edmites y gesti\u00f3n inteligente del vuelo<\/h4>\n<p>Con el Fly More Combo, estar\u00e1s preparado para cualquier reto visual:<\/p>\n<ul>\n<li><strong>Excelencia de triple c\u00e1mara:<\/strong> El sensor 4\/3\u2033 CMOS 100MP de Hasselblad captura im\u00e1genes con un rango din\u00e1mico sin precedentes. Los dos teleobjetivos adicionales (70 mm y 168 mm) permiten captar detalles antes inaccesibles desde una distancia segura, mientras que la <strong>V\u00eddeo HDR 6K a 60 fps<\/strong> garantiza im\u00e1genes dignas de cine.<\/li>\n<li><strong>Vuela con m\u00e1s resistencia:<\/strong> Con tres bater\u00edas de vuelo inteligentes en total, tienes m\u00e1s de <strong>150 minutos de tiempo de vuelo efectivo<\/strong>. El concentrador de carga incluido carga eficazmente las bater\u00edas por orden de carga restante, para que siempre puedas volver a volar lo antes posible.<\/li>\n<li><strong>1 Lux Nightscape &amp; O4+ Transmisi\u00f3n:<\/strong> El Mavic 4 Pro utiliza el \u00faltimo sistema O4+ para una conexi\u00f3n de v\u00eddeo n\u00edtida de hasta <strong>30 km<\/strong>. Combinado con la detecci\u00f3n de obst\u00e1culos asistida por LiDAR que funciona a s\u00f3lo <strong>0,1 lux<\/strong>, es el dron m\u00e1s seguro para misiones complejas al anochecer o al amanecer.<\/li>\n<\/ul>\n<h4>Dise\u00f1o innovador y control avanzado<\/h4>\n<p>El hardware est\u00e1 dise\u00f1ado para ofrecer la m\u00e1xima creatividad y facilidad de uso:<\/p>\n<ul>\n<li><strong>Card\u00e1n Infinito 360\u00b0:<\/strong> Esta exclusiva arquitectura de card\u00e1n permite que la c\u00e1mara gire completamente, lo que permite realizar tomas verticales y espectaculares giros cinematogr\u00e1ficos sin afectar a la estabilidad del dron.<\/li>\n<li><strong>Controlador Inteligente DJI RC 2:<\/strong> Se acabaron los cables y la bater\u00eda del tel\u00e9fono. La RC 2 cuenta con una brillante pantalla HD integrada de 5,5 pulgadas y la aplicaci\u00f3n DJI Fly preinstalada, lo que te permite despegar a los pocos segundos de llegar a tu ubicaci\u00f3n.<\/li>\n<li><strong>Perfecci\u00f3n aerodin\u00e1mica:<\/strong> El chasis aerodin\u00e1mico del Mavic 4 Pro no solo es visualmente impresionante, sino que tambi\u00e9n proporciona una mayor resistencia al viento y un vuelo m\u00e1s silencioso, algo crucial en fotograf\u00eda de naturaleza o vigilancia discreta.<\/li>\n<\/ul>\n<p><a href=\"https:\/\/koningdrone.nl\/wp-content\/uploads\/2025\/07\/Product-DJI-Mavic-4-Pro-Fly-More-Combo-including-DJI-RC331-Smart-Controller.jpg\"><img loading=\"lazy\" decoding=\"async\" class=\"size-medium wp-image-472499 aligncenter\" src=\"https:\/\/koningdrone.nl\/wp-content\/uploads\/2025\/07\/Product-DJI-Mavic-4-Pro-Fly-More-Combo-including-DJI-RC331-Smart-Controller-300x300.jpg\" alt=\"Product DJI Mavic 4 Pro Fly More Combo - including DJI RC331 Smart Controller\" width=\"300\" height=\"300\" \/><\/a><\/p>\n<h4>Por qu\u00e9 es indispensable el Fly More Combo<\/h4>\n<p>El Fly More Combo ofrece la mejor relaci\u00f3n calidad-precio para el usuario serio. Elimina la frustraci\u00f3n de tener que parar justo cuando la luz est\u00e1 en su mejor momento. Con las bater\u00edas adicionales, la pr\u00e1ctica bolsa bandolera y el cargador r\u00e1pido, es una soluci\u00f3n lista para trabajar. El Mavic 4 Pro Fly More Combo le ofrece la seguridad y el \u201ctiempo de vuelo\u201d extra necesarios para conseguir la toma perfecta, tanto si est\u00e1 inspeccionando una vasta zona natural como si va a pasar un d\u00eda entero filmando para una producci\u00f3n comercial.<\/p>","protected":false},"excerpt":{"rendered":"<ul>\n<li>C\u00e1mara Hasselblad de 100 MP + teleobjetivo doble<\/li>\n<li>V\u00eddeo HDR 6K hasta 60 fps<\/li>\n<li>Hasta 51 minutos de vuelo<\/li>\n<li>Card\u00e1n Infinito 360<\/li>\n<li>Transmisi\u00f3n DJI O4+ hasta 30 km<\/li>\n<li>Detecci\u00f3n de obst\u00e1culos omnidireccional con visi\u00f3n nocturna<\/li>\n<li>Controlador DJI RC 2 (RC331) incluido<\/li>\n<li>Fly More Combo con bater\u00edas y accesorios adicionales<\/li>\n<\/ul>","protected":false},"featured_media":18794,"template":"","meta":{"_acf_changed":false},"product_brand":[],"product_cat":[1415,58],"product_tag":[],"class_list":{"0":"post-10160","1":"product","2":"type-product","3":"status-publish","4":"has-post-thumbnail","6":"product_cat-dji-mavic-4-pro","7":"product_cat-uncategorized","8":"product_shipping_class-outofstock","9":"pa_brand-dji","10":"pa_producttype-drone","11":"pa_series-mavic","13":"first","14":"outofstock","15":"taxable","16":"shipping-taxable","17":"purchasable","18":"product-type-simple"},"acf":[],"yoast_head":"<!-- This site is optimized with the Yoast SEO Premium plugin v27.2 (Yoast SEO v27.2) - https:\/\/yoast.com\/product\/yoast-seo-premium-wordpress\/ -->\n<title>DJI Mavic 4 Pro Fly More Combo - including DJI RC331 Smart Controller - koningdrone.be<\/title>\n<meta name=\"robots\" content=\"index, follow, max-snippet:-1, max-image-preview:large, max-video-preview:-1\" \/>\n<link rel=\"canonical\" href=\"https:\/\/koningdrone.be\/es\/producto\/dji-mavic-4-pro-fly-more-combo-including-dji-rc331-smart-controller\/\" \/>\n<meta property=\"og:locale\" content=\"es_ES\" \/>\n<meta property=\"og:type\" content=\"article\" \/>\n<meta property=\"og:title\" content=\"DJI Mavic 4 Pro Fly More Combo - including DJI RC331 Smart Controller\" \/>\n<meta property=\"og:description\" content=\"100MP Hasselblad camera + dubbele telecamera\u2019s  6K HDR video tot 60 fps  Tot 51 minuten vliegtijd  360\u00b0 Infinity Gimbal  DJI O4+ transmissie tot 30 km  Omnidirectionele obstakeldetectie met night vision  Inclusief DJI RC 2 (RC331) controller  Fly More Combo met extra batterijen en accessoires\" \/>\n<meta property=\"og:url\" content=\"https:\/\/koningdrone.be\/es\/producto\/dji-mavic-4-pro-fly-more-combo-including-dji-rc331-smart-controller\/\" \/>\n<meta property=\"og:site_name\" content=\"koningdrone.be\" \/>\n<meta property=\"article:modified_time\" content=\"2026-04-29T13:20:21+00:00\" \/>\n<meta property=\"og:image\" content=\"https:\/\/koningdrone.be\/wp-content\/uploads\/sites\/13\/2026\/04\/DJI-Mavic-4-Pro-Fly-More-Combo-including-DJI-RC331-Smart-Controller.jpg\" \/>\n\t<meta property=\"og:image:width\" content=\"2560\" \/>\n\t<meta property=\"og:image:height\" content=\"2560\" \/>\n\t<meta property=\"og:image:type\" content=\"image\/jpeg\" \/>\n<meta name=\"twitter:card\" content=\"summary_large_image\" \/>\n<meta name=\"twitter:label1\" content=\"Tiempo de lectura\" \/>\n\t<meta name=\"twitter:data1\" content=\"2 minutos\" \/>\n<script type=\"application\/ld+json\" class=\"yoast-schema-graph\">{\"@context\":\"https:\/\/schema.org\",\"@graph\":[{\"@type\":\"WebPage\",\"@id\":\"https:\/\/koningdrone.be\/product\/dji-mavic-4-pro-fly-more-combo-including-dji-rc331-smart-controller\/\",\"url\":\"https:\/\/koningdrone.be\/product\/dji-mavic-4-pro-fly-more-combo-including-dji-rc331-smart-controller\/\",\"name\":\"DJI Mavic 4 Pro Fly More Combo - including DJI RC331 Smart Controller - koningdrone.be\",\"isPartOf\":{\"@id\":\"https:\/\/koningdrone.be\/#website\"},\"primaryImageOfPage\":{\"@id\":\"https:\/\/koningdrone.be\/product\/dji-mavic-4-pro-fly-more-combo-including-dji-rc331-smart-controller\/#primaryimage\"},\"image\":{\"@id\":\"https:\/\/koningdrone.be\/product\/dji-mavic-4-pro-fly-more-combo-including-dji-rc331-smart-controller\/#primaryimage\"},\"thumbnailUrl\":\"https:\/\/koningdrone.be\/wp-content\/uploads\/sites\/13\/2026\/04\/DJI-Mavic-4-Pro-Fly-More-Combo-including-DJI-RC331-Smart-Controller.jpg\",\"datePublished\":\"2025-07-03T07:32:52+00:00\",\"dateModified\":\"2026-04-29T13:20:21+00:00\",\"breadcrumb\":{\"@id\":\"https:\/\/koningdrone.be\/product\/dji-mavic-4-pro-fly-more-combo-including-dji-rc331-smart-controller\/#breadcrumb\"},\"inLanguage\":\"es\",\"potentialAction\":[{\"@type\":\"ReadAction\",\"target\":[\"https:\/\/koningdrone.be\/product\/dji-mavic-4-pro-fly-more-combo-including-dji-rc331-smart-controller\/\"]}]},{\"@type\":\"ImageObject\",\"inLanguage\":\"es\",\"@id\":\"https:\/\/koningdrone.be\/product\/dji-mavic-4-pro-fly-more-combo-including-dji-rc331-smart-controller\/#primaryimage\",\"url\":\"https:\/\/koningdrone.be\/wp-content\/uploads\/sites\/13\/2026\/04\/DJI-Mavic-4-Pro-Fly-More-Combo-including-DJI-RC331-Smart-Controller.jpg\",\"contentUrl\":\"https:\/\/koningdrone.be\/wp-content\/uploads\/sites\/13\/2026\/04\/DJI-Mavic-4-Pro-Fly-More-Combo-including-DJI-RC331-Smart-Controller.jpg\",\"width\":2560,\"height\":2560},{\"@type\":\"BreadcrumbList\",\"@id\":\"https:\/\/koningdrone.be\/product\/dji-mavic-4-pro-fly-more-combo-including-dji-rc331-smart-controller\/#breadcrumb\",\"itemListElement\":[{\"@type\":\"ListItem\",\"position\":1,\"name\":\"Home\",\"item\":\"https:\/\/koningdrone.be\/\"},{\"@type\":\"ListItem\",\"position\":2,\"name\":\"AVSS Parachute Recovery System for DJI Matrice 300\/350\",\"item\":\"https:\/\/koningdrone.be\/product\/avss-parachute-recovery-system-for-dji-matrice-300-350\/\"},{\"@type\":\"ListItem\",\"position\":3,\"name\":\"DJI Mavic 4 Pro\",\"item\":\"https:\/\/koningdrone.be\/categorie\/dji-mavic-4-pro\/\"},{\"@type\":\"ListItem\",\"position\":4,\"name\":\"DJI Mavic 4 Pro Fly More Combo &#8211; including DJI RC331 Smart Controller\"}]},{\"@type\":\"WebSite\",\"@id\":\"https:\/\/koningdrone.be\/#website\",\"url\":\"https:\/\/koningdrone.be\/\",\"name\":\"Koningdrone.be - Uw online specialist in drones, gimbals, camera's en power stations.\",\"description\":\"De webshop in drones en gimbals\",\"publisher\":{\"@id\":\"https:\/\/koningdrone.be\/#organization\"},\"potentialAction\":[{\"@type\":\"SearchAction\",\"target\":{\"@type\":\"EntryPoint\",\"urlTemplate\":\"https:\/\/koningdrone.be\/?s={search_term_string}\"},\"query-input\":{\"@type\":\"PropertyValueSpecification\",\"valueRequired\":true,\"valueName\":\"search_term_string\"}}],\"inLanguage\":\"es\"},{\"@type\":\"Organization\",\"@id\":\"https:\/\/koningdrone.be\/#organization\",\"name\":\"Koningdrone.be\",\"url\":\"https:\/\/koningdrone.be\/\",\"logo\":{\"@type\":\"ImageObject\",\"inLanguage\":\"es\",\"@id\":\"https:\/\/koningdrone.be\/#\/schema\/logo\/image\/\",\"url\":\"https:\/\/koningdrone.be\/wp-content\/uploads\/sites\/13\/2025\/04\/koningdrone-copyright-logo.svg\",\"contentUrl\":\"https:\/\/koningdrone.be\/wp-content\/uploads\/sites\/13\/2025\/04\/koningdrone-copyright-logo.svg\",\"width\":227,\"height\":38,\"caption\":\"Koningdrone.be\"},\"image\":{\"@id\":\"https:\/\/koningdrone.be\/#\/schema\/logo\/image\/\"}}]}<\/script>\n<!-- \/ Yoast SEO Premium plugin. -->","yoast_head_json":{"title":"DJI Mavic 4 Pro Fly More Combo - including DJI RC331 Smart Controller - koningdrone.be","robots":{"index":"index","follow":"follow","max-snippet":"max-snippet:-1","max-image-preview":"max-image-preview:large","max-video-preview":"max-video-preview:-1"},"canonical":"https:\/\/koningdrone.be\/es\/producto\/dji-mavic-4-pro-fly-more-combo-including-dji-rc331-smart-controller\/","og_locale":"es_ES","og_type":"article","og_title":"DJI Mavic 4 Pro Fly More Combo - including DJI RC331 Smart Controller","og_description":"100MP Hasselblad camera + dubbele telecamera\u2019s  6K HDR video tot 60 fps  Tot 51 minuten vliegtijd  360\u00b0 Infinity Gimbal  DJI O4+ transmissie tot 30 km  Omnidirectionele obstakeldetectie met night vision  Inclusief DJI RC 2 (RC331) controller  Fly More Combo met extra batterijen en accessoires","og_url":"https:\/\/koningdrone.be\/es\/producto\/dji-mavic-4-pro-fly-more-combo-including-dji-rc331-smart-controller\/","og_site_name":"koningdrone.be","article_modified_time":"2026-04-29T13:20:21+00:00","og_image":[{"width":2560,"height":2560,"url":"https:\/\/koningdrone.be\/wp-content\/uploads\/sites\/13\/2026\/04\/DJI-Mavic-4-Pro-Fly-More-Combo-including-DJI-RC331-Smart-Controller.jpg","type":"image\/jpeg"}],"twitter_card":"summary_large_image","twitter_misc":{"Tiempo de lectura":"2 minutos"},"schema":{"@context":"https:\/\/schema.org","@graph":[{"@type":"WebPage","@id":"https:\/\/koningdrone.be\/product\/dji-mavic-4-pro-fly-more-combo-including-dji-rc331-smart-controller\/","url":"https:\/\/koningdrone.be\/product\/dji-mavic-4-pro-fly-more-combo-including-dji-rc331-smart-controller\/","name":"DJI Mavic 4 Pro Fly More Combo - including DJI RC331 Smart Controller - koningdrone.be","isPartOf":{"@id":"https:\/\/koningdrone.be\/#website"},"primaryImageOfPage":{"@id":"https:\/\/koningdrone.be\/product\/dji-mavic-4-pro-fly-more-combo-including-dji-rc331-smart-controller\/#primaryimage"},"image":{"@id":"https:\/\/koningdrone.be\/product\/dji-mavic-4-pro-fly-more-combo-including-dji-rc331-smart-controller\/#primaryimage"},"thumbnailUrl":"https:\/\/koningdrone.be\/wp-content\/uploads\/sites\/13\/2026\/04\/DJI-Mavic-4-Pro-Fly-More-Combo-including-DJI-RC331-Smart-Controller.jpg","datePublished":"2025-07-03T07:32:52+00:00","dateModified":"2026-04-29T13:20:21+00:00","breadcrumb":{"@id":"https:\/\/koningdrone.be\/product\/dji-mavic-4-pro-fly-more-combo-including-dji-rc331-smart-controller\/#breadcrumb"},"inLanguage":"es","potentialAction":[{"@type":"ReadAction","target":["https:\/\/koningdrone.be\/product\/dji-mavic-4-pro-fly-more-combo-including-dji-rc331-smart-controller\/"]}]},{"@type":"ImageObject","inLanguage":"es","@id":"https:\/\/koningdrone.be\/product\/dji-mavic-4-pro-fly-more-combo-including-dji-rc331-smart-controller\/#primaryimage","url":"https:\/\/koningdrone.be\/wp-content\/uploads\/sites\/13\/2026\/04\/DJI-Mavic-4-Pro-Fly-More-Combo-including-DJI-RC331-Smart-Controller.jpg","contentUrl":"https:\/\/koningdrone.be\/wp-content\/uploads\/sites\/13\/2026\/04\/DJI-Mavic-4-Pro-Fly-More-Combo-including-DJI-RC331-Smart-Controller.jpg","width":2560,"height":2560},{"@type":"BreadcrumbList","@id":"https:\/\/koningdrone.be\/product\/dji-mavic-4-pro-fly-more-combo-including-dji-rc331-smart-controller\/#breadcrumb","itemListElement":[{"@type":"ListItem","position":1,"name":"Home","item":"https:\/\/koningdrone.be\/"},{"@type":"ListItem","position":2,"name":"AVSS Parachute Recovery System for DJI Matrice 300\/350","item":"https:\/\/koningdrone.be\/product\/avss-parachute-recovery-system-for-dji-matrice-300-350\/"},{"@type":"ListItem","position":3,"name":"DJI Mavic 4 Pro","item":"https:\/\/koningdrone.be\/categorie\/dji-mavic-4-pro\/"},{"@type":"ListItem","position":4,"name":"DJI Mavic 4 Pro Fly More Combo &#8211; including DJI RC331 Smart Controller"}]},{"@type":"WebSite","@id":"https:\/\/koningdrone.be\/#website","url":"https:\/\/koningdrone.be\/","name":"Koningdrone.be - Su especialista en l\u00ednea en drones, cardanes, c\u00e1maras y centrales el\u00e9ctricas.","description":"La tienda virtual de drones y cardanes","publisher":{"@id":"https:\/\/koningdrone.be\/#organization"},"potentialAction":[{"@type":"SearchAction","target":{"@type":"EntryPoint","urlTemplate":"https:\/\/koningdrone.be\/?s={search_term_string}"},"query-input":{"@type":"PropertyValueSpecification","valueRequired":true,"valueName":"search_term_string"}}],"inLanguage":"es"},{"@type":"Organization","@id":"https:\/\/koningdrone.be\/#organization","name":"Kingdrone.es","url":"https:\/\/koningdrone.be\/","logo":{"@type":"ImageObject","inLanguage":"es","@id":"https:\/\/koningdrone.be\/#\/schema\/logo\/image\/","url":"https:\/\/koningdrone.be\/wp-content\/uploads\/sites\/13\/2025\/04\/koningdrone-copyright-logo.svg","contentUrl":"https:\/\/koningdrone.be\/wp-content\/uploads\/sites\/13\/2025\/04\/koningdrone-copyright-logo.svg","width":227,"height":38,"caption":"Koningdrone.be"},"image":{"@id":"https:\/\/koningdrone.be\/#\/schema\/logo\/image\/"}}]}},"df_price":2699,"df_sale_price":"","df_regular_price":2699,"df_image_link":"https:\/\/koningdrone.be\/wp-content\/uploads\/sites\/13\/2026\/04\/DJI-Mavic-4-Pro-Fly-More-Combo-including-DJI-RC331-Smart-Controller-300x300.jpg","_links":{"self":[{"href":"https:\/\/koningdrone.be\/es\/wp-json\/wp\/v2\/product\/10160","targetHints":{"allow":["GET"]}}],"collection":[{"href":"https:\/\/koningdrone.be\/es\/wp-json\/wp\/v2\/product"}],"about":[{"href":"https:\/\/koningdrone.be\/es\/wp-json\/wp\/v2\/types\/product"}],"wp:featuredmedia":[{"embeddable":true,"href":"https:\/\/koningdrone.be\/es\/wp-json\/wp\/v2\/media\/18794"}],"wp:attachment":[{"href":"https:\/\/koningdrone.be\/es\/wp-json\/wp\/v2\/media?parent=10160"}],"wp:term":[{"taxonomy":"product_brand","embeddable":true,"href":"https:\/\/koningdrone.be\/es\/wp-json\/wp\/v2\/product_brand?post=10160"},{"taxonomy":"product_cat","embeddable":true,"href":"https:\/\/koningdrone.be\/es\/wp-json\/wp\/v2\/product_cat?post=10160"},{"taxonomy":"product_tag","embeddable":true,"href":"https:\/\/koningdrone.be\/es\/wp-json\/wp\/v2\/product_tag?post=10160"}],"curies":[{"name":"wp","href":"https:\/\/api.w.org\/{rel}","templated":true}]}}