{"id":10126,"date":"2025-07-03T09:32:52","date_gmt":"2025-07-03T07:32:52","guid":{"rendered":"https:\/\/koningdrone.be\/product\/dji-mavic-4-pro-512gb-creator-combo-dji-rc-pro-2\/"},"modified":"2026-04-29T04:31:06","modified_gmt":"2026-04-29T02:31:06","slug":"dji-mavic-4-pro-512gb-creator-combo-incl-dji-rc-pro-2","status":"publish","type":"product","link":"https:\/\/koningdrone.be\/es\/producto\/dji-mavic-4-pro-512gb-creator-combo-incl-dji-rc-pro-2\/","title":{"rendered":"DJI Mavic 4 Pro 512GB Creator Combo - incl. DJI RC Pro 2"},"content":{"rendered":"<h3>DJI Mavic 4 Pro 512GB Creator Combo: la revoluci\u00f3n definitiva en el flujo de trabajo<\/h3>\n<p><iframe loading=\"lazy\" title=\"Unboxing DJI Mavic 4 Pro 512GB Creator Combo\" width=\"800\" height=\"450\" src=\"https:\/\/www.youtube.com\/embed\/FaU6Lrk0emc?feature=oembed&#038;enablejsapi=1&#038;origin=https:\/\/koningdrone.be\" frameborder=\"0\" allow=\"accelerometer; autoplay; clipboard-write; encrypted-media; gyroscope; picture-in-picture; web-share\" referrerpolicy=\"strict-origin-when-cross-origin\" allowfullscreen><\/iframe><\/p>\n<p style=\"margin: 20px 0\">En <strong>DJI Mavic 4 Pro 512GB Creator Combo<\/strong> es lo \u00faltimo en eficiencia para el cineasta profesional. Donde otros drones dependen de tarjetas SD externas que pueden perderse o llenarse, este Creator Combo ofrece una gigantesca... <strong>512 GB de almacenamiento interno superr\u00e1pido<\/strong>. Combinado con el <strong>DJI RC Pro 2<\/strong>-el controlador m\u00e1s potente de su clase- este paquete est\u00e1 dise\u00f1ado para eliminar cualquier barrera entre tu visi\u00f3n y la toma final. Este es el dron para los creadores que no quieren perder tiempo en cuestiones perif\u00e9ricas, sino rendir al m\u00e1ximo nivel cinematogr\u00e1fico de inmediato.<\/p>\n<p><a href=\"https:\/\/koningdrone.nl\/wp-content\/uploads\/2025\/07\/DJI-Mavic-4-Pro-512GB-Creator-Combo-incl.-DJI-RC-Pro-2.jpg\"><img loading=\"lazy\" decoding=\"async\" class=\"aligncenter wp-image-472490 size-full\" src=\"https:\/\/koningdrone.nl\/wp-content\/uploads\/2025\/07\/DJI-Mavic-4-Pro-512GB-Creator-Combo-incl.-DJI-RC-Pro-2.jpg\" alt=\"DJI Mavic 4 Pro 512GB Creator Combo - incl. DJI RC Pro 2\" width=\"800\" height=\"600\" \/><\/a><\/p>\n<h4>Procesamiento y almacenamiento de im\u00e1genes sin igual<\/h4>\n<p>La Creator Combo es t\u00e9cnicamente superior para entornos de postproducci\u00f3n:<\/p>\n<ul>\n<li><strong>512 GB de almacenamiento interno de alta velocidad:<\/strong> Grabe durante horas a las velocidades de bits m\u00e1s altas sin preocuparse por el espacio de almacenamiento. La unidad interna est\u00e1 optimizada para el flujo masivo de datos de v\u00eddeo 6K, lo que se traduce en una experiencia de grabaci\u00f3n muy fiable.<\/li>\n<li><strong>Compatibilidad con c\u00f3decs profesionales:<\/strong> Rodar en <strong>V\u00eddeo 4:2:2 de 10 bits y codificaci\u00f3n ALL-I<\/strong>. Estos formatos conservan al m\u00e1ximo el espacio de color y la gama din\u00e1mica, lo que resulta esencial para la gradaci\u00f3n profesional del color y los efectos visuales complejos.<\/li>\n<li><strong>Dominio de la triple c\u00e1mara:<\/strong> Cambie sin problemas entre la c\u00e1mara principal Hasselblad de 100 MP y los teleobjetivos duales para capturar cualquier perspectiva sin tener que aterrizar el dron para cambiar de objetivo.<\/li>\n<\/ul>\n<h4>La potencia del RC Pro 2 y el Infinity Gimbal<\/h4>\n<p>Funcionamiento y estabilidad a un nivel sin precedentes:<\/p>\n<ul>\n<li><strong>Controlador DJI RC Pro 2:<\/strong> El nuevo est\u00e1ndar de control profesional. Con una pantalla ultrabrillante de 1000 nits, cada detalle de su composici\u00f3n es visible, incluso a pleno sol del mediod\u00eda. El potente procesador garantiza una conexi\u00f3n sin retrasos y admite la instalaci\u00f3n de aplicaciones de terceros para gestionar tus im\u00e1genes al instante.<\/li>\n<li><strong>Card\u00e1n Infinito 360\u00b0:<\/strong> Gracias a la total libertad de rotaci\u00f3n del card\u00e1n, puedes grabar contenidos verticales para las redes sociales o crear rollos espectaculares que antes s\u00f3lo eran posibles con pesados rigs de cine.<\/li>\n<li><strong>Tiempo de vuelo extremo:<\/strong> Con <strong>51 minutos de vuelo<\/strong> por bater\u00eda, tendr\u00e1 la tranquilidad de encontrar el \u00e1ngulo perfecto y completar plenamente sus misiones de seguimiento activo sin tener que aterrizar antes de tiempo.<\/li>\n<\/ul>\n<p><a href=\"https:\/\/koningdrone.nl\/wp-content\/uploads\/2025\/07\/DJI-Mavic-4-Pro-512GB-Creator-Combo-Product-incl.-DJI-RC-Pro-2.jpg\"><img loading=\"lazy\" decoding=\"async\" class=\"size-medium wp-image-472488 aligncenter\" src=\"https:\/\/koningdrone.nl\/wp-content\/uploads\/2025\/07\/DJI-Mavic-4-Pro-512GB-Creator-Combo-Product-incl.-DJI-RC-Pro-2-300x225.jpg\" alt=\"DJI Mavic 4 Pro 512GB Creator Combo Product - incl. DJI RC Pro 2\" width=\"300\" height=\"225\" \/><\/a><\/p>\n<h4>Por qu\u00e9 el Combo Creador es indispensable<\/h4>\n<p>Para el cineasta serio, el Mavic 4 Pro Creator Combo es la \u00fanica opci\u00f3n l\u00f3gica. Elimina la necesidad de accesorios adicionales como smartphones, tabletas o bolsas llenas de tarjetas SD. Es un ecosistema completamente aut\u00f3nomo preparado para las producciones m\u00e1s exigentes. Tanto si est\u00e1s haciendo un rodaje comercial en la naturaleza como un reportaje r\u00e1pido en la ciudad; con 512 GB de almacenamiento interno y el RC Pro 2, siempre estar\u00e1s un paso por delante de la competencia.<\/p>","protected":false},"excerpt":{"rendered":"<ul>\n<li>512 GB de almacenamiento interno para grabaci\u00f3n instant\u00e1nea<\/li>\n<li>V\u00eddeo 4:2:2 de 10 bits y codificaci\u00f3n ALL-I<\/li>\n<li>Sistema de triple c\u00e1mara con sensor Hasselblad<\/li>\n<li>Hasta 51 minutos de vuelo<\/li>\n<li>Card\u00e1n Infinito 360<\/li>\n<li>Mando RC Pro 2 con pantalla n\u00edtida<\/li>\n<li>Ideal para flujos de trabajo profesionales<\/li>\n<\/ul>","protected":false},"featured_media":18790,"template":"","meta":{"_acf_changed":false},"product_brand":[],"product_cat":[1415],"product_tag":[],"class_list":{"0":"post-10126","1":"product","2":"type-product","3":"status-publish","4":"has-post-thumbnail","6":"product_cat-dji-mavic-4-pro","7":"product_shipping_class-outofstock","8":"pa_brand-dji","9":"pa_producttype-drone","10":"pa_series-mavic","12":"first","13":"outofstock","14":"taxable","15":"shipping-taxable","16":"purchasable","17":"product-type-simple"},"acf":[],"yoast_head":"<!-- This site is optimized with the Yoast SEO Premium plugin v27.2 (Yoast SEO v27.2) - https:\/\/yoast.com\/product\/yoast-seo-premium-wordpress\/ -->\n<title>DJI Mavic 4 Pro 512GB Creator Combo - incl. DJI RC Pro 2 - koningdrone.be<\/title>\n<meta name=\"robots\" content=\"index, follow, max-snippet:-1, max-image-preview:large, max-video-preview:-1\" \/>\n<link rel=\"canonical\" href=\"https:\/\/koningdrone.be\/es\/producto\/dji-mavic-4-pro-512gb-creator-combo-incl-dji-rc-pro-2\/\" \/>\n<meta property=\"og:locale\" content=\"es_ES\" \/>\n<meta property=\"og:type\" content=\"article\" \/>\n<meta property=\"og:title\" content=\"DJI Mavic 4 Pro 512GB Creator Combo - incl. DJI RC Pro 2\" \/>\n<meta property=\"og:description\" content=\"512GB interne opslag voor directe opname  10-bit 4:2:2 video en ALL-I encoding  Triple-camera systeem met Hasselblad sensor  Tot 51 minuten vliegtijd  360\u00b0 Infinity Gimbal  RC Pro 2 controller met helder display  Ideaal voor professionele workflows\" \/>\n<meta property=\"og:url\" content=\"https:\/\/koningdrone.be\/es\/producto\/dji-mavic-4-pro-512gb-creator-combo-incl-dji-rc-pro-2\/\" \/>\n<meta property=\"og:site_name\" content=\"koningdrone.be\" \/>\n<meta property=\"article:modified_time\" content=\"2026-04-29T02:31:06+00:00\" \/>\n<meta property=\"og:image\" content=\"https:\/\/koningdrone.be\/wp-content\/uploads\/sites\/13\/2026\/04\/DJI-Mavic-4-Pro-512GB-Creator-Combo-incl.-DJI-RC-Pro-2.jpg\" \/>\n\t<meta property=\"og:image:width\" content=\"800\" \/>\n\t<meta property=\"og:image:height\" content=\"600\" \/>\n\t<meta property=\"og:image:type\" content=\"image\/jpeg\" \/>\n<meta name=\"twitter:card\" content=\"summary_large_image\" \/>\n<meta name=\"twitter:label1\" content=\"Tiempo de lectura\" \/>\n\t<meta name=\"twitter:data1\" content=\"1 minuto\" \/>\n<script type=\"application\/ld+json\" class=\"yoast-schema-graph\">{\"@context\":\"https:\/\/schema.org\",\"@graph\":[{\"@type\":\"WebPage\",\"@id\":\"https:\/\/koningdrone.be\/product\/dji-mavic-4-pro-512gb-creator-combo-incl-dji-rc-pro-2\/\",\"url\":\"https:\/\/koningdrone.be\/product\/dji-mavic-4-pro-512gb-creator-combo-incl-dji-rc-pro-2\/\",\"name\":\"DJI Mavic 4 Pro 512GB Creator Combo - incl. DJI RC Pro 2 - koningdrone.be\",\"isPartOf\":{\"@id\":\"https:\/\/koningdrone.be\/#website\"},\"primaryImageOfPage\":{\"@id\":\"https:\/\/koningdrone.be\/product\/dji-mavic-4-pro-512gb-creator-combo-incl-dji-rc-pro-2\/#primaryimage\"},\"image\":{\"@id\":\"https:\/\/koningdrone.be\/product\/dji-mavic-4-pro-512gb-creator-combo-incl-dji-rc-pro-2\/#primaryimage\"},\"thumbnailUrl\":\"https:\/\/koningdrone.be\/wp-content\/uploads\/sites\/13\/2026\/04\/DJI-Mavic-4-Pro-512GB-Creator-Combo-incl.-DJI-RC-Pro-2.jpg\",\"datePublished\":\"2025-07-03T07:32:52+00:00\",\"dateModified\":\"2026-04-29T02:31:06+00:00\",\"breadcrumb\":{\"@id\":\"https:\/\/koningdrone.be\/product\/dji-mavic-4-pro-512gb-creator-combo-incl-dji-rc-pro-2\/#breadcrumb\"},\"inLanguage\":\"es\",\"potentialAction\":[{\"@type\":\"ReadAction\",\"target\":[\"https:\/\/koningdrone.be\/product\/dji-mavic-4-pro-512gb-creator-combo-incl-dji-rc-pro-2\/\"]}]},{\"@type\":\"ImageObject\",\"inLanguage\":\"es\",\"@id\":\"https:\/\/koningdrone.be\/product\/dji-mavic-4-pro-512gb-creator-combo-incl-dji-rc-pro-2\/#primaryimage\",\"url\":\"https:\/\/koningdrone.be\/wp-content\/uploads\/sites\/13\/2026\/04\/DJI-Mavic-4-Pro-512GB-Creator-Combo-incl.-DJI-RC-Pro-2.jpg\",\"contentUrl\":\"https:\/\/koningdrone.be\/wp-content\/uploads\/sites\/13\/2026\/04\/DJI-Mavic-4-Pro-512GB-Creator-Combo-incl.-DJI-RC-Pro-2.jpg\",\"width\":800,\"height\":600},{\"@type\":\"BreadcrumbList\",\"@id\":\"https:\/\/koningdrone.be\/product\/dji-mavic-4-pro-512gb-creator-combo-incl-dji-rc-pro-2\/#breadcrumb\",\"itemListElement\":[{\"@type\":\"ListItem\",\"position\":1,\"name\":\"Home\",\"item\":\"https:\/\/koningdrone.be\/\"},{\"@type\":\"ListItem\",\"position\":2,\"name\":\"AVSS Parachute Recovery System for DJI Matrice 300\/350\",\"item\":\"https:\/\/koningdrone.be\/product\/avss-parachute-recovery-system-for-dji-matrice-300-350\/\"},{\"@type\":\"ListItem\",\"position\":3,\"name\":\"DJI Mavic 4 Pro\",\"item\":\"https:\/\/koningdrone.be\/categorie\/dji-mavic-4-pro\/\"},{\"@type\":\"ListItem\",\"position\":4,\"name\":\"DJI Mavic 4 Pro 512GB Creator Combo &#8211; incl. DJI RC Pro 2\"}]},{\"@type\":\"WebSite\",\"@id\":\"https:\/\/koningdrone.be\/#website\",\"url\":\"https:\/\/koningdrone.be\/\",\"name\":\"Koningdrone.be - Uw online specialist in drones, gimbals, camera's en power stations.\",\"description\":\"De webshop in drones en gimbals\",\"publisher\":{\"@id\":\"https:\/\/koningdrone.be\/#organization\"},\"potentialAction\":[{\"@type\":\"SearchAction\",\"target\":{\"@type\":\"EntryPoint\",\"urlTemplate\":\"https:\/\/koningdrone.be\/?s={search_term_string}\"},\"query-input\":{\"@type\":\"PropertyValueSpecification\",\"valueRequired\":true,\"valueName\":\"search_term_string\"}}],\"inLanguage\":\"es\"},{\"@type\":\"Organization\",\"@id\":\"https:\/\/koningdrone.be\/#organization\",\"name\":\"Koningdrone.be\",\"url\":\"https:\/\/koningdrone.be\/\",\"logo\":{\"@type\":\"ImageObject\",\"inLanguage\":\"es\",\"@id\":\"https:\/\/koningdrone.be\/#\/schema\/logo\/image\/\",\"url\":\"https:\/\/koningdrone.be\/wp-content\/uploads\/sites\/13\/2025\/04\/koningdrone-copyright-logo.svg\",\"contentUrl\":\"https:\/\/koningdrone.be\/wp-content\/uploads\/sites\/13\/2025\/04\/koningdrone-copyright-logo.svg\",\"width\":227,\"height\":38,\"caption\":\"Koningdrone.be\"},\"image\":{\"@id\":\"https:\/\/koningdrone.be\/#\/schema\/logo\/image\/\"}}]}<\/script>\n<!-- \/ Yoast SEO Premium plugin. -->","yoast_head_json":{"title":"DJI Mavic 4 Pro 512GB Creator Combo - incl. DJI RC Pro 2 - koningdrone.be","robots":{"index":"index","follow":"follow","max-snippet":"max-snippet:-1","max-image-preview":"max-image-preview:large","max-video-preview":"max-video-preview:-1"},"canonical":"https:\/\/koningdrone.be\/es\/producto\/dji-mavic-4-pro-512gb-creator-combo-incl-dji-rc-pro-2\/","og_locale":"es_ES","og_type":"article","og_title":"DJI Mavic 4 Pro 512GB Creator Combo - incl. DJI RC Pro 2","og_description":"512GB interne opslag voor directe opname  10-bit 4:2:2 video en ALL-I encoding  Triple-camera systeem met Hasselblad sensor  Tot 51 minuten vliegtijd  360\u00b0 Infinity Gimbal  RC Pro 2 controller met helder display  Ideaal voor professionele workflows","og_url":"https:\/\/koningdrone.be\/es\/producto\/dji-mavic-4-pro-512gb-creator-combo-incl-dji-rc-pro-2\/","og_site_name":"koningdrone.be","article_modified_time":"2026-04-29T02:31:06+00:00","og_image":[{"width":800,"height":600,"url":"https:\/\/koningdrone.be\/wp-content\/uploads\/sites\/13\/2026\/04\/DJI-Mavic-4-Pro-512GB-Creator-Combo-incl.-DJI-RC-Pro-2.jpg","type":"image\/jpeg"}],"twitter_card":"summary_large_image","twitter_misc":{"Tiempo de lectura":"1 minuto"},"schema":{"@context":"https:\/\/schema.org","@graph":[{"@type":"WebPage","@id":"https:\/\/koningdrone.be\/product\/dji-mavic-4-pro-512gb-creator-combo-incl-dji-rc-pro-2\/","url":"https:\/\/koningdrone.be\/product\/dji-mavic-4-pro-512gb-creator-combo-incl-dji-rc-pro-2\/","name":"DJI Mavic 4 Pro 512GB Creator Combo - incl. DJI RC Pro 2 - koningdrone.be","isPartOf":{"@id":"https:\/\/koningdrone.be\/#website"},"primaryImageOfPage":{"@id":"https:\/\/koningdrone.be\/product\/dji-mavic-4-pro-512gb-creator-combo-incl-dji-rc-pro-2\/#primaryimage"},"image":{"@id":"https:\/\/koningdrone.be\/product\/dji-mavic-4-pro-512gb-creator-combo-incl-dji-rc-pro-2\/#primaryimage"},"thumbnailUrl":"https:\/\/koningdrone.be\/wp-content\/uploads\/sites\/13\/2026\/04\/DJI-Mavic-4-Pro-512GB-Creator-Combo-incl.-DJI-RC-Pro-2.jpg","datePublished":"2025-07-03T07:32:52+00:00","dateModified":"2026-04-29T02:31:06+00:00","breadcrumb":{"@id":"https:\/\/koningdrone.be\/product\/dji-mavic-4-pro-512gb-creator-combo-incl-dji-rc-pro-2\/#breadcrumb"},"inLanguage":"es","potentialAction":[{"@type":"ReadAction","target":["https:\/\/koningdrone.be\/product\/dji-mavic-4-pro-512gb-creator-combo-incl-dji-rc-pro-2\/"]}]},{"@type":"ImageObject","inLanguage":"es","@id":"https:\/\/koningdrone.be\/product\/dji-mavic-4-pro-512gb-creator-combo-incl-dji-rc-pro-2\/#primaryimage","url":"https:\/\/koningdrone.be\/wp-content\/uploads\/sites\/13\/2026\/04\/DJI-Mavic-4-Pro-512GB-Creator-Combo-incl.-DJI-RC-Pro-2.jpg","contentUrl":"https:\/\/koningdrone.be\/wp-content\/uploads\/sites\/13\/2026\/04\/DJI-Mavic-4-Pro-512GB-Creator-Combo-incl.-DJI-RC-Pro-2.jpg","width":800,"height":600},{"@type":"BreadcrumbList","@id":"https:\/\/koningdrone.be\/product\/dji-mavic-4-pro-512gb-creator-combo-incl-dji-rc-pro-2\/#breadcrumb","itemListElement":[{"@type":"ListItem","position":1,"name":"Home","item":"https:\/\/koningdrone.be\/"},{"@type":"ListItem","position":2,"name":"AVSS Parachute Recovery System for DJI Matrice 300\/350","item":"https:\/\/koningdrone.be\/product\/avss-parachute-recovery-system-for-dji-matrice-300-350\/"},{"@type":"ListItem","position":3,"name":"DJI Mavic 4 Pro","item":"https:\/\/koningdrone.be\/categorie\/dji-mavic-4-pro\/"},{"@type":"ListItem","position":4,"name":"DJI Mavic 4 Pro 512GB Creator Combo &#8211; incl. DJI RC Pro 2"}]},{"@type":"WebSite","@id":"https:\/\/koningdrone.be\/#website","url":"https:\/\/koningdrone.be\/","name":"Koningdrone.be - Su especialista en l\u00ednea en drones, cardanes, c\u00e1maras y centrales el\u00e9ctricas.","description":"La tienda virtual de drones y cardanes","publisher":{"@id":"https:\/\/koningdrone.be\/#organization"},"potentialAction":[{"@type":"SearchAction","target":{"@type":"EntryPoint","urlTemplate":"https:\/\/koningdrone.be\/?s={search_term_string}"},"query-input":{"@type":"PropertyValueSpecification","valueRequired":true,"valueName":"search_term_string"}}],"inLanguage":"es"},{"@type":"Organization","@id":"https:\/\/koningdrone.be\/#organization","name":"Kingdrone.es","url":"https:\/\/koningdrone.be\/","logo":{"@type":"ImageObject","inLanguage":"es","@id":"https:\/\/koningdrone.be\/#\/schema\/logo\/image\/","url":"https:\/\/koningdrone.be\/wp-content\/uploads\/sites\/13\/2025\/04\/koningdrone-copyright-logo.svg","contentUrl":"https:\/\/koningdrone.be\/wp-content\/uploads\/sites\/13\/2025\/04\/koningdrone-copyright-logo.svg","width":227,"height":38,"caption":"Koningdrone.be"},"image":{"@id":"https:\/\/koningdrone.be\/#\/schema\/logo\/image\/"}}]}},"df_price":3492,"df_sale_price":"","df_regular_price":3492,"df_image_link":"https:\/\/koningdrone.be\/wp-content\/uploads\/sites\/13\/2026\/04\/DJI-Mavic-4-Pro-512GB-Creator-Combo-incl.-DJI-RC-Pro-2-300x225.jpg","_links":{"self":[{"href":"https:\/\/koningdrone.be\/es\/wp-json\/wp\/v2\/product\/10126","targetHints":{"allow":["GET"]}}],"collection":[{"href":"https:\/\/koningdrone.be\/es\/wp-json\/wp\/v2\/product"}],"about":[{"href":"https:\/\/koningdrone.be\/es\/wp-json\/wp\/v2\/types\/product"}],"wp:featuredmedia":[{"embeddable":true,"href":"https:\/\/koningdrone.be\/es\/wp-json\/wp\/v2\/media\/18790"}],"wp:attachment":[{"href":"https:\/\/koningdrone.be\/es\/wp-json\/wp\/v2\/media?parent=10126"}],"wp:term":[{"taxonomy":"product_brand","embeddable":true,"href":"https:\/\/koningdrone.be\/es\/wp-json\/wp\/v2\/product_brand?post=10126"},{"taxonomy":"product_cat","embeddable":true,"href":"https:\/\/koningdrone.be\/es\/wp-json\/wp\/v2\/product_cat?post=10126"},{"taxonomy":"product_tag","embeddable":true,"href":"https:\/\/koningdrone.be\/es\/wp-json\/wp\/v2\/product_tag?post=10126"}],"curies":[{"name":"wp","href":"https:\/\/api.w.org\/{rel}","templated":true}]}}