{"id":714,"date":"2025-04-23T07:06:22","date_gmt":"2025-04-23T07:06:22","guid":{"rendered":"https:\/\/koningdrone.nl\/kon\/leveringsinformatie\/"},"modified":"2026-04-16T03:14:13","modified_gmt":"2026-04-16T01:14:13","slug":"leveringsinformatie","status":"publish","type":"page","link":"https:\/\/koningdrone.be\/es\/leveringsinformatie\/","title":{"rendered":"Informaci\u00f3n de entrega"},"content":{"rendered":"<div data-elementor-type=\"wp-page\" data-elementor-id=\"714\" class=\"elementor elementor-714\" data-elementor-post-type=\"page\">\n\t\t\t\t\t\t<section class=\"elementor-section elementor-top-section elementor-element elementor-element-c7909bd elementor-section-boxed elementor-section-height-default elementor-section-height-default\" data-id=\"c7909bd\" data-element_type=\"section\" data-e-type=\"section\">\n\t\t\t\t\t\t<div class=\"elementor-container elementor-column-gap-default\">\n\t\t\t\t\t<div class=\"elementor-column elementor-col-100 elementor-top-column elementor-element elementor-element-3023cb6f\" data-id=\"3023cb6f\" data-element_type=\"column\" data-e-type=\"column\">\n\t\t\t<div class=\"elementor-widget-wrap elementor-element-populated\">\n\t\t\t\t\t\t<div class=\"elementor-element elementor-element-19bc4f82 elementor-widget elementor-widget-spacer\" data-id=\"19bc4f82\" data-element_type=\"widget\" data-e-type=\"widget\" data-widget_type=\"spacer.default\">\n\t\t\t\t\t\t\t<div class=\"elementor-spacer\">\n\t\t\t<div class=\"elementor-spacer-inner\"><\/div>\n\t\t<\/div>\n\t\t\t\t\t\t<\/div>\n\t\t\t\t<div class=\"elementor-element elementor-element-76f65d42 elementor-widget elementor-widget-heading\" data-id=\"76f65d42\" data-element_type=\"widget\" data-e-type=\"widget\" data-widget_type=\"heading.default\">\n\t\t\t\t\t<h1 class=\"elementor-heading-title elementor-size-default\">Gastos de env\u00edo<\/h1>\t\t\t\t<\/div>\n\t\t\t\t<div class=\"elementor-element elementor-element-16ed26b5 elementor-widget elementor-widget-text-editor\" data-id=\"16ed26b5\" data-element_type=\"widget\" data-e-type=\"widget\" data-widget_type=\"text-editor.default\">\n\t\t\t\t\t\t\t\t\tKingdrone ofrece varios m\u00e9todos de env\u00edo. \u00bfEliges nuestro env\u00edo est\u00e1ndar dentro de los Pa\u00edses Bajos y tu pedido tiene un valor superior a 99 euros? Entonces nos haremos cargo de los gastos de env\u00edo. A continuaci\u00f3n encontrar\u00e1 un resumen de los diferentes m\u00e9todos de env\u00edo que ofrecemos actualmente.\n\n\n\n\n\n\t\t\t\t\t\t\t\t<\/div>\n\t\t\t\t<div class=\"elementor-element elementor-element-426fdf8f elementor-widget elementor-widget-spacer\" data-id=\"426fdf8f\" data-element_type=\"widget\" data-e-type=\"widget\" data-widget_type=\"spacer.default\">\n\t\t\t\t\t\t\t<div class=\"elementor-spacer\">\n\t\t\t<div class=\"elementor-spacer-inner\"><\/div>\n\t\t<\/div>\n\t\t\t\t\t\t<\/div>\n\t\t\t\t<div class=\"elementor-element elementor-element-3a5d3d6f elementor-widget elementor-widget-text-editor\" data-id=\"3a5d3d6f\" data-element_type=\"widget\" data-e-type=\"widget\" data-widget_type=\"text-editor.default\">\n\t\t\t\t\t\t\t\t\t<p><strong>Gastos de env\u00edo Pa\u00edses Bajos<\/strong><\/p><p>Su pedido se enviar\u00e1 asegurado por paquete postal. Una vez enviado el paquete, se le enviar\u00e1 un c\u00f3digo de seguimiento para que pueda localizar su pedido.<\/p><p>Los gastos de env\u00edo dependen del valor total del pedido. Si es inferior a 99 euros, pagar\u00e1 4,99 euros de gastos de env\u00edo. Si el importe total de su pedido es igual o superior a 99 euros, nosotros pagaremos los gastos de env\u00edo. Generalmente enviamos nuestros paquetes a trav\u00e9s de DHL. Los paquetes no est\u00e1ndar y los env\u00edos de pal\u00e9s se env\u00edan a trav\u00e9s de PostNL, lo que puede conllevar gastos adicionales.<\/p><p>\u00a0<\/p><p><strong>Gastos de env\u00edo B\u00e9lgica<\/strong><\/p><p>Su pedido se enviar\u00e1 asegurado por paquete postal. Una vez enviado el paquete, se le enviar\u00e1 un c\u00f3digo de seguimiento para que pueda localizar su pedido.<\/p><p>Los gastos de env\u00edo a B\u00e9lgica son de 4,99 euros para env\u00edos normales por un importe de pedido de hasta 99 euros; a partir de 99 euros, los gastos de env\u00edo son gratuitos.<\/p>\t\t\t\t\t\t\t\t<\/div>\n\t\t\t\t\t<\/div>\n\t\t<\/div>\n\t\t\t\t\t<\/div>\n\t\t<\/section>\n\t\t\t\t<\/div>","protected":false},"excerpt":{"rendered":"<p>Verzendkosten Koningdrone biedt verschillende verzendmethoden aan. Kies je voor onze standaardverzending binnen Nederland en heeft je bestelling een waarde van meer dan \u20ac99,-? Dan nemen wij de verzendkosten voor onze rekening! Hieronder een overzicht van de verschillende verzendmethoden die wij op dit moment aanbieden. Verzendkosten Nederland Je bestelling wordt per pakketpost verzekerd verzonden. Zodra je [&hellip;]<\/p>\n","protected":false},"author":7,"featured_media":0,"parent":0,"menu_order":0,"comment_status":"closed","ping_status":"closed","template":"","meta":{"_acf_changed":false,"footnotes":""},"class_list":["post-714","page","type-page","status-publish","hentry"],"acf":[],"yoast_head":"<!-- This site is optimized with the Yoast SEO Premium plugin v27.2 (Yoast SEO v27.2) - https:\/\/yoast.com\/product\/yoast-seo-premium-wordpress\/ -->\n<title>Leveringsinformatie - koningdrone.be<\/title>\n<meta name=\"robots\" content=\"index, follow, max-snippet:-1, max-image-preview:large, max-video-preview:-1\" \/>\n<link rel=\"canonical\" href=\"https:\/\/koningdrone.be\/es\/leveringsinformatie\/\" \/>\n<meta property=\"og:locale\" content=\"es_ES\" \/>\n<meta property=\"og:type\" content=\"article\" \/>\n<meta property=\"og:title\" content=\"Leveringsinformatie\" \/>\n<meta property=\"og:description\" content=\"Verzendkosten Koningdrone biedt verschillende verzendmethoden aan. Kies je voor onze standaardverzending binnen Nederland en heeft je bestelling een waarde van meer dan \u20ac99,-? Dan nemen wij de verzendkosten voor onze rekening! Hieronder een overzicht van de verschillende verzendmethoden die wij op dit moment aanbieden. Verzendkosten Nederland Je bestelling wordt per pakketpost verzekerd verzonden. Zodra je [&hellip;]\" \/>\n<meta property=\"og:url\" content=\"https:\/\/koningdrone.be\/es\/leveringsinformatie\/\" \/>\n<meta property=\"og:site_name\" content=\"koningdrone.be\" \/>\n<meta property=\"article:modified_time\" content=\"2026-04-16T01:14:13+00:00\" \/>\n<meta name=\"twitter:card\" content=\"summary_large_image\" \/>\n<meta name=\"twitter:label1\" content=\"Tiempo de lectura\" \/>\n\t<meta name=\"twitter:data1\" content=\"1 minuto\" \/>\n<script type=\"application\/ld+json\" class=\"yoast-schema-graph\">{\"@context\":\"https:\/\/schema.org\",\"@graph\":[{\"@type\":\"WebPage\",\"@id\":\"https:\/\/koningdrone.be\/leveringsinformatie\/\",\"url\":\"https:\/\/koningdrone.be\/leveringsinformatie\/\",\"name\":\"Leveringsinformatie - koningdrone.be\",\"isPartOf\":{\"@id\":\"https:\/\/koningdrone.be\/#website\"},\"datePublished\":\"2025-04-23T07:06:22+00:00\",\"dateModified\":\"2026-04-16T01:14:13+00:00\",\"breadcrumb\":{\"@id\":\"https:\/\/koningdrone.be\/leveringsinformatie\/#breadcrumb\"},\"inLanguage\":\"es\",\"potentialAction\":[{\"@type\":\"ReadAction\",\"target\":[\"https:\/\/koningdrone.be\/leveringsinformatie\/\"]}]},{\"@type\":\"BreadcrumbList\",\"@id\":\"https:\/\/koningdrone.be\/leveringsinformatie\/#breadcrumb\",\"itemListElement\":[{\"@type\":\"ListItem\",\"position\":1,\"name\":\"Home\",\"item\":\"https:\/\/koningdrone.be\/\"},{\"@type\":\"ListItem\",\"position\":2,\"name\":\"Leveringsinformatie\"}]},{\"@type\":\"WebSite\",\"@id\":\"https:\/\/koningdrone.be\/#website\",\"url\":\"https:\/\/koningdrone.be\/\",\"name\":\"Koningdrone.be - Uw online specialist in drones, gimbals, camera's en power stations.\",\"description\":\"De webshop in drones en gimbals\",\"publisher\":{\"@id\":\"https:\/\/koningdrone.be\/#organization\"},\"potentialAction\":[{\"@type\":\"SearchAction\",\"target\":{\"@type\":\"EntryPoint\",\"urlTemplate\":\"https:\/\/koningdrone.be\/?s={search_term_string}\"},\"query-input\":{\"@type\":\"PropertyValueSpecification\",\"valueRequired\":true,\"valueName\":\"search_term_string\"}}],\"inLanguage\":\"es\"},{\"@type\":\"Organization\",\"@id\":\"https:\/\/koningdrone.be\/#organization\",\"name\":\"Koningdrone.be\",\"url\":\"https:\/\/koningdrone.be\/\",\"logo\":{\"@type\":\"ImageObject\",\"inLanguage\":\"es\",\"@id\":\"https:\/\/koningdrone.be\/#\/schema\/logo\/image\/\",\"url\":\"https:\/\/koningdrone.be\/wp-content\/uploads\/sites\/13\/2025\/04\/koningdrone-copyright-logo.svg\",\"contentUrl\":\"https:\/\/koningdrone.be\/wp-content\/uploads\/sites\/13\/2025\/04\/koningdrone-copyright-logo.svg\",\"width\":227,\"height\":38,\"caption\":\"Koningdrone.be\"},\"image\":{\"@id\":\"https:\/\/koningdrone.be\/#\/schema\/logo\/image\/\"}}]}<\/script>\n<!-- \/ Yoast SEO Premium plugin. -->","yoast_head_json":{"title":"Leveringsinformatie - koningdrone.be","robots":{"index":"index","follow":"follow","max-snippet":"max-snippet:-1","max-image-preview":"max-image-preview:large","max-video-preview":"max-video-preview:-1"},"canonical":"https:\/\/koningdrone.be\/es\/leveringsinformatie\/","og_locale":"es_ES","og_type":"article","og_title":"Leveringsinformatie","og_description":"Verzendkosten Koningdrone biedt verschillende verzendmethoden aan. Kies je voor onze standaardverzending binnen Nederland en heeft je bestelling een waarde van meer dan \u20ac99,-? Dan nemen wij de verzendkosten voor onze rekening! Hieronder een overzicht van de verschillende verzendmethoden die wij op dit moment aanbieden. Verzendkosten Nederland Je bestelling wordt per pakketpost verzekerd verzonden. Zodra je [&hellip;]","og_url":"https:\/\/koningdrone.be\/es\/leveringsinformatie\/","og_site_name":"koningdrone.be","article_modified_time":"2026-04-16T01:14:13+00:00","twitter_card":"summary_large_image","twitter_misc":{"Tiempo de lectura":"1 minuto"},"schema":{"@context":"https:\/\/schema.org","@graph":[{"@type":"WebPage","@id":"https:\/\/koningdrone.be\/leveringsinformatie\/","url":"https:\/\/koningdrone.be\/leveringsinformatie\/","name":"Leveringsinformatie - koningdrone.be","isPartOf":{"@id":"https:\/\/koningdrone.be\/#website"},"datePublished":"2025-04-23T07:06:22+00:00","dateModified":"2026-04-16T01:14:13+00:00","breadcrumb":{"@id":"https:\/\/koningdrone.be\/leveringsinformatie\/#breadcrumb"},"inLanguage":"es","potentialAction":[{"@type":"ReadAction","target":["https:\/\/koningdrone.be\/leveringsinformatie\/"]}]},{"@type":"BreadcrumbList","@id":"https:\/\/koningdrone.be\/leveringsinformatie\/#breadcrumb","itemListElement":[{"@type":"ListItem","position":1,"name":"Home","item":"https:\/\/koningdrone.be\/"},{"@type":"ListItem","position":2,"name":"Leveringsinformatie"}]},{"@type":"WebSite","@id":"https:\/\/koningdrone.be\/#website","url":"https:\/\/koningdrone.be\/","name":"Koningdrone.be - Su especialista en l\u00ednea en drones, cardanes, c\u00e1maras y centrales el\u00e9ctricas.","description":"La tienda virtual de drones y cardanes","publisher":{"@id":"https:\/\/koningdrone.be\/#organization"},"potentialAction":[{"@type":"SearchAction","target":{"@type":"EntryPoint","urlTemplate":"https:\/\/koningdrone.be\/?s={search_term_string}"},"query-input":{"@type":"PropertyValueSpecification","valueRequired":true,"valueName":"search_term_string"}}],"inLanguage":"es"},{"@type":"Organization","@id":"https:\/\/koningdrone.be\/#organization","name":"Kingdrone.es","url":"https:\/\/koningdrone.be\/","logo":{"@type":"ImageObject","inLanguage":"es","@id":"https:\/\/koningdrone.be\/#\/schema\/logo\/image\/","url":"https:\/\/koningdrone.be\/wp-content\/uploads\/sites\/13\/2025\/04\/koningdrone-copyright-logo.svg","contentUrl":"https:\/\/koningdrone.be\/wp-content\/uploads\/sites\/13\/2025\/04\/koningdrone-copyright-logo.svg","width":227,"height":38,"caption":"Koningdrone.be"},"image":{"@id":"https:\/\/koningdrone.be\/#\/schema\/logo\/image\/"}}]}},"_links":{"self":[{"href":"https:\/\/koningdrone.be\/es\/wp-json\/wp\/v2\/pages\/714","targetHints":{"allow":["GET"]}}],"collection":[{"href":"https:\/\/koningdrone.be\/es\/wp-json\/wp\/v2\/pages"}],"about":[{"href":"https:\/\/koningdrone.be\/es\/wp-json\/wp\/v2\/types\/page"}],"author":[{"embeddable":true,"href":"https:\/\/koningdrone.be\/es\/wp-json\/wp\/v2\/users\/7"}],"replies":[{"embeddable":true,"href":"https:\/\/koningdrone.be\/es\/wp-json\/wp\/v2\/comments?post=714"}],"version-history":[{"count":3,"href":"https:\/\/koningdrone.be\/es\/wp-json\/wp\/v2\/pages\/714\/revisions"}],"predecessor-version":[{"id":19053,"href":"https:\/\/koningdrone.be\/es\/wp-json\/wp\/v2\/pages\/714\/revisions\/19053"}],"wp:attachment":[{"href":"https:\/\/koningdrone.be\/es\/wp-json\/wp\/v2\/media?parent=714"}],"curies":[{"name":"wp","href":"https:\/\/api.w.org\/{rel}","templated":true}]}}