{"id":694,"date":"2025-04-23T07:06:22","date_gmt":"2025-04-23T07:06:22","guid":{"rendered":"https:\/\/koningdrone.nl\/kon\/betaalmethodes\/"},"modified":"2025-05-28T08:15:49","modified_gmt":"2025-05-28T06:15:49","slug":"betaalmethodes","status":"publish","type":"page","link":"https:\/\/koningdrone.be\/es\/betaalmethodes\/","title":{"rendered":"Formas de pago"},"content":{"rendered":"<div data-elementor-type=\"wp-page\" data-elementor-id=\"694\" class=\"elementor elementor-694\" data-elementor-post-type=\"page\">\n\t\t\t\t\t\t<section class=\"elementor-section elementor-top-section elementor-element elementor-element-75764a5b elementor-section-boxed elementor-section-height-default elementor-section-height-default\" data-id=\"75764a5b\" data-element_type=\"section\" data-e-type=\"section\">\n\t\t\t\t\t\t<div class=\"elementor-container elementor-column-gap-default\">\n\t\t\t\t\t<div class=\"elementor-column elementor-col-100 elementor-top-column elementor-element elementor-element-6f10df2e\" data-id=\"6f10df2e\" data-element_type=\"column\" data-e-type=\"column\">\n\t\t\t<div class=\"elementor-widget-wrap elementor-element-populated\">\n\t\t\t\t\t\t<div class=\"elementor-element elementor-element-668d7454 elementor-widget elementor-widget-spacer\" data-id=\"668d7454\" data-element_type=\"widget\" data-e-type=\"widget\" data-widget_type=\"spacer.default\">\n\t\t\t\t\t\t\t<div class=\"elementor-spacer\">\n\t\t\t<div class=\"elementor-spacer-inner\"><\/div>\n\t\t<\/div>\n\t\t\t\t\t\t<\/div>\n\t\t\t\t<div class=\"elementor-element elementor-element-45ed1ca9 elementor-widget elementor-widget-heading\" data-id=\"45ed1ca9\" data-element_type=\"widget\" data-e-type=\"widget\" data-widget_type=\"heading.default\">\n\t\t\t\t\t<h2 class=\"elementor-heading-title elementor-size-default\">Formas de pago<\/h2>\t\t\t\t<\/div>\n\t\t\t\t<div class=\"elementor-element elementor-element-337bb66c elementor-widget elementor-widget-text-editor\" data-id=\"337bb66c\" data-element_type=\"widget\" data-e-type=\"widget\" data-widget_type=\"text-editor.default\">\n\t\t\t\t\t\t\t\t\tEn Koningdrone, actualmente puede pagar con iDEAL, PayPal y Afterpay. Estamos en proceso de a\u00f1adir varios m\u00e9todos de pago.\n&nbsp;\n<strong>iDEAL<\/strong>\n\nPague de forma f\u00e1cil y segura con iDeal a trav\u00e9s de su propio entorno bancario. Su pago se liquida de inmediato y procesaremos su pedido de inmediato.\n&nbsp;\n<strong>PayPal<\/strong>\nPague f\u00e1cilmente con PayPal en la caja.\n&nbsp;\n<b>Despu\u00e9s del pago*<\/b>\n\n\u00bfQuiere pagar cuando reciba el pedido? Entonces elija la opci\u00f3n Afterpay. La tramitaci\u00f3n del pago se realiza \u00edntegramente a trav\u00e9s de Afterpay. Si tiene alguna duda, p\u00f3ngase en contacto con ellos.\t\t\t\t\t\t\t\t<\/div>\n\t\t\t\t\t<\/div>\n\t\t<\/div>\n\t\t\t\t\t<\/div>\n\t\t<\/section>\n\t\t\t\t<\/div>","protected":false},"excerpt":{"rendered":"<p>Betaalmethoden Bij Koningdrone kunt u momenteel betalen met iDEAL, PayPal en Afterpay. We zijn bezig om meerdere betaalmethodes toe te voegen. &nbsp; iDEAL Betaal eenvoudig en veilig met iDeal via uw eigen bankomgeving. Uw betaling is direct geregeld en wij nemen uw bestelling direct in behandeling. &nbsp; PayPal* Betaal bij het afrekenen eenvoudig met PayPal. [&hellip;]<\/p>\n","protected":false},"author":7,"featured_media":0,"parent":0,"menu_order":0,"comment_status":"closed","ping_status":"closed","template":"","meta":{"_acf_changed":false,"footnotes":""},"class_list":["post-694","page","type-page","status-publish","hentry"],"acf":[],"yoast_head":"<!-- This site is optimized with the Yoast SEO Premium plugin v27.2 (Yoast SEO v27.2) - https:\/\/yoast.com\/product\/yoast-seo-premium-wordpress\/ -->\n<title>Betaalmethodes - koningdrone.be<\/title>\n<meta name=\"robots\" content=\"index, follow, max-snippet:-1, max-image-preview:large, max-video-preview:-1\" \/>\n<link rel=\"canonical\" href=\"https:\/\/koningdrone.be\/es\/betaalmethodes\/\" \/>\n<meta property=\"og:locale\" content=\"es_ES\" \/>\n<meta property=\"og:type\" content=\"article\" \/>\n<meta property=\"og:title\" content=\"Betaalmethodes\" \/>\n<meta property=\"og:description\" content=\"Betaalmethoden Bij Koningdrone kunt u momenteel betalen met iDEAL, PayPal en Afterpay. We zijn bezig om meerdere betaalmethodes toe te voegen. &nbsp; iDEAL Betaal eenvoudig en veilig met iDeal via uw eigen bankomgeving. Uw betaling is direct geregeld en wij nemen uw bestelling direct in behandeling. &nbsp; PayPal* Betaal bij het afrekenen eenvoudig met PayPal. [&hellip;]\" \/>\n<meta property=\"og:url\" content=\"https:\/\/koningdrone.be\/es\/betaalmethodes\/\" \/>\n<meta property=\"og:site_name\" content=\"koningdrone.be\" \/>\n<meta property=\"article:modified_time\" content=\"2025-05-28T06:15:49+00:00\" \/>\n<meta name=\"twitter:card\" content=\"summary_large_image\" \/>\n<script type=\"application\/ld+json\" class=\"yoast-schema-graph\">{\"@context\":\"https:\/\/schema.org\",\"@graph\":[{\"@type\":\"WebPage\",\"@id\":\"https:\/\/koningdrone.be\/betaalmethodes\/\",\"url\":\"https:\/\/koningdrone.be\/betaalmethodes\/\",\"name\":\"Betaalmethodes - koningdrone.be\",\"isPartOf\":{\"@id\":\"https:\/\/koningdrone.be\/#website\"},\"datePublished\":\"2025-04-23T07:06:22+00:00\",\"dateModified\":\"2025-05-28T06:15:49+00:00\",\"breadcrumb\":{\"@id\":\"https:\/\/koningdrone.be\/betaalmethodes\/#breadcrumb\"},\"inLanguage\":\"es\",\"potentialAction\":[{\"@type\":\"ReadAction\",\"target\":[\"https:\/\/koningdrone.be\/betaalmethodes\/\"]}]},{\"@type\":\"BreadcrumbList\",\"@id\":\"https:\/\/koningdrone.be\/betaalmethodes\/#breadcrumb\",\"itemListElement\":[{\"@type\":\"ListItem\",\"position\":1,\"name\":\"Home\",\"item\":\"https:\/\/koningdrone.be\/\"},{\"@type\":\"ListItem\",\"position\":2,\"name\":\"Betaalmethodes\"}]},{\"@type\":\"WebSite\",\"@id\":\"https:\/\/koningdrone.be\/#website\",\"url\":\"https:\/\/koningdrone.be\/\",\"name\":\"Koningdrone.be - Uw online specialist in drones, gimbals, camera's en power stations.\",\"description\":\"De webshop in drones en gimbals\",\"publisher\":{\"@id\":\"https:\/\/koningdrone.be\/#organization\"},\"potentialAction\":[{\"@type\":\"SearchAction\",\"target\":{\"@type\":\"EntryPoint\",\"urlTemplate\":\"https:\/\/koningdrone.be\/?s={search_term_string}\"},\"query-input\":{\"@type\":\"PropertyValueSpecification\",\"valueRequired\":true,\"valueName\":\"search_term_string\"}}],\"inLanguage\":\"es\"},{\"@type\":\"Organization\",\"@id\":\"https:\/\/koningdrone.be\/#organization\",\"name\":\"Koningdrone.be\",\"url\":\"https:\/\/koningdrone.be\/\",\"logo\":{\"@type\":\"ImageObject\",\"inLanguage\":\"es\",\"@id\":\"https:\/\/koningdrone.be\/#\/schema\/logo\/image\/\",\"url\":\"https:\/\/koningdrone.be\/wp-content\/uploads\/sites\/13\/2025\/04\/koningdrone-copyright-logo.svg\",\"contentUrl\":\"https:\/\/koningdrone.be\/wp-content\/uploads\/sites\/13\/2025\/04\/koningdrone-copyright-logo.svg\",\"width\":227,\"height\":38,\"caption\":\"Koningdrone.be\"},\"image\":{\"@id\":\"https:\/\/koningdrone.be\/#\/schema\/logo\/image\/\"}}]}<\/script>\n<!-- \/ Yoast SEO Premium plugin. -->","yoast_head_json":{"title":"Betaalmethodes - koningdrone.be","robots":{"index":"index","follow":"follow","max-snippet":"max-snippet:-1","max-image-preview":"max-image-preview:large","max-video-preview":"max-video-preview:-1"},"canonical":"https:\/\/koningdrone.be\/es\/betaalmethodes\/","og_locale":"es_ES","og_type":"article","og_title":"Betaalmethodes","og_description":"Betaalmethoden Bij Koningdrone kunt u momenteel betalen met iDEAL, PayPal en Afterpay. We zijn bezig om meerdere betaalmethodes toe te voegen. &nbsp; iDEAL Betaal eenvoudig en veilig met iDeal via uw eigen bankomgeving. Uw betaling is direct geregeld en wij nemen uw bestelling direct in behandeling. &nbsp; PayPal* Betaal bij het afrekenen eenvoudig met PayPal. [&hellip;]","og_url":"https:\/\/koningdrone.be\/es\/betaalmethodes\/","og_site_name":"koningdrone.be","article_modified_time":"2025-05-28T06:15:49+00:00","twitter_card":"summary_large_image","schema":{"@context":"https:\/\/schema.org","@graph":[{"@type":"WebPage","@id":"https:\/\/koningdrone.be\/betaalmethodes\/","url":"https:\/\/koningdrone.be\/betaalmethodes\/","name":"Betaalmethodes - koningdrone.be","isPartOf":{"@id":"https:\/\/koningdrone.be\/#website"},"datePublished":"2025-04-23T07:06:22+00:00","dateModified":"2025-05-28T06:15:49+00:00","breadcrumb":{"@id":"https:\/\/koningdrone.be\/betaalmethodes\/#breadcrumb"},"inLanguage":"es","potentialAction":[{"@type":"ReadAction","target":["https:\/\/koningdrone.be\/betaalmethodes\/"]}]},{"@type":"BreadcrumbList","@id":"https:\/\/koningdrone.be\/betaalmethodes\/#breadcrumb","itemListElement":[{"@type":"ListItem","position":1,"name":"Home","item":"https:\/\/koningdrone.be\/"},{"@type":"ListItem","position":2,"name":"Betaalmethodes"}]},{"@type":"WebSite","@id":"https:\/\/koningdrone.be\/#website","url":"https:\/\/koningdrone.be\/","name":"Koningdrone.be - Su especialista en l\u00ednea en drones, cardanes, c\u00e1maras y centrales el\u00e9ctricas.","description":"La tienda virtual de drones y cardanes","publisher":{"@id":"https:\/\/koningdrone.be\/#organization"},"potentialAction":[{"@type":"SearchAction","target":{"@type":"EntryPoint","urlTemplate":"https:\/\/koningdrone.be\/?s={search_term_string}"},"query-input":{"@type":"PropertyValueSpecification","valueRequired":true,"valueName":"search_term_string"}}],"inLanguage":"es"},{"@type":"Organization","@id":"https:\/\/koningdrone.be\/#organization","name":"Kingdrone.es","url":"https:\/\/koningdrone.be\/","logo":{"@type":"ImageObject","inLanguage":"es","@id":"https:\/\/koningdrone.be\/#\/schema\/logo\/image\/","url":"https:\/\/koningdrone.be\/wp-content\/uploads\/sites\/13\/2025\/04\/koningdrone-copyright-logo.svg","contentUrl":"https:\/\/koningdrone.be\/wp-content\/uploads\/sites\/13\/2025\/04\/koningdrone-copyright-logo.svg","width":227,"height":38,"caption":"Koningdrone.be"},"image":{"@id":"https:\/\/koningdrone.be\/#\/schema\/logo\/image\/"}}]}},"_links":{"self":[{"href":"https:\/\/koningdrone.be\/es\/wp-json\/wp\/v2\/pages\/694","targetHints":{"allow":["GET"]}}],"collection":[{"href":"https:\/\/koningdrone.be\/es\/wp-json\/wp\/v2\/pages"}],"about":[{"href":"https:\/\/koningdrone.be\/es\/wp-json\/wp\/v2\/types\/page"}],"author":[{"embeddable":true,"href":"https:\/\/koningdrone.be\/es\/wp-json\/wp\/v2\/users\/7"}],"replies":[{"embeddable":true,"href":"https:\/\/koningdrone.be\/es\/wp-json\/wp\/v2\/comments?post=694"}],"version-history":[{"count":0,"href":"https:\/\/koningdrone.be\/es\/wp-json\/wp\/v2\/pages\/694\/revisions"}],"wp:attachment":[{"href":"https:\/\/koningdrone.be\/es\/wp-json\/wp\/v2\/media?parent=694"}],"curies":[{"name":"wp","href":"https:\/\/api.w.org\/{rel}","templated":true}]}}