{"id":691,"date":"2025-04-23T07:06:22","date_gmt":"2025-04-23T07:06:22","guid":{"rendered":"https:\/\/koningdrone.nl\/kon\/retourneren\/"},"modified":"2026-04-16T03:12:51","modified_gmt":"2026-04-16T01:12:51","slug":"retourneren","status":"publish","type":"page","link":"https:\/\/koningdrone.be\/es\/retourneren\/","title":{"rendered":"Devoluci\u00f3n"},"content":{"rendered":"<div data-elementor-type=\"wp-page\" data-elementor-id=\"691\" class=\"elementor elementor-691\" data-elementor-post-type=\"page\">\n\t\t\t\t\t\t<section class=\"elementor-section elementor-top-section elementor-element elementor-element-16b06dc6 elementor-section-boxed elementor-section-height-default elementor-section-height-default\" data-id=\"16b06dc6\" data-element_type=\"section\" data-e-type=\"section\">\n\t\t\t\t\t\t<div class=\"elementor-container elementor-column-gap-default\">\n\t\t\t\t\t<div class=\"elementor-column elementor-col-100 elementor-top-column elementor-element elementor-element-10f6660\" data-id=\"10f6660\" data-element_type=\"column\" data-e-type=\"column\">\n\t\t\t<div class=\"elementor-widget-wrap elementor-element-populated\">\n\t\t\t\t\t\t<div class=\"elementor-element elementor-element-fa05772 elementor-widget elementor-widget-spacer\" data-id=\"fa05772\" data-element_type=\"widget\" data-e-type=\"widget\" data-widget_type=\"spacer.default\">\n\t\t\t\t\t\t\t<div class=\"elementor-spacer\">\n\t\t\t<div class=\"elementor-spacer-inner\"><\/div>\n\t\t<\/div>\n\t\t\t\t\t\t<\/div>\n\t\t\t\t<div class=\"elementor-element elementor-element-4b933bc4 elementor-widget elementor-widget-text-editor\" data-id=\"4b933bc4\" data-element_type=\"widget\" data-e-type=\"widget\" data-widget_type=\"text-editor.default\">\n\t\t\t\t\t\t\t\t\t<h1>Devoluci\u00f3n<\/h1><p>Tiene derecho a anular su pedido hasta 14 d\u00edas a partir de la fecha de recepci\u00f3n sin indicar el motivo. Tras la anulaci\u00f3n, dispone de otros 14 d\u00edas para devolver el producto. Entonces se le abonar\u00e1 el importe total del pedido, incluidos los gastos de env\u00edo. S\u00f3lo correr\u00e1n de su cuenta los gastos de devoluci\u00f3n desde su domicilio hasta la tienda. Estos gastos son de aproximadamente 7,25 euros por paquete. Consulte la p\u00e1gina web de su transportista para conocer las tarifas exactas. Si ejerce su derecho de desistimiento, el producto debe devolverse con todos los accesorios entregados y -si es razonablemente posible- en su estado y embalaje originales. Si el producto o el embalaje resultan m\u00e1s da\u00f1ados de lo necesario para vender el producto, podremos repercutirle esta depreciaci\u00f3n. Por tanto, trate el producto con cuidado y aseg\u00farese de que se devuelve correctamente embalado.\u00a0<strong>\u00bfC\u00f3mo devolver el producto?<\/strong><\/p><ul data-spread=\"false\"><li>Comunique su devoluci\u00f3n a trav\u00e9s de\u00a0<a>info@koningdrone.be<\/a>\u00a0incluya su nombre, n\u00famero de pedido y motivo de la devoluci\u00f3n (opcional).<\/li><li>Indique claramente su n\u00famero de pedido en el paquete.<\/li><li>Los env\u00edos de devoluci\u00f3n corren por cuenta y riesgo del comprador. Por lo tanto, solicite siempre un c\u00f3digo de seguimiento (por ejemplo, el n\u00famero 3S) al transportista y gu\u00e1rdelo en un lugar seguro.<\/li><\/ul><p><strong>Excepciones:<\/strong>\u00a0Algunos art\u00edculos no pueden devolverse:<\/p><ul data-spread=\"false\"><li>Productos adaptados a sus especificaciones<\/li><li>Productos hechos especialmente para usted<\/li><li>Productos que se estropean r\u00e1pidamente<\/li><\/ul><p><strong>Reembolso:<\/strong>\u00a0Nuestro objetivo es reembolsarle el precio de compra en un plazo de 3 d\u00edas laborables, pero no m\u00e1s tarde de 14 d\u00edas tras la recepci\u00f3n y tramitaci\u00f3n de su devoluci\u00f3n. Si ha pagado por iDeal o transferencia bancaria, suele ser m\u00e1s r\u00e1pido que si ha pagado por Paypal o Afterpay. En cuanto hayamos procesado su devoluci\u00f3n, recibir\u00e1 una confirmaci\u00f3n por correo electr\u00f3nico o por tel\u00e9fono.\u00a0<strong>Devuelve las condiciones exteriores:<\/strong>\u00a0Si devuelve un art\u00edculo fuera de las condiciones establecidas, lamentablemente no podremos tramitarlo. En este caso no se garantiza el reembolso. En caso de duda, p\u00f3ngase siempre en contacto primero con nuestro servicio de atenci\u00f3n al cliente a trav\u00e9s de\u00a0<a>info@koningdrone.be<\/a>. \u00a0<\/p>\t\t\t\t\t\t\t\t<\/div>\n\t\t\t\t\t<\/div>\n\t\t<\/div>\n\t\t\t\t\t<\/div>\n\t\t<\/section>\n\t\t\t\t<\/div>","protected":false},"excerpt":{"rendered":"<p>Retourneren U heeft het recht uw bestelling tot 14 dagen na de dag van ontvangst zonder opgave van reden te annuleren. Na annulering heeft u nogmaals 14 dagen de tijd om uw product retour te sturen. U krijgt dan het volledige orderbedrag inclusief verzendkosten gecrediteerd. Alleen de kosten voor retour van u thuis naar de [&hellip;]<\/p>\n","protected":false},"author":7,"featured_media":0,"parent":0,"menu_order":0,"comment_status":"closed","ping_status":"closed","template":"","meta":{"_acf_changed":false,"footnotes":""},"class_list":["post-691","page","type-page","status-publish","hentry"],"acf":[],"yoast_head":"<!-- This site is optimized with the Yoast SEO Premium plugin v27.2 (Yoast SEO v27.2) - https:\/\/yoast.com\/product\/yoast-seo-premium-wordpress\/ -->\n<title>Retourneren - koningdrone.be<\/title>\n<meta name=\"robots\" content=\"index, follow, max-snippet:-1, max-image-preview:large, max-video-preview:-1\" \/>\n<link rel=\"canonical\" href=\"https:\/\/koningdrone.be\/es\/retourneren\/\" \/>\n<meta property=\"og:locale\" content=\"es_ES\" \/>\n<meta property=\"og:type\" content=\"article\" \/>\n<meta property=\"og:title\" content=\"Retourneren\" \/>\n<meta property=\"og:description\" content=\"Retourneren U heeft het recht uw bestelling tot 14 dagen na de dag van ontvangst zonder opgave van reden te annuleren. Na annulering heeft u nogmaals 14 dagen de tijd om uw product retour te sturen. U krijgt dan het volledige orderbedrag inclusief verzendkosten gecrediteerd. Alleen de kosten voor retour van u thuis naar de [&hellip;]\" \/>\n<meta property=\"og:url\" content=\"https:\/\/koningdrone.be\/es\/retourneren\/\" \/>\n<meta property=\"og:site_name\" content=\"koningdrone.be\" \/>\n<meta property=\"article:modified_time\" content=\"2026-04-16T01:12:51+00:00\" \/>\n<meta name=\"twitter:card\" content=\"summary_large_image\" \/>\n<meta name=\"twitter:label1\" content=\"Tiempo de lectura\" \/>\n\t<meta name=\"twitter:data1\" content=\"2 minutos\" \/>\n<script type=\"application\/ld+json\" class=\"yoast-schema-graph\">{\"@context\":\"https:\/\/schema.org\",\"@graph\":[{\"@type\":\"WebPage\",\"@id\":\"https:\/\/koningdrone.be\/retourneren\/\",\"url\":\"https:\/\/koningdrone.be\/retourneren\/\",\"name\":\"Retourneren - koningdrone.be\",\"isPartOf\":{\"@id\":\"https:\/\/koningdrone.be\/#website\"},\"datePublished\":\"2025-04-23T07:06:22+00:00\",\"dateModified\":\"2026-04-16T01:12:51+00:00\",\"breadcrumb\":{\"@id\":\"https:\/\/koningdrone.be\/retourneren\/#breadcrumb\"},\"inLanguage\":\"es\",\"potentialAction\":[{\"@type\":\"ReadAction\",\"target\":[\"https:\/\/koningdrone.be\/retourneren\/\"]}]},{\"@type\":\"BreadcrumbList\",\"@id\":\"https:\/\/koningdrone.be\/retourneren\/#breadcrumb\",\"itemListElement\":[{\"@type\":\"ListItem\",\"position\":1,\"name\":\"Home\",\"item\":\"https:\/\/koningdrone.be\/\"},{\"@type\":\"ListItem\",\"position\":2,\"name\":\"Retourneren\"}]},{\"@type\":\"WebSite\",\"@id\":\"https:\/\/koningdrone.be\/#website\",\"url\":\"https:\/\/koningdrone.be\/\",\"name\":\"Koningdrone.be - Uw online specialist in drones, gimbals, camera's en power stations.\",\"description\":\"De webshop in drones en gimbals\",\"publisher\":{\"@id\":\"https:\/\/koningdrone.be\/#organization\"},\"potentialAction\":[{\"@type\":\"SearchAction\",\"target\":{\"@type\":\"EntryPoint\",\"urlTemplate\":\"https:\/\/koningdrone.be\/?s={search_term_string}\"},\"query-input\":{\"@type\":\"PropertyValueSpecification\",\"valueRequired\":true,\"valueName\":\"search_term_string\"}}],\"inLanguage\":\"es\"},{\"@type\":\"Organization\",\"@id\":\"https:\/\/koningdrone.be\/#organization\",\"name\":\"Koningdrone.be\",\"url\":\"https:\/\/koningdrone.be\/\",\"logo\":{\"@type\":\"ImageObject\",\"inLanguage\":\"es\",\"@id\":\"https:\/\/koningdrone.be\/#\/schema\/logo\/image\/\",\"url\":\"https:\/\/koningdrone.be\/wp-content\/uploads\/sites\/13\/2025\/04\/koningdrone-copyright-logo.svg\",\"contentUrl\":\"https:\/\/koningdrone.be\/wp-content\/uploads\/sites\/13\/2025\/04\/koningdrone-copyright-logo.svg\",\"width\":227,\"height\":38,\"caption\":\"Koningdrone.be\"},\"image\":{\"@id\":\"https:\/\/koningdrone.be\/#\/schema\/logo\/image\/\"}}]}<\/script>\n<!-- \/ Yoast SEO Premium plugin. -->","yoast_head_json":{"title":"Retourneren - koningdrone.be","robots":{"index":"index","follow":"follow","max-snippet":"max-snippet:-1","max-image-preview":"max-image-preview:large","max-video-preview":"max-video-preview:-1"},"canonical":"https:\/\/koningdrone.be\/es\/retourneren\/","og_locale":"es_ES","og_type":"article","og_title":"Retourneren","og_description":"Retourneren U heeft het recht uw bestelling tot 14 dagen na de dag van ontvangst zonder opgave van reden te annuleren. Na annulering heeft u nogmaals 14 dagen de tijd om uw product retour te sturen. U krijgt dan het volledige orderbedrag inclusief verzendkosten gecrediteerd. Alleen de kosten voor retour van u thuis naar de [&hellip;]","og_url":"https:\/\/koningdrone.be\/es\/retourneren\/","og_site_name":"koningdrone.be","article_modified_time":"2026-04-16T01:12:51+00:00","twitter_card":"summary_large_image","twitter_misc":{"Tiempo de lectura":"2 minutos"},"schema":{"@context":"https:\/\/schema.org","@graph":[{"@type":"WebPage","@id":"https:\/\/koningdrone.be\/retourneren\/","url":"https:\/\/koningdrone.be\/retourneren\/","name":"Retourneren - koningdrone.be","isPartOf":{"@id":"https:\/\/koningdrone.be\/#website"},"datePublished":"2025-04-23T07:06:22+00:00","dateModified":"2026-04-16T01:12:51+00:00","breadcrumb":{"@id":"https:\/\/koningdrone.be\/retourneren\/#breadcrumb"},"inLanguage":"es","potentialAction":[{"@type":"ReadAction","target":["https:\/\/koningdrone.be\/retourneren\/"]}]},{"@type":"BreadcrumbList","@id":"https:\/\/koningdrone.be\/retourneren\/#breadcrumb","itemListElement":[{"@type":"ListItem","position":1,"name":"Home","item":"https:\/\/koningdrone.be\/"},{"@type":"ListItem","position":2,"name":"Retourneren"}]},{"@type":"WebSite","@id":"https:\/\/koningdrone.be\/#website","url":"https:\/\/koningdrone.be\/","name":"Koningdrone.be - Su especialista en l\u00ednea en drones, cardanes, c\u00e1maras y centrales el\u00e9ctricas.","description":"La tienda virtual de drones y cardanes","publisher":{"@id":"https:\/\/koningdrone.be\/#organization"},"potentialAction":[{"@type":"SearchAction","target":{"@type":"EntryPoint","urlTemplate":"https:\/\/koningdrone.be\/?s={search_term_string}"},"query-input":{"@type":"PropertyValueSpecification","valueRequired":true,"valueName":"search_term_string"}}],"inLanguage":"es"},{"@type":"Organization","@id":"https:\/\/koningdrone.be\/#organization","name":"Kingdrone.es","url":"https:\/\/koningdrone.be\/","logo":{"@type":"ImageObject","inLanguage":"es","@id":"https:\/\/koningdrone.be\/#\/schema\/logo\/image\/","url":"https:\/\/koningdrone.be\/wp-content\/uploads\/sites\/13\/2025\/04\/koningdrone-copyright-logo.svg","contentUrl":"https:\/\/koningdrone.be\/wp-content\/uploads\/sites\/13\/2025\/04\/koningdrone-copyright-logo.svg","width":227,"height":38,"caption":"Koningdrone.be"},"image":{"@id":"https:\/\/koningdrone.be\/#\/schema\/logo\/image\/"}}]}},"_links":{"self":[{"href":"https:\/\/koningdrone.be\/es\/wp-json\/wp\/v2\/pages\/691","targetHints":{"allow":["GET"]}}],"collection":[{"href":"https:\/\/koningdrone.be\/es\/wp-json\/wp\/v2\/pages"}],"about":[{"href":"https:\/\/koningdrone.be\/es\/wp-json\/wp\/v2\/types\/page"}],"author":[{"embeddable":true,"href":"https:\/\/koningdrone.be\/es\/wp-json\/wp\/v2\/users\/7"}],"replies":[{"embeddable":true,"href":"https:\/\/koningdrone.be\/es\/wp-json\/wp\/v2\/comments?post=691"}],"version-history":[{"count":3,"href":"https:\/\/koningdrone.be\/es\/wp-json\/wp\/v2\/pages\/691\/revisions"}],"predecessor-version":[{"id":19050,"href":"https:\/\/koningdrone.be\/es\/wp-json\/wp\/v2\/pages\/691\/revisions\/19050"}],"wp:attachment":[{"href":"https:\/\/koningdrone.be\/es\/wp-json\/wp\/v2\/media?parent=691"}],"curies":[{"name":"wp","href":"https:\/\/api.w.org\/{rel}","templated":true}]}}