{"id":684,"date":"2025-04-23T07:06:21","date_gmt":"2025-04-23T07:06:21","guid":{"rendered":"https:\/\/koningdrone.nl\/kon\/over-koningdrone\/"},"modified":"2026-04-16T03:18:25","modified_gmt":"2026-04-16T01:18:25","slug":"over-koningdrone","status":"publish","type":"page","link":"https:\/\/koningdrone.be\/es\/over-koningdrone\/","title":{"rendered":"Acerca de Kingdrone"},"content":{"rendered":"<div data-elementor-type=\"wp-page\" data-elementor-id=\"684\" class=\"elementor elementor-684\" data-elementor-post-type=\"page\">\n\t\t\t\t\t\t<section class=\"elementor-section elementor-top-section elementor-element elementor-element-5bb69675 elementor-section-boxed elementor-section-height-default elementor-section-height-default\" data-id=\"5bb69675\" data-element_type=\"section\" data-e-type=\"section\">\n\t\t\t\t\t\t<div class=\"elementor-container elementor-column-gap-default\">\n\t\t\t\t\t<div class=\"elementor-column elementor-col-100 elementor-top-column elementor-element elementor-element-3d01ebca\" data-id=\"3d01ebca\" data-element_type=\"column\" data-e-type=\"column\">\n\t\t\t<div class=\"elementor-widget-wrap elementor-element-populated\">\n\t\t\t\t\t\t<div class=\"elementor-element elementor-element-4f2e1cd7 elementor-widget elementor-widget-text-editor\" data-id=\"4f2e1cd7\" data-element_type=\"widget\" data-e-type=\"widget\" data-widget_type=\"text-editor.default\">\n\t\t\t\t\t\t\t\t\t<h1>Acerca de Kingdrone<\/h1><p>Kingdrone es especialista en tecnolog\u00eda de drones y equipos de misi\u00f3n cr\u00edtica, y presta apoyo a profesionales y pilotos de toda Europa. Activos en el sector de los drones desde 2019, operamos a la vanguardia de un mercado en r\u00e1pida evoluci\u00f3n. Al hacerlo, proporcionamos no solo hardware de alta calidad, sino tambi\u00e9n la experiencia pr\u00e1ctica y la orientaci\u00f3n personal necesarias para una implementaci\u00f3n exitosa.<\/p><p>\u00a0Nuestra oferta abarca todo el ecosistema de los drones:<\/p><ul><li style=\"margin-left: 15px;\"><p><strong>Sistemas y cargas \u00fatiles<\/strong>\u00a0- Drones de alto rendimiento y sensores especializados<\/p><\/li><li style=\"margin-left: 15px;\"><p><strong>Energ\u00eda y centrales el\u00e9ctricas<\/strong>\u00a0- Sistemas de carga y alimentaci\u00f3n fiables para operaciones a largo plazo<\/p><\/li><li style=\"margin-left: 15px;\"><p><strong>Accesorios t\u00e9cnicos<\/strong>\u00a0- Equipos cuidadosamente seleccionados por su seguridad, eficacia y fiabilidad<\/p><\/li><\/ul><p>Todos los productos de nuestra gama se seleccionan por su calidad, durabilidad y aplicabilidad pr\u00e1ctica.\u00a0<\/p><p>Como socio de confianza en el sector de los drones, creemos en el asesoramiento honesto y las colaboraciones a largo plazo. Gracias a nuestra experiencia acumulada, nos enorgullecemos de apoyar a nuestros clientes con el equipo adecuado y asesoramiento experto, ahora y para futuros retos.\u00a0<\/p>\t\t\t\t\t\t\t\t<\/div>\n\t\t\t\t<div class=\"elementor-element elementor-element-51abc5b1 elementor-widget elementor-widget-image\" data-id=\"51abc5b1\" data-element_type=\"widget\" data-e-type=\"widget\" data-widget_type=\"image.default\">\n\t\t\t\t\t\t\t\t\t\t\t\t\t\t\t<img loading=\"lazy\" decoding=\"async\" width=\"382\" height=\"174\" src=\"https:\/\/koningdrone.be\/wp-content\/uploads\/sites\/13\/2025\/04\/koningdrone-logo_cta.png\" class=\"attachment-large size-large wp-image-685\" alt=\"\" srcset=\"https:\/\/koningdrone.be\/wp-content\/uploads\/sites\/13\/2025\/04\/koningdrone-logo_cta.png 382w, https:\/\/koningdrone.be\/wp-content\/uploads\/sites\/13\/2025\/04\/koningdrone-logo_cta-300x137.png 300w\" sizes=\"auto, (max-width: 382px) 100vw, 382px\" \/>\t\t\t\t\t\t\t\t\t\t\t\t\t\t\t<\/div>\n\t\t\t\t\t<\/div>\n\t\t<\/div>\n\t\t\t\t\t<\/div>\n\t\t<\/section>\n\t\t\t\t<\/div>","protected":false},"excerpt":{"rendered":"<p>Over Koningdrone Koningdrone is een specialist in dronetechnologie en missie-kritische apparatuur en ondersteunt professionals en piloten door heel Europa. Sinds 2019 zijn wij actief in de drone-industrie en opereren wij aan de voorhoede van een snel veranderende markt. Daarbij leveren wij niet alleen hoogwaardige hardware, maar ook de praktische expertise en persoonlijke begeleiding die nodig [&hellip;]<\/p>\n","protected":false},"author":7,"featured_media":0,"parent":0,"menu_order":0,"comment_status":"closed","ping_status":"closed","template":"","meta":{"_acf_changed":false,"footnotes":""},"class_list":["post-684","page","type-page","status-publish","hentry"],"acf":[],"yoast_head":"<!-- This site is optimized with the Yoast SEO Premium plugin v27.2 (Yoast SEO v27.2) - https:\/\/yoast.com\/product\/yoast-seo-premium-wordpress\/ -->\n<title>Over Koningdrone - koningdrone.be<\/title>\n<meta name=\"robots\" content=\"index, follow, max-snippet:-1, max-image-preview:large, max-video-preview:-1\" \/>\n<link rel=\"canonical\" href=\"https:\/\/koningdrone.be\/es\/over-koningdrone\/\" \/>\n<meta property=\"og:locale\" content=\"es_ES\" \/>\n<meta property=\"og:type\" content=\"article\" \/>\n<meta property=\"og:title\" content=\"Over Koningdrone\" \/>\n<meta property=\"og:description\" content=\"Over Koningdrone Koningdrone is een specialist in dronetechnologie en missie-kritische apparatuur en ondersteunt professionals en piloten door heel Europa. Sinds 2019 zijn wij actief in de drone-industrie en opereren wij aan de voorhoede van een snel veranderende markt. Daarbij leveren wij niet alleen hoogwaardige hardware, maar ook de praktische expertise en persoonlijke begeleiding die nodig [&hellip;]\" \/>\n<meta property=\"og:url\" content=\"https:\/\/koningdrone.be\/es\/over-koningdrone\/\" \/>\n<meta property=\"og:site_name\" content=\"koningdrone.be\" \/>\n<meta property=\"article:modified_time\" content=\"2026-04-16T01:18:25+00:00\" \/>\n<meta property=\"og:image\" content=\"https:\/\/koningdrone.be\/wp-content\/uploads\/sites\/13\/2025\/04\/koningdrone-logo_cta.png\" \/>\n\t<meta property=\"og:image:width\" content=\"382\" \/>\n\t<meta property=\"og:image:height\" content=\"174\" \/>\n\t<meta property=\"og:image:type\" content=\"image\/png\" \/>\n<meta name=\"twitter:card\" content=\"summary_large_image\" \/>\n<meta name=\"twitter:label1\" content=\"Tiempo de lectura\" \/>\n\t<meta name=\"twitter:data1\" content=\"1 minuto\" \/>\n<script type=\"application\/ld+json\" class=\"yoast-schema-graph\">{\"@context\":\"https:\/\/schema.org\",\"@graph\":[{\"@type\":\"WebPage\",\"@id\":\"https:\/\/koningdrone.be\/over-koningdrone\/\",\"url\":\"https:\/\/koningdrone.be\/over-koningdrone\/\",\"name\":\"Over Koningdrone - koningdrone.be\",\"isPartOf\":{\"@id\":\"https:\/\/koningdrone.be\/#website\"},\"primaryImageOfPage\":{\"@id\":\"https:\/\/koningdrone.be\/over-koningdrone\/#primaryimage\"},\"image\":{\"@id\":\"https:\/\/koningdrone.be\/over-koningdrone\/#primaryimage\"},\"thumbnailUrl\":\"https:\/\/koningdrone.be\/wp-content\/uploads\/sites\/13\/2025\/04\/koningdrone-logo_cta.png\",\"datePublished\":\"2025-04-23T07:06:21+00:00\",\"dateModified\":\"2026-04-16T01:18:25+00:00\",\"breadcrumb\":{\"@id\":\"https:\/\/koningdrone.be\/over-koningdrone\/#breadcrumb\"},\"inLanguage\":\"es\",\"potentialAction\":[{\"@type\":\"ReadAction\",\"target\":[\"https:\/\/koningdrone.be\/over-koningdrone\/\"]}]},{\"@type\":\"ImageObject\",\"inLanguage\":\"es\",\"@id\":\"https:\/\/koningdrone.be\/over-koningdrone\/#primaryimage\",\"url\":\"https:\/\/koningdrone.be\/wp-content\/uploads\/sites\/13\/2025\/04\/koningdrone-logo_cta.png\",\"contentUrl\":\"https:\/\/koningdrone.be\/wp-content\/uploads\/sites\/13\/2025\/04\/koningdrone-logo_cta.png\"},{\"@type\":\"BreadcrumbList\",\"@id\":\"https:\/\/koningdrone.be\/over-koningdrone\/#breadcrumb\",\"itemListElement\":[{\"@type\":\"ListItem\",\"position\":1,\"name\":\"Home\",\"item\":\"https:\/\/koningdrone.be\/\"},{\"@type\":\"ListItem\",\"position\":2,\"name\":\"Over Koningdrone\"}]},{\"@type\":\"WebSite\",\"@id\":\"https:\/\/koningdrone.be\/#website\",\"url\":\"https:\/\/koningdrone.be\/\",\"name\":\"Koningdrone.be - Uw online specialist in drones, gimbals, camera's en power stations.\",\"description\":\"De webshop in drones en gimbals\",\"publisher\":{\"@id\":\"https:\/\/koningdrone.be\/#organization\"},\"potentialAction\":[{\"@type\":\"SearchAction\",\"target\":{\"@type\":\"EntryPoint\",\"urlTemplate\":\"https:\/\/koningdrone.be\/?s={search_term_string}\"},\"query-input\":{\"@type\":\"PropertyValueSpecification\",\"valueRequired\":true,\"valueName\":\"search_term_string\"}}],\"inLanguage\":\"es\"},{\"@type\":\"Organization\",\"@id\":\"https:\/\/koningdrone.be\/#organization\",\"name\":\"Koningdrone.be\",\"url\":\"https:\/\/koningdrone.be\/\",\"logo\":{\"@type\":\"ImageObject\",\"inLanguage\":\"es\",\"@id\":\"https:\/\/koningdrone.be\/#\/schema\/logo\/image\/\",\"url\":\"https:\/\/koningdrone.be\/wp-content\/uploads\/sites\/13\/2025\/04\/koningdrone-copyright-logo.svg\",\"contentUrl\":\"https:\/\/koningdrone.be\/wp-content\/uploads\/sites\/13\/2025\/04\/koningdrone-copyright-logo.svg\",\"width\":227,\"height\":38,\"caption\":\"Koningdrone.be\"},\"image\":{\"@id\":\"https:\/\/koningdrone.be\/#\/schema\/logo\/image\/\"}}]}<\/script>\n<!-- \/ Yoast SEO Premium plugin. -->","yoast_head_json":{"title":"Over Koningdrone - koningdrone.be","robots":{"index":"index","follow":"follow","max-snippet":"max-snippet:-1","max-image-preview":"max-image-preview:large","max-video-preview":"max-video-preview:-1"},"canonical":"https:\/\/koningdrone.be\/es\/over-koningdrone\/","og_locale":"es_ES","og_type":"article","og_title":"Over Koningdrone","og_description":"Over Koningdrone Koningdrone is een specialist in dronetechnologie en missie-kritische apparatuur en ondersteunt professionals en piloten door heel Europa. Sinds 2019 zijn wij actief in de drone-industrie en opereren wij aan de voorhoede van een snel veranderende markt. Daarbij leveren wij niet alleen hoogwaardige hardware, maar ook de praktische expertise en persoonlijke begeleiding die nodig [&hellip;]","og_url":"https:\/\/koningdrone.be\/es\/over-koningdrone\/","og_site_name":"koningdrone.be","article_modified_time":"2026-04-16T01:18:25+00:00","og_image":[{"width":382,"height":174,"url":"https:\/\/koningdrone.be\/wp-content\/uploads\/sites\/13\/2025\/04\/koningdrone-logo_cta.png","type":"image\/png"}],"twitter_card":"summary_large_image","twitter_misc":{"Tiempo de lectura":"1 minuto"},"schema":{"@context":"https:\/\/schema.org","@graph":[{"@type":"WebPage","@id":"https:\/\/koningdrone.be\/over-koningdrone\/","url":"https:\/\/koningdrone.be\/over-koningdrone\/","name":"Over Koningdrone - koningdrone.be","isPartOf":{"@id":"https:\/\/koningdrone.be\/#website"},"primaryImageOfPage":{"@id":"https:\/\/koningdrone.be\/over-koningdrone\/#primaryimage"},"image":{"@id":"https:\/\/koningdrone.be\/over-koningdrone\/#primaryimage"},"thumbnailUrl":"https:\/\/koningdrone.be\/wp-content\/uploads\/sites\/13\/2025\/04\/koningdrone-logo_cta.png","datePublished":"2025-04-23T07:06:21+00:00","dateModified":"2026-04-16T01:18:25+00:00","breadcrumb":{"@id":"https:\/\/koningdrone.be\/over-koningdrone\/#breadcrumb"},"inLanguage":"es","potentialAction":[{"@type":"ReadAction","target":["https:\/\/koningdrone.be\/over-koningdrone\/"]}]},{"@type":"ImageObject","inLanguage":"es","@id":"https:\/\/koningdrone.be\/over-koningdrone\/#primaryimage","url":"https:\/\/koningdrone.be\/wp-content\/uploads\/sites\/13\/2025\/04\/koningdrone-logo_cta.png","contentUrl":"https:\/\/koningdrone.be\/wp-content\/uploads\/sites\/13\/2025\/04\/koningdrone-logo_cta.png"},{"@type":"BreadcrumbList","@id":"https:\/\/koningdrone.be\/over-koningdrone\/#breadcrumb","itemListElement":[{"@type":"ListItem","position":1,"name":"Home","item":"https:\/\/koningdrone.be\/"},{"@type":"ListItem","position":2,"name":"Over Koningdrone"}]},{"@type":"WebSite","@id":"https:\/\/koningdrone.be\/#website","url":"https:\/\/koningdrone.be\/","name":"Koningdrone.be - Su especialista en l\u00ednea en drones, cardanes, c\u00e1maras y centrales el\u00e9ctricas.","description":"La tienda virtual de drones y cardanes","publisher":{"@id":"https:\/\/koningdrone.be\/#organization"},"potentialAction":[{"@type":"SearchAction","target":{"@type":"EntryPoint","urlTemplate":"https:\/\/koningdrone.be\/?s={search_term_string}"},"query-input":{"@type":"PropertyValueSpecification","valueRequired":true,"valueName":"search_term_string"}}],"inLanguage":"es"},{"@type":"Organization","@id":"https:\/\/koningdrone.be\/#organization","name":"Kingdrone.es","url":"https:\/\/koningdrone.be\/","logo":{"@type":"ImageObject","inLanguage":"es","@id":"https:\/\/koningdrone.be\/#\/schema\/logo\/image\/","url":"https:\/\/koningdrone.be\/wp-content\/uploads\/sites\/13\/2025\/04\/koningdrone-copyright-logo.svg","contentUrl":"https:\/\/koningdrone.be\/wp-content\/uploads\/sites\/13\/2025\/04\/koningdrone-copyright-logo.svg","width":227,"height":38,"caption":"Koningdrone.be"},"image":{"@id":"https:\/\/koningdrone.be\/#\/schema\/logo\/image\/"}}]}},"_links":{"self":[{"href":"https:\/\/koningdrone.be\/es\/wp-json\/wp\/v2\/pages\/684","targetHints":{"allow":["GET"]}}],"collection":[{"href":"https:\/\/koningdrone.be\/es\/wp-json\/wp\/v2\/pages"}],"about":[{"href":"https:\/\/koningdrone.be\/es\/wp-json\/wp\/v2\/types\/page"}],"author":[{"embeddable":true,"href":"https:\/\/koningdrone.be\/es\/wp-json\/wp\/v2\/users\/7"}],"replies":[{"embeddable":true,"href":"https:\/\/koningdrone.be\/es\/wp-json\/wp\/v2\/comments?post=684"}],"version-history":[{"count":3,"href":"https:\/\/koningdrone.be\/es\/wp-json\/wp\/v2\/pages\/684\/revisions"}],"predecessor-version":[{"id":19064,"href":"https:\/\/koningdrone.be\/es\/wp-json\/wp\/v2\/pages\/684\/revisions\/19064"}],"wp:attachment":[{"href":"https:\/\/koningdrone.be\/es\/wp-json\/wp\/v2\/media?parent=684"}],"curies":[{"name":"wp","href":"https:\/\/api.w.org\/{rel}","templated":true}]}}