{"id":681,"date":"2025-04-23T07:06:21","date_gmt":"2025-04-23T07:06:21","guid":{"rendered":"https:\/\/koningdrone.nl\/kon\/bedrijfsinformatie\/"},"modified":"2025-05-28T08:15:49","modified_gmt":"2025-05-28T06:15:49","slug":"bedrijfsinformatie","status":"publish","type":"page","link":"https:\/\/koningdrone.be\/es\/bedrijfsinformatie\/","title":{"rendered":"Informaci\u00f3n sobre la empresa"},"content":{"rendered":"<div data-elementor-type=\"wp-page\" data-elementor-id=\"681\" class=\"elementor elementor-681\" data-elementor-post-type=\"page\">\n\t\t\t\t\t\t<section class=\"elementor-section elementor-top-section elementor-element elementor-element-4adf167a elementor-section-boxed elementor-section-height-default elementor-section-height-default\" data-id=\"4adf167a\" data-element_type=\"section\" data-e-type=\"section\">\n\t\t\t\t\t\t<div class=\"elementor-container elementor-column-gap-default\">\n\t\t\t\t\t<div class=\"elementor-column elementor-col-100 elementor-top-column elementor-element elementor-element-ce9cc98\" data-id=\"ce9cc98\" data-element_type=\"column\" data-e-type=\"column\">\n\t\t\t<div class=\"elementor-widget-wrap elementor-element-populated\">\n\t\t\t\t\t\t<div class=\"elementor-element elementor-element-482b1fc7 elementor-widget elementor-widget-spacer\" data-id=\"482b1fc7\" data-element_type=\"widget\" data-e-type=\"widget\" data-widget_type=\"spacer.default\">\n\t\t\t\t\t\t\t<div class=\"elementor-spacer\">\n\t\t\t<div class=\"elementor-spacer-inner\"><\/div>\n\t\t<\/div>\n\t\t\t\t\t\t<\/div>\n\t\t\t\t<div class=\"elementor-element elementor-element-2c9785e1 elementor-widget elementor-widget-heading\" data-id=\"2c9785e1\" data-element_type=\"widget\" data-e-type=\"widget\" data-widget_type=\"heading.default\">\n\t\t\t\t\t<h2 class=\"elementor-heading-title elementor-size-default\">Informaci\u00f3n sobre la empresa<\/h2>\t\t\t\t<\/div>\n\t\t\t\t<div class=\"elementor-element elementor-element-7914c8ae elementor-widget elementor-widget-text-editor\" data-id=\"7914c8ae\" data-element_type=\"widget\" data-e-type=\"widget\" data-widget_type=\"text-editor.default\">\n\t\t\t\t\t\t\t\t\t<p>A continuaci\u00f3n encontrar\u00e1 los datos oficiales de nuestra empresa. Si necesitas ayuda o tienes alguna duda visita nuestra p\u00e1gina de contacto.<\/p>\t\t\t\t\t\t\t\t<\/div>\n\t\t\t\t<div class=\"elementor-element elementor-element-789352b6 elementor-widget elementor-widget-text-editor\" data-id=\"789352b6\" data-element_type=\"widget\" data-e-type=\"widget\" data-widget_type=\"text-editor.default\">\n\t\t\t\t\t\t\t\t\t<table style=\"border-collapse: collapse; width: 100%;\">\n<tbody>\n<tr>\n<td style=\"width: 50%;\"><span style=\"vertical-align: inherit;\"><span style=\"vertical-align: inherit;\">Nombre de la empresa<\/span><\/span><\/td>\n<td style=\"width: 50%;\"><span style=\"vertical-align: inherit;\"><span style=\"vertical-align: inherit;\">UAVspaces BV<\/span><\/span><\/td>\n<\/tr>\n<tr>\n<td style=\"width: 50%;\"><span style=\"vertical-align: inherit;\"><span style=\"vertical-align: inherit;\">Correo electr\u00f3nico<\/span><\/span><\/td>\n<td style=\"width: 50%;\"><a href=\"mailto:info@koningdrone.be\"><span style=\"vertical-align: inherit;\"><span style=\"vertical-align: inherit;\">info@koningdrone.be<\/span><\/span><\/a><\/td>\n<\/tr>\n<tr>\n<td style=\"width: 50%;\"><span style=\"vertical-align: inherit;\"><span style=\"vertical-align: inherit;\">N\u00famero de tel\u00e9fono<\/span><\/span><\/td>\n<td style=\"width: 50%;\"><a href=\"tel:+32 800 58 119\"><span style=\"vertical-align: inherit;\"><span style=\"vertical-align: inherit;\">+32 800 58 119<\/span><\/span><\/a><\/td>\n<\/tr>\n<tr>\n<td style=\"width: 50%;\"><span style=\"vertical-align: inherit;\"><span style=\"vertical-align: inherit;\">N\u00famero de la C\u00e1mara de Comercio<\/span><\/span><\/td>\n<td style=\"width: 50%;\"><span style=\"vertical-align: inherit;\"><span style=\"vertical-align: inherit;\">74760211<\/span><\/span><\/td>\n<\/tr>\n<tr>\n<td style=\"width: 50%;\"><span style=\"vertical-align: inherit;\"><span style=\"vertical-align: inherit;\">N\u00famero de cuenta<\/span><\/span><\/td>\n<td style=\"width: 50%;\"><span style=\"vertical-align: inherit;\"><span style=\"vertical-align: inherit;\">NL80INGB0009696155<\/span><\/span><\/td>\n<\/tr>\n<tr>\n<td style=\"width: 50%;\"><span style=\"vertical-align: inherit;\"><span style=\"vertical-align: inherit;\">N\u00famero de IVA<\/span><\/span><\/td>\n<td style=\"width: 50%;\"><span style=\"vertical-align: inherit;\"><span style=\"vertical-align: inherit;\">NL860016845B01<\/span><\/span><\/td>\n<\/tr>\n<tr>\n<td style=\"width: 50%;\"><span style=\"vertical-align: inherit;\"><span style=\"vertical-align: inherit;\">Direcci\u00f3n<\/span><\/span><\/td>\n<td style=\"width: 50%;\"><span style=\"vertical-align: inherit;\"><span style=\"vertical-align: inherit;\">Marterkoog 7B, 1822 BK<\/span><\/span><\/td>\n<\/tr>\n<tr>\n<td style=\"width: 50%;\"><span style=\"vertical-align: inherit;\"><span style=\"vertical-align: inherit;\">Lugar<\/span><\/span><\/td>\n<td style=\"width: 50%;\"><span style=\"vertical-align: inherit;\"><span style=\"vertical-align: inherit;\">Alkmaar<\/span><\/span><\/td>\n<\/tr>\n<\/tbody>\n<\/table>\t\t\t\t\t\t\t\t<\/div>\n\t\t\t\t\t<\/div>\n\t\t<\/div>\n\t\t\t\t\t<\/div>\n\t\t<\/section>\n\t\t\t\t<\/div>","protected":false},"excerpt":{"rendered":"<p>Bedrijfsinformatie Hieronder staan onze offici\u00eble bedrijfsgegevens. Als je hulp nodig hebt of vragen hebt bezoek onze contact pagina. Company name UAVspaces BV E-mail info@koningdrone.be Phone number +32 800 58 119 Chamber of Commerce number 74760211 Account number NL80INGB0009696155 VAT number NL860016845B01 Address Marterkoog 7B, 1822 BK Place Alkmaar<\/p>","protected":false},"author":7,"featured_media":0,"parent":0,"menu_order":0,"comment_status":"closed","ping_status":"closed","template":"","meta":{"_acf_changed":false,"footnotes":""},"class_list":["post-681","page","type-page","status-publish","hentry"],"acf":[],"yoast_head":"<!-- This site is optimized with the Yoast SEO Premium plugin v27.2 (Yoast SEO v27.2) - https:\/\/yoast.com\/product\/yoast-seo-premium-wordpress\/ -->\n<title>Bedrijfsinformatie - koningdrone.be<\/title>\n<meta name=\"robots\" content=\"index, follow, max-snippet:-1, max-image-preview:large, max-video-preview:-1\" \/>\n<link rel=\"canonical\" href=\"https:\/\/koningdrone.be\/es\/bedrijfsinformatie\/\" \/>\n<meta property=\"og:locale\" content=\"es_ES\" \/>\n<meta property=\"og:type\" content=\"article\" \/>\n<meta property=\"og:title\" content=\"Bedrijfsinformatie\" \/>\n<meta property=\"og:description\" content=\"Bedrijfsinformatie Hieronder staan onze offici\u00eble bedrijfsgegevens. Als je hulp nodig hebt of vragen hebt bezoek onze contact pagina. Company name UAVspaces BV E-mail info@koningdrone.be Phone number +32 800 58 119 Chamber of Commerce number 74760211 Account number NL80INGB0009696155 VAT number NL860016845B01 Address Marterkoog 7B, 1822 BK Place Alkmaar\" \/>\n<meta property=\"og:url\" content=\"https:\/\/koningdrone.be\/es\/bedrijfsinformatie\/\" \/>\n<meta property=\"og:site_name\" content=\"koningdrone.be\" \/>\n<meta property=\"article:modified_time\" content=\"2025-05-28T06:15:49+00:00\" \/>\n<meta name=\"twitter:card\" content=\"summary_large_image\" \/>\n<meta name=\"twitter:label1\" content=\"Tiempo de lectura\" \/>\n\t<meta name=\"twitter:data1\" content=\"1 minuto\" \/>\n<script type=\"application\/ld+json\" class=\"yoast-schema-graph\">{\"@context\":\"https:\/\/schema.org\",\"@graph\":[{\"@type\":\"WebPage\",\"@id\":\"https:\/\/koningdrone.be\/bedrijfsinformatie\/\",\"url\":\"https:\/\/koningdrone.be\/bedrijfsinformatie\/\",\"name\":\"Bedrijfsinformatie - koningdrone.be\",\"isPartOf\":{\"@id\":\"https:\/\/koningdrone.be\/#website\"},\"datePublished\":\"2025-04-23T07:06:21+00:00\",\"dateModified\":\"2025-05-28T06:15:49+00:00\",\"breadcrumb\":{\"@id\":\"https:\/\/koningdrone.be\/bedrijfsinformatie\/#breadcrumb\"},\"inLanguage\":\"es\",\"potentialAction\":[{\"@type\":\"ReadAction\",\"target\":[\"https:\/\/koningdrone.be\/bedrijfsinformatie\/\"]}]},{\"@type\":\"BreadcrumbList\",\"@id\":\"https:\/\/koningdrone.be\/bedrijfsinformatie\/#breadcrumb\",\"itemListElement\":[{\"@type\":\"ListItem\",\"position\":1,\"name\":\"Home\",\"item\":\"https:\/\/koningdrone.be\/\"},{\"@type\":\"ListItem\",\"position\":2,\"name\":\"Bedrijfsinformatie\"}]},{\"@type\":\"WebSite\",\"@id\":\"https:\/\/koningdrone.be\/#website\",\"url\":\"https:\/\/koningdrone.be\/\",\"name\":\"Koningdrone.be - Uw online specialist in drones, gimbals, camera's en power stations.\",\"description\":\"De webshop in drones en gimbals\",\"publisher\":{\"@id\":\"https:\/\/koningdrone.be\/#organization\"},\"potentialAction\":[{\"@type\":\"SearchAction\",\"target\":{\"@type\":\"EntryPoint\",\"urlTemplate\":\"https:\/\/koningdrone.be\/?s={search_term_string}\"},\"query-input\":{\"@type\":\"PropertyValueSpecification\",\"valueRequired\":true,\"valueName\":\"search_term_string\"}}],\"inLanguage\":\"es\"},{\"@type\":\"Organization\",\"@id\":\"https:\/\/koningdrone.be\/#organization\",\"name\":\"Koningdrone.be\",\"url\":\"https:\/\/koningdrone.be\/\",\"logo\":{\"@type\":\"ImageObject\",\"inLanguage\":\"es\",\"@id\":\"https:\/\/koningdrone.be\/#\/schema\/logo\/image\/\",\"url\":\"https:\/\/koningdrone.be\/wp-content\/uploads\/sites\/13\/2025\/04\/koningdrone-copyright-logo.svg\",\"contentUrl\":\"https:\/\/koningdrone.be\/wp-content\/uploads\/sites\/13\/2025\/04\/koningdrone-copyright-logo.svg\",\"width\":227,\"height\":38,\"caption\":\"Koningdrone.be\"},\"image\":{\"@id\":\"https:\/\/koningdrone.be\/#\/schema\/logo\/image\/\"}}]}<\/script>\n<!-- \/ Yoast SEO Premium plugin. -->","yoast_head_json":{"title":"Bedrijfsinformatie - koningdrone.be","robots":{"index":"index","follow":"follow","max-snippet":"max-snippet:-1","max-image-preview":"max-image-preview:large","max-video-preview":"max-video-preview:-1"},"canonical":"https:\/\/koningdrone.be\/es\/bedrijfsinformatie\/","og_locale":"es_ES","og_type":"article","og_title":"Bedrijfsinformatie","og_description":"Bedrijfsinformatie Hieronder staan onze offici\u00eble bedrijfsgegevens. Als je hulp nodig hebt of vragen hebt bezoek onze contact pagina. Company name UAVspaces BV E-mail info@koningdrone.be Phone number +32 800 58 119 Chamber of Commerce number 74760211 Account number NL80INGB0009696155 VAT number NL860016845B01 Address Marterkoog 7B, 1822 BK Place Alkmaar","og_url":"https:\/\/koningdrone.be\/es\/bedrijfsinformatie\/","og_site_name":"koningdrone.be","article_modified_time":"2025-05-28T06:15:49+00:00","twitter_card":"summary_large_image","twitter_misc":{"Tiempo de lectura":"1 minuto"},"schema":{"@context":"https:\/\/schema.org","@graph":[{"@type":"WebPage","@id":"https:\/\/koningdrone.be\/bedrijfsinformatie\/","url":"https:\/\/koningdrone.be\/bedrijfsinformatie\/","name":"Bedrijfsinformatie - koningdrone.be","isPartOf":{"@id":"https:\/\/koningdrone.be\/#website"},"datePublished":"2025-04-23T07:06:21+00:00","dateModified":"2025-05-28T06:15:49+00:00","breadcrumb":{"@id":"https:\/\/koningdrone.be\/bedrijfsinformatie\/#breadcrumb"},"inLanguage":"es","potentialAction":[{"@type":"ReadAction","target":["https:\/\/koningdrone.be\/bedrijfsinformatie\/"]}]},{"@type":"BreadcrumbList","@id":"https:\/\/koningdrone.be\/bedrijfsinformatie\/#breadcrumb","itemListElement":[{"@type":"ListItem","position":1,"name":"Home","item":"https:\/\/koningdrone.be\/"},{"@type":"ListItem","position":2,"name":"Bedrijfsinformatie"}]},{"@type":"WebSite","@id":"https:\/\/koningdrone.be\/#website","url":"https:\/\/koningdrone.be\/","name":"Koningdrone.be - Su especialista en l\u00ednea en drones, cardanes, c\u00e1maras y centrales el\u00e9ctricas.","description":"La tienda virtual de drones y cardanes","publisher":{"@id":"https:\/\/koningdrone.be\/#organization"},"potentialAction":[{"@type":"SearchAction","target":{"@type":"EntryPoint","urlTemplate":"https:\/\/koningdrone.be\/?s={search_term_string}"},"query-input":{"@type":"PropertyValueSpecification","valueRequired":true,"valueName":"search_term_string"}}],"inLanguage":"es"},{"@type":"Organization","@id":"https:\/\/koningdrone.be\/#organization","name":"Kingdrone.es","url":"https:\/\/koningdrone.be\/","logo":{"@type":"ImageObject","inLanguage":"es","@id":"https:\/\/koningdrone.be\/#\/schema\/logo\/image\/","url":"https:\/\/koningdrone.be\/wp-content\/uploads\/sites\/13\/2025\/04\/koningdrone-copyright-logo.svg","contentUrl":"https:\/\/koningdrone.be\/wp-content\/uploads\/sites\/13\/2025\/04\/koningdrone-copyright-logo.svg","width":227,"height":38,"caption":"Koningdrone.be"},"image":{"@id":"https:\/\/koningdrone.be\/#\/schema\/logo\/image\/"}}]}},"_links":{"self":[{"href":"https:\/\/koningdrone.be\/es\/wp-json\/wp\/v2\/pages\/681","targetHints":{"allow":["GET"]}}],"collection":[{"href":"https:\/\/koningdrone.be\/es\/wp-json\/wp\/v2\/pages"}],"about":[{"href":"https:\/\/koningdrone.be\/es\/wp-json\/wp\/v2\/types\/page"}],"author":[{"embeddable":true,"href":"https:\/\/koningdrone.be\/es\/wp-json\/wp\/v2\/users\/7"}],"replies":[{"embeddable":true,"href":"https:\/\/koningdrone.be\/es\/wp-json\/wp\/v2\/comments?post=681"}],"version-history":[{"count":0,"href":"https:\/\/koningdrone.be\/es\/wp-json\/wp\/v2\/pages\/681\/revisions"}],"wp:attachment":[{"href":"https:\/\/koningdrone.be\/es\/wp-json\/wp\/v2\/media?parent=681"}],"curies":[{"name":"wp","href":"https:\/\/api.w.org\/{rel}","templated":true}]}}