{"id":602,"date":"2025-04-23T07:06:12","date_gmt":"2025-04-23T07:06:12","guid":{"rendered":"https:\/\/koningdrone.nl\/kon\/cookie-policy\/"},"modified":"2025-06-18T09:01:17","modified_gmt":"2025-06-18T07:01:17","slug":"cookie-policy","status":"publish","type":"page","link":"https:\/\/koningdrone.be\/es\/cookie-policy\/","title":{"rendered":"Pol\u00edtica de cookies"},"content":{"rendered":"\t\t<div data-elementor-type=\"wp-page\" data-elementor-id=\"602\" class=\"elementor elementor-602\" data-elementor-post-type=\"page\">\n\t\t\t\t\t\t<section class=\"elementor-section elementor-top-section elementor-element elementor-element-f319c9b elementor-section-boxed elementor-section-height-default elementor-section-height-default\" data-id=\"f319c9b\" data-element_type=\"section\" data-e-type=\"section\">\n\t\t\t\t\t\t<div class=\"elementor-container elementor-column-gap-default\">\n\t\t\t\t\t<div class=\"elementor-column elementor-col-100 elementor-top-column elementor-element elementor-element-701924ab\" data-id=\"701924ab\" data-element_type=\"column\" data-e-type=\"column\">\n\t\t\t<div class=\"elementor-widget-wrap elementor-element-populated\">\n\t\t\t\t\t\t<div class=\"elementor-element elementor-element-1afe3f2c elementor-widget elementor-widget-text-editor\" data-id=\"1afe3f2c\" data-element_type=\"widget\" data-e-type=\"widget\" data-widget_type=\"text-editor.default\">\n\t\t\t\t\t\t\t\t\t<div class=\"cli_pg_page_contaner\">\n<h3>Over het cookiebeleid<\/h3>\n<div>\n<p>Deze Cookiebeleid legt uit wat cookies zijn en hoe we ze gebruiken. Je dient dit beleid te lezen om te begrijpen wat cookies zijn, hoe we ze gebruiken, welke soorten cookies we gebruiken, welke informatie we verzamelen met behulp van cookies en hoe die informatie wordt gebruikt, en hoe je de cookievoorkeuren kunt beheren. Voor meer informatie over hoe we je persoonlijke gegevens gebruiken, opslaan en beveiligen, raadpleeg ons Privacybeleid.<\/p>\n<p>Je kunt te allen tijde je toestemming wijzigen of intrekken via de Cookieverklaring op onze website.<\/p>\n<p>Lees meer over wie we zijn, hoe je contact met ons kunt opnemen en hoe we persoonlijke gegevens verwerken in ons Privacybeleid.<\/p>\n<p>Je toestemming is van toepassing op de volgende domeinen: koningdrone.be<\/p>\n<p>[user_consent_state]<\/p>\n<p><\/p>\n<\/div>\n<h3>Wat zijn cookies?<\/h3>\n<div>Cookies zijn kleine tekstbestanden die worden gebruikt om kleine stukjes informatie op te slaan. De cookies worden op je apparaat opgeslagen wanneer de website in je browser wordt geladen. Deze cookies helpen ons om de website goed te laten functioneren, de website veiliger te maken, een betere gebruikerservaring te bieden en te begrijpen hoe de website presteert en te analyseren wat werkt en waar verbetering nodig is.<\/div>\n<div>&nbsp;<\/div>\n<h3>Hoe gebruiken we cookies?<\/h3>\n<div>\n<p>Net als de meeste online diensten gebruikt onze website zowel first-party cookies als third-party cookies voor verschillende doeleinden. De first-party cookies zijn voornamelijk nodig om de website op de juiste manier te laten functioneren en verzamelen geen persoonlijk identificeerbare gegevens.<\/p>\n<p>De third-party cookies die op onze website worden gebruikt, worden voornamelijk gebruikt om te begrijpen hoe de website presteert, hoe je interactie hebt met onze website, om onze diensten veilig te houden, relevante advertenties aan te bieden en over het algemeen een betere gebruikerservaring te bieden. Ze helpen ook om je toekomstige interacties met onze website te versnellen en te verbeteren.<\/p>\n<p><\/p>\n<\/div>\n<h3>Welke soorten cookies gebruiken we?<\/h3>\n<div>\n<p>De cookies die we op onze website gebruiken, zijn onderverdeeld in de volgende categorie\u00ebn.<br>[cookie_category]<\/p>\n<p>Hieronder vind je een lijst met de cookies die op onze website worden gebruikt.<br>[cookie_audit_category columns=&#8221;cookie,description&#8221;]<\/p>\n<p><\/p>\n<\/div>\n<h3>Hoe kan ik de cookievoorkeuren beheren?<\/h3>\n<div>\n<p>Je kunt je cookievoorkeuren beheren door te klikken op de &#8220;Instellingen&#8221; knop en de cookiecategorie\u00ebn in het pop-upvenster in of uit te schakelen op basis van je voorkeuren.<\/p>\n<p>Als je later in je browse-sessie je voorkeuren wilt wijzigen, kun je klikken op het tabblad &#8220;Toestemming beheren&#8221; op je scherm. Hiermee wordt de toestemmingsmelding opnieuw weergegeven, zodat je je voorkeuren kunt wijzigen of je toestemming volledig kunt intrekken.<\/p>\n<p><span style=\"vertical-align: inherit;\"><span style=\"vertical-align: inherit;\">In addition, different browsers provide different methods to block and delete cookies used by websites. You can change the settings on your browser to block\/delete cookies. For more information on how to manage and delete cookies, visit wikipedia.org and www.allaboutcookies.org.be<\/span><\/span><\/p>\n<\/div>\n<\/div>\t\t\t\t\t\t\t\t<\/div>\n\t\t\t\t\t<\/div>\n\t\t<\/div>\n\t\t\t\t\t<\/div>\n\t\t<\/section>\n\t\t\t\t<\/div>\n\t\t","protected":false},"excerpt":{"rendered":"<p>Over het cookiebeleid Deze Cookiebeleid legt uit wat cookies zijn en hoe we ze gebruiken. Je dient dit beleid te lezen om te begrijpen wat cookies zijn, hoe we ze gebruiken, welke soorten cookies we gebruiken, welke informatie we verzamelen met behulp van cookies en hoe die informatie wordt gebruikt, en hoe je de cookievoorkeuren [&hellip;]<\/p>\n","protected":false},"author":7,"featured_media":0,"parent":0,"menu_order":0,"comment_status":"closed","ping_status":"closed","template":"","meta":{"_acf_changed":false,"footnotes":""},"class_list":["post-602","page","type-page","status-publish","hentry"],"acf":[],"yoast_head":"<!-- This site is optimized with the Yoast SEO Premium plugin v27.2 (Yoast SEO v27.2) - https:\/\/yoast.com\/product\/yoast-seo-premium-wordpress\/ -->\n<title>Cookie Policy - koningdrone.be<\/title>\n<meta name=\"robots\" content=\"index, follow, max-snippet:-1, max-image-preview:large, max-video-preview:-1\" \/>\n<link rel=\"canonical\" href=\"https:\/\/koningdrone.be\/es\/cookie-policy\/\" \/>\n<meta property=\"og:locale\" content=\"es_ES\" \/>\n<meta property=\"og:type\" content=\"article\" \/>\n<meta property=\"og:title\" content=\"Cookie Policy\" \/>\n<meta property=\"og:description\" content=\"Over het cookiebeleid Deze Cookiebeleid legt uit wat cookies zijn en hoe we ze gebruiken. Je dient dit beleid te lezen om te begrijpen wat cookies zijn, hoe we ze gebruiken, welke soorten cookies we gebruiken, welke informatie we verzamelen met behulp van cookies en hoe die informatie wordt gebruikt, en hoe je de cookievoorkeuren [&hellip;]\" \/>\n<meta property=\"og:url\" content=\"https:\/\/koningdrone.be\/es\/cookie-policy\/\" \/>\n<meta property=\"og:site_name\" content=\"koningdrone.be\" \/>\n<meta property=\"article:modified_time\" content=\"2025-06-18T07:01:17+00:00\" \/>\n<meta name=\"twitter:card\" content=\"summary_large_image\" \/>\n<meta name=\"twitter:label1\" content=\"Tiempo de lectura\" \/>\n\t<meta name=\"twitter:data1\" content=\"3 minutos\" \/>\n<script type=\"application\/ld+json\" class=\"yoast-schema-graph\">{\"@context\":\"https:\/\/schema.org\",\"@graph\":[{\"@type\":\"WebPage\",\"@id\":\"https:\/\/koningdrone.be\/cookie-policy\/\",\"url\":\"https:\/\/koningdrone.be\/cookie-policy\/\",\"name\":\"Cookie Policy - koningdrone.be\",\"isPartOf\":{\"@id\":\"https:\/\/koningdrone.be\/#website\"},\"datePublished\":\"2025-04-23T07:06:12+00:00\",\"dateModified\":\"2025-06-18T07:01:17+00:00\",\"breadcrumb\":{\"@id\":\"https:\/\/koningdrone.be\/cookie-policy\/#breadcrumb\"},\"inLanguage\":\"es\",\"potentialAction\":[{\"@type\":\"ReadAction\",\"target\":[\"https:\/\/koningdrone.be\/cookie-policy\/\"]}]},{\"@type\":\"BreadcrumbList\",\"@id\":\"https:\/\/koningdrone.be\/cookie-policy\/#breadcrumb\",\"itemListElement\":[{\"@type\":\"ListItem\",\"position\":1,\"name\":\"Home\",\"item\":\"https:\/\/koningdrone.be\/\"},{\"@type\":\"ListItem\",\"position\":2,\"name\":\"Cookie Policy\"}]},{\"@type\":\"WebSite\",\"@id\":\"https:\/\/koningdrone.be\/#website\",\"url\":\"https:\/\/koningdrone.be\/\",\"name\":\"Koningdrone.be - Uw online specialist in drones, gimbals, camera's en power stations.\",\"description\":\"De webshop in drones en gimbals\",\"publisher\":{\"@id\":\"https:\/\/koningdrone.be\/#organization\"},\"potentialAction\":[{\"@type\":\"SearchAction\",\"target\":{\"@type\":\"EntryPoint\",\"urlTemplate\":\"https:\/\/koningdrone.be\/?s={search_term_string}\"},\"query-input\":{\"@type\":\"PropertyValueSpecification\",\"valueRequired\":true,\"valueName\":\"search_term_string\"}}],\"inLanguage\":\"es\"},{\"@type\":\"Organization\",\"@id\":\"https:\/\/koningdrone.be\/#organization\",\"name\":\"Koningdrone.be\",\"url\":\"https:\/\/koningdrone.be\/\",\"logo\":{\"@type\":\"ImageObject\",\"inLanguage\":\"es\",\"@id\":\"https:\/\/koningdrone.be\/#\/schema\/logo\/image\/\",\"url\":\"https:\/\/koningdrone.be\/wp-content\/uploads\/sites\/13\/2025\/04\/koningdrone-copyright-logo.svg\",\"contentUrl\":\"https:\/\/koningdrone.be\/wp-content\/uploads\/sites\/13\/2025\/04\/koningdrone-copyright-logo.svg\",\"width\":227,\"height\":38,\"caption\":\"Koningdrone.be\"},\"image\":{\"@id\":\"https:\/\/koningdrone.be\/#\/schema\/logo\/image\/\"}}]}<\/script>\n<!-- \/ Yoast SEO Premium plugin. -->","yoast_head_json":{"title":"Cookie Policy - koningdrone.be","robots":{"index":"index","follow":"follow","max-snippet":"max-snippet:-1","max-image-preview":"max-image-preview:large","max-video-preview":"max-video-preview:-1"},"canonical":"https:\/\/koningdrone.be\/es\/cookie-policy\/","og_locale":"es_ES","og_type":"article","og_title":"Cookie Policy","og_description":"Over het cookiebeleid Deze Cookiebeleid legt uit wat cookies zijn en hoe we ze gebruiken. Je dient dit beleid te lezen om te begrijpen wat cookies zijn, hoe we ze gebruiken, welke soorten cookies we gebruiken, welke informatie we verzamelen met behulp van cookies en hoe die informatie wordt gebruikt, en hoe je de cookievoorkeuren [&hellip;]","og_url":"https:\/\/koningdrone.be\/es\/cookie-policy\/","og_site_name":"koningdrone.be","article_modified_time":"2025-06-18T07:01:17+00:00","twitter_card":"summary_large_image","twitter_misc":{"Tiempo de lectura":"3 minutos"},"schema":{"@context":"https:\/\/schema.org","@graph":[{"@type":"WebPage","@id":"https:\/\/koningdrone.be\/cookie-policy\/","url":"https:\/\/koningdrone.be\/cookie-policy\/","name":"Cookie Policy - koningdrone.be","isPartOf":{"@id":"https:\/\/koningdrone.be\/#website"},"datePublished":"2025-04-23T07:06:12+00:00","dateModified":"2025-06-18T07:01:17+00:00","breadcrumb":{"@id":"https:\/\/koningdrone.be\/cookie-policy\/#breadcrumb"},"inLanguage":"es","potentialAction":[{"@type":"ReadAction","target":["https:\/\/koningdrone.be\/cookie-policy\/"]}]},{"@type":"BreadcrumbList","@id":"https:\/\/koningdrone.be\/cookie-policy\/#breadcrumb","itemListElement":[{"@type":"ListItem","position":1,"name":"Home","item":"https:\/\/koningdrone.be\/"},{"@type":"ListItem","position":2,"name":"Cookie Policy"}]},{"@type":"WebSite","@id":"https:\/\/koningdrone.be\/#website","url":"https:\/\/koningdrone.be\/","name":"Koningdrone.be - Su especialista en l\u00ednea en drones, cardanes, c\u00e1maras y centrales el\u00e9ctricas.","description":"La tienda virtual de drones y cardanes","publisher":{"@id":"https:\/\/koningdrone.be\/#organization"},"potentialAction":[{"@type":"SearchAction","target":{"@type":"EntryPoint","urlTemplate":"https:\/\/koningdrone.be\/?s={search_term_string}"},"query-input":{"@type":"PropertyValueSpecification","valueRequired":true,"valueName":"search_term_string"}}],"inLanguage":"es"},{"@type":"Organization","@id":"https:\/\/koningdrone.be\/#organization","name":"Kingdrone.es","url":"https:\/\/koningdrone.be\/","logo":{"@type":"ImageObject","inLanguage":"es","@id":"https:\/\/koningdrone.be\/#\/schema\/logo\/image\/","url":"https:\/\/koningdrone.be\/wp-content\/uploads\/sites\/13\/2025\/04\/koningdrone-copyright-logo.svg","contentUrl":"https:\/\/koningdrone.be\/wp-content\/uploads\/sites\/13\/2025\/04\/koningdrone-copyright-logo.svg","width":227,"height":38,"caption":"Koningdrone.be"},"image":{"@id":"https:\/\/koningdrone.be\/#\/schema\/logo\/image\/"}}]}},"_links":{"self":[{"href":"https:\/\/koningdrone.be\/es\/wp-json\/wp\/v2\/pages\/602","targetHints":{"allow":["GET"]}}],"collection":[{"href":"https:\/\/koningdrone.be\/es\/wp-json\/wp\/v2\/pages"}],"about":[{"href":"https:\/\/koningdrone.be\/es\/wp-json\/wp\/v2\/types\/page"}],"author":[{"embeddable":true,"href":"https:\/\/koningdrone.be\/es\/wp-json\/wp\/v2\/users\/7"}],"replies":[{"embeddable":true,"href":"https:\/\/koningdrone.be\/es\/wp-json\/wp\/v2\/comments?post=602"}],"version-history":[{"count":0,"href":"https:\/\/koningdrone.be\/es\/wp-json\/wp\/v2\/pages\/602\/revisions"}],"wp:attachment":[{"href":"https:\/\/koningdrone.be\/es\/wp-json\/wp\/v2\/media?parent=602"}],"curies":[{"name":"wp","href":"https:\/\/api.w.org\/{rel}","templated":true}]}}