{"id":576,"date":"2025-04-23T07:06:07","date_gmt":"2025-04-23T07:06:07","guid":{"rendered":"https:\/\/koningdrone.nl\/kon\/privacy-policy\/"},"modified":"2026-04-16T03:16:54","modified_gmt":"2026-04-16T01:16:54","slug":"privacy-policy","status":"publish","type":"page","link":"https:\/\/koningdrone.be\/es\/privacy-policy\/","title":{"rendered":"Pol\u00edtica de privacidad"},"content":{"rendered":"\t\t<div data-elementor-type=\"wp-page\" data-elementor-id=\"576\" class=\"elementor elementor-576\" data-elementor-post-type=\"page\">\n\t\t\t\t<div class=\"elementor-element elementor-element-34c20d81 e-flex e-con-boxed e-con e-parent\" data-id=\"34c20d81\" data-element_type=\"container\" data-e-type=\"container\">\n\t\t\t\t\t<div class=\"e-con-inner\">\n\t\t\t\t<div class=\"elementor-element elementor-element-357c7d48 elementor-widget elementor-widget-text-editor\" data-id=\"357c7d48\" data-element_type=\"widget\" data-e-type=\"widget\" data-widget_type=\"text-editor.default\">\n\t\t\t\t\t\t\t\t\t<h1>Privacybeleid<\/h1><p><strong>Persoonsgegevens die wij verwerken<\/strong><br \/>Wij verwerken je persoonsgegevens doordat je gebruik maakt van onze diensten en\/of omdat je deze gegevens zelf aan ons verstrekt. Hieronder vind je een overzicht van de persoonsgegevens die wij verwerken:<\/p><ul data-spread=\"false\"><li>Naam en adresgegevens<\/li><li>Telefoonnummer<\/li><li>E-mailadres<\/li><li>Overige persoonsgegevens die je actief verstrekt, bijvoorbeeld door een profiel op onze website aan te maken, in correspondentie en telefonisch<\/li><\/ul><p><strong>Doeleinden waarvoor wij persoonsgegevens verwerken<\/strong><br \/>Wij verwerken jouw persoonsgegevens voor de volgende doelen:<\/p><ul data-spread=\"false\"><li>Afhandelen van je bestelling en betaling<\/li><li>Verzenden van onze nieuwsbrief en\/of reclamefolder<\/li><li>Je te kunnen bellen of e-mailen indien dit nodig is om onze dienstverlening uit te kunnen voeren<\/li><li>Informeren over wijzigingen van onze diensten en producten<\/li><li>Om goederen en diensten bij je af te leveren<\/li><li>Verwerking van beoordelingen via WebwinkelKeur<\/li><\/ul><p><strong>Geautomatiseerde systemen en diensten<\/strong><br \/>Wij gebruiken verschillende externe partijen die namens ons persoonsgegevens verwerken:<\/p><ul data-spread=\"false\"><li><strong>CloudWays via WooCommerce<\/strong> voor het verzenden van transactionele e-mails zoals orderbevestigingen.<\/li><li><strong>Gmail<\/strong> voor het verzenden en ontvangen van reguliere bedrijfsmails.<\/li><li><strong>Google Analytics<\/strong> (geanonimiseerd) om het websitebezoek en gebruik te analyseren en optimaliseren.<\/li><li><strong>WebwinkelKeur<\/strong> verzamelt namens ons klantinformatie om uitnodigingen voor beoordelingen te versturen en de betrouwbaarheid van onze webshop te waarborgen.<\/li><li><strong>PostNL\/DHL\/UPS<\/strong> voor het verwerken en leveren van bestellingen.<\/li><li><strong>Visma Cash B.V.<\/strong> voor het voeren van onze administratie.<\/li><\/ul><p><strong>Beoordelingen via WebwinkelKeur<\/strong><br \/>Wij verzamelen reviews via het platform van WebwinkelKeur. Als je een review achterlaat via WebwinkelKeur dan ben je verplicht om je naam en e-mailadres op te geven. WebwinkelKeur deelt deze gegevens met ons zodat wij de review aan jouw bestelling kunnen koppelen. WebwinkelKeur publiceert jouw naam eveneens op de eigen website. In sommige gevallen kan WebwinkelKeur contact met je opnemen om een toelichting op jouw review te geven. Indien wij je uitnodigen om een review achter te laten delen wij je naam en e-mailadres met WebwinkelKeur. Zij gebruiken deze gegevens enkel met het doel je uit te nodigen om een review achter te laten. WebwinkelKeur heeft passende technische en organisatorische maatregelen genomen om je persoonsgegevens te beschermen. WebwinkelKeur behoudt zich het recht voor om ten behoeve van het leveren van de dienstverlening derden in te schakelen; hiervoor hebben wij aan WebwinkelKeur toestemming gegeven. Alle hierboven genoemde waarborgen met betrekking tot de bescherming van je persoonsgegevens zijn eveneens van toepassing op de onderdelen van de dienstverlening waarvoor WebwinkelKeur derden inschakelt.<\/p><p><strong>Echtheid reviews<\/strong><br \/>We vinden het belangrijk dat reviews een zo goed mogelijk beeld geven over onze producten en service. Onze beoordelingen worden daarom onpartijdig beheerd door WebwinkelKeur. WebwinkelKeur heeft maatregelen getroffen om de echtheid van reviews te garanderen. Welke maatregelen dit zijn lees je <a>hier<\/a>.<\/p><p>Onze klanten worden niet beloond voor het schrijven van reviews. Er worden geen kortingen of andere cadeautjes gegeven.<\/p><p><strong>Hoe lang we persoonsgegevens bewaren<\/strong><br \/>We bewaren persoonsgegevens niet langer dan strikt nodig is om de doelen te realiseren waarvoor je gegevens worden verzameld.<\/p><p><strong>Delen van persoonsgegevens met derden<\/strong><br \/>We verkopen jouw gegevens niet aan derden en verstrekken deze uitsluitend indien dit nodig is voor de uitvoering van onze overeenkomst met jou of om te voldoen aan een wettelijke verplichting.<\/p><p><strong>Gegevens inzien, aanpassen of verwijderen<\/strong><br \/>Je hebt het recht om je persoonsgegevens in te zien, te corrigeren of te verwijderen. Daarnaast heb je het recht om eventuele toestemming voor de gegevensverwerking in te trekken of bezwaar te maken tegen de verwerking van jouw persoonsgegevens door ons. Je kunt een verzoek hiertoe sturen naar <a>info@koningdrone.be<\/a>.<\/p><p><strong>Hoe wij persoonsgegevens beveiligen<\/strong><br \/>Wij nemen passende maatregelen om misbruik, verlies, onbevoegde toegang, ongewenste openbaarmaking en ongeoorloofde wijziging tegen te gaan. Mocht je het idee hebben dat jouw gegevens toch niet goed beveiligd zijn of er aanwijzingen zijn van misbruik, neem dan contact met ons op via <a>info@koningdrone.be<\/a>.<\/p><p><strong>Cookiebeleid<\/strong><br \/>Voor ons uitgebreide cookiebeleid en hoe je je voorkeuren kunt beheren, verwijzen we naar onze <a href=\"\/cookie-policy\/\">[cookiepagina]<\/a>.<\/p><p><strong>Wijzigingen privacybeleid<\/strong><br \/>Wij behouden ons het recht voor dit privacybeleid aan te passen. Wij raden je aan deze pagina regelmatig te raadplegen zodat je altijd op de hoogte bent van de laatste wijzigingen.<\/p><p><em>Laatst bijgewerkt op: 26-03-2025<\/em><\/p>\t\t\t\t\t\t\t\t<\/div>\n\t\t\t\t\t<\/div>\n\t\t\t\t<\/div>\n\t\t\t\t<\/div>\n\t\t","protected":false},"excerpt":{"rendered":"<p>Privacybeleid Persoonsgegevens die wij verwerkenWij verwerken je persoonsgegevens doordat je gebruik maakt van onze diensten en\/of omdat je deze gegevens zelf aan ons verstrekt. Hieronder vind je een overzicht van de persoonsgegevens die wij verwerken: Naam en adresgegevens Telefoonnummer E-mailadres Overige persoonsgegevens die je actief verstrekt, bijvoorbeeld door een profiel op onze website aan te [&hellip;]<\/p>\n","protected":false},"author":7,"featured_media":0,"parent":0,"menu_order":0,"comment_status":"closed","ping_status":"closed","template":"","meta":{"_acf_changed":false,"footnotes":""},"class_list":["post-576","page","type-page","status-publish","hentry"],"acf":[],"yoast_head":"<!-- This site is optimized with the Yoast SEO Premium plugin v27.2 (Yoast SEO v27.2) - https:\/\/yoast.com\/product\/yoast-seo-premium-wordpress\/ -->\n<title>Privacy policy - koningdrone.be<\/title>\n<meta name=\"robots\" content=\"index, follow, max-snippet:-1, max-image-preview:large, max-video-preview:-1\" \/>\n<link rel=\"canonical\" href=\"https:\/\/koningdrone.be\/es\/privacy-policy\/\" \/>\n<meta property=\"og:locale\" content=\"es_ES\" \/>\n<meta property=\"og:type\" content=\"article\" \/>\n<meta property=\"og:title\" content=\"Privacy policy\" \/>\n<meta property=\"og:description\" content=\"Privacybeleid Persoonsgegevens die wij verwerkenWij verwerken je persoonsgegevens doordat je gebruik maakt van onze diensten en\/of omdat je deze gegevens zelf aan ons verstrekt. Hieronder vind je een overzicht van de persoonsgegevens die wij verwerken: Naam en adresgegevens Telefoonnummer E-mailadres Overige persoonsgegevens die je actief verstrekt, bijvoorbeeld door een profiel op onze website aan te [&hellip;]\" \/>\n<meta property=\"og:url\" content=\"https:\/\/koningdrone.be\/es\/privacy-policy\/\" \/>\n<meta property=\"og:site_name\" content=\"koningdrone.be\" \/>\n<meta property=\"article:modified_time\" content=\"2026-04-16T01:16:54+00:00\" \/>\n<meta name=\"twitter:card\" content=\"summary_large_image\" \/>\n<meta name=\"twitter:label1\" content=\"Tiempo de lectura\" \/>\n\t<meta name=\"twitter:data1\" content=\"4 minutos\" \/>\n<script type=\"application\/ld+json\" class=\"yoast-schema-graph\">{\"@context\":\"https:\/\/schema.org\",\"@graph\":[{\"@type\":\"WebPage\",\"@id\":\"https:\/\/koningdrone.be\/privacy-policy\/\",\"url\":\"https:\/\/koningdrone.be\/privacy-policy\/\",\"name\":\"Privacy policy - koningdrone.be\",\"isPartOf\":{\"@id\":\"https:\/\/koningdrone.be\/#website\"},\"datePublished\":\"2025-04-23T07:06:07+00:00\",\"dateModified\":\"2026-04-16T01:16:54+00:00\",\"breadcrumb\":{\"@id\":\"https:\/\/koningdrone.be\/privacy-policy\/#breadcrumb\"},\"inLanguage\":\"es\",\"potentialAction\":[{\"@type\":\"ReadAction\",\"target\":[\"https:\/\/koningdrone.be\/privacy-policy\/\"]}]},{\"@type\":\"BreadcrumbList\",\"@id\":\"https:\/\/koningdrone.be\/privacy-policy\/#breadcrumb\",\"itemListElement\":[{\"@type\":\"ListItem\",\"position\":1,\"name\":\"Home\",\"item\":\"https:\/\/koningdrone.be\/\"},{\"@type\":\"ListItem\",\"position\":2,\"name\":\"Privacy policy\"}]},{\"@type\":\"WebSite\",\"@id\":\"https:\/\/koningdrone.be\/#website\",\"url\":\"https:\/\/koningdrone.be\/\",\"name\":\"Koningdrone.be - Uw online specialist in drones, gimbals, camera's en power stations.\",\"description\":\"De webshop in drones en gimbals\",\"publisher\":{\"@id\":\"https:\/\/koningdrone.be\/#organization\"},\"potentialAction\":[{\"@type\":\"SearchAction\",\"target\":{\"@type\":\"EntryPoint\",\"urlTemplate\":\"https:\/\/koningdrone.be\/?s={search_term_string}\"},\"query-input\":{\"@type\":\"PropertyValueSpecification\",\"valueRequired\":true,\"valueName\":\"search_term_string\"}}],\"inLanguage\":\"es\"},{\"@type\":\"Organization\",\"@id\":\"https:\/\/koningdrone.be\/#organization\",\"name\":\"Koningdrone.be\",\"url\":\"https:\/\/koningdrone.be\/\",\"logo\":{\"@type\":\"ImageObject\",\"inLanguage\":\"es\",\"@id\":\"https:\/\/koningdrone.be\/#\/schema\/logo\/image\/\",\"url\":\"https:\/\/koningdrone.be\/wp-content\/uploads\/sites\/13\/2025\/04\/koningdrone-copyright-logo.svg\",\"contentUrl\":\"https:\/\/koningdrone.be\/wp-content\/uploads\/sites\/13\/2025\/04\/koningdrone-copyright-logo.svg\",\"width\":227,\"height\":38,\"caption\":\"Koningdrone.be\"},\"image\":{\"@id\":\"https:\/\/koningdrone.be\/#\/schema\/logo\/image\/\"}}]}<\/script>\n<!-- \/ Yoast SEO Premium plugin. -->","yoast_head_json":{"title":"Privacy policy - koningdrone.be","robots":{"index":"index","follow":"follow","max-snippet":"max-snippet:-1","max-image-preview":"max-image-preview:large","max-video-preview":"max-video-preview:-1"},"canonical":"https:\/\/koningdrone.be\/es\/privacy-policy\/","og_locale":"es_ES","og_type":"article","og_title":"Privacy policy","og_description":"Privacybeleid Persoonsgegevens die wij verwerkenWij verwerken je persoonsgegevens doordat je gebruik maakt van onze diensten en\/of omdat je deze gegevens zelf aan ons verstrekt. Hieronder vind je een overzicht van de persoonsgegevens die wij verwerken: Naam en adresgegevens Telefoonnummer E-mailadres Overige persoonsgegevens die je actief verstrekt, bijvoorbeeld door een profiel op onze website aan te [&hellip;]","og_url":"https:\/\/koningdrone.be\/es\/privacy-policy\/","og_site_name":"koningdrone.be","article_modified_time":"2026-04-16T01:16:54+00:00","twitter_card":"summary_large_image","twitter_misc":{"Tiempo de lectura":"4 minutos"},"schema":{"@context":"https:\/\/schema.org","@graph":[{"@type":"WebPage","@id":"https:\/\/koningdrone.be\/privacy-policy\/","url":"https:\/\/koningdrone.be\/privacy-policy\/","name":"Privacy policy - koningdrone.be","isPartOf":{"@id":"https:\/\/koningdrone.be\/#website"},"datePublished":"2025-04-23T07:06:07+00:00","dateModified":"2026-04-16T01:16:54+00:00","breadcrumb":{"@id":"https:\/\/koningdrone.be\/privacy-policy\/#breadcrumb"},"inLanguage":"es","potentialAction":[{"@type":"ReadAction","target":["https:\/\/koningdrone.be\/privacy-policy\/"]}]},{"@type":"BreadcrumbList","@id":"https:\/\/koningdrone.be\/privacy-policy\/#breadcrumb","itemListElement":[{"@type":"ListItem","position":1,"name":"Home","item":"https:\/\/koningdrone.be\/"},{"@type":"ListItem","position":2,"name":"Privacy policy"}]},{"@type":"WebSite","@id":"https:\/\/koningdrone.be\/#website","url":"https:\/\/koningdrone.be\/","name":"Koningdrone.be - Su especialista en l\u00ednea en drones, cardanes, c\u00e1maras y centrales el\u00e9ctricas.","description":"La tienda virtual de drones y cardanes","publisher":{"@id":"https:\/\/koningdrone.be\/#organization"},"potentialAction":[{"@type":"SearchAction","target":{"@type":"EntryPoint","urlTemplate":"https:\/\/koningdrone.be\/?s={search_term_string}"},"query-input":{"@type":"PropertyValueSpecification","valueRequired":true,"valueName":"search_term_string"}}],"inLanguage":"es"},{"@type":"Organization","@id":"https:\/\/koningdrone.be\/#organization","name":"Kingdrone.es","url":"https:\/\/koningdrone.be\/","logo":{"@type":"ImageObject","inLanguage":"es","@id":"https:\/\/koningdrone.be\/#\/schema\/logo\/image\/","url":"https:\/\/koningdrone.be\/wp-content\/uploads\/sites\/13\/2025\/04\/koningdrone-copyright-logo.svg","contentUrl":"https:\/\/koningdrone.be\/wp-content\/uploads\/sites\/13\/2025\/04\/koningdrone-copyright-logo.svg","width":227,"height":38,"caption":"Koningdrone.be"},"image":{"@id":"https:\/\/koningdrone.be\/#\/schema\/logo\/image\/"}}]}},"_links":{"self":[{"href":"https:\/\/koningdrone.be\/es\/wp-json\/wp\/v2\/pages\/576","targetHints":{"allow":["GET"]}}],"collection":[{"href":"https:\/\/koningdrone.be\/es\/wp-json\/wp\/v2\/pages"}],"about":[{"href":"https:\/\/koningdrone.be\/es\/wp-json\/wp\/v2\/types\/page"}],"author":[{"embeddable":true,"href":"https:\/\/koningdrone.be\/es\/wp-json\/wp\/v2\/users\/7"}],"replies":[{"embeddable":true,"href":"https:\/\/koningdrone.be\/es\/wp-json\/wp\/v2\/comments?post=576"}],"version-history":[{"count":3,"href":"https:\/\/koningdrone.be\/es\/wp-json\/wp\/v2\/pages\/576\/revisions"}],"predecessor-version":[{"id":19058,"href":"https:\/\/koningdrone.be\/es\/wp-json\/wp\/v2\/pages\/576\/revisions\/19058"}],"wp:attachment":[{"href":"https:\/\/koningdrone.be\/es\/wp-json\/wp\/v2\/media?parent=576"}],"curies":[{"name":"wp","href":"https:\/\/api.w.org\/{rel}","templated":true}]}}