{"id":7049,"date":"2020-10-24T13:26:39","date_gmt":"2020-10-24T11:26:39","guid":{"rendered":"https:\/\/koningdrone.nl\/kon\/product\/dji-zenmuse-l1\/"},"modified":"2026-04-29T08:20:45","modified_gmt":"2026-04-29T06:20:45","slug":"dji-zenmuse-l1","status":"publish","type":"product","link":"https:\/\/koningdrone.be\/en\/product\/dji-zenmuse-l1\/","title":{"rendered":"DJI Zenmuse L1 (LiDAR + RGB)"},"content":{"rendered":"<p>[embedyt] https:\/\/www.youtube.com\/watch?v=c0v-oCD8bX0[\/embedyt]<\/p>\n<h1>DJI Zenmuse L1 &#8211; Een Lidar + RGB-oplossing<\/h1>\n<p>De Zenmuse L1 integreert een Livox Lidar-module, een zeer nauwkeurige IMU en een camera met een 1-inch CMOS op een 3-assige gestabiliseerde cardanische ophanging. Bij gebruik met de DJI Matrice 300 RTK en DJI Terra vormt de L1 een complete oplossing die u real-time 3D-gegevens met details van complexe structuren en zeer nauwkeurige gereconstrueerde modellen oplevert.<\/p>\n<p><strong>Visualiseer gegevens terwijl u vliegt<\/strong><\/p>\n<p><strong>LIVOX LIDAR-MODULE<\/strong><br \/>\u2022\u00a0Frame Lidar met tot 100% effectieve puntenwolkresultaten<br \/> \u2022 Detectiebereik: 450 m (80% reflectievermogen, 0 klx) \/ 190 m (10% reflectievermogen, 100 klx)<br \/>\u2022\u00a0Effectief puntentarief: 240.000 pts \/ s<br \/>\u2022\u00a0Ondersteunt 3 retouren<br \/>\u2022\u00a0Lijnscanmodus en niet-repetitieve bloemblaadjesscanmodus<\/p>\n<p><strong>Alles in zicht<\/strong><\/p>\n<p><strong>RGB-CAMERA<\/strong><br \/>\u2022\u00a020 MP<br \/> \u2022 CMOS van 1 inch<br \/>\u2022\u00a0Mechanische sluiter<\/p>\n<p><strong>Nauwkeurige details tot uw beschikking<\/strong><\/p>\n<p><strong>HOGE NAUWKEURIGHEID IMU<\/strong><br \/>\u2022\u00a0Nauwkeurigheid: 0,025 \u00b0 (roll \/ pitch) \/ 0,08 \u00b0 (yaw)<br \/>\u2022\u00a0Vision-sensor voor positioneringsnauwkeurigheid<br \/>\u2022\u00a0GNSS, IMU, RGB-gegevensfusie<\/p>\n<p><strong>Point Cloud LiveView<\/strong><br \/>Realtime puntenwolken bieden onmiddellijke inzichten ter plaatse, zodat operators worden ge\u00efnformeerd om snel cruciale beslissingen te nemen.<br \/>U kunt de kwaliteit van het veldwerk ook verifi\u00ebren door de puntenwolkgegevens direct na elke vlucht te controleren.<\/p>\n<p><strong>Meting en annotatie<\/strong><br \/>Verwerven en communiceren van kritische dimensies op het puntenwolkenmodel met behulp van metingen en annotaties.<\/p>\n<p><strong>One-stop nabewerking<\/strong><br \/>DJI Terra combineert de IMU- en GNSS-gegevens voor berekeningen van puntenwolken en zichtbaar licht, naast het uitvoeren van POS-gegevensberekeningen, zodat u moeiteloos gereconstrueerde modellen en nauwkeurigheidsrapporten kunt genereren.<\/p>\n","protected":false},"excerpt":{"rendered":"<ul>\n<li>Integrates a Lidar module, an RGB camera and a high-precision IMU<\/li>\n<li>High efficiency 2 km2 covered in one flight<\/li>\n<li>High accuracy Vertical accuracy: 5 cm \/ Horizontal accuracy: 10 cm<\/li>\n<li>Point rate: 240,000 pts\/s<\/li>\n<li>Supports 3 returns<\/li>\n<li>detection range: 450 m (80% reflectivity, 0 klx)<\/li>\n<li>IP44 protection level<\/li>\n<li>Point Cloud LiveView<\/li>\n<\/ul>","protected":false},"featured_media":7046,"template":"","meta":{"_acf_changed":false},"product_brand":[],"product_cat":[187,126,97,426,152,153,316,742],"product_tag":[],"class_list":{"0":"post-7049","1":"product","2":"type-product","3":"status-publish","4":"has-post-thumbnail","6":"product_cat-alle-lidar","7":"product_cat-alle-payloads","8":"product_cat-alle-producten","9":"product_cat-dji-matrice","10":"product_cat-dji-matrice-300","11":"product_cat-dji-matrice-350","12":"product_cat-dji-zenmuse","13":"product_cat-dji-zenmuse-l1","14":"product_shipping_class-outofstock","15":"pa_brand-dji","16":"pa_productfamily-lidar-sensor","17":"pa_producttype-lidar-sensor","18":"pa_series-matrice-300","19":"pa_series-zenmuse","21":"first","22":"outofstock","23":"taxable","24":"shipping-taxable","25":"product-type-simple"},"acf":[],"yoast_head":"<!-- This site is optimized with the Yoast SEO Premium plugin v27.2 (Yoast SEO v27.2) - https:\/\/yoast.com\/product\/yoast-seo-premium-wordpress\/ -->\n<title>DJI Zenmuse L1 (LiDAR + RGB) - koningdrone.be<\/title>\n<meta name=\"robots\" content=\"index, follow, max-snippet:-1, max-image-preview:large, max-video-preview:-1\" \/>\n<link rel=\"canonical\" href=\"https:\/\/koningdrone.be\/en\/product\/dji-zenmuse-l1\/\" \/>\n<meta property=\"og:locale\" content=\"en_GB\" \/>\n<meta property=\"og:type\" content=\"article\" \/>\n<meta property=\"og:title\" content=\"DJI Zenmuse L1 (LiDAR + RGB)\" \/>\n<meta property=\"og:description\" content=\"Integreert een Lidar-module, een RGB-camera en een zeer nauwkeurige IMUHoge effici\u00ebntie 2 km2 afgelegd in \u00e9\u00e9n vluchtHoge nauwkeurigheid Verticale nauwkeurigheid: 5 cm \/ Horizontale nauwkeurigheid: 10 cmPuntentarief: 240.000 pts \/ sOndersteunt 3 retourentectiebereik: 450 m (80% reflectievermogen, 0 klx)IP44 beschermingsniveauPoint Cloud LiveView\" \/>\n<meta property=\"og:url\" content=\"https:\/\/koningdrone.be\/en\/product\/dji-zenmuse-l1\/\" \/>\n<meta property=\"og:site_name\" content=\"koningdrone.be\" \/>\n<meta property=\"article:modified_time\" content=\"2026-04-29T06:20:45+00:00\" \/>\n<meta property=\"og:image\" content=\"https:\/\/koningdrone.be\/wp-content\/uploads\/sites\/13\/2025\/04\/dji-zenmuse-l1_1_3.jpg\" \/>\n\t<meta property=\"og:image:width\" content=\"510\" \/>\n\t<meta property=\"og:image:height\" content=\"510\" \/>\n\t<meta property=\"og:image:type\" content=\"image\/jpeg\" \/>\n<meta name=\"twitter:card\" content=\"summary_large_image\" \/>\n<meta name=\"twitter:label1\" content=\"Estimated reading time\" \/>\n\t<meta name=\"twitter:data1\" content=\"1 minute\" \/>\n<script type=\"application\/ld+json\" class=\"yoast-schema-graph\">{\"@context\":\"https:\/\/schema.org\",\"@graph\":[{\"@type\":\"WebPage\",\"@id\":\"https:\/\/koningdrone.be\/product\/dji-zenmuse-l1\/\",\"url\":\"https:\/\/koningdrone.be\/product\/dji-zenmuse-l1\/\",\"name\":\"DJI Zenmuse L1 (LiDAR + RGB) - koningdrone.be\",\"isPartOf\":{\"@id\":\"https:\/\/koningdrone.be\/#website\"},\"primaryImageOfPage\":{\"@id\":\"https:\/\/koningdrone.be\/product\/dji-zenmuse-l1\/#primaryimage\"},\"image\":{\"@id\":\"https:\/\/koningdrone.be\/product\/dji-zenmuse-l1\/#primaryimage\"},\"thumbnailUrl\":\"https:\/\/koningdrone.be\/wp-content\/uploads\/sites\/13\/2025\/04\/dji-zenmuse-l1_1_3.jpg\",\"datePublished\":\"2020-10-24T11:26:39+00:00\",\"dateModified\":\"2026-04-29T06:20:45+00:00\",\"breadcrumb\":{\"@id\":\"https:\/\/koningdrone.be\/product\/dji-zenmuse-l1\/#breadcrumb\"},\"inLanguage\":\"en-GB\",\"potentialAction\":[{\"@type\":\"ReadAction\",\"target\":[\"https:\/\/koningdrone.be\/product\/dji-zenmuse-l1\/\"]}]},{\"@type\":\"ImageObject\",\"inLanguage\":\"en-GB\",\"@id\":\"https:\/\/koningdrone.be\/product\/dji-zenmuse-l1\/#primaryimage\",\"url\":\"https:\/\/koningdrone.be\/wp-content\/uploads\/sites\/13\/2025\/04\/dji-zenmuse-l1_1_3.jpg\",\"contentUrl\":\"https:\/\/koningdrone.be\/wp-content\/uploads\/sites\/13\/2025\/04\/dji-zenmuse-l1_1_3.jpg\",\"width\":510,\"height\":510},{\"@type\":\"BreadcrumbList\",\"@id\":\"https:\/\/koningdrone.be\/product\/dji-zenmuse-l1\/#breadcrumb\",\"itemListElement\":[{\"@type\":\"ListItem\",\"position\":1,\"name\":\"Home\",\"item\":\"https:\/\/koningdrone.be\/\"},{\"@type\":\"ListItem\",\"position\":2,\"name\":\"AVSS Parachute Recovery System for DJI Matrice 300\/350\",\"item\":\"https:\/\/koningdrone.be\/product\/avss-parachute-recovery-system-for-dji-matrice-300-350\/\"},{\"@type\":\"ListItem\",\"position\":3,\"name\":\"Alle LiDaR\",\"item\":\"https:\/\/koningdrone.be\/categorie\/alle-lidar\/\"},{\"@type\":\"ListItem\",\"position\":4,\"name\":\"DJI Zenmuse L1 (LiDAR + RGB)\"}]},{\"@type\":\"WebSite\",\"@id\":\"https:\/\/koningdrone.be\/#website\",\"url\":\"https:\/\/koningdrone.be\/\",\"name\":\"Koningdrone.be - Uw online specialist in drones, gimbals, camera's en power stations.\",\"description\":\"De webshop in drones en gimbals\",\"publisher\":{\"@id\":\"https:\/\/koningdrone.be\/#organization\"},\"potentialAction\":[{\"@type\":\"SearchAction\",\"target\":{\"@type\":\"EntryPoint\",\"urlTemplate\":\"https:\/\/koningdrone.be\/?s={search_term_string}\"},\"query-input\":{\"@type\":\"PropertyValueSpecification\",\"valueRequired\":true,\"valueName\":\"search_term_string\"}}],\"inLanguage\":\"en-GB\"},{\"@type\":\"Organization\",\"@id\":\"https:\/\/koningdrone.be\/#organization\",\"name\":\"Koningdrone.be\",\"url\":\"https:\/\/koningdrone.be\/\",\"logo\":{\"@type\":\"ImageObject\",\"inLanguage\":\"en-GB\",\"@id\":\"https:\/\/koningdrone.be\/#\/schema\/logo\/image\/\",\"url\":\"https:\/\/koningdrone.be\/wp-content\/uploads\/sites\/13\/2025\/04\/koningdrone-copyright-logo.svg\",\"contentUrl\":\"https:\/\/koningdrone.be\/wp-content\/uploads\/sites\/13\/2025\/04\/koningdrone-copyright-logo.svg\",\"width\":227,\"height\":38,\"caption\":\"Koningdrone.be\"},\"image\":{\"@id\":\"https:\/\/koningdrone.be\/#\/schema\/logo\/image\/\"}}]}<\/script>\n<!-- \/ Yoast SEO Premium plugin. -->","yoast_head_json":{"title":"DJI Zenmuse L1 (LiDAR + RGB) - koningdrone.be","robots":{"index":"index","follow":"follow","max-snippet":"max-snippet:-1","max-image-preview":"max-image-preview:large","max-video-preview":"max-video-preview:-1"},"canonical":"https:\/\/koningdrone.be\/en\/product\/dji-zenmuse-l1\/","og_locale":"en_GB","og_type":"article","og_title":"DJI Zenmuse L1 (LiDAR + RGB)","og_description":"Integreert een Lidar-module, een RGB-camera en een zeer nauwkeurige IMUHoge effici\u00ebntie 2 km2 afgelegd in \u00e9\u00e9n vluchtHoge nauwkeurigheid Verticale nauwkeurigheid: 5 cm \/ Horizontale nauwkeurigheid: 10 cmPuntentarief: 240.000 pts \/ sOndersteunt 3 retourentectiebereik: 450 m (80% reflectievermogen, 0 klx)IP44 beschermingsniveauPoint Cloud LiveView","og_url":"https:\/\/koningdrone.be\/en\/product\/dji-zenmuse-l1\/","og_site_name":"koningdrone.be","article_modified_time":"2026-04-29T06:20:45+00:00","og_image":[{"width":510,"height":510,"url":"https:\/\/koningdrone.be\/wp-content\/uploads\/sites\/13\/2025\/04\/dji-zenmuse-l1_1_3.jpg","type":"image\/jpeg"}],"twitter_card":"summary_large_image","twitter_misc":{"Estimated reading time":"1 minute"},"schema":{"@context":"https:\/\/schema.org","@graph":[{"@type":"WebPage","@id":"https:\/\/koningdrone.be\/product\/dji-zenmuse-l1\/","url":"https:\/\/koningdrone.be\/product\/dji-zenmuse-l1\/","name":"DJI Zenmuse L1 (LiDAR + RGB) - koningdrone.be","isPartOf":{"@id":"https:\/\/koningdrone.be\/#website"},"primaryImageOfPage":{"@id":"https:\/\/koningdrone.be\/product\/dji-zenmuse-l1\/#primaryimage"},"image":{"@id":"https:\/\/koningdrone.be\/product\/dji-zenmuse-l1\/#primaryimage"},"thumbnailUrl":"https:\/\/koningdrone.be\/wp-content\/uploads\/sites\/13\/2025\/04\/dji-zenmuse-l1_1_3.jpg","datePublished":"2020-10-24T11:26:39+00:00","dateModified":"2026-04-29T06:20:45+00:00","breadcrumb":{"@id":"https:\/\/koningdrone.be\/product\/dji-zenmuse-l1\/#breadcrumb"},"inLanguage":"en-GB","potentialAction":[{"@type":"ReadAction","target":["https:\/\/koningdrone.be\/product\/dji-zenmuse-l1\/"]}]},{"@type":"ImageObject","inLanguage":"en-GB","@id":"https:\/\/koningdrone.be\/product\/dji-zenmuse-l1\/#primaryimage","url":"https:\/\/koningdrone.be\/wp-content\/uploads\/sites\/13\/2025\/04\/dji-zenmuse-l1_1_3.jpg","contentUrl":"https:\/\/koningdrone.be\/wp-content\/uploads\/sites\/13\/2025\/04\/dji-zenmuse-l1_1_3.jpg","width":510,"height":510},{"@type":"BreadcrumbList","@id":"https:\/\/koningdrone.be\/product\/dji-zenmuse-l1\/#breadcrumb","itemListElement":[{"@type":"ListItem","position":1,"name":"Home","item":"https:\/\/koningdrone.be\/"},{"@type":"ListItem","position":2,"name":"AVSS Parachute Recovery System for DJI Matrice 300\/350","item":"https:\/\/koningdrone.be\/product\/avss-parachute-recovery-system-for-dji-matrice-300-350\/"},{"@type":"ListItem","position":3,"name":"Alle LiDaR","item":"https:\/\/koningdrone.be\/categorie\/alle-lidar\/"},{"@type":"ListItem","position":4,"name":"DJI Zenmuse L1 (LiDAR + RGB)"}]},{"@type":"WebSite","@id":"https:\/\/koningdrone.be\/#website","url":"https:\/\/koningdrone.be\/","name":"Koningdrone.be - Your online specialist in drones, gimbals, cameras and power stations.","description":"The webshop in drones and gimbals","publisher":{"@id":"https:\/\/koningdrone.be\/#organization"},"potentialAction":[{"@type":"SearchAction","target":{"@type":"EntryPoint","urlTemplate":"https:\/\/koningdrone.be\/?s={search_term_string}"},"query-input":{"@type":"PropertyValueSpecification","valueRequired":true,"valueName":"search_term_string"}}],"inLanguage":"en-GB"},{"@type":"Organization","@id":"https:\/\/koningdrone.be\/#organization","name":"Kingdrone.co.uk","url":"https:\/\/koningdrone.be\/","logo":{"@type":"ImageObject","inLanguage":"en-GB","@id":"https:\/\/koningdrone.be\/#\/schema\/logo\/image\/","url":"https:\/\/koningdrone.be\/wp-content\/uploads\/sites\/13\/2025\/04\/koningdrone-copyright-logo.svg","contentUrl":"https:\/\/koningdrone.be\/wp-content\/uploads\/sites\/13\/2025\/04\/koningdrone-copyright-logo.svg","width":227,"height":38,"caption":"Koningdrone.be"},"image":{"@id":"https:\/\/koningdrone.be\/#\/schema\/logo\/image\/"}}]}},"df_price":"","df_sale_price":"","df_regular_price":"","df_image_link":"https:\/\/koningdrone.be\/wp-content\/uploads\/sites\/13\/2025\/04\/dji-zenmuse-l1_1_3-300x300.jpg","_links":{"self":[{"href":"https:\/\/koningdrone.be\/en\/wp-json\/wp\/v2\/product\/7049","targetHints":{"allow":["GET"]}}],"collection":[{"href":"https:\/\/koningdrone.be\/en\/wp-json\/wp\/v2\/product"}],"about":[{"href":"https:\/\/koningdrone.be\/en\/wp-json\/wp\/v2\/types\/product"}],"wp:featuredmedia":[{"embeddable":true,"href":"https:\/\/koningdrone.be\/en\/wp-json\/wp\/v2\/media\/7046"}],"wp:attachment":[{"href":"https:\/\/koningdrone.be\/en\/wp-json\/wp\/v2\/media?parent=7049"}],"wp:term":[{"taxonomy":"product_brand","embeddable":true,"href":"https:\/\/koningdrone.be\/en\/wp-json\/wp\/v2\/product_brand?post=7049"},{"taxonomy":"product_cat","embeddable":true,"href":"https:\/\/koningdrone.be\/en\/wp-json\/wp\/v2\/product_cat?post=7049"},{"taxonomy":"product_tag","embeddable":true,"href":"https:\/\/koningdrone.be\/en\/wp-json\/wp\/v2\/product_tag?post=7049"}],"curies":[{"name":"wp","href":"https:\/\/api.w.org\/{rel}","templated":true}]}}