{"id":4930,"date":"2023-04-17T13:45:53","date_gmt":"2023-04-17T11:45:53","guid":{"rendered":"https:\/\/koningdrone.nl\/kon\/product\/dji-rc-motion-2\/"},"modified":"2026-04-29T15:50:02","modified_gmt":"2026-04-29T13:50:02","slug":"dji-rc-motion-2","status":"publish","type":"product","link":"https:\/\/koningdrone.be\/en\/product\/dji-rc-motion-2\/","title":{"rendered":"DJI RC Motion 2"},"content":{"rendered":"<p>Delve into the fascinating world of motion-based aerial exploration with the DJI RC Motion 2. Designed with simplicity and intuitive functionality at its core, this device enables beginners and seasoned enthusiasts alike to rediscover the joy of flying through innovative motion controls.<br \/><strong>Immersive motion control experience<\/strong><\/p>\n<p> Enjoy an unprecedented connection to the sky as the DJI RC Motion 2 translates your wrist movements into fluid, real-time flight directions. Combined with a responsive joystick, steering through the air becomes an extension of your own gestures, offering a fresh and exciting way to explore from above.<\/p>\n<p><strong>Ease of use and comfort<\/strong><\/p>\n<p> The DJI RC Motion 2 is designed for long-term comfort and convenience, allowing you to immerse yourself in the flying experience without fatigue. The design prioritises one-handed operation, with accessible controls including a throttle, mode and lock buttons, putting a plethora of flight actions effortlessly at your fingertips. From launching into the air, landing accurately, accelerating, turning and even strafing, control is simply a matter of intuitive gestures.<\/p>\n<p><strong>Improved multidirectional operation<\/strong><\/p>\n<p> Experience even smoother control over altitude and direction with the updated joystick, enabling nuanced and dynamic movements for take-off, landing and agile manoeuvres. The newly introduced reverse function on the throttle allows you to navigate in tight spaces by flying backwards as easily as you entered. Moreover, the FN dial simplifies the adjustment of camera settings such as ISO and shutter speed, allowing quick changes without having to interrupt your flying experience by adjusting glasses.<\/p>\n<p><strong>Summary<\/strong><\/p>\n<p> The DJI RC Motion 2 redefines hands-on flying with a fusion of intuitive controls and advanced technology, ensuring an accessible and in-depth flying experience for all.<\/p>\n<p><\/p>","protected":false},"excerpt":{"rendered":"<ul>\n<li>Provides convenient and responsive motion-based flight control.<\/li>\n<li> Immersive motion detection technology for intuitive directional control.<\/li>\n<li> Optimised for one-handed use with multi-function buttons.<\/li>\n<li> Supports versatile manoeuvres such as take-off, landing and flying backwards.<\/li>\n<li> Improved joystick for smoother height and direction control.<\/li>\n<li> Reverse function on the accelerator for navigation in tight situations.<\/li>\n<li> The FN dial simplifies in-flight adjustments of camera settings.<\/li>\n<li> Designed for greater comfort during use.<\/li>\n<\/ul>","protected":false},"featured_media":4927,"template":"","meta":{"_acf_changed":false},"product_brand":[],"product_cat":[122,97,950],"product_tag":[],"class_list":{"0":"post-4930","1":"product","2":"type-product","3":"status-publish","4":"has-post-thumbnail","6":"product_cat-alle-afstandsbedieningen","7":"product_cat-alle-producten","8":"product_cat-dji-rc-motion-2","9":"product_shipping_class-outofstock","10":"pa_brand-dji","11":"pa_productfamily-afstandsbediening","12":"pa_producttype-afstandsbediening","13":"pa_series-avata","15":"first","16":"outofstock","17":"taxable","18":"shipping-taxable","19":"purchasable","20":"product-type-simple"},"acf":[],"yoast_head":"<!-- This site is optimized with the Yoast SEO Premium plugin v27.2 (Yoast SEO v27.2) - https:\/\/yoast.com\/product\/yoast-seo-premium-wordpress\/ -->\n<title>DJI RC Motion 2 - koningdrone.be<\/title>\n<meta name=\"robots\" content=\"index, follow, max-snippet:-1, max-image-preview:large, max-video-preview:-1\" \/>\n<link rel=\"canonical\" href=\"https:\/\/koningdrone.be\/en\/product\/dji-rc-motion-2\/\" \/>\n<meta property=\"og:locale\" content=\"en_GB\" \/>\n<meta property=\"og:type\" content=\"article\" \/>\n<meta property=\"og:title\" content=\"DJI RC Motion 2\" \/>\n<meta property=\"og:description\" content=\"Biedt handige en responsieve bewegingsgebaseerde vluchtbesturing. Meeslepende bewegingsdetectietechnologie voor intu\u00eftieve richtingscontrole. Geoptimaliseerd voor gebruik met \u00e9\u00e9n hand met multifunctionele knoppen. Ondersteunt veelzijdige manoeuvres zoals opstijgen, landen en achteruit vliegen. Verbeterde joystick voor soepelere hoogte- en richtingscontrole. Omkeerfunctie op het gaspedaal voor navigatie in krappe situaties. De FN-draaiknop vereenvoudigt aanpassingen van de camera-instellingen tijdens de vlucht. Ontworpen voor meer comfort tijdens gebruik.\" \/>\n<meta property=\"og:url\" content=\"https:\/\/koningdrone.be\/en\/product\/dji-rc-motion-2\/\" \/>\n<meta property=\"og:site_name\" content=\"koningdrone.be\" \/>\n<meta property=\"article:modified_time\" content=\"2026-04-29T13:50:02+00:00\" \/>\n<meta property=\"og:image\" content=\"https:\/\/koningdrone.be\/wp-content\/uploads\/sites\/13\/2025\/04\/6a87c31dbdcd2a2f4521ff1b536863d9@large.jpg\" \/>\n\t<meta property=\"og:image:width\" content=\"1200\" \/>\n\t<meta property=\"og:image:height\" content=\"800\" \/>\n\t<meta property=\"og:image:type\" content=\"image\/jpeg\" \/>\n<meta name=\"twitter:card\" content=\"summary_large_image\" \/>\n<meta name=\"twitter:label1\" content=\"Estimated reading time\" \/>\n\t<meta name=\"twitter:data1\" content=\"1 minute\" \/>\n<script type=\"application\/ld+json\" class=\"yoast-schema-graph\">{\"@context\":\"https:\/\/schema.org\",\"@graph\":[{\"@type\":\"WebPage\",\"@id\":\"https:\/\/koningdrone.be\/product\/dji-rc-motion-2\/\",\"url\":\"https:\/\/koningdrone.be\/product\/dji-rc-motion-2\/\",\"name\":\"DJI RC Motion 2 - koningdrone.be\",\"isPartOf\":{\"@id\":\"https:\/\/koningdrone.be\/#website\"},\"primaryImageOfPage\":{\"@id\":\"https:\/\/koningdrone.be\/product\/dji-rc-motion-2\/#primaryimage\"},\"image\":{\"@id\":\"https:\/\/koningdrone.be\/product\/dji-rc-motion-2\/#primaryimage\"},\"thumbnailUrl\":\"https:\/\/koningdrone.be\/wp-content\/uploads\/sites\/13\/2025\/04\/6a87c31dbdcd2a2f4521ff1b536863d9@large.jpg\",\"datePublished\":\"2023-04-17T11:45:53+00:00\",\"dateModified\":\"2026-04-29T13:50:02+00:00\",\"breadcrumb\":{\"@id\":\"https:\/\/koningdrone.be\/product\/dji-rc-motion-2\/#breadcrumb\"},\"inLanguage\":\"en-GB\",\"potentialAction\":[{\"@type\":\"ReadAction\",\"target\":[\"https:\/\/koningdrone.be\/product\/dji-rc-motion-2\/\"]}]},{\"@type\":\"ImageObject\",\"inLanguage\":\"en-GB\",\"@id\":\"https:\/\/koningdrone.be\/product\/dji-rc-motion-2\/#primaryimage\",\"url\":\"https:\/\/koningdrone.be\/wp-content\/uploads\/sites\/13\/2025\/04\/6a87c31dbdcd2a2f4521ff1b536863d9@large.jpg\",\"contentUrl\":\"https:\/\/koningdrone.be\/wp-content\/uploads\/sites\/13\/2025\/04\/6a87c31dbdcd2a2f4521ff1b536863d9@large.jpg\",\"width\":1200,\"height\":800},{\"@type\":\"BreadcrumbList\",\"@id\":\"https:\/\/koningdrone.be\/product\/dji-rc-motion-2\/#breadcrumb\",\"itemListElement\":[{\"@type\":\"ListItem\",\"position\":1,\"name\":\"Home\",\"item\":\"https:\/\/koningdrone.be\/\"},{\"@type\":\"ListItem\",\"position\":2,\"name\":\"AVSS Parachute Recovery System for DJI Matrice 300\/350\",\"item\":\"https:\/\/koningdrone.be\/product\/avss-parachute-recovery-system-for-dji-matrice-300-350\/\"},{\"@type\":\"ListItem\",\"position\":3,\"name\":\"Alle afstandsbedieningen\",\"item\":\"https:\/\/koningdrone.be\/categorie\/alle-afstandsbedieningen\/\"},{\"@type\":\"ListItem\",\"position\":4,\"name\":\"DJI RC Motion 2\"}]},{\"@type\":\"WebSite\",\"@id\":\"https:\/\/koningdrone.be\/#website\",\"url\":\"https:\/\/koningdrone.be\/\",\"name\":\"Koningdrone.be - Uw online specialist in drones, gimbals, camera's en power stations.\",\"description\":\"De webshop in drones en gimbals\",\"publisher\":{\"@id\":\"https:\/\/koningdrone.be\/#organization\"},\"potentialAction\":[{\"@type\":\"SearchAction\",\"target\":{\"@type\":\"EntryPoint\",\"urlTemplate\":\"https:\/\/koningdrone.be\/?s={search_term_string}\"},\"query-input\":{\"@type\":\"PropertyValueSpecification\",\"valueRequired\":true,\"valueName\":\"search_term_string\"}}],\"inLanguage\":\"en-GB\"},{\"@type\":\"Organization\",\"@id\":\"https:\/\/koningdrone.be\/#organization\",\"name\":\"Koningdrone.be\",\"url\":\"https:\/\/koningdrone.be\/\",\"logo\":{\"@type\":\"ImageObject\",\"inLanguage\":\"en-GB\",\"@id\":\"https:\/\/koningdrone.be\/#\/schema\/logo\/image\/\",\"url\":\"https:\/\/koningdrone.be\/wp-content\/uploads\/sites\/13\/2025\/04\/koningdrone-copyright-logo.svg\",\"contentUrl\":\"https:\/\/koningdrone.be\/wp-content\/uploads\/sites\/13\/2025\/04\/koningdrone-copyright-logo.svg\",\"width\":227,\"height\":38,\"caption\":\"Koningdrone.be\"},\"image\":{\"@id\":\"https:\/\/koningdrone.be\/#\/schema\/logo\/image\/\"}}]}<\/script>\n<!-- \/ Yoast SEO Premium plugin. -->","yoast_head_json":{"title":"DJI RC Motion 2 - koningdrone.be","robots":{"index":"index","follow":"follow","max-snippet":"max-snippet:-1","max-image-preview":"max-image-preview:large","max-video-preview":"max-video-preview:-1"},"canonical":"https:\/\/koningdrone.be\/en\/product\/dji-rc-motion-2\/","og_locale":"en_GB","og_type":"article","og_title":"DJI RC Motion 2","og_description":"Biedt handige en responsieve bewegingsgebaseerde vluchtbesturing. Meeslepende bewegingsdetectietechnologie voor intu\u00eftieve richtingscontrole. Geoptimaliseerd voor gebruik met \u00e9\u00e9n hand met multifunctionele knoppen. Ondersteunt veelzijdige manoeuvres zoals opstijgen, landen en achteruit vliegen. Verbeterde joystick voor soepelere hoogte- en richtingscontrole. Omkeerfunctie op het gaspedaal voor navigatie in krappe situaties. De FN-draaiknop vereenvoudigt aanpassingen van de camera-instellingen tijdens de vlucht. Ontworpen voor meer comfort tijdens gebruik.","og_url":"https:\/\/koningdrone.be\/en\/product\/dji-rc-motion-2\/","og_site_name":"koningdrone.be","article_modified_time":"2026-04-29T13:50:02+00:00","og_image":[{"width":1200,"height":800,"url":"https:\/\/koningdrone.be\/wp-content\/uploads\/sites\/13\/2025\/04\/6a87c31dbdcd2a2f4521ff1b536863d9@large.jpg","type":"image\/jpeg"}],"twitter_card":"summary_large_image","twitter_misc":{"Estimated reading time":"1 minute"},"schema":{"@context":"https:\/\/schema.org","@graph":[{"@type":"WebPage","@id":"https:\/\/koningdrone.be\/product\/dji-rc-motion-2\/","url":"https:\/\/koningdrone.be\/product\/dji-rc-motion-2\/","name":"DJI RC Motion 2 - koningdrone.be","isPartOf":{"@id":"https:\/\/koningdrone.be\/#website"},"primaryImageOfPage":{"@id":"https:\/\/koningdrone.be\/product\/dji-rc-motion-2\/#primaryimage"},"image":{"@id":"https:\/\/koningdrone.be\/product\/dji-rc-motion-2\/#primaryimage"},"thumbnailUrl":"https:\/\/koningdrone.be\/wp-content\/uploads\/sites\/13\/2025\/04\/6a87c31dbdcd2a2f4521ff1b536863d9@large.jpg","datePublished":"2023-04-17T11:45:53+00:00","dateModified":"2026-04-29T13:50:02+00:00","breadcrumb":{"@id":"https:\/\/koningdrone.be\/product\/dji-rc-motion-2\/#breadcrumb"},"inLanguage":"en-GB","potentialAction":[{"@type":"ReadAction","target":["https:\/\/koningdrone.be\/product\/dji-rc-motion-2\/"]}]},{"@type":"ImageObject","inLanguage":"en-GB","@id":"https:\/\/koningdrone.be\/product\/dji-rc-motion-2\/#primaryimage","url":"https:\/\/koningdrone.be\/wp-content\/uploads\/sites\/13\/2025\/04\/6a87c31dbdcd2a2f4521ff1b536863d9@large.jpg","contentUrl":"https:\/\/koningdrone.be\/wp-content\/uploads\/sites\/13\/2025\/04\/6a87c31dbdcd2a2f4521ff1b536863d9@large.jpg","width":1200,"height":800},{"@type":"BreadcrumbList","@id":"https:\/\/koningdrone.be\/product\/dji-rc-motion-2\/#breadcrumb","itemListElement":[{"@type":"ListItem","position":1,"name":"Home","item":"https:\/\/koningdrone.be\/"},{"@type":"ListItem","position":2,"name":"AVSS Parachute Recovery System for DJI Matrice 300\/350","item":"https:\/\/koningdrone.be\/product\/avss-parachute-recovery-system-for-dji-matrice-300-350\/"},{"@type":"ListItem","position":3,"name":"Alle afstandsbedieningen","item":"https:\/\/koningdrone.be\/categorie\/alle-afstandsbedieningen\/"},{"@type":"ListItem","position":4,"name":"DJI RC Motion 2"}]},{"@type":"WebSite","@id":"https:\/\/koningdrone.be\/#website","url":"https:\/\/koningdrone.be\/","name":"Koningdrone.be - Your online specialist in drones, gimbals, cameras and power stations.","description":"The webshop in drones and gimbals","publisher":{"@id":"https:\/\/koningdrone.be\/#organization"},"potentialAction":[{"@type":"SearchAction","target":{"@type":"EntryPoint","urlTemplate":"https:\/\/koningdrone.be\/?s={search_term_string}"},"query-input":{"@type":"PropertyValueSpecification","valueRequired":true,"valueName":"search_term_string"}}],"inLanguage":"en-GB"},{"@type":"Organization","@id":"https:\/\/koningdrone.be\/#organization","name":"Kingdrone.co.uk","url":"https:\/\/koningdrone.be\/","logo":{"@type":"ImageObject","inLanguage":"en-GB","@id":"https:\/\/koningdrone.be\/#\/schema\/logo\/image\/","url":"https:\/\/koningdrone.be\/wp-content\/uploads\/sites\/13\/2025\/04\/koningdrone-copyright-logo.svg","contentUrl":"https:\/\/koningdrone.be\/wp-content\/uploads\/sites\/13\/2025\/04\/koningdrone-copyright-logo.svg","width":227,"height":38,"caption":"Koningdrone.be"},"image":{"@id":"https:\/\/koningdrone.be\/#\/schema\/logo\/image\/"}}]}},"df_price":179,"df_sale_price":"","df_regular_price":179,"df_image_link":"https:\/\/koningdrone.be\/wp-content\/uploads\/sites\/13\/2025\/04\/6a87c31dbdcd2a2f4521ff1b536863d9@large-300x200.jpg","_links":{"self":[{"href":"https:\/\/koningdrone.be\/en\/wp-json\/wp\/v2\/product\/4930","targetHints":{"allow":["GET"]}}],"collection":[{"href":"https:\/\/koningdrone.be\/en\/wp-json\/wp\/v2\/product"}],"about":[{"href":"https:\/\/koningdrone.be\/en\/wp-json\/wp\/v2\/types\/product"}],"wp:featuredmedia":[{"embeddable":true,"href":"https:\/\/koningdrone.be\/en\/wp-json\/wp\/v2\/media\/4927"}],"wp:attachment":[{"href":"https:\/\/koningdrone.be\/en\/wp-json\/wp\/v2\/media?parent=4930"}],"wp:term":[{"taxonomy":"product_brand","embeddable":true,"href":"https:\/\/koningdrone.be\/en\/wp-json\/wp\/v2\/product_brand?post=4930"},{"taxonomy":"product_cat","embeddable":true,"href":"https:\/\/koningdrone.be\/en\/wp-json\/wp\/v2\/product_cat?post=4930"},{"taxonomy":"product_tag","embeddable":true,"href":"https:\/\/koningdrone.be\/en\/wp-json\/wp\/v2\/product_tag?post=4930"}],"curies":[{"name":"wp","href":"https:\/\/api.w.org\/{rel}","templated":true}]}}