{"id":4520,"date":"2023-07-10T13:07:00","date_gmt":"2023-07-10T13:07:00","guid":{"rendered":"https:\/\/koningdrone.nl\/kon\/product\/dji-mavic-3-enterprise-2-yr-care\/"},"modified":"2025-04-29T12:19:36","modified_gmt":"2025-04-29T12:19:36","slug":"dji-mavic-3-enterprise-2-yr-care","status":"publish","type":"product","link":"https:\/\/koningdrone.be\/en\/product\/dji-mavic-3-enterprise-2-yr-care\/","title":{"rendered":"DJI Mavic 3 Enterprise + 2 years DJI Care"},"content":{"rendered":"<h1>DJI Mavic 3 Enterprise + 2 jaar DJI Care<\/h1>\n<p>[embedyt] https:\/\/www.youtube.com\/watch?v=KH-ZReRtoec[\/embedyt]<\/p>\n<p>De Mavic 3 Enterprise-serie herdefinieert de industrienormen voor kleine commerci\u00eble drones. Met een mechanische sluiter, een 56\u00d7 zoom camera, en een RTK module voor centimeter precisie, brengt de Mavic 3E kartering en missie effici\u00ebntie naar nieuwe hoogten. Een thermische versie is beschikbaar voor brandbestrijding, opsporing en redding, inspectie en nachtelijke operaties.<\/p>\n<p><\/p>\n<ul> <\/p>\n<li>Compact en draagbaar<\/li>\n<p> <\/p>\n<li>4\/3 CMOS Breedbeeldcamera<\/li>\n<p> <\/p>\n<li>56\u00d7 hybride zoom<\/li>\n<p> <\/p>\n<li>640 \u00d7 512 px thermische camera<\/li>\n<p> <\/p>\n<li>45-min maximale vliegtijd<\/li>\n<p> <\/p>\n<li>DJI O3 Enterprise Transmissie<\/li>\n<p> <\/p>\n<li>Positionering op centimeter-niveau met RTK<\/li>\n<p> <\/p>\n<li>Hoge volume luidspreker<\/li>\n<p><\/ul>\n<p><strong>Ongelooflijk effici\u00ebnt. Ultracompact.<\/strong><br \/>De DJI Mavic 3 Enterprise herdefinieert de industriestandaarden voor kleine commerci\u00eble drones. Met een mechanische sluiter, een 56x zoomcamera en een RTK-module voor precisie op centimeterniveau, tilt de DJI Mavic 3E missie-effici\u00ebntie naar een nieuw niveau. Er is ook een versie met warmtebeeldcamera beschikbaar, ideaal voor brandweer, reddingsteams, inspecties en nachtoperaties.<\/p>\n<p><strong>Compact<\/strong><br \/>De geoptimaliseerde en compacte Mavic 3 Enterprise-serie kan in \u00e9\u00e9n hand worden gedragen en in een mum van tijd worden ingezet. Het is perfect voor zowel beginners als ervaren piloten en is ontworpen voor lange missies.<\/p>\n<p><strong>Twee versies, talloze mogelijkheden:<\/strong><\/p>\n<p><strong>DJI Mavic 3E:<\/strong><\/p>\n<ul> <\/p>\n<li>Wijde hoek:<\/li>\n<p> <\/p>\n<li>4\/3 CMOS, 20 MP, Mechanische sluiter<\/li>\n<p> <\/p>\n<li>Brandpuntsafstand 162 mm, 12 MP, 56\u00d7 hybride zoom<\/li>\n<p><\/ul>\n<p><strong>DJI Mavic 3T:<\/strong><\/p>\n<ul> <\/p>\n<li>Wijde hoek: brandpuntsafstand 24 mm, 48 MP<\/li>\n<p> <\/p>\n<li>Telefoto: brandpuntsafstand 162 mm, 12 MP, 56\u00d7 hybride zoom<\/li>\n<p> <\/p>\n<li>Warmtebeeld: Diagonaal gezichtsveld: 61\u00b0, equivalente brandpuntsafstand 40 mm, resolutie 640\u00d7512<\/li>\n<p><\/ul>\n<p><strong>Eersteklas cameraprestaties<\/strong><br \/><strong>Snel landmeten<\/strong><br \/>De 4\/3 CMOS 20 MP groothoeksensor van de Mavic 3E heeft een mechanische sluiter om bewegingsonscherpte te voorkomen en ondersteunt snelle opnamen met een interval van 0,7 seconde. Voer kaartmissies uit met uitzonderlijke effici\u00ebntie zonder dat er een grondcontrolepunt (GCP) nodig is.<\/p>\n<p><strong>Verbeterde prestaties bij weinig licht<\/strong><br \/>De groothoekcamera van de Mavic 3E heeft grote pixels van 3,3 m, die samen met de intelligente nachtsc\u00e8nemodus aanzienlijk betere prestaties bij weinig licht bieden.<\/p>\n<p><strong>Focus en vind:<\/strong><br \/>Zowel de Mavic 3E als de Mavic 3T zijn uitgerust met een 12 MP zoomcamera die tot 56x hybride zoom ondersteunt om belangrijke details op afstand te kunnen zien.<\/p>\n<p><strong>Het onzichtbare zichtbaar maken<\/strong><br \/>De warmtebeeldcamera van de Mavic 3T heeft een resolutie van 640\u00d7512 en ondersteunt spot- en oppervlaktetemperatuurmetingen, temperatuurwaarschuwingen, kleurenpaletten en isothermen om u te helpen snellere beslissingen te nemen.<\/p>\n<p><strong>Gesynchroniseerde split-screen zoom<\/strong><br \/>De thermische camera&#8217;s en zoomcamera&#8217;s van de Mavic 3T ondersteunen 14x continu en gelijktijdig zoomen voor eenvoudige vergelijkingen.<\/p>\n<p><strong>Volgende generatie beeldoverdracht:<\/strong><br \/>De vier antennes van de O3 Enterprise-transmissie zorgen voor stabielere verbindingen in tal van complexe omgevingen.<\/p>\n<p><strong>Omnidirectionele detectie voor veilig vliegen:<\/strong><br \/>Uitgerust met groothoeklenzen aan alle kanten voor omnidirectionele obstakelvermijding zonder dode hoeken. Botswaarschuwingen en remafstanden kunnen worden aangepast aan de toepassingsvereisten.<\/p>\n<p>De verbeterde terugkeer plant automatisch de optimale route terug naar het startpunt, wat energie en tijd bespaart en vervelende verrassingen voorkomt.<\/p>\n<p>APAS 5.0 maakt automatische routewijziging rond obstakels mogelijk, zodat u met een gerust hart kunt vliegen.<\/p>\n<p><strong>Compleet softwarepakket:<\/strong><br \/><strong>DJI-piloot 2<\/strong><br \/>De nieuwe app voor zakelijke klanten is van de grond af opnieuw ontworpen om u nog meer effici\u00ebntie en vliegveiligheid te bieden. De bediening van drones en ladingen kan eenvoudig met \u00e9\u00e9n klik worden geactiveerd. De duidelijke weergave van vlucht- en navigatiedetails, samen met de ondersteuning van verschillende vliegroutes, maakt de bediening veel eenvoudiger.<\/p>\n<p><strong>DJI FlightHub 2<\/strong><br \/>Het dronebeheer in de cloud met ondersteuning voor live annotaties en cloudmapping voor naadloze grond-naar-cloud-synergie\u00ebn. Beheer inspectieactiviteiten effici\u00ebnt met routeplanning en implementatiebeheer.<\/p>\n<p><strong>DJI Terra<\/strong><br \/>Volledige kaartsoftware voor alle werkfasen, van missieplanning tot het verwerken van 2D- en 3D-modellen.<\/p>\n<p><strong>DJI Thermal Image Analysis Tool 3.0:<\/strong><br \/>Analyseer, annoteer en verwerk beelden die zijn vastgelegd door de M3T met DTAT 3.0 om snel temperatuurafwijkingen in uw inspecties te identificeren.<\/p>\n<p><strong>Dataveiligheid<\/strong><br \/> \u2022 Lokale gegevensmodus<br \/> \u2022 Wis alle apparaatbestanden met slechts \u00e9\u00e9n klik<br \/> \u2022 AES-256-codering voor videotransmissie<br \/> \u2022 Cloud-API<\/p>\n<p>Bekijk hoe de DJI Mavic 3 Enterprise presteert vergeleken met de DJI Mavic 2 Enterprise en de DJI Phantom 4 RTK door <a href=\"\/blog\/dji-mavic-3-enterprise-series\/#elementor-toc__heading-anchor-2\">hier te klikken.<\/a><\/p>\n","protected":false},"excerpt":{"rendered":"<ul>\n<li>Compact and handy<\/li>\n<li>4\/3 CMOS wide-angle camera<\/li>\n<li>56\u00d7 hybrid zoom<\/li>\n<li>640\u00d7512 px thermal imaging camera<\/li>\n<li>45 min maximum flight time<\/li>\n<li>DJI O3 Enterprise transmission<\/li>\n<li>Centimetre-accurate positioning with RTK<\/li>\n<li>Powerful speaker<\/li>\n<\/ul>","protected":false},"featured_media":4513,"template":"","meta":{"_acf_changed":false},"product_brand":[],"product_cat":[135,97,871,165,99,100,101],"product_tag":[],"class_list":{"0":"post-4520","1":"product","2":"type-product","3":"status-publish","4":"has-post-thumbnail","6":"product_cat-alle-drones","7":"product_cat-alle-producten","8":"product_cat-dji-mavic","9":"product_cat-dji-mavic-3-enterprise","10":"product_cat-drones-met-certificaat","11":"product_cat-enterprise-drones","12":"product_cat-professionele-dji-drone","13":"pa_brand-dji","14":"pa_care-basic-1-jaar","15":"pa_care-basic-2-jaar","16":"pa_dronegrade-enterprise","17":"pa_productfamily-drone","18":"pa_producttype-drone","19":"pa_series-mavic-3","21":"first","22":"outofstock","23":"taxable","24":"shipping-taxable","25":"product-type-simple"},"acf":[],"yoast_head":"<!-- This site is optimized with the Yoast SEO Premium plugin v27.2 (Yoast SEO v27.2) - https:\/\/yoast.com\/product\/yoast-seo-premium-wordpress\/ -->\n<title>DJI Mavic 3 Enterprise + 2 jaar DJI Care - koningdrone.be<\/title>\n<meta name=\"robots\" content=\"index, follow, max-snippet:-1, max-image-preview:large, max-video-preview:-1\" \/>\n<link rel=\"canonical\" href=\"https:\/\/koningdrone.be\/en\/product\/dji-mavic-3-enterprise-2-yr-care\/\" \/>\n<meta property=\"og:locale\" content=\"en_GB\" \/>\n<meta property=\"og:type\" content=\"article\" \/>\n<meta property=\"og:title\" content=\"DJI Mavic 3 Enterprise + 2 jaar DJI Care\" \/>\n<meta property=\"og:description\" content=\"Compact en handig4\/3 CMOS-groothoekcamera56\u00d7 hybride zoom640\u00d7512 px warmtebeeldcamera45 min maximale vliegtijdDJI O3 Enterprise-transmissieCentimeter nauwkeurige positionering met RTKKrachtige luidspreker\" \/>\n<meta property=\"og:url\" content=\"https:\/\/koningdrone.be\/en\/product\/dji-mavic-3-enterprise-2-yr-care\/\" \/>\n<meta property=\"og:site_name\" content=\"koningdrone.be\" \/>\n<meta property=\"article:modified_time\" content=\"2025-04-29T12:19:36+00:00\" \/>\n<meta property=\"og:image\" content=\"https:\/\/koningdrone.be\/wp-content\/uploads\/sites\/13\/2025\/04\/6941565944177-1.jpg\" \/>\n\t<meta property=\"og:image:width\" content=\"1200\" \/>\n\t<meta property=\"og:image:height\" content=\"1200\" \/>\n\t<meta property=\"og:image:type\" content=\"image\/jpeg\" \/>\n<meta name=\"twitter:card\" content=\"summary_large_image\" \/>\n<meta name=\"twitter:label1\" content=\"Estimated reading time\" \/>\n\t<meta name=\"twitter:data1\" content=\"3 minutes\" \/>\n<script type=\"application\/ld+json\" class=\"yoast-schema-graph\">{\"@context\":\"https:\/\/schema.org\",\"@graph\":[{\"@type\":\"WebPage\",\"@id\":\"https:\/\/koningdrone.be\/product\/dji-mavic-3-enterprise-2-yr-care\/\",\"url\":\"https:\/\/koningdrone.be\/product\/dji-mavic-3-enterprise-2-yr-care\/\",\"name\":\"DJI Mavic 3 Enterprise + 2 jaar DJI Care - koningdrone.be\",\"isPartOf\":{\"@id\":\"https:\/\/koningdrone.be\/#website\"},\"primaryImageOfPage\":{\"@id\":\"https:\/\/koningdrone.be\/product\/dji-mavic-3-enterprise-2-yr-care\/#primaryimage\"},\"image\":{\"@id\":\"https:\/\/koningdrone.be\/product\/dji-mavic-3-enterprise-2-yr-care\/#primaryimage\"},\"thumbnailUrl\":\"https:\/\/koningdrone.be\/wp-content\/uploads\/sites\/13\/2025\/04\/6941565944177-1.jpg\",\"datePublished\":\"2023-07-10T13:07:00+00:00\",\"dateModified\":\"2025-04-29T12:19:36+00:00\",\"breadcrumb\":{\"@id\":\"https:\/\/koningdrone.be\/product\/dji-mavic-3-enterprise-2-yr-care\/#breadcrumb\"},\"inLanguage\":\"en-GB\",\"potentialAction\":[{\"@type\":\"ReadAction\",\"target\":[\"https:\/\/koningdrone.be\/product\/dji-mavic-3-enterprise-2-yr-care\/\"]}]},{\"@type\":\"ImageObject\",\"inLanguage\":\"en-GB\",\"@id\":\"https:\/\/koningdrone.be\/product\/dji-mavic-3-enterprise-2-yr-care\/#primaryimage\",\"url\":\"https:\/\/koningdrone.be\/wp-content\/uploads\/sites\/13\/2025\/04\/6941565944177-1.jpg\",\"contentUrl\":\"https:\/\/koningdrone.be\/wp-content\/uploads\/sites\/13\/2025\/04\/6941565944177-1.jpg\",\"width\":1200,\"height\":1200},{\"@type\":\"BreadcrumbList\",\"@id\":\"https:\/\/koningdrone.be\/product\/dji-mavic-3-enterprise-2-yr-care\/#breadcrumb\",\"itemListElement\":[{\"@type\":\"ListItem\",\"position\":1,\"name\":\"Home\",\"item\":\"https:\/\/koningdrone.be\/\"},{\"@type\":\"ListItem\",\"position\":2,\"name\":\"AVSS Parachute Recovery System for DJI Matrice 300\/350\",\"item\":\"https:\/\/koningdrone.be\/product\/avss-parachute-recovery-system-for-dji-matrice-300-350\/\"},{\"@type\":\"ListItem\",\"position\":3,\"name\":\"Alle drones\",\"item\":\"https:\/\/koningdrone.be\/categorie\/alle-drones\/\"},{\"@type\":\"ListItem\",\"position\":4,\"name\":\"DJI Mavic 3 Enterprise + 2 jaar DJI Care\"}]},{\"@type\":\"WebSite\",\"@id\":\"https:\/\/koningdrone.be\/#website\",\"url\":\"https:\/\/koningdrone.be\/\",\"name\":\"Koningdrone.be - Uw online specialist in drones, gimbals, camera's en power stations.\",\"description\":\"De webshop in drones en gimbals\",\"publisher\":{\"@id\":\"https:\/\/koningdrone.be\/#organization\"},\"potentialAction\":[{\"@type\":\"SearchAction\",\"target\":{\"@type\":\"EntryPoint\",\"urlTemplate\":\"https:\/\/koningdrone.be\/?s={search_term_string}\"},\"query-input\":{\"@type\":\"PropertyValueSpecification\",\"valueRequired\":true,\"valueName\":\"search_term_string\"}}],\"inLanguage\":\"en-GB\"},{\"@type\":\"Organization\",\"@id\":\"https:\/\/koningdrone.be\/#organization\",\"name\":\"Koningdrone.be\",\"url\":\"https:\/\/koningdrone.be\/\",\"logo\":{\"@type\":\"ImageObject\",\"inLanguage\":\"en-GB\",\"@id\":\"https:\/\/koningdrone.be\/#\/schema\/logo\/image\/\",\"url\":\"https:\/\/koningdrone.be\/wp-content\/uploads\/sites\/13\/2025\/04\/koningdrone-copyright-logo.svg\",\"contentUrl\":\"https:\/\/koningdrone.be\/wp-content\/uploads\/sites\/13\/2025\/04\/koningdrone-copyright-logo.svg\",\"width\":227,\"height\":38,\"caption\":\"Koningdrone.be\"},\"image\":{\"@id\":\"https:\/\/koningdrone.be\/#\/schema\/logo\/image\/\"}}]}<\/script>\n<!-- \/ Yoast SEO Premium plugin. -->","yoast_head_json":{"title":"DJI Mavic 3 Enterprise + 2 jaar DJI Care - koningdrone.be","robots":{"index":"index","follow":"follow","max-snippet":"max-snippet:-1","max-image-preview":"max-image-preview:large","max-video-preview":"max-video-preview:-1"},"canonical":"https:\/\/koningdrone.be\/en\/product\/dji-mavic-3-enterprise-2-yr-care\/","og_locale":"en_GB","og_type":"article","og_title":"DJI Mavic 3 Enterprise + 2 jaar DJI Care","og_description":"Compact en handig4\/3 CMOS-groothoekcamera56\u00d7 hybride zoom640\u00d7512 px warmtebeeldcamera45 min maximale vliegtijdDJI O3 Enterprise-transmissieCentimeter nauwkeurige positionering met RTKKrachtige luidspreker","og_url":"https:\/\/koningdrone.be\/en\/product\/dji-mavic-3-enterprise-2-yr-care\/","og_site_name":"koningdrone.be","article_modified_time":"2025-04-29T12:19:36+00:00","og_image":[{"width":1200,"height":1200,"url":"https:\/\/koningdrone.be\/wp-content\/uploads\/sites\/13\/2025\/04\/6941565944177-1.jpg","type":"image\/jpeg"}],"twitter_card":"summary_large_image","twitter_misc":{"Estimated reading time":"3 minutes"},"schema":{"@context":"https:\/\/schema.org","@graph":[{"@type":"WebPage","@id":"https:\/\/koningdrone.be\/product\/dji-mavic-3-enterprise-2-yr-care\/","url":"https:\/\/koningdrone.be\/product\/dji-mavic-3-enterprise-2-yr-care\/","name":"DJI Mavic 3 Enterprise + 2 jaar DJI Care - koningdrone.be","isPartOf":{"@id":"https:\/\/koningdrone.be\/#website"},"primaryImageOfPage":{"@id":"https:\/\/koningdrone.be\/product\/dji-mavic-3-enterprise-2-yr-care\/#primaryimage"},"image":{"@id":"https:\/\/koningdrone.be\/product\/dji-mavic-3-enterprise-2-yr-care\/#primaryimage"},"thumbnailUrl":"https:\/\/koningdrone.be\/wp-content\/uploads\/sites\/13\/2025\/04\/6941565944177-1.jpg","datePublished":"2023-07-10T13:07:00+00:00","dateModified":"2025-04-29T12:19:36+00:00","breadcrumb":{"@id":"https:\/\/koningdrone.be\/product\/dji-mavic-3-enterprise-2-yr-care\/#breadcrumb"},"inLanguage":"en-GB","potentialAction":[{"@type":"ReadAction","target":["https:\/\/koningdrone.be\/product\/dji-mavic-3-enterprise-2-yr-care\/"]}]},{"@type":"ImageObject","inLanguage":"en-GB","@id":"https:\/\/koningdrone.be\/product\/dji-mavic-3-enterprise-2-yr-care\/#primaryimage","url":"https:\/\/koningdrone.be\/wp-content\/uploads\/sites\/13\/2025\/04\/6941565944177-1.jpg","contentUrl":"https:\/\/koningdrone.be\/wp-content\/uploads\/sites\/13\/2025\/04\/6941565944177-1.jpg","width":1200,"height":1200},{"@type":"BreadcrumbList","@id":"https:\/\/koningdrone.be\/product\/dji-mavic-3-enterprise-2-yr-care\/#breadcrumb","itemListElement":[{"@type":"ListItem","position":1,"name":"Home","item":"https:\/\/koningdrone.be\/"},{"@type":"ListItem","position":2,"name":"AVSS Parachute Recovery System for DJI Matrice 300\/350","item":"https:\/\/koningdrone.be\/product\/avss-parachute-recovery-system-for-dji-matrice-300-350\/"},{"@type":"ListItem","position":3,"name":"Alle drones","item":"https:\/\/koningdrone.be\/categorie\/alle-drones\/"},{"@type":"ListItem","position":4,"name":"DJI Mavic 3 Enterprise + 2 jaar DJI Care"}]},{"@type":"WebSite","@id":"https:\/\/koningdrone.be\/#website","url":"https:\/\/koningdrone.be\/","name":"Koningdrone.be - Your online specialist in drones, gimbals, cameras and power stations.","description":"The webshop in drones and gimbals","publisher":{"@id":"https:\/\/koningdrone.be\/#organization"},"potentialAction":[{"@type":"SearchAction","target":{"@type":"EntryPoint","urlTemplate":"https:\/\/koningdrone.be\/?s={search_term_string}"},"query-input":{"@type":"PropertyValueSpecification","valueRequired":true,"valueName":"search_term_string"}}],"inLanguage":"en-GB"},{"@type":"Organization","@id":"https:\/\/koningdrone.be\/#organization","name":"Kingdrone.co.uk","url":"https:\/\/koningdrone.be\/","logo":{"@type":"ImageObject","inLanguage":"en-GB","@id":"https:\/\/koningdrone.be\/#\/schema\/logo\/image\/","url":"https:\/\/koningdrone.be\/wp-content\/uploads\/sites\/13\/2025\/04\/koningdrone-copyright-logo.svg","contentUrl":"https:\/\/koningdrone.be\/wp-content\/uploads\/sites\/13\/2025\/04\/koningdrone-copyright-logo.svg","width":227,"height":38,"caption":"Koningdrone.be"},"image":{"@id":"https:\/\/koningdrone.be\/#\/schema\/logo\/image\/"}}]}},"df_price":"","df_sale_price":"","df_regular_price":"","df_image_link":"https:\/\/koningdrone.be\/wp-content\/uploads\/sites\/13\/2025\/04\/6941565944177-1-300x300.jpg","_links":{"self":[{"href":"https:\/\/koningdrone.be\/en\/wp-json\/wp\/v2\/product\/4520","targetHints":{"allow":["GET"]}}],"collection":[{"href":"https:\/\/koningdrone.be\/en\/wp-json\/wp\/v2\/product"}],"about":[{"href":"https:\/\/koningdrone.be\/en\/wp-json\/wp\/v2\/types\/product"}],"wp:featuredmedia":[{"embeddable":true,"href":"https:\/\/koningdrone.be\/en\/wp-json\/wp\/v2\/media\/4513"}],"wp:attachment":[{"href":"https:\/\/koningdrone.be\/en\/wp-json\/wp\/v2\/media?parent=4520"}],"wp:term":[{"taxonomy":"product_brand","embeddable":true,"href":"https:\/\/koningdrone.be\/en\/wp-json\/wp\/v2\/product_brand?post=4520"},{"taxonomy":"product_cat","embeddable":true,"href":"https:\/\/koningdrone.be\/en\/wp-json\/wp\/v2\/product_cat?post=4520"},{"taxonomy":"product_tag","embeddable":true,"href":"https:\/\/koningdrone.be\/en\/wp-json\/wp\/v2\/product_tag?post=4520"}],"curies":[{"name":"wp","href":"https:\/\/api.w.org\/{rel}","templated":true}]}}