{"id":2497,"date":"2024-09-18T10:28:18","date_gmt":"2024-09-18T08:28:18","guid":{"rendered":"https:\/\/koningdrone.nl\/kon\/product\/insta360-multi-mount-tripod\/"},"modified":"2026-05-01T04:40:52","modified_gmt":"2026-05-01T02:40:52","slug":"insta360-multi-mount-tripod","status":"publish","type":"product","link":"https:\/\/koningdrone.be\/en\/product\/insta360-multi-mount-tripod\/","title":{"rendered":"Insta360 Multi Mount Tripod"},"content":{"rendered":"<p>The Insta360 Multi-Mount is a versatile accessory designed to expand your camera's mounting options. It has multiple attachment points, allowing you to securely attach your Insta360 camera to different surfaces and objects. Whether you need to attach your camera to a tripod, pole or other equipment, the Multi-Mount provides stability and flexibility for a range of shooting scenarios. Its durable construction ensures reliable performance in a variety of environments, making it an essential tool for capturing dynamic and creative images.<\/p>","protected":false},"excerpt":{"rendered":"<ul>\n<li>All in one. Combined tripod, selfie stick and magic arm in one.<\/li>\n<li>3-fold design, full length and angle adjustments for versatility.<\/li>\n<li>Fully rotatable ball joint mount for camera angle adjustment.<\/li>\n<li>\"Mantis\" mode, hang up your camera for a new shooting angle.<\/li>\n<\/ul>","protected":false},"featured_media":2491,"template":"","meta":{"_acf_changed":false},"product_brand":[],"product_cat":[97,343],"product_tag":[],"class_list":{"0":"post-2497","1":"product","2":"type-product","3":"status-publish","4":"has-post-thumbnail","6":"product_cat-alle-producten","7":"product_cat-insta360","8":"product_shipping_class-europafotoall","9":"pa_brand-insta360","10":"pa_productfamily-driepoot","11":"pa_producttype-driepoot","12":"pa_series-insta360-go","14":"first","15":"instock","16":"taxable","17":"shipping-taxable","18":"purchasable","19":"product-type-simple"},"acf":[],"yoast_head":"<!-- This site is optimized with the Yoast SEO Premium plugin v27.2 (Yoast SEO v27.2) - https:\/\/yoast.com\/product\/yoast-seo-premium-wordpress\/ -->\n<title>Insta360 Multi Mount Tripod - koningdrone.be<\/title>\n<meta name=\"robots\" content=\"index, follow, max-snippet:-1, max-image-preview:large, max-video-preview:-1\" \/>\n<link rel=\"canonical\" href=\"https:\/\/koningdrone.be\/en\/product\/insta360-multi-mount-tripod\/\" \/>\n<meta property=\"og:locale\" content=\"en_GB\" \/>\n<meta property=\"og:type\" content=\"article\" \/>\n<meta property=\"og:title\" content=\"Insta360 Multi Mount Tripod\" \/>\n<meta property=\"og:description\" content=\"Alles in \u00e9\u00e9n. Gecombineerd statief, selfiestick en magische arm in \u00e9\u00e9n.3-voudig vouwontwerp, volledige lengte- en hoekaanpassingen voor veelzijdigheid.Volledig draaibare kogelgewrichtbevestiging voor aanpassing van de camerahoek.\u201cMantis\u201d modus, hang je camera op voor een nieuwe opnamehoek.\" \/>\n<meta property=\"og:url\" content=\"https:\/\/koningdrone.be\/en\/product\/insta360-multi-mount-tripod\/\" \/>\n<meta property=\"og:site_name\" content=\"koningdrone.be\" \/>\n<meta property=\"article:modified_time\" content=\"2026-05-01T02:40:52+00:00\" \/>\n<meta property=\"og:image\" content=\"https:\/\/koningdrone.be\/wp-content\/uploads\/sites\/13\/2025\/04\/2673_40e52546-e31d-4496-9982-26b2ba10eb66.webp\" \/>\n\t<meta property=\"og:image:width\" content=\"1280\" \/>\n\t<meta property=\"og:image:height\" content=\"1280\" \/>\n\t<meta property=\"og:image:type\" content=\"image\/webp\" \/>\n<meta name=\"twitter:card\" content=\"summary_large_image\" \/>\n<script type=\"application\/ld+json\" class=\"yoast-schema-graph\">{\"@context\":\"https:\/\/schema.org\",\"@graph\":[{\"@type\":\"WebPage\",\"@id\":\"https:\/\/koningdrone.be\/product\/insta360-multi-mount-tripod\/\",\"url\":\"https:\/\/koningdrone.be\/product\/insta360-multi-mount-tripod\/\",\"name\":\"Insta360 Multi Mount Tripod - koningdrone.be\",\"isPartOf\":{\"@id\":\"https:\/\/koningdrone.be\/#website\"},\"primaryImageOfPage\":{\"@id\":\"https:\/\/koningdrone.be\/product\/insta360-multi-mount-tripod\/#primaryimage\"},\"image\":{\"@id\":\"https:\/\/koningdrone.be\/product\/insta360-multi-mount-tripod\/#primaryimage\"},\"thumbnailUrl\":\"https:\/\/koningdrone.be\/wp-content\/uploads\/sites\/13\/2025\/04\/2673_40e52546-e31d-4496-9982-26b2ba10eb66.webp\",\"datePublished\":\"2024-09-18T08:28:18+00:00\",\"dateModified\":\"2026-05-01T02:40:52+00:00\",\"breadcrumb\":{\"@id\":\"https:\/\/koningdrone.be\/product\/insta360-multi-mount-tripod\/#breadcrumb\"},\"inLanguage\":\"en-GB\",\"potentialAction\":[{\"@type\":\"ReadAction\",\"target\":[\"https:\/\/koningdrone.be\/product\/insta360-multi-mount-tripod\/\"]}]},{\"@type\":\"ImageObject\",\"inLanguage\":\"en-GB\",\"@id\":\"https:\/\/koningdrone.be\/product\/insta360-multi-mount-tripod\/#primaryimage\",\"url\":\"https:\/\/koningdrone.be\/wp-content\/uploads\/sites\/13\/2025\/04\/2673_40e52546-e31d-4496-9982-26b2ba10eb66.webp\",\"contentUrl\":\"https:\/\/koningdrone.be\/wp-content\/uploads\/sites\/13\/2025\/04\/2673_40e52546-e31d-4496-9982-26b2ba10eb66.webp\",\"width\":1280,\"height\":1280},{\"@type\":\"BreadcrumbList\",\"@id\":\"https:\/\/koningdrone.be\/product\/insta360-multi-mount-tripod\/#breadcrumb\",\"itemListElement\":[{\"@type\":\"ListItem\",\"position\":1,\"name\":\"Home\",\"item\":\"https:\/\/koningdrone.be\/\"},{\"@type\":\"ListItem\",\"position\":2,\"name\":\"AVSS Parachute Recovery System for DJI Matrice 300\/350\",\"item\":\"https:\/\/koningdrone.be\/product\/avss-parachute-recovery-system-for-dji-matrice-300-350\/\"},{\"@type\":\"ListItem\",\"position\":3,\"name\":\"Alle producten\",\"item\":\"https:\/\/koningdrone.be\/categorie\/alle-producten\/\"},{\"@type\":\"ListItem\",\"position\":4,\"name\":\"Insta360 Multi Mount Tripod\"}]},{\"@type\":\"WebSite\",\"@id\":\"https:\/\/koningdrone.be\/#website\",\"url\":\"https:\/\/koningdrone.be\/\",\"name\":\"Koningdrone.be - Uw online specialist in drones, gimbals, camera's en power stations.\",\"description\":\"De webshop in drones en gimbals\",\"publisher\":{\"@id\":\"https:\/\/koningdrone.be\/#organization\"},\"potentialAction\":[{\"@type\":\"SearchAction\",\"target\":{\"@type\":\"EntryPoint\",\"urlTemplate\":\"https:\/\/koningdrone.be\/?s={search_term_string}\"},\"query-input\":{\"@type\":\"PropertyValueSpecification\",\"valueRequired\":true,\"valueName\":\"search_term_string\"}}],\"inLanguage\":\"en-GB\"},{\"@type\":\"Organization\",\"@id\":\"https:\/\/koningdrone.be\/#organization\",\"name\":\"Koningdrone.be\",\"url\":\"https:\/\/koningdrone.be\/\",\"logo\":{\"@type\":\"ImageObject\",\"inLanguage\":\"en-GB\",\"@id\":\"https:\/\/koningdrone.be\/#\/schema\/logo\/image\/\",\"url\":\"https:\/\/koningdrone.be\/wp-content\/uploads\/sites\/13\/2025\/04\/koningdrone-copyright-logo.svg\",\"contentUrl\":\"https:\/\/koningdrone.be\/wp-content\/uploads\/sites\/13\/2025\/04\/koningdrone-copyright-logo.svg\",\"width\":227,\"height\":38,\"caption\":\"Koningdrone.be\"},\"image\":{\"@id\":\"https:\/\/koningdrone.be\/#\/schema\/logo\/image\/\"}}]}<\/script>\n<!-- \/ Yoast SEO Premium plugin. -->","yoast_head_json":{"title":"Insta360 Multi Mount Tripod - koningdrone.be","robots":{"index":"index","follow":"follow","max-snippet":"max-snippet:-1","max-image-preview":"max-image-preview:large","max-video-preview":"max-video-preview:-1"},"canonical":"https:\/\/koningdrone.be\/en\/product\/insta360-multi-mount-tripod\/","og_locale":"en_GB","og_type":"article","og_title":"Insta360 Multi Mount Tripod","og_description":"Alles in \u00e9\u00e9n. Gecombineerd statief, selfiestick en magische arm in \u00e9\u00e9n.3-voudig vouwontwerp, volledige lengte- en hoekaanpassingen voor veelzijdigheid.Volledig draaibare kogelgewrichtbevestiging voor aanpassing van de camerahoek.\u201cMantis\u201d modus, hang je camera op voor een nieuwe opnamehoek.","og_url":"https:\/\/koningdrone.be\/en\/product\/insta360-multi-mount-tripod\/","og_site_name":"koningdrone.be","article_modified_time":"2026-05-01T02:40:52+00:00","og_image":[{"width":1280,"height":1280,"url":"https:\/\/koningdrone.be\/wp-content\/uploads\/sites\/13\/2025\/04\/2673_40e52546-e31d-4496-9982-26b2ba10eb66.webp","type":"image\/webp"}],"twitter_card":"summary_large_image","schema":{"@context":"https:\/\/schema.org","@graph":[{"@type":"WebPage","@id":"https:\/\/koningdrone.be\/product\/insta360-multi-mount-tripod\/","url":"https:\/\/koningdrone.be\/product\/insta360-multi-mount-tripod\/","name":"Insta360 Multi Mount Tripod - koningdrone.be","isPartOf":{"@id":"https:\/\/koningdrone.be\/#website"},"primaryImageOfPage":{"@id":"https:\/\/koningdrone.be\/product\/insta360-multi-mount-tripod\/#primaryimage"},"image":{"@id":"https:\/\/koningdrone.be\/product\/insta360-multi-mount-tripod\/#primaryimage"},"thumbnailUrl":"https:\/\/koningdrone.be\/wp-content\/uploads\/sites\/13\/2025\/04\/2673_40e52546-e31d-4496-9982-26b2ba10eb66.webp","datePublished":"2024-09-18T08:28:18+00:00","dateModified":"2026-05-01T02:40:52+00:00","breadcrumb":{"@id":"https:\/\/koningdrone.be\/product\/insta360-multi-mount-tripod\/#breadcrumb"},"inLanguage":"en-GB","potentialAction":[{"@type":"ReadAction","target":["https:\/\/koningdrone.be\/product\/insta360-multi-mount-tripod\/"]}]},{"@type":"ImageObject","inLanguage":"en-GB","@id":"https:\/\/koningdrone.be\/product\/insta360-multi-mount-tripod\/#primaryimage","url":"https:\/\/koningdrone.be\/wp-content\/uploads\/sites\/13\/2025\/04\/2673_40e52546-e31d-4496-9982-26b2ba10eb66.webp","contentUrl":"https:\/\/koningdrone.be\/wp-content\/uploads\/sites\/13\/2025\/04\/2673_40e52546-e31d-4496-9982-26b2ba10eb66.webp","width":1280,"height":1280},{"@type":"BreadcrumbList","@id":"https:\/\/koningdrone.be\/product\/insta360-multi-mount-tripod\/#breadcrumb","itemListElement":[{"@type":"ListItem","position":1,"name":"Home","item":"https:\/\/koningdrone.be\/"},{"@type":"ListItem","position":2,"name":"AVSS Parachute Recovery System for DJI Matrice 300\/350","item":"https:\/\/koningdrone.be\/product\/avss-parachute-recovery-system-for-dji-matrice-300-350\/"},{"@type":"ListItem","position":3,"name":"Alle producten","item":"https:\/\/koningdrone.be\/categorie\/alle-producten\/"},{"@type":"ListItem","position":4,"name":"Insta360 Multi Mount Tripod"}]},{"@type":"WebSite","@id":"https:\/\/koningdrone.be\/#website","url":"https:\/\/koningdrone.be\/","name":"Koningdrone.be - Your online specialist in drones, gimbals, cameras and power stations.","description":"The webshop in drones and gimbals","publisher":{"@id":"https:\/\/koningdrone.be\/#organization"},"potentialAction":[{"@type":"SearchAction","target":{"@type":"EntryPoint","urlTemplate":"https:\/\/koningdrone.be\/?s={search_term_string}"},"query-input":{"@type":"PropertyValueSpecification","valueRequired":true,"valueName":"search_term_string"}}],"inLanguage":"en-GB"},{"@type":"Organization","@id":"https:\/\/koningdrone.be\/#organization","name":"Kingdrone.co.uk","url":"https:\/\/koningdrone.be\/","logo":{"@type":"ImageObject","inLanguage":"en-GB","@id":"https:\/\/koningdrone.be\/#\/schema\/logo\/image\/","url":"https:\/\/koningdrone.be\/wp-content\/uploads\/sites\/13\/2025\/04\/koningdrone-copyright-logo.svg","contentUrl":"https:\/\/koningdrone.be\/wp-content\/uploads\/sites\/13\/2025\/04\/koningdrone-copyright-logo.svg","width":227,"height":38,"caption":"Koningdrone.be"},"image":{"@id":"https:\/\/koningdrone.be\/#\/schema\/logo\/image\/"}}]}},"df_price":61,"df_sale_price":"","df_regular_price":61,"df_image_link":"https:\/\/koningdrone.be\/wp-content\/uploads\/sites\/13\/2025\/04\/2673_40e52546-e31d-4496-9982-26b2ba10eb66-300x300.webp","_links":{"self":[{"href":"https:\/\/koningdrone.be\/en\/wp-json\/wp\/v2\/product\/2497","targetHints":{"allow":["GET"]}}],"collection":[{"href":"https:\/\/koningdrone.be\/en\/wp-json\/wp\/v2\/product"}],"about":[{"href":"https:\/\/koningdrone.be\/en\/wp-json\/wp\/v2\/types\/product"}],"wp:featuredmedia":[{"embeddable":true,"href":"https:\/\/koningdrone.be\/en\/wp-json\/wp\/v2\/media\/2491"}],"wp:attachment":[{"href":"https:\/\/koningdrone.be\/en\/wp-json\/wp\/v2\/media?parent=2497"}],"wp:term":[{"taxonomy":"product_brand","embeddable":true,"href":"https:\/\/koningdrone.be\/en\/wp-json\/wp\/v2\/product_brand?post=2497"},{"taxonomy":"product_cat","embeddable":true,"href":"https:\/\/koningdrone.be\/en\/wp-json\/wp\/v2\/product_cat?post=2497"},{"taxonomy":"product_tag","embeddable":true,"href":"https:\/\/koningdrone.be\/en\/wp-json\/wp\/v2\/product_tag?post=2497"}],"curies":[{"name":"wp","href":"https:\/\/api.w.org\/{rel}","templated":true}]}}