{"id":1914,"date":"2024-11-05T10:24:31","date_gmt":"2024-11-05T09:24:31","guid":{"rendered":"https:\/\/koningdrone.nl\/kon\/product\/kronos-ad-matrice-3d-parachute-moc-m2-with-external-flight-termination-system\/"},"modified":"2026-04-29T16:10:27","modified_gmt":"2026-04-29T14:10:27","slug":"kronos-ad-matrice-3d-parachute-moc-m2-with-external-flight-termination-system","status":"publish","type":"product","link":"https:\/\/koningdrone.be\/en\/product\/kronos-ad-matrice-3d-parachute-moc-m2-with-external-flight-termination-system\/","title":{"rendered":"Kronos AD Matrice 3D Parachute Moc M2 with External Flight Termination System"},"content":{"rendered":"<p>The Kronos AD Matrice 3D Parachute Moc M2 with External Flight Termination System is a robust safety solution designed for DJI Matrice 300 and 350 RTK drones. It features an advanced parachute deployment system that ensures safe landings during emergencies, reducing the risk of damage to the drone and its surroundings. The external flight termination system provides an additional layer of safety, allowing operators to cut power to the engines in critical situations. This product is ideal for commercial and industrial drone operations where safety and compliance are paramount.<\/p>","protected":false},"excerpt":{"rendered":"<ul>\n<li>Ensures safe landings in case of in-flight emergencies.<\/li>\n<li>Equipped with an advanced parachute deployment system.<\/li>\n<li>Contains an external flight termination system for added safety.<\/li>\n<li>Ideal for commercial and industrial drone operations.<\/li>\n<\/ul>","protected":false},"featured_media":1913,"template":"","meta":{"_acf_changed":false},"product_brand":[],"product_cat":[292,97],"product_tag":[],"class_list":{"0":"post-1914","1":"product","2":"type-product","3":"status-publish","4":"has-post-thumbnail","6":"product_cat-alle-parachutes","7":"product_cat-alle-producten","8":"product_shipping_class-outofstock","9":"pa_brand-dronavia","10":"pa_productfamily-kronos","11":"pa_producttype-parachute","12":"pa_series-matrice-3d","14":"first","15":"outofstock","16":"taxable","17":"shipping-taxable","18":"purchasable","19":"product-type-simple"},"acf":[],"yoast_head":"<!-- This site is optimized with the Yoast SEO Premium plugin v27.2 (Yoast SEO v27.2) - https:\/\/yoast.com\/product\/yoast-seo-premium-wordpress\/ -->\n<title>Kronos AD Matrice 3D Parachute Moc M2 with External Flight Termination System - koningdrone.be<\/title>\n<meta name=\"robots\" content=\"index, follow, max-snippet:-1, max-image-preview:large, max-video-preview:-1\" \/>\n<link rel=\"canonical\" href=\"https:\/\/koningdrone.be\/en\/product\/kronos-ad-matrice-3d-parachute-moc-m2-with-external-flight-termination-system\/\" \/>\n<meta property=\"og:locale\" content=\"en_GB\" \/>\n<meta property=\"og:type\" content=\"article\" \/>\n<meta property=\"og:title\" content=\"Kronos AD Matrice 3D Parachute Moc M2 with External Flight Termination System\" \/>\n<meta property=\"og:description\" content=\"Zorgt voor veilige landingen bij noodgevallen tijdens de vlucht.  Voorzien van een geavanceerd parachute ontplooiingssysteem.  Bevat een extern vluchtbe\u00ebindigingssysteem voor extra veiligheid.  Ideaal voor commerci\u00eble en industri\u00eble droneoperaties.\" \/>\n<meta property=\"og:url\" content=\"https:\/\/koningdrone.be\/en\/product\/kronos-ad-matrice-3d-parachute-moc-m2-with-external-flight-termination-system\/\" \/>\n<meta property=\"og:site_name\" content=\"koningdrone.be\" \/>\n<meta property=\"article:modified_time\" content=\"2026-04-29T14:10:27+00:00\" \/>\n<meta property=\"og:image\" content=\"https:\/\/koningdrone.be\/wp-content\/uploads\/sites\/13\/2025\/04\/EAKRM3D280931.jpg\" \/>\n\t<meta property=\"og:image:width\" content=\"800\" \/>\n\t<meta property=\"og:image:height\" content=\"800\" \/>\n\t<meta property=\"og:image:type\" content=\"image\/jpeg\" \/>\n<meta name=\"twitter:card\" content=\"summary_large_image\" \/>\n<meta name=\"twitter:label1\" content=\"Estimated reading time\" \/>\n\t<meta name=\"twitter:data1\" content=\"1 minute\" \/>\n<script type=\"application\/ld+json\" class=\"yoast-schema-graph\">{\"@context\":\"https:\/\/schema.org\",\"@graph\":[{\"@type\":\"WebPage\",\"@id\":\"https:\/\/koningdrone.be\/product\/kronos-ad-matrice-3d-parachute-moc-m2-with-external-flight-termination-system\/\",\"url\":\"https:\/\/koningdrone.be\/product\/kronos-ad-matrice-3d-parachute-moc-m2-with-external-flight-termination-system\/\",\"name\":\"Kronos AD Matrice 3D Parachute Moc M2 with External Flight Termination System - koningdrone.be\",\"isPartOf\":{\"@id\":\"https:\/\/koningdrone.be\/#website\"},\"primaryImageOfPage\":{\"@id\":\"https:\/\/koningdrone.be\/product\/kronos-ad-matrice-3d-parachute-moc-m2-with-external-flight-termination-system\/#primaryimage\"},\"image\":{\"@id\":\"https:\/\/koningdrone.be\/product\/kronos-ad-matrice-3d-parachute-moc-m2-with-external-flight-termination-system\/#primaryimage\"},\"thumbnailUrl\":\"https:\/\/koningdrone.be\/wp-content\/uploads\/sites\/13\/2025\/04\/EAKRM3D280931.jpg\",\"datePublished\":\"2024-11-05T09:24:31+00:00\",\"dateModified\":\"2026-04-29T14:10:27+00:00\",\"breadcrumb\":{\"@id\":\"https:\/\/koningdrone.be\/product\/kronos-ad-matrice-3d-parachute-moc-m2-with-external-flight-termination-system\/#breadcrumb\"},\"inLanguage\":\"en-GB\",\"potentialAction\":[{\"@type\":\"ReadAction\",\"target\":[\"https:\/\/koningdrone.be\/product\/kronos-ad-matrice-3d-parachute-moc-m2-with-external-flight-termination-system\/\"]}]},{\"@type\":\"ImageObject\",\"inLanguage\":\"en-GB\",\"@id\":\"https:\/\/koningdrone.be\/product\/kronos-ad-matrice-3d-parachute-moc-m2-with-external-flight-termination-system\/#primaryimage\",\"url\":\"https:\/\/koningdrone.be\/wp-content\/uploads\/sites\/13\/2025\/04\/EAKRM3D280931.jpg\",\"contentUrl\":\"https:\/\/koningdrone.be\/wp-content\/uploads\/sites\/13\/2025\/04\/EAKRM3D280931.jpg\",\"width\":800,\"height\":800},{\"@type\":\"BreadcrumbList\",\"@id\":\"https:\/\/koningdrone.be\/product\/kronos-ad-matrice-3d-parachute-moc-m2-with-external-flight-termination-system\/#breadcrumb\",\"itemListElement\":[{\"@type\":\"ListItem\",\"position\":1,\"name\":\"Home\",\"item\":\"https:\/\/koningdrone.be\/\"},{\"@type\":\"ListItem\",\"position\":2,\"name\":\"AVSS Parachute Recovery System for DJI Matrice 300\/350\",\"item\":\"https:\/\/koningdrone.be\/product\/avss-parachute-recovery-system-for-dji-matrice-300-350\/\"},{\"@type\":\"ListItem\",\"position\":3,\"name\":\"Alle parachutes\",\"item\":\"https:\/\/koningdrone.be\/categorie\/alle-parachutes\/\"},{\"@type\":\"ListItem\",\"position\":4,\"name\":\"Kronos AD Matrice 3D Parachute Moc M2 with External Flight Termination System\"}]},{\"@type\":\"WebSite\",\"@id\":\"https:\/\/koningdrone.be\/#website\",\"url\":\"https:\/\/koningdrone.be\/\",\"name\":\"Koningdrone.be - Uw online specialist in drones, gimbals, camera's en power stations.\",\"description\":\"De webshop in drones en gimbals\",\"publisher\":{\"@id\":\"https:\/\/koningdrone.be\/#organization\"},\"potentialAction\":[{\"@type\":\"SearchAction\",\"target\":{\"@type\":\"EntryPoint\",\"urlTemplate\":\"https:\/\/koningdrone.be\/?s={search_term_string}\"},\"query-input\":{\"@type\":\"PropertyValueSpecification\",\"valueRequired\":true,\"valueName\":\"search_term_string\"}}],\"inLanguage\":\"en-GB\"},{\"@type\":\"Organization\",\"@id\":\"https:\/\/koningdrone.be\/#organization\",\"name\":\"Koningdrone.be\",\"url\":\"https:\/\/koningdrone.be\/\",\"logo\":{\"@type\":\"ImageObject\",\"inLanguage\":\"en-GB\",\"@id\":\"https:\/\/koningdrone.be\/#\/schema\/logo\/image\/\",\"url\":\"https:\/\/koningdrone.be\/wp-content\/uploads\/sites\/13\/2025\/04\/koningdrone-copyright-logo.svg\",\"contentUrl\":\"https:\/\/koningdrone.be\/wp-content\/uploads\/sites\/13\/2025\/04\/koningdrone-copyright-logo.svg\",\"width\":227,\"height\":38,\"caption\":\"Koningdrone.be\"},\"image\":{\"@id\":\"https:\/\/koningdrone.be\/#\/schema\/logo\/image\/\"}}]}<\/script>\n<!-- \/ Yoast SEO Premium plugin. -->","yoast_head_json":{"title":"Kronos AD Matrice 3D Parachute Moc M2 with External Flight Termination System - koningdrone.be","robots":{"index":"index","follow":"follow","max-snippet":"max-snippet:-1","max-image-preview":"max-image-preview:large","max-video-preview":"max-video-preview:-1"},"canonical":"https:\/\/koningdrone.be\/en\/product\/kronos-ad-matrice-3d-parachute-moc-m2-with-external-flight-termination-system\/","og_locale":"en_GB","og_type":"article","og_title":"Kronos AD Matrice 3D Parachute Moc M2 with External Flight Termination System","og_description":"Zorgt voor veilige landingen bij noodgevallen tijdens de vlucht.  Voorzien van een geavanceerd parachute ontplooiingssysteem.  Bevat een extern vluchtbe\u00ebindigingssysteem voor extra veiligheid.  Ideaal voor commerci\u00eble en industri\u00eble droneoperaties.","og_url":"https:\/\/koningdrone.be\/en\/product\/kronos-ad-matrice-3d-parachute-moc-m2-with-external-flight-termination-system\/","og_site_name":"koningdrone.be","article_modified_time":"2026-04-29T14:10:27+00:00","og_image":[{"width":800,"height":800,"url":"https:\/\/koningdrone.be\/wp-content\/uploads\/sites\/13\/2025\/04\/EAKRM3D280931.jpg","type":"image\/jpeg"}],"twitter_card":"summary_large_image","twitter_misc":{"Estimated reading time":"1 minute"},"schema":{"@context":"https:\/\/schema.org","@graph":[{"@type":"WebPage","@id":"https:\/\/koningdrone.be\/product\/kronos-ad-matrice-3d-parachute-moc-m2-with-external-flight-termination-system\/","url":"https:\/\/koningdrone.be\/product\/kronos-ad-matrice-3d-parachute-moc-m2-with-external-flight-termination-system\/","name":"Kronos AD Matrice 3D Parachute Moc M2 with External Flight Termination System - koningdrone.be","isPartOf":{"@id":"https:\/\/koningdrone.be\/#website"},"primaryImageOfPage":{"@id":"https:\/\/koningdrone.be\/product\/kronos-ad-matrice-3d-parachute-moc-m2-with-external-flight-termination-system\/#primaryimage"},"image":{"@id":"https:\/\/koningdrone.be\/product\/kronos-ad-matrice-3d-parachute-moc-m2-with-external-flight-termination-system\/#primaryimage"},"thumbnailUrl":"https:\/\/koningdrone.be\/wp-content\/uploads\/sites\/13\/2025\/04\/EAKRM3D280931.jpg","datePublished":"2024-11-05T09:24:31+00:00","dateModified":"2026-04-29T14:10:27+00:00","breadcrumb":{"@id":"https:\/\/koningdrone.be\/product\/kronos-ad-matrice-3d-parachute-moc-m2-with-external-flight-termination-system\/#breadcrumb"},"inLanguage":"en-GB","potentialAction":[{"@type":"ReadAction","target":["https:\/\/koningdrone.be\/product\/kronos-ad-matrice-3d-parachute-moc-m2-with-external-flight-termination-system\/"]}]},{"@type":"ImageObject","inLanguage":"en-GB","@id":"https:\/\/koningdrone.be\/product\/kronos-ad-matrice-3d-parachute-moc-m2-with-external-flight-termination-system\/#primaryimage","url":"https:\/\/koningdrone.be\/wp-content\/uploads\/sites\/13\/2025\/04\/EAKRM3D280931.jpg","contentUrl":"https:\/\/koningdrone.be\/wp-content\/uploads\/sites\/13\/2025\/04\/EAKRM3D280931.jpg","width":800,"height":800},{"@type":"BreadcrumbList","@id":"https:\/\/koningdrone.be\/product\/kronos-ad-matrice-3d-parachute-moc-m2-with-external-flight-termination-system\/#breadcrumb","itemListElement":[{"@type":"ListItem","position":1,"name":"Home","item":"https:\/\/koningdrone.be\/"},{"@type":"ListItem","position":2,"name":"AVSS Parachute Recovery System for DJI Matrice 300\/350","item":"https:\/\/koningdrone.be\/product\/avss-parachute-recovery-system-for-dji-matrice-300-350\/"},{"@type":"ListItem","position":3,"name":"Alle parachutes","item":"https:\/\/koningdrone.be\/categorie\/alle-parachutes\/"},{"@type":"ListItem","position":4,"name":"Kronos AD Matrice 3D Parachute Moc M2 with External Flight Termination System"}]},{"@type":"WebSite","@id":"https:\/\/koningdrone.be\/#website","url":"https:\/\/koningdrone.be\/","name":"Koningdrone.be - Your online specialist in drones, gimbals, cameras and power stations.","description":"The webshop in drones and gimbals","publisher":{"@id":"https:\/\/koningdrone.be\/#organization"},"potentialAction":[{"@type":"SearchAction","target":{"@type":"EntryPoint","urlTemplate":"https:\/\/koningdrone.be\/?s={search_term_string}"},"query-input":{"@type":"PropertyValueSpecification","valueRequired":true,"valueName":"search_term_string"}}],"inLanguage":"en-GB"},{"@type":"Organization","@id":"https:\/\/koningdrone.be\/#organization","name":"Kingdrone.co.uk","url":"https:\/\/koningdrone.be\/","logo":{"@type":"ImageObject","inLanguage":"en-GB","@id":"https:\/\/koningdrone.be\/#\/schema\/logo\/image\/","url":"https:\/\/koningdrone.be\/wp-content\/uploads\/sites\/13\/2025\/04\/koningdrone-copyright-logo.svg","contentUrl":"https:\/\/koningdrone.be\/wp-content\/uploads\/sites\/13\/2025\/04\/koningdrone-copyright-logo.svg","width":227,"height":38,"caption":"Koningdrone.be"},"image":{"@id":"https:\/\/koningdrone.be\/#\/schema\/logo\/image\/"}}]}},"df_price":3024,"df_sale_price":"","df_regular_price":3024,"df_image_link":"https:\/\/koningdrone.be\/wp-content\/uploads\/sites\/13\/2025\/04\/EAKRM3D280931-300x300.jpg","_links":{"self":[{"href":"https:\/\/koningdrone.be\/en\/wp-json\/wp\/v2\/product\/1914","targetHints":{"allow":["GET"]}}],"collection":[{"href":"https:\/\/koningdrone.be\/en\/wp-json\/wp\/v2\/product"}],"about":[{"href":"https:\/\/koningdrone.be\/en\/wp-json\/wp\/v2\/types\/product"}],"wp:featuredmedia":[{"embeddable":true,"href":"https:\/\/koningdrone.be\/en\/wp-json\/wp\/v2\/media\/1913"}],"wp:attachment":[{"href":"https:\/\/koningdrone.be\/en\/wp-json\/wp\/v2\/media?parent=1914"}],"wp:term":[{"taxonomy":"product_brand","embeddable":true,"href":"https:\/\/koningdrone.be\/en\/wp-json\/wp\/v2\/product_brand?post=1914"},{"taxonomy":"product_cat","embeddable":true,"href":"https:\/\/koningdrone.be\/en\/wp-json\/wp\/v2\/product_cat?post=1914"},{"taxonomy":"product_tag","embeddable":true,"href":"https:\/\/koningdrone.be\/en\/wp-json\/wp\/v2\/product_tag?post=1914"}],"curies":[{"name":"wp","href":"https:\/\/api.w.org\/{rel}","templated":true}]}}