{"id":955,"date":"2025-04-14T09:50:31","date_gmt":"2025-04-14T09:50:31","guid":{"rendered":"https:\/\/koningdrone.nl\/kon\/product\/shareuav-102s-v3\/"},"modified":"2025-04-29T11:06:06","modified_gmt":"2025-04-29T11:06:06","slug":"shareuav-102s-v3","status":"publish","type":"product","link":"https:\/\/koningdrone.be\/de\/produkt\/shareuav-102s-v3\/","title":{"rendered":"ShareUAV 102s V3"},"content":{"rendered":"<p>Die ShareUAV 102S V3 ist eine fortschrittliche, schr\u00e4ge Luftbildkamera, die f\u00fcr hochpr\u00e4zise Kartierungen und Vermessungen entwickelt wurde. Die Kamera verf\u00fcgt \u00fcber ein 5-Linsen-System, das auf einem 3-Achsen-stabilisierten Gimbal montiert ist und stabile, detaillierte Bilder liefert.<br \/>\nDie Kamera nimmt hochaufl\u00f6sende Bilder mit einem 25,16-MP-Sensor auf und kann bis zu 9 Stunden lang betrieben werden. Die Kamera ist mit der TimeSync 2.0-Technologie f\u00fcr eine genaue Georeferenzierung ausgestattet und besteht aus robusten Materialien f\u00fcr eine zuverl\u00e4ssige Leistung unter verschiedenen Umgebungsbedingungen. Ideal f\u00fcr gro\u00df angelegte Luftaufnahmen und Modellierungsaufgaben.<\/p>","protected":false},"excerpt":{"rendered":"<ul>\n<li>Liefert hochpr\u00e4zise Schr\u00e4gbilder f\u00fcr Kartierungen und Vermessungen.<\/li>\n<li>Ausgestattet mit einem 5-Linsen-System f\u00fcr eine umfassende Datenerfassung.<\/li>\n<li>Verf\u00fcgt \u00fcber einen 3-Achsen-stabilisierten Gimbal f\u00fcr stabile und klare Bilder.<\/li>\n<li>Unterst\u00fctzt die Langzeitnutzung von bis zu 9 Stunden.<\/li>\n<li>Ideal f\u00fcr gro\u00dffl\u00e4chige Luftbildaufnahmen und 3D-Modellierung.<\/li>\n<li>TimeSync 2.0 f\u00fcr die genaue Georeferenzierung von Bildern integriert.<\/li>\n<\/ul>","protected":false},"featured_media":950,"template":"","meta":{"_acf_changed":false},"product_brand":[],"product_cat":[58],"product_tag":[],"class_list":{"0":"post-955","1":"product","2":"type-product","3":"status-publish","4":"has-post-thumbnail","6":"product_cat-uncategorized","7":"pa_brand-shareuav","8":"pa_producttype-oblique-camera","10":"first","11":"outofstock","12":"taxable","13":"shipping-taxable","14":"product-type-simple"},"acf":[],"yoast_head":"<!-- This site is optimized with the Yoast SEO Premium plugin v27.2 (Yoast SEO v27.2) - https:\/\/yoast.com\/product\/yoast-seo-premium-wordpress\/ -->\n<title>ShareUAV 102s V3 - koningdrone.be<\/title>\n<meta name=\"robots\" content=\"index, follow, max-snippet:-1, max-image-preview:large, max-video-preview:-1\" \/>\n<link rel=\"canonical\" href=\"https:\/\/koningdrone.be\/de\/produkt\/shareuav-102s-v3\/\" \/>\n<meta property=\"og:locale\" content=\"de_DE\" \/>\n<meta property=\"og:type\" content=\"article\" \/>\n<meta property=\"og:title\" content=\"ShareUAV 102s V3\" \/>\n<meta property=\"og:description\" content=\"Biedt zeer nauwkeurige schuine beelden voor kartering en landmetingen.Uitgerust met een 5-lens systeem voor uitgebreide gegevensvastlegging.Heeft een 3-assig gestabiliseerde gimbal voor stabiele en heldere beelden.Ondersteunt langdurig gebruik, tot 9 uur.Ideaal voor grootschalige luchtonderzoeken en 3D-modellering.TimeSync 2.0 ge\u00efntegreerd voor nauwkeurige georeferentie van beelden.\" \/>\n<meta property=\"og:url\" content=\"https:\/\/koningdrone.be\/de\/produkt\/shareuav-102s-v3\/\" \/>\n<meta property=\"og:site_name\" content=\"koningdrone.be\" \/>\n<meta property=\"article:modified_time\" content=\"2025-04-29T11:06:06+00:00\" \/>\n<meta property=\"og:image\" content=\"https:\/\/koningdrone.be\/wp-content\/uploads\/sites\/13\/2025\/04\/529srmosysdp2s3gjp26g2yyjtdn0ax1.jpg\" \/>\n\t<meta property=\"og:image:width\" content=\"1080\" \/>\n\t<meta property=\"og:image:height\" content=\"1080\" \/>\n\t<meta property=\"og:image:type\" content=\"image\/jpeg\" \/>\n<meta name=\"twitter:card\" content=\"summary_large_image\" \/>\n<script type=\"application\/ld+json\" class=\"yoast-schema-graph\">{\"@context\":\"https:\/\/schema.org\",\"@graph\":[{\"@type\":\"WebPage\",\"@id\":\"https:\/\/koningdrone.be\/product\/shareuav-102s-v3\/\",\"url\":\"https:\/\/koningdrone.be\/product\/shareuav-102s-v3\/\",\"name\":\"ShareUAV 102s V3 - koningdrone.be\",\"isPartOf\":{\"@id\":\"https:\/\/koningdrone.be\/#website\"},\"primaryImageOfPage\":{\"@id\":\"https:\/\/koningdrone.be\/product\/shareuav-102s-v3\/#primaryimage\"},\"image\":{\"@id\":\"https:\/\/koningdrone.be\/product\/shareuav-102s-v3\/#primaryimage\"},\"thumbnailUrl\":\"https:\/\/koningdrone.be\/wp-content\/uploads\/sites\/13\/2025\/04\/529srmosysdp2s3gjp26g2yyjtdn0ax1.jpg\",\"datePublished\":\"2025-04-14T09:50:31+00:00\",\"dateModified\":\"2025-04-29T11:06:06+00:00\",\"breadcrumb\":{\"@id\":\"https:\/\/koningdrone.be\/product\/shareuav-102s-v3\/#breadcrumb\"},\"inLanguage\":\"de\",\"potentialAction\":[{\"@type\":\"ReadAction\",\"target\":[\"https:\/\/koningdrone.be\/product\/shareuav-102s-v3\/\"]}]},{\"@type\":\"ImageObject\",\"inLanguage\":\"de\",\"@id\":\"https:\/\/koningdrone.be\/product\/shareuav-102s-v3\/#primaryimage\",\"url\":\"https:\/\/koningdrone.be\/wp-content\/uploads\/sites\/13\/2025\/04\/529srmosysdp2s3gjp26g2yyjtdn0ax1.jpg\",\"contentUrl\":\"https:\/\/koningdrone.be\/wp-content\/uploads\/sites\/13\/2025\/04\/529srmosysdp2s3gjp26g2yyjtdn0ax1.jpg\",\"width\":1080,\"height\":1080},{\"@type\":\"BreadcrumbList\",\"@id\":\"https:\/\/koningdrone.be\/product\/shareuav-102s-v3\/#breadcrumb\",\"itemListElement\":[{\"@type\":\"ListItem\",\"position\":1,\"name\":\"Home\",\"item\":\"https:\/\/koningdrone.be\/\"},{\"@type\":\"ListItem\",\"position\":2,\"name\":\"AVSS Parachute Recovery System for DJI Matrice 300\/350\",\"item\":\"https:\/\/koningdrone.be\/product\/avss-parachute-recovery-system-for-dji-matrice-300-350\/\"},{\"@type\":\"ListItem\",\"position\":3,\"name\":\"Uncategorized\",\"item\":\"https:\/\/koningdrone.be\/categorie\/uncategorized\/\"},{\"@type\":\"ListItem\",\"position\":4,\"name\":\"ShareUAV 102s V3\"}]},{\"@type\":\"WebSite\",\"@id\":\"https:\/\/koningdrone.be\/#website\",\"url\":\"https:\/\/koningdrone.be\/\",\"name\":\"Koningdrone.be - Uw online specialist in drones, gimbals, camera's en power stations.\",\"description\":\"De webshop in drones en gimbals\",\"publisher\":{\"@id\":\"https:\/\/koningdrone.be\/#organization\"},\"potentialAction\":[{\"@type\":\"SearchAction\",\"target\":{\"@type\":\"EntryPoint\",\"urlTemplate\":\"https:\/\/koningdrone.be\/?s={search_term_string}\"},\"query-input\":{\"@type\":\"PropertyValueSpecification\",\"valueRequired\":true,\"valueName\":\"search_term_string\"}}],\"inLanguage\":\"de\"},{\"@type\":\"Organization\",\"@id\":\"https:\/\/koningdrone.be\/#organization\",\"name\":\"Koningdrone.be\",\"url\":\"https:\/\/koningdrone.be\/\",\"logo\":{\"@type\":\"ImageObject\",\"inLanguage\":\"de\",\"@id\":\"https:\/\/koningdrone.be\/#\/schema\/logo\/image\/\",\"url\":\"https:\/\/koningdrone.be\/wp-content\/uploads\/sites\/13\/2025\/04\/koningdrone-copyright-logo.svg\",\"contentUrl\":\"https:\/\/koningdrone.be\/wp-content\/uploads\/sites\/13\/2025\/04\/koningdrone-copyright-logo.svg\",\"width\":227,\"height\":38,\"caption\":\"Koningdrone.be\"},\"image\":{\"@id\":\"https:\/\/koningdrone.be\/#\/schema\/logo\/image\/\"}}]}<\/script>\n<!-- \/ Yoast SEO Premium plugin. -->","yoast_head_json":{"title":"ShareUAV 102s V3 - koningdrone.be","robots":{"index":"index","follow":"follow","max-snippet":"max-snippet:-1","max-image-preview":"max-image-preview:large","max-video-preview":"max-video-preview:-1"},"canonical":"https:\/\/koningdrone.be\/de\/produkt\/shareuav-102s-v3\/","og_locale":"de_DE","og_type":"article","og_title":"ShareUAV 102s V3","og_description":"Biedt zeer nauwkeurige schuine beelden voor kartering en landmetingen.Uitgerust met een 5-lens systeem voor uitgebreide gegevensvastlegging.Heeft een 3-assig gestabiliseerde gimbal voor stabiele en heldere beelden.Ondersteunt langdurig gebruik, tot 9 uur.Ideaal voor grootschalige luchtonderzoeken en 3D-modellering.TimeSync 2.0 ge\u00efntegreerd voor nauwkeurige georeferentie van beelden.","og_url":"https:\/\/koningdrone.be\/de\/produkt\/shareuav-102s-v3\/","og_site_name":"koningdrone.be","article_modified_time":"2025-04-29T11:06:06+00:00","og_image":[{"width":1080,"height":1080,"url":"https:\/\/koningdrone.be\/wp-content\/uploads\/sites\/13\/2025\/04\/529srmosysdp2s3gjp26g2yyjtdn0ax1.jpg","type":"image\/jpeg"}],"twitter_card":"summary_large_image","schema":{"@context":"https:\/\/schema.org","@graph":[{"@type":"WebPage","@id":"https:\/\/koningdrone.be\/product\/shareuav-102s-v3\/","url":"https:\/\/koningdrone.be\/product\/shareuav-102s-v3\/","name":"ShareUAV 102s V3 - koningdrone.be","isPartOf":{"@id":"https:\/\/koningdrone.be\/#website"},"primaryImageOfPage":{"@id":"https:\/\/koningdrone.be\/product\/shareuav-102s-v3\/#primaryimage"},"image":{"@id":"https:\/\/koningdrone.be\/product\/shareuav-102s-v3\/#primaryimage"},"thumbnailUrl":"https:\/\/koningdrone.be\/wp-content\/uploads\/sites\/13\/2025\/04\/529srmosysdp2s3gjp26g2yyjtdn0ax1.jpg","datePublished":"2025-04-14T09:50:31+00:00","dateModified":"2025-04-29T11:06:06+00:00","breadcrumb":{"@id":"https:\/\/koningdrone.be\/product\/shareuav-102s-v3\/#breadcrumb"},"inLanguage":"de","potentialAction":[{"@type":"ReadAction","target":["https:\/\/koningdrone.be\/product\/shareuav-102s-v3\/"]}]},{"@type":"ImageObject","inLanguage":"de","@id":"https:\/\/koningdrone.be\/product\/shareuav-102s-v3\/#primaryimage","url":"https:\/\/koningdrone.be\/wp-content\/uploads\/sites\/13\/2025\/04\/529srmosysdp2s3gjp26g2yyjtdn0ax1.jpg","contentUrl":"https:\/\/koningdrone.be\/wp-content\/uploads\/sites\/13\/2025\/04\/529srmosysdp2s3gjp26g2yyjtdn0ax1.jpg","width":1080,"height":1080},{"@type":"BreadcrumbList","@id":"https:\/\/koningdrone.be\/product\/shareuav-102s-v3\/#breadcrumb","itemListElement":[{"@type":"ListItem","position":1,"name":"Home","item":"https:\/\/koningdrone.be\/"},{"@type":"ListItem","position":2,"name":"AVSS Parachute Recovery System for DJI Matrice 300\/350","item":"https:\/\/koningdrone.be\/product\/avss-parachute-recovery-system-for-dji-matrice-300-350\/"},{"@type":"ListItem","position":3,"name":"Uncategorized","item":"https:\/\/koningdrone.be\/categorie\/uncategorized\/"},{"@type":"ListItem","position":4,"name":"ShareUAV 102s V3"}]},{"@type":"WebSite","@id":"https:\/\/koningdrone.be\/#website","url":"https:\/\/koningdrone.be\/","name":"Koningdrone.be - Ihr Online-Spezialist f\u00fcr Drohnen, Gimbals, Kameras und Kraftwerke.","description":"Der Webshop f\u00fcr Drohnen und Gimbals","publisher":{"@id":"https:\/\/koningdrone.be\/#organization"},"potentialAction":[{"@type":"SearchAction","target":{"@type":"EntryPoint","urlTemplate":"https:\/\/koningdrone.be\/?s={search_term_string}"},"query-input":{"@type":"PropertyValueSpecification","valueRequired":true,"valueName":"search_term_string"}}],"inLanguage":"de"},{"@type":"Organization","@id":"https:\/\/koningdrone.be\/#organization","name":"Kingdrone.de","url":"https:\/\/koningdrone.be\/","logo":{"@type":"ImageObject","inLanguage":"de","@id":"https:\/\/koningdrone.be\/#\/schema\/logo\/image\/","url":"https:\/\/koningdrone.be\/wp-content\/uploads\/sites\/13\/2025\/04\/koningdrone-copyright-logo.svg","contentUrl":"https:\/\/koningdrone.be\/wp-content\/uploads\/sites\/13\/2025\/04\/koningdrone-copyright-logo.svg","width":227,"height":38,"caption":"Koningdrone.be"},"image":{"@id":"https:\/\/koningdrone.be\/#\/schema\/logo\/image\/"}}]}},"df_price":"","df_sale_price":"","df_regular_price":"","df_image_link":"https:\/\/koningdrone.be\/wp-content\/uploads\/sites\/13\/2025\/04\/529srmosysdp2s3gjp26g2yyjtdn0ax1-300x300.jpg","_links":{"self":[{"href":"https:\/\/koningdrone.be\/de\/wp-json\/wp\/v2\/product\/955","targetHints":{"allow":["GET"]}}],"collection":[{"href":"https:\/\/koningdrone.be\/de\/wp-json\/wp\/v2\/product"}],"about":[{"href":"https:\/\/koningdrone.be\/de\/wp-json\/wp\/v2\/types\/product"}],"wp:featuredmedia":[{"embeddable":true,"href":"https:\/\/koningdrone.be\/de\/wp-json\/wp\/v2\/media\/950"}],"wp:attachment":[{"href":"https:\/\/koningdrone.be\/de\/wp-json\/wp\/v2\/media?parent=955"}],"wp:term":[{"taxonomy":"product_brand","embeddable":true,"href":"https:\/\/koningdrone.be\/de\/wp-json\/wp\/v2\/product_brand?post=955"},{"taxonomy":"product_cat","embeddable":true,"href":"https:\/\/koningdrone.be\/de\/wp-json\/wp\/v2\/product_cat?post=955"},{"taxonomy":"product_tag","embeddable":true,"href":"https:\/\/koningdrone.be\/de\/wp-json\/wp\/v2\/product_tag?post=955"}],"curies":[{"name":"wp","href":"https:\/\/api.w.org\/{rel}","templated":true}]}}