{"id":8120,"date":"2021-10-03T10:00:49","date_gmt":"2021-10-03T08:00:49","guid":{"rendered":"https:\/\/koningdrone.nl\/kon\/product\/dji-zenmuse-z15-gh4-hd\/"},"modified":"2026-04-29T07:50:11","modified_gmt":"2026-04-29T05:50:11","slug":"dji-zenmuse-z15-gh4-hd","status":"publish","type":"product","link":"https:\/\/koningdrone.be\/de\/produkt\/dji-zenmuse-z15-gh4-hd\/","title":{"rendered":"DJI Zenmuse Z15 GH4 (HD)"},"content":{"rendered":"<h1>DJI ZENMUSE Z15 GH4 (HD)<\/h1>\n<p><strong>Ein weiterer revolution\u00e4rer 3-Achsen-Gimbal f\u00fcr professionelle Anwendungen<\/strong><br \/>Der DJI Zenmuse Z15-GH4 HD Gimbal basiert auf der Technologie der Zenmuse Z15 Serie und hat dank seines einzigartigen Designs das hervorragende Leistungsgewicht geerbt. Dieses Produkt stellt einen neuen Meilenstein im Bereich der Gimbal-Systeme dar, die Pr\u00e4zision des Einstellwinkels liegt in einem Bereich von \u00b10,02\u00b0. In Kombination mit dem professionellen DJI A2 Flugsteuerungssystem und einem Oktokopter kann der Gimbal die Kamera auch bei hohen Fluggeschwindigkeiten und starkem Wind stabilisieren und pr\u00e4zise steuern. Dieses System ist zweifellos die erste Wahl f\u00fcr professionelle Videoaufnahmen oder Luftbildfotografie.<br \/><strong>Ma\u00dfgeschneidertes Gimbal-Design f\u00fcr die Lumix GH4<\/strong><br \/>Um die bestm\u00f6gliche Funktion der Gimbals zu gew\u00e4hrleisten, wurden sie von DJI an die neueste Kameratechnologie angepasst. Der Zenmuse Z15-GH4 HD Gimbal ist perfekt auf die Lumix GH4 abgestimmt. Er bietet eine 4K-Videol\u00f6sung (25fps), die derzeit keine andere Systemkamera bieten kann, und ist damit perfekt f\u00fcr Videoenthusiasten, die 4K-Aufl\u00f6sung in der Luft w\u00fcnschen.<br \/><strong>DJI-Komplettl\u00f6sung als ausgezeichnete Wahl<\/strong><br \/>Das Zenmuse Z15-GH4 HD Gimbal-System passt perfekt zu Octocopter-Plattformen und den Steuerelektroniken A2 und Wookong-M f\u00fcr Multicopter und der Ace-Serie f\u00fcr Helikopter. Zusammen mit dem iOSD Mark II und einer 5,8 Ghz Videoverbindung oder der neuen DJI Lightbridge bilden diese Komponenten ein leistungsstarkes Komplettsystem, mit dem Sie perfekte Luftaufnahmen machen k\u00f6nnen und das einfach zu bedienen ist.<br \/><strong>Kontrollierbarer Drehwinkel in drei Achsen<\/strong><br \/>Das Zenmuse 3-Achsen-Gimbal-System hat ein fortschrittliches mechanisches Design. Das hintere Potentiometer erh\u00f6ht die Kontrolle, Stabilit\u00e4t und Pr\u00e4zision erheblich, und interne Schleifringe machen eine komplizierte Verkabelung \u00fcberfl\u00fcssig. Alle notwendigen Strom- und Signalleitungen sind in den Rahmen integriert, so dass sich der Gimbal ohne Einschr\u00e4nkungen in den Achsen drehen kann. Pan ist im Bereich von 360\u00b0 unbegrenzt, Tilt geht von -120\u00b0 bis +15\u00b0 und in der Rollachse werden \u00b125\u00b0 erreicht. Die Funktionsweise ist denkbar einfach, der Bewegungsradius des Senderkn\u00fcppels steuert die entsprechende Drehgeschwindigkeit.<br \/><strong> Eingebautes unabh\u00e4ngiges IMU- und Infrarot-Modul<\/strong><br \/> DJI hat in jahrelanger Entwicklungsarbeit den Algorithmus zur Lagestabilisierung perfektioniert. Kombiniert mit einer hochpr\u00e4zisen Mechanik erm\u00f6glicht dies eine absolut pr\u00e4zise Lageregelung. Da keine komplizierte Installation oder zus\u00e4tzliche Kabel erforderlich sind, ist die Installation entsprechend einfach und der Satellit fliegt extrem hoch. In den Gimbal ist auch ein eigenes Videoausgangsmodul integriert, das eine Fernausl\u00f6sung per Infrarot erm\u00f6glicht.<\/p>","protected":false},"excerpt":{"rendered":"<ul>\n<li>3-Achsen-Gimbal f\u00fcr professionelle Anwendungen<\/li>\n<li>Die Genauigkeit des Einstellwinkels liegt im Bereich von \u00b1 0,02\u00b0.<\/li>\n<li>Stabilisierung und pr\u00e4zise Steuerung bei hohen Fluggeschwindigkeiten und bei starkem Wind<\/li>\n<\/ul>","protected":false},"featured_media":8115,"template":"","meta":{"_acf_changed":false},"product_brand":[],"product_cat":[298,97,316],"product_tag":[],"class_list":{"0":"post-8120","1":"product","2":"type-product","3":"status-publish","4":"has-post-thumbnail","6":"product_cat-alle-industriele-camera","7":"product_cat-alle-producten","8":"product_cat-dji-zenmuse","9":"product_shipping_class-outofstock","10":"pa_brand-dji","11":"pa_productfamily-gimbal","12":"pa_producttype-gimbal","13":"pa_series-zenmuse-z15","15":"first","16":"outofstock","17":"taxable","18":"shipping-taxable","19":"product-type-simple"},"acf":[],"yoast_head":"<!-- This site is optimized with the Yoast SEO Premium plugin v27.2 (Yoast SEO v27.2) - https:\/\/yoast.com\/product\/yoast-seo-premium-wordpress\/ -->\n<title>DJI Zenmuse Z15 GH4 (HD) - koningdrone.be<\/title>\n<meta name=\"robots\" content=\"index, follow, max-snippet:-1, max-image-preview:large, max-video-preview:-1\" \/>\n<link rel=\"canonical\" href=\"https:\/\/koningdrone.be\/de\/produkt\/dji-zenmuse-z15-gh4-hd\/\" \/>\n<meta property=\"og:locale\" content=\"de_DE\" \/>\n<meta property=\"og:type\" content=\"article\" \/>\n<meta property=\"og:title\" content=\"DJI Zenmuse Z15 GH4 (HD)\" \/>\n<meta property=\"og:description\" content=\"3-assige gimbal voor professionele toepassingenprecisie van de instelhoek ligt in een bereik van \u00b1 0,02\u00b0bij hoge vliegsnelheden en bij harde wind stabiliseren en nauwkeurig besturen\" \/>\n<meta property=\"og:url\" content=\"https:\/\/koningdrone.be\/de\/produkt\/dji-zenmuse-z15-gh4-hd\/\" \/>\n<meta property=\"og:site_name\" content=\"koningdrone.be\" \/>\n<meta property=\"article:modified_time\" content=\"2026-04-29T05:50:11+00:00\" \/>\n<meta property=\"og:image\" content=\"https:\/\/koningdrone.be\/wp-content\/uploads\/sites\/13\/2025\/04\/6958265106781-1.jpg\" \/>\n\t<meta property=\"og:image:width\" content=\"800\" \/>\n\t<meta property=\"og:image:height\" content=\"500\" \/>\n\t<meta property=\"og:image:type\" content=\"image\/jpeg\" \/>\n<meta name=\"twitter:card\" content=\"summary_large_image\" \/>\n<meta name=\"twitter:label1\" content=\"Gesch\u00e4tzte Lesezeit\" \/>\n\t<meta name=\"twitter:data1\" content=\"2\u00a0Minuten\" \/>\n<script type=\"application\/ld+json\" class=\"yoast-schema-graph\">{\"@context\":\"https:\/\/schema.org\",\"@graph\":[{\"@type\":\"WebPage\",\"@id\":\"https:\/\/koningdrone.be\/product\/dji-zenmuse-z15-gh4-hd\/\",\"url\":\"https:\/\/koningdrone.be\/product\/dji-zenmuse-z15-gh4-hd\/\",\"name\":\"DJI Zenmuse Z15 GH4 (HD) - koningdrone.be\",\"isPartOf\":{\"@id\":\"https:\/\/koningdrone.be\/#website\"},\"primaryImageOfPage\":{\"@id\":\"https:\/\/koningdrone.be\/product\/dji-zenmuse-z15-gh4-hd\/#primaryimage\"},\"image\":{\"@id\":\"https:\/\/koningdrone.be\/product\/dji-zenmuse-z15-gh4-hd\/#primaryimage\"},\"thumbnailUrl\":\"https:\/\/koningdrone.be\/wp-content\/uploads\/sites\/13\/2025\/04\/6958265106781-1.jpg\",\"datePublished\":\"2021-10-03T08:00:49+00:00\",\"dateModified\":\"2026-04-29T05:50:11+00:00\",\"breadcrumb\":{\"@id\":\"https:\/\/koningdrone.be\/product\/dji-zenmuse-z15-gh4-hd\/#breadcrumb\"},\"inLanguage\":\"de\",\"potentialAction\":[{\"@type\":\"ReadAction\",\"target\":[\"https:\/\/koningdrone.be\/product\/dji-zenmuse-z15-gh4-hd\/\"]}]},{\"@type\":\"ImageObject\",\"inLanguage\":\"de\",\"@id\":\"https:\/\/koningdrone.be\/product\/dji-zenmuse-z15-gh4-hd\/#primaryimage\",\"url\":\"https:\/\/koningdrone.be\/wp-content\/uploads\/sites\/13\/2025\/04\/6958265106781-1.jpg\",\"contentUrl\":\"https:\/\/koningdrone.be\/wp-content\/uploads\/sites\/13\/2025\/04\/6958265106781-1.jpg\",\"width\":800,\"height\":500},{\"@type\":\"BreadcrumbList\",\"@id\":\"https:\/\/koningdrone.be\/product\/dji-zenmuse-z15-gh4-hd\/#breadcrumb\",\"itemListElement\":[{\"@type\":\"ListItem\",\"position\":1,\"name\":\"Home\",\"item\":\"https:\/\/koningdrone.be\/\"},{\"@type\":\"ListItem\",\"position\":2,\"name\":\"AVSS Parachute Recovery System for DJI Matrice 300\/350\",\"item\":\"https:\/\/koningdrone.be\/product\/avss-parachute-recovery-system-for-dji-matrice-300-350\/\"},{\"@type\":\"ListItem\",\"position\":3,\"name\":\"Alle industriele camera\",\"item\":\"https:\/\/koningdrone.be\/categorie\/alle-industriele-camera\/\"},{\"@type\":\"ListItem\",\"position\":4,\"name\":\"DJI Zenmuse Z15 GH4 (HD)\"}]},{\"@type\":\"WebSite\",\"@id\":\"https:\/\/koningdrone.be\/#website\",\"url\":\"https:\/\/koningdrone.be\/\",\"name\":\"Koningdrone.be - Uw online specialist in drones, gimbals, camera's en power stations.\",\"description\":\"De webshop in drones en gimbals\",\"publisher\":{\"@id\":\"https:\/\/koningdrone.be\/#organization\"},\"potentialAction\":[{\"@type\":\"SearchAction\",\"target\":{\"@type\":\"EntryPoint\",\"urlTemplate\":\"https:\/\/koningdrone.be\/?s={search_term_string}\"},\"query-input\":{\"@type\":\"PropertyValueSpecification\",\"valueRequired\":true,\"valueName\":\"search_term_string\"}}],\"inLanguage\":\"de\"},{\"@type\":\"Organization\",\"@id\":\"https:\/\/koningdrone.be\/#organization\",\"name\":\"Koningdrone.be\",\"url\":\"https:\/\/koningdrone.be\/\",\"logo\":{\"@type\":\"ImageObject\",\"inLanguage\":\"de\",\"@id\":\"https:\/\/koningdrone.be\/#\/schema\/logo\/image\/\",\"url\":\"https:\/\/koningdrone.be\/wp-content\/uploads\/sites\/13\/2025\/04\/koningdrone-copyright-logo.svg\",\"contentUrl\":\"https:\/\/koningdrone.be\/wp-content\/uploads\/sites\/13\/2025\/04\/koningdrone-copyright-logo.svg\",\"width\":227,\"height\":38,\"caption\":\"Koningdrone.be\"},\"image\":{\"@id\":\"https:\/\/koningdrone.be\/#\/schema\/logo\/image\/\"}}]}<\/script>\n<!-- \/ Yoast SEO Premium plugin. -->","yoast_head_json":{"title":"DJI Zenmuse Z15 GH4 (HD) - koningdrone.be","robots":{"index":"index","follow":"follow","max-snippet":"max-snippet:-1","max-image-preview":"max-image-preview:large","max-video-preview":"max-video-preview:-1"},"canonical":"https:\/\/koningdrone.be\/de\/produkt\/dji-zenmuse-z15-gh4-hd\/","og_locale":"de_DE","og_type":"article","og_title":"DJI Zenmuse Z15 GH4 (HD)","og_description":"3-assige gimbal voor professionele toepassingenprecisie van de instelhoek ligt in een bereik van \u00b1 0,02\u00b0bij hoge vliegsnelheden en bij harde wind stabiliseren en nauwkeurig besturen","og_url":"https:\/\/koningdrone.be\/de\/produkt\/dji-zenmuse-z15-gh4-hd\/","og_site_name":"koningdrone.be","article_modified_time":"2026-04-29T05:50:11+00:00","og_image":[{"width":800,"height":500,"url":"https:\/\/koningdrone.be\/wp-content\/uploads\/sites\/13\/2025\/04\/6958265106781-1.jpg","type":"image\/jpeg"}],"twitter_card":"summary_large_image","twitter_misc":{"Gesch\u00e4tzte Lesezeit":"2\u00a0Minuten"},"schema":{"@context":"https:\/\/schema.org","@graph":[{"@type":"WebPage","@id":"https:\/\/koningdrone.be\/product\/dji-zenmuse-z15-gh4-hd\/","url":"https:\/\/koningdrone.be\/product\/dji-zenmuse-z15-gh4-hd\/","name":"DJI Zenmuse Z15 GH4 (HD) - koningdrone.be","isPartOf":{"@id":"https:\/\/koningdrone.be\/#website"},"primaryImageOfPage":{"@id":"https:\/\/koningdrone.be\/product\/dji-zenmuse-z15-gh4-hd\/#primaryimage"},"image":{"@id":"https:\/\/koningdrone.be\/product\/dji-zenmuse-z15-gh4-hd\/#primaryimage"},"thumbnailUrl":"https:\/\/koningdrone.be\/wp-content\/uploads\/sites\/13\/2025\/04\/6958265106781-1.jpg","datePublished":"2021-10-03T08:00:49+00:00","dateModified":"2026-04-29T05:50:11+00:00","breadcrumb":{"@id":"https:\/\/koningdrone.be\/product\/dji-zenmuse-z15-gh4-hd\/#breadcrumb"},"inLanguage":"de","potentialAction":[{"@type":"ReadAction","target":["https:\/\/koningdrone.be\/product\/dji-zenmuse-z15-gh4-hd\/"]}]},{"@type":"ImageObject","inLanguage":"de","@id":"https:\/\/koningdrone.be\/product\/dji-zenmuse-z15-gh4-hd\/#primaryimage","url":"https:\/\/koningdrone.be\/wp-content\/uploads\/sites\/13\/2025\/04\/6958265106781-1.jpg","contentUrl":"https:\/\/koningdrone.be\/wp-content\/uploads\/sites\/13\/2025\/04\/6958265106781-1.jpg","width":800,"height":500},{"@type":"BreadcrumbList","@id":"https:\/\/koningdrone.be\/product\/dji-zenmuse-z15-gh4-hd\/#breadcrumb","itemListElement":[{"@type":"ListItem","position":1,"name":"Home","item":"https:\/\/koningdrone.be\/"},{"@type":"ListItem","position":2,"name":"AVSS Parachute Recovery System for DJI Matrice 300\/350","item":"https:\/\/koningdrone.be\/product\/avss-parachute-recovery-system-for-dji-matrice-300-350\/"},{"@type":"ListItem","position":3,"name":"Alle industriele camera","item":"https:\/\/koningdrone.be\/categorie\/alle-industriele-camera\/"},{"@type":"ListItem","position":4,"name":"DJI Zenmuse Z15 GH4 (HD)"}]},{"@type":"WebSite","@id":"https:\/\/koningdrone.be\/#website","url":"https:\/\/koningdrone.be\/","name":"Koningdrone.be - Ihr Online-Spezialist f\u00fcr Drohnen, Gimbals, Kameras und Kraftwerke.","description":"Der Webshop f\u00fcr Drohnen und Gimbals","publisher":{"@id":"https:\/\/koningdrone.be\/#organization"},"potentialAction":[{"@type":"SearchAction","target":{"@type":"EntryPoint","urlTemplate":"https:\/\/koningdrone.be\/?s={search_term_string}"},"query-input":{"@type":"PropertyValueSpecification","valueRequired":true,"valueName":"search_term_string"}}],"inLanguage":"de"},{"@type":"Organization","@id":"https:\/\/koningdrone.be\/#organization","name":"Kingdrone.de","url":"https:\/\/koningdrone.be\/","logo":{"@type":"ImageObject","inLanguage":"de","@id":"https:\/\/koningdrone.be\/#\/schema\/logo\/image\/","url":"https:\/\/koningdrone.be\/wp-content\/uploads\/sites\/13\/2025\/04\/koningdrone-copyright-logo.svg","contentUrl":"https:\/\/koningdrone.be\/wp-content\/uploads\/sites\/13\/2025\/04\/koningdrone-copyright-logo.svg","width":227,"height":38,"caption":"Koningdrone.be"},"image":{"@id":"https:\/\/koningdrone.be\/#\/schema\/logo\/image\/"}}]}},"df_price":"","df_sale_price":"","df_regular_price":"","df_image_link":"https:\/\/koningdrone.be\/wp-content\/uploads\/sites\/13\/2025\/04\/6958265106781-1-300x188.jpg","_links":{"self":[{"href":"https:\/\/koningdrone.be\/de\/wp-json\/wp\/v2\/product\/8120","targetHints":{"allow":["GET"]}}],"collection":[{"href":"https:\/\/koningdrone.be\/de\/wp-json\/wp\/v2\/product"}],"about":[{"href":"https:\/\/koningdrone.be\/de\/wp-json\/wp\/v2\/types\/product"}],"wp:featuredmedia":[{"embeddable":true,"href":"https:\/\/koningdrone.be\/de\/wp-json\/wp\/v2\/media\/8115"}],"wp:attachment":[{"href":"https:\/\/koningdrone.be\/de\/wp-json\/wp\/v2\/media?parent=8120"}],"wp:term":[{"taxonomy":"product_brand","embeddable":true,"href":"https:\/\/koningdrone.be\/de\/wp-json\/wp\/v2\/product_brand?post=8120"},{"taxonomy":"product_cat","embeddable":true,"href":"https:\/\/koningdrone.be\/de\/wp-json\/wp\/v2\/product_cat?post=8120"},{"taxonomy":"product_tag","embeddable":true,"href":"https:\/\/koningdrone.be\/de\/wp-json\/wp\/v2\/product_tag?post=8120"}],"curies":[{"name":"wp","href":"https:\/\/api.w.org\/{rel}","templated":true}]}}