{"id":8114,"date":"2018-06-12T20:54:28","date_gmt":"2018-06-12T18:54:28","guid":{"rendered":"https:\/\/koningdrone.nl\/kon\/product\/dji-zenmuse-x3-zoom\/"},"modified":"2026-04-29T06:50:34","modified_gmt":"2026-04-29T04:50:34","slug":"dji-zenmuse-x3-zoom","status":"publish","type":"product","link":"https:\/\/koningdrone.be\/de\/produkt\/dji-zenmuse-x3-zoom\/","title":{"rendered":"DJI Zenmuse X3 Zoom"},"content":{"rendered":"<h1>Zenmuse X3 Zoom<\/h1>\n<p>Kompatibel mit der Inspire 1 und der Matrice 100, bietet die bisher fortschrittlichste Kamera von DJI kristallklare Bilder aus der Luft.<\/p>\n<p>Der Gimbal, der Ihre Kamera h\u00e4lt, ist das Ergebnis jahrelanger Erfahrung von DJI im Bereich der Kamerastabilisierung und sorgt f\u00fcr ein ruhiges, stabiles Bild unter allen Flugbedingungen. Diese kompakte Kamera nimmt Videos mit bis zu 4Kp30 oder 1080p60 auf und macht gestochen scharfe, klare 12-Megapixel-Fotos. Das geradlinige, gekr\u00fcmmte Objektivdesign verhindert Verzerrungen, und die 20-mm-Brennweite erm\u00f6glicht Aufnahmen mit einem bemerkenswerten Weitwinkel ohne Fischaugeneffekt.<\/p>\n<p><strong>KARDANISCHE AUFH\u00c4NGUNG<\/strong><br \/>Alle Kerntechnologien von DJI sind in den Zenmuse X3 Gimbal integriert, der die Kamera stabil in der Luft h\u00e4lt und Ihnen jedes Mal stabile, professionelle Bilder liefert.<\/p>\n<p>Die 3-Achsen-Kardanaufh\u00e4ngung basiert auf Daten, die vom intelligenten Flugcontroller eingespeist werden. So kennt sie die Flugparameter des Flugzeugs und berechnet jede Millisekunde die richtige Bewegungskorrektur. Anhand von Winkelgeschwindigkeit, Impuls, Tr\u00e4gheitskraft und sogar GPS-Daten kann die kardanische Aufh\u00e4ngung Gegenkraft und Kraft aufbringen und die Kamera perfekt waagerecht halten, egal wie Sie fliegen.<\/p>\n<p>Diese Pr\u00e4zision ist nur dank des ultraschnellen, ma\u00dfgeschneiderten Prozessors m\u00f6glich, der nur bei DJI Cardanic Suspensionen zum Einsatz kommt. Dieser Prozessor arbeitet mit Geschwindigkeiten, die die kardanische Aufh\u00e4ngung in Bewegung setzen und in Echtzeit neigen, und steuert Motoren in allen drei Achsen: Gieren, Neigen und Rollen.<\/p>\n<p>Die b\u00fcrstenlosen Motoren, die die kardanische Aufh\u00e4ngung betreiben, sind f\u00fcr h\u00f6here Pr\u00e4zision und l\u00e4ngere Lebensdauer ausgelegt, w\u00e4hrend sie gleichzeitig den Belastungen des Fluges standhalten. Sie arbeiten mit einer hohen Steuergeschwindigkeit von 120\u00b0\/s f\u00fcr die Neigung und 180\u00b0\/s f\u00fcr die Drehung. Sie k\u00f6nnen auch bestimmen, wohin die Kamera mit einer 360\u00b0-Drehung und einer Neigung von -90\u00b0 bis +30\u00b0 zeigt, alles mit einer Genauigkeit von \u00b10,03\u00b0.<\/p>\n<p><strong>MODULARES, AUFR\u00dcSTBARES SYSTEM<\/strong><br \/>Aufr\u00fcstbar auf die Inspire X5 Serie und zur Verwendung mit dem DJI Osmo<\/p>","protected":false},"excerpt":{"rendered":"<ul>\n<li>Optische Zoomkamera<\/li>\n<li>3,5 optischer Zoom und 2x Digitalzoom<\/li>\n<li>1\/2,3 CMOS-Sensor<\/li>\n<li>4K30fps Video und 12 Megapixel Fotos<\/li>\n<li>3-Achsen-Stabilisierung<\/li>\n<li>M\u00f6glichkeit, HD-Live-Videos an die DJI Go App zu streamen<\/li>\n<li>Kompatibel mit DJI Osmo<\/li>\n<\/ul>","protected":false},"featured_media":8111,"template":"","meta":{"_acf_changed":false},"product_brand":[],"product_cat":[315,298,97,316],"product_tag":[],"class_list":{"0":"post-8114","1":"product","2":"type-product","3":"status-publish","4":"has-post-thumbnail","6":"product_cat-alle-gimbals-en-cameras","7":"product_cat-alle-industriele-camera","8":"product_cat-alle-producten","9":"product_cat-dji-zenmuse","10":"product_shipping_class-outofstock","11":"pa_brand-dji","12":"pa_productfamily-camera","13":"pa_producttype-camera","14":"pa_series-zenmuse-x3","16":"first","17":"outofstock","18":"taxable","19":"shipping-taxable","20":"product-type-simple"},"acf":[],"yoast_head":"<!-- This site is optimized with the Yoast SEO Premium plugin v27.2 (Yoast SEO v27.2) - https:\/\/yoast.com\/product\/yoast-seo-premium-wordpress\/ -->\n<title>DJI Zenmuse X3 Zoom - koningdrone.be<\/title>\n<meta name=\"robots\" content=\"index, follow, max-snippet:-1, max-image-preview:large, max-video-preview:-1\" \/>\n<link rel=\"canonical\" href=\"https:\/\/koningdrone.be\/de\/produkt\/dji-zenmuse-x3-zoom\/\" \/>\n<meta property=\"og:locale\" content=\"de_DE\" \/>\n<meta property=\"og:type\" content=\"article\" \/>\n<meta property=\"og:title\" content=\"DJI Zenmuse X3 Zoom\" \/>\n<meta property=\"og:description\" content=\"Optical Zoom Camera3.5 Optische Zoom en 2x Digitale Zoom1\/2.3 CMOS Sensor4K30fps video en 12 Megapixel foto&#039;s3-assige stabilisatieMogelijkheid om live HD video te streamen naar DJI Go AppCompatibel met DJI Osmo\" \/>\n<meta property=\"og:url\" content=\"https:\/\/koningdrone.be\/de\/produkt\/dji-zenmuse-x3-zoom\/\" \/>\n<meta property=\"og:site_name\" content=\"koningdrone.be\" \/>\n<meta property=\"article:modified_time\" content=\"2026-04-29T04:50:34+00:00\" \/>\n<meta property=\"og:image\" content=\"https:\/\/koningdrone.be\/wp-content\/uploads\/sites\/13\/2025\/04\/6958265121913-1-720x660-1.jpg\" \/>\n\t<meta property=\"og:image:width\" content=\"660\" \/>\n\t<meta property=\"og:image:height\" content=\"660\" \/>\n\t<meta property=\"og:image:type\" content=\"image\/jpeg\" \/>\n<meta name=\"twitter:card\" content=\"summary_large_image\" \/>\n<meta name=\"twitter:label1\" content=\"Gesch\u00e4tzte Lesezeit\" \/>\n\t<meta name=\"twitter:data1\" content=\"2\u00a0Minuten\" \/>\n<script type=\"application\/ld+json\" class=\"yoast-schema-graph\">{\"@context\":\"https:\/\/schema.org\",\"@graph\":[{\"@type\":\"WebPage\",\"@id\":\"https:\/\/koningdrone.be\/product\/dji-zenmuse-x3-zoom\/\",\"url\":\"https:\/\/koningdrone.be\/product\/dji-zenmuse-x3-zoom\/\",\"name\":\"DJI Zenmuse X3 Zoom - koningdrone.be\",\"isPartOf\":{\"@id\":\"https:\/\/koningdrone.be\/#website\"},\"primaryImageOfPage\":{\"@id\":\"https:\/\/koningdrone.be\/product\/dji-zenmuse-x3-zoom\/#primaryimage\"},\"image\":{\"@id\":\"https:\/\/koningdrone.be\/product\/dji-zenmuse-x3-zoom\/#primaryimage\"},\"thumbnailUrl\":\"https:\/\/koningdrone.be\/wp-content\/uploads\/sites\/13\/2025\/04\/6958265121913-1-720x660-1.jpg\",\"datePublished\":\"2018-06-12T18:54:28+00:00\",\"dateModified\":\"2026-04-29T04:50:34+00:00\",\"breadcrumb\":{\"@id\":\"https:\/\/koningdrone.be\/product\/dji-zenmuse-x3-zoom\/#breadcrumb\"},\"inLanguage\":\"de\",\"potentialAction\":[{\"@type\":\"ReadAction\",\"target\":[\"https:\/\/koningdrone.be\/product\/dji-zenmuse-x3-zoom\/\"]}]},{\"@type\":\"ImageObject\",\"inLanguage\":\"de\",\"@id\":\"https:\/\/koningdrone.be\/product\/dji-zenmuse-x3-zoom\/#primaryimage\",\"url\":\"https:\/\/koningdrone.be\/wp-content\/uploads\/sites\/13\/2025\/04\/6958265121913-1-720x660-1.jpg\",\"contentUrl\":\"https:\/\/koningdrone.be\/wp-content\/uploads\/sites\/13\/2025\/04\/6958265121913-1-720x660-1.jpg\",\"width\":660,\"height\":660},{\"@type\":\"BreadcrumbList\",\"@id\":\"https:\/\/koningdrone.be\/product\/dji-zenmuse-x3-zoom\/#breadcrumb\",\"itemListElement\":[{\"@type\":\"ListItem\",\"position\":1,\"name\":\"Home\",\"item\":\"https:\/\/koningdrone.be\/\"},{\"@type\":\"ListItem\",\"position\":2,\"name\":\"AVSS Parachute Recovery System for DJI Matrice 300\/350\",\"item\":\"https:\/\/koningdrone.be\/product\/avss-parachute-recovery-system-for-dji-matrice-300-350\/\"},{\"@type\":\"ListItem\",\"position\":3,\"name\":\"Alle gimbals en cameras\",\"item\":\"https:\/\/koningdrone.be\/categorie\/alle-gimbals-en-cameras\/\"},{\"@type\":\"ListItem\",\"position\":4,\"name\":\"DJI Zenmuse X3 Zoom\"}]},{\"@type\":\"WebSite\",\"@id\":\"https:\/\/koningdrone.be\/#website\",\"url\":\"https:\/\/koningdrone.be\/\",\"name\":\"Koningdrone.be - Uw online specialist in drones, gimbals, camera's en power stations.\",\"description\":\"De webshop in drones en gimbals\",\"publisher\":{\"@id\":\"https:\/\/koningdrone.be\/#organization\"},\"potentialAction\":[{\"@type\":\"SearchAction\",\"target\":{\"@type\":\"EntryPoint\",\"urlTemplate\":\"https:\/\/koningdrone.be\/?s={search_term_string}\"},\"query-input\":{\"@type\":\"PropertyValueSpecification\",\"valueRequired\":true,\"valueName\":\"search_term_string\"}}],\"inLanguage\":\"de\"},{\"@type\":\"Organization\",\"@id\":\"https:\/\/koningdrone.be\/#organization\",\"name\":\"Koningdrone.be\",\"url\":\"https:\/\/koningdrone.be\/\",\"logo\":{\"@type\":\"ImageObject\",\"inLanguage\":\"de\",\"@id\":\"https:\/\/koningdrone.be\/#\/schema\/logo\/image\/\",\"url\":\"https:\/\/koningdrone.be\/wp-content\/uploads\/sites\/13\/2025\/04\/koningdrone-copyright-logo.svg\",\"contentUrl\":\"https:\/\/koningdrone.be\/wp-content\/uploads\/sites\/13\/2025\/04\/koningdrone-copyright-logo.svg\",\"width\":227,\"height\":38,\"caption\":\"Koningdrone.be\"},\"image\":{\"@id\":\"https:\/\/koningdrone.be\/#\/schema\/logo\/image\/\"}}]}<\/script>\n<!-- \/ Yoast SEO Premium plugin. -->","yoast_head_json":{"title":"DJI Zenmuse X3 Zoom - koningdrone.be","robots":{"index":"index","follow":"follow","max-snippet":"max-snippet:-1","max-image-preview":"max-image-preview:large","max-video-preview":"max-video-preview:-1"},"canonical":"https:\/\/koningdrone.be\/de\/produkt\/dji-zenmuse-x3-zoom\/","og_locale":"de_DE","og_type":"article","og_title":"DJI Zenmuse X3 Zoom","og_description":"Optical Zoom Camera3.5 Optische Zoom en 2x Digitale Zoom1\/2.3 CMOS Sensor4K30fps video en 12 Megapixel foto's3-assige stabilisatieMogelijkheid om live HD video te streamen naar DJI Go AppCompatibel met DJI Osmo","og_url":"https:\/\/koningdrone.be\/de\/produkt\/dji-zenmuse-x3-zoom\/","og_site_name":"koningdrone.be","article_modified_time":"2026-04-29T04:50:34+00:00","og_image":[{"width":660,"height":660,"url":"https:\/\/koningdrone.be\/wp-content\/uploads\/sites\/13\/2025\/04\/6958265121913-1-720x660-1.jpg","type":"image\/jpeg"}],"twitter_card":"summary_large_image","twitter_misc":{"Gesch\u00e4tzte Lesezeit":"2\u00a0Minuten"},"schema":{"@context":"https:\/\/schema.org","@graph":[{"@type":"WebPage","@id":"https:\/\/koningdrone.be\/product\/dji-zenmuse-x3-zoom\/","url":"https:\/\/koningdrone.be\/product\/dji-zenmuse-x3-zoom\/","name":"DJI Zenmuse X3 Zoom - koningdrone.be","isPartOf":{"@id":"https:\/\/koningdrone.be\/#website"},"primaryImageOfPage":{"@id":"https:\/\/koningdrone.be\/product\/dji-zenmuse-x3-zoom\/#primaryimage"},"image":{"@id":"https:\/\/koningdrone.be\/product\/dji-zenmuse-x3-zoom\/#primaryimage"},"thumbnailUrl":"https:\/\/koningdrone.be\/wp-content\/uploads\/sites\/13\/2025\/04\/6958265121913-1-720x660-1.jpg","datePublished":"2018-06-12T18:54:28+00:00","dateModified":"2026-04-29T04:50:34+00:00","breadcrumb":{"@id":"https:\/\/koningdrone.be\/product\/dji-zenmuse-x3-zoom\/#breadcrumb"},"inLanguage":"de","potentialAction":[{"@type":"ReadAction","target":["https:\/\/koningdrone.be\/product\/dji-zenmuse-x3-zoom\/"]}]},{"@type":"ImageObject","inLanguage":"de","@id":"https:\/\/koningdrone.be\/product\/dji-zenmuse-x3-zoom\/#primaryimage","url":"https:\/\/koningdrone.be\/wp-content\/uploads\/sites\/13\/2025\/04\/6958265121913-1-720x660-1.jpg","contentUrl":"https:\/\/koningdrone.be\/wp-content\/uploads\/sites\/13\/2025\/04\/6958265121913-1-720x660-1.jpg","width":660,"height":660},{"@type":"BreadcrumbList","@id":"https:\/\/koningdrone.be\/product\/dji-zenmuse-x3-zoom\/#breadcrumb","itemListElement":[{"@type":"ListItem","position":1,"name":"Home","item":"https:\/\/koningdrone.be\/"},{"@type":"ListItem","position":2,"name":"AVSS Parachute Recovery System for DJI Matrice 300\/350","item":"https:\/\/koningdrone.be\/product\/avss-parachute-recovery-system-for-dji-matrice-300-350\/"},{"@type":"ListItem","position":3,"name":"Alle gimbals en cameras","item":"https:\/\/koningdrone.be\/categorie\/alle-gimbals-en-cameras\/"},{"@type":"ListItem","position":4,"name":"DJI Zenmuse X3 Zoom"}]},{"@type":"WebSite","@id":"https:\/\/koningdrone.be\/#website","url":"https:\/\/koningdrone.be\/","name":"Koningdrone.be - Ihr Online-Spezialist f\u00fcr Drohnen, Gimbals, Kameras und Kraftwerke.","description":"Der Webshop f\u00fcr Drohnen und Gimbals","publisher":{"@id":"https:\/\/koningdrone.be\/#organization"},"potentialAction":[{"@type":"SearchAction","target":{"@type":"EntryPoint","urlTemplate":"https:\/\/koningdrone.be\/?s={search_term_string}"},"query-input":{"@type":"PropertyValueSpecification","valueRequired":true,"valueName":"search_term_string"}}],"inLanguage":"de"},{"@type":"Organization","@id":"https:\/\/koningdrone.be\/#organization","name":"Kingdrone.de","url":"https:\/\/koningdrone.be\/","logo":{"@type":"ImageObject","inLanguage":"de","@id":"https:\/\/koningdrone.be\/#\/schema\/logo\/image\/","url":"https:\/\/koningdrone.be\/wp-content\/uploads\/sites\/13\/2025\/04\/koningdrone-copyright-logo.svg","contentUrl":"https:\/\/koningdrone.be\/wp-content\/uploads\/sites\/13\/2025\/04\/koningdrone-copyright-logo.svg","width":227,"height":38,"caption":"Koningdrone.be"},"image":{"@id":"https:\/\/koningdrone.be\/#\/schema\/logo\/image\/"}}]}},"df_price":"","df_sale_price":"","df_regular_price":"","df_image_link":"https:\/\/koningdrone.be\/wp-content\/uploads\/sites\/13\/2025\/04\/6958265121913-1-720x660-1-300x300.jpg","_links":{"self":[{"href":"https:\/\/koningdrone.be\/de\/wp-json\/wp\/v2\/product\/8114","targetHints":{"allow":["GET"]}}],"collection":[{"href":"https:\/\/koningdrone.be\/de\/wp-json\/wp\/v2\/product"}],"about":[{"href":"https:\/\/koningdrone.be\/de\/wp-json\/wp\/v2\/types\/product"}],"wp:featuredmedia":[{"embeddable":true,"href":"https:\/\/koningdrone.be\/de\/wp-json\/wp\/v2\/media\/8111"}],"wp:attachment":[{"href":"https:\/\/koningdrone.be\/de\/wp-json\/wp\/v2\/media?parent=8114"}],"wp:term":[{"taxonomy":"product_brand","embeddable":true,"href":"https:\/\/koningdrone.be\/de\/wp-json\/wp\/v2\/product_brand?post=8114"},{"taxonomy":"product_cat","embeddable":true,"href":"https:\/\/koningdrone.be\/de\/wp-json\/wp\/v2\/product_cat?post=8114"},{"taxonomy":"product_tag","embeddable":true,"href":"https:\/\/koningdrone.be\/de\/wp-json\/wp\/v2\/product_tag?post=8114"}],"curies":[{"name":"wp","href":"https:\/\/api.w.org\/{rel}","templated":true}]}}