{"id":7946,"date":"2018-06-12T20:53:28","date_gmt":"2018-06-12T18:53:28","guid":{"rendered":"https:\/\/koningdrone.nl\/kon\/product\/dji-crystalsky-585-inch-monitor\/"},"modified":"2026-04-29T10:50:41","modified_gmt":"2026-04-29T08:50:41","slug":"dji-crystalsky-585-inch-monitor","status":"publish","type":"product","link":"https:\/\/koningdrone.be\/de\/produkt\/dji-crystalsky-585-inch-monitor\/","title":{"rendered":"DJI Crystalsky 5,5-Zoll-Monitor"},"content":{"rendered":"<h1>DJI Crystalsky 5,5-Zoll-Monitor<\/h1>\n<p>Der CrystalSky-Monitor wurde f\u00fcr die Luftbildfotografie entwickelt und verf\u00fcgt \u00fcber einen ultrahellen Bildschirm, der bei hellem Sonnenschein gut sichtbar ist. Er ist so konzipiert, dass er mit der DJI GO App zusammenarbeitet und eine vollst\u00e4ndige Kamerasteuerung erm\u00f6glicht.<\/p>\n<h2>Ultra-helles Licht<\/h2>\n<p>Mit maximal 2000 cd\/m\u00b2 ist der CrystalSky 4x heller als z.B. Smartphones. Details sind knackig und scharf, die Farben sind lebendig und Sie k\u00f6nnen die Bildqualit\u00e4t fein abstimmen.<\/p>\n<h2>Reibungslose Videowiedergabe<\/h2>\n<p>\u00a0Das 5,5-Zoll-Display des DJI CrystalSky ist f\u00fcr die Dekodierung fl\u00fcssiger Echtzeit-Videos mit minimaler Latenz optimiert.<\/p>\n<p><\/p>\n<h2>Kundenspezifisches System und die DJI GO\/DJI GO 4 App<\/h2>\n<p>\u00a0Durch ein neues System erreicht der DJI CrystalSky 5,5-Zoll-Monitor eine optimale Leistung und arbeitet nahtlos mit der DJI GO\/DJI GO 4-Anwendung zusammen, so dass Sie Zugriff auf folgende Optionen haben: Flugparameter, Kamerasteuerung, Verwaltung von Bildclips und Wiedergabe des Filmmaterials.<br \/>Offline-Karten k\u00f6nnen auch heruntergeladen werden, so dass Sie nie vom Internet abh\u00e4ngig sind.<\/p>\n<p><\/p>\n<h2>Akku und Betriebsdauer<\/h2>\n<p>Der Akku ist 4920 mAh gro\u00df und unterst\u00fctzt Schnellladung. Sie erreichen damit eine Betriebszeit von etwa 5 bis 6 Stunden.<br \/>Aufgrund der Leistungsf\u00e4higkeit des Akkus entl\u00e4dt sich dieser gleichzeitig.<\/p>\n<p><\/p>\n<h2>Zweifacher Micro-SD-Anschluss<\/h2>\n<p>Ausgestattet mit zwei Micro-SD-Anschl\u00fcssen kann der Speicher des CrystalSky-Monitors erweitert werden, oder auf einer Micro-SD-Karte aufgezeichnete Aufnahmen k\u00f6nnen direkt auf dem Monitor wiedergegeben werden. Sie kann auch f\u00fcr Backups von Aufnahmen verwendet werden. Mit den in DJI GO integrierten Editoren lassen sich Bearbeitungen schnell vornehmen und direkt in den sozialen Medien teilen.<br \/>Der CrystalSky-Monitor unterst\u00fctzt H.264- und H.265-Videodekodierung, so dass diese Dateien mit 30 bzw. 60 Bildern pro Sekunde angezeigt werden k\u00f6nnen. Diese Videos k\u00f6nnen auch \u00fcber den HDMI-Anschluss ausgegeben werden.<\/p>\n<h1>Ports und Netzwerk<\/h1>\n<p>Bis zu 4K-Videos k\u00f6nnen \u00fcber den HDMI-Anschluss des CrystalSky-Monitors auf FPV-Brillen oder anderen Anzeigeger\u00e4ten wiedergegeben werden.<br \/>Dank integriertem Dualband-Wi-Fi kann er sich von mobilen Ger\u00e4ten aus mit Wi-Fi-Netzwerken und Wi-Fi-Hotspots verbinden. Au\u00dferdem ist er \u00fcber den USB-A-Anschluss mit 4G-Dongles und USB-Speicher kompatibel. Wenn er mit dem Internet verbunden ist, kann der CrystalSky-Monitor problemlos auf System-Upgrades, Live-Streaming, Foto- oder Video-Sharing, Datensynchronisation und mehr zugreifen.<br \/>Die Dateigr\u00f6\u00dfen wurden so weit wie m\u00f6glich optimiert, um die mobilen Datenanforderungen zu minimieren. Dank Micro-USB- und USB-C-Anschl\u00fcssen k\u00f6nnen Sie den CrystalSky-Monitor problemlos mit einer Fernbedienung oder anderen Ger\u00e4ten verbinden.<\/p>\n<h1>Optimiert f\u00fcr extreme Temperaturen<\/h1>\n<p>Die meisten Ger\u00e4te sind f\u00fcr den Betrieb in normalen Temperaturbereichen ausgelegt. Der externe Akku des CrystalSky-Monitors ist f\u00fcr extremere Temperaturen ausgelegt. Er kann bei einer Temperatur von -20 \u00b0C (-4 \u00b0F) betrieben werden und funktioniert bei Temperaturen bis zu 40 \u00b0C (104 \u00b0F) mit dem internen K\u00fchlsystem wie gewohnt.<\/p>\n<h1>Kompatibilit\u00e4t DJI AIR SYSTEM<\/h1>\n<p>Der CrystalSky-Monitor kann sich \u00fcber Wi-Fi oder per Fernbedienung mit dem Ger\u00e4t verbinden:<\/p>\n<ul> <\/p>\n<li>Serie \"Inspirieren<\/li>\n<p> <\/p>\n<li>Serie Hantom 4<\/li>\n<p> <\/p>\n<li>Phantom 3 Serie (Phantom 3 Professional, Phantom 3 Advanced)<\/li>\n<p> <\/p>\n<li>Baureihe Matrice<\/li>\n<p> <\/p>\n<li>Mavic Pro<\/li>\n<p> <\/p>\n<li>Osmo-Serie (mit Ausnahme des Osmo Mobile)<\/li>\n<p><\/ul>\n<p>CrystalSky kann auch ohne zus\u00e4tzliche Monitorhalterung einfach an die Cendence Fernbedienung angeschlossen werden. Die Monitorhalterung wird jedoch empfohlen. Die Gimbal-Kameras der Mavic Pro- und Osmo-Serie (mit Ausnahme des Osmo Mobile) sind nur mit 5,5\"-Monitoren von Crystalsky kompatibel.<\/p>","protected":false},"excerpt":{"rendered":"<ul>\n<li>Ultra-helles Licht<\/li>\n<li>Reibungslose Videowiedergabe<\/li>\n<li>4920-mAh-Akku mit bis zu 6 Stunden Betriebsdauer<\/li>\n<li>Zweifacher Micro-SD-Anschluss<\/li>\n<li>Optimiert f\u00fcr extreme Temperaturen<\/li>\n<li>Hinweis: Ladeger\u00e4t nicht enthalten<\/li>\n<\/ul>","protected":false},"featured_media":7943,"template":"","meta":{"_acf_changed":false},"product_brand":[],"product_cat":[651,97,646],"product_tag":[],"class_list":{"0":"post-7946","1":"product","2":"type-product","3":"status-publish","4":"has-post-thumbnail","6":"product_cat-alle-monitoren","7":"product_cat-alle-producten","8":"product_cat-dji-crystalsky","9":"product_shipping_class-outofstock","10":"pa_brand-dji","11":"pa_productfamily-monitor","12":"pa_producttype-monitor","13":"pa_series-crystalsky","15":"first","16":"outofstock","17":"taxable","18":"shipping-taxable","19":"product-type-simple"},"acf":[],"yoast_head":"<!-- This site is optimized with the Yoast SEO Premium plugin v27.2 (Yoast SEO v27.2) - https:\/\/yoast.com\/product\/yoast-seo-premium-wordpress\/ -->\n<title>DJI Crystalsky 5,5 Inch Monitor - koningdrone.be<\/title>\n<meta name=\"robots\" content=\"index, follow, max-snippet:-1, max-image-preview:large, max-video-preview:-1\" \/>\n<link rel=\"canonical\" href=\"https:\/\/koningdrone.be\/de\/produkt\/dji-crystalsky-585-inch-monitor\/\" \/>\n<meta property=\"og:locale\" content=\"de_DE\" \/>\n<meta property=\"og:type\" content=\"article\" \/>\n<meta property=\"og:title\" content=\"DJI Crystalsky 5,5 Inch Monitor\" \/>\n<meta property=\"og:description\" content=\"Ultra-helderSoepele video weergaveBatterij van 4920 mAh met maximaal 6 uur gebruiksplezierDubbele micro SD poortGeoptimaliseerd voor extreme temperaturenLet op: oplader zit er niet bij\" \/>\n<meta property=\"og:url\" content=\"https:\/\/koningdrone.be\/de\/produkt\/dji-crystalsky-585-inch-monitor\/\" \/>\n<meta property=\"og:site_name\" content=\"koningdrone.be\" \/>\n<meta property=\"article:modified_time\" content=\"2026-04-29T08:50:41+00:00\" \/>\n<meta property=\"og:image\" content=\"https:\/\/koningdrone.be\/wp-content\/uploads\/sites\/13\/2025\/04\/6958265144547-1-720x660-1.jpg\" \/>\n\t<meta property=\"og:image:width\" content=\"660\" \/>\n\t<meta property=\"og:image:height\" content=\"660\" \/>\n\t<meta property=\"og:image:type\" content=\"image\/jpeg\" \/>\n<meta name=\"twitter:card\" content=\"summary_large_image\" \/>\n<meta name=\"twitter:label1\" content=\"Gesch\u00e4tzte Lesezeit\" \/>\n\t<meta name=\"twitter:data1\" content=\"2\u00a0Minuten\" \/>\n<script type=\"application\/ld+json\" class=\"yoast-schema-graph\">{\"@context\":\"https:\/\/schema.org\",\"@graph\":[{\"@type\":\"WebPage\",\"@id\":\"https:\/\/koningdrone.be\/product\/dji-crystalsky-585-inch-monitor\/\",\"url\":\"https:\/\/koningdrone.be\/product\/dji-crystalsky-585-inch-monitor\/\",\"name\":\"DJI Crystalsky 5,5 Inch Monitor - koningdrone.be\",\"isPartOf\":{\"@id\":\"https:\/\/koningdrone.be\/#website\"},\"primaryImageOfPage\":{\"@id\":\"https:\/\/koningdrone.be\/product\/dji-crystalsky-585-inch-monitor\/#primaryimage\"},\"image\":{\"@id\":\"https:\/\/koningdrone.be\/product\/dji-crystalsky-585-inch-monitor\/#primaryimage\"},\"thumbnailUrl\":\"https:\/\/koningdrone.be\/wp-content\/uploads\/sites\/13\/2025\/04\/6958265144547-1-720x660-1.jpg\",\"datePublished\":\"2018-06-12T18:53:28+00:00\",\"dateModified\":\"2026-04-29T08:50:41+00:00\",\"breadcrumb\":{\"@id\":\"https:\/\/koningdrone.be\/product\/dji-crystalsky-585-inch-monitor\/#breadcrumb\"},\"inLanguage\":\"de\",\"potentialAction\":[{\"@type\":\"ReadAction\",\"target\":[\"https:\/\/koningdrone.be\/product\/dji-crystalsky-585-inch-monitor\/\"]}]},{\"@type\":\"ImageObject\",\"inLanguage\":\"de\",\"@id\":\"https:\/\/koningdrone.be\/product\/dji-crystalsky-585-inch-monitor\/#primaryimage\",\"url\":\"https:\/\/koningdrone.be\/wp-content\/uploads\/sites\/13\/2025\/04\/6958265144547-1-720x660-1.jpg\",\"contentUrl\":\"https:\/\/koningdrone.be\/wp-content\/uploads\/sites\/13\/2025\/04\/6958265144547-1-720x660-1.jpg\",\"width\":660,\"height\":660},{\"@type\":\"BreadcrumbList\",\"@id\":\"https:\/\/koningdrone.be\/product\/dji-crystalsky-585-inch-monitor\/#breadcrumb\",\"itemListElement\":[{\"@type\":\"ListItem\",\"position\":1,\"name\":\"Home\",\"item\":\"https:\/\/koningdrone.be\/\"},{\"@type\":\"ListItem\",\"position\":2,\"name\":\"AVSS Parachute Recovery System for DJI Matrice 300\/350\",\"item\":\"https:\/\/koningdrone.be\/product\/avss-parachute-recovery-system-for-dji-matrice-300-350\/\"},{\"@type\":\"ListItem\",\"position\":3,\"name\":\"Alle monitoren\",\"item\":\"https:\/\/koningdrone.be\/categorie\/alle-monitoren\/\"},{\"@type\":\"ListItem\",\"position\":4,\"name\":\"DJI Crystalsky 5,5 Inch Monitor\"}]},{\"@type\":\"WebSite\",\"@id\":\"https:\/\/koningdrone.be\/#website\",\"url\":\"https:\/\/koningdrone.be\/\",\"name\":\"Koningdrone.be - Uw online specialist in drones, gimbals, camera's en power stations.\",\"description\":\"De webshop in drones en gimbals\",\"publisher\":{\"@id\":\"https:\/\/koningdrone.be\/#organization\"},\"potentialAction\":[{\"@type\":\"SearchAction\",\"target\":{\"@type\":\"EntryPoint\",\"urlTemplate\":\"https:\/\/koningdrone.be\/?s={search_term_string}\"},\"query-input\":{\"@type\":\"PropertyValueSpecification\",\"valueRequired\":true,\"valueName\":\"search_term_string\"}}],\"inLanguage\":\"de\"},{\"@type\":\"Organization\",\"@id\":\"https:\/\/koningdrone.be\/#organization\",\"name\":\"Koningdrone.be\",\"url\":\"https:\/\/koningdrone.be\/\",\"logo\":{\"@type\":\"ImageObject\",\"inLanguage\":\"de\",\"@id\":\"https:\/\/koningdrone.be\/#\/schema\/logo\/image\/\",\"url\":\"https:\/\/koningdrone.be\/wp-content\/uploads\/sites\/13\/2025\/04\/koningdrone-copyright-logo.svg\",\"contentUrl\":\"https:\/\/koningdrone.be\/wp-content\/uploads\/sites\/13\/2025\/04\/koningdrone-copyright-logo.svg\",\"width\":227,\"height\":38,\"caption\":\"Koningdrone.be\"},\"image\":{\"@id\":\"https:\/\/koningdrone.be\/#\/schema\/logo\/image\/\"}}]}<\/script>\n<!-- \/ Yoast SEO Premium plugin. -->","yoast_head_json":{"title":"DJI Crystalsky 5,5 Inch Monitor - koningdrone.be","robots":{"index":"index","follow":"follow","max-snippet":"max-snippet:-1","max-image-preview":"max-image-preview:large","max-video-preview":"max-video-preview:-1"},"canonical":"https:\/\/koningdrone.be\/de\/produkt\/dji-crystalsky-585-inch-monitor\/","og_locale":"de_DE","og_type":"article","og_title":"DJI Crystalsky 5,5 Inch Monitor","og_description":"Ultra-helderSoepele video weergaveBatterij van 4920 mAh met maximaal 6 uur gebruiksplezierDubbele micro SD poortGeoptimaliseerd voor extreme temperaturenLet op: oplader zit er niet bij","og_url":"https:\/\/koningdrone.be\/de\/produkt\/dji-crystalsky-585-inch-monitor\/","og_site_name":"koningdrone.be","article_modified_time":"2026-04-29T08:50:41+00:00","og_image":[{"width":660,"height":660,"url":"https:\/\/koningdrone.be\/wp-content\/uploads\/sites\/13\/2025\/04\/6958265144547-1-720x660-1.jpg","type":"image\/jpeg"}],"twitter_card":"summary_large_image","twitter_misc":{"Gesch\u00e4tzte Lesezeit":"2\u00a0Minuten"},"schema":{"@context":"https:\/\/schema.org","@graph":[{"@type":"WebPage","@id":"https:\/\/koningdrone.be\/product\/dji-crystalsky-585-inch-monitor\/","url":"https:\/\/koningdrone.be\/product\/dji-crystalsky-585-inch-monitor\/","name":"DJI Crystalsky 5,5 Inch Monitor - koningdrone.be","isPartOf":{"@id":"https:\/\/koningdrone.be\/#website"},"primaryImageOfPage":{"@id":"https:\/\/koningdrone.be\/product\/dji-crystalsky-585-inch-monitor\/#primaryimage"},"image":{"@id":"https:\/\/koningdrone.be\/product\/dji-crystalsky-585-inch-monitor\/#primaryimage"},"thumbnailUrl":"https:\/\/koningdrone.be\/wp-content\/uploads\/sites\/13\/2025\/04\/6958265144547-1-720x660-1.jpg","datePublished":"2018-06-12T18:53:28+00:00","dateModified":"2026-04-29T08:50:41+00:00","breadcrumb":{"@id":"https:\/\/koningdrone.be\/product\/dji-crystalsky-585-inch-monitor\/#breadcrumb"},"inLanguage":"de","potentialAction":[{"@type":"ReadAction","target":["https:\/\/koningdrone.be\/product\/dji-crystalsky-585-inch-monitor\/"]}]},{"@type":"ImageObject","inLanguage":"de","@id":"https:\/\/koningdrone.be\/product\/dji-crystalsky-585-inch-monitor\/#primaryimage","url":"https:\/\/koningdrone.be\/wp-content\/uploads\/sites\/13\/2025\/04\/6958265144547-1-720x660-1.jpg","contentUrl":"https:\/\/koningdrone.be\/wp-content\/uploads\/sites\/13\/2025\/04\/6958265144547-1-720x660-1.jpg","width":660,"height":660},{"@type":"BreadcrumbList","@id":"https:\/\/koningdrone.be\/product\/dji-crystalsky-585-inch-monitor\/#breadcrumb","itemListElement":[{"@type":"ListItem","position":1,"name":"Home","item":"https:\/\/koningdrone.be\/"},{"@type":"ListItem","position":2,"name":"AVSS Parachute Recovery System for DJI Matrice 300\/350","item":"https:\/\/koningdrone.be\/product\/avss-parachute-recovery-system-for-dji-matrice-300-350\/"},{"@type":"ListItem","position":3,"name":"Alle monitoren","item":"https:\/\/koningdrone.be\/categorie\/alle-monitoren\/"},{"@type":"ListItem","position":4,"name":"DJI Crystalsky 5,5 Inch Monitor"}]},{"@type":"WebSite","@id":"https:\/\/koningdrone.be\/#website","url":"https:\/\/koningdrone.be\/","name":"Koningdrone.be - Ihr Online-Spezialist f\u00fcr Drohnen, Gimbals, Kameras und Kraftwerke.","description":"Der Webshop f\u00fcr Drohnen und Gimbals","publisher":{"@id":"https:\/\/koningdrone.be\/#organization"},"potentialAction":[{"@type":"SearchAction","target":{"@type":"EntryPoint","urlTemplate":"https:\/\/koningdrone.be\/?s={search_term_string}"},"query-input":{"@type":"PropertyValueSpecification","valueRequired":true,"valueName":"search_term_string"}}],"inLanguage":"de"},{"@type":"Organization","@id":"https:\/\/koningdrone.be\/#organization","name":"Kingdrone.de","url":"https:\/\/koningdrone.be\/","logo":{"@type":"ImageObject","inLanguage":"de","@id":"https:\/\/koningdrone.be\/#\/schema\/logo\/image\/","url":"https:\/\/koningdrone.be\/wp-content\/uploads\/sites\/13\/2025\/04\/koningdrone-copyright-logo.svg","contentUrl":"https:\/\/koningdrone.be\/wp-content\/uploads\/sites\/13\/2025\/04\/koningdrone-copyright-logo.svg","width":227,"height":38,"caption":"Koningdrone.be"},"image":{"@id":"https:\/\/koningdrone.be\/#\/schema\/logo\/image\/"}}]}},"df_price":"","df_sale_price":"","df_regular_price":"","df_image_link":"https:\/\/koningdrone.be\/wp-content\/uploads\/sites\/13\/2025\/04\/6958265144547-1-720x660-1-300x300.jpg","_links":{"self":[{"href":"https:\/\/koningdrone.be\/de\/wp-json\/wp\/v2\/product\/7946","targetHints":{"allow":["GET"]}}],"collection":[{"href":"https:\/\/koningdrone.be\/de\/wp-json\/wp\/v2\/product"}],"about":[{"href":"https:\/\/koningdrone.be\/de\/wp-json\/wp\/v2\/types\/product"}],"wp:featuredmedia":[{"embeddable":true,"href":"https:\/\/koningdrone.be\/de\/wp-json\/wp\/v2\/media\/7943"}],"wp:attachment":[{"href":"https:\/\/koningdrone.be\/de\/wp-json\/wp\/v2\/media?parent=7946"}],"wp:term":[{"taxonomy":"product_brand","embeddable":true,"href":"https:\/\/koningdrone.be\/de\/wp-json\/wp\/v2\/product_brand?post=7946"},{"taxonomy":"product_cat","embeddable":true,"href":"https:\/\/koningdrone.be\/de\/wp-json\/wp\/v2\/product_cat?post=7946"},{"taxonomy":"product_tag","embeddable":true,"href":"https:\/\/koningdrone.be\/de\/wp-json\/wp\/v2\/product_tag?post=7946"}],"curies":[{"name":"wp","href":"https:\/\/api.w.org\/{rel}","templated":true}]}}