{"id":7942,"date":"2018-06-12T20:53:28","date_gmt":"2018-06-12T18:53:28","guid":{"rendered":"https:\/\/koningdrone.nl\/kon\/product\/dji-cendence-remote-controller\/"},"modified":"2026-04-29T04:40:35","modified_gmt":"2026-04-29T02:40:35","slug":"dji-cendence-remote-controller","status":"publish","type":"product","link":"https:\/\/koningdrone.be\/de\/produkt\/dji-cendence-remote-controller\/","title":{"rendered":"DJI Cendence Fernsteuerung"},"content":{"rendered":"<h1>DJI Cendence Fernsteuerung<\/h1>\n<p>Der Cendence Remote Controller von DJI ist ein professioneller Sender zur Steuerung von DJI Inspire 2 oder Matrice 200 Series Drohnen. F\u00fcnf analoge Steuerkan\u00e4le und zehn anpassbare Tasten bieten eine flexible Plattform f\u00fcr pr\u00e4zise Flug- und Videosteuerung. Der Cendence Controller ist dank der im Lieferumfang enthaltenen Monitorhalterung sofort mit CrystalSky Monitoren kompatibel. Dar\u00fcber hinaus verf\u00fcgt der Controller \u00fcber ein modulares Design f\u00fcr austauschbare Antennen und Steuerkn\u00fcppelzubeh\u00f6r. Wenn Sie den Controller lieber mit Ihrem Telefon oder Tablet verwenden m\u00f6chten, k\u00f6nnen Sie eine separat erh\u00e4ltliche Halterung verwenden.<\/p>\n<p><strong>Anpassbare Schaltfl\u00e4chen<\/strong><br \/>Mit den anpassbaren Tasten k\u00f6nnen Sie h\u00e4ufig verwendete Funktionen wie Fokus-Peaking, Farbwellenform, Hindernisvermeidung und Zur\u00fccksetzen des Ausgangspunkts schnell aktivieren oder deaktivieren oder Warnmeldungen und Tipps auf halbem Weg stoppen, ohne eine App zu verwenden. Sie k\u00f6nnen auch verschiedene Tastenkombinationen f\u00fcr bestimmte Gruppen von Einstellungen festlegen oder h\u00e4ufig verwendete Einstellungen speichern.<\/p>\n<p><strong>Modularer Aufbau mit CrystalSky-Kompatibilit\u00e4t<\/strong><br \/>Die Antennen, die Platinen, die Halterung und der Akku der Cendence-Fernsteuerung sind alle abnehmbar, so dass es einfach ist, die Hardware aufzur\u00fcsten und die Steuerung f\u00fcr die Kompatibilit\u00e4t mit zuk\u00fcnftigen DJI-Drohnen anzupassen. Ein CrystalSky-Monitor kann \u00fcber die mitgelieferte Cendence-Monitor-Halterung an der Cendence-Fernsteuerung angebracht werden.<\/p>\n<p><strong>Duale Bedienersteuerung<\/strong><br \/>Wenn eine pr\u00e4zise Kamerasteuerung erforderlich ist, kann die Cendence Fernbedienung als Master- oder Slave-Controller mit der Fernbedienung des Inspire 2 oder einer anderen Cendence Fernbedienung verbunden werden.<\/p>\n<p><strong>Batterie-System<\/strong><br \/>Die Cendence verf\u00fcgt \u00fcber einen abnehmbaren Akku, der bis zu vier Stunden lang funktioniert. Wenn Ihnen der Strom ausgeht, tauschen Sie einfach einen geladenen Akku aus oder laden Sie die Cendence \u00fcber den Stromanschluss auf. Die Cendence verwendet dieselben Akkus wie die CrystalSky-Monitore, wodurch die beiden Systeme vereinheitlicht werden.<\/p>\n<p><strong>Geeignet f\u00fcr:<\/strong><br \/> - Inspirieren 2<br \/> - Baureihe Matrice 200<\/p>","protected":false},"excerpt":{"rendered":"<ul>\n<li>\u00dcbertragung in 1080i 50 fps und 720p 60 fps<\/li>\n<li>Doppelte Bedienersteuerung (Master oder Slave)<\/li>\n<li>Individuell anpassbare Fernbedienung<\/li>\n<li>Geeignet f\u00fcr den Inspire 2 und die Matrice 200<\/li>\n<li>Inklusive Cendence Monitorhalterung<\/li>\n<li>CrystalSky-kompatibel<\/li>\n<li>Neue LCD-Anzeige<\/li>\n<\/ul>","protected":false},"featured_media":7937,"template":"","meta":{"_acf_changed":false},"product_brand":[],"product_cat":[122,97,641,788,426,1155],"product_tag":[],"class_list":{"0":"post-7942","1":"product","2":"type-product","3":"status-publish","4":"has-post-thumbnail","6":"product_cat-alle-afstandsbedieningen","7":"product_cat-alle-producten","8":"product_cat-dji-inspire","9":"product_cat-dji-inspire-2","10":"product_cat-dji-matrice","11":"product_cat-dji-matrice-200","12":"product_shipping_class-outofstock","13":"pa_brand-dji","14":"pa_productfamily-afstandsbediening","15":"pa_producttype-afstandsbediening","17":"first","18":"outofstock","19":"taxable","20":"shipping-taxable","21":"purchasable","22":"product-type-simple"},"acf":[],"yoast_head":"<!-- This site is optimized with the Yoast SEO Premium plugin v27.2 (Yoast SEO v27.2) - https:\/\/yoast.com\/product\/yoast-seo-premium-wordpress\/ -->\n<title>DJI Cendence Remote Controller - koningdrone.be<\/title>\n<meta name=\"robots\" content=\"index, follow, max-snippet:-1, max-image-preview:large, max-video-preview:-1\" \/>\n<link rel=\"canonical\" href=\"https:\/\/koningdrone.be\/de\/produkt\/dji-cendence-remote-controller\/\" \/>\n<meta property=\"og:locale\" content=\"de_DE\" \/>\n<meta property=\"og:type\" content=\"article\" \/>\n<meta property=\"og:title\" content=\"DJI Cendence Remote Controller\" \/>\n<meta property=\"og:description\" content=\"Broadcast in\u00a01080i 50 fps en 720p 60 fpsDual operator control (master of slave)Aanpasbare afstandsbedieningGeschikt voor de Inspire 2 en Matrice 200Inclusief Cendence Monitor Mounting BracketCrystalSky compatibelNieuw LCD display\" \/>\n<meta property=\"og:url\" content=\"https:\/\/koningdrone.be\/de\/produkt\/dji-cendence-remote-controller\/\" \/>\n<meta property=\"og:site_name\" content=\"koningdrone.be\" \/>\n<meta property=\"article:modified_time\" content=\"2026-04-29T02:40:35+00:00\" \/>\n<meta property=\"og:image\" content=\"https:\/\/koningdrone.be\/wp-content\/uploads\/sites\/13\/2025\/04\/6958265147494-1-720x660-1.jpg\" \/>\n\t<meta property=\"og:image:width\" content=\"660\" \/>\n\t<meta property=\"og:image:height\" content=\"660\" \/>\n\t<meta property=\"og:image:type\" content=\"image\/jpeg\" \/>\n<meta name=\"twitter:card\" content=\"summary_large_image\" \/>\n<meta name=\"twitter:label1\" content=\"Gesch\u00e4tzte Lesezeit\" \/>\n\t<meta name=\"twitter:data1\" content=\"1\u00a0Minute\" \/>\n<script type=\"application\/ld+json\" class=\"yoast-schema-graph\">{\"@context\":\"https:\/\/schema.org\",\"@graph\":[{\"@type\":\"WebPage\",\"@id\":\"https:\/\/koningdrone.be\/product\/dji-cendence-remote-controller\/\",\"url\":\"https:\/\/koningdrone.be\/product\/dji-cendence-remote-controller\/\",\"name\":\"DJI Cendence Remote Controller - koningdrone.be\",\"isPartOf\":{\"@id\":\"https:\/\/koningdrone.be\/#website\"},\"primaryImageOfPage\":{\"@id\":\"https:\/\/koningdrone.be\/product\/dji-cendence-remote-controller\/#primaryimage\"},\"image\":{\"@id\":\"https:\/\/koningdrone.be\/product\/dji-cendence-remote-controller\/#primaryimage\"},\"thumbnailUrl\":\"https:\/\/koningdrone.be\/wp-content\/uploads\/sites\/13\/2025\/04\/6958265147494-1-720x660-1.jpg\",\"datePublished\":\"2018-06-12T18:53:28+00:00\",\"dateModified\":\"2026-04-29T02:40:35+00:00\",\"breadcrumb\":{\"@id\":\"https:\/\/koningdrone.be\/product\/dji-cendence-remote-controller\/#breadcrumb\"},\"inLanguage\":\"de\",\"potentialAction\":[{\"@type\":\"ReadAction\",\"target\":[\"https:\/\/koningdrone.be\/product\/dji-cendence-remote-controller\/\"]}]},{\"@type\":\"ImageObject\",\"inLanguage\":\"de\",\"@id\":\"https:\/\/koningdrone.be\/product\/dji-cendence-remote-controller\/#primaryimage\",\"url\":\"https:\/\/koningdrone.be\/wp-content\/uploads\/sites\/13\/2025\/04\/6958265147494-1-720x660-1.jpg\",\"contentUrl\":\"https:\/\/koningdrone.be\/wp-content\/uploads\/sites\/13\/2025\/04\/6958265147494-1-720x660-1.jpg\",\"width\":660,\"height\":660},{\"@type\":\"BreadcrumbList\",\"@id\":\"https:\/\/koningdrone.be\/product\/dji-cendence-remote-controller\/#breadcrumb\",\"itemListElement\":[{\"@type\":\"ListItem\",\"position\":1,\"name\":\"Home\",\"item\":\"https:\/\/koningdrone.be\/\"},{\"@type\":\"ListItem\",\"position\":2,\"name\":\"AVSS Parachute Recovery System for DJI Matrice 300\/350\",\"item\":\"https:\/\/koningdrone.be\/product\/avss-parachute-recovery-system-for-dji-matrice-300-350\/\"},{\"@type\":\"ListItem\",\"position\":3,\"name\":\"Alle afstandsbedieningen\",\"item\":\"https:\/\/koningdrone.be\/categorie\/alle-afstandsbedieningen\/\"},{\"@type\":\"ListItem\",\"position\":4,\"name\":\"DJI Cendence Remote Controller\"}]},{\"@type\":\"WebSite\",\"@id\":\"https:\/\/koningdrone.be\/#website\",\"url\":\"https:\/\/koningdrone.be\/\",\"name\":\"Koningdrone.be - Uw online specialist in drones, gimbals, camera's en power stations.\",\"description\":\"De webshop in drones en gimbals\",\"publisher\":{\"@id\":\"https:\/\/koningdrone.be\/#organization\"},\"potentialAction\":[{\"@type\":\"SearchAction\",\"target\":{\"@type\":\"EntryPoint\",\"urlTemplate\":\"https:\/\/koningdrone.be\/?s={search_term_string}\"},\"query-input\":{\"@type\":\"PropertyValueSpecification\",\"valueRequired\":true,\"valueName\":\"search_term_string\"}}],\"inLanguage\":\"de\"},{\"@type\":\"Organization\",\"@id\":\"https:\/\/koningdrone.be\/#organization\",\"name\":\"Koningdrone.be\",\"url\":\"https:\/\/koningdrone.be\/\",\"logo\":{\"@type\":\"ImageObject\",\"inLanguage\":\"de\",\"@id\":\"https:\/\/koningdrone.be\/#\/schema\/logo\/image\/\",\"url\":\"https:\/\/koningdrone.be\/wp-content\/uploads\/sites\/13\/2025\/04\/koningdrone-copyright-logo.svg\",\"contentUrl\":\"https:\/\/koningdrone.be\/wp-content\/uploads\/sites\/13\/2025\/04\/koningdrone-copyright-logo.svg\",\"width\":227,\"height\":38,\"caption\":\"Koningdrone.be\"},\"image\":{\"@id\":\"https:\/\/koningdrone.be\/#\/schema\/logo\/image\/\"}}]}<\/script>\n<!-- \/ Yoast SEO Premium plugin. -->","yoast_head_json":{"title":"DJI Cendence Remote Controller - koningdrone.be","robots":{"index":"index","follow":"follow","max-snippet":"max-snippet:-1","max-image-preview":"max-image-preview:large","max-video-preview":"max-video-preview:-1"},"canonical":"https:\/\/koningdrone.be\/de\/produkt\/dji-cendence-remote-controller\/","og_locale":"de_DE","og_type":"article","og_title":"DJI Cendence Remote Controller","og_description":"Broadcast in\u00a01080i 50 fps en 720p 60 fpsDual operator control (master of slave)Aanpasbare afstandsbedieningGeschikt voor de Inspire 2 en Matrice 200Inclusief Cendence Monitor Mounting BracketCrystalSky compatibelNieuw LCD display","og_url":"https:\/\/koningdrone.be\/de\/produkt\/dji-cendence-remote-controller\/","og_site_name":"koningdrone.be","article_modified_time":"2026-04-29T02:40:35+00:00","og_image":[{"width":660,"height":660,"url":"https:\/\/koningdrone.be\/wp-content\/uploads\/sites\/13\/2025\/04\/6958265147494-1-720x660-1.jpg","type":"image\/jpeg"}],"twitter_card":"summary_large_image","twitter_misc":{"Gesch\u00e4tzte Lesezeit":"1\u00a0Minute"},"schema":{"@context":"https:\/\/schema.org","@graph":[{"@type":"WebPage","@id":"https:\/\/koningdrone.be\/product\/dji-cendence-remote-controller\/","url":"https:\/\/koningdrone.be\/product\/dji-cendence-remote-controller\/","name":"DJI Cendence Remote Controller - koningdrone.be","isPartOf":{"@id":"https:\/\/koningdrone.be\/#website"},"primaryImageOfPage":{"@id":"https:\/\/koningdrone.be\/product\/dji-cendence-remote-controller\/#primaryimage"},"image":{"@id":"https:\/\/koningdrone.be\/product\/dji-cendence-remote-controller\/#primaryimage"},"thumbnailUrl":"https:\/\/koningdrone.be\/wp-content\/uploads\/sites\/13\/2025\/04\/6958265147494-1-720x660-1.jpg","datePublished":"2018-06-12T18:53:28+00:00","dateModified":"2026-04-29T02:40:35+00:00","breadcrumb":{"@id":"https:\/\/koningdrone.be\/product\/dji-cendence-remote-controller\/#breadcrumb"},"inLanguage":"de","potentialAction":[{"@type":"ReadAction","target":["https:\/\/koningdrone.be\/product\/dji-cendence-remote-controller\/"]}]},{"@type":"ImageObject","inLanguage":"de","@id":"https:\/\/koningdrone.be\/product\/dji-cendence-remote-controller\/#primaryimage","url":"https:\/\/koningdrone.be\/wp-content\/uploads\/sites\/13\/2025\/04\/6958265147494-1-720x660-1.jpg","contentUrl":"https:\/\/koningdrone.be\/wp-content\/uploads\/sites\/13\/2025\/04\/6958265147494-1-720x660-1.jpg","width":660,"height":660},{"@type":"BreadcrumbList","@id":"https:\/\/koningdrone.be\/product\/dji-cendence-remote-controller\/#breadcrumb","itemListElement":[{"@type":"ListItem","position":1,"name":"Home","item":"https:\/\/koningdrone.be\/"},{"@type":"ListItem","position":2,"name":"AVSS Parachute Recovery System for DJI Matrice 300\/350","item":"https:\/\/koningdrone.be\/product\/avss-parachute-recovery-system-for-dji-matrice-300-350\/"},{"@type":"ListItem","position":3,"name":"Alle afstandsbedieningen","item":"https:\/\/koningdrone.be\/categorie\/alle-afstandsbedieningen\/"},{"@type":"ListItem","position":4,"name":"DJI Cendence Remote Controller"}]},{"@type":"WebSite","@id":"https:\/\/koningdrone.be\/#website","url":"https:\/\/koningdrone.be\/","name":"Koningdrone.be - Ihr Online-Spezialist f\u00fcr Drohnen, Gimbals, Kameras und Kraftwerke.","description":"Der Webshop f\u00fcr Drohnen und Gimbals","publisher":{"@id":"https:\/\/koningdrone.be\/#organization"},"potentialAction":[{"@type":"SearchAction","target":{"@type":"EntryPoint","urlTemplate":"https:\/\/koningdrone.be\/?s={search_term_string}"},"query-input":{"@type":"PropertyValueSpecification","valueRequired":true,"valueName":"search_term_string"}}],"inLanguage":"de"},{"@type":"Organization","@id":"https:\/\/koningdrone.be\/#organization","name":"Kingdrone.de","url":"https:\/\/koningdrone.be\/","logo":{"@type":"ImageObject","inLanguage":"de","@id":"https:\/\/koningdrone.be\/#\/schema\/logo\/image\/","url":"https:\/\/koningdrone.be\/wp-content\/uploads\/sites\/13\/2025\/04\/koningdrone-copyright-logo.svg","contentUrl":"https:\/\/koningdrone.be\/wp-content\/uploads\/sites\/13\/2025\/04\/koningdrone-copyright-logo.svg","width":227,"height":38,"caption":"Koningdrone.be"},"image":{"@id":"https:\/\/koningdrone.be\/#\/schema\/logo\/image\/"}}]}},"df_price":1017,"df_sale_price":"","df_regular_price":1017,"df_image_link":"https:\/\/koningdrone.be\/wp-content\/uploads\/sites\/13\/2025\/04\/6958265147494-1-720x660-1-300x300.jpg","_links":{"self":[{"href":"https:\/\/koningdrone.be\/de\/wp-json\/wp\/v2\/product\/7942","targetHints":{"allow":["GET"]}}],"collection":[{"href":"https:\/\/koningdrone.be\/de\/wp-json\/wp\/v2\/product"}],"about":[{"href":"https:\/\/koningdrone.be\/de\/wp-json\/wp\/v2\/types\/product"}],"wp:featuredmedia":[{"embeddable":true,"href":"https:\/\/koningdrone.be\/de\/wp-json\/wp\/v2\/media\/7937"}],"wp:attachment":[{"href":"https:\/\/koningdrone.be\/de\/wp-json\/wp\/v2\/media?parent=7942"}],"wp:term":[{"taxonomy":"product_brand","embeddable":true,"href":"https:\/\/koningdrone.be\/de\/wp-json\/wp\/v2\/product_brand?post=7942"},{"taxonomy":"product_cat","embeddable":true,"href":"https:\/\/koningdrone.be\/de\/wp-json\/wp\/v2\/product_cat?post=7942"},{"taxonomy":"product_tag","embeddable":true,"href":"https:\/\/koningdrone.be\/de\/wp-json\/wp\/v2\/product_tag?post=7942"}],"curies":[{"name":"wp","href":"https:\/\/api.w.org\/{rel}","templated":true}]}}