{"id":7930,"date":"2018-06-12T20:53:35","date_gmt":"2018-06-12T18:53:35","guid":{"rendered":"https:\/\/koningdrone.nl\/kon\/product\/dji-inspire-1-batterij-4500mah-inspire-batterij\/"},"modified":"2026-04-29T08:20:20","modified_gmt":"2026-04-29T06:20:20","slug":"dji-inspire-1-batterij-4500mah-inspire-batterij","status":"publish","type":"product","link":"https:\/\/koningdrone.be\/de\/produkt\/dji-inspire-1-batterij-4500mah-inspire-batterij\/","title":{"rendered":"DJI Inspire 1 Akku TB47"},"content":{"rendered":"<h1>Inspire 1 TB47 Intelligent Flight Akku (4500mAh)<\/h1>\n<p>Verl\u00e4ngern Sie die Flugzeit Ihres Inspire 1, indem Sie zus\u00e4tzliche Intelligent Flight Akkus mitnehmen. Jeder TB47-Akku verf\u00fcgt \u00fcber integrierte Lade- und Kapazit\u00e4tssensoren f\u00fcr eine sichere Nutzung und erm\u00f6glicht Ihnen bis zu 18 Minuten Flugzeit.<br \/>W\u00e4hrend des Fluges wird die verbleibende Akkulaufzeit live angezeigt, damit Sie wissen, wie lange Sie noch fliegen k\u00f6nnen. Algorithmen berechnen die Entfernung Ihres Flugzeugs und die gesch\u00e4tzte Zeit bis zur R\u00fcckkehr nach Hause, damit Sie wissen, wann es Zeit ist, zur\u00fcckzufliegen.<br \/>Es meldet die Spannung jeder Zelle, die Gesamtdauer der Ladungen und Entladungen sowie den allgemeinen Zustand der Batterie.<br \/>LED-Anzeigen zeigen die verbleibende Batteriekapazit\u00e4t oder den Ladestatus an. Sie sind von der Au\u00dfenseite des Flugzeugs aus sichtbar.<\/p>","protected":false},"excerpt":{"rendered":"<ul>\n<li>Kapazit\u00e4t: 4500mAh<\/li>\n<li>Max. Flugzeit: etwa 18 Minuten<\/li>\n<li>Kompatibel nur mit der Inspire 1-Serie<\/li>\n<\/ul>","protected":false},"featured_media":7929,"template":"","meta":{"_acf_changed":false},"product_brand":[],"product_cat":[113,97,641],"product_tag":[],"class_list":{"0":"post-7930","1":"product","2":"type-product","3":"status-publish","4":"has-post-thumbnail","6":"product_cat-alle-batterijen","7":"product_cat-alle-producten","8":"product_cat-dji-inspire","9":"product_shipping_class-outofstock","10":"pa_brand-dji","11":"pa_productfamily-batterij","12":"pa_producttype-batterij","13":"pa_series-inspire-1","15":"first","16":"outofstock","17":"taxable","18":"shipping-taxable","19":"product-type-simple"},"acf":[],"yoast_head":"<!-- This site is optimized with the Yoast SEO Premium plugin v27.2 (Yoast SEO v27.2) - https:\/\/yoast.com\/product\/yoast-seo-premium-wordpress\/ -->\n<title>DJI Inspire 1 Batterij TB47 - koningdrone.be<\/title>\n<meta name=\"robots\" content=\"index, follow, max-snippet:-1, max-image-preview:large, max-video-preview:-1\" \/>\n<link rel=\"canonical\" href=\"https:\/\/koningdrone.be\/de\/produkt\/dji-inspire-1-batterij-4500mah-inspire-batterij\/\" \/>\n<meta property=\"og:locale\" content=\"de_DE\" \/>\n<meta property=\"og:type\" content=\"article\" \/>\n<meta property=\"og:title\" content=\"DJI Inspire 1 Batterij TB47\" \/>\n<meta property=\"og:description\" content=\"Capaciteit: 4500mAhMax. Vliegtijd: ongeveer 18 minutenAlleen compatibel met de Inspire 1-serie\" \/>\n<meta property=\"og:url\" content=\"https:\/\/koningdrone.be\/de\/produkt\/dji-inspire-1-batterij-4500mah-inspire-batterij\/\" \/>\n<meta property=\"og:site_name\" content=\"koningdrone.be\" \/>\n<meta property=\"article:modified_time\" content=\"2026-04-29T06:20:20+00:00\" \/>\n<meta property=\"og:image\" content=\"https:\/\/koningdrone.be\/wp-content\/uploads\/sites\/13\/2025\/04\/6958265121722-1-720x660-1.jpg\" \/>\n\t<meta property=\"og:image:width\" content=\"720\" \/>\n\t<meta property=\"og:image:height\" content=\"480\" \/>\n\t<meta property=\"og:image:type\" content=\"image\/jpeg\" \/>\n<meta name=\"twitter:card\" content=\"summary_large_image\" \/>\n<meta name=\"twitter:label1\" content=\"Gesch\u00e4tzte Lesezeit\" \/>\n\t<meta name=\"twitter:data1\" content=\"1\u00a0Minute\" \/>\n<script type=\"application\/ld+json\" class=\"yoast-schema-graph\">{\"@context\":\"https:\/\/schema.org\",\"@graph\":[{\"@type\":\"WebPage\",\"@id\":\"https:\/\/koningdrone.be\/product\/dji-inspire-1-batterij-4500mah-inspire-batterij\/\",\"url\":\"https:\/\/koningdrone.be\/product\/dji-inspire-1-batterij-4500mah-inspire-batterij\/\",\"name\":\"DJI Inspire 1 Batterij TB47 - koningdrone.be\",\"isPartOf\":{\"@id\":\"https:\/\/koningdrone.be\/#website\"},\"primaryImageOfPage\":{\"@id\":\"https:\/\/koningdrone.be\/product\/dji-inspire-1-batterij-4500mah-inspire-batterij\/#primaryimage\"},\"image\":{\"@id\":\"https:\/\/koningdrone.be\/product\/dji-inspire-1-batterij-4500mah-inspire-batterij\/#primaryimage\"},\"thumbnailUrl\":\"https:\/\/koningdrone.be\/wp-content\/uploads\/sites\/13\/2025\/04\/6958265121722-1-720x660-1.jpg\",\"datePublished\":\"2018-06-12T18:53:35+00:00\",\"dateModified\":\"2026-04-29T06:20:20+00:00\",\"breadcrumb\":{\"@id\":\"https:\/\/koningdrone.be\/product\/dji-inspire-1-batterij-4500mah-inspire-batterij\/#breadcrumb\"},\"inLanguage\":\"de\",\"potentialAction\":[{\"@type\":\"ReadAction\",\"target\":[\"https:\/\/koningdrone.be\/product\/dji-inspire-1-batterij-4500mah-inspire-batterij\/\"]}]},{\"@type\":\"ImageObject\",\"inLanguage\":\"de\",\"@id\":\"https:\/\/koningdrone.be\/product\/dji-inspire-1-batterij-4500mah-inspire-batterij\/#primaryimage\",\"url\":\"https:\/\/koningdrone.be\/wp-content\/uploads\/sites\/13\/2025\/04\/6958265121722-1-720x660-1.jpg\",\"contentUrl\":\"https:\/\/koningdrone.be\/wp-content\/uploads\/sites\/13\/2025\/04\/6958265121722-1-720x660-1.jpg\",\"width\":720,\"height\":480},{\"@type\":\"BreadcrumbList\",\"@id\":\"https:\/\/koningdrone.be\/product\/dji-inspire-1-batterij-4500mah-inspire-batterij\/#breadcrumb\",\"itemListElement\":[{\"@type\":\"ListItem\",\"position\":1,\"name\":\"Home\",\"item\":\"https:\/\/koningdrone.be\/\"},{\"@type\":\"ListItem\",\"position\":2,\"name\":\"AVSS Parachute Recovery System for DJI Matrice 300\/350\",\"item\":\"https:\/\/koningdrone.be\/product\/avss-parachute-recovery-system-for-dji-matrice-300-350\/\"},{\"@type\":\"ListItem\",\"position\":3,\"name\":\"Alle batterijen\",\"item\":\"https:\/\/koningdrone.be\/categorie\/alle-batterijen\/\"},{\"@type\":\"ListItem\",\"position\":4,\"name\":\"DJI Inspire 1 Batterij TB47\"}]},{\"@type\":\"WebSite\",\"@id\":\"https:\/\/koningdrone.be\/#website\",\"url\":\"https:\/\/koningdrone.be\/\",\"name\":\"Koningdrone.be - Uw online specialist in drones, gimbals, camera's en power stations.\",\"description\":\"De webshop in drones en gimbals\",\"publisher\":{\"@id\":\"https:\/\/koningdrone.be\/#organization\"},\"potentialAction\":[{\"@type\":\"SearchAction\",\"target\":{\"@type\":\"EntryPoint\",\"urlTemplate\":\"https:\/\/koningdrone.be\/?s={search_term_string}\"},\"query-input\":{\"@type\":\"PropertyValueSpecification\",\"valueRequired\":true,\"valueName\":\"search_term_string\"}}],\"inLanguage\":\"de\"},{\"@type\":\"Organization\",\"@id\":\"https:\/\/koningdrone.be\/#organization\",\"name\":\"Koningdrone.be\",\"url\":\"https:\/\/koningdrone.be\/\",\"logo\":{\"@type\":\"ImageObject\",\"inLanguage\":\"de\",\"@id\":\"https:\/\/koningdrone.be\/#\/schema\/logo\/image\/\",\"url\":\"https:\/\/koningdrone.be\/wp-content\/uploads\/sites\/13\/2025\/04\/koningdrone-copyright-logo.svg\",\"contentUrl\":\"https:\/\/koningdrone.be\/wp-content\/uploads\/sites\/13\/2025\/04\/koningdrone-copyright-logo.svg\",\"width\":227,\"height\":38,\"caption\":\"Koningdrone.be\"},\"image\":{\"@id\":\"https:\/\/koningdrone.be\/#\/schema\/logo\/image\/\"}}]}<\/script>\n<!-- \/ Yoast SEO Premium plugin. -->","yoast_head_json":{"title":"DJI Inspire 1 Batterij TB47 - koningdrone.be","robots":{"index":"index","follow":"follow","max-snippet":"max-snippet:-1","max-image-preview":"max-image-preview:large","max-video-preview":"max-video-preview:-1"},"canonical":"https:\/\/koningdrone.be\/de\/produkt\/dji-inspire-1-batterij-4500mah-inspire-batterij\/","og_locale":"de_DE","og_type":"article","og_title":"DJI Inspire 1 Batterij TB47","og_description":"Capaciteit: 4500mAhMax. Vliegtijd: ongeveer 18 minutenAlleen compatibel met de Inspire 1-serie","og_url":"https:\/\/koningdrone.be\/de\/produkt\/dji-inspire-1-batterij-4500mah-inspire-batterij\/","og_site_name":"koningdrone.be","article_modified_time":"2026-04-29T06:20:20+00:00","og_image":[{"width":720,"height":480,"url":"https:\/\/koningdrone.be\/wp-content\/uploads\/sites\/13\/2025\/04\/6958265121722-1-720x660-1.jpg","type":"image\/jpeg"}],"twitter_card":"summary_large_image","twitter_misc":{"Gesch\u00e4tzte Lesezeit":"1\u00a0Minute"},"schema":{"@context":"https:\/\/schema.org","@graph":[{"@type":"WebPage","@id":"https:\/\/koningdrone.be\/product\/dji-inspire-1-batterij-4500mah-inspire-batterij\/","url":"https:\/\/koningdrone.be\/product\/dji-inspire-1-batterij-4500mah-inspire-batterij\/","name":"DJI Inspire 1 Batterij TB47 - koningdrone.be","isPartOf":{"@id":"https:\/\/koningdrone.be\/#website"},"primaryImageOfPage":{"@id":"https:\/\/koningdrone.be\/product\/dji-inspire-1-batterij-4500mah-inspire-batterij\/#primaryimage"},"image":{"@id":"https:\/\/koningdrone.be\/product\/dji-inspire-1-batterij-4500mah-inspire-batterij\/#primaryimage"},"thumbnailUrl":"https:\/\/koningdrone.be\/wp-content\/uploads\/sites\/13\/2025\/04\/6958265121722-1-720x660-1.jpg","datePublished":"2018-06-12T18:53:35+00:00","dateModified":"2026-04-29T06:20:20+00:00","breadcrumb":{"@id":"https:\/\/koningdrone.be\/product\/dji-inspire-1-batterij-4500mah-inspire-batterij\/#breadcrumb"},"inLanguage":"de","potentialAction":[{"@type":"ReadAction","target":["https:\/\/koningdrone.be\/product\/dji-inspire-1-batterij-4500mah-inspire-batterij\/"]}]},{"@type":"ImageObject","inLanguage":"de","@id":"https:\/\/koningdrone.be\/product\/dji-inspire-1-batterij-4500mah-inspire-batterij\/#primaryimage","url":"https:\/\/koningdrone.be\/wp-content\/uploads\/sites\/13\/2025\/04\/6958265121722-1-720x660-1.jpg","contentUrl":"https:\/\/koningdrone.be\/wp-content\/uploads\/sites\/13\/2025\/04\/6958265121722-1-720x660-1.jpg","width":720,"height":480},{"@type":"BreadcrumbList","@id":"https:\/\/koningdrone.be\/product\/dji-inspire-1-batterij-4500mah-inspire-batterij\/#breadcrumb","itemListElement":[{"@type":"ListItem","position":1,"name":"Home","item":"https:\/\/koningdrone.be\/"},{"@type":"ListItem","position":2,"name":"AVSS Parachute Recovery System for DJI Matrice 300\/350","item":"https:\/\/koningdrone.be\/product\/avss-parachute-recovery-system-for-dji-matrice-300-350\/"},{"@type":"ListItem","position":3,"name":"Alle batterijen","item":"https:\/\/koningdrone.be\/categorie\/alle-batterijen\/"},{"@type":"ListItem","position":4,"name":"DJI Inspire 1 Batterij TB47"}]},{"@type":"WebSite","@id":"https:\/\/koningdrone.be\/#website","url":"https:\/\/koningdrone.be\/","name":"Koningdrone.be - Ihr Online-Spezialist f\u00fcr Drohnen, Gimbals, Kameras und Kraftwerke.","description":"Der Webshop f\u00fcr Drohnen und Gimbals","publisher":{"@id":"https:\/\/koningdrone.be\/#organization"},"potentialAction":[{"@type":"SearchAction","target":{"@type":"EntryPoint","urlTemplate":"https:\/\/koningdrone.be\/?s={search_term_string}"},"query-input":{"@type":"PropertyValueSpecification","valueRequired":true,"valueName":"search_term_string"}}],"inLanguage":"de"},{"@type":"Organization","@id":"https:\/\/koningdrone.be\/#organization","name":"Kingdrone.de","url":"https:\/\/koningdrone.be\/","logo":{"@type":"ImageObject","inLanguage":"de","@id":"https:\/\/koningdrone.be\/#\/schema\/logo\/image\/","url":"https:\/\/koningdrone.be\/wp-content\/uploads\/sites\/13\/2025\/04\/koningdrone-copyright-logo.svg","contentUrl":"https:\/\/koningdrone.be\/wp-content\/uploads\/sites\/13\/2025\/04\/koningdrone-copyright-logo.svg","width":227,"height":38,"caption":"Koningdrone.be"},"image":{"@id":"https:\/\/koningdrone.be\/#\/schema\/logo\/image\/"}}]}},"df_price":"","df_sale_price":"","df_regular_price":"","df_image_link":"https:\/\/koningdrone.be\/wp-content\/uploads\/sites\/13\/2025\/04\/6958265121722-1-720x660-1-300x200.jpg","_links":{"self":[{"href":"https:\/\/koningdrone.be\/de\/wp-json\/wp\/v2\/product\/7930","targetHints":{"allow":["GET"]}}],"collection":[{"href":"https:\/\/koningdrone.be\/de\/wp-json\/wp\/v2\/product"}],"about":[{"href":"https:\/\/koningdrone.be\/de\/wp-json\/wp\/v2\/types\/product"}],"wp:featuredmedia":[{"embeddable":true,"href":"https:\/\/koningdrone.be\/de\/wp-json\/wp\/v2\/media\/7929"}],"wp:attachment":[{"href":"https:\/\/koningdrone.be\/de\/wp-json\/wp\/v2\/media?parent=7930"}],"wp:term":[{"taxonomy":"product_brand","embeddable":true,"href":"https:\/\/koningdrone.be\/de\/wp-json\/wp\/v2\/product_brand?post=7930"},{"taxonomy":"product_cat","embeddable":true,"href":"https:\/\/koningdrone.be\/de\/wp-json\/wp\/v2\/product_cat?post=7930"},{"taxonomy":"product_tag","embeddable":true,"href":"https:\/\/koningdrone.be\/de\/wp-json\/wp\/v2\/product_tag?post=7930"}],"curies":[{"name":"wp","href":"https:\/\/api.w.org\/{rel}","templated":true}]}}