{"id":7921,"date":"2018-06-12T20:53:41","date_gmt":"2018-06-12T18:53:41","guid":{"rendered":"https:\/\/koningdrone.nl\/kon\/product\/dji-zenmuse-x5s\/"},"modified":"2026-04-29T15:20:52","modified_gmt":"2026-04-29T13:20:52","slug":"dji-zenmuse-x5s","status":"publish","type":"product","link":"https:\/\/koningdrone.be\/de\/produkt\/dji-zenmuse-x5s\/","title":{"rendered":"DJI Zenmuse X5S"},"content":{"rendered":"<h1>DJI Zenmuse X5S<\/h1>\n<p>Ausgestattet mit einem verbesserten Micro 4\/3-Sensor bietet die Zenmuse X5S einen Dynamikbereich von 12,8 Blendenstufen und ein deutlich besseres Signal-Rausch-Verh\u00e4ltnis.<br \/>und Farbempfindlichkeit als bei der X5R. Sie unterst\u00fctzt bis zu acht Standard-M4 \/ 3-Objektive (einschlie\u00dflich Zoomobjektive) mit Brennweiten von 9 bis 45 mm<br \/>(entspricht 18mm-90mm bei einer 35-mm-Kamera) und bietet damit mehr kreative Flexibilit\u00e4t. Das neue Bildverarbeitungssystem CineCore 2.0 der Inspire 2<br \/>Erm\u00f6glicht der Zenmuse X5S die Aufnahme von CinemaDNG-Videos mit 5,2K 30fps und Apple ProRes-Videos sowie von 4K 60fps mit H.264 und 4K 30fps<br \/>mit H.265 (beide mit 100 Mbit\/s). Kontinuierliche DNG-Serienaufnahmen mit 20 Bildern pro Sekunde und 20,8 MP werden ebenfalls unterst\u00fctzt. Die Zenmuse X5S ist konzipiert<br \/>um mit den Anforderungen hochwertiger professioneller Luftbildaufnahmen Schritt zu halten.<\/p>\n<p><strong>HOLLYWOODREIFES VIDEO<\/strong><br \/>Mit CineCore 2.0 zeichnet die Zenmuse X5S Videos mit einer maximalen Aufl\u00f6sung von 5,2K \/ 30fps in CinemaDNG 12bit1, 5,2K 30fps Apple ProRes 422 HQ und 4K 30fps Apple ProRes 4444 XQ (kein Alpha) 2 auf. Weitere Aufzeichnungsoptionen sind Video in 4K \/ 60fps mit H.264 oder Oversampling-Video in 4K \/ 30fps mit H.264 \/ H.265, jeweils mit einer Bitrate von 100Mbps.<\/p>\n<p><strong>DETAILLIERT<\/strong><br \/>Allein mit der Micro-SD-Karte k\u00f6nnen 20,8-MP-Fotos mit 14 fps im Burst-Modus in JPEG + DNG aufgenommen werden. Die Verwendung des DJI CINESSD er\u00f6ffnet einen kontinuierlichen<br \/>DNG-Burst-Modus mit 20 Bildern pro Sekunde und einer maximalen Bildaufl\u00f6sung von 20,8 Megapixeln. Fotos k\u00f6nnen auch w\u00e4hrend der Videoaufnahme ohne Unterbrechung aufgenommen werden.<\/p>\n<p><strong>VERBESSERTE KAMERASTABILISIERUNG<\/strong><br \/>Die Stabilisierung des Zenmuse X5S ist ein hochoptimierter 3-Achsen-Gimbal mit pr\u00e4zise eingestellter Motordrehung mit einer Regelgenauigkeit von \u00b10,01\u00b0, der von einem speziellen Prozessor gesteuert wird.<br \/>Anstatt sich auf elektrische Schleifringe zu verlassen - wie es bei vielen Gimbals \u00fcblich ist - verwendet die Zenmuse X5S ein einzigartiges mechanisches Design und versteckte Dr\u00e4hte, um sicherzustellen, dass<br \/>stabilere Daten\u00fcbertragung und h\u00f6here Lebensdauer. Vibrationen werden durch drei D\u00e4mpfungskugeln und ein leichtes D\u00e4mpfungsbrett eliminiert, was zu einem nahtlos glatten Video f\u00fchrt.<br \/>Die 360\u00b0-Drehung bleibt durch die Rotation des Motors und die gleichm\u00e4\u00dfige Bewegung der Ebene m\u00f6glich. Selbst bei Verwendung eines 90-mm2 -Objektivs k\u00f6nnen stabile, gleichm\u00e4\u00dfige Aufnahmen1 gemacht werden.<\/p>","protected":false},"excerpt":{"rendered":"<ul>\n<li>Micro Four Thirds-Sensor<\/li>\n<li>5.2K 30fps \/ 4K 60fps \/ 4K 30fps Video<\/li>\n<li>20.8MP Foto<\/li>\n<li>20fps Serienbildaufnahme<\/li>\n<li>12,8 Stopps Dynamikbereich<\/li>\n<li>ISO: 100-6400 (Video) \/ 100-25600 (Foto)<\/li>\n<li>Verschlusszeit: 8-1\/8000s<\/li>\n<li>Gewicht: 461g<\/li>\n<\/ul>","protected":false},"featured_media":7917,"template":"","meta":{"_acf_changed":false},"product_brand":[],"product_cat":[315,298,126,97,316],"product_tag":[],"class_list":{"0":"post-7921","1":"product","2":"type-product","3":"status-publish","4":"has-post-thumbnail","6":"product_cat-alle-gimbals-en-cameras","7":"product_cat-alle-industriele-camera","8":"product_cat-alle-payloads","9":"product_cat-alle-producten","10":"product_cat-dji-zenmuse","11":"product_shipping_class-outofstock","12":"pa_brand-dji","13":"pa_productfamily-camera","14":"pa_producttype-camera","15":"pa_series-zenmuse-x5s","17":"first","18":"outofstock","19":"taxable","20":"shipping-taxable","21":"purchasable","22":"product-type-simple"},"acf":[],"yoast_head":"<!-- This site is optimized with the Yoast SEO Premium plugin v27.2 (Yoast SEO v27.2) - https:\/\/yoast.com\/product\/yoast-seo-premium-wordpress\/ -->\n<title>DJI Zenmuse X5S - koningdrone.be<\/title>\n<meta name=\"robots\" content=\"index, follow, max-snippet:-1, max-image-preview:large, max-video-preview:-1\" \/>\n<link rel=\"canonical\" href=\"https:\/\/koningdrone.be\/de\/produkt\/dji-zenmuse-x5s\/\" \/>\n<meta property=\"og:locale\" content=\"de_DE\" \/>\n<meta property=\"og:type\" content=\"article\" \/>\n<meta property=\"og:title\" content=\"DJI Zenmuse X5S\" \/>\n<meta property=\"og:description\" content=\"Micro Four Thirds sensor5.2K 30fps \/ 4K 60fps \/ 4K 30fps video20.8MP foto20fps Continue Burst12.8 stops dynamisch bereikISO: 100-6400 (video) \/ 100-25600 (foto)Sluitertijd: 8-1\/8000sGewicht: 461g\" \/>\n<meta property=\"og:url\" content=\"https:\/\/koningdrone.be\/de\/produkt\/dji-zenmuse-x5s\/\" \/>\n<meta property=\"og:site_name\" content=\"koningdrone.be\" \/>\n<meta property=\"article:modified_time\" content=\"2026-04-29T13:20:52+00:00\" \/>\n<meta property=\"og:image\" content=\"https:\/\/koningdrone.be\/wp-content\/uploads\/sites\/13\/2025\/04\/6958265139161-1-720x660-1.jpg\" \/>\n\t<meta property=\"og:image:width\" content=\"660\" \/>\n\t<meta property=\"og:image:height\" content=\"660\" \/>\n\t<meta property=\"og:image:type\" content=\"image\/jpeg\" \/>\n<meta name=\"twitter:card\" content=\"summary_large_image\" \/>\n<meta name=\"twitter:label1\" content=\"Gesch\u00e4tzte Lesezeit\" \/>\n\t<meta name=\"twitter:data1\" content=\"2\u00a0Minuten\" \/>\n<script type=\"application\/ld+json\" class=\"yoast-schema-graph\">{\"@context\":\"https:\/\/schema.org\",\"@graph\":[{\"@type\":\"WebPage\",\"@id\":\"https:\/\/koningdrone.be\/product\/dji-zenmuse-x5s\/\",\"url\":\"https:\/\/koningdrone.be\/product\/dji-zenmuse-x5s\/\",\"name\":\"DJI Zenmuse X5S - koningdrone.be\",\"isPartOf\":{\"@id\":\"https:\/\/koningdrone.be\/#website\"},\"primaryImageOfPage\":{\"@id\":\"https:\/\/koningdrone.be\/product\/dji-zenmuse-x5s\/#primaryimage\"},\"image\":{\"@id\":\"https:\/\/koningdrone.be\/product\/dji-zenmuse-x5s\/#primaryimage\"},\"thumbnailUrl\":\"https:\/\/koningdrone.be\/wp-content\/uploads\/sites\/13\/2025\/04\/6958265139161-1-720x660-1.jpg\",\"datePublished\":\"2018-06-12T18:53:41+00:00\",\"dateModified\":\"2026-04-29T13:20:52+00:00\",\"breadcrumb\":{\"@id\":\"https:\/\/koningdrone.be\/product\/dji-zenmuse-x5s\/#breadcrumb\"},\"inLanguage\":\"de\",\"potentialAction\":[{\"@type\":\"ReadAction\",\"target\":[\"https:\/\/koningdrone.be\/product\/dji-zenmuse-x5s\/\"]}]},{\"@type\":\"ImageObject\",\"inLanguage\":\"de\",\"@id\":\"https:\/\/koningdrone.be\/product\/dji-zenmuse-x5s\/#primaryimage\",\"url\":\"https:\/\/koningdrone.be\/wp-content\/uploads\/sites\/13\/2025\/04\/6958265139161-1-720x660-1.jpg\",\"contentUrl\":\"https:\/\/koningdrone.be\/wp-content\/uploads\/sites\/13\/2025\/04\/6958265139161-1-720x660-1.jpg\",\"width\":660,\"height\":660},{\"@type\":\"BreadcrumbList\",\"@id\":\"https:\/\/koningdrone.be\/product\/dji-zenmuse-x5s\/#breadcrumb\",\"itemListElement\":[{\"@type\":\"ListItem\",\"position\":1,\"name\":\"Home\",\"item\":\"https:\/\/koningdrone.be\/\"},{\"@type\":\"ListItem\",\"position\":2,\"name\":\"AVSS Parachute Recovery System for DJI Matrice 300\/350\",\"item\":\"https:\/\/koningdrone.be\/product\/avss-parachute-recovery-system-for-dji-matrice-300-350\/\"},{\"@type\":\"ListItem\",\"position\":3,\"name\":\"Alle gimbals en cameras\",\"item\":\"https:\/\/koningdrone.be\/categorie\/alle-gimbals-en-cameras\/\"},{\"@type\":\"ListItem\",\"position\":4,\"name\":\"DJI Zenmuse X5S\"}]},{\"@type\":\"WebSite\",\"@id\":\"https:\/\/koningdrone.be\/#website\",\"url\":\"https:\/\/koningdrone.be\/\",\"name\":\"Koningdrone.be - Uw online specialist in drones, gimbals, camera's en power stations.\",\"description\":\"De webshop in drones en gimbals\",\"publisher\":{\"@id\":\"https:\/\/koningdrone.be\/#organization\"},\"potentialAction\":[{\"@type\":\"SearchAction\",\"target\":{\"@type\":\"EntryPoint\",\"urlTemplate\":\"https:\/\/koningdrone.be\/?s={search_term_string}\"},\"query-input\":{\"@type\":\"PropertyValueSpecification\",\"valueRequired\":true,\"valueName\":\"search_term_string\"}}],\"inLanguage\":\"de\"},{\"@type\":\"Organization\",\"@id\":\"https:\/\/koningdrone.be\/#organization\",\"name\":\"Koningdrone.be\",\"url\":\"https:\/\/koningdrone.be\/\",\"logo\":{\"@type\":\"ImageObject\",\"inLanguage\":\"de\",\"@id\":\"https:\/\/koningdrone.be\/#\/schema\/logo\/image\/\",\"url\":\"https:\/\/koningdrone.be\/wp-content\/uploads\/sites\/13\/2025\/04\/koningdrone-copyright-logo.svg\",\"contentUrl\":\"https:\/\/koningdrone.be\/wp-content\/uploads\/sites\/13\/2025\/04\/koningdrone-copyright-logo.svg\",\"width\":227,\"height\":38,\"caption\":\"Koningdrone.be\"},\"image\":{\"@id\":\"https:\/\/koningdrone.be\/#\/schema\/logo\/image\/\"}}]}<\/script>\n<!-- \/ Yoast SEO Premium plugin. -->","yoast_head_json":{"title":"DJI Zenmuse X5S - koningdrone.be","robots":{"index":"index","follow":"follow","max-snippet":"max-snippet:-1","max-image-preview":"max-image-preview:large","max-video-preview":"max-video-preview:-1"},"canonical":"https:\/\/koningdrone.be\/de\/produkt\/dji-zenmuse-x5s\/","og_locale":"de_DE","og_type":"article","og_title":"DJI Zenmuse X5S","og_description":"Micro Four Thirds sensor5.2K 30fps \/ 4K 60fps \/ 4K 30fps video20.8MP foto20fps Continue Burst12.8 stops dynamisch bereikISO: 100-6400 (video) \/ 100-25600 (foto)Sluitertijd: 8-1\/8000sGewicht: 461g","og_url":"https:\/\/koningdrone.be\/de\/produkt\/dji-zenmuse-x5s\/","og_site_name":"koningdrone.be","article_modified_time":"2026-04-29T13:20:52+00:00","og_image":[{"width":660,"height":660,"url":"https:\/\/koningdrone.be\/wp-content\/uploads\/sites\/13\/2025\/04\/6958265139161-1-720x660-1.jpg","type":"image\/jpeg"}],"twitter_card":"summary_large_image","twitter_misc":{"Gesch\u00e4tzte Lesezeit":"2\u00a0Minuten"},"schema":{"@context":"https:\/\/schema.org","@graph":[{"@type":"WebPage","@id":"https:\/\/koningdrone.be\/product\/dji-zenmuse-x5s\/","url":"https:\/\/koningdrone.be\/product\/dji-zenmuse-x5s\/","name":"DJI Zenmuse X5S - koningdrone.be","isPartOf":{"@id":"https:\/\/koningdrone.be\/#website"},"primaryImageOfPage":{"@id":"https:\/\/koningdrone.be\/product\/dji-zenmuse-x5s\/#primaryimage"},"image":{"@id":"https:\/\/koningdrone.be\/product\/dji-zenmuse-x5s\/#primaryimage"},"thumbnailUrl":"https:\/\/koningdrone.be\/wp-content\/uploads\/sites\/13\/2025\/04\/6958265139161-1-720x660-1.jpg","datePublished":"2018-06-12T18:53:41+00:00","dateModified":"2026-04-29T13:20:52+00:00","breadcrumb":{"@id":"https:\/\/koningdrone.be\/product\/dji-zenmuse-x5s\/#breadcrumb"},"inLanguage":"de","potentialAction":[{"@type":"ReadAction","target":["https:\/\/koningdrone.be\/product\/dji-zenmuse-x5s\/"]}]},{"@type":"ImageObject","inLanguage":"de","@id":"https:\/\/koningdrone.be\/product\/dji-zenmuse-x5s\/#primaryimage","url":"https:\/\/koningdrone.be\/wp-content\/uploads\/sites\/13\/2025\/04\/6958265139161-1-720x660-1.jpg","contentUrl":"https:\/\/koningdrone.be\/wp-content\/uploads\/sites\/13\/2025\/04\/6958265139161-1-720x660-1.jpg","width":660,"height":660},{"@type":"BreadcrumbList","@id":"https:\/\/koningdrone.be\/product\/dji-zenmuse-x5s\/#breadcrumb","itemListElement":[{"@type":"ListItem","position":1,"name":"Home","item":"https:\/\/koningdrone.be\/"},{"@type":"ListItem","position":2,"name":"AVSS Parachute Recovery System for DJI Matrice 300\/350","item":"https:\/\/koningdrone.be\/product\/avss-parachute-recovery-system-for-dji-matrice-300-350\/"},{"@type":"ListItem","position":3,"name":"Alle gimbals en cameras","item":"https:\/\/koningdrone.be\/categorie\/alle-gimbals-en-cameras\/"},{"@type":"ListItem","position":4,"name":"DJI Zenmuse X5S"}]},{"@type":"WebSite","@id":"https:\/\/koningdrone.be\/#website","url":"https:\/\/koningdrone.be\/","name":"Koningdrone.be - Ihr Online-Spezialist f\u00fcr Drohnen, Gimbals, Kameras und Kraftwerke.","description":"Der Webshop f\u00fcr Drohnen und Gimbals","publisher":{"@id":"https:\/\/koningdrone.be\/#organization"},"potentialAction":[{"@type":"SearchAction","target":{"@type":"EntryPoint","urlTemplate":"https:\/\/koningdrone.be\/?s={search_term_string}"},"query-input":{"@type":"PropertyValueSpecification","valueRequired":true,"valueName":"search_term_string"}}],"inLanguage":"de"},{"@type":"Organization","@id":"https:\/\/koningdrone.be\/#organization","name":"Kingdrone.de","url":"https:\/\/koningdrone.be\/","logo":{"@type":"ImageObject","inLanguage":"de","@id":"https:\/\/koningdrone.be\/#\/schema\/logo\/image\/","url":"https:\/\/koningdrone.be\/wp-content\/uploads\/sites\/13\/2025\/04\/koningdrone-copyright-logo.svg","contentUrl":"https:\/\/koningdrone.be\/wp-content\/uploads\/sites\/13\/2025\/04\/koningdrone-copyright-logo.svg","width":227,"height":38,"caption":"Koningdrone.be"},"image":{"@id":"https:\/\/koningdrone.be\/#\/schema\/logo\/image\/"}}]}},"df_price":2199.01,"df_sale_price":"","df_regular_price":2199.01,"df_image_link":"https:\/\/koningdrone.be\/wp-content\/uploads\/sites\/13\/2025\/04\/6958265139161-1-720x660-1-300x300.jpg","_links":{"self":[{"href":"https:\/\/koningdrone.be\/de\/wp-json\/wp\/v2\/product\/7921","targetHints":{"allow":["GET"]}}],"collection":[{"href":"https:\/\/koningdrone.be\/de\/wp-json\/wp\/v2\/product"}],"about":[{"href":"https:\/\/koningdrone.be\/de\/wp-json\/wp\/v2\/types\/product"}],"wp:featuredmedia":[{"embeddable":true,"href":"https:\/\/koningdrone.be\/de\/wp-json\/wp\/v2\/media\/7917"}],"wp:attachment":[{"href":"https:\/\/koningdrone.be\/de\/wp-json\/wp\/v2\/media?parent=7921"}],"wp:term":[{"taxonomy":"product_brand","embeddable":true,"href":"https:\/\/koningdrone.be\/de\/wp-json\/wp\/v2\/product_brand?post=7921"},{"taxonomy":"product_cat","embeddable":true,"href":"https:\/\/koningdrone.be\/de\/wp-json\/wp\/v2\/product_cat?post=7921"},{"taxonomy":"product_tag","embeddable":true,"href":"https:\/\/koningdrone.be\/de\/wp-json\/wp\/v2\/product_tag?post=7921"}],"curies":[{"name":"wp","href":"https:\/\/api.w.org\/{rel}","templated":true}]}}