{"id":7913,"date":"2018-06-12T20:53:54","date_gmt":"2018-06-12T18:53:54","guid":{"rendered":"https:\/\/koningdrone.nl\/kon\/product\/dji-osmo-with-sport-accessory-kit-sport-action-cam\/"},"modified":"2026-04-29T08:20:39","modified_gmt":"2026-04-29T06:20:39","slug":"dji-osmo-with-sport-accessory-kit-sport-action-cam","status":"publish","type":"product","link":"https:\/\/koningdrone.be\/de\/produkt\/dji-osmo-with-sport-accessory-kit-sport-action-cam\/","title":{"rendered":"DJI Osmo Kamera + Sport-Zubeh\u00f6r-Kit"},"content":{"rendered":"<h1>DJI Osmo Sport Zubeh\u00f6r-Kit<\/h1>\n<p>Das DJI Osmo Sport Accessory Kit enth\u00e4lt verschiedene Halterungen und anderes Zubeh\u00f6r, um kreative und actionreiche Aufnahmen mit Ihrer DJI Osmo 4K Handkamera zu machen. In diesem Kit finden Sie den DJI Osmo Extension Stick, Osmo Car Mount, Osmo Tripod, Osmo Bike Mount, Osmo Straight Extension Arm und die Osmo Base.<\/p>\n<p><strong>Fahrradhalterung<\/strong><br \/>Befestige den Osmo am Lenker deines Fahrrads oder Motorrads.<\/p>\n<p><strong>Universal-Halterung<\/strong><br \/>Mit diesem Produkt k\u00f6nnen Sie eine LED-Lampe oder ein Mikrofon an Ihren Osmo anschlie\u00dfen. Sehr praktisch, wenn Sie bei schlechten Lichtverh\u00e4ltnissen filmen m\u00f6chten.<\/p>\n<p><strong>Verl\u00e4ngerungsstab<\/strong><br \/>Der Extension Stick ist ein extralanger Griff und ein verstellbarer Dreifu\u00df in einem.<\/p>\n<p><strong>Autohalterung<\/strong><br \/>Mit ihren starken und sicheren Saugn\u00e4pfen kann die Autohalterung an einem Auto, LKW oder einem anderen Fahrzeug auf einer ebenen Fl\u00e4che befestigt werden.<\/p>\n<p><strong>Gerader Ausleger<\/strong><br \/>Du m\u00f6chtest drei Zubeh\u00f6rteile an deinem Osmo anbringen? Kein Problem! Mit dem geraden Verl\u00e4ngerungsarm kannst du drei zus\u00e4tzliche Zubeh\u00f6rteile an deinem Osmo befestigen.<\/p>\n<p><strong>Stativ<\/strong><br \/>Mit dem Stativ k\u00f6nnen Sie Ihren Osmo auf Oberfl\u00e4chen positionieren, um z. B. sch\u00f6ne Panoramafotos aufzunehmen.<\/p>","protected":false},"excerpt":{"rendered":"<ul>\n<li>Das umfangreichste Zubeh\u00f6rpaket f\u00fcr den DJI Osmo<\/li>\n<li>DJI Osmo Basis<\/li>\n<li>DJI Osmo Gerader Verl\u00e4ngerungsarm<\/li>\n<li>DJI Osmo Fahrradhalterung<\/li>\n<li>DJI Osmo Stativ<\/li>\n<li>DJI Osmo Autohalterung<\/li>\n<li>DJI Osmo Verl\u00e4ngerungsstab<\/li>\n<li>000D_<\/li>\n<li>bsp;<\/li>\n<\/ul>","protected":false},"featured_media":7911,"template":"","meta":{"_acf_changed":false},"product_brand":[],"product_cat":[315,410,97,297],"product_tag":[],"class_list":{"0":"post-7913","1":"product","2":"type-product","3":"status-publish","4":"has-post-thumbnail","6":"product_cat-alle-gimbals-en-cameras","7":"product_cat-alle-handheld-gimbals","8":"product_cat-alle-producten","9":"product_cat-dji-osmo","10":"product_shipping_class-outofstock","11":"pa_brand-dji","12":"pa_productfamily-camera","13":"pa_producttype-camera","14":"pa_series-osmo","16":"first","17":"outofstock","18":"taxable","19":"shipping-taxable","20":"product-type-simple"},"acf":[],"yoast_head":"<!-- This site is optimized with the Yoast SEO Premium plugin v27.2 (Yoast SEO v27.2) - https:\/\/yoast.com\/product\/yoast-seo-premium-wordpress\/ -->\n<title>DJI Osmo Camera + Sport Accessory Kit - koningdrone.be<\/title>\n<meta name=\"robots\" content=\"index, follow, max-snippet:-1, max-image-preview:large, max-video-preview:-1\" \/>\n<link rel=\"canonical\" href=\"https:\/\/koningdrone.be\/de\/produkt\/dji-osmo-with-sport-accessory-kit-sport-action-cam\/\" \/>\n<meta property=\"og:locale\" content=\"de_DE\" \/>\n<meta property=\"og:type\" content=\"article\" \/>\n<meta property=\"og:title\" content=\"DJI Osmo Camera + Sport Accessory Kit\" \/>\n<meta property=\"og:description\" content=\"Het meest complete accessoire pakket voor de DJI OsmoDJI Osmo BaseDJI Osmo Straight Extension ArmDJI Osmo Bike MountDJI Osmo TripodDJI Osmo Car MountDJI Osmo Extension Stick000D_bsp;\" \/>\n<meta property=\"og:url\" content=\"https:\/\/koningdrone.be\/de\/produkt\/dji-osmo-with-sport-accessory-kit-sport-action-cam\/\" \/>\n<meta property=\"og:site_name\" content=\"koningdrone.be\" \/>\n<meta property=\"article:modified_time\" content=\"2026-04-29T06:20:39+00:00\" \/>\n<meta property=\"og:image\" content=\"https:\/\/koningdrone.be\/wp-content\/uploads\/sites\/13\/2025\/04\/6958265122880-1-720x660-1.jpg\" \/>\n\t<meta property=\"og:image:width\" content=\"720\" \/>\n\t<meta property=\"og:image:height\" content=\"480\" \/>\n\t<meta property=\"og:image:type\" content=\"image\/jpeg\" \/>\n<meta name=\"twitter:card\" content=\"summary_large_image\" \/>\n<meta name=\"twitter:label1\" content=\"Gesch\u00e4tzte Lesezeit\" \/>\n\t<meta name=\"twitter:data1\" content=\"1\u00a0Minute\" \/>\n<script type=\"application\/ld+json\" class=\"yoast-schema-graph\">{\"@context\":\"https:\/\/schema.org\",\"@graph\":[{\"@type\":\"WebPage\",\"@id\":\"https:\/\/koningdrone.be\/product\/dji-osmo-with-sport-accessory-kit-sport-action-cam\/\",\"url\":\"https:\/\/koningdrone.be\/product\/dji-osmo-with-sport-accessory-kit-sport-action-cam\/\",\"name\":\"DJI Osmo Camera + Sport Accessory Kit - koningdrone.be\",\"isPartOf\":{\"@id\":\"https:\/\/koningdrone.be\/#website\"},\"primaryImageOfPage\":{\"@id\":\"https:\/\/koningdrone.be\/product\/dji-osmo-with-sport-accessory-kit-sport-action-cam\/#primaryimage\"},\"image\":{\"@id\":\"https:\/\/koningdrone.be\/product\/dji-osmo-with-sport-accessory-kit-sport-action-cam\/#primaryimage\"},\"thumbnailUrl\":\"https:\/\/koningdrone.be\/wp-content\/uploads\/sites\/13\/2025\/04\/6958265122880-1-720x660-1.jpg\",\"datePublished\":\"2018-06-12T18:53:54+00:00\",\"dateModified\":\"2026-04-29T06:20:39+00:00\",\"breadcrumb\":{\"@id\":\"https:\/\/koningdrone.be\/product\/dji-osmo-with-sport-accessory-kit-sport-action-cam\/#breadcrumb\"},\"inLanguage\":\"de\",\"potentialAction\":[{\"@type\":\"ReadAction\",\"target\":[\"https:\/\/koningdrone.be\/product\/dji-osmo-with-sport-accessory-kit-sport-action-cam\/\"]}]},{\"@type\":\"ImageObject\",\"inLanguage\":\"de\",\"@id\":\"https:\/\/koningdrone.be\/product\/dji-osmo-with-sport-accessory-kit-sport-action-cam\/#primaryimage\",\"url\":\"https:\/\/koningdrone.be\/wp-content\/uploads\/sites\/13\/2025\/04\/6958265122880-1-720x660-1.jpg\",\"contentUrl\":\"https:\/\/koningdrone.be\/wp-content\/uploads\/sites\/13\/2025\/04\/6958265122880-1-720x660-1.jpg\",\"width\":720,\"height\":480},{\"@type\":\"BreadcrumbList\",\"@id\":\"https:\/\/koningdrone.be\/product\/dji-osmo-with-sport-accessory-kit-sport-action-cam\/#breadcrumb\",\"itemListElement\":[{\"@type\":\"ListItem\",\"position\":1,\"name\":\"Home\",\"item\":\"https:\/\/koningdrone.be\/\"},{\"@type\":\"ListItem\",\"position\":2,\"name\":\"AVSS Parachute Recovery System for DJI Matrice 300\/350\",\"item\":\"https:\/\/koningdrone.be\/product\/avss-parachute-recovery-system-for-dji-matrice-300-350\/\"},{\"@type\":\"ListItem\",\"position\":3,\"name\":\"Alle gimbals en cameras\",\"item\":\"https:\/\/koningdrone.be\/categorie\/alle-gimbals-en-cameras\/\"},{\"@type\":\"ListItem\",\"position\":4,\"name\":\"DJI Osmo Camera + Sport Accessory Kit\"}]},{\"@type\":\"WebSite\",\"@id\":\"https:\/\/koningdrone.be\/#website\",\"url\":\"https:\/\/koningdrone.be\/\",\"name\":\"Koningdrone.be - Uw online specialist in drones, gimbals, camera's en power stations.\",\"description\":\"De webshop in drones en gimbals\",\"publisher\":{\"@id\":\"https:\/\/koningdrone.be\/#organization\"},\"potentialAction\":[{\"@type\":\"SearchAction\",\"target\":{\"@type\":\"EntryPoint\",\"urlTemplate\":\"https:\/\/koningdrone.be\/?s={search_term_string}\"},\"query-input\":{\"@type\":\"PropertyValueSpecification\",\"valueRequired\":true,\"valueName\":\"search_term_string\"}}],\"inLanguage\":\"de\"},{\"@type\":\"Organization\",\"@id\":\"https:\/\/koningdrone.be\/#organization\",\"name\":\"Koningdrone.be\",\"url\":\"https:\/\/koningdrone.be\/\",\"logo\":{\"@type\":\"ImageObject\",\"inLanguage\":\"de\",\"@id\":\"https:\/\/koningdrone.be\/#\/schema\/logo\/image\/\",\"url\":\"https:\/\/koningdrone.be\/wp-content\/uploads\/sites\/13\/2025\/04\/koningdrone-copyright-logo.svg\",\"contentUrl\":\"https:\/\/koningdrone.be\/wp-content\/uploads\/sites\/13\/2025\/04\/koningdrone-copyright-logo.svg\",\"width\":227,\"height\":38,\"caption\":\"Koningdrone.be\"},\"image\":{\"@id\":\"https:\/\/koningdrone.be\/#\/schema\/logo\/image\/\"}}]}<\/script>\n<!-- \/ Yoast SEO Premium plugin. -->","yoast_head_json":{"title":"DJI Osmo Camera + Sport Accessory Kit - koningdrone.be","robots":{"index":"index","follow":"follow","max-snippet":"max-snippet:-1","max-image-preview":"max-image-preview:large","max-video-preview":"max-video-preview:-1"},"canonical":"https:\/\/koningdrone.be\/de\/produkt\/dji-osmo-with-sport-accessory-kit-sport-action-cam\/","og_locale":"de_DE","og_type":"article","og_title":"DJI Osmo Camera + Sport Accessory Kit","og_description":"Het meest complete accessoire pakket voor de DJI OsmoDJI Osmo BaseDJI Osmo Straight Extension ArmDJI Osmo Bike MountDJI Osmo TripodDJI Osmo Car MountDJI Osmo Extension Stick000D_bsp;","og_url":"https:\/\/koningdrone.be\/de\/produkt\/dji-osmo-with-sport-accessory-kit-sport-action-cam\/","og_site_name":"koningdrone.be","article_modified_time":"2026-04-29T06:20:39+00:00","og_image":[{"width":720,"height":480,"url":"https:\/\/koningdrone.be\/wp-content\/uploads\/sites\/13\/2025\/04\/6958265122880-1-720x660-1.jpg","type":"image\/jpeg"}],"twitter_card":"summary_large_image","twitter_misc":{"Gesch\u00e4tzte Lesezeit":"1\u00a0Minute"},"schema":{"@context":"https:\/\/schema.org","@graph":[{"@type":"WebPage","@id":"https:\/\/koningdrone.be\/product\/dji-osmo-with-sport-accessory-kit-sport-action-cam\/","url":"https:\/\/koningdrone.be\/product\/dji-osmo-with-sport-accessory-kit-sport-action-cam\/","name":"DJI Osmo Camera + Sport Accessory Kit - koningdrone.be","isPartOf":{"@id":"https:\/\/koningdrone.be\/#website"},"primaryImageOfPage":{"@id":"https:\/\/koningdrone.be\/product\/dji-osmo-with-sport-accessory-kit-sport-action-cam\/#primaryimage"},"image":{"@id":"https:\/\/koningdrone.be\/product\/dji-osmo-with-sport-accessory-kit-sport-action-cam\/#primaryimage"},"thumbnailUrl":"https:\/\/koningdrone.be\/wp-content\/uploads\/sites\/13\/2025\/04\/6958265122880-1-720x660-1.jpg","datePublished":"2018-06-12T18:53:54+00:00","dateModified":"2026-04-29T06:20:39+00:00","breadcrumb":{"@id":"https:\/\/koningdrone.be\/product\/dji-osmo-with-sport-accessory-kit-sport-action-cam\/#breadcrumb"},"inLanguage":"de","potentialAction":[{"@type":"ReadAction","target":["https:\/\/koningdrone.be\/product\/dji-osmo-with-sport-accessory-kit-sport-action-cam\/"]}]},{"@type":"ImageObject","inLanguage":"de","@id":"https:\/\/koningdrone.be\/product\/dji-osmo-with-sport-accessory-kit-sport-action-cam\/#primaryimage","url":"https:\/\/koningdrone.be\/wp-content\/uploads\/sites\/13\/2025\/04\/6958265122880-1-720x660-1.jpg","contentUrl":"https:\/\/koningdrone.be\/wp-content\/uploads\/sites\/13\/2025\/04\/6958265122880-1-720x660-1.jpg","width":720,"height":480},{"@type":"BreadcrumbList","@id":"https:\/\/koningdrone.be\/product\/dji-osmo-with-sport-accessory-kit-sport-action-cam\/#breadcrumb","itemListElement":[{"@type":"ListItem","position":1,"name":"Home","item":"https:\/\/koningdrone.be\/"},{"@type":"ListItem","position":2,"name":"AVSS Parachute Recovery System for DJI Matrice 300\/350","item":"https:\/\/koningdrone.be\/product\/avss-parachute-recovery-system-for-dji-matrice-300-350\/"},{"@type":"ListItem","position":3,"name":"Alle gimbals en cameras","item":"https:\/\/koningdrone.be\/categorie\/alle-gimbals-en-cameras\/"},{"@type":"ListItem","position":4,"name":"DJI Osmo Camera + Sport Accessory Kit"}]},{"@type":"WebSite","@id":"https:\/\/koningdrone.be\/#website","url":"https:\/\/koningdrone.be\/","name":"Koningdrone.be - Ihr Online-Spezialist f\u00fcr Drohnen, Gimbals, Kameras und Kraftwerke.","description":"Der Webshop f\u00fcr Drohnen und Gimbals","publisher":{"@id":"https:\/\/koningdrone.be\/#organization"},"potentialAction":[{"@type":"SearchAction","target":{"@type":"EntryPoint","urlTemplate":"https:\/\/koningdrone.be\/?s={search_term_string}"},"query-input":{"@type":"PropertyValueSpecification","valueRequired":true,"valueName":"search_term_string"}}],"inLanguage":"de"},{"@type":"Organization","@id":"https:\/\/koningdrone.be\/#organization","name":"Kingdrone.de","url":"https:\/\/koningdrone.be\/","logo":{"@type":"ImageObject","inLanguage":"de","@id":"https:\/\/koningdrone.be\/#\/schema\/logo\/image\/","url":"https:\/\/koningdrone.be\/wp-content\/uploads\/sites\/13\/2025\/04\/koningdrone-copyright-logo.svg","contentUrl":"https:\/\/koningdrone.be\/wp-content\/uploads\/sites\/13\/2025\/04\/koningdrone-copyright-logo.svg","width":227,"height":38,"caption":"Koningdrone.be"},"image":{"@id":"https:\/\/koningdrone.be\/#\/schema\/logo\/image\/"}}]}},"df_price":"","df_sale_price":"","df_regular_price":"","df_image_link":"https:\/\/koningdrone.be\/wp-content\/uploads\/sites\/13\/2025\/04\/6958265122880-1-720x660-1-300x200.jpg","_links":{"self":[{"href":"https:\/\/koningdrone.be\/de\/wp-json\/wp\/v2\/product\/7913","targetHints":{"allow":["GET"]}}],"collection":[{"href":"https:\/\/koningdrone.be\/de\/wp-json\/wp\/v2\/product"}],"about":[{"href":"https:\/\/koningdrone.be\/de\/wp-json\/wp\/v2\/types\/product"}],"wp:featuredmedia":[{"embeddable":true,"href":"https:\/\/koningdrone.be\/de\/wp-json\/wp\/v2\/media\/7911"}],"wp:attachment":[{"href":"https:\/\/koningdrone.be\/de\/wp-json\/wp\/v2\/media?parent=7913"}],"wp:term":[{"taxonomy":"product_brand","embeddable":true,"href":"https:\/\/koningdrone.be\/de\/wp-json\/wp\/v2\/product_brand?post=7913"},{"taxonomy":"product_cat","embeddable":true,"href":"https:\/\/koningdrone.be\/de\/wp-json\/wp\/v2\/product_cat?post=7913"},{"taxonomy":"product_tag","embeddable":true,"href":"https:\/\/koningdrone.be\/de\/wp-json\/wp\/v2\/product_tag?post=7913"}],"curies":[{"name":"wp","href":"https:\/\/api.w.org\/{rel}","templated":true}]}}