{"id":7897,"date":"2018-06-12T20:53:59","date_gmt":"2018-06-12T18:53:59","guid":{"rendered":"https:\/\/koningdrone.nl\/kon\/product\/dji-zenmuse-x7-lens-16-mm-f-2-8-dl-part-1-dji-zenmuse\/"},"modified":"2026-04-29T08:40:39","modified_gmt":"2026-04-29T06:40:39","slug":"dji-zenmuse-x7-lens-16-mm-f-2-8-dl-part-1-dji-zenmuse","status":"publish","type":"product","link":"https:\/\/koningdrone.be\/de\/produkt\/dji-zenmuse-x7-lens-16-mm-f-2-8-dl-part-1-dji-zenmuse\/","title":{"rendered":"DJI Zenmuse X7 Objektiv 16 mm F\/2.8 DL Teil 1"},"content":{"rendered":"<h1>DJI Zenmuse X7 DL 16mm F2.8 LS ASPH Objektiv<\/h1>\n<p>Die Zenmuse X7 ist eine kompakte Super 35-Kamera mit integrierter kardanischer Aufh\u00e4ngung f\u00fcr High-End-Filmproduktionen, die eine atemberaubende Aufl\u00f6sung und Bildqualit\u00e4t erfordern. Ihre Kompatibilit\u00e4t mit dem Inspire 2 bietet das Beste an professioneller Luftbild-Kinematografie.<\/p>\n<p>Ein 24-MP-CMOS-Sensor mit einem Dynamikbereich von 14 Blendenstufen sorgt f\u00fcr erstaunliche Detailtreue und bietet sowohl 6K CinemaDNG als auch<br \/>5.2K Apple ProRes mit Unterst\u00fctzung f\u00fcr kontinuierliche RAW-Burst-Aufnahmen mit 20 fps und 24 MP-Fotos.<\/p>\n<p>Mit der X7 wird auch der DL-Mount eingef\u00fchrt, die weltweit erste integrierte Antennenhalterung, die den Wechsel zwischen vier verf\u00fcgbaren Objektiven erm\u00f6glicht<br \/>Objektive schnell. F\u00fcr eine nahtlose Bearbeitung bewahrt das neue DJI Cinema Colour System pr\u00e4zise Farben f\u00fcr eine einfachere Nachbearbeitung.<br \/>Mit diesen neuesten Innovationen k\u00f6nnen Filmemacher neue H\u00f6hen erreichen und mit der DJI Zenmuse X7 Szenen so aufnehmen, wie sie es sich vorstellen.<\/p>\n<p><strong>Entwickelt f\u00fcr Spitzenleistungen<\/strong><br \/>Die X7 verwendet einen Super-35-Sensor und seine hohe Auslesegeschwindigkeit unterst\u00fctzt die RAW-Ausgabe mit 6K \/ 30 fps und 3,9K \/ 59,94 fps. Die Pixelgr\u00f6\u00dfe erreicht 3,91 \u03bcm und die diagonale L\u00e4nge des Sensors betr\u00e4gt 26,6 mm w\u00e4hrend der Aufnahme. Ein Sensor dieser Gr\u00f6\u00dfe bietet eine h\u00f6here Lichtempfindlichkeit und einen Dynamikbereich von 14 Stopps - viel mehr als die 12,8 Stopps der Zenmuse X5S.<br \/>Dar\u00fcber hinaus ist der SNR des X7 mit 46 dB um 8 dB h\u00f6her als der des X5S und sein Tonwertumfang betr\u00e4gt bis zu 9,41 Bit. All diese Funktionen bieten unbegrenzte kreative M\u00f6glichkeiten f\u00fcr einen besseren Workflow in den anspruchsvollsten Situationen am Set.<\/p>\n<p><strong>Apple ProRes RAW<\/strong><br \/>DJI hat von Apple die Zulassung f\u00fcr das neueste Apple ProRes RAW erhalten. Auf dem Inspire 2 montiert, kann die Zenmuse X7 6K 14-bit Apple ProRes RAW Videos mit 23.976 fps aufnehmen. *<\/p>\n<p><strong>Mehr kreative Flexibilit\u00e4t<\/strong><br \/>Um das volle Potenzial der X7 auszusch\u00f6pfen, wurde das CineCore-Bildverarbeitungssystem der Inspire 2 vollst\u00e4ndig auf CineCore 2.1 aufger\u00fcstet.<br \/>Sie kann 6K \/ 30fps CinemaDNG und 5.2K \/ 30fps aufnehmen.<br \/>Apple ProRes, was mehr kreative M\u00f6glichkeiten in der Postproduktion er\u00f6ffnet.<br \/>In CineCore 2.1 ist ein brandneuer EI-Modus integriert, mit dem hochwertige Bilder bei unterschiedlichen Empfindlichkeitsstufen aufgenommen werden k\u00f6nnen. Dar\u00fcber hinaus reduziert das aktualisierte Bildverarbeitungssystem Bilder und Rauschen weiter und bewahrt mehr Details, w\u00e4hrend ein verbessertes Dunkelheitskorrektursystem f\u00fcr Filmbilder auf Profi-Niveau verwendet wird.<br \/>Neben einer verbesserten Bildverarbeitungsleistung bietet CineCore 2.1 auch ein neues Farbsystem, das professionellen Filmemachern mehr kreative Flexibilit\u00e4t in der Postproduktion bietet.<\/p>","protected":false},"excerpt":{"rendered":"<ul>\n<li>Blende: F2.8<\/li>\n<li>Brennweite: 16mm<\/li>\n<li>DL-Objektiv<\/li>\n<li>Kompatibel mit Zenmuse X7 und DJI Inspire 2<\/li>\n<li>Gewicht: ca. 180g<\/li>\n<li>Mit Zentralverschluss (Leaf Shutter)<\/li>\n<li>Hergestellt aus Kohlefaser<\/li>\n<\/ul>","protected":false},"featured_media":7895,"template":"","meta":{"_acf_changed":false},"product_brand":[],"product_cat":[315,298,126,97,316,1381],"product_tag":[],"class_list":{"0":"post-7897","1":"product","2":"type-product","3":"status-publish","4":"has-post-thumbnail","6":"product_cat-alle-gimbals-en-cameras","7":"product_cat-alle-industriele-camera","8":"product_cat-alle-payloads","9":"product_cat-alle-producten","10":"product_cat-dji-zenmuse","11":"product_cat-dji-zenmuse-x7","12":"product_shipping_class-outofstock","13":"pa_brand-dji","14":"pa_productfamily-camera-lens","15":"pa_producttype-camera-lens","16":"pa_series-zenmuse-x7","18":"first","19":"outofstock","20":"taxable","21":"shipping-taxable","22":"product-type-simple"},"acf":[],"yoast_head":"<!-- This site is optimized with the Yoast SEO Premium plugin v27.2 (Yoast SEO v27.2) - https:\/\/yoast.com\/product\/yoast-seo-premium-wordpress\/ -->\n<title>DJI Zenmuse X7 Lens 16 mm F\/2.8 DL Part 1 - koningdrone.be<\/title>\n<meta name=\"robots\" content=\"index, follow, max-snippet:-1, max-image-preview:large, max-video-preview:-1\" \/>\n<link rel=\"canonical\" href=\"https:\/\/koningdrone.be\/de\/produkt\/dji-zenmuse-x7-lens-16-mm-f-2-8-dl-part-1-dji-zenmuse\/\" \/>\n<meta property=\"og:locale\" content=\"de_DE\" \/>\n<meta property=\"og:type\" content=\"article\" \/>\n<meta property=\"og:title\" content=\"DJI Zenmuse X7 Lens 16 mm F\/2.8 DL Part 1\" \/>\n<meta property=\"og:description\" content=\"Diafragma: F2.8Brandpuntsafstand: 16mmDL LensCompatibel met Zenmuse X7 en DJI Inspire 2Gewicht: ong. 180gMet centraalsluiter (Leaf shutter)Gemaakt van Carbon Fiber\" \/>\n<meta property=\"og:url\" content=\"https:\/\/koningdrone.be\/de\/produkt\/dji-zenmuse-x7-lens-16-mm-f-2-8-dl-part-1-dji-zenmuse\/\" \/>\n<meta property=\"og:site_name\" content=\"koningdrone.be\" \/>\n<meta property=\"article:modified_time\" content=\"2026-04-29T06:40:39+00:00\" \/>\n<meta property=\"og:image\" content=\"https:\/\/koningdrone.be\/wp-content\/uploads\/sites\/13\/2025\/04\/6958265154737-2-720x660-1.jpg\" \/>\n\t<meta property=\"og:image:width\" content=\"660\" \/>\n\t<meta property=\"og:image:height\" content=\"660\" \/>\n\t<meta property=\"og:image:type\" content=\"image\/jpeg\" \/>\n<meta name=\"twitter:card\" content=\"summary_large_image\" \/>\n<meta name=\"twitter:label1\" content=\"Gesch\u00e4tzte Lesezeit\" \/>\n\t<meta name=\"twitter:data1\" content=\"2\u00a0Minuten\" \/>\n<script type=\"application\/ld+json\" class=\"yoast-schema-graph\">{\"@context\":\"https:\/\/schema.org\",\"@graph\":[{\"@type\":\"WebPage\",\"@id\":\"https:\/\/koningdrone.be\/product\/dji-zenmuse-x7-lens-16-mm-f-2-8-dl-part-1-dji-zenmuse\/\",\"url\":\"https:\/\/koningdrone.be\/product\/dji-zenmuse-x7-lens-16-mm-f-2-8-dl-part-1-dji-zenmuse\/\",\"name\":\"DJI Zenmuse X7 Lens 16 mm F\/2.8 DL Part 1 - koningdrone.be\",\"isPartOf\":{\"@id\":\"https:\/\/koningdrone.be\/#website\"},\"primaryImageOfPage\":{\"@id\":\"https:\/\/koningdrone.be\/product\/dji-zenmuse-x7-lens-16-mm-f-2-8-dl-part-1-dji-zenmuse\/#primaryimage\"},\"image\":{\"@id\":\"https:\/\/koningdrone.be\/product\/dji-zenmuse-x7-lens-16-mm-f-2-8-dl-part-1-dji-zenmuse\/#primaryimage\"},\"thumbnailUrl\":\"https:\/\/koningdrone.be\/wp-content\/uploads\/sites\/13\/2025\/04\/6958265154737-2-720x660-1.jpg\",\"datePublished\":\"2018-06-12T18:53:59+00:00\",\"dateModified\":\"2026-04-29T06:40:39+00:00\",\"breadcrumb\":{\"@id\":\"https:\/\/koningdrone.be\/product\/dji-zenmuse-x7-lens-16-mm-f-2-8-dl-part-1-dji-zenmuse\/#breadcrumb\"},\"inLanguage\":\"de\",\"potentialAction\":[{\"@type\":\"ReadAction\",\"target\":[\"https:\/\/koningdrone.be\/product\/dji-zenmuse-x7-lens-16-mm-f-2-8-dl-part-1-dji-zenmuse\/\"]}]},{\"@type\":\"ImageObject\",\"inLanguage\":\"de\",\"@id\":\"https:\/\/koningdrone.be\/product\/dji-zenmuse-x7-lens-16-mm-f-2-8-dl-part-1-dji-zenmuse\/#primaryimage\",\"url\":\"https:\/\/koningdrone.be\/wp-content\/uploads\/sites\/13\/2025\/04\/6958265154737-2-720x660-1.jpg\",\"contentUrl\":\"https:\/\/koningdrone.be\/wp-content\/uploads\/sites\/13\/2025\/04\/6958265154737-2-720x660-1.jpg\",\"width\":660,\"height\":660},{\"@type\":\"BreadcrumbList\",\"@id\":\"https:\/\/koningdrone.be\/product\/dji-zenmuse-x7-lens-16-mm-f-2-8-dl-part-1-dji-zenmuse\/#breadcrumb\",\"itemListElement\":[{\"@type\":\"ListItem\",\"position\":1,\"name\":\"Home\",\"item\":\"https:\/\/koningdrone.be\/\"},{\"@type\":\"ListItem\",\"position\":2,\"name\":\"AVSS Parachute Recovery System for DJI Matrice 300\/350\",\"item\":\"https:\/\/koningdrone.be\/product\/avss-parachute-recovery-system-for-dji-matrice-300-350\/\"},{\"@type\":\"ListItem\",\"position\":3,\"name\":\"Alle gimbals en cameras\",\"item\":\"https:\/\/koningdrone.be\/categorie\/alle-gimbals-en-cameras\/\"},{\"@type\":\"ListItem\",\"position\":4,\"name\":\"DJI Zenmuse X7 Lens 16 mm F\/2.8 DL Part 1\"}]},{\"@type\":\"WebSite\",\"@id\":\"https:\/\/koningdrone.be\/#website\",\"url\":\"https:\/\/koningdrone.be\/\",\"name\":\"Koningdrone.be - Uw online specialist in drones, gimbals, camera's en power stations.\",\"description\":\"De webshop in drones en gimbals\",\"publisher\":{\"@id\":\"https:\/\/koningdrone.be\/#organization\"},\"potentialAction\":[{\"@type\":\"SearchAction\",\"target\":{\"@type\":\"EntryPoint\",\"urlTemplate\":\"https:\/\/koningdrone.be\/?s={search_term_string}\"},\"query-input\":{\"@type\":\"PropertyValueSpecification\",\"valueRequired\":true,\"valueName\":\"search_term_string\"}}],\"inLanguage\":\"de\"},{\"@type\":\"Organization\",\"@id\":\"https:\/\/koningdrone.be\/#organization\",\"name\":\"Koningdrone.be\",\"url\":\"https:\/\/koningdrone.be\/\",\"logo\":{\"@type\":\"ImageObject\",\"inLanguage\":\"de\",\"@id\":\"https:\/\/koningdrone.be\/#\/schema\/logo\/image\/\",\"url\":\"https:\/\/koningdrone.be\/wp-content\/uploads\/sites\/13\/2025\/04\/koningdrone-copyright-logo.svg\",\"contentUrl\":\"https:\/\/koningdrone.be\/wp-content\/uploads\/sites\/13\/2025\/04\/koningdrone-copyright-logo.svg\",\"width\":227,\"height\":38,\"caption\":\"Koningdrone.be\"},\"image\":{\"@id\":\"https:\/\/koningdrone.be\/#\/schema\/logo\/image\/\"}}]}<\/script>\n<!-- \/ Yoast SEO Premium plugin. -->","yoast_head_json":{"title":"DJI Zenmuse X7 Lens 16 mm F\/2.8 DL Part 1 - koningdrone.be","robots":{"index":"index","follow":"follow","max-snippet":"max-snippet:-1","max-image-preview":"max-image-preview:large","max-video-preview":"max-video-preview:-1"},"canonical":"https:\/\/koningdrone.be\/de\/produkt\/dji-zenmuse-x7-lens-16-mm-f-2-8-dl-part-1-dji-zenmuse\/","og_locale":"de_DE","og_type":"article","og_title":"DJI Zenmuse X7 Lens 16 mm F\/2.8 DL Part 1","og_description":"Diafragma: F2.8Brandpuntsafstand: 16mmDL LensCompatibel met Zenmuse X7 en DJI Inspire 2Gewicht: ong. 180gMet centraalsluiter (Leaf shutter)Gemaakt van Carbon Fiber","og_url":"https:\/\/koningdrone.be\/de\/produkt\/dji-zenmuse-x7-lens-16-mm-f-2-8-dl-part-1-dji-zenmuse\/","og_site_name":"koningdrone.be","article_modified_time":"2026-04-29T06:40:39+00:00","og_image":[{"width":660,"height":660,"url":"https:\/\/koningdrone.be\/wp-content\/uploads\/sites\/13\/2025\/04\/6958265154737-2-720x660-1.jpg","type":"image\/jpeg"}],"twitter_card":"summary_large_image","twitter_misc":{"Gesch\u00e4tzte Lesezeit":"2\u00a0Minuten"},"schema":{"@context":"https:\/\/schema.org","@graph":[{"@type":"WebPage","@id":"https:\/\/koningdrone.be\/product\/dji-zenmuse-x7-lens-16-mm-f-2-8-dl-part-1-dji-zenmuse\/","url":"https:\/\/koningdrone.be\/product\/dji-zenmuse-x7-lens-16-mm-f-2-8-dl-part-1-dji-zenmuse\/","name":"DJI Zenmuse X7 Lens 16 mm F\/2.8 DL Part 1 - koningdrone.be","isPartOf":{"@id":"https:\/\/koningdrone.be\/#website"},"primaryImageOfPage":{"@id":"https:\/\/koningdrone.be\/product\/dji-zenmuse-x7-lens-16-mm-f-2-8-dl-part-1-dji-zenmuse\/#primaryimage"},"image":{"@id":"https:\/\/koningdrone.be\/product\/dji-zenmuse-x7-lens-16-mm-f-2-8-dl-part-1-dji-zenmuse\/#primaryimage"},"thumbnailUrl":"https:\/\/koningdrone.be\/wp-content\/uploads\/sites\/13\/2025\/04\/6958265154737-2-720x660-1.jpg","datePublished":"2018-06-12T18:53:59+00:00","dateModified":"2026-04-29T06:40:39+00:00","breadcrumb":{"@id":"https:\/\/koningdrone.be\/product\/dji-zenmuse-x7-lens-16-mm-f-2-8-dl-part-1-dji-zenmuse\/#breadcrumb"},"inLanguage":"de","potentialAction":[{"@type":"ReadAction","target":["https:\/\/koningdrone.be\/product\/dji-zenmuse-x7-lens-16-mm-f-2-8-dl-part-1-dji-zenmuse\/"]}]},{"@type":"ImageObject","inLanguage":"de","@id":"https:\/\/koningdrone.be\/product\/dji-zenmuse-x7-lens-16-mm-f-2-8-dl-part-1-dji-zenmuse\/#primaryimage","url":"https:\/\/koningdrone.be\/wp-content\/uploads\/sites\/13\/2025\/04\/6958265154737-2-720x660-1.jpg","contentUrl":"https:\/\/koningdrone.be\/wp-content\/uploads\/sites\/13\/2025\/04\/6958265154737-2-720x660-1.jpg","width":660,"height":660},{"@type":"BreadcrumbList","@id":"https:\/\/koningdrone.be\/product\/dji-zenmuse-x7-lens-16-mm-f-2-8-dl-part-1-dji-zenmuse\/#breadcrumb","itemListElement":[{"@type":"ListItem","position":1,"name":"Home","item":"https:\/\/koningdrone.be\/"},{"@type":"ListItem","position":2,"name":"AVSS Parachute Recovery System for DJI Matrice 300\/350","item":"https:\/\/koningdrone.be\/product\/avss-parachute-recovery-system-for-dji-matrice-300-350\/"},{"@type":"ListItem","position":3,"name":"Alle gimbals en cameras","item":"https:\/\/koningdrone.be\/categorie\/alle-gimbals-en-cameras\/"},{"@type":"ListItem","position":4,"name":"DJI Zenmuse X7 Lens 16 mm F\/2.8 DL Part 1"}]},{"@type":"WebSite","@id":"https:\/\/koningdrone.be\/#website","url":"https:\/\/koningdrone.be\/","name":"Koningdrone.be - Ihr Online-Spezialist f\u00fcr Drohnen, Gimbals, Kameras und Kraftwerke.","description":"Der Webshop f\u00fcr Drohnen und Gimbals","publisher":{"@id":"https:\/\/koningdrone.be\/#organization"},"potentialAction":[{"@type":"SearchAction","target":{"@type":"EntryPoint","urlTemplate":"https:\/\/koningdrone.be\/?s={search_term_string}"},"query-input":{"@type":"PropertyValueSpecification","valueRequired":true,"valueName":"search_term_string"}}],"inLanguage":"de"},{"@type":"Organization","@id":"https:\/\/koningdrone.be\/#organization","name":"Kingdrone.de","url":"https:\/\/koningdrone.be\/","logo":{"@type":"ImageObject","inLanguage":"de","@id":"https:\/\/koningdrone.be\/#\/schema\/logo\/image\/","url":"https:\/\/koningdrone.be\/wp-content\/uploads\/sites\/13\/2025\/04\/koningdrone-copyright-logo.svg","contentUrl":"https:\/\/koningdrone.be\/wp-content\/uploads\/sites\/13\/2025\/04\/koningdrone-copyright-logo.svg","width":227,"height":38,"caption":"Koningdrone.be"},"image":{"@id":"https:\/\/koningdrone.be\/#\/schema\/logo\/image\/"}}]}},"df_price":"","df_sale_price":"","df_regular_price":"","df_image_link":"https:\/\/koningdrone.be\/wp-content\/uploads\/sites\/13\/2025\/04\/6958265154737-2-720x660-1-300x300.jpg","_links":{"self":[{"href":"https:\/\/koningdrone.be\/de\/wp-json\/wp\/v2\/product\/7897","targetHints":{"allow":["GET"]}}],"collection":[{"href":"https:\/\/koningdrone.be\/de\/wp-json\/wp\/v2\/product"}],"about":[{"href":"https:\/\/koningdrone.be\/de\/wp-json\/wp\/v2\/types\/product"}],"wp:featuredmedia":[{"embeddable":true,"href":"https:\/\/koningdrone.be\/de\/wp-json\/wp\/v2\/media\/7895"}],"wp:attachment":[{"href":"https:\/\/koningdrone.be\/de\/wp-json\/wp\/v2\/media?parent=7897"}],"wp:term":[{"taxonomy":"product_brand","embeddable":true,"href":"https:\/\/koningdrone.be\/de\/wp-json\/wp\/v2\/product_brand?post=7897"},{"taxonomy":"product_cat","embeddable":true,"href":"https:\/\/koningdrone.be\/de\/wp-json\/wp\/v2\/product_cat?post=7897"},{"taxonomy":"product_tag","embeddable":true,"href":"https:\/\/koningdrone.be\/de\/wp-json\/wp\/v2\/product_tag?post=7897"}],"curies":[{"name":"wp","href":"https:\/\/api.w.org\/{rel}","templated":true}]}}