{"id":7824,"date":"2018-06-12T20:55:01","date_gmt":"2018-06-12T18:55:01","guid":{"rendered":"https:\/\/koningdrone.nl\/kon\/product\/zenmuse-z3\/"},"modified":"2026-04-29T08:40:09","modified_gmt":"2026-04-29T06:40:09","slug":"zenmuse-z3","status":"publish","type":"product","link":"https:\/\/koningdrone.be\/de\/produkt\/zenmuse-z3\/","title":{"rendered":"DJI Zenmuse Z3"},"content":{"rendered":"<h1>DJI Zenmuse Z3<\/h1>\n<p>Der Zenmuse Z3 Gimbal und die Kamera haben ein 3,5 optisches Zoomobjektiv und ein 2fach digitales Zoomobjektiv, der Typ 1 \/ 2,3 CMOS-Sensor unterst\u00fctzt 4K-Videoaufnahmen und 12 Megapixel-Fotos<br \/>Der Zenmuse Z3 kann auf eine DJI-Drohne* montiert werden und Live-HD-Videos an die DJI GO-App \u00fcbertragen.<\/p>\n<p>* Unterst\u00fctzt derzeit die Inspire 1-Serie, Inspire 1 v2.0, Matrice 100 und Matrice 600.<\/p>\n<p>Zoomen und mehr sehen<br \/>Die DJI Zenmuse Z3 ist eine Kamera mit integriertem Zoomobjektiv, die auf der Zenmuse X3 von DJI basiert und f\u00fcr die Fotografie optimiert wurde. Ein 7-fach-Zoomobjektiv, bestehend aus einem 3,5-fachen optischen und einem 2-fachen digitalen verlustfreien Zoomobjektiv, erm\u00f6glicht einen Brennweitenbereich von 22 mm bis 77 mm und ist damit ideal f\u00fcr industrielle Anwendungen.<\/p>\n<p>Zoom-Anzeige in Echtzeit<br \/>Bei Aufnahmen mit der h\u00f6chstm\u00f6glichen Aufl\u00f6sung, also 4K-Videos oder 12-Megapixel-Fotos, kann der optische Zoom verwendet werden und das gezoomte Bild ist sofort im DJI GO Livefeed sichtbar. Bei der Aufnahme von Fotos mit 1080p erm\u00f6glicht die verlustfreie Zoomfunktion die Nutzung des vollen 7-fachen Zoomobjektivs ohne Einbu\u00dfen bei der Full-HD-Bildqualit\u00e4t.<\/p>\n<p>Verbesserte Stabilit\u00e4t<br \/>Wenn eine Kamera herangezoomt wird, werden die kleinsten Bewegungen vergr\u00f6\u00dfert. Das Hinzuf\u00fcgen einer zus\u00e4tzlichen Steuerungsebene f\u00fcr den Giermotor hat zu einer feineren und kontrollierteren Bewegung gef\u00fchrt.<\/p>\n<p>Hohe Bildqualit\u00e4t<br \/>Mit dem gleichen hochentwickelten Sony 1 \/ 2,3-Zoll-Sensor wie in der DJI Inspire 1 2.0 und DJI Phantom 4 ist die Bildqualit\u00e4t branchenf\u00fchrend. Standbilder k\u00f6nnen mit einer Aufl\u00f6sung von 12 Megapixeln aufgenommen werden, w\u00e4hrend die Unterst\u00fctzung von Adobe DNG RAW eine fortschrittliche Bildverarbeitung erm\u00f6glicht. Videos k\u00f6nnen mit bis zu 30 Bildern pro Sekunde in gestochen scharfem 4K aufgezeichnet werden.<\/p>\n<p>Anwendungen<br \/>Die M\u00f6glichkeit, aus der Luft heranzuzoomen, er\u00f6ffnet viele neue M\u00f6glichkeiten zur Rationalisierung und Verbesserung der industriellen und kommerziellen Nutzung von Drohnen, von der Inspektion von Stromleitungen bis hin zu Such- und Rettungseins\u00e4tzen. Au\u00dferdem bietet sie Luftbildfotografen mehr Kontrolle \u00fcber die Bildgestaltung.<\/p>","protected":false},"excerpt":{"rendered":"<ul>\n<li>Filmen in 4K und Fotografieren mit 12 Megapixeln<\/li>\n<li>3,5-facher optischer und 2-facher digitaler Zoom<\/li>\n<li>Sony EXMOR 1\/2,3\u2033 CMOS-Sensor<\/li>\n<li>Drei-Achsen-Gimbal mit einer Steuergenauigkeit von +\/- 0,02 Grad<\/li>\n<li>Vollst\u00e4ndiger 360-Grad-Schwenk<\/li>\n<li>Neigung von +30 bis -90 Grad<\/li>\n<\/ul>","protected":false},"featured_media":7818,"template":"","meta":{"_acf_changed":false},"product_brand":[],"product_cat":[315,298,126,97,316],"product_tag":[],"class_list":{"0":"post-7824","1":"product","2":"type-product","3":"status-publish","4":"has-post-thumbnail","6":"product_cat-alle-gimbals-en-cameras","7":"product_cat-alle-industriele-camera","8":"product_cat-alle-payloads","9":"product_cat-alle-producten","10":"product_cat-dji-zenmuse","11":"product_shipping_class-outofstock","12":"pa_brand-dji","13":"pa_productfamily-camera","14":"pa_producttype-camera","15":"pa_series-zenmuse-z3","17":"first","18":"outofstock","19":"taxable","20":"shipping-taxable","21":"product-type-simple"},"acf":[],"yoast_head":"<!-- This site is optimized with the Yoast SEO Premium plugin v27.2 (Yoast SEO v27.2) - https:\/\/yoast.com\/product\/yoast-seo-premium-wordpress\/ -->\n<title>DJI Zenmuse Z3 - koningdrone.be<\/title>\n<meta name=\"robots\" content=\"index, follow, max-snippet:-1, max-image-preview:large, max-video-preview:-1\" \/>\n<link rel=\"canonical\" href=\"https:\/\/koningdrone.be\/de\/produkt\/zenmuse-z3\/\" \/>\n<meta property=\"og:locale\" content=\"de_DE\" \/>\n<meta property=\"og:type\" content=\"article\" \/>\n<meta property=\"og:title\" content=\"DJI Zenmuse Z3\" \/>\n<meta property=\"og:description\" content=\"Film in 4K en maak 12 megapixel foto&#039;s3.5 keer optische en 2 keer digitale zoomSony EXMOR 1\/2.3&quot; CMOS-sensorDrie-assige gimbal met een controlenauwkeurigheid van +\/- 0.02 gradenVolledig 360 graden pannenTilt van +30 tot -90 graden\" \/>\n<meta property=\"og:url\" content=\"https:\/\/koningdrone.be\/de\/produkt\/zenmuse-z3\/\" \/>\n<meta property=\"og:site_name\" content=\"koningdrone.be\" \/>\n<meta property=\"article:modified_time\" content=\"2026-04-29T06:40:09+00:00\" \/>\n<meta property=\"og:image\" content=\"https:\/\/koningdrone.be\/wp-content\/uploads\/sites\/13\/2025\/04\/6958265127663-1-720x660-1.jpg\" \/>\n\t<meta property=\"og:image:width\" content=\"660\" \/>\n\t<meta property=\"og:image:height\" content=\"660\" \/>\n\t<meta property=\"og:image:type\" content=\"image\/jpeg\" \/>\n<meta name=\"twitter:card\" content=\"summary_large_image\" \/>\n<meta name=\"twitter:label1\" content=\"Gesch\u00e4tzte Lesezeit\" \/>\n\t<meta name=\"twitter:data1\" content=\"1\u00a0Minute\" \/>\n<script type=\"application\/ld+json\" class=\"yoast-schema-graph\">{\"@context\":\"https:\/\/schema.org\",\"@graph\":[{\"@type\":\"WebPage\",\"@id\":\"https:\/\/koningdrone.be\/product\/zenmuse-z3\/\",\"url\":\"https:\/\/koningdrone.be\/product\/zenmuse-z3\/\",\"name\":\"DJI Zenmuse Z3 - koningdrone.be\",\"isPartOf\":{\"@id\":\"https:\/\/koningdrone.be\/#website\"},\"primaryImageOfPage\":{\"@id\":\"https:\/\/koningdrone.be\/product\/zenmuse-z3\/#primaryimage\"},\"image\":{\"@id\":\"https:\/\/koningdrone.be\/product\/zenmuse-z3\/#primaryimage\"},\"thumbnailUrl\":\"https:\/\/koningdrone.be\/wp-content\/uploads\/sites\/13\/2025\/04\/6958265127663-1-720x660-1.jpg\",\"datePublished\":\"2018-06-12T18:55:01+00:00\",\"dateModified\":\"2026-04-29T06:40:09+00:00\",\"breadcrumb\":{\"@id\":\"https:\/\/koningdrone.be\/product\/zenmuse-z3\/#breadcrumb\"},\"inLanguage\":\"de\",\"potentialAction\":[{\"@type\":\"ReadAction\",\"target\":[\"https:\/\/koningdrone.be\/product\/zenmuse-z3\/\"]}]},{\"@type\":\"ImageObject\",\"inLanguage\":\"de\",\"@id\":\"https:\/\/koningdrone.be\/product\/zenmuse-z3\/#primaryimage\",\"url\":\"https:\/\/koningdrone.be\/wp-content\/uploads\/sites\/13\/2025\/04\/6958265127663-1-720x660-1.jpg\",\"contentUrl\":\"https:\/\/koningdrone.be\/wp-content\/uploads\/sites\/13\/2025\/04\/6958265127663-1-720x660-1.jpg\",\"width\":660,\"height\":660},{\"@type\":\"BreadcrumbList\",\"@id\":\"https:\/\/koningdrone.be\/product\/zenmuse-z3\/#breadcrumb\",\"itemListElement\":[{\"@type\":\"ListItem\",\"position\":1,\"name\":\"Home\",\"item\":\"https:\/\/koningdrone.be\/\"},{\"@type\":\"ListItem\",\"position\":2,\"name\":\"AVSS Parachute Recovery System for DJI Matrice 300\/350\",\"item\":\"https:\/\/koningdrone.be\/product\/avss-parachute-recovery-system-for-dji-matrice-300-350\/\"},{\"@type\":\"ListItem\",\"position\":3,\"name\":\"Alle gimbals en cameras\",\"item\":\"https:\/\/koningdrone.be\/categorie\/alle-gimbals-en-cameras\/\"},{\"@type\":\"ListItem\",\"position\":4,\"name\":\"DJI Zenmuse Z3\"}]},{\"@type\":\"WebSite\",\"@id\":\"https:\/\/koningdrone.be\/#website\",\"url\":\"https:\/\/koningdrone.be\/\",\"name\":\"Koningdrone.be - Uw online specialist in drones, gimbals, camera's en power stations.\",\"description\":\"De webshop in drones en gimbals\",\"publisher\":{\"@id\":\"https:\/\/koningdrone.be\/#organization\"},\"potentialAction\":[{\"@type\":\"SearchAction\",\"target\":{\"@type\":\"EntryPoint\",\"urlTemplate\":\"https:\/\/koningdrone.be\/?s={search_term_string}\"},\"query-input\":{\"@type\":\"PropertyValueSpecification\",\"valueRequired\":true,\"valueName\":\"search_term_string\"}}],\"inLanguage\":\"de\"},{\"@type\":\"Organization\",\"@id\":\"https:\/\/koningdrone.be\/#organization\",\"name\":\"Koningdrone.be\",\"url\":\"https:\/\/koningdrone.be\/\",\"logo\":{\"@type\":\"ImageObject\",\"inLanguage\":\"de\",\"@id\":\"https:\/\/koningdrone.be\/#\/schema\/logo\/image\/\",\"url\":\"https:\/\/koningdrone.be\/wp-content\/uploads\/sites\/13\/2025\/04\/koningdrone-copyright-logo.svg\",\"contentUrl\":\"https:\/\/koningdrone.be\/wp-content\/uploads\/sites\/13\/2025\/04\/koningdrone-copyright-logo.svg\",\"width\":227,\"height\":38,\"caption\":\"Koningdrone.be\"},\"image\":{\"@id\":\"https:\/\/koningdrone.be\/#\/schema\/logo\/image\/\"}}]}<\/script>\n<!-- \/ Yoast SEO Premium plugin. -->","yoast_head_json":{"title":"DJI Zenmuse Z3 - koningdrone.be","robots":{"index":"index","follow":"follow","max-snippet":"max-snippet:-1","max-image-preview":"max-image-preview:large","max-video-preview":"max-video-preview:-1"},"canonical":"https:\/\/koningdrone.be\/de\/produkt\/zenmuse-z3\/","og_locale":"de_DE","og_type":"article","og_title":"DJI Zenmuse Z3","og_description":"Film in 4K en maak 12 megapixel foto's3.5 keer optische en 2 keer digitale zoomSony EXMOR 1\/2.3\" CMOS-sensorDrie-assige gimbal met een controlenauwkeurigheid van +\/- 0.02 gradenVolledig 360 graden pannenTilt van +30 tot -90 graden","og_url":"https:\/\/koningdrone.be\/de\/produkt\/zenmuse-z3\/","og_site_name":"koningdrone.be","article_modified_time":"2026-04-29T06:40:09+00:00","og_image":[{"width":660,"height":660,"url":"https:\/\/koningdrone.be\/wp-content\/uploads\/sites\/13\/2025\/04\/6958265127663-1-720x660-1.jpg","type":"image\/jpeg"}],"twitter_card":"summary_large_image","twitter_misc":{"Gesch\u00e4tzte Lesezeit":"1\u00a0Minute"},"schema":{"@context":"https:\/\/schema.org","@graph":[{"@type":"WebPage","@id":"https:\/\/koningdrone.be\/product\/zenmuse-z3\/","url":"https:\/\/koningdrone.be\/product\/zenmuse-z3\/","name":"DJI Zenmuse Z3 - koningdrone.be","isPartOf":{"@id":"https:\/\/koningdrone.be\/#website"},"primaryImageOfPage":{"@id":"https:\/\/koningdrone.be\/product\/zenmuse-z3\/#primaryimage"},"image":{"@id":"https:\/\/koningdrone.be\/product\/zenmuse-z3\/#primaryimage"},"thumbnailUrl":"https:\/\/koningdrone.be\/wp-content\/uploads\/sites\/13\/2025\/04\/6958265127663-1-720x660-1.jpg","datePublished":"2018-06-12T18:55:01+00:00","dateModified":"2026-04-29T06:40:09+00:00","breadcrumb":{"@id":"https:\/\/koningdrone.be\/product\/zenmuse-z3\/#breadcrumb"},"inLanguage":"de","potentialAction":[{"@type":"ReadAction","target":["https:\/\/koningdrone.be\/product\/zenmuse-z3\/"]}]},{"@type":"ImageObject","inLanguage":"de","@id":"https:\/\/koningdrone.be\/product\/zenmuse-z3\/#primaryimage","url":"https:\/\/koningdrone.be\/wp-content\/uploads\/sites\/13\/2025\/04\/6958265127663-1-720x660-1.jpg","contentUrl":"https:\/\/koningdrone.be\/wp-content\/uploads\/sites\/13\/2025\/04\/6958265127663-1-720x660-1.jpg","width":660,"height":660},{"@type":"BreadcrumbList","@id":"https:\/\/koningdrone.be\/product\/zenmuse-z3\/#breadcrumb","itemListElement":[{"@type":"ListItem","position":1,"name":"Home","item":"https:\/\/koningdrone.be\/"},{"@type":"ListItem","position":2,"name":"AVSS Parachute Recovery System for DJI Matrice 300\/350","item":"https:\/\/koningdrone.be\/product\/avss-parachute-recovery-system-for-dji-matrice-300-350\/"},{"@type":"ListItem","position":3,"name":"Alle gimbals en cameras","item":"https:\/\/koningdrone.be\/categorie\/alle-gimbals-en-cameras\/"},{"@type":"ListItem","position":4,"name":"DJI Zenmuse Z3"}]},{"@type":"WebSite","@id":"https:\/\/koningdrone.be\/#website","url":"https:\/\/koningdrone.be\/","name":"Koningdrone.be - Ihr Online-Spezialist f\u00fcr Drohnen, Gimbals, Kameras und Kraftwerke.","description":"Der Webshop f\u00fcr Drohnen und Gimbals","publisher":{"@id":"https:\/\/koningdrone.be\/#organization"},"potentialAction":[{"@type":"SearchAction","target":{"@type":"EntryPoint","urlTemplate":"https:\/\/koningdrone.be\/?s={search_term_string}"},"query-input":{"@type":"PropertyValueSpecification","valueRequired":true,"valueName":"search_term_string"}}],"inLanguage":"de"},{"@type":"Organization","@id":"https:\/\/koningdrone.be\/#organization","name":"Kingdrone.de","url":"https:\/\/koningdrone.be\/","logo":{"@type":"ImageObject","inLanguage":"de","@id":"https:\/\/koningdrone.be\/#\/schema\/logo\/image\/","url":"https:\/\/koningdrone.be\/wp-content\/uploads\/sites\/13\/2025\/04\/koningdrone-copyright-logo.svg","contentUrl":"https:\/\/koningdrone.be\/wp-content\/uploads\/sites\/13\/2025\/04\/koningdrone-copyright-logo.svg","width":227,"height":38,"caption":"Koningdrone.be"},"image":{"@id":"https:\/\/koningdrone.be\/#\/schema\/logo\/image\/"}}]}},"df_price":"","df_sale_price":"","df_regular_price":"","df_image_link":"https:\/\/koningdrone.be\/wp-content\/uploads\/sites\/13\/2025\/04\/6958265127663-1-720x660-1-300x300.jpg","_links":{"self":[{"href":"https:\/\/koningdrone.be\/de\/wp-json\/wp\/v2\/product\/7824","targetHints":{"allow":["GET"]}}],"collection":[{"href":"https:\/\/koningdrone.be\/de\/wp-json\/wp\/v2\/product"}],"about":[{"href":"https:\/\/koningdrone.be\/de\/wp-json\/wp\/v2\/types\/product"}],"wp:featuredmedia":[{"embeddable":true,"href":"https:\/\/koningdrone.be\/de\/wp-json\/wp\/v2\/media\/7818"}],"wp:attachment":[{"href":"https:\/\/koningdrone.be\/de\/wp-json\/wp\/v2\/media?parent=7824"}],"wp:term":[{"taxonomy":"product_brand","embeddable":true,"href":"https:\/\/koningdrone.be\/de\/wp-json\/wp\/v2\/product_brand?post=7824"},{"taxonomy":"product_cat","embeddable":true,"href":"https:\/\/koningdrone.be\/de\/wp-json\/wp\/v2\/product_cat?post=7824"},{"taxonomy":"product_tag","embeddable":true,"href":"https:\/\/koningdrone.be\/de\/wp-json\/wp\/v2\/product_tag?post=7824"}],"curies":[{"name":"wp","href":"https:\/\/api.w.org\/{rel}","templated":true}]}}