{"id":7813,"date":"2018-06-12T20:55:17","date_gmt":"2018-06-12T18:55:17","guid":{"rendered":"https:\/\/koningdrone.nl\/kon\/product\/dji-focus-remote-controller\/"},"modified":"2026-04-29T08:40:04","modified_gmt":"2026-04-29T06:40:04","slug":"dji-focus-remote-controller","status":"publish","type":"product","link":"https:\/\/koningdrone.be\/de\/produkt\/dji-focus-remote-controller\/","title":{"rendered":"DJI Focus Fernsteuerung"},"content":{"rendered":"<h1>DJI Focus Fernsteuerung<\/h1>\n<p>Der DJI Focus Remote Controller, die Fernsteuerung f\u00fcr den DJI Focus. Hinweis: ohne Motor.<br \/>Einstellbare Endpunkte<br \/>W\u00e4hrend Kinoobjektive \u00fcber eingebaute Blenden verf\u00fcgen, ist dies bei Fotoobjektiven nicht der Fall. Bei der Fokussierung k\u00f6nnen Sie das Objektiv auf die Endpunkte jedes beliebigen Objektivs einstellen, das Sie verwenden m\u00f6chten. Da der Motor mit einem Encoder arbeitet, wei\u00df der eingebaute Prozessor genau, in welcher Position sich der Motor befindet. So k\u00f6nnen Sie die Einstellung in Sekundenschnelle vornehmen, indem Sie das Objektiv selbst auf unendlich drehen und markieren und dies dann am anderen Ende wiederholen.<br \/>Zenmuse X5 \/ X5R Steuerung<br \/>Mit einem separat erh\u00e4ltlichen Kabel kann die DJI Focus Handeinheit mit einem Inspire Sender verbunden werden. Mit dieser Verbindung k\u00f6nnen Objektivfokus und Blende direkt in Echtzeit mit dem Focus gesteuert werden.<br \/>Geringe Latenzzeit<br \/>Am Boden sendet die Fernbedienung \u00fcber Entfernungen von bis zu 100 Metern mit nur 14 ms Verz\u00f6gerung im freien Raum.<br \/>Einstellbare Radspannung<br \/>Das bereits taktile Fokusrad ist einstellbar, um auf Ihre Bed\u00fcrfnisse zu reagieren. Drehen Sie den Drehknopf einfach so lange, bis er so steif oder locker ist, wie es sich f\u00fcr Ihre Hand gut anf\u00fchlt.<br \/>Auswechselbarer Markierungsring<br \/>Ein wei\u00dfer Markierungsring um die Fokussierscheibe ist auswechselbar und kann f\u00fcr verschiedene Objektive oder Projekte mit Abdeckband oder Wachsstift markiert werden. Eine Lampe hinter dem Ring beleuchtet ihn von hinten, so dass die Markierungen auch auf einem dunklen Set sichtbar sind.<br \/>Die kundenorientierte<br \/>\u00dcber ein OLED-Men\u00fc auf der Fernbedienung k\u00f6nnen Sie den Fokus f\u00fcr sich selbst feineinstellen. Sie k\u00f6nnen sogar mehrere Fokuspunkte und die Geschwindigkeit, mit der die Kamera zwischen ihnen hin- und herf\u00e4hrt, einstellen, um komplexe Bewegungen einfach und wiederholbar zu machen.<br \/>Montage der Rosette<br \/>Schlie\u00dfen Sie weiteres Zubeh\u00f6r an die Focus-Fernbedienung an oder verbinden Sie sie mit anderen Teilen Ihrer Ausr\u00fcstung. Dank der eingebauten Rosettenhalterung kann sie \u00fcberall dort sicher platziert werden, wo Sie sie haben m\u00f6chten.<br \/>Wiederaufladbare Batterie<br \/>Der mitgelieferte Lithium-Ionen-Akku kann den Focus w\u00e4hrend einer Aufnahme mit Strom versorgen und l\u00e4sst sich in Sekundenschnelle auswechseln, wenn er leer ist. Sie k\u00f6nnen ihn im Studio oder sogar unterwegs \u00fcber den USB-Ladeanschluss mit einem Netzteil aufladen.<\/p>","protected":false},"excerpt":{"rendered":"<ul>\n<li>Steuert den Zenmuse X5 Gimbal \/ Kamera<\/li>\n<li>CAN-Bus-Kommunikationsanschluss<\/li>\n<li>Micro-USB-Ladeanschluss<\/li>\n<li>2,415 bis 2,473 GHz Frequenz<\/li>\n<\/ul>","protected":false},"featured_media":7810,"template":"","meta":{"_acf_changed":false},"product_brand":[],"product_cat":[122,97,640,265],"product_tag":[],"class_list":{"0":"post-7813","1":"product","2":"type-product","3":"status-publish","4":"has-post-thumbnail","6":"product_cat-alle-afstandsbedieningen","7":"product_cat-alle-producten","8":"product_cat-dji-focus","9":"product_cat-dji-ronin","10":"product_shipping_class-outofstock","11":"pa_brand-dji","12":"pa_productfamily-afstandsbediening","13":"pa_producttype-afstandsbediening","14":"pa_series-focus","16":"first","17":"outofstock","18":"taxable","19":"shipping-taxable","20":"product-type-simple"},"acf":[],"yoast_head":"<!-- This site is optimized with the Yoast SEO Premium plugin v27.2 (Yoast SEO v27.2) - https:\/\/yoast.com\/product\/yoast-seo-premium-wordpress\/ -->\n<title>DJI Focus Remote Controller - koningdrone.be<\/title>\n<meta name=\"robots\" content=\"index, follow, max-snippet:-1, max-image-preview:large, max-video-preview:-1\" \/>\n<link rel=\"canonical\" href=\"https:\/\/koningdrone.be\/de\/produkt\/dji-focus-remote-controller\/\" \/>\n<meta property=\"og:locale\" content=\"de_DE\" \/>\n<meta property=\"og:type\" content=\"article\" \/>\n<meta property=\"og:title\" content=\"DJI Focus Remote Controller\" \/>\n<meta property=\"og:description\" content=\"Regelt de Zenmuse X5 Gimbal \/ CameraCAN-bus communicatiepoortMicro-USB oplaadpoort2,415 tot 2,473 GHz-frequentie\" \/>\n<meta property=\"og:url\" content=\"https:\/\/koningdrone.be\/de\/produkt\/dji-focus-remote-controller\/\" \/>\n<meta property=\"og:site_name\" content=\"koningdrone.be\" \/>\n<meta property=\"article:modified_time\" content=\"2026-04-29T06:40:04+00:00\" \/>\n<meta property=\"og:image\" content=\"https:\/\/koningdrone.be\/wp-content\/uploads\/sites\/13\/2025\/04\/6958265104558-1-720x660-1.jpg\" \/>\n\t<meta property=\"og:image:width\" content=\"660\" \/>\n\t<meta property=\"og:image:height\" content=\"660\" \/>\n\t<meta property=\"og:image:type\" content=\"image\/jpeg\" \/>\n<meta name=\"twitter:card\" content=\"summary_large_image\" \/>\n<meta name=\"twitter:label1\" content=\"Gesch\u00e4tzte Lesezeit\" \/>\n\t<meta name=\"twitter:data1\" content=\"2\u00a0Minuten\" \/>\n<script type=\"application\/ld+json\" class=\"yoast-schema-graph\">{\"@context\":\"https:\/\/schema.org\",\"@graph\":[{\"@type\":\"WebPage\",\"@id\":\"https:\/\/koningdrone.be\/product\/dji-focus-remote-controller\/\",\"url\":\"https:\/\/koningdrone.be\/product\/dji-focus-remote-controller\/\",\"name\":\"DJI Focus Remote Controller - koningdrone.be\",\"isPartOf\":{\"@id\":\"https:\/\/koningdrone.be\/#website\"},\"primaryImageOfPage\":{\"@id\":\"https:\/\/koningdrone.be\/product\/dji-focus-remote-controller\/#primaryimage\"},\"image\":{\"@id\":\"https:\/\/koningdrone.be\/product\/dji-focus-remote-controller\/#primaryimage\"},\"thumbnailUrl\":\"https:\/\/koningdrone.be\/wp-content\/uploads\/sites\/13\/2025\/04\/6958265104558-1-720x660-1.jpg\",\"datePublished\":\"2018-06-12T18:55:17+00:00\",\"dateModified\":\"2026-04-29T06:40:04+00:00\",\"breadcrumb\":{\"@id\":\"https:\/\/koningdrone.be\/product\/dji-focus-remote-controller\/#breadcrumb\"},\"inLanguage\":\"de\",\"potentialAction\":[{\"@type\":\"ReadAction\",\"target\":[\"https:\/\/koningdrone.be\/product\/dji-focus-remote-controller\/\"]}]},{\"@type\":\"ImageObject\",\"inLanguage\":\"de\",\"@id\":\"https:\/\/koningdrone.be\/product\/dji-focus-remote-controller\/#primaryimage\",\"url\":\"https:\/\/koningdrone.be\/wp-content\/uploads\/sites\/13\/2025\/04\/6958265104558-1-720x660-1.jpg\",\"contentUrl\":\"https:\/\/koningdrone.be\/wp-content\/uploads\/sites\/13\/2025\/04\/6958265104558-1-720x660-1.jpg\",\"width\":660,\"height\":660},{\"@type\":\"BreadcrumbList\",\"@id\":\"https:\/\/koningdrone.be\/product\/dji-focus-remote-controller\/#breadcrumb\",\"itemListElement\":[{\"@type\":\"ListItem\",\"position\":1,\"name\":\"Home\",\"item\":\"https:\/\/koningdrone.be\/\"},{\"@type\":\"ListItem\",\"position\":2,\"name\":\"AVSS Parachute Recovery System for DJI Matrice 300\/350\",\"item\":\"https:\/\/koningdrone.be\/product\/avss-parachute-recovery-system-for-dji-matrice-300-350\/\"},{\"@type\":\"ListItem\",\"position\":3,\"name\":\"Alle afstandsbedieningen\",\"item\":\"https:\/\/koningdrone.be\/categorie\/alle-afstandsbedieningen\/\"},{\"@type\":\"ListItem\",\"position\":4,\"name\":\"DJI Focus Remote Controller\"}]},{\"@type\":\"WebSite\",\"@id\":\"https:\/\/koningdrone.be\/#website\",\"url\":\"https:\/\/koningdrone.be\/\",\"name\":\"Koningdrone.be - Uw online specialist in drones, gimbals, camera's en power stations.\",\"description\":\"De webshop in drones en gimbals\",\"publisher\":{\"@id\":\"https:\/\/koningdrone.be\/#organization\"},\"potentialAction\":[{\"@type\":\"SearchAction\",\"target\":{\"@type\":\"EntryPoint\",\"urlTemplate\":\"https:\/\/koningdrone.be\/?s={search_term_string}\"},\"query-input\":{\"@type\":\"PropertyValueSpecification\",\"valueRequired\":true,\"valueName\":\"search_term_string\"}}],\"inLanguage\":\"de\"},{\"@type\":\"Organization\",\"@id\":\"https:\/\/koningdrone.be\/#organization\",\"name\":\"Koningdrone.be\",\"url\":\"https:\/\/koningdrone.be\/\",\"logo\":{\"@type\":\"ImageObject\",\"inLanguage\":\"de\",\"@id\":\"https:\/\/koningdrone.be\/#\/schema\/logo\/image\/\",\"url\":\"https:\/\/koningdrone.be\/wp-content\/uploads\/sites\/13\/2025\/04\/koningdrone-copyright-logo.svg\",\"contentUrl\":\"https:\/\/koningdrone.be\/wp-content\/uploads\/sites\/13\/2025\/04\/koningdrone-copyright-logo.svg\",\"width\":227,\"height\":38,\"caption\":\"Koningdrone.be\"},\"image\":{\"@id\":\"https:\/\/koningdrone.be\/#\/schema\/logo\/image\/\"}}]}<\/script>\n<!-- \/ Yoast SEO Premium plugin. -->","yoast_head_json":{"title":"DJI Focus Remote Controller - koningdrone.be","robots":{"index":"index","follow":"follow","max-snippet":"max-snippet:-1","max-image-preview":"max-image-preview:large","max-video-preview":"max-video-preview:-1"},"canonical":"https:\/\/koningdrone.be\/de\/produkt\/dji-focus-remote-controller\/","og_locale":"de_DE","og_type":"article","og_title":"DJI Focus Remote Controller","og_description":"Regelt de Zenmuse X5 Gimbal \/ CameraCAN-bus communicatiepoortMicro-USB oplaadpoort2,415 tot 2,473 GHz-frequentie","og_url":"https:\/\/koningdrone.be\/de\/produkt\/dji-focus-remote-controller\/","og_site_name":"koningdrone.be","article_modified_time":"2026-04-29T06:40:04+00:00","og_image":[{"width":660,"height":660,"url":"https:\/\/koningdrone.be\/wp-content\/uploads\/sites\/13\/2025\/04\/6958265104558-1-720x660-1.jpg","type":"image\/jpeg"}],"twitter_card":"summary_large_image","twitter_misc":{"Gesch\u00e4tzte Lesezeit":"2\u00a0Minuten"},"schema":{"@context":"https:\/\/schema.org","@graph":[{"@type":"WebPage","@id":"https:\/\/koningdrone.be\/product\/dji-focus-remote-controller\/","url":"https:\/\/koningdrone.be\/product\/dji-focus-remote-controller\/","name":"DJI Focus Remote Controller - koningdrone.be","isPartOf":{"@id":"https:\/\/koningdrone.be\/#website"},"primaryImageOfPage":{"@id":"https:\/\/koningdrone.be\/product\/dji-focus-remote-controller\/#primaryimage"},"image":{"@id":"https:\/\/koningdrone.be\/product\/dji-focus-remote-controller\/#primaryimage"},"thumbnailUrl":"https:\/\/koningdrone.be\/wp-content\/uploads\/sites\/13\/2025\/04\/6958265104558-1-720x660-1.jpg","datePublished":"2018-06-12T18:55:17+00:00","dateModified":"2026-04-29T06:40:04+00:00","breadcrumb":{"@id":"https:\/\/koningdrone.be\/product\/dji-focus-remote-controller\/#breadcrumb"},"inLanguage":"de","potentialAction":[{"@type":"ReadAction","target":["https:\/\/koningdrone.be\/product\/dji-focus-remote-controller\/"]}]},{"@type":"ImageObject","inLanguage":"de","@id":"https:\/\/koningdrone.be\/product\/dji-focus-remote-controller\/#primaryimage","url":"https:\/\/koningdrone.be\/wp-content\/uploads\/sites\/13\/2025\/04\/6958265104558-1-720x660-1.jpg","contentUrl":"https:\/\/koningdrone.be\/wp-content\/uploads\/sites\/13\/2025\/04\/6958265104558-1-720x660-1.jpg","width":660,"height":660},{"@type":"BreadcrumbList","@id":"https:\/\/koningdrone.be\/product\/dji-focus-remote-controller\/#breadcrumb","itemListElement":[{"@type":"ListItem","position":1,"name":"Home","item":"https:\/\/koningdrone.be\/"},{"@type":"ListItem","position":2,"name":"AVSS Parachute Recovery System for DJI Matrice 300\/350","item":"https:\/\/koningdrone.be\/product\/avss-parachute-recovery-system-for-dji-matrice-300-350\/"},{"@type":"ListItem","position":3,"name":"Alle afstandsbedieningen","item":"https:\/\/koningdrone.be\/categorie\/alle-afstandsbedieningen\/"},{"@type":"ListItem","position":4,"name":"DJI Focus Remote Controller"}]},{"@type":"WebSite","@id":"https:\/\/koningdrone.be\/#website","url":"https:\/\/koningdrone.be\/","name":"Koningdrone.be - Ihr Online-Spezialist f\u00fcr Drohnen, Gimbals, Kameras und Kraftwerke.","description":"Der Webshop f\u00fcr Drohnen und Gimbals","publisher":{"@id":"https:\/\/koningdrone.be\/#organization"},"potentialAction":[{"@type":"SearchAction","target":{"@type":"EntryPoint","urlTemplate":"https:\/\/koningdrone.be\/?s={search_term_string}"},"query-input":{"@type":"PropertyValueSpecification","valueRequired":true,"valueName":"search_term_string"}}],"inLanguage":"de"},{"@type":"Organization","@id":"https:\/\/koningdrone.be\/#organization","name":"Kingdrone.de","url":"https:\/\/koningdrone.be\/","logo":{"@type":"ImageObject","inLanguage":"de","@id":"https:\/\/koningdrone.be\/#\/schema\/logo\/image\/","url":"https:\/\/koningdrone.be\/wp-content\/uploads\/sites\/13\/2025\/04\/koningdrone-copyright-logo.svg","contentUrl":"https:\/\/koningdrone.be\/wp-content\/uploads\/sites\/13\/2025\/04\/koningdrone-copyright-logo.svg","width":227,"height":38,"caption":"Koningdrone.be"},"image":{"@id":"https:\/\/koningdrone.be\/#\/schema\/logo\/image\/"}}]}},"df_price":"","df_sale_price":"","df_regular_price":"","df_image_link":"https:\/\/koningdrone.be\/wp-content\/uploads\/sites\/13\/2025\/04\/6958265104558-1-720x660-1-300x300.jpg","_links":{"self":[{"href":"https:\/\/koningdrone.be\/de\/wp-json\/wp\/v2\/product\/7813","targetHints":{"allow":["GET"]}}],"collection":[{"href":"https:\/\/koningdrone.be\/de\/wp-json\/wp\/v2\/product"}],"about":[{"href":"https:\/\/koningdrone.be\/de\/wp-json\/wp\/v2\/types\/product"}],"wp:featuredmedia":[{"embeddable":true,"href":"https:\/\/koningdrone.be\/de\/wp-json\/wp\/v2\/media\/7810"}],"wp:attachment":[{"href":"https:\/\/koningdrone.be\/de\/wp-json\/wp\/v2\/media?parent=7813"}],"wp:term":[{"taxonomy":"product_brand","embeddable":true,"href":"https:\/\/koningdrone.be\/de\/wp-json\/wp\/v2\/product_brand?post=7813"},{"taxonomy":"product_cat","embeddable":true,"href":"https:\/\/koningdrone.be\/de\/wp-json\/wp\/v2\/product_cat?post=7813"},{"taxonomy":"product_tag","embeddable":true,"href":"https:\/\/koningdrone.be\/de\/wp-json\/wp\/v2\/product_tag?post=7813"}],"curies":[{"name":"wp","href":"https:\/\/api.w.org\/{rel}","templated":true}]}}