{"id":7805,"date":"2018-08-12T08:58:19","date_gmt":"2018-08-12T06:58:19","guid":{"rendered":"https:\/\/koningdrone.nl\/kon\/product\/dji-zenmuse-x5r\/"},"modified":"2026-04-29T08:20:40","modified_gmt":"2026-04-29T06:20:40","slug":"dji-zenmuse-x5r","status":"publish","type":"product","link":"https:\/\/koningdrone.be\/de\/produkt\/dji-zenmuse-x5r\/","title":{"rendered":"DJI Zenmuse X5R"},"content":{"rendered":"<h1>DJI Zenmuse X5R<\/h1>\n<p>Die Zenmuse X5R ist die weltweit erste Micro Four Thirds-Luftbildkamera, die 4K-Videos in RAW aufzeichnen kann. Mit einer Bildrate von bis zu 30 fps und einer durchschnittlichen Bitrate von 1,7 Gbit\/s erm\u00f6glicht die X5R immer wieder atemberaubende Bilder auf professionellem Niveau. Ausgestattet mit einem leistungsstarken MFT-Sensor nimmt die Kamera auch 16-MP-Fotos mit atemberaubenden Details auf, w\u00e4hrend die integrierte 3-Achsen-Stabilisierungshalterung die Kamera in der Waage h\u00e4lt. Endlich eine Luftbildkamera, die wirklich f\u00fcr Profis geeignet ist.<\/p>\n<p><strong>F\u00fcr die Luft gemacht<\/strong><br \/>Um das erste vollst\u00e4ndig integrierte, professionelle Luftbildsystem zu schaffen, wurde der Zenmuse X5R von Anfang an so konzipiert, dass er perfekt mit dem Inspire 1, dem fortschrittlichsten Quadcopter von DJI, kompatibel ist. Mit 360-Grad-Kameraf\u00fchrung und Dual-Controller-Unterst\u00fctzung ist der Inspire 1 die beliebteste flugfertige Plattform f\u00fcr Enthusiasten und Profis auf der ganzen Welt. Mit einer einfachen Installationsprozedur k\u00f6nnen Sie jetzt die Kamera Ihres Inspire 1 auf dem Zenmuse X5R aufr\u00fcsten und so seine Bildgebungsf\u00e4higkeiten erheblich verbessern, w\u00e4hrend seine Benutzerfreundlichkeit und Zuverl\u00e4ssigkeit erhalten bleiben.<\/p>\n<p><strong>Brachiale Gewalt<\/strong><br \/>Mit der Zenmuse X5R hat DJI zum ersten Mal die Leistung von RAW in eine spezielle Luftbildkamera gebracht. Sie ist in der Lage, 4K-Videos (3840 x 2160) in<br \/>Mit der Zenmuse X5R k\u00f6nnen Sie jedes Video im RAW-Format mit bis zu 30 Bildern pro Sekunde aufnehmen, wobei alle Originaldaten erhalten bleiben.<br \/>Einzelbild in der Nachbearbeitung als RAW-Datei. Kombiniert mit einer maximalen Bitrate von unglaublichen 2,4 Gbit\/s werden die von der Zenmuse X5R aufgenommenen 4K-Videos Sie verbl\u00fcffen<br \/>mit einer Detailgenauigkeit und Klarheit, die von keiner anderen Luftbildkamera erreicht wird.<\/p>\n<p><strong>Stabilisierung der n\u00e4chsten Stufe<\/strong><br \/>Der perfekt in die Kamera integrierte 3-Achsen-Gimbal nutzt die branchenf\u00fchrende Stabilisierungstechnologie von DJI, um Ihre Kamera im Flug automatisch zu stabilisieren. Dieser Gimbal kommuniziert kontinuierlich mit dem Flugger\u00e4t, w\u00e4hrend Sie fliegen, und leistungsstarke b\u00fcrstenlose Motoren reagieren sofort auf jede kleine Bewegung, um die Kamera auch bei Langzeitbelichtungen oder Zeitrafferaufnahmen in der Waage zu halten. Konzentrieren Sie sich also auf das, was Sie aufnehmen m\u00f6chten, in der Gewissheit, dass die resultierenden Bilder stabil und einsatzbereit sind.<\/p>\n<p>Als weltweit erste Micro Four Thirds-Kamera, die speziell f\u00fcr die professionelle Luftbildfotografie und Videografie entwickelt wurde, gibt Ihnen die Zenmuse X5R die Freiheit der Wahl. Ihr Objektiv Durch die Verwendung des Standard-MFT-Anschlusses ist die Zenmuse X5R gut positioniert, um die Vorteile neuer Produkte und Innovationen der gro\u00dfen Objektivhersteller zu nutzen.<\/p>\n<p>Eine Reihe von Objektiven ist derzeit mit der Zenmuse X5R kompatibel. Mit den unterschiedlichen Spezifikationen, aber mit der gleichen Premium-Qualit\u00e4t, bieten Ihnen diese drei Objektive gro\u00dfe Flexibilit\u00e4t.<\/p>","protected":false},"excerpt":{"rendered":"<ul>\n<li>Fotos mit 16 Megapixeln<\/li>\n<li>Maximale Fotoaufl\u00f6sung von 4608 x 3456 Pixel<\/li>\n<li>Ultra HD 4096\u00d72160 (24 und 25p) - 3840\u00d72160 (25 und 30p)<\/li>\n<li>Full HD 1920\u00d71080 (24, 25, 30, 48, 50 und 60p)<\/li>\n<li>ISO-Bereich von 100 - 25600<\/li>\n<li>Verschlusszeit einstellbar von 8s bis 1\/8000s<\/li>\n<li>Maximale Video-Bitrate von 2,4 Gbit\/s (durchschnittlich 1,7 Gbit\/s)<\/li>\n<li>Einzel- und Serienaufnahmen von 3, 5 oder 7 Bildern<\/li>\n<li>Verlustfreie Cinema 4K RAW-Videoaufnahme mit einer Aufl\u00f6sung von 4096\u00d72160 Pixeln<\/li>\n<li>Aufzeichnungen auf Micro-SD-Speicherkarten oder einem 512 GB SSD-Laufwerk<\/li>\n<li>Micro Four Thirds Anschluss<\/li>\n<li>Mehr als 12 Stopps Dynamikumfang<\/li>\n<li>Automatische Belichtungsreihenschaltung<\/li>\n<li>Zeitraffer (5, 7, 10, 20 und 30 Sekunden)<\/li>\n<li>Unterst\u00fctzte Dateiformate FAT32\/exFAT, JPEG, DNG, MP4, MOV, RAW<\/li>\n<li>Funktioniert mit dem Inspire 1 Quadcopter<\/li>\n<\/ul>","protected":false},"featured_media":7804,"template":"","meta":{"_acf_changed":false},"product_brand":[],"product_cat":[315,298,97,316],"product_tag":[],"class_list":{"0":"post-7805","1":"product","2":"type-product","3":"status-publish","4":"has-post-thumbnail","6":"product_cat-alle-gimbals-en-cameras","7":"product_cat-alle-industriele-camera","8":"product_cat-alle-producten","9":"product_cat-dji-zenmuse","10":"product_shipping_class-outofstock","11":"pa_brand-dji","12":"pa_productfamily-camera","13":"pa_producttype-camera","14":"pa_series-zenmuse-x5r","16":"first","17":"outofstock","18":"taxable","19":"shipping-taxable","20":"product-type-simple"},"acf":[],"yoast_head":"<!-- This site is optimized with the Yoast SEO Premium plugin v27.2 (Yoast SEO v27.2) - https:\/\/yoast.com\/product\/yoast-seo-premium-wordpress\/ -->\n<title>DJI Zenmuse X5R - koningdrone.be<\/title>\n<meta name=\"robots\" content=\"index, follow, max-snippet:-1, max-image-preview:large, max-video-preview:-1\" \/>\n<link rel=\"canonical\" href=\"https:\/\/koningdrone.be\/de\/produkt\/dji-zenmuse-x5r\/\" \/>\n<meta property=\"og:locale\" content=\"de_DE\" \/>\n<meta property=\"og:type\" content=\"article\" \/>\n<meta property=\"og:title\" content=\"DJI Zenmuse X5R\" \/>\n<meta property=\"og:description\" content=\"16 megapixel foto&#039;sMaximale fotoresolutie van 4608 x 3456 pixelsUltra HD 4096x2160 (24 en 25p) \u2022 3840x2160 (25 en 30p)Full HD 1920x1080 (24, 25, 30, 48, 50 en 60p)ISO-bereik van 100 \u2022 25600Sluitertijd instelbaar van 8s tot 1\/8000sMaximale video bitrate van 2.4Gbps (gemiddeld 1.7Gbps)Enkele opname, burst-opname van 3, 5 of 7 beeldenLossless cinema 4K RAW videoopnames met een resolutie van 4096x2160 pixelsNeemt op op micro-SD-geheugenkaarten of op een 512GB SSD-schijfMicro Four Thirds mountMeer dan 12 stops dynamisch bereikAuto exposure bracketingTime-lapse (5, 7, 10, 20 en 30s)Ondersteunde bestandsformaten FAT32\/exFAT, JPEG, DNG, MP4, MOV, RAWWerkt met de Inspire 1 quadcopter\" \/>\n<meta property=\"og:url\" content=\"https:\/\/koningdrone.be\/de\/produkt\/dji-zenmuse-x5r\/\" \/>\n<meta property=\"og:site_name\" content=\"koningdrone.be\" \/>\n<meta property=\"article:modified_time\" content=\"2026-04-29T06:20:40+00:00\" \/>\n<meta property=\"og:image\" content=\"https:\/\/koningdrone.be\/wp-content\/uploads\/sites\/13\/2025\/04\/6958265121500-1.jpg\" \/>\n\t<meta property=\"og:image:width\" content=\"660\" \/>\n\t<meta property=\"og:image:height\" content=\"660\" \/>\n\t<meta property=\"og:image:type\" content=\"image\/jpeg\" \/>\n<meta name=\"twitter:card\" content=\"summary_large_image\" \/>\n<meta name=\"twitter:label1\" content=\"Gesch\u00e4tzte Lesezeit\" \/>\n\t<meta name=\"twitter:data1\" content=\"2\u00a0Minuten\" \/>\n<script type=\"application\/ld+json\" class=\"yoast-schema-graph\">{\"@context\":\"https:\/\/schema.org\",\"@graph\":[{\"@type\":\"WebPage\",\"@id\":\"https:\/\/koningdrone.be\/product\/dji-zenmuse-x5r\/\",\"url\":\"https:\/\/koningdrone.be\/product\/dji-zenmuse-x5r\/\",\"name\":\"DJI Zenmuse X5R - koningdrone.be\",\"isPartOf\":{\"@id\":\"https:\/\/koningdrone.be\/#website\"},\"primaryImageOfPage\":{\"@id\":\"https:\/\/koningdrone.be\/product\/dji-zenmuse-x5r\/#primaryimage\"},\"image\":{\"@id\":\"https:\/\/koningdrone.be\/product\/dji-zenmuse-x5r\/#primaryimage\"},\"thumbnailUrl\":\"https:\/\/koningdrone.be\/wp-content\/uploads\/sites\/13\/2025\/04\/6958265121500-1.jpg\",\"datePublished\":\"2018-08-12T06:58:19+00:00\",\"dateModified\":\"2026-04-29T06:20:40+00:00\",\"breadcrumb\":{\"@id\":\"https:\/\/koningdrone.be\/product\/dji-zenmuse-x5r\/#breadcrumb\"},\"inLanguage\":\"de\",\"potentialAction\":[{\"@type\":\"ReadAction\",\"target\":[\"https:\/\/koningdrone.be\/product\/dji-zenmuse-x5r\/\"]}]},{\"@type\":\"ImageObject\",\"inLanguage\":\"de\",\"@id\":\"https:\/\/koningdrone.be\/product\/dji-zenmuse-x5r\/#primaryimage\",\"url\":\"https:\/\/koningdrone.be\/wp-content\/uploads\/sites\/13\/2025\/04\/6958265121500-1.jpg\",\"contentUrl\":\"https:\/\/koningdrone.be\/wp-content\/uploads\/sites\/13\/2025\/04\/6958265121500-1.jpg\",\"width\":660,\"height\":660},{\"@type\":\"BreadcrumbList\",\"@id\":\"https:\/\/koningdrone.be\/product\/dji-zenmuse-x5r\/#breadcrumb\",\"itemListElement\":[{\"@type\":\"ListItem\",\"position\":1,\"name\":\"Home\",\"item\":\"https:\/\/koningdrone.be\/\"},{\"@type\":\"ListItem\",\"position\":2,\"name\":\"AVSS Parachute Recovery System for DJI Matrice 300\/350\",\"item\":\"https:\/\/koningdrone.be\/product\/avss-parachute-recovery-system-for-dji-matrice-300-350\/\"},{\"@type\":\"ListItem\",\"position\":3,\"name\":\"Alle gimbals en cameras\",\"item\":\"https:\/\/koningdrone.be\/categorie\/alle-gimbals-en-cameras\/\"},{\"@type\":\"ListItem\",\"position\":4,\"name\":\"DJI Zenmuse X5R\"}]},{\"@type\":\"WebSite\",\"@id\":\"https:\/\/koningdrone.be\/#website\",\"url\":\"https:\/\/koningdrone.be\/\",\"name\":\"Koningdrone.be - Uw online specialist in drones, gimbals, camera's en power stations.\",\"description\":\"De webshop in drones en gimbals\",\"publisher\":{\"@id\":\"https:\/\/koningdrone.be\/#organization\"},\"potentialAction\":[{\"@type\":\"SearchAction\",\"target\":{\"@type\":\"EntryPoint\",\"urlTemplate\":\"https:\/\/koningdrone.be\/?s={search_term_string}\"},\"query-input\":{\"@type\":\"PropertyValueSpecification\",\"valueRequired\":true,\"valueName\":\"search_term_string\"}}],\"inLanguage\":\"de\"},{\"@type\":\"Organization\",\"@id\":\"https:\/\/koningdrone.be\/#organization\",\"name\":\"Koningdrone.be\",\"url\":\"https:\/\/koningdrone.be\/\",\"logo\":{\"@type\":\"ImageObject\",\"inLanguage\":\"de\",\"@id\":\"https:\/\/koningdrone.be\/#\/schema\/logo\/image\/\",\"url\":\"https:\/\/koningdrone.be\/wp-content\/uploads\/sites\/13\/2025\/04\/koningdrone-copyright-logo.svg\",\"contentUrl\":\"https:\/\/koningdrone.be\/wp-content\/uploads\/sites\/13\/2025\/04\/koningdrone-copyright-logo.svg\",\"width\":227,\"height\":38,\"caption\":\"Koningdrone.be\"},\"image\":{\"@id\":\"https:\/\/koningdrone.be\/#\/schema\/logo\/image\/\"}}]}<\/script>\n<!-- \/ Yoast SEO Premium plugin. -->","yoast_head_json":{"title":"DJI Zenmuse X5R - koningdrone.be","robots":{"index":"index","follow":"follow","max-snippet":"max-snippet:-1","max-image-preview":"max-image-preview:large","max-video-preview":"max-video-preview:-1"},"canonical":"https:\/\/koningdrone.be\/de\/produkt\/dji-zenmuse-x5r\/","og_locale":"de_DE","og_type":"article","og_title":"DJI Zenmuse X5R","og_description":"16 megapixel foto'sMaximale fotoresolutie van 4608 x 3456 pixelsUltra HD 4096x2160 (24 en 25p) \u2022 3840x2160 (25 en 30p)Full HD 1920x1080 (24, 25, 30, 48, 50 en 60p)ISO-bereik van 100 \u2022 25600Sluitertijd instelbaar van 8s tot 1\/8000sMaximale video bitrate van 2.4Gbps (gemiddeld 1.7Gbps)Enkele opname, burst-opname van 3, 5 of 7 beeldenLossless cinema 4K RAW videoopnames met een resolutie van 4096x2160 pixelsNeemt op op micro-SD-geheugenkaarten of op een 512GB SSD-schijfMicro Four Thirds mountMeer dan 12 stops dynamisch bereikAuto exposure bracketingTime-lapse (5, 7, 10, 20 en 30s)Ondersteunde bestandsformaten FAT32\/exFAT, JPEG, DNG, MP4, MOV, RAWWerkt met de Inspire 1 quadcopter","og_url":"https:\/\/koningdrone.be\/de\/produkt\/dji-zenmuse-x5r\/","og_site_name":"koningdrone.be","article_modified_time":"2026-04-29T06:20:40+00:00","og_image":[{"width":660,"height":660,"url":"https:\/\/koningdrone.be\/wp-content\/uploads\/sites\/13\/2025\/04\/6958265121500-1.jpg","type":"image\/jpeg"}],"twitter_card":"summary_large_image","twitter_misc":{"Gesch\u00e4tzte Lesezeit":"2\u00a0Minuten"},"schema":{"@context":"https:\/\/schema.org","@graph":[{"@type":"WebPage","@id":"https:\/\/koningdrone.be\/product\/dji-zenmuse-x5r\/","url":"https:\/\/koningdrone.be\/product\/dji-zenmuse-x5r\/","name":"DJI Zenmuse X5R - koningdrone.be","isPartOf":{"@id":"https:\/\/koningdrone.be\/#website"},"primaryImageOfPage":{"@id":"https:\/\/koningdrone.be\/product\/dji-zenmuse-x5r\/#primaryimage"},"image":{"@id":"https:\/\/koningdrone.be\/product\/dji-zenmuse-x5r\/#primaryimage"},"thumbnailUrl":"https:\/\/koningdrone.be\/wp-content\/uploads\/sites\/13\/2025\/04\/6958265121500-1.jpg","datePublished":"2018-08-12T06:58:19+00:00","dateModified":"2026-04-29T06:20:40+00:00","breadcrumb":{"@id":"https:\/\/koningdrone.be\/product\/dji-zenmuse-x5r\/#breadcrumb"},"inLanguage":"de","potentialAction":[{"@type":"ReadAction","target":["https:\/\/koningdrone.be\/product\/dji-zenmuse-x5r\/"]}]},{"@type":"ImageObject","inLanguage":"de","@id":"https:\/\/koningdrone.be\/product\/dji-zenmuse-x5r\/#primaryimage","url":"https:\/\/koningdrone.be\/wp-content\/uploads\/sites\/13\/2025\/04\/6958265121500-1.jpg","contentUrl":"https:\/\/koningdrone.be\/wp-content\/uploads\/sites\/13\/2025\/04\/6958265121500-1.jpg","width":660,"height":660},{"@type":"BreadcrumbList","@id":"https:\/\/koningdrone.be\/product\/dji-zenmuse-x5r\/#breadcrumb","itemListElement":[{"@type":"ListItem","position":1,"name":"Home","item":"https:\/\/koningdrone.be\/"},{"@type":"ListItem","position":2,"name":"AVSS Parachute Recovery System for DJI Matrice 300\/350","item":"https:\/\/koningdrone.be\/product\/avss-parachute-recovery-system-for-dji-matrice-300-350\/"},{"@type":"ListItem","position":3,"name":"Alle gimbals en cameras","item":"https:\/\/koningdrone.be\/categorie\/alle-gimbals-en-cameras\/"},{"@type":"ListItem","position":4,"name":"DJI Zenmuse X5R"}]},{"@type":"WebSite","@id":"https:\/\/koningdrone.be\/#website","url":"https:\/\/koningdrone.be\/","name":"Koningdrone.be - Ihr Online-Spezialist f\u00fcr Drohnen, Gimbals, Kameras und Kraftwerke.","description":"Der Webshop f\u00fcr Drohnen und Gimbals","publisher":{"@id":"https:\/\/koningdrone.be\/#organization"},"potentialAction":[{"@type":"SearchAction","target":{"@type":"EntryPoint","urlTemplate":"https:\/\/koningdrone.be\/?s={search_term_string}"},"query-input":{"@type":"PropertyValueSpecification","valueRequired":true,"valueName":"search_term_string"}}],"inLanguage":"de"},{"@type":"Organization","@id":"https:\/\/koningdrone.be\/#organization","name":"Kingdrone.de","url":"https:\/\/koningdrone.be\/","logo":{"@type":"ImageObject","inLanguage":"de","@id":"https:\/\/koningdrone.be\/#\/schema\/logo\/image\/","url":"https:\/\/koningdrone.be\/wp-content\/uploads\/sites\/13\/2025\/04\/koningdrone-copyright-logo.svg","contentUrl":"https:\/\/koningdrone.be\/wp-content\/uploads\/sites\/13\/2025\/04\/koningdrone-copyright-logo.svg","width":227,"height":38,"caption":"Koningdrone.be"},"image":{"@id":"https:\/\/koningdrone.be\/#\/schema\/logo\/image\/"}}]}},"df_price":"","df_sale_price":"","df_regular_price":"","df_image_link":"https:\/\/koningdrone.be\/wp-content\/uploads\/sites\/13\/2025\/04\/6958265121500-1-300x300.jpg","_links":{"self":[{"href":"https:\/\/koningdrone.be\/de\/wp-json\/wp\/v2\/product\/7805","targetHints":{"allow":["GET"]}}],"collection":[{"href":"https:\/\/koningdrone.be\/de\/wp-json\/wp\/v2\/product"}],"about":[{"href":"https:\/\/koningdrone.be\/de\/wp-json\/wp\/v2\/types\/product"}],"wp:featuredmedia":[{"embeddable":true,"href":"https:\/\/koningdrone.be\/de\/wp-json\/wp\/v2\/media\/7804"}],"wp:attachment":[{"href":"https:\/\/koningdrone.be\/de\/wp-json\/wp\/v2\/media?parent=7805"}],"wp:term":[{"taxonomy":"product_brand","embeddable":true,"href":"https:\/\/koningdrone.be\/de\/wp-json\/wp\/v2\/product_brand?post=7805"},{"taxonomy":"product_cat","embeddable":true,"href":"https:\/\/koningdrone.be\/de\/wp-json\/wp\/v2\/product_cat?post=7805"},{"taxonomy":"product_tag","embeddable":true,"href":"https:\/\/koningdrone.be\/de\/wp-json\/wp\/v2\/product_tag?post=7805"}],"curies":[{"name":"wp","href":"https:\/\/api.w.org\/{rel}","templated":true}]}}