{"id":7628,"date":"2018-08-12T08:58:38","date_gmt":"2018-08-12T06:58:38","guid":{"rendered":"https:\/\/koningdrone.nl\/kon\/product\/dji-inspire-2-battery-station-tb50\/"},"modified":"2026-04-29T08:50:08","modified_gmt":"2026-04-29T06:50:08","slug":"dji-inspire-2-battery-station-tb50","status":"publish","type":"product","link":"https:\/\/koningdrone.be\/de\/produkt\/dji-inspire-2-battery-station-tb50\/","title":{"rendered":"DJI Inspire 2 Akku-Station TB50"},"content":{"rendered":"<h1>DJI Inspire 2 Akku-Station TB50<\/h1>\n<p>Um die Effizienz professioneller Filmteams bei allen Dreharbeiten zu gew\u00e4hrleisten, stellt DJI eine neue Akkustation vor, die speziell f\u00fcr die TB50 Intelligent Battery entwickelt wurde. Die DJI Battery Station ist die All-in-One-L\u00f6sung zum Laden, Lagern und Transportieren von Batterien.<br \/>Umfassende Aufladung<br \/>Mit effizientem und intelligentem Management sorgt die DJI Battery Station daf\u00fcr, dass die Aufnahmeausr\u00fcstung immer einsatzbereit ist. Die Akkustation kann bis zu acht intelligente TB50-Akkus gleichzeitig aufladen. Dar\u00fcber hinaus kann sie andere Ger\u00e4te aufladen, darunter die Inspire 2-Fernsteuerung und die CrystalSky \/ Cendence Intelligent Battery \u00fcber mehrere Ladeanschl\u00fcsse und sogar mobile Ger\u00e4te \u00fcber USB-Anschl\u00fcsse. Kurz gesagt, die DJI Battery Station ist so ausgestattet, dass sie die Bed\u00fcrfnisse all Ihrer stromabh\u00e4ngigen Ger\u00e4te erf\u00fcllt.<br \/>Die DJI Battery Station liefert nicht nur Strom, sondern auch wichtige Informationen \u00fcber Ihre Akkus, um eine ordnungsgem\u00e4\u00dfe Verwaltung sicherzustellen. Wenn eine TB50 Intelligent Battery angeschlossen ist, wird die aktuelle Firmware-Version auf dem LCD-Bildschirm der Station angezeigt. Wenn die Battery Station \u00fcber das USB-Kabel mit einem Computer verbunden ist, kann sie bis zu acht Akkus \u00fcber den DJI Assistant 2 auf dem Computer* auf die neueste Firmware-Version aktualisieren.<br \/>Die DJI Battery Station ist in ein Geh\u00e4use eingebaut, das maximalen Stauraum bietet. Sie kann bis zu 12 TB50 Intelligent Batteries, zwei CrystalSky \/ Cendence Intelligent Batteries und einen CrystalSky \/ Cendence Battery Charging Hub aufnehmen. Ausgestattet mit R\u00e4dern und einem Teleskopgriff f\u00fcr den Transport, unterst\u00fctzt die Battery Station ganzt\u00e4gige Aufnahmen.<br \/>* Kompatibilit\u00e4t bald verf\u00fcgbar. Ein Software-Upgrade ist erforderlich.<br \/>Mehrere Lademodi<br \/>An einem Filmset z\u00e4hlt jede Sekunde.  Die DJI Battery Station verf\u00fcgt \u00fcber 3 Lademodi - Normal, Schnell und Leise - um die beste Energieverwaltung f\u00fcr jedes Szenario zu bieten.<br \/>Im Normalmodus k\u00f6nnen acht angeschlossene intelligente TB50-Batterien gleichzeitig geladen werden, bis alle Batterien vollst\u00e4ndig aufgeladen sind.<br \/>Der Schnellmodus l\u00e4dt die vier intelligenten TB50-Batterien mit dem h\u00f6chsten Batteriestand in derselben Gruppe in nur 35 Minuten auf 90% auf und ist damit eine n\u00fctzliche Option f\u00fcr den dringenden Einsatz.<br \/>Im Silent-Modus wird die Ladegeschwindigkeit reduziert, um einen leiseren Prozess f\u00fcr abendliche Ladungen zu gew\u00e4hrleisten oder wenn am Set nur wenig L\u00e4rm erlaubt ist.<br \/>Schnelle und einfache Entladung<br \/>Die DJI Battery Station verf\u00fcgt auch \u00fcber Funktionen zur Erhaltung der Batteriequalit\u00e4t. Der Entladungsmodus bringt die Batterien auf 25% f\u00fcr den Transport und 50% f\u00fcr die Lagerung. Diese intelligente, einfach zu bedienende Entladefunktion verbessert die Batteriewartung und verl\u00e4ngert die Lebensdauer Ihrer Batterien.<br \/>Durchdachte Konstruktion f\u00fcr Sicherheit und Zuverl\u00e4ssigkeit<br \/>Wir wissen, dass Sicherheit beim Umgang mit Batterien oberste Priorit\u00e4t hat. Deshalb wurde die DJI Battery Station mit robusten Ma\u00dfnahmen entwickelt, um ein zuverl\u00e4ssiges Laden und Lagern all Ihrer Akkus zu gew\u00e4hrleisten.<br \/>Ein eingebauter L\u00fcfter leitet die W\u00e4rme w\u00e4hrend des Ladevorgangs ab. Die \u00dcberhitzungserkennung \u00fcberwacht die Batterietemperatur in Echtzeit, um sicherzustellen, dass jede Batterie innerhalb eines sicheren Bereichs bleibt. Wenn eine \u00dcberhitzung festgestellt wird, bricht die Battery Station den Lade- und Entladevorgang automatisch ab, um Sicherheitsrisiken zu vermeiden.<br \/>Die DJI Battery Station ist aus Kunststoff gefertigt, der die US UL94 V-0 Z\u00fcndnorm erf\u00fcllt, wodurch die Risiken, die in extremen Umgebungen auftreten k\u00f6nnen, reduziert werden. Vom Design bis zu den Materialien ist jeder Aspekt sicher und zuverl\u00e4ssig.<\/p>","protected":false},"excerpt":{"rendered":"<ul>\n<li>Gro\u00dfer Stauraum f\u00fcr bis zu 12 TB50 Smartbatterien, zwei CrystalSky \/ Cendence Smartbatterien und eine CrystalSky \/ Cendence Batterieladestation<\/li>\n<li>Laden Sie bis zu acht TB50-Akkus gleichzeitig auf. An mehreren Anschl\u00fcssen k\u00f6nnen Sie auch die Inspire 2-Fernbedienung, die CrystalSky \/ Cendence Intelligent Battery und ein Mobilger\u00e4t aufladen<\/li>\n<li>Beim Laden einer intelligenten Batterie TB50 zeigt das LCD-Display der Battery Station die aktuelle Firmware-Version an<\/li>\n<li>Die schnelle, einfache und intelligente Entladefunktion verbessert die Batteriewartung bei Lagerung und auf Reisen<\/li>\n<li>Ein eingebautes K\u00fchlgebl\u00e4se sorgt daf\u00fcr, dass jede Batterie in einem sicheren Bereich bleibt<\/li>\n<li>\u00dcberhitzungsschutz<\/li>\n<li>R\u00e4der und ein Griff machen die DJI Battery Station praktisch f\u00fcr unterwegs<\/li>\n<\/ul>","protected":false},"featured_media":7623,"template":"","meta":{"_acf_changed":false},"product_brand":[],"product_cat":[113,97,201,641,788],"product_tag":[],"class_list":{"0":"post-7628","1":"product","2":"type-product","3":"status-publish","4":"has-post-thumbnail","6":"product_cat-alle-batterijen","7":"product_cat-alle-producten","8":"product_cat-alle-tassen-en-koffers","9":"product_cat-dji-inspire","10":"product_cat-dji-inspire-2","11":"product_shipping_class-outofstock","12":"pa_brand-dji","13":"pa_productfamily-koffer","14":"pa_producttype-koffer","15":"pa_series-inspire-2","17":"first","18":"outofstock","19":"taxable","20":"shipping-taxable","21":"product-type-simple"},"acf":[],"yoast_head":"<!-- This site is optimized with the Yoast SEO Premium plugin v27.2 (Yoast SEO v27.2) - https:\/\/yoast.com\/product\/yoast-seo-premium-wordpress\/ -->\n<title>DJI Inspire 2 Battery Station TB50 - koningdrone.be<\/title>\n<meta name=\"robots\" content=\"index, follow, max-snippet:-1, max-image-preview:large, max-video-preview:-1\" \/>\n<link rel=\"canonical\" href=\"https:\/\/koningdrone.be\/de\/produkt\/dji-inspire-2-battery-station-tb50\/\" \/>\n<meta property=\"og:locale\" content=\"de_DE\" \/>\n<meta property=\"og:type\" content=\"article\" \/>\n<meta property=\"og:title\" content=\"DJI Inspire 2 Battery Station TB50\" \/>\n<meta property=\"og:description\" content=\"Supergrote opslagruimte voor maximaal 12 TB50 intelligente batterijen, twee CrystalSky \/ Cendence intelligente batterijen en een CrystalSky \/ Cendence batterij laadhubLaad tot acht TB50-batterijen tegelijkertijd op. Op meerdere poorten kunt u ook de Inspire 2-afstandsbediening, CrystalSky \/ Cendence Intelligent Battery en een mobiel apparaat opladenBij het opladen van een TB50 Intelligent Battery geeft het LCD-scherm van het Battery Station de huidige firmwareversie weerSnelle, eenvoudige en intelligente ontlaadfunctie verbetert het batterijonderhoud voor opslag en reizenEen ingebouwde koelventilator zorgt ervoor dat elke batterij binnen een veilig bereik blijftBescherming tegen oververhittingWielen en een handgreep maken de DJI Battery Station handig om te reizen\" \/>\n<meta property=\"og:url\" content=\"https:\/\/koningdrone.be\/de\/produkt\/dji-inspire-2-battery-station-tb50\/\" \/>\n<meta property=\"og:site_name\" content=\"koningdrone.be\" \/>\n<meta property=\"article:modified_time\" content=\"2026-04-29T06:50:08+00:00\" \/>\n<meta property=\"og:image\" content=\"https:\/\/koningdrone.be\/wp-content\/uploads\/sites\/13\/2025\/04\/6958265154287-1.jpg\" \/>\n\t<meta property=\"og:image:width\" content=\"660\" \/>\n\t<meta property=\"og:image:height\" content=\"660\" \/>\n\t<meta property=\"og:image:type\" content=\"image\/jpeg\" \/>\n<meta name=\"twitter:card\" content=\"summary_large_image\" \/>\n<meta name=\"twitter:label1\" content=\"Gesch\u00e4tzte Lesezeit\" \/>\n\t<meta name=\"twitter:data1\" content=\"3\u00a0Minuten\" \/>\n<script type=\"application\/ld+json\" class=\"yoast-schema-graph\">{\"@context\":\"https:\/\/schema.org\",\"@graph\":[{\"@type\":\"WebPage\",\"@id\":\"https:\/\/koningdrone.be\/product\/dji-inspire-2-battery-station-tb50\/\",\"url\":\"https:\/\/koningdrone.be\/product\/dji-inspire-2-battery-station-tb50\/\",\"name\":\"DJI Inspire 2 Battery Station TB50 - koningdrone.be\",\"isPartOf\":{\"@id\":\"https:\/\/koningdrone.be\/#website\"},\"primaryImageOfPage\":{\"@id\":\"https:\/\/koningdrone.be\/product\/dji-inspire-2-battery-station-tb50\/#primaryimage\"},\"image\":{\"@id\":\"https:\/\/koningdrone.be\/product\/dji-inspire-2-battery-station-tb50\/#primaryimage\"},\"thumbnailUrl\":\"https:\/\/koningdrone.be\/wp-content\/uploads\/sites\/13\/2025\/04\/6958265154287-1.jpg\",\"datePublished\":\"2018-08-12T06:58:38+00:00\",\"dateModified\":\"2026-04-29T06:50:08+00:00\",\"breadcrumb\":{\"@id\":\"https:\/\/koningdrone.be\/product\/dji-inspire-2-battery-station-tb50\/#breadcrumb\"},\"inLanguage\":\"de\",\"potentialAction\":[{\"@type\":\"ReadAction\",\"target\":[\"https:\/\/koningdrone.be\/product\/dji-inspire-2-battery-station-tb50\/\"]}]},{\"@type\":\"ImageObject\",\"inLanguage\":\"de\",\"@id\":\"https:\/\/koningdrone.be\/product\/dji-inspire-2-battery-station-tb50\/#primaryimage\",\"url\":\"https:\/\/koningdrone.be\/wp-content\/uploads\/sites\/13\/2025\/04\/6958265154287-1.jpg\",\"contentUrl\":\"https:\/\/koningdrone.be\/wp-content\/uploads\/sites\/13\/2025\/04\/6958265154287-1.jpg\",\"width\":660,\"height\":660},{\"@type\":\"BreadcrumbList\",\"@id\":\"https:\/\/koningdrone.be\/product\/dji-inspire-2-battery-station-tb50\/#breadcrumb\",\"itemListElement\":[{\"@type\":\"ListItem\",\"position\":1,\"name\":\"Home\",\"item\":\"https:\/\/koningdrone.be\/\"},{\"@type\":\"ListItem\",\"position\":2,\"name\":\"AVSS Parachute Recovery System for DJI Matrice 300\/350\",\"item\":\"https:\/\/koningdrone.be\/product\/avss-parachute-recovery-system-for-dji-matrice-300-350\/\"},{\"@type\":\"ListItem\",\"position\":3,\"name\":\"Alle batterijen\",\"item\":\"https:\/\/koningdrone.be\/categorie\/alle-batterijen\/\"},{\"@type\":\"ListItem\",\"position\":4,\"name\":\"DJI Inspire 2 Battery Station TB50\"}]},{\"@type\":\"WebSite\",\"@id\":\"https:\/\/koningdrone.be\/#website\",\"url\":\"https:\/\/koningdrone.be\/\",\"name\":\"Koningdrone.be - Uw online specialist in drones, gimbals, camera's en power stations.\",\"description\":\"De webshop in drones en gimbals\",\"publisher\":{\"@id\":\"https:\/\/koningdrone.be\/#organization\"},\"potentialAction\":[{\"@type\":\"SearchAction\",\"target\":{\"@type\":\"EntryPoint\",\"urlTemplate\":\"https:\/\/koningdrone.be\/?s={search_term_string}\"},\"query-input\":{\"@type\":\"PropertyValueSpecification\",\"valueRequired\":true,\"valueName\":\"search_term_string\"}}],\"inLanguage\":\"de\"},{\"@type\":\"Organization\",\"@id\":\"https:\/\/koningdrone.be\/#organization\",\"name\":\"Koningdrone.be\",\"url\":\"https:\/\/koningdrone.be\/\",\"logo\":{\"@type\":\"ImageObject\",\"inLanguage\":\"de\",\"@id\":\"https:\/\/koningdrone.be\/#\/schema\/logo\/image\/\",\"url\":\"https:\/\/koningdrone.be\/wp-content\/uploads\/sites\/13\/2025\/04\/koningdrone-copyright-logo.svg\",\"contentUrl\":\"https:\/\/koningdrone.be\/wp-content\/uploads\/sites\/13\/2025\/04\/koningdrone-copyright-logo.svg\",\"width\":227,\"height\":38,\"caption\":\"Koningdrone.be\"},\"image\":{\"@id\":\"https:\/\/koningdrone.be\/#\/schema\/logo\/image\/\"}}]}<\/script>\n<!-- \/ Yoast SEO Premium plugin. -->","yoast_head_json":{"title":"DJI Inspire 2 Battery Station TB50 - koningdrone.be","robots":{"index":"index","follow":"follow","max-snippet":"max-snippet:-1","max-image-preview":"max-image-preview:large","max-video-preview":"max-video-preview:-1"},"canonical":"https:\/\/koningdrone.be\/de\/produkt\/dji-inspire-2-battery-station-tb50\/","og_locale":"de_DE","og_type":"article","og_title":"DJI Inspire 2 Battery Station TB50","og_description":"Supergrote opslagruimte voor maximaal 12 TB50 intelligente batterijen, twee CrystalSky \/ Cendence intelligente batterijen en een CrystalSky \/ Cendence batterij laadhubLaad tot acht TB50-batterijen tegelijkertijd op. Op meerdere poorten kunt u ook de Inspire 2-afstandsbediening, CrystalSky \/ Cendence Intelligent Battery en een mobiel apparaat opladenBij het opladen van een TB50 Intelligent Battery geeft het LCD-scherm van het Battery Station de huidige firmwareversie weerSnelle, eenvoudige en intelligente ontlaadfunctie verbetert het batterijonderhoud voor opslag en reizenEen ingebouwde koelventilator zorgt ervoor dat elke batterij binnen een veilig bereik blijftBescherming tegen oververhittingWielen en een handgreep maken de DJI Battery Station handig om te reizen","og_url":"https:\/\/koningdrone.be\/de\/produkt\/dji-inspire-2-battery-station-tb50\/","og_site_name":"koningdrone.be","article_modified_time":"2026-04-29T06:50:08+00:00","og_image":[{"width":660,"height":660,"url":"https:\/\/koningdrone.be\/wp-content\/uploads\/sites\/13\/2025\/04\/6958265154287-1.jpg","type":"image\/jpeg"}],"twitter_card":"summary_large_image","twitter_misc":{"Gesch\u00e4tzte Lesezeit":"3\u00a0Minuten"},"schema":{"@context":"https:\/\/schema.org","@graph":[{"@type":"WebPage","@id":"https:\/\/koningdrone.be\/product\/dji-inspire-2-battery-station-tb50\/","url":"https:\/\/koningdrone.be\/product\/dji-inspire-2-battery-station-tb50\/","name":"DJI Inspire 2 Battery Station TB50 - koningdrone.be","isPartOf":{"@id":"https:\/\/koningdrone.be\/#website"},"primaryImageOfPage":{"@id":"https:\/\/koningdrone.be\/product\/dji-inspire-2-battery-station-tb50\/#primaryimage"},"image":{"@id":"https:\/\/koningdrone.be\/product\/dji-inspire-2-battery-station-tb50\/#primaryimage"},"thumbnailUrl":"https:\/\/koningdrone.be\/wp-content\/uploads\/sites\/13\/2025\/04\/6958265154287-1.jpg","datePublished":"2018-08-12T06:58:38+00:00","dateModified":"2026-04-29T06:50:08+00:00","breadcrumb":{"@id":"https:\/\/koningdrone.be\/product\/dji-inspire-2-battery-station-tb50\/#breadcrumb"},"inLanguage":"de","potentialAction":[{"@type":"ReadAction","target":["https:\/\/koningdrone.be\/product\/dji-inspire-2-battery-station-tb50\/"]}]},{"@type":"ImageObject","inLanguage":"de","@id":"https:\/\/koningdrone.be\/product\/dji-inspire-2-battery-station-tb50\/#primaryimage","url":"https:\/\/koningdrone.be\/wp-content\/uploads\/sites\/13\/2025\/04\/6958265154287-1.jpg","contentUrl":"https:\/\/koningdrone.be\/wp-content\/uploads\/sites\/13\/2025\/04\/6958265154287-1.jpg","width":660,"height":660},{"@type":"BreadcrumbList","@id":"https:\/\/koningdrone.be\/product\/dji-inspire-2-battery-station-tb50\/#breadcrumb","itemListElement":[{"@type":"ListItem","position":1,"name":"Home","item":"https:\/\/koningdrone.be\/"},{"@type":"ListItem","position":2,"name":"AVSS Parachute Recovery System for DJI Matrice 300\/350","item":"https:\/\/koningdrone.be\/product\/avss-parachute-recovery-system-for-dji-matrice-300-350\/"},{"@type":"ListItem","position":3,"name":"Alle batterijen","item":"https:\/\/koningdrone.be\/categorie\/alle-batterijen\/"},{"@type":"ListItem","position":4,"name":"DJI Inspire 2 Battery Station TB50"}]},{"@type":"WebSite","@id":"https:\/\/koningdrone.be\/#website","url":"https:\/\/koningdrone.be\/","name":"Koningdrone.be - Ihr Online-Spezialist f\u00fcr Drohnen, Gimbals, Kameras und Kraftwerke.","description":"Der Webshop f\u00fcr Drohnen und Gimbals","publisher":{"@id":"https:\/\/koningdrone.be\/#organization"},"potentialAction":[{"@type":"SearchAction","target":{"@type":"EntryPoint","urlTemplate":"https:\/\/koningdrone.be\/?s={search_term_string}"},"query-input":{"@type":"PropertyValueSpecification","valueRequired":true,"valueName":"search_term_string"}}],"inLanguage":"de"},{"@type":"Organization","@id":"https:\/\/koningdrone.be\/#organization","name":"Kingdrone.de","url":"https:\/\/koningdrone.be\/","logo":{"@type":"ImageObject","inLanguage":"de","@id":"https:\/\/koningdrone.be\/#\/schema\/logo\/image\/","url":"https:\/\/koningdrone.be\/wp-content\/uploads\/sites\/13\/2025\/04\/koningdrone-copyright-logo.svg","contentUrl":"https:\/\/koningdrone.be\/wp-content\/uploads\/sites\/13\/2025\/04\/koningdrone-copyright-logo.svg","width":227,"height":38,"caption":"Koningdrone.be"},"image":{"@id":"https:\/\/koningdrone.be\/#\/schema\/logo\/image\/"}}]}},"df_price":"","df_sale_price":"","df_regular_price":"","df_image_link":"https:\/\/koningdrone.be\/wp-content\/uploads\/sites\/13\/2025\/04\/6958265154287-1-300x300.jpg","_links":{"self":[{"href":"https:\/\/koningdrone.be\/de\/wp-json\/wp\/v2\/product\/7628","targetHints":{"allow":["GET"]}}],"collection":[{"href":"https:\/\/koningdrone.be\/de\/wp-json\/wp\/v2\/product"}],"about":[{"href":"https:\/\/koningdrone.be\/de\/wp-json\/wp\/v2\/types\/product"}],"wp:featuredmedia":[{"embeddable":true,"href":"https:\/\/koningdrone.be\/de\/wp-json\/wp\/v2\/media\/7623"}],"wp:attachment":[{"href":"https:\/\/koningdrone.be\/de\/wp-json\/wp\/v2\/media?parent=7628"}],"wp:term":[{"taxonomy":"product_brand","embeddable":true,"href":"https:\/\/koningdrone.be\/de\/wp-json\/wp\/v2\/product_brand?post=7628"},{"taxonomy":"product_cat","embeddable":true,"href":"https:\/\/koningdrone.be\/de\/wp-json\/wp\/v2\/product_cat?post=7628"},{"taxonomy":"product_tag","embeddable":true,"href":"https:\/\/koningdrone.be\/de\/wp-json\/wp\/v2\/product_tag?post=7628"}],"curies":[{"name":"wp","href":"https:\/\/api.w.org\/{rel}","templated":true}]}}