{"id":7611,"date":"2018-10-10T06:42:44","date_gmt":"2018-10-10T04:42:44","guid":{"rendered":"https:\/\/koningdrone.nl\/kon\/product\/dji-mavic-2-flymore-kit\/"},"modified":"2026-04-29T07:20:15","modified_gmt":"2026-04-29T05:20:15","slug":"dji-mavic-2-flymore-kit","status":"publish","type":"product","link":"https:\/\/koningdrone.be\/de\/produkt\/dji-mavic-2-flymore-kit\/","title":{"rendered":"DJI Mavic 2 Flymore Bausatz"},"content":{"rendered":"<h1>DJI Mavic 2 Flymore Bausatz<\/h1>\n<p>Das Mavic 2 Fly More Kit enth\u00e4lt zwei Intelligent Flight-Akkus, ein Mavic 2-Autoladeger\u00e4t, eine Ladestation, einen Akku-Powerbank-Adapter, ger\u00e4uscharme Propeller und eine Mavic 2-Schultertasche, die Sie bei Ihren Aufnahmen umfassend unterst\u00fctzt.<\/p>\n<p><strong>Intelligente Flugbatterien<\/strong><\/p>\n<p>Beide Intelligent Flight Akkus haben eine Kapazit\u00e4t von bis zu 59,29 Wh und jeweils eine maximale Flugzeit von 31 Minuten. Mit dem eingebauten DJI Intelligent Battery Management System wird der Akkustatus in Echtzeit \u00fcberwacht und gemeldet, sodass Sie sich weniger auf die Energieversorgung und mehr auf den epischen Flug konzentrieren k\u00f6nnen.<\/p>\n<p><strong>Autoladeger\u00e4t<\/strong><\/p>\n<p>Das Kfz-Ladeger\u00e4t f\u00fcr den Mavic 2 erm\u00f6glicht das Aufladen des Akkus w\u00e4hrend der Fahrt. Es verf\u00fcgt \u00fcber eine maximale Ausgangsleistung von bis zu 80 W und ist mit einer Unterspannungsschutztechnologie ausgestattet, die sicherstellt, dass der Ladevorgang nicht dazu f\u00fchrt, dass Ihr Auto nicht mehr normal startet.<\/p>\n<p><strong>Ladestation<\/strong><\/p>\n<p>Der Battery Charging Hub erh\u00f6ht die Effizienz, indem er die Batterien in der richtigen Reihenfolge auf der Grundlage ihres verbleibenden Energiestands aufl\u00e4dt, wobei die st\u00e4rker geladenen Batterien zuerst mit Strom versorgt werden. Das faltbare Design des Battery Charging Hub macht es einfach, ihn \u00fcberall hin mitzunehmen. Sie k\u00f6nnen sogar bis zu vier Ladeanschl\u00fcsse nutzen, wenn Sie ihn mit dem Autoladeger\u00e4t oder dem Batterieladeger\u00e4t verwenden.<\/p>\n<p><strong>Powerbank f\u00fcr Mobiltelefon<\/strong><\/p>\n<p>Der Akku-zu-Powerbank-Adapter verwandelt intelligente Flugakkus in eine leistungsstarke Powerbank. Jeder Akku-zu-Powerbank-Adapter hat zwei USB-Typ-A-Anschl\u00fcsse mit einer doppelten Ausgangsleistung von 10 W, sodass Sie ein Smartphone mit nur 20% Akku vollst\u00e4ndig aufladen k\u00f6nnen.<\/p>\n<p><strong>Propeller<\/strong><\/p>\n<p>Au\u00dferdem sind zwei Paare ger\u00e4uscharmer Propeller im Bausatz enthalten. Diese Propeller der n\u00e4chsten Generation verf\u00fcgen \u00fcber ein v\u00f6llig neues aerodynamisches Design, das f\u00fcr einen leiseren Flug, eine h\u00f6here Effizienz und eine l\u00e4ngere Flugzeit sorgt.<\/p>\n<p><strong>Umh\u00e4ngetasche<\/strong><\/p>\n<p>Die vielseitige Mavic 2 Umh\u00e4ngetasche wurde speziell f\u00fcr die Mavic 2 entwickelt und bietet Platz f\u00fcr ein Flugger\u00e4t, eine Fernsteuerung, vier Intelligent Flight Akkus, ein Smartphone, zus\u00e4tzliche Propeller, ND-Filter, Kabel, microSD-Karten und jede Menge weiteres Zubeh\u00f6r.<\/p>","protected":false},"excerpt":{"rendered":"<ul>\n<li>Mehrere Intelligent Flight-Batterien f\u00fcr l\u00e4ngere Fl\u00fcge<\/li>\n<li>Batterien w\u00e4hrend der Fahrt aufladen<\/li>\n<li>Verwandeln Sie Ihre Batterien in Powerbanks<\/li>\n<li>Leise Propeller f\u00fcr ruhigeren Flug<\/li>\n<li>Eine vielseitige Umh\u00e4ngetasche, die alles mitnimmt<\/li>\n<\/ul>","protected":false},"featured_media":7610,"template":"","meta":{"_acf_changed":false},"product_brand":[],"product_cat":[135,97,871],"product_tag":[],"class_list":{"0":"post-7611","1":"product","2":"type-product","3":"status-publish","4":"has-post-thumbnail","6":"product_cat-alle-drones","7":"product_cat-alle-producten","8":"product_cat-dji-mavic","9":"product_shipping_class-outofstock","10":"pa_brand-dji","11":"pa_productfamily-flymore-pakket","12":"pa_producttype-flymore-pakket","13":"pa_series-mavic-2-enterprise-dual","14":"pa_series-mavic-2-enterprise-zoom","15":"pa_series-mavic-2-pro","16":"pa_series-mavic-2-zoom","18":"first","19":"outofstock","20":"taxable","21":"shipping-taxable","22":"product-type-simple"},"acf":[],"yoast_head":"<!-- This site is optimized with the Yoast SEO Premium plugin v27.2 (Yoast SEO v27.2) - https:\/\/yoast.com\/product\/yoast-seo-premium-wordpress\/ -->\n<title>DJI Mavic 2 Flymore Kit - koningdrone.be<\/title>\n<meta name=\"robots\" content=\"index, follow, max-snippet:-1, max-image-preview:large, max-video-preview:-1\" \/>\n<link rel=\"canonical\" href=\"https:\/\/koningdrone.be\/de\/produkt\/dji-mavic-2-flymore-kit\/\" \/>\n<meta property=\"og:locale\" content=\"de_DE\" \/>\n<meta property=\"og:type\" content=\"article\" \/>\n<meta property=\"og:title\" content=\"DJI Mavic 2 Flymore Kit\" \/>\n<meta property=\"og:description\" content=\"Meerdere Intelligent Flight-batterijen voor een langere vluchtLaad batterijen op tijdens het rijdenVerander uw batterijen in power banksStille propellers voor een stillere vluchtEen veelzijdige schoudertas om alles mee te dragen\" \/>\n<meta property=\"og:url\" content=\"https:\/\/koningdrone.be\/de\/produkt\/dji-mavic-2-flymore-kit\/\" \/>\n<meta property=\"og:site_name\" content=\"koningdrone.be\" \/>\n<meta property=\"article:modified_time\" content=\"2026-04-29T05:20:15+00:00\" \/>\n<meta property=\"og:image\" content=\"https:\/\/koningdrone.be\/wp-content\/uploads\/sites\/13\/2025\/04\/6958265174605-1.jpg\" \/>\n\t<meta property=\"og:image:width\" content=\"653\" \/>\n\t<meta property=\"og:image:height\" content=\"660\" \/>\n\t<meta property=\"og:image:type\" content=\"image\/jpeg\" \/>\n<meta name=\"twitter:card\" content=\"summary_large_image\" \/>\n<meta name=\"twitter:label1\" content=\"Gesch\u00e4tzte Lesezeit\" \/>\n\t<meta name=\"twitter:data1\" content=\"2\u00a0Minuten\" \/>\n<script type=\"application\/ld+json\" class=\"yoast-schema-graph\">{\"@context\":\"https:\/\/schema.org\",\"@graph\":[{\"@type\":\"WebPage\",\"@id\":\"https:\/\/koningdrone.be\/product\/dji-mavic-2-flymore-kit\/\",\"url\":\"https:\/\/koningdrone.be\/product\/dji-mavic-2-flymore-kit\/\",\"name\":\"DJI Mavic 2 Flymore Kit - koningdrone.be\",\"isPartOf\":{\"@id\":\"https:\/\/koningdrone.be\/#website\"},\"primaryImageOfPage\":{\"@id\":\"https:\/\/koningdrone.be\/product\/dji-mavic-2-flymore-kit\/#primaryimage\"},\"image\":{\"@id\":\"https:\/\/koningdrone.be\/product\/dji-mavic-2-flymore-kit\/#primaryimage\"},\"thumbnailUrl\":\"https:\/\/koningdrone.be\/wp-content\/uploads\/sites\/13\/2025\/04\/6958265174605-1.jpg\",\"datePublished\":\"2018-10-10T04:42:44+00:00\",\"dateModified\":\"2026-04-29T05:20:15+00:00\",\"breadcrumb\":{\"@id\":\"https:\/\/koningdrone.be\/product\/dji-mavic-2-flymore-kit\/#breadcrumb\"},\"inLanguage\":\"de\",\"potentialAction\":[{\"@type\":\"ReadAction\",\"target\":[\"https:\/\/koningdrone.be\/product\/dji-mavic-2-flymore-kit\/\"]}]},{\"@type\":\"ImageObject\",\"inLanguage\":\"de\",\"@id\":\"https:\/\/koningdrone.be\/product\/dji-mavic-2-flymore-kit\/#primaryimage\",\"url\":\"https:\/\/koningdrone.be\/wp-content\/uploads\/sites\/13\/2025\/04\/6958265174605-1.jpg\",\"contentUrl\":\"https:\/\/koningdrone.be\/wp-content\/uploads\/sites\/13\/2025\/04\/6958265174605-1.jpg\",\"width\":653,\"height\":660},{\"@type\":\"BreadcrumbList\",\"@id\":\"https:\/\/koningdrone.be\/product\/dji-mavic-2-flymore-kit\/#breadcrumb\",\"itemListElement\":[{\"@type\":\"ListItem\",\"position\":1,\"name\":\"Home\",\"item\":\"https:\/\/koningdrone.be\/\"},{\"@type\":\"ListItem\",\"position\":2,\"name\":\"AVSS Parachute Recovery System for DJI Matrice 300\/350\",\"item\":\"https:\/\/koningdrone.be\/product\/avss-parachute-recovery-system-for-dji-matrice-300-350\/\"},{\"@type\":\"ListItem\",\"position\":3,\"name\":\"Alle drones\",\"item\":\"https:\/\/koningdrone.be\/categorie\/alle-drones\/\"},{\"@type\":\"ListItem\",\"position\":4,\"name\":\"DJI Mavic 2 Flymore Kit\"}]},{\"@type\":\"WebSite\",\"@id\":\"https:\/\/koningdrone.be\/#website\",\"url\":\"https:\/\/koningdrone.be\/\",\"name\":\"Koningdrone.be - Uw online specialist in drones, gimbals, camera's en power stations.\",\"description\":\"De webshop in drones en gimbals\",\"publisher\":{\"@id\":\"https:\/\/koningdrone.be\/#organization\"},\"potentialAction\":[{\"@type\":\"SearchAction\",\"target\":{\"@type\":\"EntryPoint\",\"urlTemplate\":\"https:\/\/koningdrone.be\/?s={search_term_string}\"},\"query-input\":{\"@type\":\"PropertyValueSpecification\",\"valueRequired\":true,\"valueName\":\"search_term_string\"}}],\"inLanguage\":\"de\"},{\"@type\":\"Organization\",\"@id\":\"https:\/\/koningdrone.be\/#organization\",\"name\":\"Koningdrone.be\",\"url\":\"https:\/\/koningdrone.be\/\",\"logo\":{\"@type\":\"ImageObject\",\"inLanguage\":\"de\",\"@id\":\"https:\/\/koningdrone.be\/#\/schema\/logo\/image\/\",\"url\":\"https:\/\/koningdrone.be\/wp-content\/uploads\/sites\/13\/2025\/04\/koningdrone-copyright-logo.svg\",\"contentUrl\":\"https:\/\/koningdrone.be\/wp-content\/uploads\/sites\/13\/2025\/04\/koningdrone-copyright-logo.svg\",\"width\":227,\"height\":38,\"caption\":\"Koningdrone.be\"},\"image\":{\"@id\":\"https:\/\/koningdrone.be\/#\/schema\/logo\/image\/\"}}]}<\/script>\n<!-- \/ Yoast SEO Premium plugin. -->","yoast_head_json":{"title":"DJI Mavic 2 Flymore Kit - koningdrone.be","robots":{"index":"index","follow":"follow","max-snippet":"max-snippet:-1","max-image-preview":"max-image-preview:large","max-video-preview":"max-video-preview:-1"},"canonical":"https:\/\/koningdrone.be\/de\/produkt\/dji-mavic-2-flymore-kit\/","og_locale":"de_DE","og_type":"article","og_title":"DJI Mavic 2 Flymore Kit","og_description":"Meerdere Intelligent Flight-batterijen voor een langere vluchtLaad batterijen op tijdens het rijdenVerander uw batterijen in power banksStille propellers voor een stillere vluchtEen veelzijdige schoudertas om alles mee te dragen","og_url":"https:\/\/koningdrone.be\/de\/produkt\/dji-mavic-2-flymore-kit\/","og_site_name":"koningdrone.be","article_modified_time":"2026-04-29T05:20:15+00:00","og_image":[{"width":653,"height":660,"url":"https:\/\/koningdrone.be\/wp-content\/uploads\/sites\/13\/2025\/04\/6958265174605-1.jpg","type":"image\/jpeg"}],"twitter_card":"summary_large_image","twitter_misc":{"Gesch\u00e4tzte Lesezeit":"2\u00a0Minuten"},"schema":{"@context":"https:\/\/schema.org","@graph":[{"@type":"WebPage","@id":"https:\/\/koningdrone.be\/product\/dji-mavic-2-flymore-kit\/","url":"https:\/\/koningdrone.be\/product\/dji-mavic-2-flymore-kit\/","name":"DJI Mavic 2 Flymore Kit - koningdrone.be","isPartOf":{"@id":"https:\/\/koningdrone.be\/#website"},"primaryImageOfPage":{"@id":"https:\/\/koningdrone.be\/product\/dji-mavic-2-flymore-kit\/#primaryimage"},"image":{"@id":"https:\/\/koningdrone.be\/product\/dji-mavic-2-flymore-kit\/#primaryimage"},"thumbnailUrl":"https:\/\/koningdrone.be\/wp-content\/uploads\/sites\/13\/2025\/04\/6958265174605-1.jpg","datePublished":"2018-10-10T04:42:44+00:00","dateModified":"2026-04-29T05:20:15+00:00","breadcrumb":{"@id":"https:\/\/koningdrone.be\/product\/dji-mavic-2-flymore-kit\/#breadcrumb"},"inLanguage":"de","potentialAction":[{"@type":"ReadAction","target":["https:\/\/koningdrone.be\/product\/dji-mavic-2-flymore-kit\/"]}]},{"@type":"ImageObject","inLanguage":"de","@id":"https:\/\/koningdrone.be\/product\/dji-mavic-2-flymore-kit\/#primaryimage","url":"https:\/\/koningdrone.be\/wp-content\/uploads\/sites\/13\/2025\/04\/6958265174605-1.jpg","contentUrl":"https:\/\/koningdrone.be\/wp-content\/uploads\/sites\/13\/2025\/04\/6958265174605-1.jpg","width":653,"height":660},{"@type":"BreadcrumbList","@id":"https:\/\/koningdrone.be\/product\/dji-mavic-2-flymore-kit\/#breadcrumb","itemListElement":[{"@type":"ListItem","position":1,"name":"Home","item":"https:\/\/koningdrone.be\/"},{"@type":"ListItem","position":2,"name":"AVSS Parachute Recovery System for DJI Matrice 300\/350","item":"https:\/\/koningdrone.be\/product\/avss-parachute-recovery-system-for-dji-matrice-300-350\/"},{"@type":"ListItem","position":3,"name":"Alle drones","item":"https:\/\/koningdrone.be\/categorie\/alle-drones\/"},{"@type":"ListItem","position":4,"name":"DJI Mavic 2 Flymore Kit"}]},{"@type":"WebSite","@id":"https:\/\/koningdrone.be\/#website","url":"https:\/\/koningdrone.be\/","name":"Koningdrone.be - Ihr Online-Spezialist f\u00fcr Drohnen, Gimbals, Kameras und Kraftwerke.","description":"Der Webshop f\u00fcr Drohnen und Gimbals","publisher":{"@id":"https:\/\/koningdrone.be\/#organization"},"potentialAction":[{"@type":"SearchAction","target":{"@type":"EntryPoint","urlTemplate":"https:\/\/koningdrone.be\/?s={search_term_string}"},"query-input":{"@type":"PropertyValueSpecification","valueRequired":true,"valueName":"search_term_string"}}],"inLanguage":"de"},{"@type":"Organization","@id":"https:\/\/koningdrone.be\/#organization","name":"Kingdrone.de","url":"https:\/\/koningdrone.be\/","logo":{"@type":"ImageObject","inLanguage":"de","@id":"https:\/\/koningdrone.be\/#\/schema\/logo\/image\/","url":"https:\/\/koningdrone.be\/wp-content\/uploads\/sites\/13\/2025\/04\/koningdrone-copyright-logo.svg","contentUrl":"https:\/\/koningdrone.be\/wp-content\/uploads\/sites\/13\/2025\/04\/koningdrone-copyright-logo.svg","width":227,"height":38,"caption":"Koningdrone.be"},"image":{"@id":"https:\/\/koningdrone.be\/#\/schema\/logo\/image\/"}}]}},"df_price":"","df_sale_price":"","df_regular_price":"","df_image_link":"https:\/\/koningdrone.be\/wp-content\/uploads\/sites\/13\/2025\/04\/6958265174605-1-297x300.jpg","_links":{"self":[{"href":"https:\/\/koningdrone.be\/de\/wp-json\/wp\/v2\/product\/7611","targetHints":{"allow":["GET"]}}],"collection":[{"href":"https:\/\/koningdrone.be\/de\/wp-json\/wp\/v2\/product"}],"about":[{"href":"https:\/\/koningdrone.be\/de\/wp-json\/wp\/v2\/types\/product"}],"wp:featuredmedia":[{"embeddable":true,"href":"https:\/\/koningdrone.be\/de\/wp-json\/wp\/v2\/media\/7610"}],"wp:attachment":[{"href":"https:\/\/koningdrone.be\/de\/wp-json\/wp\/v2\/media?parent=7611"}],"wp:term":[{"taxonomy":"product_brand","embeddable":true,"href":"https:\/\/koningdrone.be\/de\/wp-json\/wp\/v2\/product_brand?post=7611"},{"taxonomy":"product_cat","embeddable":true,"href":"https:\/\/koningdrone.be\/de\/wp-json\/wp\/v2\/product_cat?post=7611"},{"taxonomy":"product_tag","embeddable":true,"href":"https:\/\/koningdrone.be\/de\/wp-json\/wp\/v2\/product_tag?post=7611"}],"curies":[{"name":"wp","href":"https:\/\/api.w.org\/{rel}","templated":true}]}}