{"id":7588,"date":"2019-06-18T21:40:19","date_gmt":"2019-06-18T19:40:19","guid":{"rendered":"https:\/\/koningdrone.nl\/kon\/product\/dji-osmo-pocket-part-02-charging-case\/"},"modified":"2026-04-29T13:10:25","modified_gmt":"2026-04-29T11:10:25","slug":"dji-osmo-pocket-part-02-charging-case","status":"publish","type":"product","link":"https:\/\/koningdrone.be\/de\/produkt\/dji-osmo-pocket-part-02-charging-case\/","title":{"rendered":"DJI Osmo Pocket Ladekoffer (Teil 02)"},"content":{"rendered":"<h1>DJI Osmo Pocket Ladekoffer (Teil 02)<\/h1>\n<p>Das Ladeger\u00e4t f\u00fcr den Osmo Pocket wiegt nur 169 Gramm und ist f\u00fcr das Aufladen des Stabilisators sowie f\u00fcr die sichere Aufbewahrung und Platzierung von Zubeh\u00f6r gedacht. Das Geh\u00e4use ist mit einem Drehverschluss ausgestattet und im Inneren k\u00f6nnen vier Neutralfilter, zwei microSD-Speicherkarten und ein Paar Adapter f\u00fcr den Anschluss an ein Smartphone untergebracht werden.<\/p>\n<p>Der Stabilisator ist fest in der Abdeckung verankert. Es wird daher nicht empfohlen, den Stabilisator mit angebrachtem Zubeh\u00f6r und Aufklebern auf der Abdeckung zu platzieren, da das Entfernen schwierig sein kann.<\/p>\n<p>Vor der ersten Verwendung des Ladeger\u00e4ts wird empfohlen, die Firmware des Osmo Pocket mit der DJI Mimo-App zu aktualisieren.<\/p>","protected":false},"excerpt":{"rendered":"<ul>\n<li>Aufladen des Osmo Pocket Stabilisators<\/li>\n<li>Sicherer Transport<\/li>\n<li>Zuverl\u00e4ssige Befestigung des Stabilisators<\/li>\n<li>Platz f\u00fcr Zubeh\u00f6r<\/li>\n<\/ul>","protected":false},"featured_media":7585,"template":"","meta":{"_acf_changed":false},"product_brand":[],"product_cat":[410,111,97,297,778],"product_tag":[],"class_list":{"0":"post-7588","1":"product","2":"type-product","3":"status-publish","4":"has-post-thumbnail","6":"product_cat-alle-handheld-gimbals","7":"product_cat-alle-opladers","8":"product_cat-alle-producten","9":"product_cat-dji-osmo","10":"product_cat-dji-osmo-pocket","11":"product_shipping_class-outofstock","12":"pa_brand-dji","13":"pa_productfamily-oplader","14":"pa_producttype-oplader","15":"pa_series-osmo-pocket","17":"first","18":"outofstock","19":"taxable","20":"shipping-taxable","21":"product-type-simple"},"acf":[],"yoast_head":"<!-- This site is optimized with the Yoast SEO Premium plugin v27.2 (Yoast SEO v27.2) - https:\/\/yoast.com\/product\/yoast-seo-premium-wordpress\/ -->\n<title>DJI Osmo Pocket Charging Case (Part 02) - koningdrone.be<\/title>\n<meta name=\"robots\" content=\"index, follow, max-snippet:-1, max-image-preview:large, max-video-preview:-1\" \/>\n<link rel=\"canonical\" href=\"https:\/\/koningdrone.be\/de\/produkt\/dji-osmo-pocket-part-02-charging-case\/\" \/>\n<meta property=\"og:locale\" content=\"de_DE\" \/>\n<meta property=\"og:type\" content=\"article\" \/>\n<meta property=\"og:title\" content=\"DJI Osmo Pocket Charging Case (Part 02)\" \/>\n<meta property=\"og:description\" content=\"Opladen van de stabilisator Osmo PocketVeilig transportBetrouwbare bevestiging van de stabilisatorPlaats voor accessoires\" \/>\n<meta property=\"og:url\" content=\"https:\/\/koningdrone.be\/de\/produkt\/dji-osmo-pocket-part-02-charging-case\/\" \/>\n<meta property=\"og:site_name\" content=\"koningdrone.be\" \/>\n<meta property=\"article:modified_time\" content=\"2026-04-29T11:10:25+00:00\" \/>\n<meta property=\"og:image\" content=\"https:\/\/koningdrone.be\/wp-content\/uploads\/sites\/13\/2025\/04\/6958265179778-1.jpg\" \/>\n\t<meta property=\"og:image:width\" content=\"600\" \/>\n\t<meta property=\"og:image:height\" content=\"600\" \/>\n\t<meta property=\"og:image:type\" content=\"image\/jpeg\" \/>\n<meta name=\"twitter:card\" content=\"summary_large_image\" \/>\n<meta name=\"twitter:label1\" content=\"Gesch\u00e4tzte Lesezeit\" \/>\n\t<meta name=\"twitter:data1\" content=\"1\u00a0Minute\" \/>\n<script type=\"application\/ld+json\" class=\"yoast-schema-graph\">{\"@context\":\"https:\/\/schema.org\",\"@graph\":[{\"@type\":\"WebPage\",\"@id\":\"https:\/\/koningdrone.be\/product\/dji-osmo-pocket-part-02-charging-case\/\",\"url\":\"https:\/\/koningdrone.be\/product\/dji-osmo-pocket-part-02-charging-case\/\",\"name\":\"DJI Osmo Pocket Charging Case (Part 02) - koningdrone.be\",\"isPartOf\":{\"@id\":\"https:\/\/koningdrone.be\/#website\"},\"primaryImageOfPage\":{\"@id\":\"https:\/\/koningdrone.be\/product\/dji-osmo-pocket-part-02-charging-case\/#primaryimage\"},\"image\":{\"@id\":\"https:\/\/koningdrone.be\/product\/dji-osmo-pocket-part-02-charging-case\/#primaryimage\"},\"thumbnailUrl\":\"https:\/\/koningdrone.be\/wp-content\/uploads\/sites\/13\/2025\/04\/6958265179778-1.jpg\",\"datePublished\":\"2019-06-18T19:40:19+00:00\",\"dateModified\":\"2026-04-29T11:10:25+00:00\",\"breadcrumb\":{\"@id\":\"https:\/\/koningdrone.be\/product\/dji-osmo-pocket-part-02-charging-case\/#breadcrumb\"},\"inLanguage\":\"de\",\"potentialAction\":[{\"@type\":\"ReadAction\",\"target\":[\"https:\/\/koningdrone.be\/product\/dji-osmo-pocket-part-02-charging-case\/\"]}]},{\"@type\":\"ImageObject\",\"inLanguage\":\"de\",\"@id\":\"https:\/\/koningdrone.be\/product\/dji-osmo-pocket-part-02-charging-case\/#primaryimage\",\"url\":\"https:\/\/koningdrone.be\/wp-content\/uploads\/sites\/13\/2025\/04\/6958265179778-1.jpg\",\"contentUrl\":\"https:\/\/koningdrone.be\/wp-content\/uploads\/sites\/13\/2025\/04\/6958265179778-1.jpg\",\"width\":600,\"height\":600},{\"@type\":\"BreadcrumbList\",\"@id\":\"https:\/\/koningdrone.be\/product\/dji-osmo-pocket-part-02-charging-case\/#breadcrumb\",\"itemListElement\":[{\"@type\":\"ListItem\",\"position\":1,\"name\":\"Home\",\"item\":\"https:\/\/koningdrone.be\/\"},{\"@type\":\"ListItem\",\"position\":2,\"name\":\"AVSS Parachute Recovery System for DJI Matrice 300\/350\",\"item\":\"https:\/\/koningdrone.be\/product\/avss-parachute-recovery-system-for-dji-matrice-300-350\/\"},{\"@type\":\"ListItem\",\"position\":3,\"name\":\"Alle handheld gimbals\",\"item\":\"https:\/\/koningdrone.be\/categorie\/alle-handheld-gimbals\/\"},{\"@type\":\"ListItem\",\"position\":4,\"name\":\"DJI Osmo Pocket Charging Case (Part 02)\"}]},{\"@type\":\"WebSite\",\"@id\":\"https:\/\/koningdrone.be\/#website\",\"url\":\"https:\/\/koningdrone.be\/\",\"name\":\"Koningdrone.be - Uw online specialist in drones, gimbals, camera's en power stations.\",\"description\":\"De webshop in drones en gimbals\",\"publisher\":{\"@id\":\"https:\/\/koningdrone.be\/#organization\"},\"potentialAction\":[{\"@type\":\"SearchAction\",\"target\":{\"@type\":\"EntryPoint\",\"urlTemplate\":\"https:\/\/koningdrone.be\/?s={search_term_string}\"},\"query-input\":{\"@type\":\"PropertyValueSpecification\",\"valueRequired\":true,\"valueName\":\"search_term_string\"}}],\"inLanguage\":\"de\"},{\"@type\":\"Organization\",\"@id\":\"https:\/\/koningdrone.be\/#organization\",\"name\":\"Koningdrone.be\",\"url\":\"https:\/\/koningdrone.be\/\",\"logo\":{\"@type\":\"ImageObject\",\"inLanguage\":\"de\",\"@id\":\"https:\/\/koningdrone.be\/#\/schema\/logo\/image\/\",\"url\":\"https:\/\/koningdrone.be\/wp-content\/uploads\/sites\/13\/2025\/04\/koningdrone-copyright-logo.svg\",\"contentUrl\":\"https:\/\/koningdrone.be\/wp-content\/uploads\/sites\/13\/2025\/04\/koningdrone-copyright-logo.svg\",\"width\":227,\"height\":38,\"caption\":\"Koningdrone.be\"},\"image\":{\"@id\":\"https:\/\/koningdrone.be\/#\/schema\/logo\/image\/\"}}]}<\/script>\n<!-- \/ Yoast SEO Premium plugin. -->","yoast_head_json":{"title":"DJI Osmo Pocket Charging Case (Part 02) - koningdrone.be","robots":{"index":"index","follow":"follow","max-snippet":"max-snippet:-1","max-image-preview":"max-image-preview:large","max-video-preview":"max-video-preview:-1"},"canonical":"https:\/\/koningdrone.be\/de\/produkt\/dji-osmo-pocket-part-02-charging-case\/","og_locale":"de_DE","og_type":"article","og_title":"DJI Osmo Pocket Charging Case (Part 02)","og_description":"Opladen van de stabilisator Osmo PocketVeilig transportBetrouwbare bevestiging van de stabilisatorPlaats voor accessoires","og_url":"https:\/\/koningdrone.be\/de\/produkt\/dji-osmo-pocket-part-02-charging-case\/","og_site_name":"koningdrone.be","article_modified_time":"2026-04-29T11:10:25+00:00","og_image":[{"width":600,"height":600,"url":"https:\/\/koningdrone.be\/wp-content\/uploads\/sites\/13\/2025\/04\/6958265179778-1.jpg","type":"image\/jpeg"}],"twitter_card":"summary_large_image","twitter_misc":{"Gesch\u00e4tzte Lesezeit":"1\u00a0Minute"},"schema":{"@context":"https:\/\/schema.org","@graph":[{"@type":"WebPage","@id":"https:\/\/koningdrone.be\/product\/dji-osmo-pocket-part-02-charging-case\/","url":"https:\/\/koningdrone.be\/product\/dji-osmo-pocket-part-02-charging-case\/","name":"DJI Osmo Pocket Charging Case (Part 02) - koningdrone.be","isPartOf":{"@id":"https:\/\/koningdrone.be\/#website"},"primaryImageOfPage":{"@id":"https:\/\/koningdrone.be\/product\/dji-osmo-pocket-part-02-charging-case\/#primaryimage"},"image":{"@id":"https:\/\/koningdrone.be\/product\/dji-osmo-pocket-part-02-charging-case\/#primaryimage"},"thumbnailUrl":"https:\/\/koningdrone.be\/wp-content\/uploads\/sites\/13\/2025\/04\/6958265179778-1.jpg","datePublished":"2019-06-18T19:40:19+00:00","dateModified":"2026-04-29T11:10:25+00:00","breadcrumb":{"@id":"https:\/\/koningdrone.be\/product\/dji-osmo-pocket-part-02-charging-case\/#breadcrumb"},"inLanguage":"de","potentialAction":[{"@type":"ReadAction","target":["https:\/\/koningdrone.be\/product\/dji-osmo-pocket-part-02-charging-case\/"]}]},{"@type":"ImageObject","inLanguage":"de","@id":"https:\/\/koningdrone.be\/product\/dji-osmo-pocket-part-02-charging-case\/#primaryimage","url":"https:\/\/koningdrone.be\/wp-content\/uploads\/sites\/13\/2025\/04\/6958265179778-1.jpg","contentUrl":"https:\/\/koningdrone.be\/wp-content\/uploads\/sites\/13\/2025\/04\/6958265179778-1.jpg","width":600,"height":600},{"@type":"BreadcrumbList","@id":"https:\/\/koningdrone.be\/product\/dji-osmo-pocket-part-02-charging-case\/#breadcrumb","itemListElement":[{"@type":"ListItem","position":1,"name":"Home","item":"https:\/\/koningdrone.be\/"},{"@type":"ListItem","position":2,"name":"AVSS Parachute Recovery System for DJI Matrice 300\/350","item":"https:\/\/koningdrone.be\/product\/avss-parachute-recovery-system-for-dji-matrice-300-350\/"},{"@type":"ListItem","position":3,"name":"Alle handheld gimbals","item":"https:\/\/koningdrone.be\/categorie\/alle-handheld-gimbals\/"},{"@type":"ListItem","position":4,"name":"DJI Osmo Pocket Charging Case (Part 02)"}]},{"@type":"WebSite","@id":"https:\/\/koningdrone.be\/#website","url":"https:\/\/koningdrone.be\/","name":"Koningdrone.be - Ihr Online-Spezialist f\u00fcr Drohnen, Gimbals, Kameras und Kraftwerke.","description":"Der Webshop f\u00fcr Drohnen und Gimbals","publisher":{"@id":"https:\/\/koningdrone.be\/#organization"},"potentialAction":[{"@type":"SearchAction","target":{"@type":"EntryPoint","urlTemplate":"https:\/\/koningdrone.be\/?s={search_term_string}"},"query-input":{"@type":"PropertyValueSpecification","valueRequired":true,"valueName":"search_term_string"}}],"inLanguage":"de"},{"@type":"Organization","@id":"https:\/\/koningdrone.be\/#organization","name":"Kingdrone.de","url":"https:\/\/koningdrone.be\/","logo":{"@type":"ImageObject","inLanguage":"de","@id":"https:\/\/koningdrone.be\/#\/schema\/logo\/image\/","url":"https:\/\/koningdrone.be\/wp-content\/uploads\/sites\/13\/2025\/04\/koningdrone-copyright-logo.svg","contentUrl":"https:\/\/koningdrone.be\/wp-content\/uploads\/sites\/13\/2025\/04\/koningdrone-copyright-logo.svg","width":227,"height":38,"caption":"Koningdrone.be"},"image":{"@id":"https:\/\/koningdrone.be\/#\/schema\/logo\/image\/"}}]}},"df_price":"","df_sale_price":"","df_regular_price":"","df_image_link":"https:\/\/koningdrone.be\/wp-content\/uploads\/sites\/13\/2025\/04\/6958265179778-1-300x300.jpg","_links":{"self":[{"href":"https:\/\/koningdrone.be\/de\/wp-json\/wp\/v2\/product\/7588","targetHints":{"allow":["GET"]}}],"collection":[{"href":"https:\/\/koningdrone.be\/de\/wp-json\/wp\/v2\/product"}],"about":[{"href":"https:\/\/koningdrone.be\/de\/wp-json\/wp\/v2\/types\/product"}],"wp:featuredmedia":[{"embeddable":true,"href":"https:\/\/koningdrone.be\/de\/wp-json\/wp\/v2\/media\/7585"}],"wp:attachment":[{"href":"https:\/\/koningdrone.be\/de\/wp-json\/wp\/v2\/media?parent=7588"}],"wp:term":[{"taxonomy":"product_brand","embeddable":true,"href":"https:\/\/koningdrone.be\/de\/wp-json\/wp\/v2\/product_brand?post=7588"},{"taxonomy":"product_cat","embeddable":true,"href":"https:\/\/koningdrone.be\/de\/wp-json\/wp\/v2\/product_cat?post=7588"},{"taxonomy":"product_tag","embeddable":true,"href":"https:\/\/koningdrone.be\/de\/wp-json\/wp\/v2\/product_tag?post=7588"}],"curies":[{"name":"wp","href":"https:\/\/api.w.org\/{rel}","templated":true}]}}