{"id":7579,"date":"2019-06-18T21:40:23","date_gmt":"2019-06-18T19:40:23","guid":{"rendered":"https:\/\/koningdrone.nl\/kon\/product\/dji-ronin-s\/"},"modified":"2026-04-29T10:20:44","modified_gmt":"2026-04-29T08:20:44","slug":"dji-ronin-s","status":"publish","type":"product","link":"https:\/\/koningdrone.be\/de\/produkt\/dji-ronin-s\/","title":{"rendered":"DJI Ronin-S"},"content":{"rendered":"<h1>DJI Ronin-S<\/h1>\n<p>Mit dem DJI Ronin-S k\u00f6nnen Sie ganz einfach stabile Aufnahmen machen, w\u00e4hrend Sie sich bewegen. Nehmen Sie zum Beispiel eine Veranstaltung, einen Ausflug oder ein Sportspiel auf. Sie verwenden den Stabilisator mit einer System- oder Spiegelreflexkamera. Der leistungsstarke Motor stabilisiert Ihre Bilder, wenn der Gimbal an einem sich bewegenden Objekt angebracht ist. Er stabilisiert bis zu einer Geschwindigkeit von 75 Stundenkilometern. Durch Drehen des Fokusrads stellen Sie Ihr Motiv genau scharf. Mit nur einem Tastendruck wechseln Sie zwischen verschiedenen Modi. Verwenden Sie z. B. den Sportmodus, um sich schnell bewegende Motive klar zu erfassen. An den Stabilisator kann verschiedenes Zubeh\u00f6r angeschlossen werden, wodurch er sich auch f\u00fcr die professionelle Filmindustrie eignet. Denken Sie an eine Fernbedienung oder ein externes Mikrofon.<\/p>\n<p><strong>Bequemlichkeit und Einfachheit<\/strong><br \/>Unterwegs mit spiegelnden und spiegellosen Kameras zu fotografieren, war bisher immer eine schwierige Aufgabe. Das Erscheinen der neuen Generation des Handstabilisators Ronin-S auf dem Markt ist eine gro\u00dfartige Gelegenheit f\u00fcr viele Amateure und Profis, ihre kreativen Ideen auf die bequemste Weise zu verwirklichen.<\/p>\n<p><strong>Stabilisierungssystem<\/strong><br \/>Die im Ronin-S integrierte Stabilisierungstechnologie ist mit \u00e4hnlichen Kamera- und Objektivtechnologien kompatibel. Dieser Ansatz sorgt f\u00fcr bessere Aufnahmeergebnisse und funktioniert perfekt mit Kameras mit einem Objektiv mit hohem Zoomfaktor und einem \u00e4u\u00dferen Zoomring.<\/p>\n<p><strong>Push-Modus<\/strong><br \/>Schalten Sie den Ronin-S einfach ein und bereiten Sie ihn f\u00fcr die Aufnahme vor, um die Dreh- oder Neigungsachsen im Push-Modus einzustellen. Diese einfache Prozedur. Dar\u00fcber hinaus k\u00f6nnen Sie spezielle Verriegelungen der Achsen verwenden, um die Vorbereitung des Ger\u00e4ts f\u00fcr die Aufnahme zu beschleunigen.<\/p>\n<p><b>Schneller Batteriewechsel<\/b><br \/>Ein im laufenden Betrieb austauschbarer Akku spart beim Fotografieren viel Zeit, vor allem, wenn Sie die Kamera lange genug verwenden m\u00fcssen. Die Suspension Ronin-S hat einfach die Funktion des schnellen Batteriewechsels, ohne das Ger\u00e4t auszuschalten. Es ist sehr einfach, bequem und v\u00f6llig sicher, eine neue Batterie zu installieren.<\/p>","protected":false},"excerpt":{"rendered":"<ul>\n<li>Stabilisator f\u00fcr SLR- und spiegellose Kameras<\/li>\n<li>Modernes Design und komfortables Design<\/li>\n<li>St\u00e4ndiger Zugriff auf den Kamerabildschirm dank des einzigartigen Laufwerks<\/li>\n<li>Einfache Bedienung mit einer Hand<\/li>\n<li>M\u00f6glichkeit, zus\u00e4tzliche Ger\u00e4te anzuschlie\u00dfen<\/li>\n<\/ul>","protected":false},"featured_media":7576,"template":"","meta":{"_acf_changed":false},"product_brand":[],"product_cat":[315,410,97,265,579],"product_tag":[],"class_list":{"0":"post-7579","1":"product","2":"type-product","3":"status-publish","4":"has-post-thumbnail","6":"product_cat-alle-gimbals-en-cameras","7":"product_cat-alle-handheld-gimbals","8":"product_cat-alle-producten","9":"product_cat-dji-ronin","10":"product_cat-dji-ronin-s","11":"product_shipping_class-outofstock","12":"pa_brand-dji","13":"pa_productfamily-gimbal","14":"pa_producttype-gimbal","15":"pa_series-ronin-s","17":"first","18":"outofstock","19":"taxable","20":"shipping-taxable","21":"product-type-simple"},"acf":[],"yoast_head":"<!-- This site is optimized with the Yoast SEO Premium plugin v27.2 (Yoast SEO v27.2) - https:\/\/yoast.com\/product\/yoast-seo-premium-wordpress\/ -->\n<title>DJI Ronin-S - koningdrone.be<\/title>\n<meta name=\"robots\" content=\"index, follow, max-snippet:-1, max-image-preview:large, max-video-preview:-1\" \/>\n<link rel=\"canonical\" href=\"https:\/\/koningdrone.be\/de\/produkt\/dji-ronin-s\/\" \/>\n<meta property=\"og:locale\" content=\"de_DE\" \/>\n<meta property=\"og:type\" content=\"article\" \/>\n<meta property=\"og:title\" content=\"DJI Ronin-S\" \/>\n<meta property=\"og:description\" content=\"Stabilisator voor spiegelreflexcamera&#039;s en spiegelloze camera&#039;sModern ontwerp en comfortabel ontwerpPermanente toegang tot het camerascherm dankzij de unieke driveEenvoudige bediening met \u00e9\u00e9n handMogelijkheid om extra apparaten aan te sluiten\" \/>\n<meta property=\"og:url\" content=\"https:\/\/koningdrone.be\/de\/produkt\/dji-ronin-s\/\" \/>\n<meta property=\"og:site_name\" content=\"koningdrone.be\" \/>\n<meta property=\"article:modified_time\" content=\"2026-04-29T08:20:44+00:00\" \/>\n<meta property=\"og:image\" content=\"https:\/\/koningdrone.be\/wp-content\/uploads\/sites\/13\/2025\/04\/6958265171338-1.jpg\" \/>\n\t<meta property=\"og:image:width\" content=\"600\" \/>\n\t<meta property=\"og:image:height\" content=\"600\" \/>\n\t<meta property=\"og:image:type\" content=\"image\/jpeg\" \/>\n<meta name=\"twitter:card\" content=\"summary_large_image\" \/>\n<meta name=\"twitter:label1\" content=\"Gesch\u00e4tzte Lesezeit\" \/>\n\t<meta name=\"twitter:data1\" content=\"2\u00a0Minuten\" \/>\n<script type=\"application\/ld+json\" class=\"yoast-schema-graph\">{\"@context\":\"https:\/\/schema.org\",\"@graph\":[{\"@type\":\"WebPage\",\"@id\":\"https:\/\/koningdrone.be\/product\/dji-ronin-s\/\",\"url\":\"https:\/\/koningdrone.be\/product\/dji-ronin-s\/\",\"name\":\"DJI Ronin-S - koningdrone.be\",\"isPartOf\":{\"@id\":\"https:\/\/koningdrone.be\/#website\"},\"primaryImageOfPage\":{\"@id\":\"https:\/\/koningdrone.be\/product\/dji-ronin-s\/#primaryimage\"},\"image\":{\"@id\":\"https:\/\/koningdrone.be\/product\/dji-ronin-s\/#primaryimage\"},\"thumbnailUrl\":\"https:\/\/koningdrone.be\/wp-content\/uploads\/sites\/13\/2025\/04\/6958265171338-1.jpg\",\"datePublished\":\"2019-06-18T19:40:23+00:00\",\"dateModified\":\"2026-04-29T08:20:44+00:00\",\"breadcrumb\":{\"@id\":\"https:\/\/koningdrone.be\/product\/dji-ronin-s\/#breadcrumb\"},\"inLanguage\":\"de\",\"potentialAction\":[{\"@type\":\"ReadAction\",\"target\":[\"https:\/\/koningdrone.be\/product\/dji-ronin-s\/\"]}]},{\"@type\":\"ImageObject\",\"inLanguage\":\"de\",\"@id\":\"https:\/\/koningdrone.be\/product\/dji-ronin-s\/#primaryimage\",\"url\":\"https:\/\/koningdrone.be\/wp-content\/uploads\/sites\/13\/2025\/04\/6958265171338-1.jpg\",\"contentUrl\":\"https:\/\/koningdrone.be\/wp-content\/uploads\/sites\/13\/2025\/04\/6958265171338-1.jpg\",\"width\":600,\"height\":600},{\"@type\":\"BreadcrumbList\",\"@id\":\"https:\/\/koningdrone.be\/product\/dji-ronin-s\/#breadcrumb\",\"itemListElement\":[{\"@type\":\"ListItem\",\"position\":1,\"name\":\"Home\",\"item\":\"https:\/\/koningdrone.be\/\"},{\"@type\":\"ListItem\",\"position\":2,\"name\":\"AVSS Parachute Recovery System for DJI Matrice 300\/350\",\"item\":\"https:\/\/koningdrone.be\/product\/avss-parachute-recovery-system-for-dji-matrice-300-350\/\"},{\"@type\":\"ListItem\",\"position\":3,\"name\":\"Alle gimbals en cameras\",\"item\":\"https:\/\/koningdrone.be\/categorie\/alle-gimbals-en-cameras\/\"},{\"@type\":\"ListItem\",\"position\":4,\"name\":\"DJI Ronin-S\"}]},{\"@type\":\"WebSite\",\"@id\":\"https:\/\/koningdrone.be\/#website\",\"url\":\"https:\/\/koningdrone.be\/\",\"name\":\"Koningdrone.be - Uw online specialist in drones, gimbals, camera's en power stations.\",\"description\":\"De webshop in drones en gimbals\",\"publisher\":{\"@id\":\"https:\/\/koningdrone.be\/#organization\"},\"potentialAction\":[{\"@type\":\"SearchAction\",\"target\":{\"@type\":\"EntryPoint\",\"urlTemplate\":\"https:\/\/koningdrone.be\/?s={search_term_string}\"},\"query-input\":{\"@type\":\"PropertyValueSpecification\",\"valueRequired\":true,\"valueName\":\"search_term_string\"}}],\"inLanguage\":\"de\"},{\"@type\":\"Organization\",\"@id\":\"https:\/\/koningdrone.be\/#organization\",\"name\":\"Koningdrone.be\",\"url\":\"https:\/\/koningdrone.be\/\",\"logo\":{\"@type\":\"ImageObject\",\"inLanguage\":\"de\",\"@id\":\"https:\/\/koningdrone.be\/#\/schema\/logo\/image\/\",\"url\":\"https:\/\/koningdrone.be\/wp-content\/uploads\/sites\/13\/2025\/04\/koningdrone-copyright-logo.svg\",\"contentUrl\":\"https:\/\/koningdrone.be\/wp-content\/uploads\/sites\/13\/2025\/04\/koningdrone-copyright-logo.svg\",\"width\":227,\"height\":38,\"caption\":\"Koningdrone.be\"},\"image\":{\"@id\":\"https:\/\/koningdrone.be\/#\/schema\/logo\/image\/\"}}]}<\/script>\n<!-- \/ Yoast SEO Premium plugin. -->","yoast_head_json":{"title":"DJI Ronin-S - koningdrone.be","robots":{"index":"index","follow":"follow","max-snippet":"max-snippet:-1","max-image-preview":"max-image-preview:large","max-video-preview":"max-video-preview:-1"},"canonical":"https:\/\/koningdrone.be\/de\/produkt\/dji-ronin-s\/","og_locale":"de_DE","og_type":"article","og_title":"DJI Ronin-S","og_description":"Stabilisator voor spiegelreflexcamera's en spiegelloze camera'sModern ontwerp en comfortabel ontwerpPermanente toegang tot het camerascherm dankzij de unieke driveEenvoudige bediening met \u00e9\u00e9n handMogelijkheid om extra apparaten aan te sluiten","og_url":"https:\/\/koningdrone.be\/de\/produkt\/dji-ronin-s\/","og_site_name":"koningdrone.be","article_modified_time":"2026-04-29T08:20:44+00:00","og_image":[{"width":600,"height":600,"url":"https:\/\/koningdrone.be\/wp-content\/uploads\/sites\/13\/2025\/04\/6958265171338-1.jpg","type":"image\/jpeg"}],"twitter_card":"summary_large_image","twitter_misc":{"Gesch\u00e4tzte Lesezeit":"2\u00a0Minuten"},"schema":{"@context":"https:\/\/schema.org","@graph":[{"@type":"WebPage","@id":"https:\/\/koningdrone.be\/product\/dji-ronin-s\/","url":"https:\/\/koningdrone.be\/product\/dji-ronin-s\/","name":"DJI Ronin-S - koningdrone.be","isPartOf":{"@id":"https:\/\/koningdrone.be\/#website"},"primaryImageOfPage":{"@id":"https:\/\/koningdrone.be\/product\/dji-ronin-s\/#primaryimage"},"image":{"@id":"https:\/\/koningdrone.be\/product\/dji-ronin-s\/#primaryimage"},"thumbnailUrl":"https:\/\/koningdrone.be\/wp-content\/uploads\/sites\/13\/2025\/04\/6958265171338-1.jpg","datePublished":"2019-06-18T19:40:23+00:00","dateModified":"2026-04-29T08:20:44+00:00","breadcrumb":{"@id":"https:\/\/koningdrone.be\/product\/dji-ronin-s\/#breadcrumb"},"inLanguage":"de","potentialAction":[{"@type":"ReadAction","target":["https:\/\/koningdrone.be\/product\/dji-ronin-s\/"]}]},{"@type":"ImageObject","inLanguage":"de","@id":"https:\/\/koningdrone.be\/product\/dji-ronin-s\/#primaryimage","url":"https:\/\/koningdrone.be\/wp-content\/uploads\/sites\/13\/2025\/04\/6958265171338-1.jpg","contentUrl":"https:\/\/koningdrone.be\/wp-content\/uploads\/sites\/13\/2025\/04\/6958265171338-1.jpg","width":600,"height":600},{"@type":"BreadcrumbList","@id":"https:\/\/koningdrone.be\/product\/dji-ronin-s\/#breadcrumb","itemListElement":[{"@type":"ListItem","position":1,"name":"Home","item":"https:\/\/koningdrone.be\/"},{"@type":"ListItem","position":2,"name":"AVSS Parachute Recovery System for DJI Matrice 300\/350","item":"https:\/\/koningdrone.be\/product\/avss-parachute-recovery-system-for-dji-matrice-300-350\/"},{"@type":"ListItem","position":3,"name":"Alle gimbals en cameras","item":"https:\/\/koningdrone.be\/categorie\/alle-gimbals-en-cameras\/"},{"@type":"ListItem","position":4,"name":"DJI Ronin-S"}]},{"@type":"WebSite","@id":"https:\/\/koningdrone.be\/#website","url":"https:\/\/koningdrone.be\/","name":"Koningdrone.be - Ihr Online-Spezialist f\u00fcr Drohnen, Gimbals, Kameras und Kraftwerke.","description":"Der Webshop f\u00fcr Drohnen und Gimbals","publisher":{"@id":"https:\/\/koningdrone.be\/#organization"},"potentialAction":[{"@type":"SearchAction","target":{"@type":"EntryPoint","urlTemplate":"https:\/\/koningdrone.be\/?s={search_term_string}"},"query-input":{"@type":"PropertyValueSpecification","valueRequired":true,"valueName":"search_term_string"}}],"inLanguage":"de"},{"@type":"Organization","@id":"https:\/\/koningdrone.be\/#organization","name":"Kingdrone.de","url":"https:\/\/koningdrone.be\/","logo":{"@type":"ImageObject","inLanguage":"de","@id":"https:\/\/koningdrone.be\/#\/schema\/logo\/image\/","url":"https:\/\/koningdrone.be\/wp-content\/uploads\/sites\/13\/2025\/04\/koningdrone-copyright-logo.svg","contentUrl":"https:\/\/koningdrone.be\/wp-content\/uploads\/sites\/13\/2025\/04\/koningdrone-copyright-logo.svg","width":227,"height":38,"caption":"Koningdrone.be"},"image":{"@id":"https:\/\/koningdrone.be\/#\/schema\/logo\/image\/"}}]}},"df_price":"","df_sale_price":"","df_regular_price":"","df_image_link":"https:\/\/koningdrone.be\/wp-content\/uploads\/sites\/13\/2025\/04\/6958265171338-1-300x300.jpg","_links":{"self":[{"href":"https:\/\/koningdrone.be\/de\/wp-json\/wp\/v2\/product\/7579","targetHints":{"allow":["GET"]}}],"collection":[{"href":"https:\/\/koningdrone.be\/de\/wp-json\/wp\/v2\/product"}],"about":[{"href":"https:\/\/koningdrone.be\/de\/wp-json\/wp\/v2\/types\/product"}],"wp:featuredmedia":[{"embeddable":true,"href":"https:\/\/koningdrone.be\/de\/wp-json\/wp\/v2\/media\/7576"}],"wp:attachment":[{"href":"https:\/\/koningdrone.be\/de\/wp-json\/wp\/v2\/media?parent=7579"}],"wp:term":[{"taxonomy":"product_brand","embeddable":true,"href":"https:\/\/koningdrone.be\/de\/wp-json\/wp\/v2\/product_brand?post=7579"},{"taxonomy":"product_cat","embeddable":true,"href":"https:\/\/koningdrone.be\/de\/wp-json\/wp\/v2\/product_cat?post=7579"},{"taxonomy":"product_tag","embeddable":true,"href":"https:\/\/koningdrone.be\/de\/wp-json\/wp\/v2\/product_tag?post=7579"}],"curies":[{"name":"wp","href":"https:\/\/api.w.org\/{rel}","templated":true}]}}