{"id":7428,"date":"2019-11-15T11:48:45","date_gmt":"2019-11-15T10:48:45","guid":{"rendered":"https:\/\/koningdrone.nl\/kon\/product\/dji-fpv-remote-controller-mode-1\/"},"modified":"2026-04-29T07:00:22","modified_gmt":"2026-04-29T05:00:22","slug":"dji-fpv-remote-controller-mode-1","status":"publish","type":"product","link":"https:\/\/koningdrone.be\/de\/produkt\/dji-fpv-remote-controller-mode-1\/","title":{"rendered":"DJI FPV-Fernsteuerung (Modus 1)"},"content":{"rendered":"<h1>DJI FPV-Fernsteuerung (Modus 1)<\/h1>\n<p>Mit der DJI FPV-Fernsteuerung k\u00f6nnen die Parameter der einzelnen Komponenten aus der Ferne eingestellt werden. Durch den Kauf der DJI FPV Goggles und der DJI FPV Air Unit entf\u00e4llt die Notwendigkeit eines zus\u00e4tzlichen Empf\u00e4ngers. Die Benutzer k\u00f6nnen au\u00dferdem eine extrem niedrige Latenzzeit von 7 ms zwischen der Fernsteuerung und der Air Unit genie\u00dfen.<\/p>\n<p>Tipps<br \/>Es wird empfohlen, den USB-Adapter von DJI Goggles RE, Ronin-S, Spark oder einen FCC \/ CE-zertifizierten USB-Adapter zu verwenden, der Quick Charge 2.0 unterst\u00fctzt.<br \/>Wenn Sie die DJI FPV-Brille und die DJI FPV-Fernsteuerung gleichzeitig verwenden, m\u00fcssen Sie zuerst die Lufteinheit und die Brille und dann die Fernsteuerung koppeln.<\/p>\n<p>Besteck<\/p>\n<p>Fernsteuerung<br \/>Gewicht: 765 Gramm<br \/>Betriebsfrequenz: 5,725-5,850 GHz<br \/>Max. \u00dcbertragungsentfernung (frei, st\u00f6rungsfrei): FCC \/ SRRC: 4 km; CE: 0,7 km<br \/>Ausgangsleistung des Senders (EIRP): FCC: &lt;30 dBm; CE: &lt;14 dBm; Seal Cr\u00e8che: &lt;19dBm<br \/>Betriebsstrom\/-spannung: 0,6 A @ 7,6 V<br \/>Betriebstemperatur: 0 \u00b0C bis 40 \u00b0C (32 \u00b0 bis 104 \u00b0 F)<br \/>Ladetemperatur: 5 \u00b0C bis 40 \u00b0C (41 \u00b0 bis 104 \u00b0 F)<\/p>\n<p>Fernbedienung Intelligente Batterie<br \/>Akku-Typ: LiPo 2S<br \/>Kapazit\u00e4t: 4920 mAh<br \/>Spannung: 7,6 V<br \/>Energie: 37,39 Wh<\/p>","protected":false},"excerpt":{"rendered":"<ul>\n<li>Erm\u00f6glicht Ihnen die Fernsteuerung jedes Teils des FPV-Systems<\/li>\n<li>Mit dem Kauf einer DJI FPV-Brille und einer DJI FPV Air-Fernsteuerung entf\u00e4llt die Notwendigkeit zus\u00e4tzlicher Empf\u00e4nger.<\/li>\n<li>Ultra-niedrige Latenzzeit 7 ms<\/li>\n<\/ul>","protected":false},"featured_media":7424,"template":"","meta":{"_acf_changed":false},"product_brand":[],"product_cat":[122,97,719],"product_tag":[],"class_list":{"0":"post-7428","1":"product","2":"type-product","3":"status-publish","4":"has-post-thumbnail","6":"product_cat-alle-afstandsbedieningen","7":"product_cat-alle-producten","8":"product_cat-dji-fpv","9":"product_shipping_class-outofstock","10":"pa_brand-dji","11":"pa_productfamily-afstandsbediening","12":"pa_producttype-afstandsbediening","13":"pa_series-goggles-v1","15":"first","16":"outofstock","17":"taxable","18":"shipping-taxable","19":"product-type-simple"},"acf":[],"yoast_head":"<!-- This site is optimized with the Yoast SEO Premium plugin v27.2 (Yoast SEO v27.2) - https:\/\/yoast.com\/product\/yoast-seo-premium-wordpress\/ -->\n<title>DJI FPV Remote Controller (Mode 1) - koningdrone.be<\/title>\n<meta name=\"robots\" content=\"index, follow, max-snippet:-1, max-image-preview:large, max-video-preview:-1\" \/>\n<link rel=\"canonical\" href=\"https:\/\/koningdrone.be\/de\/produkt\/dji-fpv-remote-controller-mode-1\/\" \/>\n<meta property=\"og:locale\" content=\"de_DE\" \/>\n<meta property=\"og:type\" content=\"article\" \/>\n<meta property=\"og:title\" content=\"DJI FPV Remote Controller (Mode 1)\" \/>\n<meta property=\"og:description\" content=\"Hiermee kunt u elk onderdeel van het FPV-systeem op afstand bedienenDoor de aankoop van een DJI FPV-bril en een DJI FPV Air-afstandsbediening zijn er geen extra ontvangers nodig.Ultra-lage latentie 7 ms\" \/>\n<meta property=\"og:url\" content=\"https:\/\/koningdrone.be\/de\/produkt\/dji-fpv-remote-controller-mode-1\/\" \/>\n<meta property=\"og:site_name\" content=\"koningdrone.be\" \/>\n<meta property=\"article:modified_time\" content=\"2026-04-29T05:00:22+00:00\" \/>\n<meta property=\"og:image\" content=\"https:\/\/koningdrone.be\/wp-content\/uploads\/sites\/13\/2025\/04\/6958265190339-1.jpg\" \/>\n\t<meta property=\"og:image:width\" content=\"660\" \/>\n\t<meta property=\"og:image:height\" content=\"660\" \/>\n\t<meta property=\"og:image:type\" content=\"image\/jpeg\" \/>\n<meta name=\"twitter:card\" content=\"summary_large_image\" \/>\n<meta name=\"twitter:label1\" content=\"Gesch\u00e4tzte Lesezeit\" \/>\n\t<meta name=\"twitter:data1\" content=\"1\u00a0Minute\" \/>\n<script type=\"application\/ld+json\" class=\"yoast-schema-graph\">{\"@context\":\"https:\/\/schema.org\",\"@graph\":[{\"@type\":\"WebPage\",\"@id\":\"https:\/\/koningdrone.be\/product\/dji-fpv-remote-controller-mode-1\/\",\"url\":\"https:\/\/koningdrone.be\/product\/dji-fpv-remote-controller-mode-1\/\",\"name\":\"DJI FPV Remote Controller (Mode 1) - koningdrone.be\",\"isPartOf\":{\"@id\":\"https:\/\/koningdrone.be\/#website\"},\"primaryImageOfPage\":{\"@id\":\"https:\/\/koningdrone.be\/product\/dji-fpv-remote-controller-mode-1\/#primaryimage\"},\"image\":{\"@id\":\"https:\/\/koningdrone.be\/product\/dji-fpv-remote-controller-mode-1\/#primaryimage\"},\"thumbnailUrl\":\"https:\/\/koningdrone.be\/wp-content\/uploads\/sites\/13\/2025\/04\/6958265190339-1.jpg\",\"datePublished\":\"2019-11-15T10:48:45+00:00\",\"dateModified\":\"2026-04-29T05:00:22+00:00\",\"breadcrumb\":{\"@id\":\"https:\/\/koningdrone.be\/product\/dji-fpv-remote-controller-mode-1\/#breadcrumb\"},\"inLanguage\":\"de\",\"potentialAction\":[{\"@type\":\"ReadAction\",\"target\":[\"https:\/\/koningdrone.be\/product\/dji-fpv-remote-controller-mode-1\/\"]}]},{\"@type\":\"ImageObject\",\"inLanguage\":\"de\",\"@id\":\"https:\/\/koningdrone.be\/product\/dji-fpv-remote-controller-mode-1\/#primaryimage\",\"url\":\"https:\/\/koningdrone.be\/wp-content\/uploads\/sites\/13\/2025\/04\/6958265190339-1.jpg\",\"contentUrl\":\"https:\/\/koningdrone.be\/wp-content\/uploads\/sites\/13\/2025\/04\/6958265190339-1.jpg\",\"width\":660,\"height\":660},{\"@type\":\"BreadcrumbList\",\"@id\":\"https:\/\/koningdrone.be\/product\/dji-fpv-remote-controller-mode-1\/#breadcrumb\",\"itemListElement\":[{\"@type\":\"ListItem\",\"position\":1,\"name\":\"Home\",\"item\":\"https:\/\/koningdrone.be\/\"},{\"@type\":\"ListItem\",\"position\":2,\"name\":\"AVSS Parachute Recovery System for DJI Matrice 300\/350\",\"item\":\"https:\/\/koningdrone.be\/product\/avss-parachute-recovery-system-for-dji-matrice-300-350\/\"},{\"@type\":\"ListItem\",\"position\":3,\"name\":\"Alle afstandsbedieningen\",\"item\":\"https:\/\/koningdrone.be\/categorie\/alle-afstandsbedieningen\/\"},{\"@type\":\"ListItem\",\"position\":4,\"name\":\"DJI FPV Remote Controller (Mode 1)\"}]},{\"@type\":\"WebSite\",\"@id\":\"https:\/\/koningdrone.be\/#website\",\"url\":\"https:\/\/koningdrone.be\/\",\"name\":\"Koningdrone.be - Uw online specialist in drones, gimbals, camera's en power stations.\",\"description\":\"De webshop in drones en gimbals\",\"publisher\":{\"@id\":\"https:\/\/koningdrone.be\/#organization\"},\"potentialAction\":[{\"@type\":\"SearchAction\",\"target\":{\"@type\":\"EntryPoint\",\"urlTemplate\":\"https:\/\/koningdrone.be\/?s={search_term_string}\"},\"query-input\":{\"@type\":\"PropertyValueSpecification\",\"valueRequired\":true,\"valueName\":\"search_term_string\"}}],\"inLanguage\":\"de\"},{\"@type\":\"Organization\",\"@id\":\"https:\/\/koningdrone.be\/#organization\",\"name\":\"Koningdrone.be\",\"url\":\"https:\/\/koningdrone.be\/\",\"logo\":{\"@type\":\"ImageObject\",\"inLanguage\":\"de\",\"@id\":\"https:\/\/koningdrone.be\/#\/schema\/logo\/image\/\",\"url\":\"https:\/\/koningdrone.be\/wp-content\/uploads\/sites\/13\/2025\/04\/koningdrone-copyright-logo.svg\",\"contentUrl\":\"https:\/\/koningdrone.be\/wp-content\/uploads\/sites\/13\/2025\/04\/koningdrone-copyright-logo.svg\",\"width\":227,\"height\":38,\"caption\":\"Koningdrone.be\"},\"image\":{\"@id\":\"https:\/\/koningdrone.be\/#\/schema\/logo\/image\/\"}}]}<\/script>\n<!-- \/ Yoast SEO Premium plugin. -->","yoast_head_json":{"title":"DJI FPV Remote Controller (Mode 1) - koningdrone.be","robots":{"index":"index","follow":"follow","max-snippet":"max-snippet:-1","max-image-preview":"max-image-preview:large","max-video-preview":"max-video-preview:-1"},"canonical":"https:\/\/koningdrone.be\/de\/produkt\/dji-fpv-remote-controller-mode-1\/","og_locale":"de_DE","og_type":"article","og_title":"DJI FPV Remote Controller (Mode 1)","og_description":"Hiermee kunt u elk onderdeel van het FPV-systeem op afstand bedienenDoor de aankoop van een DJI FPV-bril en een DJI FPV Air-afstandsbediening zijn er geen extra ontvangers nodig.Ultra-lage latentie 7 ms","og_url":"https:\/\/koningdrone.be\/de\/produkt\/dji-fpv-remote-controller-mode-1\/","og_site_name":"koningdrone.be","article_modified_time":"2026-04-29T05:00:22+00:00","og_image":[{"width":660,"height":660,"url":"https:\/\/koningdrone.be\/wp-content\/uploads\/sites\/13\/2025\/04\/6958265190339-1.jpg","type":"image\/jpeg"}],"twitter_card":"summary_large_image","twitter_misc":{"Gesch\u00e4tzte Lesezeit":"1\u00a0Minute"},"schema":{"@context":"https:\/\/schema.org","@graph":[{"@type":"WebPage","@id":"https:\/\/koningdrone.be\/product\/dji-fpv-remote-controller-mode-1\/","url":"https:\/\/koningdrone.be\/product\/dji-fpv-remote-controller-mode-1\/","name":"DJI FPV Remote Controller (Mode 1) - koningdrone.be","isPartOf":{"@id":"https:\/\/koningdrone.be\/#website"},"primaryImageOfPage":{"@id":"https:\/\/koningdrone.be\/product\/dji-fpv-remote-controller-mode-1\/#primaryimage"},"image":{"@id":"https:\/\/koningdrone.be\/product\/dji-fpv-remote-controller-mode-1\/#primaryimage"},"thumbnailUrl":"https:\/\/koningdrone.be\/wp-content\/uploads\/sites\/13\/2025\/04\/6958265190339-1.jpg","datePublished":"2019-11-15T10:48:45+00:00","dateModified":"2026-04-29T05:00:22+00:00","breadcrumb":{"@id":"https:\/\/koningdrone.be\/product\/dji-fpv-remote-controller-mode-1\/#breadcrumb"},"inLanguage":"de","potentialAction":[{"@type":"ReadAction","target":["https:\/\/koningdrone.be\/product\/dji-fpv-remote-controller-mode-1\/"]}]},{"@type":"ImageObject","inLanguage":"de","@id":"https:\/\/koningdrone.be\/product\/dji-fpv-remote-controller-mode-1\/#primaryimage","url":"https:\/\/koningdrone.be\/wp-content\/uploads\/sites\/13\/2025\/04\/6958265190339-1.jpg","contentUrl":"https:\/\/koningdrone.be\/wp-content\/uploads\/sites\/13\/2025\/04\/6958265190339-1.jpg","width":660,"height":660},{"@type":"BreadcrumbList","@id":"https:\/\/koningdrone.be\/product\/dji-fpv-remote-controller-mode-1\/#breadcrumb","itemListElement":[{"@type":"ListItem","position":1,"name":"Home","item":"https:\/\/koningdrone.be\/"},{"@type":"ListItem","position":2,"name":"AVSS Parachute Recovery System for DJI Matrice 300\/350","item":"https:\/\/koningdrone.be\/product\/avss-parachute-recovery-system-for-dji-matrice-300-350\/"},{"@type":"ListItem","position":3,"name":"Alle afstandsbedieningen","item":"https:\/\/koningdrone.be\/categorie\/alle-afstandsbedieningen\/"},{"@type":"ListItem","position":4,"name":"DJI FPV Remote Controller (Mode 1)"}]},{"@type":"WebSite","@id":"https:\/\/koningdrone.be\/#website","url":"https:\/\/koningdrone.be\/","name":"Koningdrone.be - Ihr Online-Spezialist f\u00fcr Drohnen, Gimbals, Kameras und Kraftwerke.","description":"Der Webshop f\u00fcr Drohnen und Gimbals","publisher":{"@id":"https:\/\/koningdrone.be\/#organization"},"potentialAction":[{"@type":"SearchAction","target":{"@type":"EntryPoint","urlTemplate":"https:\/\/koningdrone.be\/?s={search_term_string}"},"query-input":{"@type":"PropertyValueSpecification","valueRequired":true,"valueName":"search_term_string"}}],"inLanguage":"de"},{"@type":"Organization","@id":"https:\/\/koningdrone.be\/#organization","name":"Kingdrone.de","url":"https:\/\/koningdrone.be\/","logo":{"@type":"ImageObject","inLanguage":"de","@id":"https:\/\/koningdrone.be\/#\/schema\/logo\/image\/","url":"https:\/\/koningdrone.be\/wp-content\/uploads\/sites\/13\/2025\/04\/koningdrone-copyright-logo.svg","contentUrl":"https:\/\/koningdrone.be\/wp-content\/uploads\/sites\/13\/2025\/04\/koningdrone-copyright-logo.svg","width":227,"height":38,"caption":"Koningdrone.be"},"image":{"@id":"https:\/\/koningdrone.be\/#\/schema\/logo\/image\/"}}]}},"df_price":"","df_sale_price":"","df_regular_price":"","df_image_link":"https:\/\/koningdrone.be\/wp-content\/uploads\/sites\/13\/2025\/04\/6958265190339-1-300x300.jpg","_links":{"self":[{"href":"https:\/\/koningdrone.be\/de\/wp-json\/wp\/v2\/product\/7428","targetHints":{"allow":["GET"]}}],"collection":[{"href":"https:\/\/koningdrone.be\/de\/wp-json\/wp\/v2\/product"}],"about":[{"href":"https:\/\/koningdrone.be\/de\/wp-json\/wp\/v2\/types\/product"}],"wp:featuredmedia":[{"embeddable":true,"href":"https:\/\/koningdrone.be\/de\/wp-json\/wp\/v2\/media\/7424"}],"wp:attachment":[{"href":"https:\/\/koningdrone.be\/de\/wp-json\/wp\/v2\/media?parent=7428"}],"wp:term":[{"taxonomy":"product_brand","embeddable":true,"href":"https:\/\/koningdrone.be\/de\/wp-json\/wp\/v2\/product_brand?post=7428"},{"taxonomy":"product_cat","embeddable":true,"href":"https:\/\/koningdrone.be\/de\/wp-json\/wp\/v2\/product_cat?post=7428"},{"taxonomy":"product_tag","embeddable":true,"href":"https:\/\/koningdrone.be\/de\/wp-json\/wp\/v2\/product_tag?post=7428"}],"curies":[{"name":"wp","href":"https:\/\/api.w.org\/{rel}","templated":true}]}}