{"id":7363,"date":"2019-12-18T00:49:00","date_gmt":"2019-12-17T23:49:00","guid":{"rendered":"https:\/\/koningdrone.nl\/kon\/product\/tello-edu-single-combo\/"},"modified":"2026-04-29T13:10:27","modified_gmt":"2026-04-29T11:10:27","slug":"tello-edu-single-combo","status":"publish","type":"product","link":"https:\/\/koningdrone.be\/de\/produkt\/tello-edu-single-combo\/","title":{"rendered":"Tello EDU Einzel-Kombi"},"content":{"rendered":"<h1>RYZE Tello EDU<\/h1>\n<p>DJI Tello: eine Drohne, die man im Flug programmieren kann<\/p>\n<p>Tello EDU ist ein programmierbares und ultraleichtes Mini-UAV, das H\u00f6hen von bis zu 30 m erreichen und bemerkenswerte akrobatische Bewegungen ausf\u00fchren kann. Saltos, Loopings ... dieser Flugroboter ist kein kleines Veilchen! Sie k\u00f6nnen ihn von Ihrem iPad aus mit der speziellen Tello-App oder einem kompatiblen Bluetooth-Controller steuern. Sie k\u00f6nnen bis zu vier DJI Tello EDU Drohnen gleichzeitig steuern, ideal um Ihre eigene Luftwaffe aufzubauen.<\/p>\n<p>Tellos Lerndrohne kommt mit allem, was ein Programmieranf\u00e4nger braucht. Es gibt eine Swift Playgrounds App mit einer intuitiven Schnittstelle, mit der Sie die ersten Prinzipien der Robotik und der Programmiersprache Swift lernen k\u00f6nnen. Das bedeutet, dass Sie eine Tello \"Scratch\"-Drohne erhalten, die Sie programmieren k\u00f6nnen, indem Sie Steuerbl\u00f6cke so verschieben, wie Sie es w\u00fcnschen. Das Tello Space Travel Tutorial hilft Ihnen, Ihre ersten Schritte mit Swift zu machen, damit Sie Ihre Drohne schnell fliegen k\u00f6nnen.<\/p>\n<p><strong>Erweiterte Tello EDU-Programmierfunktionen<\/strong><br \/>Sobald Sie mit den verschiedenen Steuerungsmodi vertraut sind, die Sie mit Swift oder Scratch programmieren k\u00f6nnen, k\u00f6nnen Sie Ihr Spiel verbessern, indem Sie Flugmissionen mit Missionspads durchf\u00fchren. Diese Karten haben ihre eigene eindeutige ID und k\u00f6nnen in Ihren Code integriert werden. Wenn die Drohne \u00fcber sie fliegt, kann sie programmierte Aktionen ausf\u00fchren, indem sie den verschiedenen Flugkoordinaten folgt.<\/p>\n<p>Und das ist noch nicht alles - Sie k\u00f6nnen auch alle F\u00e4higkeiten der Tello EDU-Videokamera erkunden und Ihrer Drohne beibringen, Objekte zu erkennen oder Ihre Aktionen zu interpretieren. Dar\u00fcber hinaus gibt Ihnen das SDK 2.0, das mit Tello geliefert wird, Zugang zu KI-Entwicklung, 3D-Rekonstruktion, visuellem Servoing und Computerlernfunktionen.<\/p>\n<p><strong>Technische Daten der Tello EDU-Drohne<\/strong><\/p>\n<ul> <\/p>\n<li>5-Megapixel-Fotos<\/li>\n<p> <\/p>\n<li>Flugzeit: 13 min (ohne Wind, bei 15 km\/h)<\/li>\n<p> <\/p>\n<li>Pr\u00e4ziser Gleitflug<\/li>\n<p> <\/p>\n<li>Programmierbare Drohne<\/li>\n<p> <\/p>\n<li>Mehrere Flugmodi<\/li>\n<p> <\/p>\n<li>Max. Geschwindigkeit: 28,8 km\/h<\/li>\n<p> <\/p>\n<li>Betriebstemperaturbereich: 0 bis 40 \u00b0C<\/li>\n<p> <\/p>\n<li>Betriebsfrequenzbereich: 2,4 bis 2,4835 GHz<\/li>\n<p> <\/p>\n<li>Sender: 20 dBm (FCC), 19 dBm (CE), 19 dBm (SRRC)<\/li>\n<p> <\/p>\n<li>Gewicht: 87 g (mit Propellerschutzvorrichtungen)<\/li>\n<p> <\/p>\n<li>Max. Bildgr\u00f6\u00dfe: 2592 x 1936<\/li>\n<p> <\/p>\n<li>Videoformat: MP4<\/li>\n<p> <\/p>\n<li>Fluchtbatterie:<\/li>\n<p> <\/p>\n<li>Kapazit\u00e4t: 1100 mAh<\/li>\n<p> <\/p>\n<li>Nennspannung: 3,8 V<\/li>\n<p> <\/p>\n<li>Akku-Typ: LiPo<\/li>\n<p> <\/p>\n<li>Leistung: 4,18 Wh<\/li>\n<p> <\/p>\n<li>Gewicht: 25 Gramm<\/li>\n<p> <\/p>\n<li>Ladetemperaturbereich: 5 bis 45 \u00b0C<\/li>\n<p> <\/p>\n<li>Max. Ladeleistung: 10W<\/li>\n<p><\/ul>","protected":false},"excerpt":{"rendered":"<ul>\n<li>Flugreichweite: bis zu 100 m<\/li>\n<li>Geschwindigkeit: 8 km\/h<\/li>\n<li>Flugzeit: 13 Minuten<\/li>\n<li>H\u00f6he: bis zu 10 m<\/li>\n<li>FPV: Ansicht aus der ersten Person<\/li>\n<li>Integrierte wiederaufladbare Batterie 3,8 V \/ 1,1 Ah<\/li>\n<li>Ladeanschluss: microUSB<\/li>\n<li>Kameraaufl\u00f6sung: 5 MPx<\/li>\n<li>Winkel: 82,6\u00b0<\/li>\n<li>Videoformat: JPG, MP4<\/li>\n<li>Abmessungen: 98 x 92,5 x 41 mm<\/li>\n<li>Gewicht: 80 Gramm<\/li>\n<\/ul>","protected":false},"featured_media":7357,"template":"","meta":{"_acf_changed":false},"product_brand":[],"product_cat":[135,1316,97,136,1151,177],"product_tag":[],"class_list":{"0":"post-7363","1":"product","2":"type-product","3":"status-publish","4":"has-post-thumbnail","6":"product_cat-alle-drones","7":"product_cat-alle-educatie","8":"product_cat-alle-producten","9":"product_cat-consumer-drones","10":"product_cat-dji-tello","11":"product_cat-drones-zonder-certificaat","12":"product_shipping_class-outofstock","13":"pa_brand-dji","14":"pa_dronegrade-consumer","15":"pa_productfamily-drone","16":"pa_producttype-drone","17":"pa_series-tello","18":"pa_vliegbewijs-a1-a3-niet-verplicht","20":"first","21":"outofstock","22":"taxable","23":"shipping-taxable","24":"product-type-simple"},"acf":[],"yoast_head":"<!-- This site is optimized with the Yoast SEO Premium plugin v27.2 (Yoast SEO v27.2) - https:\/\/yoast.com\/product\/yoast-seo-premium-wordpress\/ -->\n<title>Tello EDU Single Combo - koningdrone.be<\/title>\n<meta name=\"robots\" content=\"index, follow, max-snippet:-1, max-image-preview:large, max-video-preview:-1\" \/>\n<link rel=\"canonical\" href=\"https:\/\/koningdrone.be\/de\/produkt\/tello-edu-single-combo\/\" \/>\n<meta property=\"og:locale\" content=\"de_DE\" \/>\n<meta property=\"og:type\" content=\"article\" \/>\n<meta property=\"og:title\" content=\"Tello EDU Single Combo\" \/>\n<meta property=\"og:description\" content=\"Vliegbereik: tot 100 mSnelheid: 8 km \/ uVliegtijd: 13 minutenHoogte: tot 10 mFPV: first person viewIngebouwde oplaadbare batterij 3,8 V \/ 1,1 AhOplaadpoort: microUSBCameraresolutie: 5 MPxHoek: 82,6 \u00b0Videoformaat: JPG, MP4Afmetingen: 98 x 92,5 x 41 mmGewicht: 80 gram\" \/>\n<meta property=\"og:url\" content=\"https:\/\/koningdrone.be\/de\/produkt\/tello-edu-single-combo\/\" \/>\n<meta property=\"og:site_name\" content=\"koningdrone.be\" \/>\n<meta property=\"article:modified_time\" content=\"2026-04-29T11:10:27+00:00\" \/>\n<meta property=\"og:image\" content=\"https:\/\/koningdrone.be\/wp-content\/uploads\/sites\/13\/2025\/04\/telloedu.jpg\" \/>\n\t<meta property=\"og:image:width\" content=\"1200\" \/>\n\t<meta property=\"og:image:height\" content=\"800\" \/>\n\t<meta property=\"og:image:type\" content=\"image\/jpeg\" \/>\n<meta name=\"twitter:card\" content=\"summary_large_image\" \/>\n<meta name=\"twitter:label1\" content=\"Gesch\u00e4tzte Lesezeit\" \/>\n\t<meta name=\"twitter:data1\" content=\"2\u00a0Minuten\" \/>\n<script type=\"application\/ld+json\" class=\"yoast-schema-graph\">{\"@context\":\"https:\/\/schema.org\",\"@graph\":[{\"@type\":\"WebPage\",\"@id\":\"https:\/\/koningdrone.be\/product\/tello-edu-single-combo\/\",\"url\":\"https:\/\/koningdrone.be\/product\/tello-edu-single-combo\/\",\"name\":\"Tello EDU Single Combo - koningdrone.be\",\"isPartOf\":{\"@id\":\"https:\/\/koningdrone.be\/#website\"},\"primaryImageOfPage\":{\"@id\":\"https:\/\/koningdrone.be\/product\/tello-edu-single-combo\/#primaryimage\"},\"image\":{\"@id\":\"https:\/\/koningdrone.be\/product\/tello-edu-single-combo\/#primaryimage\"},\"thumbnailUrl\":\"https:\/\/koningdrone.be\/wp-content\/uploads\/sites\/13\/2025\/04\/telloedu.jpg\",\"datePublished\":\"2019-12-17T23:49:00+00:00\",\"dateModified\":\"2026-04-29T11:10:27+00:00\",\"breadcrumb\":{\"@id\":\"https:\/\/koningdrone.be\/product\/tello-edu-single-combo\/#breadcrumb\"},\"inLanguage\":\"de\",\"potentialAction\":[{\"@type\":\"ReadAction\",\"target\":[\"https:\/\/koningdrone.be\/product\/tello-edu-single-combo\/\"]}]},{\"@type\":\"ImageObject\",\"inLanguage\":\"de\",\"@id\":\"https:\/\/koningdrone.be\/product\/tello-edu-single-combo\/#primaryimage\",\"url\":\"https:\/\/koningdrone.be\/wp-content\/uploads\/sites\/13\/2025\/04\/telloedu.jpg\",\"contentUrl\":\"https:\/\/koningdrone.be\/wp-content\/uploads\/sites\/13\/2025\/04\/telloedu.jpg\",\"width\":1200,\"height\":800},{\"@type\":\"BreadcrumbList\",\"@id\":\"https:\/\/koningdrone.be\/product\/tello-edu-single-combo\/#breadcrumb\",\"itemListElement\":[{\"@type\":\"ListItem\",\"position\":1,\"name\":\"Home\",\"item\":\"https:\/\/koningdrone.be\/\"},{\"@type\":\"ListItem\",\"position\":2,\"name\":\"AVSS Parachute Recovery System for DJI Matrice 300\/350\",\"item\":\"https:\/\/koningdrone.be\/product\/avss-parachute-recovery-system-for-dji-matrice-300-350\/\"},{\"@type\":\"ListItem\",\"position\":3,\"name\":\"Alle drones\",\"item\":\"https:\/\/koningdrone.be\/categorie\/alle-drones\/\"},{\"@type\":\"ListItem\",\"position\":4,\"name\":\"Tello EDU Single Combo\"}]},{\"@type\":\"WebSite\",\"@id\":\"https:\/\/koningdrone.be\/#website\",\"url\":\"https:\/\/koningdrone.be\/\",\"name\":\"Koningdrone.be - Uw online specialist in drones, gimbals, camera's en power stations.\",\"description\":\"De webshop in drones en gimbals\",\"publisher\":{\"@id\":\"https:\/\/koningdrone.be\/#organization\"},\"potentialAction\":[{\"@type\":\"SearchAction\",\"target\":{\"@type\":\"EntryPoint\",\"urlTemplate\":\"https:\/\/koningdrone.be\/?s={search_term_string}\"},\"query-input\":{\"@type\":\"PropertyValueSpecification\",\"valueRequired\":true,\"valueName\":\"search_term_string\"}}],\"inLanguage\":\"de\"},{\"@type\":\"Organization\",\"@id\":\"https:\/\/koningdrone.be\/#organization\",\"name\":\"Koningdrone.be\",\"url\":\"https:\/\/koningdrone.be\/\",\"logo\":{\"@type\":\"ImageObject\",\"inLanguage\":\"de\",\"@id\":\"https:\/\/koningdrone.be\/#\/schema\/logo\/image\/\",\"url\":\"https:\/\/koningdrone.be\/wp-content\/uploads\/sites\/13\/2025\/04\/koningdrone-copyright-logo.svg\",\"contentUrl\":\"https:\/\/koningdrone.be\/wp-content\/uploads\/sites\/13\/2025\/04\/koningdrone-copyright-logo.svg\",\"width\":227,\"height\":38,\"caption\":\"Koningdrone.be\"},\"image\":{\"@id\":\"https:\/\/koningdrone.be\/#\/schema\/logo\/image\/\"}}]}<\/script>\n<!-- \/ Yoast SEO Premium plugin. -->","yoast_head_json":{"title":"Tello EDU Single Combo - koningdrone.be","robots":{"index":"index","follow":"follow","max-snippet":"max-snippet:-1","max-image-preview":"max-image-preview:large","max-video-preview":"max-video-preview:-1"},"canonical":"https:\/\/koningdrone.be\/de\/produkt\/tello-edu-single-combo\/","og_locale":"de_DE","og_type":"article","og_title":"Tello EDU Single Combo","og_description":"Vliegbereik: tot 100 mSnelheid: 8 km \/ uVliegtijd: 13 minutenHoogte: tot 10 mFPV: first person viewIngebouwde oplaadbare batterij 3,8 V \/ 1,1 AhOplaadpoort: microUSBCameraresolutie: 5 MPxHoek: 82,6 \u00b0Videoformaat: JPG, MP4Afmetingen: 98 x 92,5 x 41 mmGewicht: 80 gram","og_url":"https:\/\/koningdrone.be\/de\/produkt\/tello-edu-single-combo\/","og_site_name":"koningdrone.be","article_modified_time":"2026-04-29T11:10:27+00:00","og_image":[{"width":1200,"height":800,"url":"https:\/\/koningdrone.be\/wp-content\/uploads\/sites\/13\/2025\/04\/telloedu.jpg","type":"image\/jpeg"}],"twitter_card":"summary_large_image","twitter_misc":{"Gesch\u00e4tzte Lesezeit":"2\u00a0Minuten"},"schema":{"@context":"https:\/\/schema.org","@graph":[{"@type":"WebPage","@id":"https:\/\/koningdrone.be\/product\/tello-edu-single-combo\/","url":"https:\/\/koningdrone.be\/product\/tello-edu-single-combo\/","name":"Tello EDU Single Combo - koningdrone.be","isPartOf":{"@id":"https:\/\/koningdrone.be\/#website"},"primaryImageOfPage":{"@id":"https:\/\/koningdrone.be\/product\/tello-edu-single-combo\/#primaryimage"},"image":{"@id":"https:\/\/koningdrone.be\/product\/tello-edu-single-combo\/#primaryimage"},"thumbnailUrl":"https:\/\/koningdrone.be\/wp-content\/uploads\/sites\/13\/2025\/04\/telloedu.jpg","datePublished":"2019-12-17T23:49:00+00:00","dateModified":"2026-04-29T11:10:27+00:00","breadcrumb":{"@id":"https:\/\/koningdrone.be\/product\/tello-edu-single-combo\/#breadcrumb"},"inLanguage":"de","potentialAction":[{"@type":"ReadAction","target":["https:\/\/koningdrone.be\/product\/tello-edu-single-combo\/"]}]},{"@type":"ImageObject","inLanguage":"de","@id":"https:\/\/koningdrone.be\/product\/tello-edu-single-combo\/#primaryimage","url":"https:\/\/koningdrone.be\/wp-content\/uploads\/sites\/13\/2025\/04\/telloedu.jpg","contentUrl":"https:\/\/koningdrone.be\/wp-content\/uploads\/sites\/13\/2025\/04\/telloedu.jpg","width":1200,"height":800},{"@type":"BreadcrumbList","@id":"https:\/\/koningdrone.be\/product\/tello-edu-single-combo\/#breadcrumb","itemListElement":[{"@type":"ListItem","position":1,"name":"Home","item":"https:\/\/koningdrone.be\/"},{"@type":"ListItem","position":2,"name":"AVSS Parachute Recovery System for DJI Matrice 300\/350","item":"https:\/\/koningdrone.be\/product\/avss-parachute-recovery-system-for-dji-matrice-300-350\/"},{"@type":"ListItem","position":3,"name":"Alle drones","item":"https:\/\/koningdrone.be\/categorie\/alle-drones\/"},{"@type":"ListItem","position":4,"name":"Tello EDU Single Combo"}]},{"@type":"WebSite","@id":"https:\/\/koningdrone.be\/#website","url":"https:\/\/koningdrone.be\/","name":"Koningdrone.be - Ihr Online-Spezialist f\u00fcr Drohnen, Gimbals, Kameras und Kraftwerke.","description":"Der Webshop f\u00fcr Drohnen und Gimbals","publisher":{"@id":"https:\/\/koningdrone.be\/#organization"},"potentialAction":[{"@type":"SearchAction","target":{"@type":"EntryPoint","urlTemplate":"https:\/\/koningdrone.be\/?s={search_term_string}"},"query-input":{"@type":"PropertyValueSpecification","valueRequired":true,"valueName":"search_term_string"}}],"inLanguage":"de"},{"@type":"Organization","@id":"https:\/\/koningdrone.be\/#organization","name":"Kingdrone.de","url":"https:\/\/koningdrone.be\/","logo":{"@type":"ImageObject","inLanguage":"de","@id":"https:\/\/koningdrone.be\/#\/schema\/logo\/image\/","url":"https:\/\/koningdrone.be\/wp-content\/uploads\/sites\/13\/2025\/04\/koningdrone-copyright-logo.svg","contentUrl":"https:\/\/koningdrone.be\/wp-content\/uploads\/sites\/13\/2025\/04\/koningdrone-copyright-logo.svg","width":227,"height":38,"caption":"Koningdrone.be"},"image":{"@id":"https:\/\/koningdrone.be\/#\/schema\/logo\/image\/"}}]}},"df_price":"","df_sale_price":"","df_regular_price":"","df_image_link":"https:\/\/koningdrone.be\/wp-content\/uploads\/sites\/13\/2025\/04\/telloedu-300x200.jpg","_links":{"self":[{"href":"https:\/\/koningdrone.be\/de\/wp-json\/wp\/v2\/product\/7363","targetHints":{"allow":["GET"]}}],"collection":[{"href":"https:\/\/koningdrone.be\/de\/wp-json\/wp\/v2\/product"}],"about":[{"href":"https:\/\/koningdrone.be\/de\/wp-json\/wp\/v2\/types\/product"}],"wp:featuredmedia":[{"embeddable":true,"href":"https:\/\/koningdrone.be\/de\/wp-json\/wp\/v2\/media\/7357"}],"wp:attachment":[{"href":"https:\/\/koningdrone.be\/de\/wp-json\/wp\/v2\/media?parent=7363"}],"wp:term":[{"taxonomy":"product_brand","embeddable":true,"href":"https:\/\/koningdrone.be\/de\/wp-json\/wp\/v2\/product_brand?post=7363"},{"taxonomy":"product_cat","embeddable":true,"href":"https:\/\/koningdrone.be\/de\/wp-json\/wp\/v2\/product_cat?post=7363"},{"taxonomy":"product_tag","embeddable":true,"href":"https:\/\/koningdrone.be\/de\/wp-json\/wp\/v2\/product_tag?post=7363"}],"curies":[{"name":"wp","href":"https:\/\/api.w.org\/{rel}","templated":true}]}}