{"id":7325,"date":"2019-12-22T12:22:33","date_gmt":"2019-12-22T11:22:33","guid":{"rendered":"https:\/\/koningdrone.nl\/kon\/product\/dji-mavic-2-enterprise-fly-more-kit-p01\/"},"modified":"2026-04-29T15:30:27","modified_gmt":"2026-04-29T13:30:27","slug":"dji-mavic-2-enterprise-fly-more-kit-p01","status":"publish","type":"product","link":"https:\/\/koningdrone.be\/de\/produkt\/dji-mavic-2-enterprise-fly-more-kit-p01\/","title":{"rendered":"DJI Mavic 2 Enterprise Akku-Kit (P01)"},"content":{"rendered":"<h1>DJI Mavic 2 Enterprise Akku-Kit (P01)<\/h1>\n<p>Das Mavic 2 Fly More Kit enth\u00e4lt zwei intelligente, sich selbst aufheizende Flugakkus, ein Mavic 2 Autoladeger\u00e4t, ein Akkuladeger\u00e4t, einen Akku-zu-Powerbank-Adapter, ger\u00e4uscharme Propeller und eine Mavic 2 Umh\u00e4ngetasche f\u00fcr mehr Halt bei den Aufnahmen.<br \/>Beide intelligenten Flugakkus haben eine Kapazit\u00e4t von bis zu 59,29 Wh und jeweils eine maximale Flugzeit von 31 Minuten. Mit dem eingebauten DJI Intelligent Battery Management System wird der Akkustatus in Echtzeit \u00fcberwacht und gemeldet, so dass Sie sich weniger auf den Stromverbrauch und mehr auf den epischen Flug konzentrieren k\u00f6nnen.<\/p>\n<p>Mit dem Mavic 2-Autoladeger\u00e4t k\u00f6nnen Sie den Akku w\u00e4hrend der Fahrt aufladen. Es hat eine maximale Ausgangsleistung von bis zu 80 W und verf\u00fcgt \u00fcber eine Unterspannungsschutz-Technologie, die sicherstellt, dass die Ladung nicht verhindert, dass Ihr Auto normal startet.<\/p>\n<p>Der Battery Charging Hub verbessert die Effizienz, indem er die Batterien in der Reihenfolge ihres verbleibenden Ladezustands aufl\u00e4dt, wobei die st\u00e4rker geladenen Batterien zuerst mit Strom versorgt werden. Das faltbare Design des Battery Charging Hub macht es einfach, ihn \u00fcberall hin mitzunehmen. Sie k\u00f6nnen sogar bis zu vier Ladeanschl\u00fcsse nutzen, wenn Sie ihn mit dem Autoladeger\u00e4t oder dem Batterieladeger\u00e4t verwenden.<\/p>\n<p>Der Akku-zu-Powerbank-Adapter verwandelt Ihre intelligenten Flugakkus in leistungsstarke Powerbanks. Jeder Akku-zu-Powerbank-Adapter verf\u00fcgt \u00fcber zwei USB-Typ-A-Anschl\u00fcsse mit doppelter Leistung von 10 W, sodass Sie ein Smartphone mit nur 20% von einem Akku vollst\u00e4ndig aufladen k\u00f6nnen.<\/p>\n<p>Zwei Paare von ger\u00e4uscharmen Propellern sind ebenfalls im Bausatz enthalten. Diese Propeller der n\u00e4chsten Generation haben ein brandneues aerodynamisches Design, das f\u00fcr einen leiseren Flug, eine h\u00f6here Effizienz und eine l\u00e4ngere Flugzeit sorgt.<\/p>\n<p>Die vielseitige Mavic 2 Umh\u00e4ngetasche wurde speziell f\u00fcr die Mavic 2 entwickelt und bietet Platz f\u00fcr ein Flugger\u00e4t, eine Fernsteuerung, vier Smart-Flight-Akkus, ein Smartphone, zus\u00e4tzliche Propeller, ND-Filter, Kabel, microSD-Karten und jede Menge weiteres Zubeh\u00f6r.<\/p>","protected":false},"excerpt":{"rendered":"<ul>\n<li>Mehrere intelligente, sich selbst aufheizende Flugbatterien f\u00fcr l\u00e4ngere Fl\u00fcge<\/li>\n<li>Batterien w\u00e4hrend der Fahrt aufladen<\/li>\n<li>Verwandeln Sie Ihre Batterien in Powerbanks<\/li>\n<li>Ger\u00e4uscharme Propeller<\/li>\n<li>Eine Umh\u00e4ngetasche, um alles zu transportieren<\/li>\n<\/ul>","protected":false},"featured_media":7324,"template":"","meta":{"_acf_changed":false},"product_brand":[],"product_cat":[1118,97,871,1296],"product_tag":[],"class_list":{"0":"post-7325","1":"product","2":"type-product","3":"status-publish","4":"has-post-thumbnail","6":"product_cat-alle-installatie","7":"product_cat-alle-producten","8":"product_cat-dji-mavic","9":"product_cat-dji-mavic-2-enterprise","10":"product_shipping_class-outofstock","11":"pa_brand-dji","12":"pa_productfamily-flymore-pakket","13":"pa_producttype-flymore-pakket","14":"pa_series-mavic-2-enterprise","16":"first","17":"outofstock","18":"taxable","19":"shipping-taxable","20":"purchasable","21":"product-type-simple"},"acf":[],"yoast_head":"<!-- This site is optimized with the Yoast SEO Premium plugin v27.2 (Yoast SEO v27.2) - https:\/\/yoast.com\/product\/yoast-seo-premium-wordpress\/ -->\n<title>DJI Mavic 2 Enterprise Battery Kit (P01) - koningdrone.be<\/title>\n<meta name=\"robots\" content=\"index, follow, max-snippet:-1, max-image-preview:large, max-video-preview:-1\" \/>\n<link rel=\"canonical\" href=\"https:\/\/koningdrone.be\/de\/produkt\/dji-mavic-2-enterprise-fly-more-kit-p01\/\" \/>\n<meta property=\"og:locale\" content=\"de_DE\" \/>\n<meta property=\"og:type\" content=\"article\" \/>\n<meta property=\"og:title\" content=\"DJI Mavic 2 Enterprise Battery Kit (P01)\" \/>\n<meta property=\"og:description\" content=\"Meerdere intelligente zelfverwarmende vluchtbatterijen voor een langere vluchtLaad batterijen op tijdens het rijdenVerander uw batterijen in powerbanksLow-noise propellersEen schoudertas om alles mee te nemen\" \/>\n<meta property=\"og:url\" content=\"https:\/\/koningdrone.be\/de\/produkt\/dji-mavic-2-enterprise-fly-more-kit-p01\/\" \/>\n<meta property=\"og:site_name\" content=\"koningdrone.be\" \/>\n<meta property=\"article:modified_time\" content=\"2026-04-29T13:30:27+00:00\" \/>\n<meta property=\"og:image\" content=\"https:\/\/koningdrone.be\/wp-content\/uploads\/sites\/13\/2025\/04\/6958265181146-1.jpg\" \/>\n\t<meta property=\"og:image:width\" content=\"660\" \/>\n\t<meta property=\"og:image:height\" content=\"413\" \/>\n\t<meta property=\"og:image:type\" content=\"image\/jpeg\" \/>\n<meta name=\"twitter:card\" content=\"summary_large_image\" \/>\n<meta name=\"twitter:label1\" content=\"Gesch\u00e4tzte Lesezeit\" \/>\n\t<meta name=\"twitter:data1\" content=\"1\u00a0Minute\" \/>\n<script type=\"application\/ld+json\" class=\"yoast-schema-graph\">{\"@context\":\"https:\/\/schema.org\",\"@graph\":[{\"@type\":\"WebPage\",\"@id\":\"https:\/\/koningdrone.be\/product\/dji-mavic-2-enterprise-fly-more-kit-p01\/\",\"url\":\"https:\/\/koningdrone.be\/product\/dji-mavic-2-enterprise-fly-more-kit-p01\/\",\"name\":\"DJI Mavic 2 Enterprise Battery Kit (P01) - koningdrone.be\",\"isPartOf\":{\"@id\":\"https:\/\/koningdrone.be\/#website\"},\"primaryImageOfPage\":{\"@id\":\"https:\/\/koningdrone.be\/product\/dji-mavic-2-enterprise-fly-more-kit-p01\/#primaryimage\"},\"image\":{\"@id\":\"https:\/\/koningdrone.be\/product\/dji-mavic-2-enterprise-fly-more-kit-p01\/#primaryimage\"},\"thumbnailUrl\":\"https:\/\/koningdrone.be\/wp-content\/uploads\/sites\/13\/2025\/04\/6958265181146-1.jpg\",\"datePublished\":\"2019-12-22T11:22:33+00:00\",\"dateModified\":\"2026-04-29T13:30:27+00:00\",\"breadcrumb\":{\"@id\":\"https:\/\/koningdrone.be\/product\/dji-mavic-2-enterprise-fly-more-kit-p01\/#breadcrumb\"},\"inLanguage\":\"de\",\"potentialAction\":[{\"@type\":\"ReadAction\",\"target\":[\"https:\/\/koningdrone.be\/product\/dji-mavic-2-enterprise-fly-more-kit-p01\/\"]}]},{\"@type\":\"ImageObject\",\"inLanguage\":\"de\",\"@id\":\"https:\/\/koningdrone.be\/product\/dji-mavic-2-enterprise-fly-more-kit-p01\/#primaryimage\",\"url\":\"https:\/\/koningdrone.be\/wp-content\/uploads\/sites\/13\/2025\/04\/6958265181146-1.jpg\",\"contentUrl\":\"https:\/\/koningdrone.be\/wp-content\/uploads\/sites\/13\/2025\/04\/6958265181146-1.jpg\",\"width\":660,\"height\":413},{\"@type\":\"BreadcrumbList\",\"@id\":\"https:\/\/koningdrone.be\/product\/dji-mavic-2-enterprise-fly-more-kit-p01\/#breadcrumb\",\"itemListElement\":[{\"@type\":\"ListItem\",\"position\":1,\"name\":\"Home\",\"item\":\"https:\/\/koningdrone.be\/\"},{\"@type\":\"ListItem\",\"position\":2,\"name\":\"AVSS Parachute Recovery System for DJI Matrice 300\/350\",\"item\":\"https:\/\/koningdrone.be\/product\/avss-parachute-recovery-system-for-dji-matrice-300-350\/\"},{\"@type\":\"ListItem\",\"position\":3,\"name\":\"Alle installatie\",\"item\":\"https:\/\/koningdrone.be\/categorie\/alle-installatie\/\"},{\"@type\":\"ListItem\",\"position\":4,\"name\":\"DJI Mavic 2 Enterprise Battery Kit (P01)\"}]},{\"@type\":\"WebSite\",\"@id\":\"https:\/\/koningdrone.be\/#website\",\"url\":\"https:\/\/koningdrone.be\/\",\"name\":\"Koningdrone.be - Uw online specialist in drones, gimbals, camera's en power stations.\",\"description\":\"De webshop in drones en gimbals\",\"publisher\":{\"@id\":\"https:\/\/koningdrone.be\/#organization\"},\"potentialAction\":[{\"@type\":\"SearchAction\",\"target\":{\"@type\":\"EntryPoint\",\"urlTemplate\":\"https:\/\/koningdrone.be\/?s={search_term_string}\"},\"query-input\":{\"@type\":\"PropertyValueSpecification\",\"valueRequired\":true,\"valueName\":\"search_term_string\"}}],\"inLanguage\":\"de\"},{\"@type\":\"Organization\",\"@id\":\"https:\/\/koningdrone.be\/#organization\",\"name\":\"Koningdrone.be\",\"url\":\"https:\/\/koningdrone.be\/\",\"logo\":{\"@type\":\"ImageObject\",\"inLanguage\":\"de\",\"@id\":\"https:\/\/koningdrone.be\/#\/schema\/logo\/image\/\",\"url\":\"https:\/\/koningdrone.be\/wp-content\/uploads\/sites\/13\/2025\/04\/koningdrone-copyright-logo.svg\",\"contentUrl\":\"https:\/\/koningdrone.be\/wp-content\/uploads\/sites\/13\/2025\/04\/koningdrone-copyright-logo.svg\",\"width\":227,\"height\":38,\"caption\":\"Koningdrone.be\"},\"image\":{\"@id\":\"https:\/\/koningdrone.be\/#\/schema\/logo\/image\/\"}}]}<\/script>\n<!-- \/ Yoast SEO Premium plugin. -->","yoast_head_json":{"title":"DJI Mavic 2 Enterprise Battery Kit (P01) - koningdrone.be","robots":{"index":"index","follow":"follow","max-snippet":"max-snippet:-1","max-image-preview":"max-image-preview:large","max-video-preview":"max-video-preview:-1"},"canonical":"https:\/\/koningdrone.be\/de\/produkt\/dji-mavic-2-enterprise-fly-more-kit-p01\/","og_locale":"de_DE","og_type":"article","og_title":"DJI Mavic 2 Enterprise Battery Kit (P01)","og_description":"Meerdere intelligente zelfverwarmende vluchtbatterijen voor een langere vluchtLaad batterijen op tijdens het rijdenVerander uw batterijen in powerbanksLow-noise propellersEen schoudertas om alles mee te nemen","og_url":"https:\/\/koningdrone.be\/de\/produkt\/dji-mavic-2-enterprise-fly-more-kit-p01\/","og_site_name":"koningdrone.be","article_modified_time":"2026-04-29T13:30:27+00:00","og_image":[{"width":660,"height":413,"url":"https:\/\/koningdrone.be\/wp-content\/uploads\/sites\/13\/2025\/04\/6958265181146-1.jpg","type":"image\/jpeg"}],"twitter_card":"summary_large_image","twitter_misc":{"Gesch\u00e4tzte Lesezeit":"1\u00a0Minute"},"schema":{"@context":"https:\/\/schema.org","@graph":[{"@type":"WebPage","@id":"https:\/\/koningdrone.be\/product\/dji-mavic-2-enterprise-fly-more-kit-p01\/","url":"https:\/\/koningdrone.be\/product\/dji-mavic-2-enterprise-fly-more-kit-p01\/","name":"DJI Mavic 2 Enterprise Battery Kit (P01) - koningdrone.be","isPartOf":{"@id":"https:\/\/koningdrone.be\/#website"},"primaryImageOfPage":{"@id":"https:\/\/koningdrone.be\/product\/dji-mavic-2-enterprise-fly-more-kit-p01\/#primaryimage"},"image":{"@id":"https:\/\/koningdrone.be\/product\/dji-mavic-2-enterprise-fly-more-kit-p01\/#primaryimage"},"thumbnailUrl":"https:\/\/koningdrone.be\/wp-content\/uploads\/sites\/13\/2025\/04\/6958265181146-1.jpg","datePublished":"2019-12-22T11:22:33+00:00","dateModified":"2026-04-29T13:30:27+00:00","breadcrumb":{"@id":"https:\/\/koningdrone.be\/product\/dji-mavic-2-enterprise-fly-more-kit-p01\/#breadcrumb"},"inLanguage":"de","potentialAction":[{"@type":"ReadAction","target":["https:\/\/koningdrone.be\/product\/dji-mavic-2-enterprise-fly-more-kit-p01\/"]}]},{"@type":"ImageObject","inLanguage":"de","@id":"https:\/\/koningdrone.be\/product\/dji-mavic-2-enterprise-fly-more-kit-p01\/#primaryimage","url":"https:\/\/koningdrone.be\/wp-content\/uploads\/sites\/13\/2025\/04\/6958265181146-1.jpg","contentUrl":"https:\/\/koningdrone.be\/wp-content\/uploads\/sites\/13\/2025\/04\/6958265181146-1.jpg","width":660,"height":413},{"@type":"BreadcrumbList","@id":"https:\/\/koningdrone.be\/product\/dji-mavic-2-enterprise-fly-more-kit-p01\/#breadcrumb","itemListElement":[{"@type":"ListItem","position":1,"name":"Home","item":"https:\/\/koningdrone.be\/"},{"@type":"ListItem","position":2,"name":"AVSS Parachute Recovery System for DJI Matrice 300\/350","item":"https:\/\/koningdrone.be\/product\/avss-parachute-recovery-system-for-dji-matrice-300-350\/"},{"@type":"ListItem","position":3,"name":"Alle installatie","item":"https:\/\/koningdrone.be\/categorie\/alle-installatie\/"},{"@type":"ListItem","position":4,"name":"DJI Mavic 2 Enterprise Battery Kit (P01)"}]},{"@type":"WebSite","@id":"https:\/\/koningdrone.be\/#website","url":"https:\/\/koningdrone.be\/","name":"Koningdrone.be - Ihr Online-Spezialist f\u00fcr Drohnen, Gimbals, Kameras und Kraftwerke.","description":"Der Webshop f\u00fcr Drohnen und Gimbals","publisher":{"@id":"https:\/\/koningdrone.be\/#organization"},"potentialAction":[{"@type":"SearchAction","target":{"@type":"EntryPoint","urlTemplate":"https:\/\/koningdrone.be\/?s={search_term_string}"},"query-input":{"@type":"PropertyValueSpecification","valueRequired":true,"valueName":"search_term_string"}}],"inLanguage":"de"},{"@type":"Organization","@id":"https:\/\/koningdrone.be\/#organization","name":"Kingdrone.de","url":"https:\/\/koningdrone.be\/","logo":{"@type":"ImageObject","inLanguage":"de","@id":"https:\/\/koningdrone.be\/#\/schema\/logo\/image\/","url":"https:\/\/koningdrone.be\/wp-content\/uploads\/sites\/13\/2025\/04\/koningdrone-copyright-logo.svg","contentUrl":"https:\/\/koningdrone.be\/wp-content\/uploads\/sites\/13\/2025\/04\/koningdrone-copyright-logo.svg","width":227,"height":38,"caption":"Koningdrone.be"},"image":{"@id":"https:\/\/koningdrone.be\/#\/schema\/logo\/image\/"}}]}},"df_price":439,"df_sale_price":"","df_regular_price":439,"df_image_link":"https:\/\/koningdrone.be\/wp-content\/uploads\/sites\/13\/2025\/04\/6958265181146-1-300x188.jpg","_links":{"self":[{"href":"https:\/\/koningdrone.be\/de\/wp-json\/wp\/v2\/product\/7325","targetHints":{"allow":["GET"]}}],"collection":[{"href":"https:\/\/koningdrone.be\/de\/wp-json\/wp\/v2\/product"}],"about":[{"href":"https:\/\/koningdrone.be\/de\/wp-json\/wp\/v2\/types\/product"}],"wp:featuredmedia":[{"embeddable":true,"href":"https:\/\/koningdrone.be\/de\/wp-json\/wp\/v2\/media\/7324"}],"wp:attachment":[{"href":"https:\/\/koningdrone.be\/de\/wp-json\/wp\/v2\/media?parent=7325"}],"wp:term":[{"taxonomy":"product_brand","embeddable":true,"href":"https:\/\/koningdrone.be\/de\/wp-json\/wp\/v2\/product_brand?post=7325"},{"taxonomy":"product_cat","embeddable":true,"href":"https:\/\/koningdrone.be\/de\/wp-json\/wp\/v2\/product_cat?post=7325"},{"taxonomy":"product_tag","embeddable":true,"href":"https:\/\/koningdrone.be\/de\/wp-json\/wp\/v2\/product_tag?post=7325"}],"curies":[{"name":"wp","href":"https:\/\/api.w.org\/{rel}","templated":true}]}}