{"id":7320,"date":"2019-12-22T12:22:33","date_gmt":"2019-12-22T11:22:33","guid":{"rendered":"https:\/\/koningdrone.nl\/kon\/product\/dji-d-rtk-2-mobile-station\/"},"modified":"2026-04-29T14:51:02","modified_gmt":"2026-04-29T12:51:02","slug":"dji-d-rtk-2-mobile-station","status":"publish","type":"product","link":"https:\/\/koningdrone.be\/de\/produkt\/dji-d-rtk-2-mobile-station\/","title":{"rendered":"DJI D-RTK 2 Mobile Station"},"content":{"rendered":"<h1>DJI D-RTK 2 Mobile Station<\/h1>\n<p><strong>GNNS Mobile Station mit hoher Pr\u00e4zision<\/strong><br \/>\nDie D-RTK 2 Mobile Station ist mit DJIs verbessertem, hochpr\u00e4zisem GNSS-Empf\u00e4nger ausgestattet und unterst\u00fctzt alle wichtigen globalen Navigationssatellitensysteme sowie differentielle Echtzeitkorrekturen und Positionsdaten im Zentimeterbereich f\u00fcr eine verbesserte relative Genauigkeit.<\/p>\n<p><strong>Positionierung auf Zentimeterebene<\/strong><br \/>\nDie D-RTK 2 Mobile Station unterst\u00fctzt vollst\u00e4ndig GPS-, GLONASS- und GALILEO-Signale sowie Beidou. Die D-RTK 2 Mobile Station l\u00e4sst sich schnell und einfach einrichten und liefert in Echtzeit zentimetergenaue Positionsdaten f\u00fcr Drohnen. Die eingebaute High-Gain-Antenne sorgt f\u00fcr einen besseren Signalempfang von mehr Satelliten, selbst wenn Hindernisse vorhanden sind.<\/p>\n<p><strong>Bleiben Sie bei jedem Einsatz in Verbindung<\/strong><br \/>\nDie D-RTK 2 Mobile Station unterst\u00fctzt die Kommunikation \u00fcber 4G, OcuSync, WLAN und LAN und gew\u00e4hrleistet so eine unterbrechungsfreie, stabile Daten\u00fcbertragung in jedem Anwendungsszenario. Bis zu 5 Fernbedienungen k\u00f6nnen gleichzeitig verwendet werden, um die D-RTK 2 Mobile Station zu verbinden. Dies erm\u00f6glicht einen koordinierten Einsatz mit mehreren Drohnen und verbessert die Effizienz erheblich.<\/p>\n<p><strong>Langlebigkeit, auf die Sie sich verlassen k\u00f6nnen<\/strong><br \/>\nMit der Schutzart IP65 und dem leichten Kohlefasergeh\u00e4use ist die mobile Station D-RTK 2 f\u00fcr alle noch so schwierigen Aufgaben geeignet. Die eingebauten IMUs \u00fcberwachen Bewegungen und kalibrieren Neigungssensoren, um den Bediener w\u00e4hrend des Einsatzes auf Anomalien aufmerksam zu machen und Risiken zu minimieren.<\/p>\n<p><strong>Hinweis: Lieferung ohne Stativ!<\/strong><\/p>","protected":false},"excerpt":{"rendered":"<ul>\n<li>Optimierte Genauigkeit<\/li>\n<li>Positionierung auf Zentimeterebene<\/li>\n<li>Bleiben Sie bei jedem Einsatz in Verbindung<\/li>\n<li>Schutzart IP65<\/li>\n<li>Eine umfassende L\u00f6sung<\/li>\n<\/ul>","protected":false},"featured_media":7319,"template":"","meta":{"_acf_changed":false},"product_brand":[],"product_cat":[97,118,149,152,165],"product_tag":[],"class_list":{"0":"post-7320","1":"product","2":"type-product","3":"status-publish","4":"has-post-thumbnail","6":"product_cat-alle-producten","7":"product_cat-alle-rtk","8":"product_cat-dji-matrice-30","9":"product_cat-dji-matrice-300","10":"product_cat-dji-mavic-3-enterprise","11":"product_shipping_class-outofstock","12":"pa_brand-dji","13":"pa_productfamily-rtk","14":"pa_producttype-rtk","15":"pa_series-phantom-4","17":"first","18":"outofstock","19":"taxable","20":"shipping-taxable","21":"purchasable","22":"product-type-simple"},"acf":[],"yoast_head":"<!-- This site is optimized with the Yoast SEO Premium plugin v27.2 (Yoast SEO v27.2) - https:\/\/yoast.com\/product\/yoast-seo-premium-wordpress\/ -->\n<title>DJI D-RTK 2 Mobile Station - koningdrone.be<\/title>\n<meta name=\"robots\" content=\"index, follow, max-snippet:-1, max-image-preview:large, max-video-preview:-1\" \/>\n<link rel=\"canonical\" href=\"https:\/\/koningdrone.be\/de\/produkt\/dji-d-rtk-2-mobile-station\/\" \/>\n<meta property=\"og:locale\" content=\"de_DE\" \/>\n<meta property=\"og:type\" content=\"article\" \/>\n<meta property=\"og:title\" content=\"DJI D-RTK 2 Mobile Station\" \/>\n<meta property=\"og:description\" content=\"Geoptimaliseerde nauwkeurigheid  Positionering op centimeterniveau  Blijf verbonden voor elke missie  IP65-niveau  Een uitgebreide oplossing\" \/>\n<meta property=\"og:url\" content=\"https:\/\/koningdrone.be\/de\/produkt\/dji-d-rtk-2-mobile-station\/\" \/>\n<meta property=\"og:site_name\" content=\"koningdrone.be\" \/>\n<meta property=\"article:modified_time\" content=\"2026-04-29T12:51:02+00:00\" \/>\n<meta property=\"og:image\" content=\"https:\/\/koningdrone.be\/wp-content\/uploads\/sites\/13\/2025\/04\/6958265178979-3.png\" \/>\n\t<meta property=\"og:image:width\" content=\"600\" \/>\n\t<meta property=\"og:image:height\" content=\"375\" \/>\n\t<meta property=\"og:image:type\" content=\"image\/png\" \/>\n<meta name=\"twitter:card\" content=\"summary_large_image\" \/>\n<meta name=\"twitter:label1\" content=\"Gesch\u00e4tzte Lesezeit\" \/>\n\t<meta name=\"twitter:data1\" content=\"1\u00a0Minute\" \/>\n<script type=\"application\/ld+json\" class=\"yoast-schema-graph\">{\"@context\":\"https:\/\/schema.org\",\"@graph\":[{\"@type\":\"WebPage\",\"@id\":\"https:\/\/koningdrone.be\/product\/dji-d-rtk-2-mobile-station\/\",\"url\":\"https:\/\/koningdrone.be\/product\/dji-d-rtk-2-mobile-station\/\",\"name\":\"DJI D-RTK 2 Mobile Station - koningdrone.be\",\"isPartOf\":{\"@id\":\"https:\/\/koningdrone.be\/#website\"},\"primaryImageOfPage\":{\"@id\":\"https:\/\/koningdrone.be\/product\/dji-d-rtk-2-mobile-station\/#primaryimage\"},\"image\":{\"@id\":\"https:\/\/koningdrone.be\/product\/dji-d-rtk-2-mobile-station\/#primaryimage\"},\"thumbnailUrl\":\"https:\/\/koningdrone.be\/wp-content\/uploads\/sites\/13\/2025\/04\/6958265178979-3.png\",\"datePublished\":\"2019-12-22T11:22:33+00:00\",\"dateModified\":\"2026-04-29T12:51:02+00:00\",\"breadcrumb\":{\"@id\":\"https:\/\/koningdrone.be\/product\/dji-d-rtk-2-mobile-station\/#breadcrumb\"},\"inLanguage\":\"de\",\"potentialAction\":[{\"@type\":\"ReadAction\",\"target\":[\"https:\/\/koningdrone.be\/product\/dji-d-rtk-2-mobile-station\/\"]}]},{\"@type\":\"ImageObject\",\"inLanguage\":\"de\",\"@id\":\"https:\/\/koningdrone.be\/product\/dji-d-rtk-2-mobile-station\/#primaryimage\",\"url\":\"https:\/\/koningdrone.be\/wp-content\/uploads\/sites\/13\/2025\/04\/6958265178979-3.png\",\"contentUrl\":\"https:\/\/koningdrone.be\/wp-content\/uploads\/sites\/13\/2025\/04\/6958265178979-3.png\",\"width\":600,\"height\":375},{\"@type\":\"BreadcrumbList\",\"@id\":\"https:\/\/koningdrone.be\/product\/dji-d-rtk-2-mobile-station\/#breadcrumb\",\"itemListElement\":[{\"@type\":\"ListItem\",\"position\":1,\"name\":\"Home\",\"item\":\"https:\/\/koningdrone.be\/\"},{\"@type\":\"ListItem\",\"position\":2,\"name\":\"AVSS Parachute Recovery System for DJI Matrice 300\/350\",\"item\":\"https:\/\/koningdrone.be\/product\/avss-parachute-recovery-system-for-dji-matrice-300-350\/\"},{\"@type\":\"ListItem\",\"position\":3,\"name\":\"Alle producten\",\"item\":\"https:\/\/koningdrone.be\/categorie\/alle-producten\/\"},{\"@type\":\"ListItem\",\"position\":4,\"name\":\"DJI D-RTK 2 Mobile Station\"}]},{\"@type\":\"WebSite\",\"@id\":\"https:\/\/koningdrone.be\/#website\",\"url\":\"https:\/\/koningdrone.be\/\",\"name\":\"Koningdrone.be - Uw online specialist in drones, gimbals, camera's en power stations.\",\"description\":\"De webshop in drones en gimbals\",\"publisher\":{\"@id\":\"https:\/\/koningdrone.be\/#organization\"},\"potentialAction\":[{\"@type\":\"SearchAction\",\"target\":{\"@type\":\"EntryPoint\",\"urlTemplate\":\"https:\/\/koningdrone.be\/?s={search_term_string}\"},\"query-input\":{\"@type\":\"PropertyValueSpecification\",\"valueRequired\":true,\"valueName\":\"search_term_string\"}}],\"inLanguage\":\"de\"},{\"@type\":\"Organization\",\"@id\":\"https:\/\/koningdrone.be\/#organization\",\"name\":\"Koningdrone.be\",\"url\":\"https:\/\/koningdrone.be\/\",\"logo\":{\"@type\":\"ImageObject\",\"inLanguage\":\"de\",\"@id\":\"https:\/\/koningdrone.be\/#\/schema\/logo\/image\/\",\"url\":\"https:\/\/koningdrone.be\/wp-content\/uploads\/sites\/13\/2025\/04\/koningdrone-copyright-logo.svg\",\"contentUrl\":\"https:\/\/koningdrone.be\/wp-content\/uploads\/sites\/13\/2025\/04\/koningdrone-copyright-logo.svg\",\"width\":227,\"height\":38,\"caption\":\"Koningdrone.be\"},\"image\":{\"@id\":\"https:\/\/koningdrone.be\/#\/schema\/logo\/image\/\"}}]}<\/script>\n<!-- \/ Yoast SEO Premium plugin. -->","yoast_head_json":{"title":"DJI D-RTK 2 Mobile Station - koningdrone.be","robots":{"index":"index","follow":"follow","max-snippet":"max-snippet:-1","max-image-preview":"max-image-preview:large","max-video-preview":"max-video-preview:-1"},"canonical":"https:\/\/koningdrone.be\/de\/produkt\/dji-d-rtk-2-mobile-station\/","og_locale":"de_DE","og_type":"article","og_title":"DJI D-RTK 2 Mobile Station","og_description":"Geoptimaliseerde nauwkeurigheid  Positionering op centimeterniveau  Blijf verbonden voor elke missie  IP65-niveau  Een uitgebreide oplossing","og_url":"https:\/\/koningdrone.be\/de\/produkt\/dji-d-rtk-2-mobile-station\/","og_site_name":"koningdrone.be","article_modified_time":"2026-04-29T12:51:02+00:00","og_image":[{"width":600,"height":375,"url":"https:\/\/koningdrone.be\/wp-content\/uploads\/sites\/13\/2025\/04\/6958265178979-3.png","type":"image\/png"}],"twitter_card":"summary_large_image","twitter_misc":{"Gesch\u00e4tzte Lesezeit":"1\u00a0Minute"},"schema":{"@context":"https:\/\/schema.org","@graph":[{"@type":"WebPage","@id":"https:\/\/koningdrone.be\/product\/dji-d-rtk-2-mobile-station\/","url":"https:\/\/koningdrone.be\/product\/dji-d-rtk-2-mobile-station\/","name":"DJI D-RTK 2 Mobile Station - koningdrone.be","isPartOf":{"@id":"https:\/\/koningdrone.be\/#website"},"primaryImageOfPage":{"@id":"https:\/\/koningdrone.be\/product\/dji-d-rtk-2-mobile-station\/#primaryimage"},"image":{"@id":"https:\/\/koningdrone.be\/product\/dji-d-rtk-2-mobile-station\/#primaryimage"},"thumbnailUrl":"https:\/\/koningdrone.be\/wp-content\/uploads\/sites\/13\/2025\/04\/6958265178979-3.png","datePublished":"2019-12-22T11:22:33+00:00","dateModified":"2026-04-29T12:51:02+00:00","breadcrumb":{"@id":"https:\/\/koningdrone.be\/product\/dji-d-rtk-2-mobile-station\/#breadcrumb"},"inLanguage":"de","potentialAction":[{"@type":"ReadAction","target":["https:\/\/koningdrone.be\/product\/dji-d-rtk-2-mobile-station\/"]}]},{"@type":"ImageObject","inLanguage":"de","@id":"https:\/\/koningdrone.be\/product\/dji-d-rtk-2-mobile-station\/#primaryimage","url":"https:\/\/koningdrone.be\/wp-content\/uploads\/sites\/13\/2025\/04\/6958265178979-3.png","contentUrl":"https:\/\/koningdrone.be\/wp-content\/uploads\/sites\/13\/2025\/04\/6958265178979-3.png","width":600,"height":375},{"@type":"BreadcrumbList","@id":"https:\/\/koningdrone.be\/product\/dji-d-rtk-2-mobile-station\/#breadcrumb","itemListElement":[{"@type":"ListItem","position":1,"name":"Home","item":"https:\/\/koningdrone.be\/"},{"@type":"ListItem","position":2,"name":"AVSS Parachute Recovery System for DJI Matrice 300\/350","item":"https:\/\/koningdrone.be\/product\/avss-parachute-recovery-system-for-dji-matrice-300-350\/"},{"@type":"ListItem","position":3,"name":"Alle producten","item":"https:\/\/koningdrone.be\/categorie\/alle-producten\/"},{"@type":"ListItem","position":4,"name":"DJI D-RTK 2 Mobile Station"}]},{"@type":"WebSite","@id":"https:\/\/koningdrone.be\/#website","url":"https:\/\/koningdrone.be\/","name":"Koningdrone.be - Ihr Online-Spezialist f\u00fcr Drohnen, Gimbals, Kameras und Kraftwerke.","description":"Der Webshop f\u00fcr Drohnen und Gimbals","publisher":{"@id":"https:\/\/koningdrone.be\/#organization"},"potentialAction":[{"@type":"SearchAction","target":{"@type":"EntryPoint","urlTemplate":"https:\/\/koningdrone.be\/?s={search_term_string}"},"query-input":{"@type":"PropertyValueSpecification","valueRequired":true,"valueName":"search_term_string"}}],"inLanguage":"de"},{"@type":"Organization","@id":"https:\/\/koningdrone.be\/#organization","name":"Kingdrone.de","url":"https:\/\/koningdrone.be\/","logo":{"@type":"ImageObject","inLanguage":"de","@id":"https:\/\/koningdrone.be\/#\/schema\/logo\/image\/","url":"https:\/\/koningdrone.be\/wp-content\/uploads\/sites\/13\/2025\/04\/koningdrone-copyright-logo.svg","contentUrl":"https:\/\/koningdrone.be\/wp-content\/uploads\/sites\/13\/2025\/04\/koningdrone-copyright-logo.svg","width":227,"height":38,"caption":"Koningdrone.be"},"image":{"@id":"https:\/\/koningdrone.be\/#\/schema\/logo\/image\/"}}]}},"df_price":3000,"df_sale_price":"","df_regular_price":3000,"df_image_link":"https:\/\/koningdrone.be\/wp-content\/uploads\/sites\/13\/2025\/04\/6958265178979-3-300x188.png","_links":{"self":[{"href":"https:\/\/koningdrone.be\/de\/wp-json\/wp\/v2\/product\/7320","targetHints":{"allow":["GET"]}}],"collection":[{"href":"https:\/\/koningdrone.be\/de\/wp-json\/wp\/v2\/product"}],"about":[{"href":"https:\/\/koningdrone.be\/de\/wp-json\/wp\/v2\/types\/product"}],"wp:featuredmedia":[{"embeddable":true,"href":"https:\/\/koningdrone.be\/de\/wp-json\/wp\/v2\/media\/7319"}],"wp:attachment":[{"href":"https:\/\/koningdrone.be\/de\/wp-json\/wp\/v2\/media?parent=7320"}],"wp:term":[{"taxonomy":"product_brand","embeddable":true,"href":"https:\/\/koningdrone.be\/de\/wp-json\/wp\/v2\/product_brand?post=7320"},{"taxonomy":"product_cat","embeddable":true,"href":"https:\/\/koningdrone.be\/de\/wp-json\/wp\/v2\/product_cat?post=7320"},{"taxonomy":"product_tag","embeddable":true,"href":"https:\/\/koningdrone.be\/de\/wp-json\/wp\/v2\/product_tag?post=7320"}],"curies":[{"name":"wp","href":"https:\/\/api.w.org\/{rel}","templated":true}]}}