{"id":7225,"date":"2020-09-18T13:11:35","date_gmt":"2020-09-18T11:11:35","guid":{"rendered":"https:\/\/koningdrone.nl\/kon\/product\/dji-zenmuse-z30\/"},"modified":"2026-04-29T08:40:11","modified_gmt":"2026-04-29T06:40:11","slug":"dji-zenmuse-z30","status":"publish","type":"product","link":"https:\/\/koningdrone.be\/de\/produkt\/dji-zenmuse-z30\/","title":{"rendered":"DJI Zenmuse Z30"},"content":{"rendered":"<p>[embedyt] https:\/\/www.youtube.com\/watch?v=kV3IlDHmV0A[\/embedyt]<\/p>\n<h1>DJI Zenmuse Z30<\/h1>\n<p>Hoogwerkers worden in snel tempo onmisbare hulpmiddelen voor bedrijven die effici\u00ebnter informatie willen verzamelen voor hun activiteiten. Als de eerste ge\u00efntegreerde luchtcamera met een optische zoom tot 30x en digitaal tot 6x, biedt de Zenmuse Z30 een onge\u00ebvenaarde vastlegging van beeldgegevens.<br \/>Bedrijven kunnen nu informatie op veilige afstand vastleggen, waardoor het verzamelen van beeldgegevens aanzienlijk sneller verloopt en het risico op schade aan zowel personeel als apparatuur wordt beperkt.<br \/>Ontworpen om naadloos te integreren met DJI&#8217;s Matrice-serie airframes, werkt de Zenmuse Z30 direct uit de doos en geeft toegang tot de intelligente functies waar DJI om bekend staat.<\/p>\n<p><strong>Zoom<\/strong><br \/>De Zenmuse Z30 is de krachtigste ge\u00efntegreerde antenne-zoomcamera op de markt met 30x optische en 6x digitale zoom voor een totale vergroting tot 180x. Of u nu zendmasten of windturbines inspecteert, het stelt u in staat om structuren, draden, modules en componenten gedetailleerd te bekijken om schades vast te kunnen stellen.<br \/>Doordat u inspecties op afstand kunt uitvoeren zonder dat u dichtbij hoeft te vliegen, neemt niet alleen de snelheid en effici\u00ebntie van uw operaties toe, maar worden enige risico&#8217;s vermeden.<\/p>\n<p><strong>Tik op Zoom<\/strong><br \/>Met TapZoom is het nauwkeurig verzamelen van visuele gegevens net zo eenvoudig als het tikken met uw vinger om de camera op het onderwerp van uw inspectie te richten.<br \/>De Zenmuse Z30 past automatisch de brandpuntsafstand aan om u een vergroot beeld te geven, waardoor de kleinste details in slechts enkele seconden zichtbaar zijn.<\/p>\n<p><strong>Stabilisatie<\/strong><br \/>Een krachtige zoom betekent dat elke beweging in het systeem wordt vergroot, dus stabiliteit is van het grootste belang. De Z30 bevat DJI&#8217;s toonaangevende cardanische technologie voor stabilisatie binnen 0,01 \u00b0 en dezelfde precisie voor bedieningselementen.<br \/>Dit maakt inspecties altijd betrouwbaar is, ook op lange afstanden.<\/p>\n<p><strong>Zendmast inspectie<\/strong><br \/>Veiligere en snellere inspecties van zendmasten met de Zenmuse Z30. Elimineer de noodzaak van gevaarlijke handmatige inspectie en het risico om tegen activa te botsen door op afstand te inspecteren.<\/p>\n<p><strong>Inspectie van windturbines<\/strong><br \/>Detecteer fijne beschadigingen op een afstand en vermijd schade aan personeel en apparatuur. Stel uw vliegtuig zo in dat het uw object van inspectie met Point of Interest omcirkelt voor een volledig 360 \u00b0 -beeld van uw bezit.<\/p>\n<p><strong>Brand blussen<\/strong><br \/>Eerstehulpverleners kunnen nu snel een overzicht van een sc\u00e8ne krijgen en de 30x zoom gebruiken om in te zoomen op nauwkeurige en specifieke intelligentie om hun operaties op te baseren.<\/p>\n<p><strong>Compatibel met Matrice<\/strong><br \/>Het aanpassen van de Z30 aan uw bestaande Matrice-gebaseerde antennesysteem is eenvoudig dankzij het ge\u00efntegreerde ontwerp. Schuif de camera gewoon in de houder en u bent klaar om op te stijgen. De Zenmuse Z30 is ontworpen voor gebruik met DJI Lightbridge 2 en doorbreekt technische limieten om het bereik te vergroten tot 5 km.<br \/>De ge\u00efntegreerde controller en intelligente algoritmen zetten een nieuwe standaard voor draadloze HD-beeldoverdracht door de latentie te verlagen en de beeldgetrouwheid te vergroten.<\/p>\n","protected":false},"excerpt":{"rendered":"<ul>\n<li>30x optischer und 6x digitaler Zoom = 180x Vergr\u00f6\u00dferung<\/li>\n<li>Tippen zum Zoomen<\/li>\n<li>Erweiterte Stabilisierung<\/li>\n<\/ul>","protected":false},"featured_media":7220,"template":"","meta":{"_acf_changed":false},"product_brand":[],"product_cat":[298,126,97,316],"product_tag":[],"class_list":{"0":"post-7225","1":"product","2":"type-product","3":"status-publish","4":"has-post-thumbnail","6":"product_cat-alle-industriele-camera","7":"product_cat-alle-payloads","8":"product_cat-alle-producten","9":"product_cat-dji-zenmuse","10":"product_shipping_class-outofstock","11":"pa_brand-dji","12":"pa_productfamily-camera","13":"pa_producttype-camera","14":"pa_series-zenmuse-z30","16":"first","17":"outofstock","18":"taxable","19":"shipping-taxable","20":"product-type-simple"},"acf":[],"yoast_head":"<!-- This site is optimized with the Yoast SEO Premium plugin v27.2 (Yoast SEO v27.2) - https:\/\/yoast.com\/product\/yoast-seo-premium-wordpress\/ -->\n<title>DJI Zenmuse Z30 - koningdrone.be<\/title>\n<meta name=\"robots\" content=\"index, follow, max-snippet:-1, max-image-preview:large, max-video-preview:-1\" \/>\n<link rel=\"canonical\" href=\"https:\/\/koningdrone.be\/de\/produkt\/dji-zenmuse-z30\/\" \/>\n<meta property=\"og:locale\" content=\"de_DE\" \/>\n<meta property=\"og:type\" content=\"article\" \/>\n<meta property=\"og:title\" content=\"DJI Zenmuse Z30\" \/>\n<meta property=\"og:description\" content=\"30x optische en 6x digitale zoom = 180x mganificatieTap to zoomGeavanceerde stabilisatie\" \/>\n<meta property=\"og:url\" content=\"https:\/\/koningdrone.be\/de\/produkt\/dji-zenmuse-z30\/\" \/>\n<meta property=\"og:site_name\" content=\"koningdrone.be\" \/>\n<meta property=\"article:modified_time\" content=\"2026-04-29T06:40:11+00:00\" \/>\n<meta property=\"og:image\" content=\"https:\/\/koningdrone.be\/wp-content\/uploads\/sites\/13\/2025\/04\/6958265139222-1.jpg\" \/>\n\t<meta property=\"og:image:width\" content=\"600\" \/>\n\t<meta property=\"og:image:height\" content=\"375\" \/>\n\t<meta property=\"og:image:type\" content=\"image\/jpeg\" \/>\n<meta name=\"twitter:card\" content=\"summary_large_image\" \/>\n<meta name=\"twitter:label1\" content=\"Gesch\u00e4tzte Lesezeit\" \/>\n\t<meta name=\"twitter:data1\" content=\"2\u00a0Minuten\" \/>\n<script type=\"application\/ld+json\" class=\"yoast-schema-graph\">{\"@context\":\"https:\/\/schema.org\",\"@graph\":[{\"@type\":\"WebPage\",\"@id\":\"https:\/\/koningdrone.be\/product\/dji-zenmuse-z30\/\",\"url\":\"https:\/\/koningdrone.be\/product\/dji-zenmuse-z30\/\",\"name\":\"DJI Zenmuse Z30 - koningdrone.be\",\"isPartOf\":{\"@id\":\"https:\/\/koningdrone.be\/#website\"},\"primaryImageOfPage\":{\"@id\":\"https:\/\/koningdrone.be\/product\/dji-zenmuse-z30\/#primaryimage\"},\"image\":{\"@id\":\"https:\/\/koningdrone.be\/product\/dji-zenmuse-z30\/#primaryimage\"},\"thumbnailUrl\":\"https:\/\/koningdrone.be\/wp-content\/uploads\/sites\/13\/2025\/04\/6958265139222-1.jpg\",\"datePublished\":\"2020-09-18T11:11:35+00:00\",\"dateModified\":\"2026-04-29T06:40:11+00:00\",\"breadcrumb\":{\"@id\":\"https:\/\/koningdrone.be\/product\/dji-zenmuse-z30\/#breadcrumb\"},\"inLanguage\":\"de\",\"potentialAction\":[{\"@type\":\"ReadAction\",\"target\":[\"https:\/\/koningdrone.be\/product\/dji-zenmuse-z30\/\"]}]},{\"@type\":\"ImageObject\",\"inLanguage\":\"de\",\"@id\":\"https:\/\/koningdrone.be\/product\/dji-zenmuse-z30\/#primaryimage\",\"url\":\"https:\/\/koningdrone.be\/wp-content\/uploads\/sites\/13\/2025\/04\/6958265139222-1.jpg\",\"contentUrl\":\"https:\/\/koningdrone.be\/wp-content\/uploads\/sites\/13\/2025\/04\/6958265139222-1.jpg\",\"width\":600,\"height\":375},{\"@type\":\"BreadcrumbList\",\"@id\":\"https:\/\/koningdrone.be\/product\/dji-zenmuse-z30\/#breadcrumb\",\"itemListElement\":[{\"@type\":\"ListItem\",\"position\":1,\"name\":\"Home\",\"item\":\"https:\/\/koningdrone.be\/\"},{\"@type\":\"ListItem\",\"position\":2,\"name\":\"AVSS Parachute Recovery System for DJI Matrice 300\/350\",\"item\":\"https:\/\/koningdrone.be\/product\/avss-parachute-recovery-system-for-dji-matrice-300-350\/\"},{\"@type\":\"ListItem\",\"position\":3,\"name\":\"Alle industriele camera\",\"item\":\"https:\/\/koningdrone.be\/categorie\/alle-industriele-camera\/\"},{\"@type\":\"ListItem\",\"position\":4,\"name\":\"DJI Zenmuse Z30\"}]},{\"@type\":\"WebSite\",\"@id\":\"https:\/\/koningdrone.be\/#website\",\"url\":\"https:\/\/koningdrone.be\/\",\"name\":\"Koningdrone.be - Uw online specialist in drones, gimbals, camera's en power stations.\",\"description\":\"De webshop in drones en gimbals\",\"publisher\":{\"@id\":\"https:\/\/koningdrone.be\/#organization\"},\"potentialAction\":[{\"@type\":\"SearchAction\",\"target\":{\"@type\":\"EntryPoint\",\"urlTemplate\":\"https:\/\/koningdrone.be\/?s={search_term_string}\"},\"query-input\":{\"@type\":\"PropertyValueSpecification\",\"valueRequired\":true,\"valueName\":\"search_term_string\"}}],\"inLanguage\":\"de\"},{\"@type\":\"Organization\",\"@id\":\"https:\/\/koningdrone.be\/#organization\",\"name\":\"Koningdrone.be\",\"url\":\"https:\/\/koningdrone.be\/\",\"logo\":{\"@type\":\"ImageObject\",\"inLanguage\":\"de\",\"@id\":\"https:\/\/koningdrone.be\/#\/schema\/logo\/image\/\",\"url\":\"https:\/\/koningdrone.be\/wp-content\/uploads\/sites\/13\/2025\/04\/koningdrone-copyright-logo.svg\",\"contentUrl\":\"https:\/\/koningdrone.be\/wp-content\/uploads\/sites\/13\/2025\/04\/koningdrone-copyright-logo.svg\",\"width\":227,\"height\":38,\"caption\":\"Koningdrone.be\"},\"image\":{\"@id\":\"https:\/\/koningdrone.be\/#\/schema\/logo\/image\/\"}}]}<\/script>\n<!-- \/ Yoast SEO Premium plugin. -->","yoast_head_json":{"title":"DJI Zenmuse Z30 - koningdrone.be","robots":{"index":"index","follow":"follow","max-snippet":"max-snippet:-1","max-image-preview":"max-image-preview:large","max-video-preview":"max-video-preview:-1"},"canonical":"https:\/\/koningdrone.be\/de\/produkt\/dji-zenmuse-z30\/","og_locale":"de_DE","og_type":"article","og_title":"DJI Zenmuse Z30","og_description":"30x optische en 6x digitale zoom = 180x mganificatieTap to zoomGeavanceerde stabilisatie","og_url":"https:\/\/koningdrone.be\/de\/produkt\/dji-zenmuse-z30\/","og_site_name":"koningdrone.be","article_modified_time":"2026-04-29T06:40:11+00:00","og_image":[{"width":600,"height":375,"url":"https:\/\/koningdrone.be\/wp-content\/uploads\/sites\/13\/2025\/04\/6958265139222-1.jpg","type":"image\/jpeg"}],"twitter_card":"summary_large_image","twitter_misc":{"Gesch\u00e4tzte Lesezeit":"2\u00a0Minuten"},"schema":{"@context":"https:\/\/schema.org","@graph":[{"@type":"WebPage","@id":"https:\/\/koningdrone.be\/product\/dji-zenmuse-z30\/","url":"https:\/\/koningdrone.be\/product\/dji-zenmuse-z30\/","name":"DJI Zenmuse Z30 - koningdrone.be","isPartOf":{"@id":"https:\/\/koningdrone.be\/#website"},"primaryImageOfPage":{"@id":"https:\/\/koningdrone.be\/product\/dji-zenmuse-z30\/#primaryimage"},"image":{"@id":"https:\/\/koningdrone.be\/product\/dji-zenmuse-z30\/#primaryimage"},"thumbnailUrl":"https:\/\/koningdrone.be\/wp-content\/uploads\/sites\/13\/2025\/04\/6958265139222-1.jpg","datePublished":"2020-09-18T11:11:35+00:00","dateModified":"2026-04-29T06:40:11+00:00","breadcrumb":{"@id":"https:\/\/koningdrone.be\/product\/dji-zenmuse-z30\/#breadcrumb"},"inLanguage":"de","potentialAction":[{"@type":"ReadAction","target":["https:\/\/koningdrone.be\/product\/dji-zenmuse-z30\/"]}]},{"@type":"ImageObject","inLanguage":"de","@id":"https:\/\/koningdrone.be\/product\/dji-zenmuse-z30\/#primaryimage","url":"https:\/\/koningdrone.be\/wp-content\/uploads\/sites\/13\/2025\/04\/6958265139222-1.jpg","contentUrl":"https:\/\/koningdrone.be\/wp-content\/uploads\/sites\/13\/2025\/04\/6958265139222-1.jpg","width":600,"height":375},{"@type":"BreadcrumbList","@id":"https:\/\/koningdrone.be\/product\/dji-zenmuse-z30\/#breadcrumb","itemListElement":[{"@type":"ListItem","position":1,"name":"Home","item":"https:\/\/koningdrone.be\/"},{"@type":"ListItem","position":2,"name":"AVSS Parachute Recovery System for DJI Matrice 300\/350","item":"https:\/\/koningdrone.be\/product\/avss-parachute-recovery-system-for-dji-matrice-300-350\/"},{"@type":"ListItem","position":3,"name":"Alle industriele camera","item":"https:\/\/koningdrone.be\/categorie\/alle-industriele-camera\/"},{"@type":"ListItem","position":4,"name":"DJI Zenmuse Z30"}]},{"@type":"WebSite","@id":"https:\/\/koningdrone.be\/#website","url":"https:\/\/koningdrone.be\/","name":"Koningdrone.be - Ihr Online-Spezialist f\u00fcr Drohnen, Gimbals, Kameras und Kraftwerke.","description":"Der Webshop f\u00fcr Drohnen und Gimbals","publisher":{"@id":"https:\/\/koningdrone.be\/#organization"},"potentialAction":[{"@type":"SearchAction","target":{"@type":"EntryPoint","urlTemplate":"https:\/\/koningdrone.be\/?s={search_term_string}"},"query-input":{"@type":"PropertyValueSpecification","valueRequired":true,"valueName":"search_term_string"}}],"inLanguage":"de"},{"@type":"Organization","@id":"https:\/\/koningdrone.be\/#organization","name":"Kingdrone.de","url":"https:\/\/koningdrone.be\/","logo":{"@type":"ImageObject","inLanguage":"de","@id":"https:\/\/koningdrone.be\/#\/schema\/logo\/image\/","url":"https:\/\/koningdrone.be\/wp-content\/uploads\/sites\/13\/2025\/04\/koningdrone-copyright-logo.svg","contentUrl":"https:\/\/koningdrone.be\/wp-content\/uploads\/sites\/13\/2025\/04\/koningdrone-copyright-logo.svg","width":227,"height":38,"caption":"Koningdrone.be"},"image":{"@id":"https:\/\/koningdrone.be\/#\/schema\/logo\/image\/"}}]}},"df_price":"","df_sale_price":"","df_regular_price":"","df_image_link":"https:\/\/koningdrone.be\/wp-content\/uploads\/sites\/13\/2025\/04\/6958265139222-1-300x188.jpg","_links":{"self":[{"href":"https:\/\/koningdrone.be\/de\/wp-json\/wp\/v2\/product\/7225","targetHints":{"allow":["GET"]}}],"collection":[{"href":"https:\/\/koningdrone.be\/de\/wp-json\/wp\/v2\/product"}],"about":[{"href":"https:\/\/koningdrone.be\/de\/wp-json\/wp\/v2\/types\/product"}],"wp:featuredmedia":[{"embeddable":true,"href":"https:\/\/koningdrone.be\/de\/wp-json\/wp\/v2\/media\/7220"}],"wp:attachment":[{"href":"https:\/\/koningdrone.be\/de\/wp-json\/wp\/v2\/media?parent=7225"}],"wp:term":[{"taxonomy":"product_brand","embeddable":true,"href":"https:\/\/koningdrone.be\/de\/wp-json\/wp\/v2\/product_brand?post=7225"},{"taxonomy":"product_cat","embeddable":true,"href":"https:\/\/koningdrone.be\/de\/wp-json\/wp\/v2\/product_cat?post=7225"},{"taxonomy":"product_tag","embeddable":true,"href":"https:\/\/koningdrone.be\/de\/wp-json\/wp\/v2\/product_tag?post=7225"}],"curies":[{"name":"wp","href":"https:\/\/api.w.org\/{rel}","templated":true}]}}