{"id":7191,"date":"2020-09-18T13:11:35","date_gmt":"2020-09-18T11:11:35","guid":{"rendered":"https:\/\/koningdrone.nl\/kon\/product\/dji-matrice-300-smart-controller-p02\/"},"modified":"2026-04-29T04:20:52","modified_gmt":"2026-04-29T02:20:52","slug":"dji-matrice-300-smart-controller-p02","status":"publish","type":"product","link":"https:\/\/koningdrone.be\/de\/produkt\/dji-matrice-300-smart-controller-p02\/","title":{"rendered":"DJI Matrice 300 Smart Controller (P02)"},"content":{"rendered":"<h1>DJI Matrice 300 Smart Controller (P02)<\/h1>\n<p>DJI Matrice 300 Smart Controller (P02)<br \/>Der DJI Smart Controller Enterprise ist mit einem ultrahellen 5,5-Zoll-1080p-Bildschirm ausgestattet. Entwickelt f\u00fcr den Einsatz im Freien, bietet der Bildschirm der Fernbedienung eine lebendige Farbwiedergabe und kristallklare Bilder, auch bei direkter Sonneneinstrahlung im Freien.<\/p>\n<p> - Mit 1000 cd\/m2 ist der Bildschirm doppelt so hell wie herk\u00f6mmliche Displays f\u00fcr Mobilger\u00e4te<br \/> - Unterst\u00fctzt DJI Pilot und Apps von Drittanbietern<br \/> - HDMI-Anschluss und microSD-Kartensteckplatz<br \/> - Betriebstemperaturbereich von -20\u00b0C bis +50\u00b0C.<br \/> - Erweiterter Dual-Operator-Modus<br \/> - Intuitive Bedienung und tragbare Gr\u00f6\u00dfe<\/p>","protected":false},"excerpt":{"rendered":"<ul>\n<li>Die DJI Smart Remote Control Enterprise verf\u00fcgt \u00fcber ein ultrahelles 5,5-Zoll-1080p-Display. Die Fernbedienung bietet leuchtende Farben und ein kristallklares Bild, sogar bei direktem Sonnenlicht!<\/li>\n<li>Hinweis: Dieses Produkt wird standardm\u00e4\u00dfig mit dem Kauf einer Matrice 300 Drohne geliefert.<\/li>\n<\/ul>","protected":false},"featured_media":7187,"template":"","meta":{"_acf_changed":false},"product_brand":[],"product_cat":[122,97,426,152],"product_tag":[],"class_list":{"0":"post-7191","1":"product","2":"type-product","3":"status-publish","4":"has-post-thumbnail","6":"product_cat-alle-afstandsbedieningen","7":"product_cat-alle-producten","8":"product_cat-dji-matrice","9":"product_cat-dji-matrice-300","10":"product_shipping_class-dronelandall","11":"pa_brand-dji","12":"pa_productfamily-afstandsbediening","13":"pa_producttype-afstandsbediening","14":"pa_series-matrice-300","16":"first","17":"instock","18":"taxable","19":"shipping-taxable","20":"purchasable","21":"product-type-simple"},"acf":[],"yoast_head":"<!-- This site is optimized with the Yoast SEO Premium plugin v27.2 (Yoast SEO v27.2) - https:\/\/yoast.com\/product\/yoast-seo-premium-wordpress\/ -->\n<title>DJI Matrice 300 Smart Controller (P02) - koningdrone.be<\/title>\n<meta name=\"robots\" content=\"index, follow, max-snippet:-1, max-image-preview:large, max-video-preview:-1\" \/>\n<link rel=\"canonical\" href=\"https:\/\/koningdrone.be\/de\/produkt\/dji-matrice-300-smart-controller-p02\/\" \/>\n<meta property=\"og:locale\" content=\"de_DE\" \/>\n<meta property=\"og:type\" content=\"article\" \/>\n<meta property=\"og:title\" content=\"DJI Matrice 300 Smart Controller (P02)\" \/>\n<meta property=\"og:description\" content=\"De DJI Smart Remote Control Enterprise heeft een ultrahelder 5,5 inch 1080p-scherm. De afstandsbediening biedt levendige kleuren en een kristalhelder beeld, zelfs in direct zonlicht!Let op: dit product wordt standaard meegeleverd bij de aanschaf van een Matrice 300 drone\" \/>\n<meta property=\"og:url\" content=\"https:\/\/koningdrone.be\/de\/produkt\/dji-matrice-300-smart-controller-p02\/\" \/>\n<meta property=\"og:site_name\" content=\"koningdrone.be\" \/>\n<meta property=\"article:modified_time\" content=\"2026-04-29T02:20:52+00:00\" \/>\n<meta property=\"og:image\" content=\"https:\/\/koningdrone.be\/wp-content\/uploads\/sites\/13\/2025\/04\/6958265199769-1.jpg\" \/>\n\t<meta property=\"og:image:width\" content=\"600\" \/>\n\t<meta property=\"og:image:height\" content=\"375\" \/>\n\t<meta property=\"og:image:type\" content=\"image\/jpeg\" \/>\n<meta name=\"twitter:card\" content=\"summary_large_image\" \/>\n<script type=\"application\/ld+json\" class=\"yoast-schema-graph\">{\"@context\":\"https:\/\/schema.org\",\"@graph\":[{\"@type\":\"WebPage\",\"@id\":\"https:\/\/koningdrone.be\/product\/dji-matrice-300-smart-controller-p02\/\",\"url\":\"https:\/\/koningdrone.be\/product\/dji-matrice-300-smart-controller-p02\/\",\"name\":\"DJI Matrice 300 Smart Controller (P02) - koningdrone.be\",\"isPartOf\":{\"@id\":\"https:\/\/koningdrone.be\/#website\"},\"primaryImageOfPage\":{\"@id\":\"https:\/\/koningdrone.be\/product\/dji-matrice-300-smart-controller-p02\/#primaryimage\"},\"image\":{\"@id\":\"https:\/\/koningdrone.be\/product\/dji-matrice-300-smart-controller-p02\/#primaryimage\"},\"thumbnailUrl\":\"https:\/\/koningdrone.be\/wp-content\/uploads\/sites\/13\/2025\/04\/6958265199769-1.jpg\",\"datePublished\":\"2020-09-18T11:11:35+00:00\",\"dateModified\":\"2026-04-29T02:20:52+00:00\",\"breadcrumb\":{\"@id\":\"https:\/\/koningdrone.be\/product\/dji-matrice-300-smart-controller-p02\/#breadcrumb\"},\"inLanguage\":\"de\",\"potentialAction\":[{\"@type\":\"ReadAction\",\"target\":[\"https:\/\/koningdrone.be\/product\/dji-matrice-300-smart-controller-p02\/\"]}]},{\"@type\":\"ImageObject\",\"inLanguage\":\"de\",\"@id\":\"https:\/\/koningdrone.be\/product\/dji-matrice-300-smart-controller-p02\/#primaryimage\",\"url\":\"https:\/\/koningdrone.be\/wp-content\/uploads\/sites\/13\/2025\/04\/6958265199769-1.jpg\",\"contentUrl\":\"https:\/\/koningdrone.be\/wp-content\/uploads\/sites\/13\/2025\/04\/6958265199769-1.jpg\",\"width\":600,\"height\":375},{\"@type\":\"BreadcrumbList\",\"@id\":\"https:\/\/koningdrone.be\/product\/dji-matrice-300-smart-controller-p02\/#breadcrumb\",\"itemListElement\":[{\"@type\":\"ListItem\",\"position\":1,\"name\":\"Home\",\"item\":\"https:\/\/koningdrone.be\/\"},{\"@type\":\"ListItem\",\"position\":2,\"name\":\"AVSS Parachute Recovery System for DJI Matrice 300\/350\",\"item\":\"https:\/\/koningdrone.be\/product\/avss-parachute-recovery-system-for-dji-matrice-300-350\/\"},{\"@type\":\"ListItem\",\"position\":3,\"name\":\"Alle afstandsbedieningen\",\"item\":\"https:\/\/koningdrone.be\/categorie\/alle-afstandsbedieningen\/\"},{\"@type\":\"ListItem\",\"position\":4,\"name\":\"DJI Matrice 300 Smart Controller (P02)\"}]},{\"@type\":\"WebSite\",\"@id\":\"https:\/\/koningdrone.be\/#website\",\"url\":\"https:\/\/koningdrone.be\/\",\"name\":\"Koningdrone.be - Uw online specialist in drones, gimbals, camera's en power stations.\",\"description\":\"De webshop in drones en gimbals\",\"publisher\":{\"@id\":\"https:\/\/koningdrone.be\/#organization\"},\"potentialAction\":[{\"@type\":\"SearchAction\",\"target\":{\"@type\":\"EntryPoint\",\"urlTemplate\":\"https:\/\/koningdrone.be\/?s={search_term_string}\"},\"query-input\":{\"@type\":\"PropertyValueSpecification\",\"valueRequired\":true,\"valueName\":\"search_term_string\"}}],\"inLanguage\":\"de\"},{\"@type\":\"Organization\",\"@id\":\"https:\/\/koningdrone.be\/#organization\",\"name\":\"Koningdrone.be\",\"url\":\"https:\/\/koningdrone.be\/\",\"logo\":{\"@type\":\"ImageObject\",\"inLanguage\":\"de\",\"@id\":\"https:\/\/koningdrone.be\/#\/schema\/logo\/image\/\",\"url\":\"https:\/\/koningdrone.be\/wp-content\/uploads\/sites\/13\/2025\/04\/koningdrone-copyright-logo.svg\",\"contentUrl\":\"https:\/\/koningdrone.be\/wp-content\/uploads\/sites\/13\/2025\/04\/koningdrone-copyright-logo.svg\",\"width\":227,\"height\":38,\"caption\":\"Koningdrone.be\"},\"image\":{\"@id\":\"https:\/\/koningdrone.be\/#\/schema\/logo\/image\/\"}}]}<\/script>\n<!-- \/ Yoast SEO Premium plugin. -->","yoast_head_json":{"title":"DJI Matrice 300 Smart Controller (P02) - koningdrone.be","robots":{"index":"index","follow":"follow","max-snippet":"max-snippet:-1","max-image-preview":"max-image-preview:large","max-video-preview":"max-video-preview:-1"},"canonical":"https:\/\/koningdrone.be\/de\/produkt\/dji-matrice-300-smart-controller-p02\/","og_locale":"de_DE","og_type":"article","og_title":"DJI Matrice 300 Smart Controller (P02)","og_description":"De DJI Smart Remote Control Enterprise heeft een ultrahelder 5,5 inch 1080p-scherm. De afstandsbediening biedt levendige kleuren en een kristalhelder beeld, zelfs in direct zonlicht!Let op: dit product wordt standaard meegeleverd bij de aanschaf van een Matrice 300 drone","og_url":"https:\/\/koningdrone.be\/de\/produkt\/dji-matrice-300-smart-controller-p02\/","og_site_name":"koningdrone.be","article_modified_time":"2026-04-29T02:20:52+00:00","og_image":[{"width":600,"height":375,"url":"https:\/\/koningdrone.be\/wp-content\/uploads\/sites\/13\/2025\/04\/6958265199769-1.jpg","type":"image\/jpeg"}],"twitter_card":"summary_large_image","schema":{"@context":"https:\/\/schema.org","@graph":[{"@type":"WebPage","@id":"https:\/\/koningdrone.be\/product\/dji-matrice-300-smart-controller-p02\/","url":"https:\/\/koningdrone.be\/product\/dji-matrice-300-smart-controller-p02\/","name":"DJI Matrice 300 Smart Controller (P02) - koningdrone.be","isPartOf":{"@id":"https:\/\/koningdrone.be\/#website"},"primaryImageOfPage":{"@id":"https:\/\/koningdrone.be\/product\/dji-matrice-300-smart-controller-p02\/#primaryimage"},"image":{"@id":"https:\/\/koningdrone.be\/product\/dji-matrice-300-smart-controller-p02\/#primaryimage"},"thumbnailUrl":"https:\/\/koningdrone.be\/wp-content\/uploads\/sites\/13\/2025\/04\/6958265199769-1.jpg","datePublished":"2020-09-18T11:11:35+00:00","dateModified":"2026-04-29T02:20:52+00:00","breadcrumb":{"@id":"https:\/\/koningdrone.be\/product\/dji-matrice-300-smart-controller-p02\/#breadcrumb"},"inLanguage":"de","potentialAction":[{"@type":"ReadAction","target":["https:\/\/koningdrone.be\/product\/dji-matrice-300-smart-controller-p02\/"]}]},{"@type":"ImageObject","inLanguage":"de","@id":"https:\/\/koningdrone.be\/product\/dji-matrice-300-smart-controller-p02\/#primaryimage","url":"https:\/\/koningdrone.be\/wp-content\/uploads\/sites\/13\/2025\/04\/6958265199769-1.jpg","contentUrl":"https:\/\/koningdrone.be\/wp-content\/uploads\/sites\/13\/2025\/04\/6958265199769-1.jpg","width":600,"height":375},{"@type":"BreadcrumbList","@id":"https:\/\/koningdrone.be\/product\/dji-matrice-300-smart-controller-p02\/#breadcrumb","itemListElement":[{"@type":"ListItem","position":1,"name":"Home","item":"https:\/\/koningdrone.be\/"},{"@type":"ListItem","position":2,"name":"AVSS Parachute Recovery System for DJI Matrice 300\/350","item":"https:\/\/koningdrone.be\/product\/avss-parachute-recovery-system-for-dji-matrice-300-350\/"},{"@type":"ListItem","position":3,"name":"Alle afstandsbedieningen","item":"https:\/\/koningdrone.be\/categorie\/alle-afstandsbedieningen\/"},{"@type":"ListItem","position":4,"name":"DJI Matrice 300 Smart Controller (P02)"}]},{"@type":"WebSite","@id":"https:\/\/koningdrone.be\/#website","url":"https:\/\/koningdrone.be\/","name":"Koningdrone.be - Ihr Online-Spezialist f\u00fcr Drohnen, Gimbals, Kameras und Kraftwerke.","description":"Der Webshop f\u00fcr Drohnen und Gimbals","publisher":{"@id":"https:\/\/koningdrone.be\/#organization"},"potentialAction":[{"@type":"SearchAction","target":{"@type":"EntryPoint","urlTemplate":"https:\/\/koningdrone.be\/?s={search_term_string}"},"query-input":{"@type":"PropertyValueSpecification","valueRequired":true,"valueName":"search_term_string"}}],"inLanguage":"de"},{"@type":"Organization","@id":"https:\/\/koningdrone.be\/#organization","name":"Kingdrone.de","url":"https:\/\/koningdrone.be\/","logo":{"@type":"ImageObject","inLanguage":"de","@id":"https:\/\/koningdrone.be\/#\/schema\/logo\/image\/","url":"https:\/\/koningdrone.be\/wp-content\/uploads\/sites\/13\/2025\/04\/koningdrone-copyright-logo.svg","contentUrl":"https:\/\/koningdrone.be\/wp-content\/uploads\/sites\/13\/2025\/04\/koningdrone-copyright-logo.svg","width":227,"height":38,"caption":"Koningdrone.be"},"image":{"@id":"https:\/\/koningdrone.be\/#\/schema\/logo\/image\/"}}]}},"df_price":1138,"df_sale_price":"","df_regular_price":1138,"df_image_link":"https:\/\/koningdrone.be\/wp-content\/uploads\/sites\/13\/2025\/04\/6958265199769-1-300x188.jpg","_links":{"self":[{"href":"https:\/\/koningdrone.be\/de\/wp-json\/wp\/v2\/product\/7191","targetHints":{"allow":["GET"]}}],"collection":[{"href":"https:\/\/koningdrone.be\/de\/wp-json\/wp\/v2\/product"}],"about":[{"href":"https:\/\/koningdrone.be\/de\/wp-json\/wp\/v2\/types\/product"}],"wp:featuredmedia":[{"embeddable":true,"href":"https:\/\/koningdrone.be\/de\/wp-json\/wp\/v2\/media\/7187"}],"wp:attachment":[{"href":"https:\/\/koningdrone.be\/de\/wp-json\/wp\/v2\/media?parent=7191"}],"wp:term":[{"taxonomy":"product_brand","embeddable":true,"href":"https:\/\/koningdrone.be\/de\/wp-json\/wp\/v2\/product_brand?post=7191"},{"taxonomy":"product_cat","embeddable":true,"href":"https:\/\/koningdrone.be\/de\/wp-json\/wp\/v2\/product_cat?post=7191"},{"taxonomy":"product_tag","embeddable":true,"href":"https:\/\/koningdrone.be\/de\/wp-json\/wp\/v2\/product_tag?post=7191"}],"curies":[{"name":"wp","href":"https:\/\/api.w.org\/{rel}","templated":true}]}}