{"id":7178,"date":"2020-09-18T13:11:35","date_gmt":"2020-09-18T11:11:35","guid":{"rendered":"https:\/\/koningdrone.nl\/kon\/product\/dji-zenmuse-h20t\/"},"modified":"2026-04-29T03:31:11","modified_gmt":"2026-04-29T01:31:11","slug":"dji-zenmuse-h20t","status":"publish","type":"product","link":"https:\/\/koningdrone.be\/de\/produkt\/dji-zenmuse-h20t\/","title":{"rendered":"DJI Zenmuse H20T"},"content":{"rendered":"<h1>DJI Zenmuse H20T<\/h1>\n<p>H20T - Vierfache Sensorl\u00f6sung:<br \/>- 20 MP-Zoom-Kamera<br \/>- 12 MP Weitwinkelkamera<br \/>- 1.200 m Laser-Entfernungsmesser<br \/>- Radiometrische W\u00e4rmebildkamera (640 \u00d7 512 Pixel)<\/p>\n<p><strong>\"H\" f\u00fcr Hybrid<\/strong><br \/>Multisensor-Nutzlasten, die der Effizienz von Operationen eine ganz neue Bedeutung verleihen. Mit beispielloser Intelligenz und integriertem Design sind beispiellose Luftbildaufnahmen f\u00fcr eine Reihe von kommerziellen Drohnenanwendungen m\u00f6glich.<\/p>\n<p><strong>Alle Sensoren, die Sie brauchen, in einem Ger\u00e4t<\/strong><br \/>Nehmen Sie alles auf. Aus der N\u00e4he oder aus der Ferne. In echten, lebendigen Farben oder als W\u00e4rmebild. Ein integrierter Laser-Entfernungsmesser (LRF) misst die Entfernung zu einem Objekt in einer Entfernung von bis zu 1.200 m. Eine leistungsstarke, integrierte Nutzlast, die fortschrittliche intelligente F\u00e4higkeiten f\u00fcr die industriellen Drohnenplattformen von DJI freisetzt.<\/p>\n<p><strong>N\u00fctzliche Lasten mit mehreren Sensoren<\/strong><br \/>Zoom, Nacht, Weitwinkel, W\u00e4rmebild: Sehen Sie das ganze Bild, ohne Details zu verpassen, wo immer Sie sind.<\/p>\n<p><strong>Nahtlose Benutzeroberfl\u00e4che<\/strong><br \/>\u00dcber eine neue integrierte Benutzeroberfl\u00e4che k\u00f6nnen Sie schnell zwischen Weitwinkel-, Zoom- und W\u00e4rmebildkameras wechseln und eine Vorschau des Zoom-Sichtfelds (FOV) in der Weitwinkel- oder W\u00e4rmebildkamera-Ansicht anzeigen.<\/p>\n<p><strong>AI-Aufgaben\u00fcberpr\u00fcfung<\/strong><\/p>\n<p>Automatisieren Sie Routineinspektionen und sammeln Sie immer wieder einheitliche Ergebnisse. Die KI erkennt das zuvor markierte Objekt und erm\u00f6glicht so eine konsistente Erfassung im normalen und automatisierten Betrieb.<\/p>\n<p><strong>Hochaufl\u00f6sendes Rasterfoto<\/strong><br \/>Markieren Sie einen gew\u00fcnschten Bereich in einem gro\u00dfen Kamerabild, und die Zoomkamera nimmt automatisch eine Serie von Bildern mit jeweils 20 Megapixeln von diesem Bereich auf. Diese Bilder werden zusammen mit einem \u00dcbersichtsbild gespeichert und erm\u00f6glichen so eine detailliertere Ansicht.<\/p>\n<p><strong>PinPoint (genauer Standort)<\/strong><br \/>Sie k\u00f6nnen ein sichtbares Objekt schnell markieren, und fortschrittliche Algorithmen zur Sensorfusion liefern sofort seine Koordinaten.<\/p>\n<p><strong>Chase<\/strong><br \/>Erkennen und verfolgen Sie bewegte Motive wie Personen, Fahrzeuge und Boote mit der Autozoom-Funktion und erfassen Sie dabei kontinuierlich die dynamische Position des Motivs.<\/p>\n<p><strong>Pr\u00e4zise Temperaturmessung<\/strong><br \/>Um das Risiko auszuschalten, k\u00f6nnen Sie die Temperatur eines Ortes oder Objekts \u00fcberwachen, indem Sie eine genaue Temperaturmessung an der Luft vornehmen.<br \/>Punktmessung: Markieren Sie einen Punkt, um die Oberfl\u00e4chentemperatur in Echtzeit abzulesen.<br \/>Oberfl\u00e4chenmessung: W\u00e4hlen Sie einen Bereich aus, um Mindest-, H\u00f6chst- und Durchschnittstemperaturen anzuzeigen.<\/p>\n<p><strong>Intelligente Funktionen<\/strong><br \/>Temperaturalarm: Sie erhalten sofortige Benachrichtigungen in DJI Pilot, wenn ein Objekt voreingestellte Temperaturschwellenwerte \u00fcberschreitet.<br \/>Isotherme: Die Visualisierung eines bestimmten Temperaturbereichs hilft, das Wesentliche zu erkennen.<br \/>Farbpaletten: Die Farben, in denen die W\u00e4rmebilddaten angezeigt werden, k\u00f6nnen je nach den Anforderungen bestimmter Szenarien angepasst werden.<br \/>Verst\u00e4rkungsmodi: Der aufzuzeichnende Temperaturbereich kann durch Einstellung der Verst\u00e4rkungsmodi ge\u00e4ndert werden: Bei hoher Verst\u00e4rkung wird ein kleinerer Temperaturbereich abgedeckt, der jedoch empfindlicher auf Temperaturschwankungen reagiert; bei niedriger Verst\u00e4rkung wird dagegen ein gr\u00f6\u00dferer Temperaturbereich abgedeckt.<br \/>R-JPEG-Bilder: Die mit der Zenmuse H20T aufgenommenen Bilder werden im R-JPEG-Format mit integrierten Temperaturdaten gespeichert. Durch den Import dieser Bilder in DJIs W\u00e4rmebildanalyse-Tool k\u00f6nnen Temperaturen gemessen und Parameter wie Emissionsgrad und reflektierte Temperatur angepasst werden.<\/p>\n<p><strong>Anwendungen:<\/strong><br \/>Brandbek\u00e4mpfung: Br\u00e4nde l\u00f6schen und Leben retten, ohne Menschen zu gef\u00e4hrden.<br \/>Rettungsaktionen: schnelle Reaktion bei der Suche nach vermissten Personen, um Rettungsaktionen besser planen zu k\u00f6nnen.<br \/>Strafverfolgungsbeh\u00f6rden: Sie sind in der Lage, die Situation schnell einzusch\u00e4tzen und entsprechend zu reagieren - bei gleichzeitiger Verbesserung der Sicherheit von Rettungsdiensten und Passanten.<br \/>Inspektionen von Hochspannungsleitungen: einfache Visualisierung gro\u00dfer Netze von Hochspannungsleitungen - auch in entlegenen Gebieten.<br \/>\u00d6l- und Gasversorgung: Inspektion von Pipelines oder Bohrl\u00f6chern, ohne dass sich die Mitarbeiter an gef\u00e4hrliche Orte begeben m\u00fcssen.<\/p>","protected":false},"excerpt":{"rendered":"<ul>\n<li>Radiometrische W\u00e4rmebildkamera: Aufl\u00f6sung 640\u00d7512, 30FPS.<\/li>\n<li>12MP Weitwinkelkamera (24mm)<\/li>\n<li>20MP Zoom Kamera (31.7-556.2) mit IR-Cut Nachtmodus und 4K Video<\/li>\n<li>LRF (Laser Range Finder) mit einer Reichweite von 1200 Metern<\/li>\n<li>Intelligente Verfolgungsfunktionen PinPoint und SmartTrack<\/li>\n<li>Intelligente Inspektionen mit: Waypoint 2.0, Live-Einsatzaufzeichnung und AI-Spot-Check.<\/li>\n<li>IP44 wasserdicht<\/li>\n<\/ul>","protected":false},"featured_media":3565,"template":"","meta":{"_acf_changed":false},"product_brand":[],"product_cat":[315,298,126,97,426,152,153,316,115,1808],"product_tag":[],"class_list":{"0":"post-7178","1":"product","2":"type-product","3":"status-publish","4":"has-post-thumbnail","6":"product_cat-alle-gimbals-en-cameras","7":"product_cat-alle-industriele-camera","8":"product_cat-alle-payloads","9":"product_cat-alle-producten","10":"product_cat-dji-matrice","11":"product_cat-dji-matrice-300","12":"product_cat-dji-matrice-350","13":"product_cat-dji-zenmuse","14":"product_cat-inspecties-met-drones","15":"product_cat-thermal-cam","16":"product_shipping_class-uavspacesall","17":"pa_brand-dji","18":"pa_productfamily-warmtebeeld-camera","19":"pa_producttype-warmtebeeld-camera","20":"pa_series-zenmuse-h20t","22":"first","23":"instock","24":"taxable","25":"shipping-taxable","26":"purchasable","27":"product-type-simple"},"acf":[],"yoast_head":"<!-- This site is optimized with the Yoast SEO Premium plugin v27.2 (Yoast SEO v27.2) - https:\/\/yoast.com\/product\/yoast-seo-premium-wordpress\/ -->\n<title>DJI Zenmuse H20T - koningdrone.be<\/title>\n<meta name=\"robots\" content=\"index, follow, max-snippet:-1, max-image-preview:large, max-video-preview:-1\" \/>\n<link rel=\"canonical\" href=\"https:\/\/koningdrone.be\/de\/produkt\/dji-zenmuse-h20t\/\" \/>\n<meta property=\"og:locale\" content=\"de_DE\" \/>\n<meta property=\"og:type\" content=\"article\" \/>\n<meta property=\"og:title\" content=\"DJI Zenmuse H20T\" \/>\n<meta property=\"og:description\" content=\"Radiometrische Warmtebeeld camera: Resolutie 640x512, 30FPS.12MP Wide camera(24mm)20MP Zoom camera (31.7-556,2) Met IR-Cut Night Mode en 4K videoLRF (Laser Range Finder) met een bereik van 1200 meterSmart tracking functies PinPoint en SmartTrackSmart Inspections met: Waypoint 2.0, Live Mission Recording en AI-Spot check.IP44 waterproof\" \/>\n<meta property=\"og:url\" content=\"https:\/\/koningdrone.be\/de\/produkt\/dji-zenmuse-h20t\/\" \/>\n<meta property=\"og:site_name\" content=\"koningdrone.be\" \/>\n<meta property=\"article:modified_time\" content=\"2026-04-29T01:31:11+00:00\" \/>\n<meta property=\"og:image\" content=\"https:\/\/koningdrone.be\/wp-content\/uploads\/sites\/13\/2025\/04\/6958265100970-1-1.jpg\" \/>\n\t<meta property=\"og:image:width\" content=\"600\" \/>\n\t<meta property=\"og:image:height\" content=\"375\" \/>\n\t<meta property=\"og:image:type\" content=\"image\/jpeg\" \/>\n<meta name=\"twitter:card\" content=\"summary_large_image\" \/>\n<meta name=\"twitter:label1\" content=\"Gesch\u00e4tzte Lesezeit\" \/>\n\t<meta name=\"twitter:data1\" content=\"3\u00a0Minuten\" \/>\n<script type=\"application\/ld+json\" class=\"yoast-schema-graph\">{\"@context\":\"https:\/\/schema.org\",\"@graph\":[{\"@type\":\"WebPage\",\"@id\":\"https:\/\/koningdrone.be\/product\/dji-zenmuse-h20t\/\",\"url\":\"https:\/\/koningdrone.be\/product\/dji-zenmuse-h20t\/\",\"name\":\"DJI Zenmuse H20T - koningdrone.be\",\"isPartOf\":{\"@id\":\"https:\/\/koningdrone.be\/#website\"},\"primaryImageOfPage\":{\"@id\":\"https:\/\/koningdrone.be\/product\/dji-zenmuse-h20t\/#primaryimage\"},\"image\":{\"@id\":\"https:\/\/koningdrone.be\/product\/dji-zenmuse-h20t\/#primaryimage\"},\"thumbnailUrl\":\"https:\/\/koningdrone.be\/wp-content\/uploads\/sites\/13\/2025\/04\/6958265100970-1-1.jpg\",\"datePublished\":\"2020-09-18T11:11:35+00:00\",\"dateModified\":\"2026-04-29T01:31:11+00:00\",\"breadcrumb\":{\"@id\":\"https:\/\/koningdrone.be\/product\/dji-zenmuse-h20t\/#breadcrumb\"},\"inLanguage\":\"de\",\"potentialAction\":[{\"@type\":\"ReadAction\",\"target\":[\"https:\/\/koningdrone.be\/product\/dji-zenmuse-h20t\/\"]}]},{\"@type\":\"ImageObject\",\"inLanguage\":\"de\",\"@id\":\"https:\/\/koningdrone.be\/product\/dji-zenmuse-h20t\/#primaryimage\",\"url\":\"https:\/\/koningdrone.be\/wp-content\/uploads\/sites\/13\/2025\/04\/6958265100970-1-1.jpg\",\"contentUrl\":\"https:\/\/koningdrone.be\/wp-content\/uploads\/sites\/13\/2025\/04\/6958265100970-1-1.jpg\",\"width\":600,\"height\":375},{\"@type\":\"BreadcrumbList\",\"@id\":\"https:\/\/koningdrone.be\/product\/dji-zenmuse-h20t\/#breadcrumb\",\"itemListElement\":[{\"@type\":\"ListItem\",\"position\":1,\"name\":\"Home\",\"item\":\"https:\/\/koningdrone.be\/\"},{\"@type\":\"ListItem\",\"position\":2,\"name\":\"AVSS Parachute Recovery System for DJI Matrice 300\/350\",\"item\":\"https:\/\/koningdrone.be\/product\/avss-parachute-recovery-system-for-dji-matrice-300-350\/\"},{\"@type\":\"ListItem\",\"position\":3,\"name\":\"Alle gimbals en cameras\",\"item\":\"https:\/\/koningdrone.be\/categorie\/alle-gimbals-en-cameras\/\"},{\"@type\":\"ListItem\",\"position\":4,\"name\":\"DJI Zenmuse H20T\"}]},{\"@type\":\"WebSite\",\"@id\":\"https:\/\/koningdrone.be\/#website\",\"url\":\"https:\/\/koningdrone.be\/\",\"name\":\"Koningdrone.be - Uw online specialist in drones, gimbals, camera's en power stations.\",\"description\":\"De webshop in drones en gimbals\",\"publisher\":{\"@id\":\"https:\/\/koningdrone.be\/#organization\"},\"potentialAction\":[{\"@type\":\"SearchAction\",\"target\":{\"@type\":\"EntryPoint\",\"urlTemplate\":\"https:\/\/koningdrone.be\/?s={search_term_string}\"},\"query-input\":{\"@type\":\"PropertyValueSpecification\",\"valueRequired\":true,\"valueName\":\"search_term_string\"}}],\"inLanguage\":\"de\"},{\"@type\":\"Organization\",\"@id\":\"https:\/\/koningdrone.be\/#organization\",\"name\":\"Koningdrone.be\",\"url\":\"https:\/\/koningdrone.be\/\",\"logo\":{\"@type\":\"ImageObject\",\"inLanguage\":\"de\",\"@id\":\"https:\/\/koningdrone.be\/#\/schema\/logo\/image\/\",\"url\":\"https:\/\/koningdrone.be\/wp-content\/uploads\/sites\/13\/2025\/04\/koningdrone-copyright-logo.svg\",\"contentUrl\":\"https:\/\/koningdrone.be\/wp-content\/uploads\/sites\/13\/2025\/04\/koningdrone-copyright-logo.svg\",\"width\":227,\"height\":38,\"caption\":\"Koningdrone.be\"},\"image\":{\"@id\":\"https:\/\/koningdrone.be\/#\/schema\/logo\/image\/\"}}]}<\/script>\n<!-- \/ Yoast SEO Premium plugin. -->","yoast_head_json":{"title":"DJI Zenmuse H20T - koningdrone.be","robots":{"index":"index","follow":"follow","max-snippet":"max-snippet:-1","max-image-preview":"max-image-preview:large","max-video-preview":"max-video-preview:-1"},"canonical":"https:\/\/koningdrone.be\/de\/produkt\/dji-zenmuse-h20t\/","og_locale":"de_DE","og_type":"article","og_title":"DJI Zenmuse H20T","og_description":"Radiometrische Warmtebeeld camera: Resolutie 640x512, 30FPS.12MP Wide camera(24mm)20MP Zoom camera (31.7-556,2) Met IR-Cut Night Mode en 4K videoLRF (Laser Range Finder) met een bereik van 1200 meterSmart tracking functies PinPoint en SmartTrackSmart Inspections met: Waypoint 2.0, Live Mission Recording en AI-Spot check.IP44 waterproof","og_url":"https:\/\/koningdrone.be\/de\/produkt\/dji-zenmuse-h20t\/","og_site_name":"koningdrone.be","article_modified_time":"2026-04-29T01:31:11+00:00","og_image":[{"width":600,"height":375,"url":"https:\/\/koningdrone.be\/wp-content\/uploads\/sites\/13\/2025\/04\/6958265100970-1-1.jpg","type":"image\/jpeg"}],"twitter_card":"summary_large_image","twitter_misc":{"Gesch\u00e4tzte Lesezeit":"3\u00a0Minuten"},"schema":{"@context":"https:\/\/schema.org","@graph":[{"@type":"WebPage","@id":"https:\/\/koningdrone.be\/product\/dji-zenmuse-h20t\/","url":"https:\/\/koningdrone.be\/product\/dji-zenmuse-h20t\/","name":"DJI Zenmuse H20T - koningdrone.be","isPartOf":{"@id":"https:\/\/koningdrone.be\/#website"},"primaryImageOfPage":{"@id":"https:\/\/koningdrone.be\/product\/dji-zenmuse-h20t\/#primaryimage"},"image":{"@id":"https:\/\/koningdrone.be\/product\/dji-zenmuse-h20t\/#primaryimage"},"thumbnailUrl":"https:\/\/koningdrone.be\/wp-content\/uploads\/sites\/13\/2025\/04\/6958265100970-1-1.jpg","datePublished":"2020-09-18T11:11:35+00:00","dateModified":"2026-04-29T01:31:11+00:00","breadcrumb":{"@id":"https:\/\/koningdrone.be\/product\/dji-zenmuse-h20t\/#breadcrumb"},"inLanguage":"de","potentialAction":[{"@type":"ReadAction","target":["https:\/\/koningdrone.be\/product\/dji-zenmuse-h20t\/"]}]},{"@type":"ImageObject","inLanguage":"de","@id":"https:\/\/koningdrone.be\/product\/dji-zenmuse-h20t\/#primaryimage","url":"https:\/\/koningdrone.be\/wp-content\/uploads\/sites\/13\/2025\/04\/6958265100970-1-1.jpg","contentUrl":"https:\/\/koningdrone.be\/wp-content\/uploads\/sites\/13\/2025\/04\/6958265100970-1-1.jpg","width":600,"height":375},{"@type":"BreadcrumbList","@id":"https:\/\/koningdrone.be\/product\/dji-zenmuse-h20t\/#breadcrumb","itemListElement":[{"@type":"ListItem","position":1,"name":"Home","item":"https:\/\/koningdrone.be\/"},{"@type":"ListItem","position":2,"name":"AVSS Parachute Recovery System for DJI Matrice 300\/350","item":"https:\/\/koningdrone.be\/product\/avss-parachute-recovery-system-for-dji-matrice-300-350\/"},{"@type":"ListItem","position":3,"name":"Alle gimbals en cameras","item":"https:\/\/koningdrone.be\/categorie\/alle-gimbals-en-cameras\/"},{"@type":"ListItem","position":4,"name":"DJI Zenmuse H20T"}]},{"@type":"WebSite","@id":"https:\/\/koningdrone.be\/#website","url":"https:\/\/koningdrone.be\/","name":"Koningdrone.be - Ihr Online-Spezialist f\u00fcr Drohnen, Gimbals, Kameras und Kraftwerke.","description":"Der Webshop f\u00fcr Drohnen und Gimbals","publisher":{"@id":"https:\/\/koningdrone.be\/#organization"},"potentialAction":[{"@type":"SearchAction","target":{"@type":"EntryPoint","urlTemplate":"https:\/\/koningdrone.be\/?s={search_term_string}"},"query-input":{"@type":"PropertyValueSpecification","valueRequired":true,"valueName":"search_term_string"}}],"inLanguage":"de"},{"@type":"Organization","@id":"https:\/\/koningdrone.be\/#organization","name":"Kingdrone.de","url":"https:\/\/koningdrone.be\/","logo":{"@type":"ImageObject","inLanguage":"de","@id":"https:\/\/koningdrone.be\/#\/schema\/logo\/image\/","url":"https:\/\/koningdrone.be\/wp-content\/uploads\/sites\/13\/2025\/04\/koningdrone-copyright-logo.svg","contentUrl":"https:\/\/koningdrone.be\/wp-content\/uploads\/sites\/13\/2025\/04\/koningdrone-copyright-logo.svg","width":227,"height":38,"caption":"Koningdrone.be"},"image":{"@id":"https:\/\/koningdrone.be\/#\/schema\/logo\/image\/"}}]}},"df_price":7018,"df_sale_price":"","df_regular_price":7018,"df_image_link":"https:\/\/koningdrone.be\/wp-content\/uploads\/sites\/13\/2025\/04\/6958265100970-1-1-300x188.jpg","_links":{"self":[{"href":"https:\/\/koningdrone.be\/de\/wp-json\/wp\/v2\/product\/7178","targetHints":{"allow":["GET"]}}],"collection":[{"href":"https:\/\/koningdrone.be\/de\/wp-json\/wp\/v2\/product"}],"about":[{"href":"https:\/\/koningdrone.be\/de\/wp-json\/wp\/v2\/types\/product"}],"wp:featuredmedia":[{"embeddable":true,"href":"https:\/\/koningdrone.be\/de\/wp-json\/wp\/v2\/media\/3565"}],"wp:attachment":[{"href":"https:\/\/koningdrone.be\/de\/wp-json\/wp\/v2\/media?parent=7178"}],"wp:term":[{"taxonomy":"product_brand","embeddable":true,"href":"https:\/\/koningdrone.be\/de\/wp-json\/wp\/v2\/product_brand?post=7178"},{"taxonomy":"product_cat","embeddable":true,"href":"https:\/\/koningdrone.be\/de\/wp-json\/wp\/v2\/product_cat?post=7178"},{"taxonomy":"product_tag","embeddable":true,"href":"https:\/\/koningdrone.be\/de\/wp-json\/wp\/v2\/product_tag?post=7178"}],"curies":[{"name":"wp","href":"https:\/\/api.w.org\/{rel}","templated":true}]}}