{"id":7109,"date":"2020-09-18T13:12:08","date_gmt":"2020-09-18T11:12:08","guid":{"rendered":"https:\/\/koningdrone.nl\/kon\/product\/micasense-altum-kit-dji-skyport-multibox\/"},"modified":"2026-04-29T08:10:37","modified_gmt":"2026-04-29T06:10:37","slug":"micasense-altum-kit-dji-skyport-multibox","status":"publish","type":"product","link":"https:\/\/koningdrone.be\/de\/produkt\/micasense-altum-kit-dji-skyport-multibox\/","title":{"rendered":"MICASENSE Altum Kit &amp; DJI Skyport (Multibox)"},"content":{"rendered":"<h1>MICASENSE Altum Kit &amp; DJI Skyport (Multibox)<\/h1>\n<p>MICASENSE Altum Kit &amp; DJI Skyport (Multibox)<br \/>MicaSense Altum ist ein kalibrierter und synchronisierter Sensor f\u00fcr thermische, multispektrale und hochaufl\u00f6sende RGB-Bilder - f\u00fcr fortschrittliche Analysen. Die radiometrische W\u00e4rmebildkamera nimmt die Bilder im laufenden Betrieb auf.<br \/><strong>Merkmale:<\/strong><br \/> - Radiometrisch-thermische und multispektrale Sensoren und DLS 2 f\u00fcr genaue und zuverl\u00e4ssige Ergebnisse<br \/> - Mehrere Schnittstellenoptionen, offene API und Befestigungspunkte f\u00fcr eine einfache Integration<br \/> - Standardm\u00e4\u00dfige TIFF-Dateiausgabe. W\u00e4hlen Sie Ihre eigenen Verarbeitungs- und Analyseplattformen oder verarbeiten Sie die Daten selbst<br \/> - USB 3.0-Speicher mit hoher Kapazit\u00e4t: l\u00e4ngeres Fliegen ohne Wechsel des Speichermediums<br \/> - Synchronisierte thermische und multispektrale Erfassung f\u00fcr umfassende Analysen<br \/> - Robuste Konstruktion ohne bewegliche Teile<br \/> - Schnellere Aufnahmegeschwindigkeit f\u00fcr h\u00f6here Luftgeschwindigkeiten<br \/> - Sammlung von Daten zur Pflanzengesundheit und mehr<br \/><strong>Nahtlose Integration durch DJI SkySport<\/strong><br \/> - Industriestandard-Sensoren k\u00f6nnen nun vollst\u00e4ndig in die DJI Matrice 200 und 210 Drohnen integriert werden:<br \/> - Das DJI SkyPort Kit enth\u00e4lt alles, was Sie f\u00fcr die Integration ben\u00f6tigen<br \/> - SkyPort-Adapter erm\u00f6glicht schnelles Anschlie\u00dfen und Trennen der Verbindung<br \/> - Steuerung der Kamera \u00fcber den Flugplaner - keine Verbindung zur Kamera erforderlich<br \/> - Hochentwickelte Sensoren in Kombination mit zuverl\u00e4ssigen und professionellen Drohnen gew\u00e4hrleisten, dass Sie sich auf hochwertige und genaue Daten verlassen k\u00f6nnen<\/p>","protected":false},"excerpt":{"rendered":"<ul>\n<li>Radiometrisch-thermische und multispektrale Sensoren und DLS 2 f\u00fcr genaue und zuverl\u00e4ssige Ergebnisse<\/li>\n<li>Mehrere Schnittstellenoptionen, offene API und Befestigungspunkte f\u00fcr eine einfache Integration<\/li>\n<li>Standardm\u00e4\u00dfige TIFF-Dateiausgabe. W\u00e4hlen Sie Ihre eigenen Verarbeitungs- und Analyseplattformen oder verarbeiten Sie die Daten selbst<\/li>\n<li>USB 3.0-Speicher mit hoher Kapazit\u00e4t: l\u00e4ngeres Fliegen ohne Wechsel des Speichermediums<\/li>\n<li>Synchronisierte thermische und multispektrale Erfassung f\u00fcr umfassende Analysen<\/li>\n<li>Robuste Konstruktion ohne bewegliche Teile<\/li>\n<li>Schnellere Aufnahmegeschwindigkeit f\u00fcr h\u00f6here Luftgeschwindigkeiten<\/li>\n<li>Sammlung von Daten zur Pflanzengesundheit und mehr<\/li>\n<\/ul>","protected":false},"featured_media":7106,"template":"","meta":{"_acf_changed":false},"product_brand":[],"product_cat":[298,97,427],"product_tag":[],"class_list":{"0":"post-7109","1":"product","2":"type-product","3":"status-publish","4":"has-post-thumbnail","6":"product_cat-alle-industriele-camera","7":"product_cat-alle-producten","8":"product_cat-micasense","9":"product_shipping_class-outofstock","10":"pa_brand-micasense","11":"pa_productfamily-warmtebeeld-camera","12":"pa_producttype-warmtebeeld-camera","14":"first","15":"outofstock","16":"taxable","17":"shipping-taxable","18":"product-type-simple"},"acf":[],"yoast_head":"<!-- This site is optimized with the Yoast SEO Premium plugin v27.2 (Yoast SEO v27.2) - https:\/\/yoast.com\/product\/yoast-seo-premium-wordpress\/ -->\n<title>MICASENSE Altum Kit &amp; DJI Skyport (Multibox) - koningdrone.be<\/title>\n<meta name=\"robots\" content=\"index, follow, max-snippet:-1, max-image-preview:large, max-video-preview:-1\" \/>\n<link rel=\"canonical\" href=\"https:\/\/koningdrone.be\/de\/produkt\/micasense-altum-kit-dji-skyport-multibox\/\" \/>\n<meta property=\"og:locale\" content=\"de_DE\" \/>\n<meta property=\"og:type\" content=\"article\" \/>\n<meta property=\"og:title\" content=\"MICASENSE Altum Kit &amp; DJI Skyport (Multibox)\" \/>\n<meta property=\"og:description\" content=\"Radiometrisch-thermische en multispectrale sensoren en DLS 2 voor nauwkeurige en betrouwbare resultatenMeerdere interface-opties, open API en montagepunten voor eenvoudige integratieStandaard TIFF-bestandsuitvoer. Kies uw eigen verwerkings- en analyseplatforms of verwerk de data zelfUSB 3.0-opslag met hoge capaciteit: vlieg langer zonder opslagapparaten te wisselenGesynchroniseerde thermische en multispectrale acquisitie voor uitgebreide analyseRobuust ontwerp zonder bewegende delenSnellere opnamesnelheid voor hogere luchtsnelhedenVerzameling van gegevens over plantgezondheid en meer\" \/>\n<meta property=\"og:url\" content=\"https:\/\/koningdrone.be\/de\/produkt\/micasense-altum-kit-dji-skyport-multibox\/\" \/>\n<meta property=\"og:site_name\" content=\"koningdrone.be\" \/>\n<meta property=\"article:modified_time\" content=\"2026-04-29T06:10:37+00:00\" \/>\n<meta property=\"og:image\" content=\"https:\/\/koningdrone.be\/wp-content\/uploads\/sites\/13\/2025\/04\/4251088411332-1.jpg\" \/>\n\t<meta property=\"og:image:width\" content=\"600\" \/>\n\t<meta property=\"og:image:height\" content=\"375\" \/>\n\t<meta property=\"og:image:type\" content=\"image\/jpeg\" \/>\n<meta name=\"twitter:card\" content=\"summary_large_image\" \/>\n<meta name=\"twitter:label1\" content=\"Gesch\u00e4tzte Lesezeit\" \/>\n\t<meta name=\"twitter:data1\" content=\"1\u00a0Minute\" \/>\n<script type=\"application\/ld+json\" class=\"yoast-schema-graph\">{\"@context\":\"https:\/\/schema.org\",\"@graph\":[{\"@type\":\"WebPage\",\"@id\":\"https:\/\/koningdrone.be\/product\/micasense-altum-kit-dji-skyport-multibox\/\",\"url\":\"https:\/\/koningdrone.be\/product\/micasense-altum-kit-dji-skyport-multibox\/\",\"name\":\"MICASENSE Altum Kit &amp; DJI Skyport (Multibox) - koningdrone.be\",\"isPartOf\":{\"@id\":\"https:\/\/koningdrone.be\/#website\"},\"primaryImageOfPage\":{\"@id\":\"https:\/\/koningdrone.be\/product\/micasense-altum-kit-dji-skyport-multibox\/#primaryimage\"},\"image\":{\"@id\":\"https:\/\/koningdrone.be\/product\/micasense-altum-kit-dji-skyport-multibox\/#primaryimage\"},\"thumbnailUrl\":\"https:\/\/koningdrone.be\/wp-content\/uploads\/sites\/13\/2025\/04\/4251088411332-1.jpg\",\"datePublished\":\"2020-09-18T11:12:08+00:00\",\"dateModified\":\"2026-04-29T06:10:37+00:00\",\"breadcrumb\":{\"@id\":\"https:\/\/koningdrone.be\/product\/micasense-altum-kit-dji-skyport-multibox\/#breadcrumb\"},\"inLanguage\":\"de\",\"potentialAction\":[{\"@type\":\"ReadAction\",\"target\":[\"https:\/\/koningdrone.be\/product\/micasense-altum-kit-dji-skyport-multibox\/\"]}]},{\"@type\":\"ImageObject\",\"inLanguage\":\"de\",\"@id\":\"https:\/\/koningdrone.be\/product\/micasense-altum-kit-dji-skyport-multibox\/#primaryimage\",\"url\":\"https:\/\/koningdrone.be\/wp-content\/uploads\/sites\/13\/2025\/04\/4251088411332-1.jpg\",\"contentUrl\":\"https:\/\/koningdrone.be\/wp-content\/uploads\/sites\/13\/2025\/04\/4251088411332-1.jpg\",\"width\":600,\"height\":375},{\"@type\":\"BreadcrumbList\",\"@id\":\"https:\/\/koningdrone.be\/product\/micasense-altum-kit-dji-skyport-multibox\/#breadcrumb\",\"itemListElement\":[{\"@type\":\"ListItem\",\"position\":1,\"name\":\"Home\",\"item\":\"https:\/\/koningdrone.be\/\"},{\"@type\":\"ListItem\",\"position\":2,\"name\":\"AVSS Parachute Recovery System for DJI Matrice 300\/350\",\"item\":\"https:\/\/koningdrone.be\/product\/avss-parachute-recovery-system-for-dji-matrice-300-350\/\"},{\"@type\":\"ListItem\",\"position\":3,\"name\":\"Alle industriele camera\",\"item\":\"https:\/\/koningdrone.be\/categorie\/alle-industriele-camera\/\"},{\"@type\":\"ListItem\",\"position\":4,\"name\":\"MICASENSE Altum Kit &amp; DJI Skyport (Multibox)\"}]},{\"@type\":\"WebSite\",\"@id\":\"https:\/\/koningdrone.be\/#website\",\"url\":\"https:\/\/koningdrone.be\/\",\"name\":\"Koningdrone.be - Uw online specialist in drones, gimbals, camera's en power stations.\",\"description\":\"De webshop in drones en gimbals\",\"publisher\":{\"@id\":\"https:\/\/koningdrone.be\/#organization\"},\"potentialAction\":[{\"@type\":\"SearchAction\",\"target\":{\"@type\":\"EntryPoint\",\"urlTemplate\":\"https:\/\/koningdrone.be\/?s={search_term_string}\"},\"query-input\":{\"@type\":\"PropertyValueSpecification\",\"valueRequired\":true,\"valueName\":\"search_term_string\"}}],\"inLanguage\":\"de\"},{\"@type\":\"Organization\",\"@id\":\"https:\/\/koningdrone.be\/#organization\",\"name\":\"Koningdrone.be\",\"url\":\"https:\/\/koningdrone.be\/\",\"logo\":{\"@type\":\"ImageObject\",\"inLanguage\":\"de\",\"@id\":\"https:\/\/koningdrone.be\/#\/schema\/logo\/image\/\",\"url\":\"https:\/\/koningdrone.be\/wp-content\/uploads\/sites\/13\/2025\/04\/koningdrone-copyright-logo.svg\",\"contentUrl\":\"https:\/\/koningdrone.be\/wp-content\/uploads\/sites\/13\/2025\/04\/koningdrone-copyright-logo.svg\",\"width\":227,\"height\":38,\"caption\":\"Koningdrone.be\"},\"image\":{\"@id\":\"https:\/\/koningdrone.be\/#\/schema\/logo\/image\/\"}}]}<\/script>\n<!-- \/ Yoast SEO Premium plugin. -->","yoast_head_json":{"title":"MICASENSE Altum Kit &amp; DJI Skyport (Multibox) - koningdrone.be","robots":{"index":"index","follow":"follow","max-snippet":"max-snippet:-1","max-image-preview":"max-image-preview:large","max-video-preview":"max-video-preview:-1"},"canonical":"https:\/\/koningdrone.be\/de\/produkt\/micasense-altum-kit-dji-skyport-multibox\/","og_locale":"de_DE","og_type":"article","og_title":"MICASENSE Altum Kit &amp; DJI Skyport (Multibox)","og_description":"Radiometrisch-thermische en multispectrale sensoren en DLS 2 voor nauwkeurige en betrouwbare resultatenMeerdere interface-opties, open API en montagepunten voor eenvoudige integratieStandaard TIFF-bestandsuitvoer. Kies uw eigen verwerkings- en analyseplatforms of verwerk de data zelfUSB 3.0-opslag met hoge capaciteit: vlieg langer zonder opslagapparaten te wisselenGesynchroniseerde thermische en multispectrale acquisitie voor uitgebreide analyseRobuust ontwerp zonder bewegende delenSnellere opnamesnelheid voor hogere luchtsnelhedenVerzameling van gegevens over plantgezondheid en meer","og_url":"https:\/\/koningdrone.be\/de\/produkt\/micasense-altum-kit-dji-skyport-multibox\/","og_site_name":"koningdrone.be","article_modified_time":"2026-04-29T06:10:37+00:00","og_image":[{"width":600,"height":375,"url":"https:\/\/koningdrone.be\/wp-content\/uploads\/sites\/13\/2025\/04\/4251088411332-1.jpg","type":"image\/jpeg"}],"twitter_card":"summary_large_image","twitter_misc":{"Gesch\u00e4tzte Lesezeit":"1\u00a0Minute"},"schema":{"@context":"https:\/\/schema.org","@graph":[{"@type":"WebPage","@id":"https:\/\/koningdrone.be\/product\/micasense-altum-kit-dji-skyport-multibox\/","url":"https:\/\/koningdrone.be\/product\/micasense-altum-kit-dji-skyport-multibox\/","name":"MICASENSE Altum Kit &amp; DJI Skyport (Multibox) - koningdrone.be","isPartOf":{"@id":"https:\/\/koningdrone.be\/#website"},"primaryImageOfPage":{"@id":"https:\/\/koningdrone.be\/product\/micasense-altum-kit-dji-skyport-multibox\/#primaryimage"},"image":{"@id":"https:\/\/koningdrone.be\/product\/micasense-altum-kit-dji-skyport-multibox\/#primaryimage"},"thumbnailUrl":"https:\/\/koningdrone.be\/wp-content\/uploads\/sites\/13\/2025\/04\/4251088411332-1.jpg","datePublished":"2020-09-18T11:12:08+00:00","dateModified":"2026-04-29T06:10:37+00:00","breadcrumb":{"@id":"https:\/\/koningdrone.be\/product\/micasense-altum-kit-dji-skyport-multibox\/#breadcrumb"},"inLanguage":"de","potentialAction":[{"@type":"ReadAction","target":["https:\/\/koningdrone.be\/product\/micasense-altum-kit-dji-skyport-multibox\/"]}]},{"@type":"ImageObject","inLanguage":"de","@id":"https:\/\/koningdrone.be\/product\/micasense-altum-kit-dji-skyport-multibox\/#primaryimage","url":"https:\/\/koningdrone.be\/wp-content\/uploads\/sites\/13\/2025\/04\/4251088411332-1.jpg","contentUrl":"https:\/\/koningdrone.be\/wp-content\/uploads\/sites\/13\/2025\/04\/4251088411332-1.jpg","width":600,"height":375},{"@type":"BreadcrumbList","@id":"https:\/\/koningdrone.be\/product\/micasense-altum-kit-dji-skyport-multibox\/#breadcrumb","itemListElement":[{"@type":"ListItem","position":1,"name":"Home","item":"https:\/\/koningdrone.be\/"},{"@type":"ListItem","position":2,"name":"AVSS Parachute Recovery System for DJI Matrice 300\/350","item":"https:\/\/koningdrone.be\/product\/avss-parachute-recovery-system-for-dji-matrice-300-350\/"},{"@type":"ListItem","position":3,"name":"Alle industriele camera","item":"https:\/\/koningdrone.be\/categorie\/alle-industriele-camera\/"},{"@type":"ListItem","position":4,"name":"MICASENSE Altum Kit &amp; DJI Skyport (Multibox)"}]},{"@type":"WebSite","@id":"https:\/\/koningdrone.be\/#website","url":"https:\/\/koningdrone.be\/","name":"Koningdrone.be - Ihr Online-Spezialist f\u00fcr Drohnen, Gimbals, Kameras und Kraftwerke.","description":"Der Webshop f\u00fcr Drohnen und Gimbals","publisher":{"@id":"https:\/\/koningdrone.be\/#organization"},"potentialAction":[{"@type":"SearchAction","target":{"@type":"EntryPoint","urlTemplate":"https:\/\/koningdrone.be\/?s={search_term_string}"},"query-input":{"@type":"PropertyValueSpecification","valueRequired":true,"valueName":"search_term_string"}}],"inLanguage":"de"},{"@type":"Organization","@id":"https:\/\/koningdrone.be\/#organization","name":"Kingdrone.de","url":"https:\/\/koningdrone.be\/","logo":{"@type":"ImageObject","inLanguage":"de","@id":"https:\/\/koningdrone.be\/#\/schema\/logo\/image\/","url":"https:\/\/koningdrone.be\/wp-content\/uploads\/sites\/13\/2025\/04\/koningdrone-copyright-logo.svg","contentUrl":"https:\/\/koningdrone.be\/wp-content\/uploads\/sites\/13\/2025\/04\/koningdrone-copyright-logo.svg","width":227,"height":38,"caption":"Koningdrone.be"},"image":{"@id":"https:\/\/koningdrone.be\/#\/schema\/logo\/image\/"}}]}},"df_price":"","df_sale_price":"","df_regular_price":"","df_image_link":"https:\/\/koningdrone.be\/wp-content\/uploads\/sites\/13\/2025\/04\/4251088411332-1-300x188.jpg","_links":{"self":[{"href":"https:\/\/koningdrone.be\/de\/wp-json\/wp\/v2\/product\/7109","targetHints":{"allow":["GET"]}}],"collection":[{"href":"https:\/\/koningdrone.be\/de\/wp-json\/wp\/v2\/product"}],"about":[{"href":"https:\/\/koningdrone.be\/de\/wp-json\/wp\/v2\/types\/product"}],"wp:featuredmedia":[{"embeddable":true,"href":"https:\/\/koningdrone.be\/de\/wp-json\/wp\/v2\/media\/7106"}],"wp:attachment":[{"href":"https:\/\/koningdrone.be\/de\/wp-json\/wp\/v2\/media?parent=7109"}],"wp:term":[{"taxonomy":"product_brand","embeddable":true,"href":"https:\/\/koningdrone.be\/de\/wp-json\/wp\/v2\/product_brand?post=7109"},{"taxonomy":"product_cat","embeddable":true,"href":"https:\/\/koningdrone.be\/de\/wp-json\/wp\/v2\/product_cat?post=7109"},{"taxonomy":"product_tag","embeddable":true,"href":"https:\/\/koningdrone.be\/de\/wp-json\/wp\/v2\/product_tag?post=7109"}],"curies":[{"name":"wp","href":"https:\/\/api.w.org\/{rel}","templated":true}]}}