{"id":7064,"date":"2020-09-18T13:12:24","date_gmt":"2020-09-18T11:12:24","guid":{"rendered":"https:\/\/koningdrone.nl\/kon\/product\/dji-aeroscope-mobile\/"},"modified":"2026-05-17T08:20:02","modified_gmt":"2026-05-17T06:20:02","slug":"dji-aeroscope-mobile","status":"publish","type":"product","link":"https:\/\/koningdrone.be\/de\/produkt\/dji-aeroscope-mobile\/","title":{"rendered":"DJI Aeroscope Mobile"},"content":{"rendered":"<h1>DJI Aeroscope Mobile<\/h1>\n<p>Mit AeroScope hat DJI ein speziell entwickeltes Drohnenerkennungssystem auf den Markt gebracht, das es einem Betreiber erm\u00f6glicht, Telemetriedaten von DJI-Drohnen im umgebenden Luftraum bis zu 5 km zu verfolgen. Im Wesentlichen handelt es sich um ein System zur Erkennung von Drohnenmerkmalen, das Flughafensicherheitsteams mit den Daten versorgt, die sie ben\u00f6tigen, um sich schnell und effektiv vor Eindringlingen zu sch\u00fctzen.<\/p>\n<p>Durch das Abfangen der aktuellen Kommunikationsverbindung zwischen einer DJI-Drohne und ihrer Fernsteuerung kann AeroScope Echtzeit-Identifizierungsinformationen liefern, einschlie\u00dflich Drohnen-Seriencode, Marke und Modell, Drohnenposition, Geschwindigkeit, Breitengrad und Position des Bodenkontrollers. Dies erm\u00f6glicht es dem Betreiber, Ma\u00dfnahmen gegen die Drohnenbedrohung zu ergreifen.<\/p>\n<p>Die station\u00e4re AeroScope-Einheit wurde f\u00fcr den kontinuierlichen Schutz von Gro\u00dfstandorten entwickelt und kann je nach Standort und Benutzeranforderungen angepasst und aufgebaut werden, um den umliegenden Luftraum vollst\u00e4ndig abzudecken. Unter idealen Bedingungen kann das System einen Bereich von bis zu 50 km \u00fcberwachen und innerhalb von 2 Sekunden wichtige Informationen von Drohnen erhalten.<br \/>Die \u00dcberwachungsdaten k\u00f6nnen in die bestehenden Sicherheitssysteme der Benutzer integriert werden, um ein integriertes \u00dcberwachungssystem zu schaffen.<br \/>Dieses System unterst\u00fctzt auch die \u00f6ffentliche Cloud, die private Cloud und die lokale Bereitstellung und kann spezielle Anforderungen wie Fern\u00fcberwachung und Datentrennung erf\u00fcllen.<\/p>\n<p>Eigenschaften von Aeroscope Mobile<br \/> - Mobile Eins\u00e4tze f\u00fcr vor\u00fcbergehende oder Notfalleins\u00e4tze<br \/> - Minimum<br \/> - Detaillierte Telemetrie<br \/> - Tragbar<\/p>","protected":false},"excerpt":{"rendered":"<ul>\n<li>50 km Max. Reichweite<\/li>\n<li>Ausf\u00fchrliche Informationen<\/li>\n<li>Einfach zu installieren<\/li>\n<li>IP65<\/li>\n<li>Informationen in Echtzeit<\/li>\n<li>Wiedergabe<\/li>\n<li>Analyse der Daten<\/li>\n<li>SDK<\/li>\n<\/ul>","protected":false},"featured_media":7060,"template":"","meta":{"_acf_changed":false},"product_brand":[],"product_cat":[97,1256,624],"product_tag":[],"class_list":{"0":"post-7064","1":"product","2":"type-product","3":"status-publish","4":"has-post-thumbnail","6":"product_cat-alle-producten","7":"product_cat-dji-aeroscope","8":"product_cat-enterprise-accessoires","9":"product_shipping_class-outofstock","10":"pa_brand-dji","11":"pa_productfamily-drone-detectie","12":"pa_producttype-drone-detectie","13":"pa_series-aeroscope","15":"first","16":"outofstock","17":"taxable","18":"shipping-taxable","19":"product-type-simple"},"acf":[],"yoast_head":"<!-- This site is optimized with the Yoast SEO Premium plugin v27.2 (Yoast SEO v27.2) - https:\/\/yoast.com\/product\/yoast-seo-premium-wordpress\/ -->\n<title>DJI Aeroscope Mobile - koningdrone.be<\/title>\n<meta name=\"robots\" content=\"index, follow, max-snippet:-1, max-image-preview:large, max-video-preview:-1\" \/>\n<link rel=\"canonical\" href=\"https:\/\/koningdrone.be\/de\/produkt\/dji-aeroscope-mobile\/\" \/>\n<meta property=\"og:locale\" content=\"de_DE\" \/>\n<meta property=\"og:type\" content=\"article\" \/>\n<meta property=\"og:title\" content=\"DJI Aeroscope Mobile\" \/>\n<meta property=\"og:description\" content=\"50 km Max. BereikGedetailleerde informatieMakkelijk te installerenIP65Real-time informatiePlaybackGegevensanalyseSDK\" \/>\n<meta property=\"og:url\" content=\"https:\/\/koningdrone.be\/de\/produkt\/dji-aeroscope-mobile\/\" \/>\n<meta property=\"og:site_name\" content=\"koningdrone.be\" \/>\n<meta property=\"article:modified_time\" content=\"2026-05-17T06:20:02+00:00\" \/>\n<meta property=\"og:image\" content=\"https:\/\/koningdrone.be\/wp-content\/uploads\/sites\/13\/2025\/04\/4251088400558-1.png\" \/>\n\t<meta property=\"og:image:width\" content=\"600\" \/>\n\t<meta property=\"og:image:height\" content=\"375\" \/>\n\t<meta property=\"og:image:type\" content=\"image\/png\" \/>\n<meta name=\"twitter:card\" content=\"summary_large_image\" \/>\n<meta name=\"twitter:label1\" content=\"Gesch\u00e4tzte Lesezeit\" \/>\n\t<meta name=\"twitter:data1\" content=\"1\u00a0Minute\" \/>\n<script type=\"application\/ld+json\" class=\"yoast-schema-graph\">{\"@context\":\"https:\/\/schema.org\",\"@graph\":[{\"@type\":\"WebPage\",\"@id\":\"https:\/\/koningdrone.be\/product\/dji-aeroscope-mobile\/\",\"url\":\"https:\/\/koningdrone.be\/product\/dji-aeroscope-mobile\/\",\"name\":\"DJI Aeroscope Mobile - koningdrone.be\",\"isPartOf\":{\"@id\":\"https:\/\/koningdrone.be\/#website\"},\"primaryImageOfPage\":{\"@id\":\"https:\/\/koningdrone.be\/product\/dji-aeroscope-mobile\/#primaryimage\"},\"image\":{\"@id\":\"https:\/\/koningdrone.be\/product\/dji-aeroscope-mobile\/#primaryimage\"},\"thumbnailUrl\":\"https:\/\/koningdrone.be\/wp-content\/uploads\/sites\/13\/2025\/04\/4251088400558-1.png\",\"datePublished\":\"2020-09-18T11:12:24+00:00\",\"dateModified\":\"2026-05-17T06:20:02+00:00\",\"breadcrumb\":{\"@id\":\"https:\/\/koningdrone.be\/product\/dji-aeroscope-mobile\/#breadcrumb\"},\"inLanguage\":\"de\",\"potentialAction\":[{\"@type\":\"ReadAction\",\"target\":[\"https:\/\/koningdrone.be\/product\/dji-aeroscope-mobile\/\"]}]},{\"@type\":\"ImageObject\",\"inLanguage\":\"de\",\"@id\":\"https:\/\/koningdrone.be\/product\/dji-aeroscope-mobile\/#primaryimage\",\"url\":\"https:\/\/koningdrone.be\/wp-content\/uploads\/sites\/13\/2025\/04\/4251088400558-1.png\",\"contentUrl\":\"https:\/\/koningdrone.be\/wp-content\/uploads\/sites\/13\/2025\/04\/4251088400558-1.png\",\"width\":600,\"height\":375},{\"@type\":\"BreadcrumbList\",\"@id\":\"https:\/\/koningdrone.be\/product\/dji-aeroscope-mobile\/#breadcrumb\",\"itemListElement\":[{\"@type\":\"ListItem\",\"position\":1,\"name\":\"Home\",\"item\":\"https:\/\/koningdrone.be\/\"},{\"@type\":\"ListItem\",\"position\":2,\"name\":\"AVSS Parachute Recovery System for DJI Matrice 300\/350\",\"item\":\"https:\/\/koningdrone.be\/product\/avss-parachute-recovery-system-for-dji-matrice-300-350\/\"},{\"@type\":\"ListItem\",\"position\":3,\"name\":\"Alle producten\",\"item\":\"https:\/\/koningdrone.be\/categorie\/alle-producten\/\"},{\"@type\":\"ListItem\",\"position\":4,\"name\":\"DJI Aeroscope Mobile\"}]},{\"@type\":\"WebSite\",\"@id\":\"https:\/\/koningdrone.be\/#website\",\"url\":\"https:\/\/koningdrone.be\/\",\"name\":\"Koningdrone.be - Uw online specialist in drones, gimbals, camera's en power stations.\",\"description\":\"De webshop in drones en gimbals\",\"publisher\":{\"@id\":\"https:\/\/koningdrone.be\/#organization\"},\"potentialAction\":[{\"@type\":\"SearchAction\",\"target\":{\"@type\":\"EntryPoint\",\"urlTemplate\":\"https:\/\/koningdrone.be\/?s={search_term_string}\"},\"query-input\":{\"@type\":\"PropertyValueSpecification\",\"valueRequired\":true,\"valueName\":\"search_term_string\"}}],\"inLanguage\":\"de\"},{\"@type\":\"Organization\",\"@id\":\"https:\/\/koningdrone.be\/#organization\",\"name\":\"Koningdrone.be\",\"url\":\"https:\/\/koningdrone.be\/\",\"logo\":{\"@type\":\"ImageObject\",\"inLanguage\":\"de\",\"@id\":\"https:\/\/koningdrone.be\/#\/schema\/logo\/image\/\",\"url\":\"https:\/\/koningdrone.be\/wp-content\/uploads\/sites\/13\/2025\/04\/koningdrone-copyright-logo.svg\",\"contentUrl\":\"https:\/\/koningdrone.be\/wp-content\/uploads\/sites\/13\/2025\/04\/koningdrone-copyright-logo.svg\",\"width\":227,\"height\":38,\"caption\":\"Koningdrone.be\"},\"image\":{\"@id\":\"https:\/\/koningdrone.be\/#\/schema\/logo\/image\/\"}}]}<\/script>\n<!-- \/ Yoast SEO Premium plugin. -->","yoast_head_json":{"title":"DJI Aeroscope Mobile - koningdrone.be","robots":{"index":"index","follow":"follow","max-snippet":"max-snippet:-1","max-image-preview":"max-image-preview:large","max-video-preview":"max-video-preview:-1"},"canonical":"https:\/\/koningdrone.be\/de\/produkt\/dji-aeroscope-mobile\/","og_locale":"de_DE","og_type":"article","og_title":"DJI Aeroscope Mobile","og_description":"50 km Max. BereikGedetailleerde informatieMakkelijk te installerenIP65Real-time informatiePlaybackGegevensanalyseSDK","og_url":"https:\/\/koningdrone.be\/de\/produkt\/dji-aeroscope-mobile\/","og_site_name":"koningdrone.be","article_modified_time":"2026-05-17T06:20:02+00:00","og_image":[{"width":600,"height":375,"url":"https:\/\/koningdrone.be\/wp-content\/uploads\/sites\/13\/2025\/04\/4251088400558-1.png","type":"image\/png"}],"twitter_card":"summary_large_image","twitter_misc":{"Gesch\u00e4tzte Lesezeit":"1\u00a0Minute"},"schema":{"@context":"https:\/\/schema.org","@graph":[{"@type":"WebPage","@id":"https:\/\/koningdrone.be\/product\/dji-aeroscope-mobile\/","url":"https:\/\/koningdrone.be\/product\/dji-aeroscope-mobile\/","name":"DJI Aeroscope Mobile - koningdrone.be","isPartOf":{"@id":"https:\/\/koningdrone.be\/#website"},"primaryImageOfPage":{"@id":"https:\/\/koningdrone.be\/product\/dji-aeroscope-mobile\/#primaryimage"},"image":{"@id":"https:\/\/koningdrone.be\/product\/dji-aeroscope-mobile\/#primaryimage"},"thumbnailUrl":"https:\/\/koningdrone.be\/wp-content\/uploads\/sites\/13\/2025\/04\/4251088400558-1.png","datePublished":"2020-09-18T11:12:24+00:00","dateModified":"2026-05-17T06:20:02+00:00","breadcrumb":{"@id":"https:\/\/koningdrone.be\/product\/dji-aeroscope-mobile\/#breadcrumb"},"inLanguage":"de","potentialAction":[{"@type":"ReadAction","target":["https:\/\/koningdrone.be\/product\/dji-aeroscope-mobile\/"]}]},{"@type":"ImageObject","inLanguage":"de","@id":"https:\/\/koningdrone.be\/product\/dji-aeroscope-mobile\/#primaryimage","url":"https:\/\/koningdrone.be\/wp-content\/uploads\/sites\/13\/2025\/04\/4251088400558-1.png","contentUrl":"https:\/\/koningdrone.be\/wp-content\/uploads\/sites\/13\/2025\/04\/4251088400558-1.png","width":600,"height":375},{"@type":"BreadcrumbList","@id":"https:\/\/koningdrone.be\/product\/dji-aeroscope-mobile\/#breadcrumb","itemListElement":[{"@type":"ListItem","position":1,"name":"Home","item":"https:\/\/koningdrone.be\/"},{"@type":"ListItem","position":2,"name":"AVSS Parachute Recovery System for DJI Matrice 300\/350","item":"https:\/\/koningdrone.be\/product\/avss-parachute-recovery-system-for-dji-matrice-300-350\/"},{"@type":"ListItem","position":3,"name":"Alle producten","item":"https:\/\/koningdrone.be\/categorie\/alle-producten\/"},{"@type":"ListItem","position":4,"name":"DJI Aeroscope Mobile"}]},{"@type":"WebSite","@id":"https:\/\/koningdrone.be\/#website","url":"https:\/\/koningdrone.be\/","name":"Koningdrone.be - Ihr Online-Spezialist f\u00fcr Drohnen, Gimbals, Kameras und Kraftwerke.","description":"Der Webshop f\u00fcr Drohnen und Gimbals","publisher":{"@id":"https:\/\/koningdrone.be\/#organization"},"potentialAction":[{"@type":"SearchAction","target":{"@type":"EntryPoint","urlTemplate":"https:\/\/koningdrone.be\/?s={search_term_string}"},"query-input":{"@type":"PropertyValueSpecification","valueRequired":true,"valueName":"search_term_string"}}],"inLanguage":"de"},{"@type":"Organization","@id":"https:\/\/koningdrone.be\/#organization","name":"Kingdrone.de","url":"https:\/\/koningdrone.be\/","logo":{"@type":"ImageObject","inLanguage":"de","@id":"https:\/\/koningdrone.be\/#\/schema\/logo\/image\/","url":"https:\/\/koningdrone.be\/wp-content\/uploads\/sites\/13\/2025\/04\/koningdrone-copyright-logo.svg","contentUrl":"https:\/\/koningdrone.be\/wp-content\/uploads\/sites\/13\/2025\/04\/koningdrone-copyright-logo.svg","width":227,"height":38,"caption":"Koningdrone.be"},"image":{"@id":"https:\/\/koningdrone.be\/#\/schema\/logo\/image\/"}}]}},"df_price":"","df_sale_price":"","df_regular_price":"","df_image_link":"https:\/\/koningdrone.be\/wp-content\/uploads\/sites\/13\/2025\/04\/4251088400558-1-300x188.png","_links":{"self":[{"href":"https:\/\/koningdrone.be\/de\/wp-json\/wp\/v2\/product\/7064","targetHints":{"allow":["GET"]}}],"collection":[{"href":"https:\/\/koningdrone.be\/de\/wp-json\/wp\/v2\/product"}],"about":[{"href":"https:\/\/koningdrone.be\/de\/wp-json\/wp\/v2\/types\/product"}],"wp:featuredmedia":[{"embeddable":true,"href":"https:\/\/koningdrone.be\/de\/wp-json\/wp\/v2\/media\/7060"}],"wp:attachment":[{"href":"https:\/\/koningdrone.be\/de\/wp-json\/wp\/v2\/media?parent=7064"}],"wp:term":[{"taxonomy":"product_brand","embeddable":true,"href":"https:\/\/koningdrone.be\/de\/wp-json\/wp\/v2\/product_brand?post=7064"},{"taxonomy":"product_cat","embeddable":true,"href":"https:\/\/koningdrone.be\/de\/wp-json\/wp\/v2\/product_cat?post=7064"},{"taxonomy":"product_tag","embeddable":true,"href":"https:\/\/koningdrone.be\/de\/wp-json\/wp\/v2\/product_tag?post=7064"}],"curies":[{"name":"wp","href":"https:\/\/api.w.org\/{rel}","templated":true}]}}