{"id":7059,"date":"2020-10-19T12:41:05","date_gmt":"2020-10-19T10:41:05","guid":{"rendered":"https:\/\/koningdrone.nl\/kon\/product\/dji-rs-2-pro-combo\/"},"modified":"2026-04-29T15:30:59","modified_gmt":"2026-04-29T13:30:59","slug":"dji-rs-2-pro-combo","status":"publish","type":"product","link":"https:\/\/koningdrone.be\/de\/produkt\/dji-rs-2-pro-combo\/","title":{"rendered":"DJI RS 2 Pro Kombi"},"content":{"rendered":"<h1>DJI RS 2 Pro Kombi<\/h1>\n<p>Der DJI RS 2 ist ein Stabilisator mit hochwertigem 3-Achsen-Gimbal, mit dem Sie professionelle Aufnahmen mit fast allen Systemkameras und Spiegelreflexkameras machen k\u00f6nnen. Er ist der Nachfolger der bekannten DJI Ronin-Serie. Das faltbare Design des RS 2 Gimbals sorgt f\u00fcr hohe Benutzerfreundlichkeit, und der Stabilisator verf\u00fcgt \u00fcber zahlreiche hochwertige Funktionen wie den Titan Stabilisation Algorithm (einzigartige Stabilisierungstechnologie) und ActiveTrack 3.0. Erstellen Sie die reibungslosesten professionellen Videos, genie\u00dfen Sie die Technologie, die der RS 2 mit sich bringt, und schalten Sie mit den intelligenten Steuerungsoptionen schnell zwischen den verschiedenen Funktionalit\u00e4ten um.<\/p>\n<p><\/p>\n<h3><strong>Kompaktheit und Handhabung<\/strong><\/h3>\n<p>Das funktionale Design des DJI RS 2 Stabilisators sorgt f\u00fcr viel Benutzerkomfort beim Filmen. Der Gimbal wiegt nur 1 kg und ist aus felsenfester Kohlefaser gefertigt, so dass Sie stundenlang ohne Probleme filmen k\u00f6nnen. Die Tragf\u00e4higkeit des Gimbals betr\u00e4gt 4,5 kg und ist damit auch f\u00fcr gr\u00f6\u00dfere System- und Spiegelreflexkameras geeignet. Dank seines faltbaren Designs l\u00e4sst sich der RS 2 auch beim Transport leicht mitnehmen.<\/p>\n<p>Die Bedienung des DJI Gimbal ist einfach \u00fcber den 1\u2033 OLED-Farbbildschirm mit Touch-Bedienung. Damit k\u00f6nnen Sie schnell zwischen den Optionen bl\u00e4ttern und n\u00fctzliche Funktionen wie ActiveTrack 3.0 aktivieren und aus sechs verschiedenen Konfigurationen w\u00e4hlen, um selbst die komplexesten Fotos aufzunehmen. Dar\u00fcber hinaus verf\u00fcgt der Stabilisator \u00fcber ein integriertes Einstellrad, mit dem Sie Ihr Bild w\u00e4hrend der Aufnahme fokussieren k\u00f6nnen. Achsenverriegelungen und D-Ring-Kameraschrauben erm\u00f6glichen eine einfache Installation der Kamera ohne Werkzeug. Die doppellagigen Schnellwechselplatten von Manfrotto und Arca-Swiss sorgen f\u00fcr einen schnellen und sicheren Halt. Ein weiterer Vorteil ist die lange Akkulaufzeit, die mit einer vollen Batterie (BG30 Griff) bis zu 12 Stunden betr\u00e4gt und in nur 15 Minuten auf bis zu 2 Stunden Betriebszeit aufgeladen werden kann.<\/p>\n<p><\/p>\n<h3><strong>Hochwertige Technik\u00a0<\/strong><\/h3>\n<p>Der RS 2 ist ein kompakter Gimbal und mit zahlreichen Konfigurationen k\u00f6nnen Sie in beide Richtungen gehen. Einzigartig ist die schnelle Umschaltung auf vertikale Aufnahmen und mit der Fine-Tune-Taste sorgen Sie immer f\u00fcr die perfekte Balance. Mit DJIs Titan-Stabilisierungsalgorithmus bietet der Gimbal eine perfekte Stabilisierung in jeder Situation und mit der SuperSmooth-Technologie werden selbst kleinste Bewegungen nicht auf Ihren Aufnahmen sichtbar. Selbst wenn Sie mit einem 100-mm-Objektiv fotografieren.<\/p>\n<p>Mit dem RavenEye WiFi-Sender (Standard bei RS 2 Pro Combo) k\u00f6nnen Sie live auf Ihrem Smartphone sehen, was Sie gerade in Full HD-Qualit\u00e4t filmen. Sie k\u00f6nnen auch mehrere Einstellungen an Ihrer Kamera \u00e4ndern und live \u00fcber Ihre sozialen Medien streamen. Senden Sie 1080p-Videos, passen Sie Gimbal-Parameter an und \u00e4ndern Sie Einstellungen aus 200 m Entfernung. Das 3D-Fokus-System verwendet ToF-Sensoren, um den Abstand zwischen dem Motiv und der Linse zu messen.  So erhalten Sie auch bei schlechten Lichtverh\u00e4ltnissen ein scharfes Bild. Diese hochwertige Technologie erm\u00f6glicht einen schnellen Autofokus bei manuellen Objektiven mit gro\u00dfen Blenden\u00f6ffnungen. Eine weitere coole Funktion ist Force Mobile, mit der Sie \u00fcber Ihr Smartphone filmen k\u00f6nnen und der Gimbal sich automatisch mit Ihrer Aufnahmerichtung bewegt. Kurzum, alles ist da, um perfekte Videos zu machen.<\/p>\n<p><\/p>\n<h3><strong>Kreative Funktionalit\u00e4ten<\/strong><\/h3>\n<p>Wie Sie es von DJI gewohnt sind, ist die RS 2 vollgepackt mit n\u00fctzlichen und kreativen Funktionen, um das Beste aus Ihren Fotos und Videos herauszuholen. ActiveTrack 3.0 verfolgt automatisch die von Ihnen ausgew\u00e4hlten Objekte und die SuperSmooth-Technologie eliminiert selbst die kleinsten Bewegungen f\u00fcr fl\u00fcssige Aufnahmen. Mit Time Tunnel k\u00f6nnen Sie 360\u00b0-Bewegungen in Kombination mit Hyperlapse-Videos f\u00fcr einzigartige Bilder erstellen. Und mit Track k\u00f6nnen Sie Kamerabewegungen programmieren, damit Sie beim n\u00e4chsten Mal genau die gleiche Aufnahme machen k\u00f6nnen.<\/p>\n<p>Dar\u00fcber hinaus bietet der DJI Gimbal Funktionen wie TimeLapse, Panaroma, Landscape- und Portrait-Modus. Und alles l\u00e4sst sich per Knopfdruck aktivieren und einfach in den sozialen Medien teilen. F\u00fcr Profis und Influencer ist dies der ideale Gimbal, um kreative Inhalte auf die n\u00e4chste Stufe zu heben.<\/p>","protected":false},"excerpt":{"rendered":"<ul>\n<li>RS 2 Pro Kombi-Version<\/li>\n<li>4,5 kg gepr\u00fcfte Tragf\u00e4higkeit<\/li>\n<li>Hergestellt aus Kohlefaser<\/li>\n<li>1,4-Zoll-Farb-Touchscreen<\/li>\n<li>Professionelle Befestigungsm\u00f6glichkeiten<\/li>\n<li>Effizientes Gleichgewicht zwischen Aufstellungen<\/li>\n<li>Maximale Betriebsdauer von 12 Stunden<\/li>\n<li>Inklusive Fokusrad und RavenEye-Bildsender<\/li>\n<\/ul>","protected":false},"featured_media":7054,"template":"","meta":{"_acf_changed":false},"product_brand":[],"product_cat":[410,97,265,809],"product_tag":[],"class_list":{"0":"post-7059","1":"product","2":"type-product","3":"status-publish","4":"has-post-thumbnail","6":"product_cat-alle-handheld-gimbals","7":"product_cat-alle-producten","8":"product_cat-dji-ronin","9":"product_cat-dji-ronin-rs-2","10":"product_shipping_class-outofstock","11":"pa_brand-dji","12":"pa_productfamily-gimbal","13":"pa_producttype-gimbal","14":"pa_series-ronin-rs-2","16":"first","17":"outofstock","18":"taxable","19":"shipping-taxable","20":"purchasable","21":"product-type-simple"},"acf":[],"yoast_head":"<!-- This site is optimized with the Yoast SEO Premium plugin v27.2 (Yoast SEO v27.2) - https:\/\/yoast.com\/product\/yoast-seo-premium-wordpress\/ -->\n<title>DJI RS 2 Pro Combo - koningdrone.be<\/title>\n<meta name=\"robots\" content=\"index, follow, max-snippet:-1, max-image-preview:large, max-video-preview:-1\" \/>\n<link rel=\"canonical\" href=\"https:\/\/koningdrone.be\/de\/produkt\/dji-rs-2-pro-combo\/\" \/>\n<meta property=\"og:locale\" content=\"de_DE\" \/>\n<meta property=\"og:type\" content=\"article\" \/>\n<meta property=\"og:title\" content=\"DJI RS 2 Pro Combo\" \/>\n<meta property=\"og:description\" content=\"RS 2 Pro Combo uitvoering4.5kg getest draagvermogenGemaakt van carbonfiber1.4 inch kleuren touchscreenProfessionele montage-optiesEffici\u00ebnte balans tussen set-upsMaximale bedrijfsduur van 12 uurInclusief focuswiel en RavenEye beeldzender\" \/>\n<meta property=\"og:url\" content=\"https:\/\/koningdrone.be\/de\/produkt\/dji-rs-2-pro-combo\/\" \/>\n<meta property=\"og:site_name\" content=\"koningdrone.be\" \/>\n<meta property=\"article:modified_time\" content=\"2026-04-29T13:30:59+00:00\" \/>\n<meta property=\"og:image\" content=\"https:\/\/koningdrone.be\/wp-content\/uploads\/sites\/13\/2025\/04\/6941565901569-1.jpg\" \/>\n\t<meta property=\"og:image:width\" content=\"600\" \/>\n\t<meta property=\"og:image:height\" content=\"600\" \/>\n\t<meta property=\"og:image:type\" content=\"image\/jpeg\" \/>\n<meta name=\"twitter:card\" content=\"summary_large_image\" \/>\n<meta name=\"twitter:label1\" content=\"Gesch\u00e4tzte Lesezeit\" \/>\n\t<meta name=\"twitter:data1\" content=\"3\u00a0Minuten\" \/>\n<script type=\"application\/ld+json\" class=\"yoast-schema-graph\">{\"@context\":\"https:\/\/schema.org\",\"@graph\":[{\"@type\":\"WebPage\",\"@id\":\"https:\/\/koningdrone.be\/product\/dji-rs-2-pro-combo\/\",\"url\":\"https:\/\/koningdrone.be\/product\/dji-rs-2-pro-combo\/\",\"name\":\"DJI RS 2 Pro Combo - koningdrone.be\",\"isPartOf\":{\"@id\":\"https:\/\/koningdrone.be\/#website\"},\"primaryImageOfPage\":{\"@id\":\"https:\/\/koningdrone.be\/product\/dji-rs-2-pro-combo\/#primaryimage\"},\"image\":{\"@id\":\"https:\/\/koningdrone.be\/product\/dji-rs-2-pro-combo\/#primaryimage\"},\"thumbnailUrl\":\"https:\/\/koningdrone.be\/wp-content\/uploads\/sites\/13\/2025\/04\/6941565901569-1.jpg\",\"datePublished\":\"2020-10-19T10:41:05+00:00\",\"dateModified\":\"2026-04-29T13:30:59+00:00\",\"breadcrumb\":{\"@id\":\"https:\/\/koningdrone.be\/product\/dji-rs-2-pro-combo\/#breadcrumb\"},\"inLanguage\":\"de\",\"potentialAction\":[{\"@type\":\"ReadAction\",\"target\":[\"https:\/\/koningdrone.be\/product\/dji-rs-2-pro-combo\/\"]}]},{\"@type\":\"ImageObject\",\"inLanguage\":\"de\",\"@id\":\"https:\/\/koningdrone.be\/product\/dji-rs-2-pro-combo\/#primaryimage\",\"url\":\"https:\/\/koningdrone.be\/wp-content\/uploads\/sites\/13\/2025\/04\/6941565901569-1.jpg\",\"contentUrl\":\"https:\/\/koningdrone.be\/wp-content\/uploads\/sites\/13\/2025\/04\/6941565901569-1.jpg\",\"width\":600,\"height\":600},{\"@type\":\"BreadcrumbList\",\"@id\":\"https:\/\/koningdrone.be\/product\/dji-rs-2-pro-combo\/#breadcrumb\",\"itemListElement\":[{\"@type\":\"ListItem\",\"position\":1,\"name\":\"Home\",\"item\":\"https:\/\/koningdrone.be\/\"},{\"@type\":\"ListItem\",\"position\":2,\"name\":\"AVSS Parachute Recovery System for DJI Matrice 300\/350\",\"item\":\"https:\/\/koningdrone.be\/product\/avss-parachute-recovery-system-for-dji-matrice-300-350\/\"},{\"@type\":\"ListItem\",\"position\":3,\"name\":\"Alle handheld gimbals\",\"item\":\"https:\/\/koningdrone.be\/categorie\/alle-handheld-gimbals\/\"},{\"@type\":\"ListItem\",\"position\":4,\"name\":\"DJI RS 2 Pro Combo\"}]},{\"@type\":\"WebSite\",\"@id\":\"https:\/\/koningdrone.be\/#website\",\"url\":\"https:\/\/koningdrone.be\/\",\"name\":\"Koningdrone.be - Uw online specialist in drones, gimbals, camera's en power stations.\",\"description\":\"De webshop in drones en gimbals\",\"publisher\":{\"@id\":\"https:\/\/koningdrone.be\/#organization\"},\"potentialAction\":[{\"@type\":\"SearchAction\",\"target\":{\"@type\":\"EntryPoint\",\"urlTemplate\":\"https:\/\/koningdrone.be\/?s={search_term_string}\"},\"query-input\":{\"@type\":\"PropertyValueSpecification\",\"valueRequired\":true,\"valueName\":\"search_term_string\"}}],\"inLanguage\":\"de\"},{\"@type\":\"Organization\",\"@id\":\"https:\/\/koningdrone.be\/#organization\",\"name\":\"Koningdrone.be\",\"url\":\"https:\/\/koningdrone.be\/\",\"logo\":{\"@type\":\"ImageObject\",\"inLanguage\":\"de\",\"@id\":\"https:\/\/koningdrone.be\/#\/schema\/logo\/image\/\",\"url\":\"https:\/\/koningdrone.be\/wp-content\/uploads\/sites\/13\/2025\/04\/koningdrone-copyright-logo.svg\",\"contentUrl\":\"https:\/\/koningdrone.be\/wp-content\/uploads\/sites\/13\/2025\/04\/koningdrone-copyright-logo.svg\",\"width\":227,\"height\":38,\"caption\":\"Koningdrone.be\"},\"image\":{\"@id\":\"https:\/\/koningdrone.be\/#\/schema\/logo\/image\/\"}}]}<\/script>\n<!-- \/ Yoast SEO Premium plugin. -->","yoast_head_json":{"title":"DJI RS 2 Pro Combo - koningdrone.be","robots":{"index":"index","follow":"follow","max-snippet":"max-snippet:-1","max-image-preview":"max-image-preview:large","max-video-preview":"max-video-preview:-1"},"canonical":"https:\/\/koningdrone.be\/de\/produkt\/dji-rs-2-pro-combo\/","og_locale":"de_DE","og_type":"article","og_title":"DJI RS 2 Pro Combo","og_description":"RS 2 Pro Combo uitvoering4.5kg getest draagvermogenGemaakt van carbonfiber1.4 inch kleuren touchscreenProfessionele montage-optiesEffici\u00ebnte balans tussen set-upsMaximale bedrijfsduur van 12 uurInclusief focuswiel en RavenEye beeldzender","og_url":"https:\/\/koningdrone.be\/de\/produkt\/dji-rs-2-pro-combo\/","og_site_name":"koningdrone.be","article_modified_time":"2026-04-29T13:30:59+00:00","og_image":[{"width":600,"height":600,"url":"https:\/\/koningdrone.be\/wp-content\/uploads\/sites\/13\/2025\/04\/6941565901569-1.jpg","type":"image\/jpeg"}],"twitter_card":"summary_large_image","twitter_misc":{"Gesch\u00e4tzte Lesezeit":"3\u00a0Minuten"},"schema":{"@context":"https:\/\/schema.org","@graph":[{"@type":"WebPage","@id":"https:\/\/koningdrone.be\/product\/dji-rs-2-pro-combo\/","url":"https:\/\/koningdrone.be\/product\/dji-rs-2-pro-combo\/","name":"DJI RS 2 Pro Combo - koningdrone.be","isPartOf":{"@id":"https:\/\/koningdrone.be\/#website"},"primaryImageOfPage":{"@id":"https:\/\/koningdrone.be\/product\/dji-rs-2-pro-combo\/#primaryimage"},"image":{"@id":"https:\/\/koningdrone.be\/product\/dji-rs-2-pro-combo\/#primaryimage"},"thumbnailUrl":"https:\/\/koningdrone.be\/wp-content\/uploads\/sites\/13\/2025\/04\/6941565901569-1.jpg","datePublished":"2020-10-19T10:41:05+00:00","dateModified":"2026-04-29T13:30:59+00:00","breadcrumb":{"@id":"https:\/\/koningdrone.be\/product\/dji-rs-2-pro-combo\/#breadcrumb"},"inLanguage":"de","potentialAction":[{"@type":"ReadAction","target":["https:\/\/koningdrone.be\/product\/dji-rs-2-pro-combo\/"]}]},{"@type":"ImageObject","inLanguage":"de","@id":"https:\/\/koningdrone.be\/product\/dji-rs-2-pro-combo\/#primaryimage","url":"https:\/\/koningdrone.be\/wp-content\/uploads\/sites\/13\/2025\/04\/6941565901569-1.jpg","contentUrl":"https:\/\/koningdrone.be\/wp-content\/uploads\/sites\/13\/2025\/04\/6941565901569-1.jpg","width":600,"height":600},{"@type":"BreadcrumbList","@id":"https:\/\/koningdrone.be\/product\/dji-rs-2-pro-combo\/#breadcrumb","itemListElement":[{"@type":"ListItem","position":1,"name":"Home","item":"https:\/\/koningdrone.be\/"},{"@type":"ListItem","position":2,"name":"AVSS Parachute Recovery System for DJI Matrice 300\/350","item":"https:\/\/koningdrone.be\/product\/avss-parachute-recovery-system-for-dji-matrice-300-350\/"},{"@type":"ListItem","position":3,"name":"Alle handheld gimbals","item":"https:\/\/koningdrone.be\/categorie\/alle-handheld-gimbals\/"},{"@type":"ListItem","position":4,"name":"DJI RS 2 Pro Combo"}]},{"@type":"WebSite","@id":"https:\/\/koningdrone.be\/#website","url":"https:\/\/koningdrone.be\/","name":"Koningdrone.be - Ihr Online-Spezialist f\u00fcr Drohnen, Gimbals, Kameras und Kraftwerke.","description":"Der Webshop f\u00fcr Drohnen und Gimbals","publisher":{"@id":"https:\/\/koningdrone.be\/#organization"},"potentialAction":[{"@type":"SearchAction","target":{"@type":"EntryPoint","urlTemplate":"https:\/\/koningdrone.be\/?s={search_term_string}"},"query-input":{"@type":"PropertyValueSpecification","valueRequired":true,"valueName":"search_term_string"}}],"inLanguage":"de"},{"@type":"Organization","@id":"https:\/\/koningdrone.be\/#organization","name":"Kingdrone.de","url":"https:\/\/koningdrone.be\/","logo":{"@type":"ImageObject","inLanguage":"de","@id":"https:\/\/koningdrone.be\/#\/schema\/logo\/image\/","url":"https:\/\/koningdrone.be\/wp-content\/uploads\/sites\/13\/2025\/04\/koningdrone-copyright-logo.svg","contentUrl":"https:\/\/koningdrone.be\/wp-content\/uploads\/sites\/13\/2025\/04\/koningdrone-copyright-logo.svg","width":227,"height":38,"caption":"Koningdrone.be"},"image":{"@id":"https:\/\/koningdrone.be\/#\/schema\/logo\/image\/"}}]}},"df_price":899.01,"df_sale_price":"","df_regular_price":899.01,"df_image_link":"https:\/\/koningdrone.be\/wp-content\/uploads\/sites\/13\/2025\/04\/6941565901569-1-300x300.jpg","_links":{"self":[{"href":"https:\/\/koningdrone.be\/de\/wp-json\/wp\/v2\/product\/7059","targetHints":{"allow":["GET"]}}],"collection":[{"href":"https:\/\/koningdrone.be\/de\/wp-json\/wp\/v2\/product"}],"about":[{"href":"https:\/\/koningdrone.be\/de\/wp-json\/wp\/v2\/types\/product"}],"wp:featuredmedia":[{"embeddable":true,"href":"https:\/\/koningdrone.be\/de\/wp-json\/wp\/v2\/media\/7054"}],"wp:attachment":[{"href":"https:\/\/koningdrone.be\/de\/wp-json\/wp\/v2\/media?parent=7059"}],"wp:term":[{"taxonomy":"product_brand","embeddable":true,"href":"https:\/\/koningdrone.be\/de\/wp-json\/wp\/v2\/product_brand?post=7059"},{"taxonomy":"product_cat","embeddable":true,"href":"https:\/\/koningdrone.be\/de\/wp-json\/wp\/v2\/product_cat?post=7059"},{"taxonomy":"product_tag","embeddable":true,"href":"https:\/\/koningdrone.be\/de\/wp-json\/wp\/v2\/product_tag?post=7059"}],"curies":[{"name":"wp","href":"https:\/\/api.w.org\/{rel}","templated":true}]}}