{"id":7045,"date":"2020-11-10T16:17:57","date_gmt":"2020-11-10T15:17:57","guid":{"rendered":"https:\/\/koningdrone.nl\/kon\/product\/dji-pocket-2\/"},"modified":"2026-04-29T15:30:57","modified_gmt":"2026-04-29T13:30:57","slug":"dji-pocket-2","status":"publish","type":"product","link":"https:\/\/koningdrone.be\/de\/produkt\/dji-pocket-2\/","title":{"rendered":"DJI Tasche 2"},"content":{"rendered":"<h1>DJI Tasche 2<\/h1>\n<p>Das DJI Pocket 2 passt perfekt in Ihre Hand, Tasche oder Hosentasche, sodass Sie es \u00fcberallhin mitnehmen k\u00f6nnen. Wenn Ihre Reise beginnt oder Ihnen pl\u00f6tzlich etwas ins Auge f\u00e4llt, ist der Pocket 2 bereit, alles festzuhalten.<\/p>\n<p><strong>Quick Capture - Einh\u00e4ndige Erfassung<\/strong><br \/>\nStarten Sie die Aufnahme in einer Sekunde, um Fotos und Videos in der Geschwindigkeit des Lebens aufzunehmen.<\/p>\n<p>Mit Glamour-Effekten k\u00f6nnen Sie immer Ihr bestes Selfie teilen. Mit einem Blickwinkel von 93\u00b0 erm\u00f6glicht das Pocket 2 flexiblere Aufnahmen und perfekt komponierte Bilder f\u00fcr soziale Medien.<\/p>\n<p><strong>Hochaufl\u00f6sendes Panorama<\/strong><br \/>\nKlicken Sie hier f\u00fcr die gesamte Bergkette mit 180\u00b0-Panorama oder f\u00fcr ein Gruppen-Selfie mit einem 3\u00d73-Panorama. Sie werden nicht glauben, wie eine so kleine Kamera eine so gro\u00dfe Aufnahme machen kann.<\/p>\n<p><strong>ActiveTrack 3.0<\/strong><br \/>\nEgal, wie Sie sich bewegen, das Pocket 2 h\u00e4lt Sie und Ihre Freunde mit ActiveTrack 3.0 im Bild.<\/p>\n<p><strong>Zeitraffer<\/strong><br \/>\nMit Timelapse k\u00f6nnen Sie Stunden in Sekunden verwandeln. Motionlapse f\u00fcgt weiche Kamerabewegungen hinzu. Hyperlapse verwendet EIS, um ein stabiles Bild zu erhalten, w\u00e4hrend Sie durch die Zeit reisen.<\/p>\n<p><strong>Story-Modus<\/strong><br \/>\nDer Story-Modus verwendet Video- und Musikvorlagen, um mit nur wenigen Fingertipps spannende Minifilme zu erstellen.<\/p>\n<p><strong>AI-Editor<\/strong><br \/>\nKeine Lust auf Bearbeitung? AI Editor kombiniert Ihre Clips automatisch mit \u00dcberg\u00e4ngen und Musik, um Inhalte zu erstellen, die sich zum Teilen eignen.<\/p>\n<p>Was ist das Geheimnis des DJI Pocket 2? Ein 3-Achsen-Gimbal stabilisiert die Kamera f\u00fcr reibungslose Videobewegungen. Diese Technologie eignet sich auch hervorragend f\u00fcr kreative Fotos mit Langzeitbelichtung aus der Hand.<\/p>\n<p><strong>Bildqualit\u00e4t<\/strong><\/p>\n<p>&nbsp;<\/p>\n<ul>\n<li style=\"list-style-type: none\">\n<ul>\n<li>1 \/ 1,7-Zoll-Sensor<\/li>\n<\/ul>\n<\/li>\n<\/ul>\n<p>&nbsp;<\/p>\n<ul>\n<li style=\"list-style-type: none\">\n<ul>\n<li>64MP Foto<\/li>\n<\/ul>\n<\/li>\n<\/ul>\n<p>&nbsp;<\/p>\n<ul>\n<li style=\"list-style-type: none\">\n<ul>\n<li>4K \/ 60fps Video<\/li>\n<\/ul>\n<\/li>\n<\/ul>\n<p>&nbsp;<\/p>\n<ul>\n<li style=\"list-style-type: none\">\n<ul>\n<li>Hybrid-AF 2.0<\/li>\n<\/ul>\n<\/li>\n<\/ul>\n<p>&nbsp;<\/p>\n<p><strong>HDR-Video<\/strong><br \/>\nEin gutes Leben ist voller Farben, also zeigen Sie sie alle. Bei HDR-Videos trennt das Pocket 2 die Belichtung nach Bereichen und \u00fcberlagert das Bild, sodass die Bilder mit lebensechten Details gl\u00e4nzen.<\/p>\n<p><strong>8-facher Zoom<\/strong><br \/>\nWenn Sie auf der Suche nach verr\u00fcckten Details sind, ist das Pocket 2 der Wahnsinn. Bei der Aufnahme von 64-MP-Fotos macht die stabilisierte Kamera scharfe Aufnahmen mit 8fachem Zoom.<\/p>\n<p><strong>Audio - Unglaubliches Video, \u00fcberw\u00e4ltigender Sound<\/strong><\/p>\n<p>Die DJI Matrix-Stereo-Technologie f\u00e4ngt den Ton mit so viel Detailreichtum ein, dass Sie die Szene noch einmal erleben k\u00f6nnen.<\/p>\n<p><strong>Stereo-Aufnahme<\/strong><br \/>\nVier Mikrofone am Griff sorgen f\u00fcr Surround-Sound, so dass Sie die Magie noch einmal erleben k\u00f6nnen.<\/p>\n<p><strong>Soundtrack<\/strong><br \/>\nPocket 2 Passt die Richtung der Tonverbesserung an, in die die Kamera gerichtet ist, so dass das Motiv deutlich zu h\u00f6ren ist.<\/p>\n<p><strong>Gerichtetes Audio<\/strong><br \/>\nMit Pocket 2 k\u00f6nnen Sie drei verschiedene Klangmuster verwenden, um die Szene individuell zu gestalten.<\/p>","protected":false},"excerpt":{"rendered":"<ul>\n<li>Taschenformat<\/li>\n<li>3-Achsen-stabilisierte Kamera<\/li>\n<li>ActiveTrack 3.0<\/li>\n<li>AI-Editor<\/li>\n<li>Hervorragende Bildqualit\u00e4t<\/li>\n<li>DJI Matrix Stereo<\/li>\n<li>Pocket-Sized - Kleine Gimbal-Kamera, gro\u00dfe Momente<\/li>\n<\/ul>","protected":false},"featured_media":7038,"template":"","meta":{"_acf_changed":false},"product_brand":[],"product_cat":[315,410,97,297,778,804],"product_tag":[],"class_list":{"0":"post-7045","1":"product","2":"type-product","3":"status-publish","4":"has-post-thumbnail","6":"product_cat-alle-gimbals-en-cameras","7":"product_cat-alle-handheld-gimbals","8":"product_cat-alle-producten","9":"product_cat-dji-osmo","10":"product_cat-dji-osmo-pocket","11":"product_cat-dji-pocket-2","12":"product_shipping_class-outofstock","13":"pa_brand-dji","14":"pa_productfamily-camera","15":"pa_producttype-camera","16":"pa_series-osmo-pocket","18":"first","19":"outofstock","20":"taxable","21":"shipping-taxable","22":"purchasable","23":"product-type-simple"},"acf":[],"yoast_head":"<!-- This site is optimized with the Yoast SEO Premium plugin v27.2 (Yoast SEO v27.2) - https:\/\/yoast.com\/product\/yoast-seo-premium-wordpress\/ -->\n<title>DJI Pocket 2 - koningdrone.be<\/title>\n<meta name=\"robots\" content=\"index, follow, max-snippet:-1, max-image-preview:large, max-video-preview:-1\" \/>\n<link rel=\"canonical\" href=\"https:\/\/koningdrone.be\/de\/produkt\/dji-pocket-2\/\" \/>\n<meta property=\"og:locale\" content=\"de_DE\" \/>\n<meta property=\"og:type\" content=\"article\" \/>\n<meta property=\"og:title\" content=\"DJI Pocket 2\" \/>\n<meta property=\"og:description\" content=\"Zakformaat  3-as gestabiliseerd camera  ActiveTrack 3,0  AI Editor  Uitstekende beeldkwaliteit  DJI Matrix Stereo  Pocket-Sized - Kleine Gimbal Camera, grote momenten\" \/>\n<meta property=\"og:url\" content=\"https:\/\/koningdrone.be\/de\/produkt\/dji-pocket-2\/\" \/>\n<meta property=\"og:site_name\" content=\"koningdrone.be\" \/>\n<meta property=\"article:modified_time\" content=\"2026-04-29T13:30:57+00:00\" \/>\n<meta property=\"og:image\" content=\"https:\/\/koningdrone.be\/wp-content\/uploads\/sites\/13\/2025\/04\/6941565906410-1.jpg\" \/>\n\t<meta property=\"og:image:width\" content=\"600\" \/>\n\t<meta property=\"og:image:height\" content=\"600\" \/>\n\t<meta property=\"og:image:type\" content=\"image\/jpeg\" \/>\n<meta name=\"twitter:card\" content=\"summary_large_image\" \/>\n<meta name=\"twitter:label1\" content=\"Gesch\u00e4tzte Lesezeit\" \/>\n\t<meta name=\"twitter:data1\" content=\"2\u00a0Minuten\" \/>\n<script type=\"application\/ld+json\" class=\"yoast-schema-graph\">{\"@context\":\"https:\/\/schema.org\",\"@graph\":[{\"@type\":\"WebPage\",\"@id\":\"https:\/\/koningdrone.be\/product\/dji-pocket-2\/\",\"url\":\"https:\/\/koningdrone.be\/product\/dji-pocket-2\/\",\"name\":\"DJI Pocket 2 - koningdrone.be\",\"isPartOf\":{\"@id\":\"https:\/\/koningdrone.be\/#website\"},\"primaryImageOfPage\":{\"@id\":\"https:\/\/koningdrone.be\/product\/dji-pocket-2\/#primaryimage\"},\"image\":{\"@id\":\"https:\/\/koningdrone.be\/product\/dji-pocket-2\/#primaryimage\"},\"thumbnailUrl\":\"https:\/\/koningdrone.be\/wp-content\/uploads\/sites\/13\/2025\/04\/6941565906410-1.jpg\",\"datePublished\":\"2020-11-10T15:17:57+00:00\",\"dateModified\":\"2026-04-29T13:30:57+00:00\",\"breadcrumb\":{\"@id\":\"https:\/\/koningdrone.be\/product\/dji-pocket-2\/#breadcrumb\"},\"inLanguage\":\"de\",\"potentialAction\":[{\"@type\":\"ReadAction\",\"target\":[\"https:\/\/koningdrone.be\/product\/dji-pocket-2\/\"]}]},{\"@type\":\"ImageObject\",\"inLanguage\":\"de\",\"@id\":\"https:\/\/koningdrone.be\/product\/dji-pocket-2\/#primaryimage\",\"url\":\"https:\/\/koningdrone.be\/wp-content\/uploads\/sites\/13\/2025\/04\/6941565906410-1.jpg\",\"contentUrl\":\"https:\/\/koningdrone.be\/wp-content\/uploads\/sites\/13\/2025\/04\/6941565906410-1.jpg\",\"width\":600,\"height\":600},{\"@type\":\"BreadcrumbList\",\"@id\":\"https:\/\/koningdrone.be\/product\/dji-pocket-2\/#breadcrumb\",\"itemListElement\":[{\"@type\":\"ListItem\",\"position\":1,\"name\":\"Home\",\"item\":\"https:\/\/koningdrone.be\/\"},{\"@type\":\"ListItem\",\"position\":2,\"name\":\"AVSS Parachute Recovery System for DJI Matrice 300\/350\",\"item\":\"https:\/\/koningdrone.be\/product\/avss-parachute-recovery-system-for-dji-matrice-300-350\/\"},{\"@type\":\"ListItem\",\"position\":3,\"name\":\"Alle gimbals en cameras\",\"item\":\"https:\/\/koningdrone.be\/categorie\/alle-gimbals-en-cameras\/\"},{\"@type\":\"ListItem\",\"position\":4,\"name\":\"DJI Pocket 2\"}]},{\"@type\":\"WebSite\",\"@id\":\"https:\/\/koningdrone.be\/#website\",\"url\":\"https:\/\/koningdrone.be\/\",\"name\":\"Koningdrone.be - Uw online specialist in drones, gimbals, camera's en power stations.\",\"description\":\"De webshop in drones en gimbals\",\"publisher\":{\"@id\":\"https:\/\/koningdrone.be\/#organization\"},\"potentialAction\":[{\"@type\":\"SearchAction\",\"target\":{\"@type\":\"EntryPoint\",\"urlTemplate\":\"https:\/\/koningdrone.be\/?s={search_term_string}\"},\"query-input\":{\"@type\":\"PropertyValueSpecification\",\"valueRequired\":true,\"valueName\":\"search_term_string\"}}],\"inLanguage\":\"de\"},{\"@type\":\"Organization\",\"@id\":\"https:\/\/koningdrone.be\/#organization\",\"name\":\"Koningdrone.be\",\"url\":\"https:\/\/koningdrone.be\/\",\"logo\":{\"@type\":\"ImageObject\",\"inLanguage\":\"de\",\"@id\":\"https:\/\/koningdrone.be\/#\/schema\/logo\/image\/\",\"url\":\"https:\/\/koningdrone.be\/wp-content\/uploads\/sites\/13\/2025\/04\/koningdrone-copyright-logo.svg\",\"contentUrl\":\"https:\/\/koningdrone.be\/wp-content\/uploads\/sites\/13\/2025\/04\/koningdrone-copyright-logo.svg\",\"width\":227,\"height\":38,\"caption\":\"Koningdrone.be\"},\"image\":{\"@id\":\"https:\/\/koningdrone.be\/#\/schema\/logo\/image\/\"}}]}<\/script>\n<!-- \/ Yoast SEO Premium plugin. -->","yoast_head_json":{"title":"DJI Pocket 2 - koningdrone.be","robots":{"index":"index","follow":"follow","max-snippet":"max-snippet:-1","max-image-preview":"max-image-preview:large","max-video-preview":"max-video-preview:-1"},"canonical":"https:\/\/koningdrone.be\/de\/produkt\/dji-pocket-2\/","og_locale":"de_DE","og_type":"article","og_title":"DJI Pocket 2","og_description":"Zakformaat  3-as gestabiliseerd camera  ActiveTrack 3,0  AI Editor  Uitstekende beeldkwaliteit  DJI Matrix Stereo  Pocket-Sized - Kleine Gimbal Camera, grote momenten","og_url":"https:\/\/koningdrone.be\/de\/produkt\/dji-pocket-2\/","og_site_name":"koningdrone.be","article_modified_time":"2026-04-29T13:30:57+00:00","og_image":[{"width":600,"height":600,"url":"https:\/\/koningdrone.be\/wp-content\/uploads\/sites\/13\/2025\/04\/6941565906410-1.jpg","type":"image\/jpeg"}],"twitter_card":"summary_large_image","twitter_misc":{"Gesch\u00e4tzte Lesezeit":"2\u00a0Minuten"},"schema":{"@context":"https:\/\/schema.org","@graph":[{"@type":"WebPage","@id":"https:\/\/koningdrone.be\/product\/dji-pocket-2\/","url":"https:\/\/koningdrone.be\/product\/dji-pocket-2\/","name":"DJI Pocket 2 - koningdrone.be","isPartOf":{"@id":"https:\/\/koningdrone.be\/#website"},"primaryImageOfPage":{"@id":"https:\/\/koningdrone.be\/product\/dji-pocket-2\/#primaryimage"},"image":{"@id":"https:\/\/koningdrone.be\/product\/dji-pocket-2\/#primaryimage"},"thumbnailUrl":"https:\/\/koningdrone.be\/wp-content\/uploads\/sites\/13\/2025\/04\/6941565906410-1.jpg","datePublished":"2020-11-10T15:17:57+00:00","dateModified":"2026-04-29T13:30:57+00:00","breadcrumb":{"@id":"https:\/\/koningdrone.be\/product\/dji-pocket-2\/#breadcrumb"},"inLanguage":"de","potentialAction":[{"@type":"ReadAction","target":["https:\/\/koningdrone.be\/product\/dji-pocket-2\/"]}]},{"@type":"ImageObject","inLanguage":"de","@id":"https:\/\/koningdrone.be\/product\/dji-pocket-2\/#primaryimage","url":"https:\/\/koningdrone.be\/wp-content\/uploads\/sites\/13\/2025\/04\/6941565906410-1.jpg","contentUrl":"https:\/\/koningdrone.be\/wp-content\/uploads\/sites\/13\/2025\/04\/6941565906410-1.jpg","width":600,"height":600},{"@type":"BreadcrumbList","@id":"https:\/\/koningdrone.be\/product\/dji-pocket-2\/#breadcrumb","itemListElement":[{"@type":"ListItem","position":1,"name":"Home","item":"https:\/\/koningdrone.be\/"},{"@type":"ListItem","position":2,"name":"AVSS Parachute Recovery System for DJI Matrice 300\/350","item":"https:\/\/koningdrone.be\/product\/avss-parachute-recovery-system-for-dji-matrice-300-350\/"},{"@type":"ListItem","position":3,"name":"Alle gimbals en cameras","item":"https:\/\/koningdrone.be\/categorie\/alle-gimbals-en-cameras\/"},{"@type":"ListItem","position":4,"name":"DJI Pocket 2"}]},{"@type":"WebSite","@id":"https:\/\/koningdrone.be\/#website","url":"https:\/\/koningdrone.be\/","name":"Koningdrone.be - Ihr Online-Spezialist f\u00fcr Drohnen, Gimbals, Kameras und Kraftwerke.","description":"Der Webshop f\u00fcr Drohnen und Gimbals","publisher":{"@id":"https:\/\/koningdrone.be\/#organization"},"potentialAction":[{"@type":"SearchAction","target":{"@type":"EntryPoint","urlTemplate":"https:\/\/koningdrone.be\/?s={search_term_string}"},"query-input":{"@type":"PropertyValueSpecification","valueRequired":true,"valueName":"search_term_string"}}],"inLanguage":"de"},{"@type":"Organization","@id":"https:\/\/koningdrone.be\/#organization","name":"Kingdrone.de","url":"https:\/\/koningdrone.be\/","logo":{"@type":"ImageObject","inLanguage":"de","@id":"https:\/\/koningdrone.be\/#\/schema\/logo\/image\/","url":"https:\/\/koningdrone.be\/wp-content\/uploads\/sites\/13\/2025\/04\/koningdrone-copyright-logo.svg","contentUrl":"https:\/\/koningdrone.be\/wp-content\/uploads\/sites\/13\/2025\/04\/koningdrone-copyright-logo.svg","width":227,"height":38,"caption":"Koningdrone.be"},"image":{"@id":"https:\/\/koningdrone.be\/#\/schema\/logo\/image\/"}}]}},"df_price":369,"df_sale_price":"","df_regular_price":369,"df_image_link":"https:\/\/koningdrone.be\/wp-content\/uploads\/sites\/13\/2025\/04\/6941565906410-1-300x300.jpg","_links":{"self":[{"href":"https:\/\/koningdrone.be\/de\/wp-json\/wp\/v2\/product\/7045","targetHints":{"allow":["GET"]}}],"collection":[{"href":"https:\/\/koningdrone.be\/de\/wp-json\/wp\/v2\/product"}],"about":[{"href":"https:\/\/koningdrone.be\/de\/wp-json\/wp\/v2\/types\/product"}],"wp:featuredmedia":[{"embeddable":true,"href":"https:\/\/koningdrone.be\/de\/wp-json\/wp\/v2\/media\/7038"}],"wp:attachment":[{"href":"https:\/\/koningdrone.be\/de\/wp-json\/wp\/v2\/media?parent=7045"}],"wp:term":[{"taxonomy":"product_brand","embeddable":true,"href":"https:\/\/koningdrone.be\/de\/wp-json\/wp\/v2\/product_brand?post=7045"},{"taxonomy":"product_cat","embeddable":true,"href":"https:\/\/koningdrone.be\/de\/wp-json\/wp\/v2\/product_cat?post=7045"},{"taxonomy":"product_tag","embeddable":true,"href":"https:\/\/koningdrone.be\/de\/wp-json\/wp\/v2\/product_tag?post=7045"}],"curies":[{"name":"wp","href":"https:\/\/api.w.org\/{rel}","templated":true}]}}