{"id":6941,"date":"2020-11-10T16:18:35","date_gmt":"2020-11-10T15:18:35","guid":{"rendered":"https:\/\/koningdrone.nl\/kon\/product\/dji-rsc-2\/"},"modified":"2026-04-29T13:20:02","modified_gmt":"2026-04-29T11:20:02","slug":"dji-rsc-2","status":"publish","type":"product","link":"https:\/\/koningdrone.be\/de\/produkt\/dji-rsc-2\/","title":{"rendered":"DJI RSC 2"},"content":{"rendered":"<h1>DJI RSC 2<\/h1>\n<p>Mit dem DJI RSC 2 Stabilisator k\u00f6nnen Sie m\u00fchelos professionelle Videos mit Ihrer Systemkamera aufnehmen. Dieser kompakte Stabilisator ist faltbar und verf\u00fcgt \u00fcber viele intuitive Funktionen, die ihn ideal f\u00fcr Filmemacher, Ein-Mann-Crews und Content-Ersteller machen. Der Stabilisator selbst wiegt nur 1300 Gramm, kann aber Kameras bis zu einem Gewicht von 3 Kilogramm tragen.<\/p>\n<p><strong>Faltbares Design<\/strong><br \/>Dank ihres faltbaren Designs ist die DJI RSC 2 leicht zu verstauen und zu transportieren. Mit 6 Konfigurationen bietet die RSC 2 zahlreiche kreative Optionen, die selbst die umfangreichsten Aufnahmen vereinfachen. Zusammengeklappt ist der Stabilisator nicht gr\u00f6\u00dfer als ein Blatt A5-Papier, was ihn tragbar und leistungsstark macht.<\/p>\n<p><strong>Titan: DJI-Stabilisierung weiterentwickelt<\/strong><br \/>Keiner stellt Stabilisierungssysteme wie DJI her. Der Titan-Stabilisierungsalgorithmus sorgt f\u00fcr fl\u00fcssigere Bilder als je zuvor. Brauchen Sie mehr? SuperSmooth gleicht Mikrobewegungen aus und erh\u00f6ht das Drehmoment, wodurch selbst 100-mm-Zoomobjektive stabilisiert werden. SuperSmooth ist f\u00fcr Objektive mit einer Brennweite von bis zu 100 mm geeignet.<\/p>\n<p><strong>Einfache Fokussierung<\/strong><br \/>Das vordere Fokussierrad erm\u00f6glicht eine pr\u00e4zise Fokussierung in jeder Umgebung, auch wenn es mit einer Hand bedient wird.<\/p>\n<p><strong>Schnelles Umschalten zwischen Quer- und Hochformat<\/strong><br \/>Mit nur einem Fingertipp k\u00f6nnen Sie ganz einfach in den Hochformatmodus wechseln, um professionelle Bilder f\u00fcr Ihre Inhalte in den sozialen Medien aufzunehmen.<\/p>\n<p><strong>ActiveTrack 3.0<\/strong><br \/>Mit ActiveTrack 3.0 verwendet die DJI RSC 2 das Quellsignal der Kamera, um Ihr Motiv zu verfolgen. F\u00fcr die Verwendung von ActiveTrack 3.0 ist das RavenEye-Bild\u00fcbertragungssystem erforderlich.<\/p>\n<p><strong>Eingebauter OLED-Bildschirm<\/strong><br \/>Ein integrierter 1-Zoll-OLED-Bildschirm erm\u00f6glicht Ihnen die vollst\u00e4ndige Steuerung mit Ihren Fingerspitzen.<\/p>\n<p><strong>Lange Betriebsdauer und schnelle Aufladung<\/strong><br \/>Dank des fortschrittlichen Akkus der RSC 2, der eine Betriebszeit von 14 Stunden hat und Schnellladung unterst\u00fctzt, m\u00fcssen Sie weniger oft aufladen und k\u00f6nnen l\u00e4nger fotografieren.<\/p>\n<p><strong>Kreative Merkmale<\/strong><br \/>Die DJI RSC 2 verf\u00fcgt \u00fcber zahlreiche kreative Funktionen, mit denen Sie Ihre Kreativit\u00e4t voll aussch\u00f6pfen k\u00f6nnen. Timelapse f\u00e4ngt den Lauf der Zeit mit einem stabilen Bild ein. Roll 360: Drehen Sie Ihre Kamera f\u00fcr eine rollende Aufnahme. Mit dem stabilen Gimbal-Schwenk k\u00f6nnen Sie mit Ihrer Kamera Gigapixel-Panoramen erstellen.<\/p>","protected":false},"excerpt":{"rendered":"<ul>\n<li>Faltbares Design<\/li>\n<li>1.2kg Gewicht \/ 3kg getestete Nutzlast<\/li>\n<li>Schnelles Umschalten auf vertikale Aufzeichnung<\/li>\n<li>1 \" OLED-Bildschirm<\/li>\n<li>Maximal 14 Stunden Schnellladung der Akkus<\/li>\n<li>Titan-Algorithmus zur Tempostabilisierung<\/li>\n<li>Faltbares Design - faltbar, kompakt, erstaunlich<\/li>\n<\/ul>","protected":false},"featured_media":6937,"template":"","meta":{"_acf_changed":false},"product_brand":[],"product_cat":[315,410,97,265,1216],"product_tag":[],"class_list":{"0":"post-6941","1":"product","2":"type-product","3":"status-publish","4":"has-post-thumbnail","6":"product_cat-alle-gimbals-en-cameras","7":"product_cat-alle-handheld-gimbals","8":"product_cat-alle-producten","9":"product_cat-dji-ronin","10":"product_cat-dji-ronin-rsc-2","11":"product_shipping_class-outofstock","12":"pa_brand-dji","13":"pa_productfamily-gimbal","14":"pa_producttype-gimbal","15":"pa_series-ronin-rsc-2","17":"first","18":"outofstock","19":"taxable","20":"shipping-taxable","21":"product-type-simple"},"acf":[],"yoast_head":"<!-- This site is optimized with the Yoast SEO Premium plugin v27.2 (Yoast SEO v27.2) - https:\/\/yoast.com\/product\/yoast-seo-premium-wordpress\/ -->\n<title>DJI RSC 2 - koningdrone.be<\/title>\n<meta name=\"robots\" content=\"index, follow, max-snippet:-1, max-image-preview:large, max-video-preview:-1\" \/>\n<link rel=\"canonical\" href=\"https:\/\/koningdrone.be\/de\/produkt\/dji-rsc-2\/\" \/>\n<meta property=\"og:locale\" content=\"de_DE\" \/>\n<meta property=\"og:type\" content=\"article\" \/>\n<meta property=\"og:title\" content=\"DJI RSC 2\" \/>\n<meta property=\"og:description\" content=\"Opvouwbaar ontwerp1.2kg Gewicht \/ 3kg Getest PayloadQuick Overschakelen naar verticale opnamen1 &#039;&#039; OLED-schermMax 14 uur Fast-Charge BatterijenTitan tempostabilisatiealgoritmeOpvouwbaar Design - Opvouwbaar, Compact, Verbazend\" \/>\n<meta property=\"og:url\" content=\"https:\/\/koningdrone.be\/de\/produkt\/dji-rsc-2\/\" \/>\n<meta property=\"og:site_name\" content=\"koningdrone.be\" \/>\n<meta property=\"article:modified_time\" content=\"2026-04-29T11:20:02+00:00\" \/>\n<meta property=\"og:image\" content=\"https:\/\/koningdrone.be\/wp-content\/uploads\/sites\/13\/2025\/04\/6941565903020-1.jpg\" \/>\n\t<meta property=\"og:image:width\" content=\"600\" \/>\n\t<meta property=\"og:image:height\" content=\"600\" \/>\n\t<meta property=\"og:image:type\" content=\"image\/jpeg\" \/>\n<meta name=\"twitter:card\" content=\"summary_large_image\" \/>\n<meta name=\"twitter:label1\" content=\"Gesch\u00e4tzte Lesezeit\" \/>\n\t<meta name=\"twitter:data1\" content=\"2\u00a0Minuten\" \/>\n<script type=\"application\/ld+json\" class=\"yoast-schema-graph\">{\"@context\":\"https:\/\/schema.org\",\"@graph\":[{\"@type\":\"WebPage\",\"@id\":\"https:\/\/koningdrone.be\/product\/dji-rsc-2\/\",\"url\":\"https:\/\/koningdrone.be\/product\/dji-rsc-2\/\",\"name\":\"DJI RSC 2 - koningdrone.be\",\"isPartOf\":{\"@id\":\"https:\/\/koningdrone.be\/#website\"},\"primaryImageOfPage\":{\"@id\":\"https:\/\/koningdrone.be\/product\/dji-rsc-2\/#primaryimage\"},\"image\":{\"@id\":\"https:\/\/koningdrone.be\/product\/dji-rsc-2\/#primaryimage\"},\"thumbnailUrl\":\"https:\/\/koningdrone.be\/wp-content\/uploads\/sites\/13\/2025\/04\/6941565903020-1.jpg\",\"datePublished\":\"2020-11-10T15:18:35+00:00\",\"dateModified\":\"2026-04-29T11:20:02+00:00\",\"breadcrumb\":{\"@id\":\"https:\/\/koningdrone.be\/product\/dji-rsc-2\/#breadcrumb\"},\"inLanguage\":\"de\",\"potentialAction\":[{\"@type\":\"ReadAction\",\"target\":[\"https:\/\/koningdrone.be\/product\/dji-rsc-2\/\"]}]},{\"@type\":\"ImageObject\",\"inLanguage\":\"de\",\"@id\":\"https:\/\/koningdrone.be\/product\/dji-rsc-2\/#primaryimage\",\"url\":\"https:\/\/koningdrone.be\/wp-content\/uploads\/sites\/13\/2025\/04\/6941565903020-1.jpg\",\"contentUrl\":\"https:\/\/koningdrone.be\/wp-content\/uploads\/sites\/13\/2025\/04\/6941565903020-1.jpg\",\"width\":600,\"height\":600},{\"@type\":\"BreadcrumbList\",\"@id\":\"https:\/\/koningdrone.be\/product\/dji-rsc-2\/#breadcrumb\",\"itemListElement\":[{\"@type\":\"ListItem\",\"position\":1,\"name\":\"Home\",\"item\":\"https:\/\/koningdrone.be\/\"},{\"@type\":\"ListItem\",\"position\":2,\"name\":\"AVSS Parachute Recovery System for DJI Matrice 300\/350\",\"item\":\"https:\/\/koningdrone.be\/product\/avss-parachute-recovery-system-for-dji-matrice-300-350\/\"},{\"@type\":\"ListItem\",\"position\":3,\"name\":\"Alle gimbals en cameras\",\"item\":\"https:\/\/koningdrone.be\/categorie\/alle-gimbals-en-cameras\/\"},{\"@type\":\"ListItem\",\"position\":4,\"name\":\"DJI RSC 2\"}]},{\"@type\":\"WebSite\",\"@id\":\"https:\/\/koningdrone.be\/#website\",\"url\":\"https:\/\/koningdrone.be\/\",\"name\":\"Koningdrone.be - Uw online specialist in drones, gimbals, camera's en power stations.\",\"description\":\"De webshop in drones en gimbals\",\"publisher\":{\"@id\":\"https:\/\/koningdrone.be\/#organization\"},\"potentialAction\":[{\"@type\":\"SearchAction\",\"target\":{\"@type\":\"EntryPoint\",\"urlTemplate\":\"https:\/\/koningdrone.be\/?s={search_term_string}\"},\"query-input\":{\"@type\":\"PropertyValueSpecification\",\"valueRequired\":true,\"valueName\":\"search_term_string\"}}],\"inLanguage\":\"de\"},{\"@type\":\"Organization\",\"@id\":\"https:\/\/koningdrone.be\/#organization\",\"name\":\"Koningdrone.be\",\"url\":\"https:\/\/koningdrone.be\/\",\"logo\":{\"@type\":\"ImageObject\",\"inLanguage\":\"de\",\"@id\":\"https:\/\/koningdrone.be\/#\/schema\/logo\/image\/\",\"url\":\"https:\/\/koningdrone.be\/wp-content\/uploads\/sites\/13\/2025\/04\/koningdrone-copyright-logo.svg\",\"contentUrl\":\"https:\/\/koningdrone.be\/wp-content\/uploads\/sites\/13\/2025\/04\/koningdrone-copyright-logo.svg\",\"width\":227,\"height\":38,\"caption\":\"Koningdrone.be\"},\"image\":{\"@id\":\"https:\/\/koningdrone.be\/#\/schema\/logo\/image\/\"}}]}<\/script>\n<!-- \/ Yoast SEO Premium plugin. -->","yoast_head_json":{"title":"DJI RSC 2 - koningdrone.be","robots":{"index":"index","follow":"follow","max-snippet":"max-snippet:-1","max-image-preview":"max-image-preview:large","max-video-preview":"max-video-preview:-1"},"canonical":"https:\/\/koningdrone.be\/de\/produkt\/dji-rsc-2\/","og_locale":"de_DE","og_type":"article","og_title":"DJI RSC 2","og_description":"Opvouwbaar ontwerp1.2kg Gewicht \/ 3kg Getest PayloadQuick Overschakelen naar verticale opnamen1 '' OLED-schermMax 14 uur Fast-Charge BatterijenTitan tempostabilisatiealgoritmeOpvouwbaar Design - Opvouwbaar, Compact, Verbazend","og_url":"https:\/\/koningdrone.be\/de\/produkt\/dji-rsc-2\/","og_site_name":"koningdrone.be","article_modified_time":"2026-04-29T11:20:02+00:00","og_image":[{"width":600,"height":600,"url":"https:\/\/koningdrone.be\/wp-content\/uploads\/sites\/13\/2025\/04\/6941565903020-1.jpg","type":"image\/jpeg"}],"twitter_card":"summary_large_image","twitter_misc":{"Gesch\u00e4tzte Lesezeit":"2\u00a0Minuten"},"schema":{"@context":"https:\/\/schema.org","@graph":[{"@type":"WebPage","@id":"https:\/\/koningdrone.be\/product\/dji-rsc-2\/","url":"https:\/\/koningdrone.be\/product\/dji-rsc-2\/","name":"DJI RSC 2 - koningdrone.be","isPartOf":{"@id":"https:\/\/koningdrone.be\/#website"},"primaryImageOfPage":{"@id":"https:\/\/koningdrone.be\/product\/dji-rsc-2\/#primaryimage"},"image":{"@id":"https:\/\/koningdrone.be\/product\/dji-rsc-2\/#primaryimage"},"thumbnailUrl":"https:\/\/koningdrone.be\/wp-content\/uploads\/sites\/13\/2025\/04\/6941565903020-1.jpg","datePublished":"2020-11-10T15:18:35+00:00","dateModified":"2026-04-29T11:20:02+00:00","breadcrumb":{"@id":"https:\/\/koningdrone.be\/product\/dji-rsc-2\/#breadcrumb"},"inLanguage":"de","potentialAction":[{"@type":"ReadAction","target":["https:\/\/koningdrone.be\/product\/dji-rsc-2\/"]}]},{"@type":"ImageObject","inLanguage":"de","@id":"https:\/\/koningdrone.be\/product\/dji-rsc-2\/#primaryimage","url":"https:\/\/koningdrone.be\/wp-content\/uploads\/sites\/13\/2025\/04\/6941565903020-1.jpg","contentUrl":"https:\/\/koningdrone.be\/wp-content\/uploads\/sites\/13\/2025\/04\/6941565903020-1.jpg","width":600,"height":600},{"@type":"BreadcrumbList","@id":"https:\/\/koningdrone.be\/product\/dji-rsc-2\/#breadcrumb","itemListElement":[{"@type":"ListItem","position":1,"name":"Home","item":"https:\/\/koningdrone.be\/"},{"@type":"ListItem","position":2,"name":"AVSS Parachute Recovery System for DJI Matrice 300\/350","item":"https:\/\/koningdrone.be\/product\/avss-parachute-recovery-system-for-dji-matrice-300-350\/"},{"@type":"ListItem","position":3,"name":"Alle gimbals en cameras","item":"https:\/\/koningdrone.be\/categorie\/alle-gimbals-en-cameras\/"},{"@type":"ListItem","position":4,"name":"DJI RSC 2"}]},{"@type":"WebSite","@id":"https:\/\/koningdrone.be\/#website","url":"https:\/\/koningdrone.be\/","name":"Koningdrone.be - Ihr Online-Spezialist f\u00fcr Drohnen, Gimbals, Kameras und Kraftwerke.","description":"Der Webshop f\u00fcr Drohnen und Gimbals","publisher":{"@id":"https:\/\/koningdrone.be\/#organization"},"potentialAction":[{"@type":"SearchAction","target":{"@type":"EntryPoint","urlTemplate":"https:\/\/koningdrone.be\/?s={search_term_string}"},"query-input":{"@type":"PropertyValueSpecification","valueRequired":true,"valueName":"search_term_string"}}],"inLanguage":"de"},{"@type":"Organization","@id":"https:\/\/koningdrone.be\/#organization","name":"Kingdrone.de","url":"https:\/\/koningdrone.be\/","logo":{"@type":"ImageObject","inLanguage":"de","@id":"https:\/\/koningdrone.be\/#\/schema\/logo\/image\/","url":"https:\/\/koningdrone.be\/wp-content\/uploads\/sites\/13\/2025\/04\/koningdrone-copyright-logo.svg","contentUrl":"https:\/\/koningdrone.be\/wp-content\/uploads\/sites\/13\/2025\/04\/koningdrone-copyright-logo.svg","width":227,"height":38,"caption":"Koningdrone.be"},"image":{"@id":"https:\/\/koningdrone.be\/#\/schema\/logo\/image\/"}}]}},"df_price":"","df_sale_price":"","df_regular_price":"","df_image_link":"https:\/\/koningdrone.be\/wp-content\/uploads\/sites\/13\/2025\/04\/6941565903020-1-300x300.jpg","_links":{"self":[{"href":"https:\/\/koningdrone.be\/de\/wp-json\/wp\/v2\/product\/6941","targetHints":{"allow":["GET"]}}],"collection":[{"href":"https:\/\/koningdrone.be\/de\/wp-json\/wp\/v2\/product"}],"about":[{"href":"https:\/\/koningdrone.be\/de\/wp-json\/wp\/v2\/types\/product"}],"wp:featuredmedia":[{"embeddable":true,"href":"https:\/\/koningdrone.be\/de\/wp-json\/wp\/v2\/media\/6937"}],"wp:attachment":[{"href":"https:\/\/koningdrone.be\/de\/wp-json\/wp\/v2\/media?parent=6941"}],"wp:term":[{"taxonomy":"product_brand","embeddable":true,"href":"https:\/\/koningdrone.be\/de\/wp-json\/wp\/v2\/product_brand?post=6941"},{"taxonomy":"product_cat","embeddable":true,"href":"https:\/\/koningdrone.be\/de\/wp-json\/wp\/v2\/product_cat?post=6941"},{"taxonomy":"product_tag","embeddable":true,"href":"https:\/\/koningdrone.be\/de\/wp-json\/wp\/v2\/product_tag?post=6941"}],"curies":[{"name":"wp","href":"https:\/\/api.w.org\/{rel}","templated":true}]}}