{"id":6904,"date":"2020-12-11T11:06:08","date_gmt":"2020-12-11T10:06:08","guid":{"rendered":"https:\/\/koningdrone.nl\/kon\/product\/dji-inspire-2-x5s-standard-kit\/"},"modified":"2026-04-29T13:10:56","modified_gmt":"2026-04-29T11:10:56","slug":"dji-inspire-2-x5s-standard-kit","status":"publish","type":"product","link":"https:\/\/koningdrone.be\/de\/produkt\/dji-inspire-2-x5s-standard-kit\/","title":{"rendered":"DJI Inspire 2 X5s Standard-Kit"},"content":{"rendered":"<p><strong>DJI Inspire 2 X5s Standardausr\u00fcstung<\/strong><\/p>\n<p> Der DJI Inspire 2 verbessert sein Vorg\u00e4ngermodell mit einem neuen CineCore2.1 Bildgebungssystem, das bis zu 6K in CinemaDNG\/RAW aufzeichnen kann. Er beschleunigt von 0 auf 80 km\/h in nur 5 Sekunden, erreicht eine H\u00f6chstgeschwindigkeit von 94 km\/h und eine maximale Sinkgeschwindigkeit von 9 m\/s. Duale Batteriesysteme verl\u00e4ngern die Flugzeit auf bis zu 27 Minuten, w\u00e4hrend die Selbstheizungs-Technologie Fl\u00fcge bei niedrigen Temperaturen erm\u00f6glicht. FlightAutonomy wurde f\u00fcr bidirektionale Hindernisvermeidung und Sensorredundanz \u00fcberarbeitet und um intelligente Flugmodi wie Spotlight Pro f\u00fcr komplexe, dramatische Aufnahmen erg\u00e4nzt.<\/p>\n<p> Ein verbessertes Video\u00fcbertragungssystem unterst\u00fctzt zwei Signalfrequenzen und zwei Kan\u00e4le, um gleichzeitig von FPV- und Hauptkameras zu streamen. Neben anderen Funktionen unterst\u00fctzt der Inspire 2 CinemaDNG und Apple ProRes f\u00fcr die Postproduktion. Hinderniserkennungssysteme erh\u00f6hen die Sicherheit mit vorw\u00e4rts- und abw\u00e4rtsgerichteten Sichtsystemen, die Hindernisse in bis zu 30 Metern Entfernung erkennen und Fl\u00fcge bis zu 54 mph mit Hindernisvermeidung in verschiedenen intelligenten Flugmodi unterst\u00fctzen.<\/p>","protected":false},"excerpt":{"rendered":"<ul>\n<li>Inklusive Zenmuse X7 + 16mm Objektiv<\/li>\n<li>Intelligente Flugbatterie<\/li>\n<li>H\u00f6chstgeschwindigkeit von 94 km\/h<\/li>\n<li>Flugzeit von maximal 25 - 27 Minuten<\/li>\n<li>Hinderniserkennung bis zu 30 m<\/li>\n<li>Doppelter Akku, Selbsterhitzung, Akku-Redundanz, 98 Wh<\/li>\n<li>Visuelle Erkennung, 2-Achsen-FPV-Kamera, Auswahl an unterst\u00fctzten Kameras.<\/li>\n<li>Reichweite: 4,3 km (7 Meilen).<\/li>\n<li>Vollst\u00e4ndige Fernsteuerungsm\u00f6glichkeit der Kamera. App-gesteuerte manuelle Kameraeinstellungen<\/li>\n<\/ul>","protected":false},"featured_media":6903,"template":"","meta":{"_acf_changed":false},"product_brand":[],"product_cat":[135,97,136,641,788,99],"product_tag":[],"class_list":{"0":"post-6904","1":"product","2":"type-product","3":"status-publish","4":"has-post-thumbnail","6":"product_cat-alle-drones","7":"product_cat-alle-producten","8":"product_cat-consumer-drones","9":"product_cat-dji-inspire","10":"product_cat-dji-inspire-2","11":"product_cat-drones-met-certificaat","12":"product_shipping_class-outofstock","13":"pa_brand-dji","14":"pa_dronegrade-consumer","15":"pa_productfamily-drone","16":"pa_producttype-drone","17":"pa_series-inspire-2","18":"pa_vliegbewijs-a1-a3","20":"first","21":"outofstock","22":"taxable","23":"shipping-taxable","24":"product-type-simple"},"acf":[],"yoast_head":"<!-- This site is optimized with the Yoast SEO Premium plugin v27.2 (Yoast SEO v27.2) - https:\/\/yoast.com\/product\/yoast-seo-premium-wordpress\/ -->\n<title>DJI Inspire 2 X5s Standard Kit - koningdrone.be<\/title>\n<meta name=\"robots\" content=\"index, follow, max-snippet:-1, max-image-preview:large, max-video-preview:-1\" \/>\n<link rel=\"canonical\" href=\"https:\/\/koningdrone.be\/de\/produkt\/dji-inspire-2-x5s-standard-kit\/\" \/>\n<meta property=\"og:locale\" content=\"de_DE\" \/>\n<meta property=\"og:type\" content=\"article\" \/>\n<meta property=\"og:title\" content=\"DJI Inspire 2 X5s Standard Kit\" \/>\n<meta property=\"og:description\" content=\"Inclusief Zenmuse X7 + 16mm lensIntelligent Flight BatteryTopsnelheid van 94 km\/uVliegtijd van max 25 - 27 minutenObstakeldetectie tot 30mDubbele batterij, zelfverhitting, batterijredundantie, 98 WhVisuele detectie, 2-assige FPV-camera, bereik van ondersteunde camera&#039;s.Bereik: 4,3km (7km).Volledige mogelijkheid om cameras op afstand te bedienen. Appgestuurde handmatige camera-instellingen\" \/>\n<meta property=\"og:url\" content=\"https:\/\/koningdrone.be\/de\/produkt\/dji-inspire-2-x5s-standard-kit\/\" \/>\n<meta property=\"og:site_name\" content=\"koningdrone.be\" \/>\n<meta property=\"article:modified_time\" content=\"2026-04-29T11:10:56+00:00\" \/>\n<meta property=\"og:image\" content=\"https:\/\/koningdrone.be\/wp-content\/uploads\/sites\/13\/2025\/04\/Inspire-2-x7.png\" \/>\n\t<meta property=\"og:image:width\" content=\"720\" \/>\n\t<meta property=\"og:image:height\" content=\"480\" \/>\n\t<meta property=\"og:image:type\" content=\"image\/png\" \/>\n<meta name=\"twitter:card\" content=\"summary_large_image\" \/>\n<meta name=\"twitter:label1\" content=\"Gesch\u00e4tzte Lesezeit\" \/>\n\t<meta name=\"twitter:data1\" content=\"1\u00a0Minute\" \/>\n<script type=\"application\/ld+json\" class=\"yoast-schema-graph\">{\"@context\":\"https:\/\/schema.org\",\"@graph\":[{\"@type\":\"WebPage\",\"@id\":\"https:\/\/koningdrone.be\/product\/dji-inspire-2-x5s-standard-kit\/\",\"url\":\"https:\/\/koningdrone.be\/product\/dji-inspire-2-x5s-standard-kit\/\",\"name\":\"DJI Inspire 2 X5s Standard Kit - koningdrone.be\",\"isPartOf\":{\"@id\":\"https:\/\/koningdrone.be\/#website\"},\"primaryImageOfPage\":{\"@id\":\"https:\/\/koningdrone.be\/product\/dji-inspire-2-x5s-standard-kit\/#primaryimage\"},\"image\":{\"@id\":\"https:\/\/koningdrone.be\/product\/dji-inspire-2-x5s-standard-kit\/#primaryimage\"},\"thumbnailUrl\":\"https:\/\/koningdrone.be\/wp-content\/uploads\/sites\/13\/2025\/04\/Inspire-2-x7.png\",\"datePublished\":\"2020-12-11T10:06:08+00:00\",\"dateModified\":\"2026-04-29T11:10:56+00:00\",\"breadcrumb\":{\"@id\":\"https:\/\/koningdrone.be\/product\/dji-inspire-2-x5s-standard-kit\/#breadcrumb\"},\"inLanguage\":\"de\",\"potentialAction\":[{\"@type\":\"ReadAction\",\"target\":[\"https:\/\/koningdrone.be\/product\/dji-inspire-2-x5s-standard-kit\/\"]}]},{\"@type\":\"ImageObject\",\"inLanguage\":\"de\",\"@id\":\"https:\/\/koningdrone.be\/product\/dji-inspire-2-x5s-standard-kit\/#primaryimage\",\"url\":\"https:\/\/koningdrone.be\/wp-content\/uploads\/sites\/13\/2025\/04\/Inspire-2-x7.png\",\"contentUrl\":\"https:\/\/koningdrone.be\/wp-content\/uploads\/sites\/13\/2025\/04\/Inspire-2-x7.png\",\"width\":720,\"height\":480},{\"@type\":\"BreadcrumbList\",\"@id\":\"https:\/\/koningdrone.be\/product\/dji-inspire-2-x5s-standard-kit\/#breadcrumb\",\"itemListElement\":[{\"@type\":\"ListItem\",\"position\":1,\"name\":\"Home\",\"item\":\"https:\/\/koningdrone.be\/\"},{\"@type\":\"ListItem\",\"position\":2,\"name\":\"AVSS Parachute Recovery System for DJI Matrice 300\/350\",\"item\":\"https:\/\/koningdrone.be\/product\/avss-parachute-recovery-system-for-dji-matrice-300-350\/\"},{\"@type\":\"ListItem\",\"position\":3,\"name\":\"Alle drones\",\"item\":\"https:\/\/koningdrone.be\/categorie\/alle-drones\/\"},{\"@type\":\"ListItem\",\"position\":4,\"name\":\"DJI Inspire 2 X5s Standard Kit\"}]},{\"@type\":\"WebSite\",\"@id\":\"https:\/\/koningdrone.be\/#website\",\"url\":\"https:\/\/koningdrone.be\/\",\"name\":\"Koningdrone.be - Uw online specialist in drones, gimbals, camera's en power stations.\",\"description\":\"De webshop in drones en gimbals\",\"publisher\":{\"@id\":\"https:\/\/koningdrone.be\/#organization\"},\"potentialAction\":[{\"@type\":\"SearchAction\",\"target\":{\"@type\":\"EntryPoint\",\"urlTemplate\":\"https:\/\/koningdrone.be\/?s={search_term_string}\"},\"query-input\":{\"@type\":\"PropertyValueSpecification\",\"valueRequired\":true,\"valueName\":\"search_term_string\"}}],\"inLanguage\":\"de\"},{\"@type\":\"Organization\",\"@id\":\"https:\/\/koningdrone.be\/#organization\",\"name\":\"Koningdrone.be\",\"url\":\"https:\/\/koningdrone.be\/\",\"logo\":{\"@type\":\"ImageObject\",\"inLanguage\":\"de\",\"@id\":\"https:\/\/koningdrone.be\/#\/schema\/logo\/image\/\",\"url\":\"https:\/\/koningdrone.be\/wp-content\/uploads\/sites\/13\/2025\/04\/koningdrone-copyright-logo.svg\",\"contentUrl\":\"https:\/\/koningdrone.be\/wp-content\/uploads\/sites\/13\/2025\/04\/koningdrone-copyright-logo.svg\",\"width\":227,\"height\":38,\"caption\":\"Koningdrone.be\"},\"image\":{\"@id\":\"https:\/\/koningdrone.be\/#\/schema\/logo\/image\/\"}}]}<\/script>\n<!-- \/ Yoast SEO Premium plugin. -->","yoast_head_json":{"title":"DJI Inspire 2 X5s Standard Kit - koningdrone.be","robots":{"index":"index","follow":"follow","max-snippet":"max-snippet:-1","max-image-preview":"max-image-preview:large","max-video-preview":"max-video-preview:-1"},"canonical":"https:\/\/koningdrone.be\/de\/produkt\/dji-inspire-2-x5s-standard-kit\/","og_locale":"de_DE","og_type":"article","og_title":"DJI Inspire 2 X5s Standard Kit","og_description":"Inclusief Zenmuse X7 + 16mm lensIntelligent Flight BatteryTopsnelheid van 94 km\/uVliegtijd van max 25 - 27 minutenObstakeldetectie tot 30mDubbele batterij, zelfverhitting, batterijredundantie, 98 WhVisuele detectie, 2-assige FPV-camera, bereik van ondersteunde camera's.Bereik: 4,3km (7km).Volledige mogelijkheid om cameras op afstand te bedienen. Appgestuurde handmatige camera-instellingen","og_url":"https:\/\/koningdrone.be\/de\/produkt\/dji-inspire-2-x5s-standard-kit\/","og_site_name":"koningdrone.be","article_modified_time":"2026-04-29T11:10:56+00:00","og_image":[{"width":720,"height":480,"url":"https:\/\/koningdrone.be\/wp-content\/uploads\/sites\/13\/2025\/04\/Inspire-2-x7.png","type":"image\/png"}],"twitter_card":"summary_large_image","twitter_misc":{"Gesch\u00e4tzte Lesezeit":"1\u00a0Minute"},"schema":{"@context":"https:\/\/schema.org","@graph":[{"@type":"WebPage","@id":"https:\/\/koningdrone.be\/product\/dji-inspire-2-x5s-standard-kit\/","url":"https:\/\/koningdrone.be\/product\/dji-inspire-2-x5s-standard-kit\/","name":"DJI Inspire 2 X5s Standard Kit - koningdrone.be","isPartOf":{"@id":"https:\/\/koningdrone.be\/#website"},"primaryImageOfPage":{"@id":"https:\/\/koningdrone.be\/product\/dji-inspire-2-x5s-standard-kit\/#primaryimage"},"image":{"@id":"https:\/\/koningdrone.be\/product\/dji-inspire-2-x5s-standard-kit\/#primaryimage"},"thumbnailUrl":"https:\/\/koningdrone.be\/wp-content\/uploads\/sites\/13\/2025\/04\/Inspire-2-x7.png","datePublished":"2020-12-11T10:06:08+00:00","dateModified":"2026-04-29T11:10:56+00:00","breadcrumb":{"@id":"https:\/\/koningdrone.be\/product\/dji-inspire-2-x5s-standard-kit\/#breadcrumb"},"inLanguage":"de","potentialAction":[{"@type":"ReadAction","target":["https:\/\/koningdrone.be\/product\/dji-inspire-2-x5s-standard-kit\/"]}]},{"@type":"ImageObject","inLanguage":"de","@id":"https:\/\/koningdrone.be\/product\/dji-inspire-2-x5s-standard-kit\/#primaryimage","url":"https:\/\/koningdrone.be\/wp-content\/uploads\/sites\/13\/2025\/04\/Inspire-2-x7.png","contentUrl":"https:\/\/koningdrone.be\/wp-content\/uploads\/sites\/13\/2025\/04\/Inspire-2-x7.png","width":720,"height":480},{"@type":"BreadcrumbList","@id":"https:\/\/koningdrone.be\/product\/dji-inspire-2-x5s-standard-kit\/#breadcrumb","itemListElement":[{"@type":"ListItem","position":1,"name":"Home","item":"https:\/\/koningdrone.be\/"},{"@type":"ListItem","position":2,"name":"AVSS Parachute Recovery System for DJI Matrice 300\/350","item":"https:\/\/koningdrone.be\/product\/avss-parachute-recovery-system-for-dji-matrice-300-350\/"},{"@type":"ListItem","position":3,"name":"Alle drones","item":"https:\/\/koningdrone.be\/categorie\/alle-drones\/"},{"@type":"ListItem","position":4,"name":"DJI Inspire 2 X5s Standard Kit"}]},{"@type":"WebSite","@id":"https:\/\/koningdrone.be\/#website","url":"https:\/\/koningdrone.be\/","name":"Koningdrone.be - Ihr Online-Spezialist f\u00fcr Drohnen, Gimbals, Kameras und Kraftwerke.","description":"Der Webshop f\u00fcr Drohnen und Gimbals","publisher":{"@id":"https:\/\/koningdrone.be\/#organization"},"potentialAction":[{"@type":"SearchAction","target":{"@type":"EntryPoint","urlTemplate":"https:\/\/koningdrone.be\/?s={search_term_string}"},"query-input":{"@type":"PropertyValueSpecification","valueRequired":true,"valueName":"search_term_string"}}],"inLanguage":"de"},{"@type":"Organization","@id":"https:\/\/koningdrone.be\/#organization","name":"Kingdrone.de","url":"https:\/\/koningdrone.be\/","logo":{"@type":"ImageObject","inLanguage":"de","@id":"https:\/\/koningdrone.be\/#\/schema\/logo\/image\/","url":"https:\/\/koningdrone.be\/wp-content\/uploads\/sites\/13\/2025\/04\/koningdrone-copyright-logo.svg","contentUrl":"https:\/\/koningdrone.be\/wp-content\/uploads\/sites\/13\/2025\/04\/koningdrone-copyright-logo.svg","width":227,"height":38,"caption":"Koningdrone.be"},"image":{"@id":"https:\/\/koningdrone.be\/#\/schema\/logo\/image\/"}}]}},"df_price":"","df_sale_price":"","df_regular_price":"","df_image_link":"https:\/\/koningdrone.be\/wp-content\/uploads\/sites\/13\/2025\/04\/Inspire-2-x7-300x200.png","_links":{"self":[{"href":"https:\/\/koningdrone.be\/de\/wp-json\/wp\/v2\/product\/6904","targetHints":{"allow":["GET"]}}],"collection":[{"href":"https:\/\/koningdrone.be\/de\/wp-json\/wp\/v2\/product"}],"about":[{"href":"https:\/\/koningdrone.be\/de\/wp-json\/wp\/v2\/types\/product"}],"wp:featuredmedia":[{"embeddable":true,"href":"https:\/\/koningdrone.be\/de\/wp-json\/wp\/v2\/media\/6903"}],"wp:attachment":[{"href":"https:\/\/koningdrone.be\/de\/wp-json\/wp\/v2\/media?parent=6904"}],"wp:term":[{"taxonomy":"product_brand","embeddable":true,"href":"https:\/\/koningdrone.be\/de\/wp-json\/wp\/v2\/product_brand?post=6904"},{"taxonomy":"product_cat","embeddable":true,"href":"https:\/\/koningdrone.be\/de\/wp-json\/wp\/v2\/product_cat?post=6904"},{"taxonomy":"product_tag","embeddable":true,"href":"https:\/\/koningdrone.be\/de\/wp-json\/wp\/v2\/product_tag?post=6904"}],"curies":[{"name":"wp","href":"https:\/\/api.w.org\/{rel}","templated":true}]}}