{"id":6896,"date":"2020-12-11T13:00:08","date_gmt":"2020-12-11T12:00:08","guid":{"rendered":"https:\/\/koningdrone.nl\/kon\/product\/dji-pocket-2-do-it-all-handle\/"},"modified":"2026-04-29T15:01:10","modified_gmt":"2026-04-29T13:01:10","slug":"dji-pocket-2-do-it-all-handle","status":"publish","type":"product","link":"https:\/\/koningdrone.be\/de\/produkt\/dji-pocket-2-do-it-all-handle\/","title":{"rendered":"DJI Pocket 2 Do-It-All-Griff"},"content":{"rendered":"<p><strong>Komfort und Konnektivit\u00e4t<\/strong><br \/>\n<br \/>\nDer DJI Pocket 2 Do-It-All-Griff ist genial einfach zu bedienen und verf\u00fcgt \u00fcber eine Reihe von vielseitigen Funktionen. Mit seinem integrierten Wi-Fi- und Bluetooth-Modul bietet er nahtlose Konnektivit\u00e4t mit Ihrem Smartphone \u00fcber die DJI Mimo-App. Diese verbesserte Konnektivit\u00e4t erm\u00f6glicht eine m\u00fchelose Fernsteuerung des Pocket 2 und verbessert Ihr Filmerlebnis erheblich, wobei der Komfort im Vordergrund steht.<\/p>\n<p><strong>Drahtlose Audio-Kompatibilit\u00e4t<\/strong><br \/>\n<br \/>\nDieser Griff verf\u00fcgt \u00fcber einen drahtlosen Mikrofonempf\u00e4nger und unterst\u00fctzt den drahtlosen DJI-Mikrofonsender, was hochwertige Audioaufnahmen ohne die Einschr\u00e4nkungen von Kabeln erm\u00f6glicht. F\u00fcr diejenigen, die externe Ohrh\u00f6rer oder Kopfh\u00f6rer verwenden m\u00f6chten, ist ein 3,5-mm-Audioadapter im Lieferumfang enthalten. Diese Vielseitigkeit bei der Audioaufnahme und -wiedergabe stellt sicher, dass jeder Moment, den Sie aufnehmen, von einem klaren und deutlichen Klang begleitet wird.<\/p>\n<p><strong>Direkte Wiedergabefunktion<\/strong><br \/>\n<br \/>\nDer DJI Pocket 2 Do-It-All Handle ist mit einem eingebauten Lautsprecher ausgestattet, der eine sofortige Wiedergabe Ihrer Aufnahmen mit Ton erm\u00f6glicht. Diese Funktion ist besonders n\u00fctzlich f\u00fcr Content Creators und Filmemacher, die ihr Filmmaterial vor Ort \u00fcberpr\u00fcfen m\u00fcssen, um sicherzustellen, dass jede Aufnahme perfekt ist.<\/p>\n<p><strong>Verbesserte Kompatibilit\u00e4t und Flexibilit\u00e4t<\/strong><br \/>\n<br \/>\nAn der Unterseite des Griffs befindet sich eine 1\/4\u2033-Gewindebohrung, die ihn mit Stativen und anderem Zubeh\u00f6r kompatibel macht. Dieser durchdachte Zusatz er\u00f6ffnet Ihnen eine Welt der Flexibilit\u00e4t bei der Einrichtung Ihrer Aufnahmen. Ganz gleich, ob Sie einen ruhigen, stabilen Rahmen suchen oder dynamische, bewegte Perspektiven anstreben, diese Funktion erf\u00fcllt alle Ihre kreativen Bed\u00fcrfnisse.<\/p>\n<p><strong>Zusammenfassung der Vorteile<\/strong><br \/>\n<br \/>\nDer DJI Pocket 2 Do-It-All Handle ist ein unverzichtbares Zubeh\u00f6r sowohl f\u00fcr Enthusiasten als auch f\u00fcr Profis, die ihre Filmm\u00f6glichkeiten erweitern m\u00f6chten. Seine einzigartige Kombination aus Komfort, verbesserter Konnektivit\u00e4t und Vielseitigkeit macht ihn zu einem au\u00dfergew\u00f6hnlichen Werkzeug, um die unvergesslichen Momente des Lebens festzuhalten.<\/p>\n<p>&nbsp;<\/p>","protected":false},"excerpt":{"rendered":"<ul>\n<li>Bequem zu halten<\/li>\n<li>Integriertes Wi-Fi- und Bluetooth-Modul<\/li>\n<li>Drahtloser Mikrofonempf\u00e4nger im Lieferumfang enthalten<\/li>\n<li>Eingebautes 1\/4\u2033-Gewindeloch f\u00fcr Zubeh\u00f6r<\/li>\n<li>Kann zur Steuerung mit der DJI Mimo App verbunden werden<\/li>\n<li>Unterst\u00fctzt kabellose Tonaufnahmen<\/li>\n<li>Anschluss f\u00fcr externe Ohrh\u00f6rer\/Kopfh\u00f6rer \u00fcber 3,5-mm-Adapter<\/li>\n<li>Mit integriertem Lautsprecher f\u00fcr die Audiowiedergabe<\/li>\n<li>Kompatibel mit Stativen und weiterem Zubeh\u00f6r<\/li>\n<\/ul>","protected":false},"featured_media":6891,"template":"","meta":{"_acf_changed":false},"product_brand":[],"product_cat":[410,97,297,778,804],"product_tag":[],"class_list":{"0":"post-6896","1":"product","2":"type-product","3":"status-publish","4":"has-post-thumbnail","6":"product_cat-alle-handheld-gimbals","7":"product_cat-alle-producten","8":"product_cat-dji-osmo","9":"product_cat-dji-osmo-pocket","10":"product_cat-dji-pocket-2","11":"product_shipping_class-outofstock","12":"pa_brand-dji","13":"pa_productfamily-gimbal-accessoire","14":"pa_producttype-gimbal-accessoire","15":"pa_series-osmo-pocket","17":"first","18":"outofstock","19":"taxable","20":"shipping-taxable","21":"purchasable","22":"product-type-simple"},"acf":[],"yoast_head":"<!-- This site is optimized with the Yoast SEO Premium plugin v27.2 (Yoast SEO v27.2) - https:\/\/yoast.com\/product\/yoast-seo-premium-wordpress\/ -->\n<title>DJI Pocket 2 Do-It-All Handle - koningdrone.be<\/title>\n<meta name=\"robots\" content=\"index, follow, max-snippet:-1, max-image-preview:large, max-video-preview:-1\" \/>\n<link rel=\"canonical\" href=\"https:\/\/koningdrone.be\/de\/produkt\/dji-pocket-2-do-it-all-handle\/\" \/>\n<meta property=\"og:locale\" content=\"de_DE\" \/>\n<meta property=\"og:type\" content=\"article\" \/>\n<meta property=\"og:title\" content=\"DJI Pocket 2 Do-It-All Handle\" \/>\n<meta property=\"og:description\" content=\"Comfortabel om vast te houden  Ge\u00efntegreerde Wi-Fi- en Bluetooth-module  Draadloze microfoonontvanger inbegrepen  Ingebouwd 1\/4&quot; schroefdraadgat voor accessoires  Kan worden aangesloten op de DJI Mimo-app voor bediening  Ondersteunt draadloze geluidsopname  Externe oortelefoon\/hoofdtelefoon-connectiviteit via 3,5 mm-adapter  Inclusief ingebouwde luidspreker voor het afspelen van audio  Compatibel met statieven en extra accessoires\" \/>\n<meta property=\"og:url\" content=\"https:\/\/koningdrone.be\/de\/produkt\/dji-pocket-2-do-it-all-handle\/\" \/>\n<meta property=\"og:site_name\" content=\"koningdrone.be\" \/>\n<meta property=\"article:modified_time\" content=\"2026-04-29T13:01:10+00:00\" \/>\n<meta property=\"og:image\" content=\"https:\/\/koningdrone.be\/wp-content\/uploads\/sites\/13\/2025\/04\/932c3ad002b1c1103aca17b9cd72c613@ultra.png\" \/>\n\t<meta property=\"og:image:width\" content=\"1280\" \/>\n\t<meta property=\"og:image:height\" content=\"1280\" \/>\n\t<meta property=\"og:image:type\" content=\"image\/png\" \/>\n<meta name=\"twitter:card\" content=\"summary_large_image\" \/>\n<meta name=\"twitter:label1\" content=\"Gesch\u00e4tzte Lesezeit\" \/>\n\t<meta name=\"twitter:data1\" content=\"1\u00a0Minute\" \/>\n<script type=\"application\/ld+json\" class=\"yoast-schema-graph\">{\"@context\":\"https:\/\/schema.org\",\"@graph\":[{\"@type\":\"WebPage\",\"@id\":\"https:\/\/koningdrone.be\/product\/dji-pocket-2-do-it-all-handle\/\",\"url\":\"https:\/\/koningdrone.be\/product\/dji-pocket-2-do-it-all-handle\/\",\"name\":\"DJI Pocket 2 Do-It-All Handle - koningdrone.be\",\"isPartOf\":{\"@id\":\"https:\/\/koningdrone.be\/#website\"},\"primaryImageOfPage\":{\"@id\":\"https:\/\/koningdrone.be\/product\/dji-pocket-2-do-it-all-handle\/#primaryimage\"},\"image\":{\"@id\":\"https:\/\/koningdrone.be\/product\/dji-pocket-2-do-it-all-handle\/#primaryimage\"},\"thumbnailUrl\":\"https:\/\/koningdrone.be\/wp-content\/uploads\/sites\/13\/2025\/04\/932c3ad002b1c1103aca17b9cd72c613@ultra.png\",\"datePublished\":\"2020-12-11T12:00:08+00:00\",\"dateModified\":\"2026-04-29T13:01:10+00:00\",\"breadcrumb\":{\"@id\":\"https:\/\/koningdrone.be\/product\/dji-pocket-2-do-it-all-handle\/#breadcrumb\"},\"inLanguage\":\"de\",\"potentialAction\":[{\"@type\":\"ReadAction\",\"target\":[\"https:\/\/koningdrone.be\/product\/dji-pocket-2-do-it-all-handle\/\"]}]},{\"@type\":\"ImageObject\",\"inLanguage\":\"de\",\"@id\":\"https:\/\/koningdrone.be\/product\/dji-pocket-2-do-it-all-handle\/#primaryimage\",\"url\":\"https:\/\/koningdrone.be\/wp-content\/uploads\/sites\/13\/2025\/04\/932c3ad002b1c1103aca17b9cd72c613@ultra.png\",\"contentUrl\":\"https:\/\/koningdrone.be\/wp-content\/uploads\/sites\/13\/2025\/04\/932c3ad002b1c1103aca17b9cd72c613@ultra.png\",\"width\":1280,\"height\":1280},{\"@type\":\"BreadcrumbList\",\"@id\":\"https:\/\/koningdrone.be\/product\/dji-pocket-2-do-it-all-handle\/#breadcrumb\",\"itemListElement\":[{\"@type\":\"ListItem\",\"position\":1,\"name\":\"Home\",\"item\":\"https:\/\/koningdrone.be\/\"},{\"@type\":\"ListItem\",\"position\":2,\"name\":\"AVSS Parachute Recovery System for DJI Matrice 300\/350\",\"item\":\"https:\/\/koningdrone.be\/product\/avss-parachute-recovery-system-for-dji-matrice-300-350\/\"},{\"@type\":\"ListItem\",\"position\":3,\"name\":\"Alle handheld gimbals\",\"item\":\"https:\/\/koningdrone.be\/categorie\/alle-handheld-gimbals\/\"},{\"@type\":\"ListItem\",\"position\":4,\"name\":\"DJI Pocket 2 Do-It-All Handle\"}]},{\"@type\":\"WebSite\",\"@id\":\"https:\/\/koningdrone.be\/#website\",\"url\":\"https:\/\/koningdrone.be\/\",\"name\":\"Koningdrone.be - Uw online specialist in drones, gimbals, camera's en power stations.\",\"description\":\"De webshop in drones en gimbals\",\"publisher\":{\"@id\":\"https:\/\/koningdrone.be\/#organization\"},\"potentialAction\":[{\"@type\":\"SearchAction\",\"target\":{\"@type\":\"EntryPoint\",\"urlTemplate\":\"https:\/\/koningdrone.be\/?s={search_term_string}\"},\"query-input\":{\"@type\":\"PropertyValueSpecification\",\"valueRequired\":true,\"valueName\":\"search_term_string\"}}],\"inLanguage\":\"de\"},{\"@type\":\"Organization\",\"@id\":\"https:\/\/koningdrone.be\/#organization\",\"name\":\"Koningdrone.be\",\"url\":\"https:\/\/koningdrone.be\/\",\"logo\":{\"@type\":\"ImageObject\",\"inLanguage\":\"de\",\"@id\":\"https:\/\/koningdrone.be\/#\/schema\/logo\/image\/\",\"url\":\"https:\/\/koningdrone.be\/wp-content\/uploads\/sites\/13\/2025\/04\/koningdrone-copyright-logo.svg\",\"contentUrl\":\"https:\/\/koningdrone.be\/wp-content\/uploads\/sites\/13\/2025\/04\/koningdrone-copyright-logo.svg\",\"width\":227,\"height\":38,\"caption\":\"Koningdrone.be\"},\"image\":{\"@id\":\"https:\/\/koningdrone.be\/#\/schema\/logo\/image\/\"}}]}<\/script>\n<!-- \/ Yoast SEO Premium plugin. -->","yoast_head_json":{"title":"DJI Pocket 2 Do-It-All Handle - koningdrone.be","robots":{"index":"index","follow":"follow","max-snippet":"max-snippet:-1","max-image-preview":"max-image-preview:large","max-video-preview":"max-video-preview:-1"},"canonical":"https:\/\/koningdrone.be\/de\/produkt\/dji-pocket-2-do-it-all-handle\/","og_locale":"de_DE","og_type":"article","og_title":"DJI Pocket 2 Do-It-All Handle","og_description":"Comfortabel om vast te houden  Ge\u00efntegreerde Wi-Fi- en Bluetooth-module  Draadloze microfoonontvanger inbegrepen  Ingebouwd 1\/4\" schroefdraadgat voor accessoires  Kan worden aangesloten op de DJI Mimo-app voor bediening  Ondersteunt draadloze geluidsopname  Externe oortelefoon\/hoofdtelefoon-connectiviteit via 3,5 mm-adapter  Inclusief ingebouwde luidspreker voor het afspelen van audio  Compatibel met statieven en extra accessoires","og_url":"https:\/\/koningdrone.be\/de\/produkt\/dji-pocket-2-do-it-all-handle\/","og_site_name":"koningdrone.be","article_modified_time":"2026-04-29T13:01:10+00:00","og_image":[{"width":1280,"height":1280,"url":"https:\/\/koningdrone.be\/wp-content\/uploads\/sites\/13\/2025\/04\/932c3ad002b1c1103aca17b9cd72c613@ultra.png","type":"image\/png"}],"twitter_card":"summary_large_image","twitter_misc":{"Gesch\u00e4tzte Lesezeit":"1\u00a0Minute"},"schema":{"@context":"https:\/\/schema.org","@graph":[{"@type":"WebPage","@id":"https:\/\/koningdrone.be\/product\/dji-pocket-2-do-it-all-handle\/","url":"https:\/\/koningdrone.be\/product\/dji-pocket-2-do-it-all-handle\/","name":"DJI Pocket 2 Do-It-All Handle - koningdrone.be","isPartOf":{"@id":"https:\/\/koningdrone.be\/#website"},"primaryImageOfPage":{"@id":"https:\/\/koningdrone.be\/product\/dji-pocket-2-do-it-all-handle\/#primaryimage"},"image":{"@id":"https:\/\/koningdrone.be\/product\/dji-pocket-2-do-it-all-handle\/#primaryimage"},"thumbnailUrl":"https:\/\/koningdrone.be\/wp-content\/uploads\/sites\/13\/2025\/04\/932c3ad002b1c1103aca17b9cd72c613@ultra.png","datePublished":"2020-12-11T12:00:08+00:00","dateModified":"2026-04-29T13:01:10+00:00","breadcrumb":{"@id":"https:\/\/koningdrone.be\/product\/dji-pocket-2-do-it-all-handle\/#breadcrumb"},"inLanguage":"de","potentialAction":[{"@type":"ReadAction","target":["https:\/\/koningdrone.be\/product\/dji-pocket-2-do-it-all-handle\/"]}]},{"@type":"ImageObject","inLanguage":"de","@id":"https:\/\/koningdrone.be\/product\/dji-pocket-2-do-it-all-handle\/#primaryimage","url":"https:\/\/koningdrone.be\/wp-content\/uploads\/sites\/13\/2025\/04\/932c3ad002b1c1103aca17b9cd72c613@ultra.png","contentUrl":"https:\/\/koningdrone.be\/wp-content\/uploads\/sites\/13\/2025\/04\/932c3ad002b1c1103aca17b9cd72c613@ultra.png","width":1280,"height":1280},{"@type":"BreadcrumbList","@id":"https:\/\/koningdrone.be\/product\/dji-pocket-2-do-it-all-handle\/#breadcrumb","itemListElement":[{"@type":"ListItem","position":1,"name":"Home","item":"https:\/\/koningdrone.be\/"},{"@type":"ListItem","position":2,"name":"AVSS Parachute Recovery System for DJI Matrice 300\/350","item":"https:\/\/koningdrone.be\/product\/avss-parachute-recovery-system-for-dji-matrice-300-350\/"},{"@type":"ListItem","position":3,"name":"Alle handheld gimbals","item":"https:\/\/koningdrone.be\/categorie\/alle-handheld-gimbals\/"},{"@type":"ListItem","position":4,"name":"DJI Pocket 2 Do-It-All Handle"}]},{"@type":"WebSite","@id":"https:\/\/koningdrone.be\/#website","url":"https:\/\/koningdrone.be\/","name":"Koningdrone.be - Ihr Online-Spezialist f\u00fcr Drohnen, Gimbals, Kameras und Kraftwerke.","description":"Der Webshop f\u00fcr Drohnen und Gimbals","publisher":{"@id":"https:\/\/koningdrone.be\/#organization"},"potentialAction":[{"@type":"SearchAction","target":{"@type":"EntryPoint","urlTemplate":"https:\/\/koningdrone.be\/?s={search_term_string}"},"query-input":{"@type":"PropertyValueSpecification","valueRequired":true,"valueName":"search_term_string"}}],"inLanguage":"de"},{"@type":"Organization","@id":"https:\/\/koningdrone.be\/#organization","name":"Kingdrone.de","url":"https:\/\/koningdrone.be\/","logo":{"@type":"ImageObject","inLanguage":"de","@id":"https:\/\/koningdrone.be\/#\/schema\/logo\/image\/","url":"https:\/\/koningdrone.be\/wp-content\/uploads\/sites\/13\/2025\/04\/koningdrone-copyright-logo.svg","contentUrl":"https:\/\/koningdrone.be\/wp-content\/uploads\/sites\/13\/2025\/04\/koningdrone-copyright-logo.svg","width":227,"height":38,"caption":"Koningdrone.be"},"image":{"@id":"https:\/\/koningdrone.be\/#\/schema\/logo\/image\/"}}]}},"df_price":99,"df_sale_price":"","df_regular_price":99,"df_image_link":"https:\/\/koningdrone.be\/wp-content\/uploads\/sites\/13\/2025\/04\/932c3ad002b1c1103aca17b9cd72c613@ultra-300x300.png","_links":{"self":[{"href":"https:\/\/koningdrone.be\/de\/wp-json\/wp\/v2\/product\/6896","targetHints":{"allow":["GET"]}}],"collection":[{"href":"https:\/\/koningdrone.be\/de\/wp-json\/wp\/v2\/product"}],"about":[{"href":"https:\/\/koningdrone.be\/de\/wp-json\/wp\/v2\/types\/product"}],"wp:featuredmedia":[{"embeddable":true,"href":"https:\/\/koningdrone.be\/de\/wp-json\/wp\/v2\/media\/6891"}],"wp:attachment":[{"href":"https:\/\/koningdrone.be\/de\/wp-json\/wp\/v2\/media?parent=6896"}],"wp:term":[{"taxonomy":"product_brand","embeddable":true,"href":"https:\/\/koningdrone.be\/de\/wp-json\/wp\/v2\/product_brand?post=6896"},{"taxonomy":"product_cat","embeddable":true,"href":"https:\/\/koningdrone.be\/de\/wp-json\/wp\/v2\/product_cat?post=6896"},{"taxonomy":"product_tag","embeddable":true,"href":"https:\/\/koningdrone.be\/de\/wp-json\/wp\/v2\/product_tag?post=6896"}],"curies":[{"name":"wp","href":"https:\/\/api.w.org\/{rel}","templated":true}]}}