{"id":6883,"date":"2020-12-11T13:00:08","date_gmt":"2020-12-11T12:00:08","guid":{"rendered":"https:\/\/koningdrone.nl\/kon\/product\/dji-mini-2-intelligent-flight-batterij\/"},"modified":"2026-04-29T03:50:53","modified_gmt":"2026-04-29T01:50:53","slug":"dji-mini-2-intelligent-flight-batterij","status":"publish","type":"product","link":"https:\/\/koningdrone.be\/de\/produkt\/dji-mini-2-intelligent-flight-batterij\/","title":{"rendered":"DJI Mini 2 Intelligent Flight Akku"},"content":{"rendered":"<p>Die DJI Mini 2 Intelligent Flight Battery wurde entwickelt, um Ihr Flugerlebnis mit seinen fortschrittlichen Funktionen zu verbessern. Er hat eine hohe Energiedichte, die das Gewicht der Drohne reduziert und die Flugzeit auf bis zu 31 Minuten verl\u00e4ngert, sodass Sie das Fliegen l\u00e4nger genie\u00dfen k\u00f6nnen. Dieser Akku ist mit dem DJI Intelligent Battery Management System ausgestattet. Dieses fortschrittliche System \u00fcberwacht und informiert Sie in Echtzeit \u00fcber den Akkustatus, so dass Sie sich auf das Fliegen konzentrieren k\u00f6nnen, anstatt sich um den Akkustand zu sorgen. Au\u00dferdem sorgt es f\u00fcr eine stabile Stromversorgung und liefert eine genaue Sch\u00e4tzung der verbleibenden Flugzeit. Diese Funktion dient als zus\u00e4tzliche Sicherheitsma\u00dfnahme, w\u00e4hrend Sie in der Luft sind.<\/p>\n<p>&nbsp;<\/p>","protected":false},"excerpt":{"rendered":"<ul>\n<li>Hohe Energiedichte reduziert das Gewicht<\/li>\n<li>Verl\u00e4ngert die maximale Flugzeit auf 31 Minuten<\/li>\n<li>Integriertes DJI Intelligentes Batterie-Management-System<\/li>\n<li>\u00dcberwachung des Batteriestatus in Echtzeit<\/li>\n<li>Stabile Energieausbeute garantiert Sicherheit<\/li>\n<li>Genaue Berechnung der verbleibenden Flugzeit<\/li>\n<\/ul>","protected":false},"featured_media":6881,"template":"","meta":{"_acf_changed":false},"product_brand":[],"product_cat":[113,97,611,330],"product_tag":[108],"class_list":{"0":"post-6883","1":"product","2":"type-product","3":"status-publish","4":"has-post-thumbnail","6":"product_cat-alle-batterijen","7":"product_cat-alle-producten","8":"product_cat-dji-mini-2","9":"product_cat-dji-mini-4k","10":"product_tag-acsystemsall","11":"product_shipping_class-acsystemsall","12":"pa_brand-dji","13":"pa_productfamily-batterij","14":"pa_producttype-batterij","15":"pa_series-mini-2","17":"first","18":"instock","19":"taxable","20":"shipping-taxable","21":"purchasable","22":"product-type-simple"},"acf":[],"yoast_head":"<!-- This site is optimized with the Yoast SEO Premium plugin v27.2 (Yoast SEO v27.2) - https:\/\/yoast.com\/product\/yoast-seo-premium-wordpress\/ -->\n<title>DJI Mini 2 Intelligent Flight Battery - koningdrone.be<\/title>\n<meta name=\"robots\" content=\"index, follow, max-snippet:-1, max-image-preview:large, max-video-preview:-1\" \/>\n<link rel=\"canonical\" href=\"https:\/\/koningdrone.be\/de\/produkt\/dji-mini-2-intelligent-flight-batterij\/\" \/>\n<meta property=\"og:locale\" content=\"de_DE\" \/>\n<meta property=\"og:type\" content=\"article\" \/>\n<meta property=\"og:title\" content=\"DJI Mini 2 Intelligent Flight Battery\" \/>\n<meta property=\"og:description\" content=\"Hoge energiedichtheid vermindert het gewicht  Verlengt de maximale vliegtijd tot 31 minuten  Ge\u00efntegreerd DJI Intelligent Battery Management System  Realtime monitoring van de batterijstatus  Stabiele energieopbrengst zorgt voor veiligheid  Nauwkeurige berekening van de resterende vliegtijd\" \/>\n<meta property=\"og:url\" content=\"https:\/\/koningdrone.be\/de\/produkt\/dji-mini-2-intelligent-flight-batterij\/\" \/>\n<meta property=\"og:site_name\" content=\"koningdrone.be\" \/>\n<meta property=\"article:modified_time\" content=\"2026-04-29T01:50:53+00:00\" \/>\n<meta property=\"og:image\" content=\"https:\/\/koningdrone.be\/wp-content\/uploads\/sites\/13\/2025\/04\/90a9458190a3e08cafd85d62cb0561fd@large.jpg\" \/>\n\t<meta property=\"og:image:width\" content=\"1200\" \/>\n\t<meta property=\"og:image:height\" content=\"800\" \/>\n\t<meta property=\"og:image:type\" content=\"image\/jpeg\" \/>\n<meta name=\"twitter:card\" content=\"summary_large_image\" \/>\n<meta name=\"twitter:label1\" content=\"Gesch\u00e4tzte Lesezeit\" \/>\n\t<meta name=\"twitter:data1\" content=\"1\u00a0Minute\" \/>\n<script type=\"application\/ld+json\" class=\"yoast-schema-graph\">{\"@context\":\"https:\/\/schema.org\",\"@graph\":[{\"@type\":\"WebPage\",\"@id\":\"https:\/\/koningdrone.be\/product\/dji-mini-2-intelligent-flight-batterij\/\",\"url\":\"https:\/\/koningdrone.be\/product\/dji-mini-2-intelligent-flight-batterij\/\",\"name\":\"DJI Mini 2 Intelligent Flight Battery - koningdrone.be\",\"isPartOf\":{\"@id\":\"https:\/\/koningdrone.be\/#website\"},\"primaryImageOfPage\":{\"@id\":\"https:\/\/koningdrone.be\/product\/dji-mini-2-intelligent-flight-batterij\/#primaryimage\"},\"image\":{\"@id\":\"https:\/\/koningdrone.be\/product\/dji-mini-2-intelligent-flight-batterij\/#primaryimage\"},\"thumbnailUrl\":\"https:\/\/koningdrone.be\/wp-content\/uploads\/sites\/13\/2025\/04\/90a9458190a3e08cafd85d62cb0561fd@large.jpg\",\"datePublished\":\"2020-12-11T12:00:08+00:00\",\"dateModified\":\"2026-04-29T01:50:53+00:00\",\"breadcrumb\":{\"@id\":\"https:\/\/koningdrone.be\/product\/dji-mini-2-intelligent-flight-batterij\/#breadcrumb\"},\"inLanguage\":\"de\",\"potentialAction\":[{\"@type\":\"ReadAction\",\"target\":[\"https:\/\/koningdrone.be\/product\/dji-mini-2-intelligent-flight-batterij\/\"]}]},{\"@type\":\"ImageObject\",\"inLanguage\":\"de\",\"@id\":\"https:\/\/koningdrone.be\/product\/dji-mini-2-intelligent-flight-batterij\/#primaryimage\",\"url\":\"https:\/\/koningdrone.be\/wp-content\/uploads\/sites\/13\/2025\/04\/90a9458190a3e08cafd85d62cb0561fd@large.jpg\",\"contentUrl\":\"https:\/\/koningdrone.be\/wp-content\/uploads\/sites\/13\/2025\/04\/90a9458190a3e08cafd85d62cb0561fd@large.jpg\",\"width\":1200,\"height\":800},{\"@type\":\"BreadcrumbList\",\"@id\":\"https:\/\/koningdrone.be\/product\/dji-mini-2-intelligent-flight-batterij\/#breadcrumb\",\"itemListElement\":[{\"@type\":\"ListItem\",\"position\":1,\"name\":\"Home\",\"item\":\"https:\/\/koningdrone.be\/\"},{\"@type\":\"ListItem\",\"position\":2,\"name\":\"AVSS Parachute Recovery System for DJI Matrice 300\/350\",\"item\":\"https:\/\/koningdrone.be\/product\/avss-parachute-recovery-system-for-dji-matrice-300-350\/\"},{\"@type\":\"ListItem\",\"position\":3,\"name\":\"Alle batterijen\",\"item\":\"https:\/\/koningdrone.be\/categorie\/alle-batterijen\/\"},{\"@type\":\"ListItem\",\"position\":4,\"name\":\"DJI Mini 2 Intelligent Flight Battery\"}]},{\"@type\":\"WebSite\",\"@id\":\"https:\/\/koningdrone.be\/#website\",\"url\":\"https:\/\/koningdrone.be\/\",\"name\":\"Koningdrone.be - Uw online specialist in drones, gimbals, camera's en power stations.\",\"description\":\"De webshop in drones en gimbals\",\"publisher\":{\"@id\":\"https:\/\/koningdrone.be\/#organization\"},\"potentialAction\":[{\"@type\":\"SearchAction\",\"target\":{\"@type\":\"EntryPoint\",\"urlTemplate\":\"https:\/\/koningdrone.be\/?s={search_term_string}\"},\"query-input\":{\"@type\":\"PropertyValueSpecification\",\"valueRequired\":true,\"valueName\":\"search_term_string\"}}],\"inLanguage\":\"de\"},{\"@type\":\"Organization\",\"@id\":\"https:\/\/koningdrone.be\/#organization\",\"name\":\"Koningdrone.be\",\"url\":\"https:\/\/koningdrone.be\/\",\"logo\":{\"@type\":\"ImageObject\",\"inLanguage\":\"de\",\"@id\":\"https:\/\/koningdrone.be\/#\/schema\/logo\/image\/\",\"url\":\"https:\/\/koningdrone.be\/wp-content\/uploads\/sites\/13\/2025\/04\/koningdrone-copyright-logo.svg\",\"contentUrl\":\"https:\/\/koningdrone.be\/wp-content\/uploads\/sites\/13\/2025\/04\/koningdrone-copyright-logo.svg\",\"width\":227,\"height\":38,\"caption\":\"Koningdrone.be\"},\"image\":{\"@id\":\"https:\/\/koningdrone.be\/#\/schema\/logo\/image\/\"}}]}<\/script>\n<!-- \/ Yoast SEO Premium plugin. -->","yoast_head_json":{"title":"DJI Mini 2 Intelligent Flight Battery - koningdrone.be","robots":{"index":"index","follow":"follow","max-snippet":"max-snippet:-1","max-image-preview":"max-image-preview:large","max-video-preview":"max-video-preview:-1"},"canonical":"https:\/\/koningdrone.be\/de\/produkt\/dji-mini-2-intelligent-flight-batterij\/","og_locale":"de_DE","og_type":"article","og_title":"DJI Mini 2 Intelligent Flight Battery","og_description":"Hoge energiedichtheid vermindert het gewicht  Verlengt de maximale vliegtijd tot 31 minuten  Ge\u00efntegreerd DJI Intelligent Battery Management System  Realtime monitoring van de batterijstatus  Stabiele energieopbrengst zorgt voor veiligheid  Nauwkeurige berekening van de resterende vliegtijd","og_url":"https:\/\/koningdrone.be\/de\/produkt\/dji-mini-2-intelligent-flight-batterij\/","og_site_name":"koningdrone.be","article_modified_time":"2026-04-29T01:50:53+00:00","og_image":[{"width":1200,"height":800,"url":"https:\/\/koningdrone.be\/wp-content\/uploads\/sites\/13\/2025\/04\/90a9458190a3e08cafd85d62cb0561fd@large.jpg","type":"image\/jpeg"}],"twitter_card":"summary_large_image","twitter_misc":{"Gesch\u00e4tzte Lesezeit":"1\u00a0Minute"},"schema":{"@context":"https:\/\/schema.org","@graph":[{"@type":"WebPage","@id":"https:\/\/koningdrone.be\/product\/dji-mini-2-intelligent-flight-batterij\/","url":"https:\/\/koningdrone.be\/product\/dji-mini-2-intelligent-flight-batterij\/","name":"DJI Mini 2 Intelligent Flight Battery - koningdrone.be","isPartOf":{"@id":"https:\/\/koningdrone.be\/#website"},"primaryImageOfPage":{"@id":"https:\/\/koningdrone.be\/product\/dji-mini-2-intelligent-flight-batterij\/#primaryimage"},"image":{"@id":"https:\/\/koningdrone.be\/product\/dji-mini-2-intelligent-flight-batterij\/#primaryimage"},"thumbnailUrl":"https:\/\/koningdrone.be\/wp-content\/uploads\/sites\/13\/2025\/04\/90a9458190a3e08cafd85d62cb0561fd@large.jpg","datePublished":"2020-12-11T12:00:08+00:00","dateModified":"2026-04-29T01:50:53+00:00","breadcrumb":{"@id":"https:\/\/koningdrone.be\/product\/dji-mini-2-intelligent-flight-batterij\/#breadcrumb"},"inLanguage":"de","potentialAction":[{"@type":"ReadAction","target":["https:\/\/koningdrone.be\/product\/dji-mini-2-intelligent-flight-batterij\/"]}]},{"@type":"ImageObject","inLanguage":"de","@id":"https:\/\/koningdrone.be\/product\/dji-mini-2-intelligent-flight-batterij\/#primaryimage","url":"https:\/\/koningdrone.be\/wp-content\/uploads\/sites\/13\/2025\/04\/90a9458190a3e08cafd85d62cb0561fd@large.jpg","contentUrl":"https:\/\/koningdrone.be\/wp-content\/uploads\/sites\/13\/2025\/04\/90a9458190a3e08cafd85d62cb0561fd@large.jpg","width":1200,"height":800},{"@type":"BreadcrumbList","@id":"https:\/\/koningdrone.be\/product\/dji-mini-2-intelligent-flight-batterij\/#breadcrumb","itemListElement":[{"@type":"ListItem","position":1,"name":"Home","item":"https:\/\/koningdrone.be\/"},{"@type":"ListItem","position":2,"name":"AVSS Parachute Recovery System for DJI Matrice 300\/350","item":"https:\/\/koningdrone.be\/product\/avss-parachute-recovery-system-for-dji-matrice-300-350\/"},{"@type":"ListItem","position":3,"name":"Alle batterijen","item":"https:\/\/koningdrone.be\/categorie\/alle-batterijen\/"},{"@type":"ListItem","position":4,"name":"DJI Mini 2 Intelligent Flight Battery"}]},{"@type":"WebSite","@id":"https:\/\/koningdrone.be\/#website","url":"https:\/\/koningdrone.be\/","name":"Koningdrone.be - Ihr Online-Spezialist f\u00fcr Drohnen, Gimbals, Kameras und Kraftwerke.","description":"Der Webshop f\u00fcr Drohnen und Gimbals","publisher":{"@id":"https:\/\/koningdrone.be\/#organization"},"potentialAction":[{"@type":"SearchAction","target":{"@type":"EntryPoint","urlTemplate":"https:\/\/koningdrone.be\/?s={search_term_string}"},"query-input":{"@type":"PropertyValueSpecification","valueRequired":true,"valueName":"search_term_string"}}],"inLanguage":"de"},{"@type":"Organization","@id":"https:\/\/koningdrone.be\/#organization","name":"Kingdrone.de","url":"https:\/\/koningdrone.be\/","logo":{"@type":"ImageObject","inLanguage":"de","@id":"https:\/\/koningdrone.be\/#\/schema\/logo\/image\/","url":"https:\/\/koningdrone.be\/wp-content\/uploads\/sites\/13\/2025\/04\/koningdrone-copyright-logo.svg","contentUrl":"https:\/\/koningdrone.be\/wp-content\/uploads\/sites\/13\/2025\/04\/koningdrone-copyright-logo.svg","width":227,"height":38,"caption":"Koningdrone.be"},"image":{"@id":"https:\/\/koningdrone.be\/#\/schema\/logo\/image\/"}}]}},"df_price":51,"df_sale_price":"","df_regular_price":51,"df_image_link":"https:\/\/koningdrone.be\/wp-content\/uploads\/sites\/13\/2025\/04\/90a9458190a3e08cafd85d62cb0561fd@large-300x200.jpg","_links":{"self":[{"href":"https:\/\/koningdrone.be\/de\/wp-json\/wp\/v2\/product\/6883","targetHints":{"allow":["GET"]}}],"collection":[{"href":"https:\/\/koningdrone.be\/de\/wp-json\/wp\/v2\/product"}],"about":[{"href":"https:\/\/koningdrone.be\/de\/wp-json\/wp\/v2\/types\/product"}],"wp:featuredmedia":[{"embeddable":true,"href":"https:\/\/koningdrone.be\/de\/wp-json\/wp\/v2\/media\/6881"}],"wp:attachment":[{"href":"https:\/\/koningdrone.be\/de\/wp-json\/wp\/v2\/media?parent=6883"}],"wp:term":[{"taxonomy":"product_brand","embeddable":true,"href":"https:\/\/koningdrone.be\/de\/wp-json\/wp\/v2\/product_brand?post=6883"},{"taxonomy":"product_cat","embeddable":true,"href":"https:\/\/koningdrone.be\/de\/wp-json\/wp\/v2\/product_cat?post=6883"},{"taxonomy":"product_tag","embeddable":true,"href":"https:\/\/koningdrone.be\/de\/wp-json\/wp\/v2\/product_tag?post=6883"}],"curies":[{"name":"wp","href":"https:\/\/api.w.org\/{rel}","templated":true}]}}