{"id":6875,"date":"2020-12-11T13:00:08","date_gmt":"2020-12-11T12:00:08","guid":{"rendered":"https:\/\/koningdrone.nl\/kon\/product\/dji-pocket-2-charging-case\/"},"modified":"2026-04-29T03:40:24","modified_gmt":"2026-04-29T01:40:24","slug":"dji-pocket-2-charging-case","status":"publish","type":"product","link":"https:\/\/koningdrone.be\/de\/produkt\/dji-pocket-2-charging-case\/","title":{"rendered":"DJI Pocket 2 Ladekoffer"},"content":{"rendered":"<p><strong>Benutzerfreundliches Design<\/strong><\/p>\n<p> Die DJI Pocket 2 Ladetasche ist mit einem Spin-to-Open-Mechanismus ausgestattet, der das Aufbewahren und Aufladen des Pocket 2 vereinfacht. Dieser Mechanismus ist auf Benutzerfreundlichkeit ausgelegt und erm\u00f6glicht den Benutzern einen einfachen und unkomplizierten Zugriff auf ihr Ger\u00e4t.<\/p>\n<p><strong>Lagereinrichtungen<\/strong><\/p>\n<p> Neben der Ladefunktion ist das Geh\u00e4use mit zus\u00e4tzlichen Speicherf\u00e4chern ausgestattet. Es gibt Platz f\u00fcr zwei microSD-Karten und vier ND-Filter, so dass die Benutzer gut vorbereitet sind, um hochwertige Bilder unter verschiedenen Lichtverh\u00e4ltnissen aufzunehmen. Au\u00dferdem gibt es Platz f\u00fcr zwei Smartphone-Adapter, die eine nahtlose Verbindung zwischen dem Pocket 2 und Ihrem Smartphone f\u00fcr ein verbessertes Filmerlebnis erm\u00f6glichen.<\/p>\n<p><strong>Komfortable Funktionen<\/strong><\/p>\n<p> Die Ladetasche wurde mit Blick auf den mobilen Lebensstil von Autoren von Inhalten entwickelt und verf\u00fcgt \u00fcber ein Lanyard-Loch f\u00fcr den einfachen Transport. Mit dieser Funktion k\u00f6nnen Benutzer ihr Pocket 2 und das Zubeh\u00f6r einfach mit sich f\u00fchren, damit sie immer bereit sind, den Moment festzuhalten.<\/p>\n<p><strong>F\u00fcr Sie entworfen<\/strong><\/p>\n<p> Ganz gleich, ob Sie gerade erst in die Welt der Content-Erstellung einsteigen oder bereits ein erfahrener Profi sind, die DJI Pocket 2 Ladetasche bietet eine umfassende L\u00f6sung f\u00fcr die Aufbewahrung, das Aufladen und den Transport Ihres Pocket 2 und seiner wichtigen Zubeh\u00f6rteile. Sie erf\u00fcllt eine Vielzahl von Anforderungen und ist damit ein unverzichtbares Werkzeug f\u00fcr jeden, der unterwegs hochwertige Inhalte erstellen m\u00f6chte.<\/p>\n<p><\/p>","protected":false},"excerpt":{"rendered":"<ul>\n<li>Bequemes Spin-to-Open-Design f\u00fcr einfachen Zugang<\/li>\n<li> L\u00e4dt Pocket 2 sofort nach der Lagerung auf<\/li>\n<li> Kapazit\u00e4t f\u00fcr zwei microSD-Karten<\/li>\n<li> Platz f\u00fcr vier ND-Filter<\/li>\n<li> Inklusive Stauraum f\u00fcr zwei Smartphone-Adapter<\/li>\n<li> Ausgestattet mit einem Lanyard-Loch f\u00fcr einfaches Tragen<\/li>\n<\/ul>","protected":false},"featured_media":6872,"template":"","meta":{"_acf_changed":false},"product_brand":[],"product_cat":[410,111,97,297,804],"product_tag":[],"class_list":{"0":"post-6875","1":"product","2":"type-product","3":"status-publish","4":"has-post-thumbnail","6":"product_cat-alle-handheld-gimbals","7":"product_cat-alle-opladers","8":"product_cat-alle-producten","9":"product_cat-dji-osmo","10":"product_cat-dji-pocket-2","11":"product_shipping_class-uavspacesall","12":"pa_brand-dji","13":"pa_productfamily-accessoire","14":"pa_producttype-accessoire","15":"pa_series-osmo-pocket","17":"first","18":"instock","19":"taxable","20":"shipping-taxable","21":"purchasable","22":"product-type-simple"},"acf":[],"yoast_head":"<!-- This site is optimized with the Yoast SEO Premium plugin v27.2 (Yoast SEO v27.2) - https:\/\/yoast.com\/product\/yoast-seo-premium-wordpress\/ -->\n<title>DJI Pocket 2 Charging Case - koningdrone.be<\/title>\n<meta name=\"robots\" content=\"index, follow, max-snippet:-1, max-image-preview:large, max-video-preview:-1\" \/>\n<link rel=\"canonical\" href=\"https:\/\/koningdrone.be\/de\/produkt\/dji-pocket-2-charging-case\/\" \/>\n<meta property=\"og:locale\" content=\"de_DE\" \/>\n<meta property=\"og:type\" content=\"article\" \/>\n<meta property=\"og:title\" content=\"DJI Pocket 2 Charging Case\" \/>\n<meta property=\"og:description\" content=\"Handig spin-to-open-ontwerp voor gemakkelijke toegang Laadt Pocket 2 onmiddellijk op na opslag Capaciteit voor twee microSD-kaarten Ruimte voor vier ND-filters Inclusief opbergruimte voor twee smartphone-adapters Voorzien van een sleutelkoordgat voor gemakkelijk dragen\" \/>\n<meta property=\"og:url\" content=\"https:\/\/koningdrone.be\/de\/produkt\/dji-pocket-2-charging-case\/\" \/>\n<meta property=\"og:site_name\" content=\"koningdrone.be\" \/>\n<meta property=\"article:modified_time\" content=\"2026-04-29T01:40:24+00:00\" \/>\n<meta property=\"og:image\" content=\"https:\/\/koningdrone.be\/wp-content\/uploads\/sites\/13\/2025\/04\/c3328331cbf0e00115b2e05581c61637@large.jpg\" \/>\n\t<meta property=\"og:image:width\" content=\"1200\" \/>\n\t<meta property=\"og:image:height\" content=\"800\" \/>\n\t<meta property=\"og:image:type\" content=\"image\/jpeg\" \/>\n<meta name=\"twitter:card\" content=\"summary_large_image\" \/>\n<meta name=\"twitter:label1\" content=\"Gesch\u00e4tzte Lesezeit\" \/>\n\t<meta name=\"twitter:data1\" content=\"1\u00a0Minute\" \/>\n<script type=\"application\/ld+json\" class=\"yoast-schema-graph\">{\"@context\":\"https:\/\/schema.org\",\"@graph\":[{\"@type\":\"WebPage\",\"@id\":\"https:\/\/koningdrone.be\/product\/dji-pocket-2-charging-case\/\",\"url\":\"https:\/\/koningdrone.be\/product\/dji-pocket-2-charging-case\/\",\"name\":\"DJI Pocket 2 Charging Case - koningdrone.be\",\"isPartOf\":{\"@id\":\"https:\/\/koningdrone.be\/#website\"},\"primaryImageOfPage\":{\"@id\":\"https:\/\/koningdrone.be\/product\/dji-pocket-2-charging-case\/#primaryimage\"},\"image\":{\"@id\":\"https:\/\/koningdrone.be\/product\/dji-pocket-2-charging-case\/#primaryimage\"},\"thumbnailUrl\":\"https:\/\/koningdrone.be\/wp-content\/uploads\/sites\/13\/2025\/04\/c3328331cbf0e00115b2e05581c61637@large.jpg\",\"datePublished\":\"2020-12-11T12:00:08+00:00\",\"dateModified\":\"2026-04-29T01:40:24+00:00\",\"breadcrumb\":{\"@id\":\"https:\/\/koningdrone.be\/product\/dji-pocket-2-charging-case\/#breadcrumb\"},\"inLanguage\":\"de\",\"potentialAction\":[{\"@type\":\"ReadAction\",\"target\":[\"https:\/\/koningdrone.be\/product\/dji-pocket-2-charging-case\/\"]}]},{\"@type\":\"ImageObject\",\"inLanguage\":\"de\",\"@id\":\"https:\/\/koningdrone.be\/product\/dji-pocket-2-charging-case\/#primaryimage\",\"url\":\"https:\/\/koningdrone.be\/wp-content\/uploads\/sites\/13\/2025\/04\/c3328331cbf0e00115b2e05581c61637@large.jpg\",\"contentUrl\":\"https:\/\/koningdrone.be\/wp-content\/uploads\/sites\/13\/2025\/04\/c3328331cbf0e00115b2e05581c61637@large.jpg\",\"width\":1200,\"height\":800},{\"@type\":\"BreadcrumbList\",\"@id\":\"https:\/\/koningdrone.be\/product\/dji-pocket-2-charging-case\/#breadcrumb\",\"itemListElement\":[{\"@type\":\"ListItem\",\"position\":1,\"name\":\"Home\",\"item\":\"https:\/\/koningdrone.be\/\"},{\"@type\":\"ListItem\",\"position\":2,\"name\":\"AVSS Parachute Recovery System for DJI Matrice 300\/350\",\"item\":\"https:\/\/koningdrone.be\/product\/avss-parachute-recovery-system-for-dji-matrice-300-350\/\"},{\"@type\":\"ListItem\",\"position\":3,\"name\":\"Alle handheld gimbals\",\"item\":\"https:\/\/koningdrone.be\/categorie\/alle-handheld-gimbals\/\"},{\"@type\":\"ListItem\",\"position\":4,\"name\":\"DJI Pocket 2 Charging Case\"}]},{\"@type\":\"WebSite\",\"@id\":\"https:\/\/koningdrone.be\/#website\",\"url\":\"https:\/\/koningdrone.be\/\",\"name\":\"Koningdrone.be - Uw online specialist in drones, gimbals, camera's en power stations.\",\"description\":\"De webshop in drones en gimbals\",\"publisher\":{\"@id\":\"https:\/\/koningdrone.be\/#organization\"},\"potentialAction\":[{\"@type\":\"SearchAction\",\"target\":{\"@type\":\"EntryPoint\",\"urlTemplate\":\"https:\/\/koningdrone.be\/?s={search_term_string}\"},\"query-input\":{\"@type\":\"PropertyValueSpecification\",\"valueRequired\":true,\"valueName\":\"search_term_string\"}}],\"inLanguage\":\"de\"},{\"@type\":\"Organization\",\"@id\":\"https:\/\/koningdrone.be\/#organization\",\"name\":\"Koningdrone.be\",\"url\":\"https:\/\/koningdrone.be\/\",\"logo\":{\"@type\":\"ImageObject\",\"inLanguage\":\"de\",\"@id\":\"https:\/\/koningdrone.be\/#\/schema\/logo\/image\/\",\"url\":\"https:\/\/koningdrone.be\/wp-content\/uploads\/sites\/13\/2025\/04\/koningdrone-copyright-logo.svg\",\"contentUrl\":\"https:\/\/koningdrone.be\/wp-content\/uploads\/sites\/13\/2025\/04\/koningdrone-copyright-logo.svg\",\"width\":227,\"height\":38,\"caption\":\"Koningdrone.be\"},\"image\":{\"@id\":\"https:\/\/koningdrone.be\/#\/schema\/logo\/image\/\"}}]}<\/script>\n<!-- \/ Yoast SEO Premium plugin. -->","yoast_head_json":{"title":"DJI Pocket 2 Charging Case - koningdrone.be","robots":{"index":"index","follow":"follow","max-snippet":"max-snippet:-1","max-image-preview":"max-image-preview:large","max-video-preview":"max-video-preview:-1"},"canonical":"https:\/\/koningdrone.be\/de\/produkt\/dji-pocket-2-charging-case\/","og_locale":"de_DE","og_type":"article","og_title":"DJI Pocket 2 Charging Case","og_description":"Handig spin-to-open-ontwerp voor gemakkelijke toegang Laadt Pocket 2 onmiddellijk op na opslag Capaciteit voor twee microSD-kaarten Ruimte voor vier ND-filters Inclusief opbergruimte voor twee smartphone-adapters Voorzien van een sleutelkoordgat voor gemakkelijk dragen","og_url":"https:\/\/koningdrone.be\/de\/produkt\/dji-pocket-2-charging-case\/","og_site_name":"koningdrone.be","article_modified_time":"2026-04-29T01:40:24+00:00","og_image":[{"width":1200,"height":800,"url":"https:\/\/koningdrone.be\/wp-content\/uploads\/sites\/13\/2025\/04\/c3328331cbf0e00115b2e05581c61637@large.jpg","type":"image\/jpeg"}],"twitter_card":"summary_large_image","twitter_misc":{"Gesch\u00e4tzte Lesezeit":"1\u00a0Minute"},"schema":{"@context":"https:\/\/schema.org","@graph":[{"@type":"WebPage","@id":"https:\/\/koningdrone.be\/product\/dji-pocket-2-charging-case\/","url":"https:\/\/koningdrone.be\/product\/dji-pocket-2-charging-case\/","name":"DJI Pocket 2 Charging Case - koningdrone.be","isPartOf":{"@id":"https:\/\/koningdrone.be\/#website"},"primaryImageOfPage":{"@id":"https:\/\/koningdrone.be\/product\/dji-pocket-2-charging-case\/#primaryimage"},"image":{"@id":"https:\/\/koningdrone.be\/product\/dji-pocket-2-charging-case\/#primaryimage"},"thumbnailUrl":"https:\/\/koningdrone.be\/wp-content\/uploads\/sites\/13\/2025\/04\/c3328331cbf0e00115b2e05581c61637@large.jpg","datePublished":"2020-12-11T12:00:08+00:00","dateModified":"2026-04-29T01:40:24+00:00","breadcrumb":{"@id":"https:\/\/koningdrone.be\/product\/dji-pocket-2-charging-case\/#breadcrumb"},"inLanguage":"de","potentialAction":[{"@type":"ReadAction","target":["https:\/\/koningdrone.be\/product\/dji-pocket-2-charging-case\/"]}]},{"@type":"ImageObject","inLanguage":"de","@id":"https:\/\/koningdrone.be\/product\/dji-pocket-2-charging-case\/#primaryimage","url":"https:\/\/koningdrone.be\/wp-content\/uploads\/sites\/13\/2025\/04\/c3328331cbf0e00115b2e05581c61637@large.jpg","contentUrl":"https:\/\/koningdrone.be\/wp-content\/uploads\/sites\/13\/2025\/04\/c3328331cbf0e00115b2e05581c61637@large.jpg","width":1200,"height":800},{"@type":"BreadcrumbList","@id":"https:\/\/koningdrone.be\/product\/dji-pocket-2-charging-case\/#breadcrumb","itemListElement":[{"@type":"ListItem","position":1,"name":"Home","item":"https:\/\/koningdrone.be\/"},{"@type":"ListItem","position":2,"name":"AVSS Parachute Recovery System for DJI Matrice 300\/350","item":"https:\/\/koningdrone.be\/product\/avss-parachute-recovery-system-for-dji-matrice-300-350\/"},{"@type":"ListItem","position":3,"name":"Alle handheld gimbals","item":"https:\/\/koningdrone.be\/categorie\/alle-handheld-gimbals\/"},{"@type":"ListItem","position":4,"name":"DJI Pocket 2 Charging Case"}]},{"@type":"WebSite","@id":"https:\/\/koningdrone.be\/#website","url":"https:\/\/koningdrone.be\/","name":"Koningdrone.be - Ihr Online-Spezialist f\u00fcr Drohnen, Gimbals, Kameras und Kraftwerke.","description":"Der Webshop f\u00fcr Drohnen und Gimbals","publisher":{"@id":"https:\/\/koningdrone.be\/#organization"},"potentialAction":[{"@type":"SearchAction","target":{"@type":"EntryPoint","urlTemplate":"https:\/\/koningdrone.be\/?s={search_term_string}"},"query-input":{"@type":"PropertyValueSpecification","valueRequired":true,"valueName":"search_term_string"}}],"inLanguage":"de"},{"@type":"Organization","@id":"https:\/\/koningdrone.be\/#organization","name":"Kingdrone.de","url":"https:\/\/koningdrone.be\/","logo":{"@type":"ImageObject","inLanguage":"de","@id":"https:\/\/koningdrone.be\/#\/schema\/logo\/image\/","url":"https:\/\/koningdrone.be\/wp-content\/uploads\/sites\/13\/2025\/04\/koningdrone-copyright-logo.svg","contentUrl":"https:\/\/koningdrone.be\/wp-content\/uploads\/sites\/13\/2025\/04\/koningdrone-copyright-logo.svg","width":227,"height":38,"caption":"Koningdrone.be"},"image":{"@id":"https:\/\/koningdrone.be\/#\/schema\/logo\/image\/"}}]}},"df_price":95,"df_sale_price":"","df_regular_price":95,"df_image_link":"https:\/\/koningdrone.be\/wp-content\/uploads\/sites\/13\/2025\/04\/c3328331cbf0e00115b2e05581c61637@large-300x200.jpg","_links":{"self":[{"href":"https:\/\/koningdrone.be\/de\/wp-json\/wp\/v2\/product\/6875","targetHints":{"allow":["GET"]}}],"collection":[{"href":"https:\/\/koningdrone.be\/de\/wp-json\/wp\/v2\/product"}],"about":[{"href":"https:\/\/koningdrone.be\/de\/wp-json\/wp\/v2\/types\/product"}],"wp:featuredmedia":[{"embeddable":true,"href":"https:\/\/koningdrone.be\/de\/wp-json\/wp\/v2\/media\/6872"}],"wp:attachment":[{"href":"https:\/\/koningdrone.be\/de\/wp-json\/wp\/v2\/media?parent=6875"}],"wp:term":[{"taxonomy":"product_brand","embeddable":true,"href":"https:\/\/koningdrone.be\/de\/wp-json\/wp\/v2\/product_brand?post=6875"},{"taxonomy":"product_cat","embeddable":true,"href":"https:\/\/koningdrone.be\/de\/wp-json\/wp\/v2\/product_cat?post=6875"},{"taxonomy":"product_tag","embeddable":true,"href":"https:\/\/koningdrone.be\/de\/wp-json\/wp\/v2\/product_tag?post=6875"}],"curies":[{"name":"wp","href":"https:\/\/api.w.org\/{rel}","templated":true}]}}