{"id":6849,"date":"2021-01-26T14:12:15","date_gmt":"2021-01-26T13:12:15","guid":{"rendered":"https:\/\/koningdrone.nl\/kon\/product\/dji-rsc-2-pro-combo\/"},"modified":"2026-04-29T13:20:03","modified_gmt":"2026-04-29T11:20:03","slug":"dji-rsc-2-pro-combo","status":"publish","type":"product","link":"https:\/\/koningdrone.be\/de\/produkt\/dji-rsc-2-pro-combo\/","title":{"rendered":"DJI RSC 2 Pro Kombi"},"content":{"rendered":"<h1>DJI RSC 2 Kombi<\/h1>\n<p>Der DJI Ronin-SC wurde gegen\u00fcber seinem Vorg\u00e4nger, dem Ronin-S, in vielerlei Hinsicht verbessert. Dieser kleinere und leichtere 3-Achsen-Gimbal ist f\u00fcr die Verwendung mit Systemkameras mit einem Gewicht von bis zu 2 Kilogramm ausgelegt. Obwohl der Ronin-SC kleiner ist, bietet er eine beachtliche Anzahl an Funktionen, Designverbesserungen und Technologien in einem kompakten Design. Der Stabilisator bietet Stabilisierung, Schwenk-, Neige- und Drehkontrolle sowie 360-Grad-Dauerschwenk f\u00fcr stabile 3D\/360-Grad-Bewegungsbilder.<\/p>\n<p><strong>Leicht und kompakt<\/strong><br \/>Der Ronin-SC wurde f\u00fcr den Einsatz in praktisch jeder Situation entwickelt und er\u00f6ffnet Filmemachern und Content-Erstellern neue M\u00f6glichkeiten. Seine Konstruktion aus Magnesium und Aluminium in Verbindung mit hochfesten Verbundwerkstoffen sorgt f\u00fcr eine robuste Leistung bei einem Gewicht von nur 1,1 Kilogramm. Dank seines modularen Designs und des schnellen Aufbaus ist der Ronin-SC f\u00fcr den Einsatz in kleinen R\u00e4umen geeignet und leicht zu transportieren.<\/p>\n<p><strong>Gr\u00f6\u00dfere Kompatibilit\u00e4t<\/strong><br \/>Der Ronin-SC unterst\u00fctzt eine breite Palette von Kameras und Objektiven mit einem Gewicht von bis zu 2 Kilogramm. Die intuitiven und benutzerfreundlichen Bedienelemente f\u00fcr Ausl\u00f6ser und Fokus sind auch f\u00fcr die meisten Kameramarken verf\u00fcgbar.<\/p>\n<p><strong>Dynamische Stabilit\u00e4t<\/strong><br \/>Selbst in actiongeladenen Szenen sorgt der Ronin-SC f\u00fcr perfekt stabile Aufnahmen. Der Sportmodus verbessert die Empfindlichkeit f\u00fcr jede Achse unter Beibehaltung der Stabilisierung, sodass der Ronin-SC bei schnellen Verfolgungen, pl\u00f6tzlichen Bewegungen und sogar kompletten Richtungswechseln effektiver ist.<\/p>\n<p><strong>Ungehinderter Rollenachsenarm<\/strong><br \/>Das innovative Design des DJI Ronin-SC Stabilisators platziert die Kamera oberhalb der Rollachse, so dass das integrierte Display der Kamera frei von Hindernissen bleibt.<\/p>\n<p><strong>Unbegrenzte Pan-Achse<\/strong><br \/>Die Schwenkachse mit kontinuierlicher 360-Grad-Bewegung erm\u00f6glicht Ihnen anspruchsvolle und einzigartige Aufnahmen.<\/p>\n<p><strong>Einfache und bequeme Bedienung<\/strong><br \/>Die Tasten und der Ausl\u00f6ser sind f\u00fcr alle wichtigen Funktionen leicht zug\u00e4nglich. Der speziell geformte und rutschfeste Batteriegriff erleichtert l\u00e4ngeres Halten, sodass Sie den ganzen Tag \u00fcber Momente festhalten k\u00f6nnen.<\/p>\n<p><strong>Automatisierte Funktionen<\/strong><br \/>Der Ronin-SC bietet eine Reihe von fortschrittlichen Aufnahmefunktionen wie Panorama, Zeitraffer, Motionlapse und Bewegungskontrolle, um Ihrer Fantasie freien Lauf zu lassen.<\/p>\n<p><strong>ActiveTrack 3.0<\/strong><br \/>Dank der Active-Track-Technologie arbeiten ein \u00fcber der Kamera angebrachtes Smartphone, die Ronin-App und der Ronin-SC nahtlos zusammen, um eine gleichm\u00e4\u00dfige und pr\u00e4zise Gimbal-Bewegung zu erreichen, sodass Sie sich auf die Aufnahmen konzentrieren k\u00f6nnen, die Ihren Vorstellungen entsprechen.<\/p>\n<p><strong>Kraft Mobil<\/strong><br \/>DJI f\u00fchrt Force Mobile mit dem Ronin-SC ein, eine App-basierte Version des Force Pro Kamera-Bewegungssteuerungssystems. Durch das Neigen und Drehen Ihres Smartphones bewegen Sie den Gimbal mit extrem geringer Verz\u00f6gerung f\u00fcr fl\u00fcssige, ausdrucksstarke Aufnahmen.<\/p>\n<p><strong>Einfache Installation mit Sicherheitsfunktionen<\/strong><br \/>Die Verriegelung jeder Achse erm\u00f6glicht eine schnellere Lagerung und einen individuellen Achsenabgleich. Die Schnellwechselplatte enth\u00e4lt einen Positionierungsblock, der die perfekte Kameraposition f\u00fcr die sofortige Wiedermontage speichert. Im ausgeschalteten Zustand schalten die Motoren den Gimbal allm\u00e4hlich ab und sorgen so f\u00fcr Zuverl\u00e4ssigkeit und eine schnelle Einrichtung, egal wo Sie Ihre Aufnahmen machen.<\/p>","protected":false},"excerpt":{"rendered":"<ul>\n<li>Faltbares Design<\/li>\n<li>1.2kg Gewicht \/ 3kg getestete Nutzlast<\/li>\n<li>Schnelles Umschalten auf vertikale Aufzeichnung<\/li>\n<li>1 \" OLED-Bildschirm<\/li>\n<li>Maximal 14 Stunden Schnellladung der Akkus<\/li>\n<li>Titan-Algorithmus zur Tempostabilisierung<\/li>\n<li>Faltbares Design - faltbar, kompakt, erstaunlich<\/li>\n<\/ul>","protected":false},"featured_media":6845,"template":"","meta":{"_acf_changed":false},"product_brand":[],"product_cat":[315,410,97,265,1216],"product_tag":[],"class_list":{"0":"post-6849","1":"product","2":"type-product","3":"status-publish","4":"has-post-thumbnail","6":"product_cat-alle-gimbals-en-cameras","7":"product_cat-alle-handheld-gimbals","8":"product_cat-alle-producten","9":"product_cat-dji-ronin","10":"product_cat-dji-ronin-rsc-2","11":"product_shipping_class-outofstock","12":"pa_brand-dji","13":"pa_productfamily-gimbal","14":"pa_producttype-gimbal","15":"pa_series-ronin-rsc-2","17":"first","18":"outofstock","19":"taxable","20":"shipping-taxable","21":"product-type-simple"},"acf":[],"yoast_head":"<!-- This site is optimized with the Yoast SEO Premium plugin v27.2 (Yoast SEO v27.2) - https:\/\/yoast.com\/product\/yoast-seo-premium-wordpress\/ -->\n<title>DJI RSC 2 Pro Combo - koningdrone.be<\/title>\n<meta name=\"robots\" content=\"index, follow, max-snippet:-1, max-image-preview:large, max-video-preview:-1\" \/>\n<link rel=\"canonical\" href=\"https:\/\/koningdrone.be\/de\/produkt\/dji-rsc-2-pro-combo\/\" \/>\n<meta property=\"og:locale\" content=\"de_DE\" \/>\n<meta property=\"og:type\" content=\"article\" \/>\n<meta property=\"og:title\" content=\"DJI RSC 2 Pro Combo\" \/>\n<meta property=\"og:description\" content=\"Opvouwbaar ontwerp1.2kg Gewicht \/ 3kg Getest PayloadQuick Overschakelen naar verticale opnamen1 &#039;&#039; OLED-schermMax 14 uur Fast-Charge BatterijenTitan tempostabilisatiealgoritmeOpvouwbaar Design - Opvouwbaar, Compact, Verbazend\" \/>\n<meta property=\"og:url\" content=\"https:\/\/koningdrone.be\/de\/produkt\/dji-rsc-2-pro-combo\/\" \/>\n<meta property=\"og:site_name\" content=\"koningdrone.be\" \/>\n<meta property=\"article:modified_time\" content=\"2026-04-29T11:20:03+00:00\" \/>\n<meta property=\"og:image\" content=\"https:\/\/koningdrone.be\/wp-content\/uploads\/sites\/13\/2025\/04\/6941565903037-1.jpg\" \/>\n\t<meta property=\"og:image:width\" content=\"600\" \/>\n\t<meta property=\"og:image:height\" content=\"600\" \/>\n\t<meta property=\"og:image:type\" content=\"image\/jpeg\" \/>\n<meta name=\"twitter:card\" content=\"summary_large_image\" \/>\n<meta name=\"twitter:label1\" content=\"Gesch\u00e4tzte Lesezeit\" \/>\n\t<meta name=\"twitter:data1\" content=\"2\u00a0Minuten\" \/>\n<script type=\"application\/ld+json\" class=\"yoast-schema-graph\">{\"@context\":\"https:\/\/schema.org\",\"@graph\":[{\"@type\":\"WebPage\",\"@id\":\"https:\/\/koningdrone.be\/product\/dji-rsc-2-pro-combo\/\",\"url\":\"https:\/\/koningdrone.be\/product\/dji-rsc-2-pro-combo\/\",\"name\":\"DJI RSC 2 Pro Combo - koningdrone.be\",\"isPartOf\":{\"@id\":\"https:\/\/koningdrone.be\/#website\"},\"primaryImageOfPage\":{\"@id\":\"https:\/\/koningdrone.be\/product\/dji-rsc-2-pro-combo\/#primaryimage\"},\"image\":{\"@id\":\"https:\/\/koningdrone.be\/product\/dji-rsc-2-pro-combo\/#primaryimage\"},\"thumbnailUrl\":\"https:\/\/koningdrone.be\/wp-content\/uploads\/sites\/13\/2025\/04\/6941565903037-1.jpg\",\"datePublished\":\"2021-01-26T13:12:15+00:00\",\"dateModified\":\"2026-04-29T11:20:03+00:00\",\"breadcrumb\":{\"@id\":\"https:\/\/koningdrone.be\/product\/dji-rsc-2-pro-combo\/#breadcrumb\"},\"inLanguage\":\"de\",\"potentialAction\":[{\"@type\":\"ReadAction\",\"target\":[\"https:\/\/koningdrone.be\/product\/dji-rsc-2-pro-combo\/\"]}]},{\"@type\":\"ImageObject\",\"inLanguage\":\"de\",\"@id\":\"https:\/\/koningdrone.be\/product\/dji-rsc-2-pro-combo\/#primaryimage\",\"url\":\"https:\/\/koningdrone.be\/wp-content\/uploads\/sites\/13\/2025\/04\/6941565903037-1.jpg\",\"contentUrl\":\"https:\/\/koningdrone.be\/wp-content\/uploads\/sites\/13\/2025\/04\/6941565903037-1.jpg\",\"width\":600,\"height\":600},{\"@type\":\"BreadcrumbList\",\"@id\":\"https:\/\/koningdrone.be\/product\/dji-rsc-2-pro-combo\/#breadcrumb\",\"itemListElement\":[{\"@type\":\"ListItem\",\"position\":1,\"name\":\"Home\",\"item\":\"https:\/\/koningdrone.be\/\"},{\"@type\":\"ListItem\",\"position\":2,\"name\":\"AVSS Parachute Recovery System for DJI Matrice 300\/350\",\"item\":\"https:\/\/koningdrone.be\/product\/avss-parachute-recovery-system-for-dji-matrice-300-350\/\"},{\"@type\":\"ListItem\",\"position\":3,\"name\":\"Alle gimbals en cameras\",\"item\":\"https:\/\/koningdrone.be\/categorie\/alle-gimbals-en-cameras\/\"},{\"@type\":\"ListItem\",\"position\":4,\"name\":\"DJI RSC 2 Pro Combo\"}]},{\"@type\":\"WebSite\",\"@id\":\"https:\/\/koningdrone.be\/#website\",\"url\":\"https:\/\/koningdrone.be\/\",\"name\":\"Koningdrone.be - Uw online specialist in drones, gimbals, camera's en power stations.\",\"description\":\"De webshop in drones en gimbals\",\"publisher\":{\"@id\":\"https:\/\/koningdrone.be\/#organization\"},\"potentialAction\":[{\"@type\":\"SearchAction\",\"target\":{\"@type\":\"EntryPoint\",\"urlTemplate\":\"https:\/\/koningdrone.be\/?s={search_term_string}\"},\"query-input\":{\"@type\":\"PropertyValueSpecification\",\"valueRequired\":true,\"valueName\":\"search_term_string\"}}],\"inLanguage\":\"de\"},{\"@type\":\"Organization\",\"@id\":\"https:\/\/koningdrone.be\/#organization\",\"name\":\"Koningdrone.be\",\"url\":\"https:\/\/koningdrone.be\/\",\"logo\":{\"@type\":\"ImageObject\",\"inLanguage\":\"de\",\"@id\":\"https:\/\/koningdrone.be\/#\/schema\/logo\/image\/\",\"url\":\"https:\/\/koningdrone.be\/wp-content\/uploads\/sites\/13\/2025\/04\/koningdrone-copyright-logo.svg\",\"contentUrl\":\"https:\/\/koningdrone.be\/wp-content\/uploads\/sites\/13\/2025\/04\/koningdrone-copyright-logo.svg\",\"width\":227,\"height\":38,\"caption\":\"Koningdrone.be\"},\"image\":{\"@id\":\"https:\/\/koningdrone.be\/#\/schema\/logo\/image\/\"}}]}<\/script>\n<!-- \/ Yoast SEO Premium plugin. -->","yoast_head_json":{"title":"DJI RSC 2 Pro Combo - koningdrone.be","robots":{"index":"index","follow":"follow","max-snippet":"max-snippet:-1","max-image-preview":"max-image-preview:large","max-video-preview":"max-video-preview:-1"},"canonical":"https:\/\/koningdrone.be\/de\/produkt\/dji-rsc-2-pro-combo\/","og_locale":"de_DE","og_type":"article","og_title":"DJI RSC 2 Pro Combo","og_description":"Opvouwbaar ontwerp1.2kg Gewicht \/ 3kg Getest PayloadQuick Overschakelen naar verticale opnamen1 '' OLED-schermMax 14 uur Fast-Charge BatterijenTitan tempostabilisatiealgoritmeOpvouwbaar Design - Opvouwbaar, Compact, Verbazend","og_url":"https:\/\/koningdrone.be\/de\/produkt\/dji-rsc-2-pro-combo\/","og_site_name":"koningdrone.be","article_modified_time":"2026-04-29T11:20:03+00:00","og_image":[{"width":600,"height":600,"url":"https:\/\/koningdrone.be\/wp-content\/uploads\/sites\/13\/2025\/04\/6941565903037-1.jpg","type":"image\/jpeg"}],"twitter_card":"summary_large_image","twitter_misc":{"Gesch\u00e4tzte Lesezeit":"2\u00a0Minuten"},"schema":{"@context":"https:\/\/schema.org","@graph":[{"@type":"WebPage","@id":"https:\/\/koningdrone.be\/product\/dji-rsc-2-pro-combo\/","url":"https:\/\/koningdrone.be\/product\/dji-rsc-2-pro-combo\/","name":"DJI RSC 2 Pro Combo - koningdrone.be","isPartOf":{"@id":"https:\/\/koningdrone.be\/#website"},"primaryImageOfPage":{"@id":"https:\/\/koningdrone.be\/product\/dji-rsc-2-pro-combo\/#primaryimage"},"image":{"@id":"https:\/\/koningdrone.be\/product\/dji-rsc-2-pro-combo\/#primaryimage"},"thumbnailUrl":"https:\/\/koningdrone.be\/wp-content\/uploads\/sites\/13\/2025\/04\/6941565903037-1.jpg","datePublished":"2021-01-26T13:12:15+00:00","dateModified":"2026-04-29T11:20:03+00:00","breadcrumb":{"@id":"https:\/\/koningdrone.be\/product\/dji-rsc-2-pro-combo\/#breadcrumb"},"inLanguage":"de","potentialAction":[{"@type":"ReadAction","target":["https:\/\/koningdrone.be\/product\/dji-rsc-2-pro-combo\/"]}]},{"@type":"ImageObject","inLanguage":"de","@id":"https:\/\/koningdrone.be\/product\/dji-rsc-2-pro-combo\/#primaryimage","url":"https:\/\/koningdrone.be\/wp-content\/uploads\/sites\/13\/2025\/04\/6941565903037-1.jpg","contentUrl":"https:\/\/koningdrone.be\/wp-content\/uploads\/sites\/13\/2025\/04\/6941565903037-1.jpg","width":600,"height":600},{"@type":"BreadcrumbList","@id":"https:\/\/koningdrone.be\/product\/dji-rsc-2-pro-combo\/#breadcrumb","itemListElement":[{"@type":"ListItem","position":1,"name":"Home","item":"https:\/\/koningdrone.be\/"},{"@type":"ListItem","position":2,"name":"AVSS Parachute Recovery System for DJI Matrice 300\/350","item":"https:\/\/koningdrone.be\/product\/avss-parachute-recovery-system-for-dji-matrice-300-350\/"},{"@type":"ListItem","position":3,"name":"Alle gimbals en cameras","item":"https:\/\/koningdrone.be\/categorie\/alle-gimbals-en-cameras\/"},{"@type":"ListItem","position":4,"name":"DJI RSC 2 Pro Combo"}]},{"@type":"WebSite","@id":"https:\/\/koningdrone.be\/#website","url":"https:\/\/koningdrone.be\/","name":"Koningdrone.be - Ihr Online-Spezialist f\u00fcr Drohnen, Gimbals, Kameras und Kraftwerke.","description":"Der Webshop f\u00fcr Drohnen und Gimbals","publisher":{"@id":"https:\/\/koningdrone.be\/#organization"},"potentialAction":[{"@type":"SearchAction","target":{"@type":"EntryPoint","urlTemplate":"https:\/\/koningdrone.be\/?s={search_term_string}"},"query-input":{"@type":"PropertyValueSpecification","valueRequired":true,"valueName":"search_term_string"}}],"inLanguage":"de"},{"@type":"Organization","@id":"https:\/\/koningdrone.be\/#organization","name":"Kingdrone.de","url":"https:\/\/koningdrone.be\/","logo":{"@type":"ImageObject","inLanguage":"de","@id":"https:\/\/koningdrone.be\/#\/schema\/logo\/image\/","url":"https:\/\/koningdrone.be\/wp-content\/uploads\/sites\/13\/2025\/04\/koningdrone-copyright-logo.svg","contentUrl":"https:\/\/koningdrone.be\/wp-content\/uploads\/sites\/13\/2025\/04\/koningdrone-copyright-logo.svg","width":227,"height":38,"caption":"Koningdrone.be"},"image":{"@id":"https:\/\/koningdrone.be\/#\/schema\/logo\/image\/"}}]}},"df_price":"","df_sale_price":"","df_regular_price":"","df_image_link":"https:\/\/koningdrone.be\/wp-content\/uploads\/sites\/13\/2025\/04\/6941565903037-1-300x300.jpg","_links":{"self":[{"href":"https:\/\/koningdrone.be\/de\/wp-json\/wp\/v2\/product\/6849","targetHints":{"allow":["GET"]}}],"collection":[{"href":"https:\/\/koningdrone.be\/de\/wp-json\/wp\/v2\/product"}],"about":[{"href":"https:\/\/koningdrone.be\/de\/wp-json\/wp\/v2\/types\/product"}],"wp:featuredmedia":[{"embeddable":true,"href":"https:\/\/koningdrone.be\/de\/wp-json\/wp\/v2\/media\/6845"}],"wp:attachment":[{"href":"https:\/\/koningdrone.be\/de\/wp-json\/wp\/v2\/media?parent=6849"}],"wp:term":[{"taxonomy":"product_brand","embeddable":true,"href":"https:\/\/koningdrone.be\/de\/wp-json\/wp\/v2\/product_brand?post=6849"},{"taxonomy":"product_cat","embeddable":true,"href":"https:\/\/koningdrone.be\/de\/wp-json\/wp\/v2\/product_cat?post=6849"},{"taxonomy":"product_tag","embeddable":true,"href":"https:\/\/koningdrone.be\/de\/wp-json\/wp\/v2\/product_tag?post=6849"}],"curies":[{"name":"wp","href":"https:\/\/api.w.org\/{rel}","templated":true}]}}