{"id":6821,"date":"2021-03-21T10:54:31","date_gmt":"2021-03-21T09:54:31","guid":{"rendered":"https:\/\/koningdrone.nl\/kon\/product\/dji-fpv-combo\/"},"modified":"2026-04-29T13:20:35","modified_gmt":"2026-04-29T11:20:35","slug":"dji-fpv-combo","status":"publish","type":"product","link":"https:\/\/koningdrone.be\/de\/produkt\/dji-fpv-combo\/","title":{"rendered":"DJI FPV Kombi"},"content":{"rendered":"<p><strong>DJI FPV Combo: Fliegen auf eine neue Art erleben<\/strong><br \/>\nErforschen Sie den Himmel mit der DJI FPV Combo und erleben Sie das Fliegen wie nie zuvor. Diese Drohne bietet nicht nur ein immersives Flugerlebnis mit intuitiver Steuerung, sondern ist auch mit fortschrittlichen Funktionen wie 4K\/60fps Video, HD-\u00dcbertragung mit niedriger Latenz und einer Notbrems- und Peitschenfunktion f\u00fcr die Sicherheit ausgestattet. <\/p>\n<ul>\n<li>Immersives Flugerlebnis mit DJI FPV Goggles V2<\/li>\n<li>4K \/ 60fps Video f\u00fcr scharfe, detaillierte Bilder<\/li>\n<li>Intuitive Bewegungssteuerung f\u00fcr nat\u00fcrliche Flugbewegungen<\/li>\n<li>Notbremse und Peitschenfunktion f\u00fcr mehr Sicherheit<\/li>\n<\/ul>\n<p><\/p>\n<p><strong>Optimiert f\u00fcr Leistung und Sicherheit<\/strong><br \/>\nDer DJI FPV besticht durch seine schlanke, aerodynamische Form und seinen leistungsstarken Antrieb, der ihn sowohl leistungsf\u00e4hig als auch optisch beeindruckend macht. Sicherheitsfunktionen wie die Hinderniserkennung und ADS-B sorgen f\u00fcr einen zuverl\u00e4ssigen und sicheren Flug. Genie\u00dfen Sie eine stabile Video\u00fcbertragung dank OcuSync 3.0, das automatisch zwischen den Frequenzen 2,4 und 5,8 GHz umschaltet.<\/p>\n<ul>\n<li>Automatische Frequenzumschaltung f\u00fcr eine stabile Verbindung<\/li>\n<li>Hinderniserkennung und ADS-B f\u00fcr die Sicherheit<\/li>\n<li>Modulare Teile und DJI Care Refresh f\u00fcr einfache Wartung<\/li>\n<\/ul>\n<p>\nMit der DJI FPV Combo, die sofort einsatzbereit ist, k\u00f6nnen Sie sich in die L\u00fcfte erheben und die Welt aus einer neuen Perspektive erkunden.<\/p>","protected":false},"excerpt":{"rendered":"<ul>\n<li> Das DJI FPV System Combo Kit beinhaltet nicht nur eine Hochgeschwindigkeitsdrohne mit einer exzellenten Kamera, eine FPV-Brille der n\u00e4chsten Generation, sondern auch zus\u00e4tzliche Ausr\u00fcstung. Vorteile von DJI FPV:<\/li>\n<li>Leistungsstarkes Kraftwerk.<\/li>\n<li>Neues O3-Daten\u00fcbertragungssystem (OcuSync 3.0).<\/li>\n<li>Hochwertige Foto- und Videoaufnahmen.<\/li>\n<li>Fortschrittliches Sicherheitssystem, das nicht nur erfahrene Piloten, sondern auch Anf\u00e4nger \u00fcberraschen wird.<\/li>\n<li>Unglaubliche Piloten und Stunts in der Luft, ohne Kompromisse bei den Dreharbeiten einzugehen.<\/li>\n<\/ul>","protected":false},"featured_media":6813,"template":"","meta":{"_acf_changed":false},"product_brand":[],"product_cat":[175,135,97,136,719,1283,99],"product_tag":[],"class_list":{"0":"post-6821","1":"product","2":"type-product","3":"status-publish","4":"has-post-thumbnail","6":"product_cat-alle-care-refresh","7":"product_cat-alle-drones","8":"product_cat-alle-producten","9":"product_cat-consumer-drones","10":"product_cat-dji-fpv","11":"product_cat-drone-of-camera-huren","12":"product_cat-drones-met-certificaat","13":"product_shipping_class-outofstock","14":"pa_brand-dji","15":"pa_dronegrade-consumer","16":"pa_productfamily-drone","17":"pa_producttype-drone","18":"pa_series-fpv","19":"pa_vliegbewijs-a1-a3-en-a2","21":"first","22":"outofstock","23":"taxable","24":"shipping-taxable","25":"product-type-simple"},"acf":[],"yoast_head":"<!-- This site is optimized with the Yoast SEO Premium plugin v27.2 (Yoast SEO v27.2) - https:\/\/yoast.com\/product\/yoast-seo-premium-wordpress\/ -->\n<title>DJI FPV Combo - koningdrone.be<\/title>\n<meta name=\"robots\" content=\"index, follow, max-snippet:-1, max-image-preview:large, max-video-preview:-1\" \/>\n<link rel=\"canonical\" href=\"https:\/\/koningdrone.be\/de\/produkt\/dji-fpv-combo\/\" \/>\n<meta property=\"og:locale\" content=\"de_DE\" \/>\n<meta property=\"og:type\" content=\"article\" \/>\n<meta property=\"og:title\" content=\"DJI FPV Combo\" \/>\n<meta property=\"og:description\" content=\"DJI FPV-systeemcombo-kit bevat niet alleen een snelle drone met een uitstekende camera, een FPV-bril van de volgende generatie, maar ook extra apparatuur. Voordelen van DJI FPV:Krachtige energiecentrale.Nieuw O3-datatransmissiesysteem (OcuSync 3.0).Hoge kwaliteit foto- en video-opnamen.Geavanceerd veiligheidssysteem dat niet alleen ervaren piloten zal verrassen, maar ook beginners.Ongelooflijke piloten en luchtstunts zonder in te boeten aan schieten.\" \/>\n<meta property=\"og:url\" content=\"https:\/\/koningdrone.be\/de\/produkt\/dji-fpv-combo\/\" \/>\n<meta property=\"og:site_name\" content=\"koningdrone.be\" \/>\n<meta property=\"article:modified_time\" content=\"2026-04-29T11:20:35+00:00\" \/>\n<meta property=\"og:image\" content=\"https:\/\/koningdrone.be\/wp-content\/uploads\/sites\/13\/2025\/04\/6941565903860-1.jpg\" \/>\n\t<meta property=\"og:image:width\" content=\"510\" \/>\n\t<meta property=\"og:image:height\" content=\"510\" \/>\n\t<meta property=\"og:image:type\" content=\"image\/jpeg\" \/>\n<meta name=\"twitter:card\" content=\"summary_large_image\" \/>\n<meta name=\"twitter:label1\" content=\"Gesch\u00e4tzte Lesezeit\" \/>\n\t<meta name=\"twitter:data1\" content=\"1\u00a0Minute\" \/>\n<script type=\"application\/ld+json\" class=\"yoast-schema-graph\">{\"@context\":\"https:\/\/schema.org\",\"@graph\":[{\"@type\":\"WebPage\",\"@id\":\"https:\/\/koningdrone.be\/product\/dji-fpv-combo\/\",\"url\":\"https:\/\/koningdrone.be\/product\/dji-fpv-combo\/\",\"name\":\"DJI FPV Combo - koningdrone.be\",\"isPartOf\":{\"@id\":\"https:\/\/koningdrone.be\/#website\"},\"primaryImageOfPage\":{\"@id\":\"https:\/\/koningdrone.be\/product\/dji-fpv-combo\/#primaryimage\"},\"image\":{\"@id\":\"https:\/\/koningdrone.be\/product\/dji-fpv-combo\/#primaryimage\"},\"thumbnailUrl\":\"https:\/\/koningdrone.be\/wp-content\/uploads\/sites\/13\/2025\/04\/6941565903860-1.jpg\",\"datePublished\":\"2021-03-21T09:54:31+00:00\",\"dateModified\":\"2026-04-29T11:20:35+00:00\",\"breadcrumb\":{\"@id\":\"https:\/\/koningdrone.be\/product\/dji-fpv-combo\/#breadcrumb\"},\"inLanguage\":\"de\",\"potentialAction\":[{\"@type\":\"ReadAction\",\"target\":[\"https:\/\/koningdrone.be\/product\/dji-fpv-combo\/\"]}]},{\"@type\":\"ImageObject\",\"inLanguage\":\"de\",\"@id\":\"https:\/\/koningdrone.be\/product\/dji-fpv-combo\/#primaryimage\",\"url\":\"https:\/\/koningdrone.be\/wp-content\/uploads\/sites\/13\/2025\/04\/6941565903860-1.jpg\",\"contentUrl\":\"https:\/\/koningdrone.be\/wp-content\/uploads\/sites\/13\/2025\/04\/6941565903860-1.jpg\",\"width\":510,\"height\":510},{\"@type\":\"BreadcrumbList\",\"@id\":\"https:\/\/koningdrone.be\/product\/dji-fpv-combo\/#breadcrumb\",\"itemListElement\":[{\"@type\":\"ListItem\",\"position\":1,\"name\":\"Home\",\"item\":\"https:\/\/koningdrone.be\/\"},{\"@type\":\"ListItem\",\"position\":2,\"name\":\"AVSS Parachute Recovery System for DJI Matrice 300\/350\",\"item\":\"https:\/\/koningdrone.be\/product\/avss-parachute-recovery-system-for-dji-matrice-300-350\/\"},{\"@type\":\"ListItem\",\"position\":3,\"name\":\"Alle care refresh\",\"item\":\"https:\/\/koningdrone.be\/categorie\/alle-care-refresh\/\"},{\"@type\":\"ListItem\",\"position\":4,\"name\":\"DJI FPV Combo\"}]},{\"@type\":\"WebSite\",\"@id\":\"https:\/\/koningdrone.be\/#website\",\"url\":\"https:\/\/koningdrone.be\/\",\"name\":\"Koningdrone.be - Uw online specialist in drones, gimbals, camera's en power stations.\",\"description\":\"De webshop in drones en gimbals\",\"publisher\":{\"@id\":\"https:\/\/koningdrone.be\/#organization\"},\"potentialAction\":[{\"@type\":\"SearchAction\",\"target\":{\"@type\":\"EntryPoint\",\"urlTemplate\":\"https:\/\/koningdrone.be\/?s={search_term_string}\"},\"query-input\":{\"@type\":\"PropertyValueSpecification\",\"valueRequired\":true,\"valueName\":\"search_term_string\"}}],\"inLanguage\":\"de\"},{\"@type\":\"Organization\",\"@id\":\"https:\/\/koningdrone.be\/#organization\",\"name\":\"Koningdrone.be\",\"url\":\"https:\/\/koningdrone.be\/\",\"logo\":{\"@type\":\"ImageObject\",\"inLanguage\":\"de\",\"@id\":\"https:\/\/koningdrone.be\/#\/schema\/logo\/image\/\",\"url\":\"https:\/\/koningdrone.be\/wp-content\/uploads\/sites\/13\/2025\/04\/koningdrone-copyright-logo.svg\",\"contentUrl\":\"https:\/\/koningdrone.be\/wp-content\/uploads\/sites\/13\/2025\/04\/koningdrone-copyright-logo.svg\",\"width\":227,\"height\":38,\"caption\":\"Koningdrone.be\"},\"image\":{\"@id\":\"https:\/\/koningdrone.be\/#\/schema\/logo\/image\/\"}}]}<\/script>\n<!-- \/ Yoast SEO Premium plugin. -->","yoast_head_json":{"title":"DJI FPV Combo - koningdrone.be","robots":{"index":"index","follow":"follow","max-snippet":"max-snippet:-1","max-image-preview":"max-image-preview:large","max-video-preview":"max-video-preview:-1"},"canonical":"https:\/\/koningdrone.be\/de\/produkt\/dji-fpv-combo\/","og_locale":"de_DE","og_type":"article","og_title":"DJI FPV Combo","og_description":"DJI FPV-systeemcombo-kit bevat niet alleen een snelle drone met een uitstekende camera, een FPV-bril van de volgende generatie, maar ook extra apparatuur. Voordelen van DJI FPV:Krachtige energiecentrale.Nieuw O3-datatransmissiesysteem (OcuSync 3.0).Hoge kwaliteit foto- en video-opnamen.Geavanceerd veiligheidssysteem dat niet alleen ervaren piloten zal verrassen, maar ook beginners.Ongelooflijke piloten en luchtstunts zonder in te boeten aan schieten.","og_url":"https:\/\/koningdrone.be\/de\/produkt\/dji-fpv-combo\/","og_site_name":"koningdrone.be","article_modified_time":"2026-04-29T11:20:35+00:00","og_image":[{"width":510,"height":510,"url":"https:\/\/koningdrone.be\/wp-content\/uploads\/sites\/13\/2025\/04\/6941565903860-1.jpg","type":"image\/jpeg"}],"twitter_card":"summary_large_image","twitter_misc":{"Gesch\u00e4tzte Lesezeit":"1\u00a0Minute"},"schema":{"@context":"https:\/\/schema.org","@graph":[{"@type":"WebPage","@id":"https:\/\/koningdrone.be\/product\/dji-fpv-combo\/","url":"https:\/\/koningdrone.be\/product\/dji-fpv-combo\/","name":"DJI FPV Combo - koningdrone.be","isPartOf":{"@id":"https:\/\/koningdrone.be\/#website"},"primaryImageOfPage":{"@id":"https:\/\/koningdrone.be\/product\/dji-fpv-combo\/#primaryimage"},"image":{"@id":"https:\/\/koningdrone.be\/product\/dji-fpv-combo\/#primaryimage"},"thumbnailUrl":"https:\/\/koningdrone.be\/wp-content\/uploads\/sites\/13\/2025\/04\/6941565903860-1.jpg","datePublished":"2021-03-21T09:54:31+00:00","dateModified":"2026-04-29T11:20:35+00:00","breadcrumb":{"@id":"https:\/\/koningdrone.be\/product\/dji-fpv-combo\/#breadcrumb"},"inLanguage":"de","potentialAction":[{"@type":"ReadAction","target":["https:\/\/koningdrone.be\/product\/dji-fpv-combo\/"]}]},{"@type":"ImageObject","inLanguage":"de","@id":"https:\/\/koningdrone.be\/product\/dji-fpv-combo\/#primaryimage","url":"https:\/\/koningdrone.be\/wp-content\/uploads\/sites\/13\/2025\/04\/6941565903860-1.jpg","contentUrl":"https:\/\/koningdrone.be\/wp-content\/uploads\/sites\/13\/2025\/04\/6941565903860-1.jpg","width":510,"height":510},{"@type":"BreadcrumbList","@id":"https:\/\/koningdrone.be\/product\/dji-fpv-combo\/#breadcrumb","itemListElement":[{"@type":"ListItem","position":1,"name":"Home","item":"https:\/\/koningdrone.be\/"},{"@type":"ListItem","position":2,"name":"AVSS Parachute Recovery System for DJI Matrice 300\/350","item":"https:\/\/koningdrone.be\/product\/avss-parachute-recovery-system-for-dji-matrice-300-350\/"},{"@type":"ListItem","position":3,"name":"Alle care refresh","item":"https:\/\/koningdrone.be\/categorie\/alle-care-refresh\/"},{"@type":"ListItem","position":4,"name":"DJI FPV Combo"}]},{"@type":"WebSite","@id":"https:\/\/koningdrone.be\/#website","url":"https:\/\/koningdrone.be\/","name":"Koningdrone.be - Ihr Online-Spezialist f\u00fcr Drohnen, Gimbals, Kameras und Kraftwerke.","description":"Der Webshop f\u00fcr Drohnen und Gimbals","publisher":{"@id":"https:\/\/koningdrone.be\/#organization"},"potentialAction":[{"@type":"SearchAction","target":{"@type":"EntryPoint","urlTemplate":"https:\/\/koningdrone.be\/?s={search_term_string}"},"query-input":{"@type":"PropertyValueSpecification","valueRequired":true,"valueName":"search_term_string"}}],"inLanguage":"de"},{"@type":"Organization","@id":"https:\/\/koningdrone.be\/#organization","name":"Kingdrone.de","url":"https:\/\/koningdrone.be\/","logo":{"@type":"ImageObject","inLanguage":"de","@id":"https:\/\/koningdrone.be\/#\/schema\/logo\/image\/","url":"https:\/\/koningdrone.be\/wp-content\/uploads\/sites\/13\/2025\/04\/koningdrone-copyright-logo.svg","contentUrl":"https:\/\/koningdrone.be\/wp-content\/uploads\/sites\/13\/2025\/04\/koningdrone-copyright-logo.svg","width":227,"height":38,"caption":"Koningdrone.be"},"image":{"@id":"https:\/\/koningdrone.be\/#\/schema\/logo\/image\/"}}]}},"df_price":"","df_sale_price":"","df_regular_price":"","df_image_link":"https:\/\/koningdrone.be\/wp-content\/uploads\/sites\/13\/2025\/04\/6941565903860-1-300x300.jpg","_links":{"self":[{"href":"https:\/\/koningdrone.be\/de\/wp-json\/wp\/v2\/product\/6821","targetHints":{"allow":["GET"]}}],"collection":[{"href":"https:\/\/koningdrone.be\/de\/wp-json\/wp\/v2\/product"}],"about":[{"href":"https:\/\/koningdrone.be\/de\/wp-json\/wp\/v2\/types\/product"}],"wp:featuredmedia":[{"embeddable":true,"href":"https:\/\/koningdrone.be\/de\/wp-json\/wp\/v2\/media\/6813"}],"wp:attachment":[{"href":"https:\/\/koningdrone.be\/de\/wp-json\/wp\/v2\/media?parent=6821"}],"wp:term":[{"taxonomy":"product_brand","embeddable":true,"href":"https:\/\/koningdrone.be\/de\/wp-json\/wp\/v2\/product_brand?post=6821"},{"taxonomy":"product_cat","embeddable":true,"href":"https:\/\/koningdrone.be\/de\/wp-json\/wp\/v2\/product_cat?post=6821"},{"taxonomy":"product_tag","embeddable":true,"href":"https:\/\/koningdrone.be\/de\/wp-json\/wp\/v2\/product_tag?post=6821"}],"curies":[{"name":"wp","href":"https:\/\/api.w.org\/{rel}","templated":true}]}}