{"id":6781,"date":"2021-03-21T10:54:31","date_gmt":"2021-03-21T09:54:31","guid":{"rendered":"https:\/\/koningdrone.nl\/kon\/product\/dji-fpv-intelligente-vluchtbatterij\/"},"modified":"2026-04-29T15:40:25","modified_gmt":"2026-04-29T13:40:25","slug":"dji-fpv-intelligente-vluchtbatterij","status":"publish","type":"product","link":"https:\/\/koningdrone.be\/de\/produkt\/dji-fpv-intelligente-vluchtbatterij\/","title":{"rendered":"DJI FPV Intelligenter Flug Akku"},"content":{"rendered":"<p><strong>Hohe Energieausbeute<\/strong><\/p>\n<p> Jeder Akku liefert eine robuste Ausgangsleistung von 44,4 Wattstunden und erm\u00f6glicht so l\u00e4ngere Flugzeiten von bis zu 20 Minuten. Mit dieser hohen Energieleistung k\u00f6nnen die Nutzer ihre Flugsessions maximieren, umfangreiche Luftaufnahmen machen oder einfach l\u00e4ngere Flugzeiten genie\u00dfen, ohne den Akku regelm\u00e4\u00dfig wechseln zu m\u00fcssen.<\/p>\n<p><strong>Fortschrittliches Intelligenzsystem<\/strong><\/p>\n<p> Ausgestattet mit einem fortschrittlichen intelligenten System, bietet diese Batterie eine Echtzeit\u00fcberwachung ihres Zustands. Diese Technologie gew\u00e4hrleistet nicht nur sicherere Fl\u00fcge, indem sie potenzielle Probleme verhindert, bevor sie auftreten, sondern verbessert auch die Zuverl\u00e4ssigkeit des Akkus. Sie gibt sowohl Anf\u00e4ngern als auch erfahrenen Piloten die Gewissheit, dass die Leistung des Akkus zu jeder Zeit genau \u00fcberwacht wird.<\/p>\n<p><\/p>","protected":false},"excerpt":{"rendered":"<ul>\n<li>Nennkapazit\u00e4t bis zu 44,4 Wh.<\/li>\n<li> Unterst\u00fctzt Fl\u00fcge bis zu einer Dauer von etwa 20 Minuten.<\/li>\n<li> Eingebautes intelligentes Batteriemanagementsystem.<\/li>\n<li> \u00dcberwacht den Batteriestatus in Echtzeit.<\/li>\n<li> Sorgt f\u00fcr ein unbeschwerteres Flugerlebnis.<\/li>\n<\/ul>","protected":false},"featured_media":6778,"template":"","meta":{"_acf_changed":false},"product_brand":[],"product_cat":[113,97,719],"product_tag":[],"class_list":{"0":"post-6781","1":"product","2":"type-product","3":"status-publish","4":"has-post-thumbnail","6":"product_cat-alle-batterijen","7":"product_cat-alle-producten","8":"product_cat-dji-fpv","9":"product_shipping_class-outofstock","10":"pa_brand-dji","11":"pa_productfamily-batterij","12":"pa_producttype-batterij","13":"pa_series-fpv","15":"first","16":"outofstock","17":"taxable","18":"shipping-taxable","19":"purchasable","20":"product-type-simple"},"acf":[],"yoast_head":"<!-- This site is optimized with the Yoast SEO Premium plugin v27.2 (Yoast SEO v27.2) - https:\/\/yoast.com\/product\/yoast-seo-premium-wordpress\/ -->\n<title>DJI FPV Intelligent Flight Battery - koningdrone.be<\/title>\n<meta name=\"robots\" content=\"index, follow, max-snippet:-1, max-image-preview:large, max-video-preview:-1\" \/>\n<link rel=\"canonical\" href=\"https:\/\/koningdrone.be\/de\/produkt\/dji-fpv-intelligente-vluchtbatterij\/\" \/>\n<meta property=\"og:locale\" content=\"de_DE\" \/>\n<meta property=\"og:type\" content=\"article\" \/>\n<meta property=\"og:title\" content=\"DJI FPV Intelligent Flight Battery\" \/>\n<meta property=\"og:description\" content=\"Nominale capaciteit tot 44,4 Wh. Ondersteunt vluchten tot ongeveer 20 minuten. Ingebouwd intelligent batterijbeheersysteem. Bewaakt de batterijstatus in realtime. Zorgt voor een zorgelozere vliegervaring.\" \/>\n<meta property=\"og:url\" content=\"https:\/\/koningdrone.be\/de\/produkt\/dji-fpv-intelligente-vluchtbatterij\/\" \/>\n<meta property=\"og:site_name\" content=\"koningdrone.be\" \/>\n<meta property=\"article:modified_time\" content=\"2026-04-29T13:40:25+00:00\" \/>\n<meta property=\"og:image\" content=\"https:\/\/koningdrone.be\/wp-content\/uploads\/sites\/13\/2025\/04\/50ab321e2b738d5d8e6d6cecad41717d@large.jpg\" \/>\n\t<meta property=\"og:image:width\" content=\"1200\" \/>\n\t<meta property=\"og:image:height\" content=\"800\" \/>\n\t<meta property=\"og:image:type\" content=\"image\/jpeg\" \/>\n<meta name=\"twitter:card\" content=\"summary_large_image\" \/>\n<meta name=\"twitter:label1\" content=\"Gesch\u00e4tzte Lesezeit\" \/>\n\t<meta name=\"twitter:data1\" content=\"1\u00a0Minute\" \/>\n<script type=\"application\/ld+json\" class=\"yoast-schema-graph\">{\"@context\":\"https:\/\/schema.org\",\"@graph\":[{\"@type\":\"WebPage\",\"@id\":\"https:\/\/koningdrone.be\/product\/dji-fpv-intelligente-vluchtbatterij\/\",\"url\":\"https:\/\/koningdrone.be\/product\/dji-fpv-intelligente-vluchtbatterij\/\",\"name\":\"DJI FPV Intelligent Flight Battery - koningdrone.be\",\"isPartOf\":{\"@id\":\"https:\/\/koningdrone.be\/#website\"},\"primaryImageOfPage\":{\"@id\":\"https:\/\/koningdrone.be\/product\/dji-fpv-intelligente-vluchtbatterij\/#primaryimage\"},\"image\":{\"@id\":\"https:\/\/koningdrone.be\/product\/dji-fpv-intelligente-vluchtbatterij\/#primaryimage\"},\"thumbnailUrl\":\"https:\/\/koningdrone.be\/wp-content\/uploads\/sites\/13\/2025\/04\/50ab321e2b738d5d8e6d6cecad41717d@large.jpg\",\"datePublished\":\"2021-03-21T09:54:31+00:00\",\"dateModified\":\"2026-04-29T13:40:25+00:00\",\"breadcrumb\":{\"@id\":\"https:\/\/koningdrone.be\/product\/dji-fpv-intelligente-vluchtbatterij\/#breadcrumb\"},\"inLanguage\":\"de\",\"potentialAction\":[{\"@type\":\"ReadAction\",\"target\":[\"https:\/\/koningdrone.be\/product\/dji-fpv-intelligente-vluchtbatterij\/\"]}]},{\"@type\":\"ImageObject\",\"inLanguage\":\"de\",\"@id\":\"https:\/\/koningdrone.be\/product\/dji-fpv-intelligente-vluchtbatterij\/#primaryimage\",\"url\":\"https:\/\/koningdrone.be\/wp-content\/uploads\/sites\/13\/2025\/04\/50ab321e2b738d5d8e6d6cecad41717d@large.jpg\",\"contentUrl\":\"https:\/\/koningdrone.be\/wp-content\/uploads\/sites\/13\/2025\/04\/50ab321e2b738d5d8e6d6cecad41717d@large.jpg\",\"width\":1200,\"height\":800},{\"@type\":\"BreadcrumbList\",\"@id\":\"https:\/\/koningdrone.be\/product\/dji-fpv-intelligente-vluchtbatterij\/#breadcrumb\",\"itemListElement\":[{\"@type\":\"ListItem\",\"position\":1,\"name\":\"Home\",\"item\":\"https:\/\/koningdrone.be\/\"},{\"@type\":\"ListItem\",\"position\":2,\"name\":\"AVSS Parachute Recovery System for DJI Matrice 300\/350\",\"item\":\"https:\/\/koningdrone.be\/product\/avss-parachute-recovery-system-for-dji-matrice-300-350\/\"},{\"@type\":\"ListItem\",\"position\":3,\"name\":\"Alle batterijen\",\"item\":\"https:\/\/koningdrone.be\/categorie\/alle-batterijen\/\"},{\"@type\":\"ListItem\",\"position\":4,\"name\":\"DJI FPV Intelligent Flight Battery\"}]},{\"@type\":\"WebSite\",\"@id\":\"https:\/\/koningdrone.be\/#website\",\"url\":\"https:\/\/koningdrone.be\/\",\"name\":\"Koningdrone.be - Uw online specialist in drones, gimbals, camera's en power stations.\",\"description\":\"De webshop in drones en gimbals\",\"publisher\":{\"@id\":\"https:\/\/koningdrone.be\/#organization\"},\"potentialAction\":[{\"@type\":\"SearchAction\",\"target\":{\"@type\":\"EntryPoint\",\"urlTemplate\":\"https:\/\/koningdrone.be\/?s={search_term_string}\"},\"query-input\":{\"@type\":\"PropertyValueSpecification\",\"valueRequired\":true,\"valueName\":\"search_term_string\"}}],\"inLanguage\":\"de\"},{\"@type\":\"Organization\",\"@id\":\"https:\/\/koningdrone.be\/#organization\",\"name\":\"Koningdrone.be\",\"url\":\"https:\/\/koningdrone.be\/\",\"logo\":{\"@type\":\"ImageObject\",\"inLanguage\":\"de\",\"@id\":\"https:\/\/koningdrone.be\/#\/schema\/logo\/image\/\",\"url\":\"https:\/\/koningdrone.be\/wp-content\/uploads\/sites\/13\/2025\/04\/koningdrone-copyright-logo.svg\",\"contentUrl\":\"https:\/\/koningdrone.be\/wp-content\/uploads\/sites\/13\/2025\/04\/koningdrone-copyright-logo.svg\",\"width\":227,\"height\":38,\"caption\":\"Koningdrone.be\"},\"image\":{\"@id\":\"https:\/\/koningdrone.be\/#\/schema\/logo\/image\/\"}}]}<\/script>\n<!-- \/ Yoast SEO Premium plugin. -->","yoast_head_json":{"title":"DJI FPV Intelligent Flight Battery - koningdrone.be","robots":{"index":"index","follow":"follow","max-snippet":"max-snippet:-1","max-image-preview":"max-image-preview:large","max-video-preview":"max-video-preview:-1"},"canonical":"https:\/\/koningdrone.be\/de\/produkt\/dji-fpv-intelligente-vluchtbatterij\/","og_locale":"de_DE","og_type":"article","og_title":"DJI FPV Intelligent Flight Battery","og_description":"Nominale capaciteit tot 44,4 Wh. Ondersteunt vluchten tot ongeveer 20 minuten. Ingebouwd intelligent batterijbeheersysteem. Bewaakt de batterijstatus in realtime. Zorgt voor een zorgelozere vliegervaring.","og_url":"https:\/\/koningdrone.be\/de\/produkt\/dji-fpv-intelligente-vluchtbatterij\/","og_site_name":"koningdrone.be","article_modified_time":"2026-04-29T13:40:25+00:00","og_image":[{"width":1200,"height":800,"url":"https:\/\/koningdrone.be\/wp-content\/uploads\/sites\/13\/2025\/04\/50ab321e2b738d5d8e6d6cecad41717d@large.jpg","type":"image\/jpeg"}],"twitter_card":"summary_large_image","twitter_misc":{"Gesch\u00e4tzte Lesezeit":"1\u00a0Minute"},"schema":{"@context":"https:\/\/schema.org","@graph":[{"@type":"WebPage","@id":"https:\/\/koningdrone.be\/product\/dji-fpv-intelligente-vluchtbatterij\/","url":"https:\/\/koningdrone.be\/product\/dji-fpv-intelligente-vluchtbatterij\/","name":"DJI FPV Intelligent Flight Battery - koningdrone.be","isPartOf":{"@id":"https:\/\/koningdrone.be\/#website"},"primaryImageOfPage":{"@id":"https:\/\/koningdrone.be\/product\/dji-fpv-intelligente-vluchtbatterij\/#primaryimage"},"image":{"@id":"https:\/\/koningdrone.be\/product\/dji-fpv-intelligente-vluchtbatterij\/#primaryimage"},"thumbnailUrl":"https:\/\/koningdrone.be\/wp-content\/uploads\/sites\/13\/2025\/04\/50ab321e2b738d5d8e6d6cecad41717d@large.jpg","datePublished":"2021-03-21T09:54:31+00:00","dateModified":"2026-04-29T13:40:25+00:00","breadcrumb":{"@id":"https:\/\/koningdrone.be\/product\/dji-fpv-intelligente-vluchtbatterij\/#breadcrumb"},"inLanguage":"de","potentialAction":[{"@type":"ReadAction","target":["https:\/\/koningdrone.be\/product\/dji-fpv-intelligente-vluchtbatterij\/"]}]},{"@type":"ImageObject","inLanguage":"de","@id":"https:\/\/koningdrone.be\/product\/dji-fpv-intelligente-vluchtbatterij\/#primaryimage","url":"https:\/\/koningdrone.be\/wp-content\/uploads\/sites\/13\/2025\/04\/50ab321e2b738d5d8e6d6cecad41717d@large.jpg","contentUrl":"https:\/\/koningdrone.be\/wp-content\/uploads\/sites\/13\/2025\/04\/50ab321e2b738d5d8e6d6cecad41717d@large.jpg","width":1200,"height":800},{"@type":"BreadcrumbList","@id":"https:\/\/koningdrone.be\/product\/dji-fpv-intelligente-vluchtbatterij\/#breadcrumb","itemListElement":[{"@type":"ListItem","position":1,"name":"Home","item":"https:\/\/koningdrone.be\/"},{"@type":"ListItem","position":2,"name":"AVSS Parachute Recovery System for DJI Matrice 300\/350","item":"https:\/\/koningdrone.be\/product\/avss-parachute-recovery-system-for-dji-matrice-300-350\/"},{"@type":"ListItem","position":3,"name":"Alle batterijen","item":"https:\/\/koningdrone.be\/categorie\/alle-batterijen\/"},{"@type":"ListItem","position":4,"name":"DJI FPV Intelligent Flight Battery"}]},{"@type":"WebSite","@id":"https:\/\/koningdrone.be\/#website","url":"https:\/\/koningdrone.be\/","name":"Koningdrone.be - Ihr Online-Spezialist f\u00fcr Drohnen, Gimbals, Kameras und Kraftwerke.","description":"Der Webshop f\u00fcr Drohnen und Gimbals","publisher":{"@id":"https:\/\/koningdrone.be\/#organization"},"potentialAction":[{"@type":"SearchAction","target":{"@type":"EntryPoint","urlTemplate":"https:\/\/koningdrone.be\/?s={search_term_string}"},"query-input":{"@type":"PropertyValueSpecification","valueRequired":true,"valueName":"search_term_string"}}],"inLanguage":"de"},{"@type":"Organization","@id":"https:\/\/koningdrone.be\/#organization","name":"Kingdrone.de","url":"https:\/\/koningdrone.be\/","logo":{"@type":"ImageObject","inLanguage":"de","@id":"https:\/\/koningdrone.be\/#\/schema\/logo\/image\/","url":"https:\/\/koningdrone.be\/wp-content\/uploads\/sites\/13\/2025\/04\/koningdrone-copyright-logo.svg","contentUrl":"https:\/\/koningdrone.be\/wp-content\/uploads\/sites\/13\/2025\/04\/koningdrone-copyright-logo.svg","width":227,"height":38,"caption":"Koningdrone.be"},"image":{"@id":"https:\/\/koningdrone.be\/#\/schema\/logo\/image\/"}}]}},"df_price":149,"df_sale_price":"","df_regular_price":149,"df_image_link":"https:\/\/koningdrone.be\/wp-content\/uploads\/sites\/13\/2025\/04\/50ab321e2b738d5d8e6d6cecad41717d@large-300x200.jpg","_links":{"self":[{"href":"https:\/\/koningdrone.be\/de\/wp-json\/wp\/v2\/product\/6781","targetHints":{"allow":["GET"]}}],"collection":[{"href":"https:\/\/koningdrone.be\/de\/wp-json\/wp\/v2\/product"}],"about":[{"href":"https:\/\/koningdrone.be\/de\/wp-json\/wp\/v2\/types\/product"}],"wp:featuredmedia":[{"embeddable":true,"href":"https:\/\/koningdrone.be\/de\/wp-json\/wp\/v2\/media\/6778"}],"wp:attachment":[{"href":"https:\/\/koningdrone.be\/de\/wp-json\/wp\/v2\/media?parent=6781"}],"wp:term":[{"taxonomy":"product_brand","embeddable":true,"href":"https:\/\/koningdrone.be\/de\/wp-json\/wp\/v2\/product_brand?post=6781"},{"taxonomy":"product_cat","embeddable":true,"href":"https:\/\/koningdrone.be\/de\/wp-json\/wp\/v2\/product_cat?post=6781"},{"taxonomy":"product_tag","embeddable":true,"href":"https:\/\/koningdrone.be\/de\/wp-json\/wp\/v2\/product_tag?post=6781"}],"curies":[{"name":"wp","href":"https:\/\/api.w.org\/{rel}","templated":true}]}}